{"id":730,"date":"2016-02-25T10:37:14","date_gmt":"2016-02-25T10:37:14","guid":{"rendered":"https:\/\/rotobed.com\/de\/?page_id=730"},"modified":"2020-05-01T10:20:18","modified_gmt":"2020-05-01T10:20:18","slug":"parkinson-bonnich-petersen","status":"publish","type":"page","link":"https:\/\/rotobed.com\/de\/parkinson-bonnich-petersen\/","title":{"rendered":"Bonnich Petersen-de"},"content":{"rendered":"<div style='height:50px' class='hr hr-invisible  '><span class='hr-inner ' ><span class='hr-inner-style'><\/span><\/span><\/div>\n<div class=\"flex_column av_three_fourth  flex_column_div av-zero-column-padding first  \" style='border-radius:0px; '><p><div class='avia-image-container  av-styling-    avia-align-center '  itemprop=\"ImageObject\" itemscope=\"itemscope\" itemtype=\"https:\/\/schema.org\/ImageObject\"  ><div class='avia-image-container-inner'><img class='avia_image ' src='https:\/\/rotobed.com\/de\/wp-content\/uploads\/2016\/02\/Bonnich-300x200.jpg' alt='RotoBed Parkinson' title='RotoBed Parkinson'   itemprop=\"thumbnailUrl\"  \/><\/div><\/div><br \/>\n<section class=\"av_textblock_section \"  itemscope=\"itemscope\" itemtype=\"https:\/\/schema.org\/CreativeWork\" ><div class='avia_textblock  '   itemprop=\"text\" ><h1><strong>Es ist eine enorme Entlastung auch f\u00fcr meine Frau<\/strong><\/h1>\n<h3>Parkinson: Bonnich Petersen, 77 Jahre alt, ist B\u00e4cker im Ruhestand. Er leidet an Parkinson und Arthritis. Er besitzt seit 15 Monaten ein RotoBed\u00ae.<\/h3>\n<p>Ich habe nun seit 12 Jahren Parkinson, aber es ist in den letzten Jahren immer schlimmer geworden. Ich habe Schwierigkeiten zu laufen, mein K\u00f6rper schmerzt und will mir nicht mehr so recht gehorchen.<\/p>\n<p>Ich hatte immer ein normales Bett, das man hochfahren konnte, aber dieses hier ist viel besser. Ich kann es mit gro\u00dfer Genauigkeit steuern, hier ein kleiner Schwenker vor, dort ein kleiner Schwenker zur\u00fcck \u2013 bis ich in der perfekten Position bin. Vorher war es eine Qual ins Bett zu kommen, und ich musste jede Nacht meine Frau wecken, damit sie mir half, wenn ich zur Toilette musste.<\/p>\n<p>Seit ich das RotoBed\u00ae habe, musste ich meine Frau kein einziges Mal nachts wecken. Es ist eine solche Erleichterung f\u00fcr uns beide. Es ist f\u00fcr mich sehr befriedigend, dass ich selbst zurechtkomme und nicht die ganze Zeit um Hilfe bitten muss. \u2013 Mein t\u00e4gliches Nickerchen ist auch kein Problem mehr. Ich gehe selbst ins Bett und stehe auch alleine wieder auf. So kann meine Frau das Haus tags\u00fcber jederzeit verlassen.<\/p>\n<\/div><\/section><\/p><\/div>\n<div class=\"flex_column av_one_fourth  flex_column_div av-zero-column-padding   \" style='border-radius:0px; '><p><div style='padding-bottom:10px;' class='av-special-heading av-special-heading-h1    '><h1 class='av-special-heading-tag '  itemprop=\"headline\"  > 9 F\u00e4lle mit RotoBed\u00ae <\/h1><div class='special-heading-border'><div class='special-heading-inner-border' ><\/div><\/div><\/div><br \/>\n<div style='height:50px' class='hr hr-invisible  '><span class='hr-inner ' ><span class='hr-inner-style'><\/span><\/span><\/div><br \/>\n<div class='avia-button-wrap avia-button-right '><a href='https:\/\/rotobed.com\/de\/rotobed-faelle\/' class='avia-button   avia-icon_select-no avia-color-theme-color avia-size-medium avia-position-right '   ><span class='avia_iconbox_title' >Sehen Sie hier die Liste<\/span><\/a><\/div><\/p><\/div>\n","protected":false},"excerpt":{"rendered":"","protected":false},"author":2,"featured_media":0,"parent":0,"menu_order":0,"comment_status":"closed","ping_status":"closed","template":"","meta":{"footnotes":""},"class_list":["post-730","page","type-page","status-publish","hentry"],"yoast_head":"<!-- This site is optimized with the Yoast SEO plugin v25.8 - https:\/\/yoast.com\/wordpress\/plugins\/seo\/ -->\n<title>Parkinson - RotoBed - pflegebett - rotationsbett - Weniger Schmerzen<\/title>\n<meta name=\"description\" content=\"Leiden Sie an Parkinson? Das preisgekr\u00f6nte RotoBed Pflegebett hilft Ihnen in weniger als einer Minute aus dem Bett. Mobilit\u00e4t, Freiheit und W\u00fcrde.\" \/>\n<meta name=\"robots\" content=\"index, follow, max-snippet:-1, max-image-preview:large, max-video-preview:-1\" \/>\n<link rel=\"canonical\" href=\"https:\/\/rotobed.com\/de\/parkinson-bonnich-petersen\/\" \/>\n<meta property=\"og:locale\" content=\"en_GB\" \/>\n<meta property=\"og:type\" content=\"article\" \/>\n<meta property=\"og:title\" content=\"Parkinson - RotoBed - pflegebett - rotationsbett - Weniger Schmerzen\" \/>\n<meta property=\"og:description\" content=\"Leiden Sie an Parkinson? Das preisgekr\u00f6nte RotoBed Pflegebett hilft Ihnen in weniger als einer Minute aus dem Bett. Mobilit\u00e4t, Freiheit und W\u00fcrde.\" \/>\n<meta property=\"og:url\" content=\"https:\/\/rotobed.com\/de\/parkinson-bonnich-petersen\/\" \/>\n<meta property=\"og:site_name\" content=\"RotoBed\" \/>\n<meta property=\"article:modified_time\" content=\"2020-05-01T10:20:18+00:00\" \/>\n<meta name=\"twitter:card\" content=\"summary_large_image\" \/>\n<meta name=\"twitter:label1\" content=\"Estimated reading time\" \/>\n\t<meta name=\"twitter:data1\" content=\"3 minutes\" \/>\n<script type=\"application\/ld+json\" class=\"yoast-schema-graph\">{\"@context\":\"https:\/\/schema.org\",\"@graph\":[{\"@type\":\"WebPage\",\"@id\":\"https:\/\/rotobed.com\/de\/parkinson-bonnich-petersen\/\",\"url\":\"https:\/\/rotobed.com\/de\/parkinson-bonnich-petersen\/\",\"name\":\"Parkinson - RotoBed - pflegebett - rotationsbett - Weniger Schmerzen\",\"isPartOf\":{\"@id\":\"https:\/\/rotobed.com\/de\/#website\"},\"datePublished\":\"2016-02-25T10:37:14+00:00\",\"dateModified\":\"2020-05-01T10:20:18+00:00\",\"description\":\"Leiden Sie an Parkinson? Das preisgekr\u00f6nte RotoBed Pflegebett hilft Ihnen in weniger als einer Minute aus dem Bett. Mobilit\u00e4t, Freiheit und W\u00fcrde.\",\"breadcrumb\":{\"@id\":\"https:\/\/rotobed.com\/de\/parkinson-bonnich-petersen\/#breadcrumb\"},\"inLanguage\":\"en-GB\",\"potentialAction\":[{\"@type\":\"ReadAction\",\"target\":[\"https:\/\/rotobed.com\/de\/parkinson-bonnich-petersen\/\"]}]},{\"@type\":\"BreadcrumbList\",\"@id\":\"https:\/\/rotobed.com\/de\/parkinson-bonnich-petersen\/#breadcrumb\",\"itemListElement\":[{\"@type\":\"ListItem\",\"position\":1,\"name\":\"Hjem\",\"item\":\"https:\/\/rotobed.com\/de\/\"},{\"@type\":\"ListItem\",\"position\":2,\"name\":\"Bonnich Petersen-de\"}]},{\"@type\":\"WebSite\",\"@id\":\"https:\/\/rotobed.com\/de\/#website\",\"url\":\"https:\/\/rotobed.com\/de\/\",\"name\":\"RotoBed\",\"description\":\"\",\"potentialAction\":[{\"@type\":\"SearchAction\",\"target\":{\"@type\":\"EntryPoint\",\"urlTemplate\":\"https:\/\/rotobed.com\/de\/?s={search_term_string}\"},\"query-input\":{\"@type\":\"PropertyValueSpecification\",\"valueRequired\":true,\"valueName\":\"search_term_string\"}}],\"inLanguage\":\"en-GB\"}]}<\/script>\n<!-- \/ Yoast SEO plugin. -->","yoast_head_json":{"title":"Parkinson - RotoBed - pflegebett - rotationsbett - Weniger Schmerzen","description":"Leiden Sie an Parkinson? Das preisgekr\u00f6nte RotoBed Pflegebett hilft Ihnen in weniger als einer Minute aus dem Bett. Mobilit\u00e4t, Freiheit und W\u00fcrde.","robots":{"index":"index","follow":"follow","max-snippet":"max-snippet:-1","max-image-preview":"max-image-preview:large","max-video-preview":"max-video-preview:-1"},"canonical":"https:\/\/rotobed.com\/de\/parkinson-bonnich-petersen\/","og_locale":"en_GB","og_type":"article","og_title":"Parkinson - RotoBed - pflegebett - rotationsbett - Weniger Schmerzen","og_description":"Leiden Sie an Parkinson? Das preisgekr\u00f6nte RotoBed Pflegebett hilft Ihnen in weniger als einer Minute aus dem Bett. Mobilit\u00e4t, Freiheit und W\u00fcrde.","og_url":"https:\/\/rotobed.com\/de\/parkinson-bonnich-petersen\/","og_site_name":"RotoBed","article_modified_time":"2020-05-01T10:20:18+00:00","twitter_card":"summary_large_image","twitter_misc":{"Estimated reading time":"3 minutes"},"schema":{"@context":"https:\/\/schema.org","@graph":[{"@type":"WebPage","@id":"https:\/\/rotobed.com\/de\/parkinson-bonnich-petersen\/","url":"https:\/\/rotobed.com\/de\/parkinson-bonnich-petersen\/","name":"Parkinson - RotoBed - pflegebett - rotationsbett - Weniger Schmerzen","isPartOf":{"@id":"https:\/\/rotobed.com\/de\/#website"},"datePublished":"2016-02-25T10:37:14+00:00","dateModified":"2020-05-01T10:20:18+00:00","description":"Leiden Sie an Parkinson? Das preisgekr\u00f6nte RotoBed Pflegebett hilft Ihnen in weniger als einer Minute aus dem Bett. Mobilit\u00e4t, Freiheit und W\u00fcrde.","breadcrumb":{"@id":"https:\/\/rotobed.com\/de\/parkinson-bonnich-petersen\/#breadcrumb"},"inLanguage":"en-GB","potentialAction":[{"@type":"ReadAction","target":["https:\/\/rotobed.com\/de\/parkinson-bonnich-petersen\/"]}]},{"@type":"BreadcrumbList","@id":"https:\/\/rotobed.com\/de\/parkinson-bonnich-petersen\/#breadcrumb","itemListElement":[{"@type":"ListItem","position":1,"name":"Hjem","item":"https:\/\/rotobed.com\/de\/"},{"@type":"ListItem","position":2,"name":"Bonnich Petersen-de"}]},{"@type":"WebSite","@id":"https:\/\/rotobed.com\/de\/#website","url":"https:\/\/rotobed.com\/de\/","name":"RotoBed","description":"","potentialAction":[{"@type":"SearchAction","target":{"@type":"EntryPoint","urlTemplate":"https:\/\/rotobed.com\/de\/?s={search_term_string}"},"query-input":{"@type":"PropertyValueSpecification","valueRequired":true,"valueName":"search_term_string"}}],"inLanguage":"en-GB"}]}},"_links":{"self":[{"href":"https:\/\/rotobed.com\/de\/wp-json\/wp\/v2\/pages\/730","targetHints":{"allow":["GET"]}}],"collection":[{"href":"https:\/\/rotobed.com\/de\/wp-json\/wp\/v2\/pages"}],"about":[{"href":"https:\/\/rotobed.com\/de\/wp-json\/wp\/v2\/types\/page"}],"author":[{"embeddable":true,"href":"https:\/\/rotobed.com\/de\/wp-json\/wp\/v2\/users\/2"}],"replies":[{"embeddable":true,"href":"https:\/\/rotobed.com\/de\/wp-json\/wp\/v2\/comments?post=730"}],"version-history":[{"count":12,"href":"https:\/\/rotobed.com\/de\/wp-json\/wp\/v2\/pages\/730\/revisions"}],"predecessor-version":[{"id":7121,"href":"https:\/\/rotobed.com\/de\/wp-json\/wp\/v2\/pages\/730\/revisions\/7121"}],"wp:attachment":[{"href":"https:\/\/rotobed.com\/de\/wp-json\/wp\/v2\/media?parent=730"}],"curies":[{"name":"wp","href":"https:\/\/api.w.org\/{rel}","templated":true}]}}