{"id":779,"date":"2016-02-25T12:58:24","date_gmt":"2016-02-25T12:58:24","guid":{"rendered":"https:\/\/rotobed.com\/de\/?page_id=779"},"modified":"2020-05-01T10:21:22","modified_gmt":"2020-05-01T10:21:22","slug":"lymphoedemen-esther-soegaard","status":"publish","type":"page","link":"https:\/\/rotobed.com\/de\/lymphoedemen-esther-soegaard\/","title":{"rendered":"Esther Soegaard de"},"content":{"rendered":"<div style='height:50px' class='hr hr-invisible  '><span class='hr-inner ' ><span class='hr-inner-style'><\/span><\/span><\/div>\n<div class=\"flex_column av_three_fourth  flex_column_div av-zero-column-padding first  \" style='border-radius:0px; '><p><div class='avia-image-container  av-styling-    avia-align-center '  itemprop=\"ImageObject\" itemscope=\"itemscope\" itemtype=\"https:\/\/schema.org\/ImageObject\"  ><div class='avia-image-container-inner'><img class='avia_image ' src='https:\/\/rotobed.com\/de\/wp-content\/uploads\/2016\/02\/Ester-300x200.jpg' alt='Lymph\u00f6demen RotoBed' title='Ester'   itemprop=\"thumbnailUrl\"  \/><\/div><\/div><br \/>\n<section class=\"av_textblock_section \"  itemscope=\"itemscope\" itemtype=\"https:\/\/schema.org\/CreativeWork\" ><div class='avia_textblock  '   itemprop=\"text\" ><h1>Ich habe meine Selbst\u00e4ndigkeit zur\u00fcckbekommen<\/h1>\n<h3>Lymph\u00f6demen: Esther Soegaard, 77 Jahre alt. Sie leidet an Lymph\u00f6demen und kann ihre Beine nicht heben. Sie bekam vor drei Jahren ein RotoBed\u00ae.<\/h3>\n<p>Viele Jahre lang war mein Leben vom Zeitplan der Pflegekr\u00e4fte bestimmt. Meine Beine sind so geschwollen, dass der Umfang meiner Knie 92 Zentimeter betr\u00e4gt und ich meine Beine nicht selbst zur\u00fcck ins Bett heben kann.<\/p>\n<p>Bevor ich einen RotoBed\u00ae genehmigt bekam, kam bis zu sechs Mal t\u00e4glich eine ambulante Pflegekraft zu mir nach Hause. Ihr Zeitplan gab ihnen vor, dass sie mir um 12:30 Uhr ins Bett halfen, was bedeutete, dass ich mein Mittagessen vorher beendet haben musste.<\/p>\n<p>Abends wurde ich zwischen 21:30 Uhr und 22:30 Uhr ins Bett gebracht \u2013 abh\u00e4ngig davon, was im Stadtbezirk anstand. Es war frustrierend nicht alleine ins Bett gehen zu k\u00f6nnen, wann ich wollte und noch schlimmer, wenn ich G\u00e4ste hatte. Sie mussten immer gehen bevor die Helfer kamen, ganz egal, ob wir gerade eine sch\u00f6ne Zeit hatten oder ich beim Kartenspiel ein gutes Blatt hatte. Wenn ich nachts mal auf die Toilette musste, sa\u00df ich oft da und wartete auf die Pfleger, damit sie mich zur\u00fcck ins Bett brachten. Das Ergebnis war eine wirklich schlechte Schlafqualit\u00e4t.<\/p>\n<p>Als ich den RotoBed\u00ae bekam, konnte ich pl\u00f6tzlich ohne Hilfe ins Bett gehen. Ich h\u00f6rte mit meinem t\u00e4glichen Nickerchen auf, weil ich nachts viel besser schlief, und die ambulante Pflege kommt nur noch zweimal am Tag. Ich esse jetzt, wenn ich Hunger habe und nicht, weil die Pfleger bald kommen.<\/p>\n<p>Das Roto Bett hat mir eine gro\u00dfartige Lebensqualit\u00e4t verschafft. Ich selbst habe die Kontrolle \u00fcber mein Leben, und nicht der Zeitplan der Pflegekr\u00e4fte oder der Gemeinde. Und wenn ich mal nachrechne, was dieses Bett der Gemeinde an Pflegeaufwand spart, sch\u00e4tze ich, dass alle zufrieden sind.<\/p>\n<\/div><\/section><\/p><\/div>\n<div class=\"flex_column av_one_fourth  flex_column_div av-zero-column-padding   \" style='border-radius:0px; '><p><div style='padding-bottom:10px;' class='av-special-heading av-special-heading-h1    '><h1 class='av-special-heading-tag '  itemprop=\"headline\"  > 9 F\u00e4lle mit RotoBed\u00ae <\/h1><div class='special-heading-border'><div class='special-heading-inner-border' ><\/div><\/div><\/div><br \/>\n<div style='height:50px' class='hr hr-invisible  '><span class='hr-inner ' ><span class='hr-inner-style'><\/span><\/span><\/div><br \/>\n<div class='avia-button-wrap avia-button-right '><a href='https:\/\/rotobed.com\/de\/rotobed-faelle\/' class='avia-button   avia-icon_select-no avia-color-theme-color avia-size-medium avia-position-right '   ><span class='avia_iconbox_title' >Sehen Sie hier die Liste<\/span><\/a><\/div><\/p><\/div>\n","protected":false},"excerpt":{"rendered":"","protected":false},"author":2,"featured_media":0,"parent":0,"menu_order":0,"comment_status":"closed","ping_status":"closed","template":"","meta":{"footnotes":""},"class_list":["post-779","page","type-page","status-publish","hentry"],"yoast_head":"<!-- This site is optimized with the Yoast SEO plugin v25.8 - https:\/\/yoast.com\/wordpress\/plugins\/seo\/ -->\n<title>Lymph\u00f6demen - RotoBed - Pflegebett - besser schlafen<\/title>\n<meta name=\"description\" content=\"Lymph\u00f6demen k\u00f6nnen schmerzhaft sein und das Ein- und Aussteigen erschweren. Mit RotoBed werden Sie in weniger als einer Minute sanft ins Bett gebracht.\" \/>\n<meta name=\"robots\" content=\"index, follow, max-snippet:-1, max-image-preview:large, max-video-preview:-1\" \/>\n<link rel=\"canonical\" href=\"https:\/\/rotobed.com\/de\/lymphoedemen-esther-soegaard\/\" \/>\n<meta property=\"og:locale\" content=\"en_GB\" \/>\n<meta property=\"og:type\" content=\"article\" \/>\n<meta property=\"og:title\" content=\"Lymph\u00f6demen - RotoBed - Pflegebett - besser schlafen\" \/>\n<meta property=\"og:description\" content=\"Lymph\u00f6demen k\u00f6nnen schmerzhaft sein und das Ein- und Aussteigen erschweren. Mit RotoBed werden Sie in weniger als einer Minute sanft ins Bett gebracht.\" \/>\n<meta property=\"og:url\" content=\"https:\/\/rotobed.com\/de\/lymphoedemen-esther-soegaard\/\" \/>\n<meta property=\"og:site_name\" content=\"RotoBed\" \/>\n<meta property=\"article:modified_time\" content=\"2020-05-01T10:21:22+00:00\" \/>\n<meta name=\"twitter:card\" content=\"summary_large_image\" \/>\n<meta name=\"twitter:label1\" content=\"Estimated reading time\" \/>\n\t<meta name=\"twitter:data1\" content=\"3 minutes\" \/>\n<script type=\"application\/ld+json\" class=\"yoast-schema-graph\">{\"@context\":\"https:\/\/schema.org\",\"@graph\":[{\"@type\":\"WebPage\",\"@id\":\"https:\/\/rotobed.com\/de\/lymphoedemen-esther-soegaard\/\",\"url\":\"https:\/\/rotobed.com\/de\/lymphoedemen-esther-soegaard\/\",\"name\":\"Lymph\u00f6demen - RotoBed - Pflegebett - besser schlafen\",\"isPartOf\":{\"@id\":\"https:\/\/rotobed.com\/de\/#website\"},\"datePublished\":\"2016-02-25T12:58:24+00:00\",\"dateModified\":\"2020-05-01T10:21:22+00:00\",\"description\":\"Lymph\u00f6demen k\u00f6nnen schmerzhaft sein und das Ein- und Aussteigen erschweren. Mit RotoBed werden Sie in weniger als einer Minute sanft ins Bett gebracht.\",\"breadcrumb\":{\"@id\":\"https:\/\/rotobed.com\/de\/lymphoedemen-esther-soegaard\/#breadcrumb\"},\"inLanguage\":\"en-GB\",\"potentialAction\":[{\"@type\":\"ReadAction\",\"target\":[\"https:\/\/rotobed.com\/de\/lymphoedemen-esther-soegaard\/\"]}]},{\"@type\":\"BreadcrumbList\",\"@id\":\"https:\/\/rotobed.com\/de\/lymphoedemen-esther-soegaard\/#breadcrumb\",\"itemListElement\":[{\"@type\":\"ListItem\",\"position\":1,\"name\":\"Hjem\",\"item\":\"https:\/\/rotobed.com\/de\/\"},{\"@type\":\"ListItem\",\"position\":2,\"name\":\"Esther Soegaard de\"}]},{\"@type\":\"WebSite\",\"@id\":\"https:\/\/rotobed.com\/de\/#website\",\"url\":\"https:\/\/rotobed.com\/de\/\",\"name\":\"RotoBed\",\"description\":\"\",\"potentialAction\":[{\"@type\":\"SearchAction\",\"target\":{\"@type\":\"EntryPoint\",\"urlTemplate\":\"https:\/\/rotobed.com\/de\/?s={search_term_string}\"},\"query-input\":{\"@type\":\"PropertyValueSpecification\",\"valueRequired\":true,\"valueName\":\"search_term_string\"}}],\"inLanguage\":\"en-GB\"}]}<\/script>\n<!-- \/ Yoast SEO plugin. -->","yoast_head_json":{"title":"Lymph\u00f6demen - RotoBed - Pflegebett - besser schlafen","description":"Lymph\u00f6demen k\u00f6nnen schmerzhaft sein und das Ein- und Aussteigen erschweren. Mit RotoBed werden Sie in weniger als einer Minute sanft ins Bett gebracht.","robots":{"index":"index","follow":"follow","max-snippet":"max-snippet:-1","max-image-preview":"max-image-preview:large","max-video-preview":"max-video-preview:-1"},"canonical":"https:\/\/rotobed.com\/de\/lymphoedemen-esther-soegaard\/","og_locale":"en_GB","og_type":"article","og_title":"Lymph\u00f6demen - RotoBed - Pflegebett - besser schlafen","og_description":"Lymph\u00f6demen k\u00f6nnen schmerzhaft sein und das Ein- und Aussteigen erschweren. Mit RotoBed werden Sie in weniger als einer Minute sanft ins Bett gebracht.","og_url":"https:\/\/rotobed.com\/de\/lymphoedemen-esther-soegaard\/","og_site_name":"RotoBed","article_modified_time":"2020-05-01T10:21:22+00:00","twitter_card":"summary_large_image","twitter_misc":{"Estimated reading time":"3 minutes"},"schema":{"@context":"https:\/\/schema.org","@graph":[{"@type":"WebPage","@id":"https:\/\/rotobed.com\/de\/lymphoedemen-esther-soegaard\/","url":"https:\/\/rotobed.com\/de\/lymphoedemen-esther-soegaard\/","name":"Lymph\u00f6demen - RotoBed - Pflegebett - besser schlafen","isPartOf":{"@id":"https:\/\/rotobed.com\/de\/#website"},"datePublished":"2016-02-25T12:58:24+00:00","dateModified":"2020-05-01T10:21:22+00:00","description":"Lymph\u00f6demen k\u00f6nnen schmerzhaft sein und das Ein- und Aussteigen erschweren. Mit RotoBed werden Sie in weniger als einer Minute sanft ins Bett gebracht.","breadcrumb":{"@id":"https:\/\/rotobed.com\/de\/lymphoedemen-esther-soegaard\/#breadcrumb"},"inLanguage":"en-GB","potentialAction":[{"@type":"ReadAction","target":["https:\/\/rotobed.com\/de\/lymphoedemen-esther-soegaard\/"]}]},{"@type":"BreadcrumbList","@id":"https:\/\/rotobed.com\/de\/lymphoedemen-esther-soegaard\/#breadcrumb","itemListElement":[{"@type":"ListItem","position":1,"name":"Hjem","item":"https:\/\/rotobed.com\/de\/"},{"@type":"ListItem","position":2,"name":"Esther Soegaard de"}]},{"@type":"WebSite","@id":"https:\/\/rotobed.com\/de\/#website","url":"https:\/\/rotobed.com\/de\/","name":"RotoBed","description":"","potentialAction":[{"@type":"SearchAction","target":{"@type":"EntryPoint","urlTemplate":"https:\/\/rotobed.com\/de\/?s={search_term_string}"},"query-input":{"@type":"PropertyValueSpecification","valueRequired":true,"valueName":"search_term_string"}}],"inLanguage":"en-GB"}]}},"_links":{"self":[{"href":"https:\/\/rotobed.com\/de\/wp-json\/wp\/v2\/pages\/779","targetHints":{"allow":["GET"]}}],"collection":[{"href":"https:\/\/rotobed.com\/de\/wp-json\/wp\/v2\/pages"}],"about":[{"href":"https:\/\/rotobed.com\/de\/wp-json\/wp\/v2\/types\/page"}],"author":[{"embeddable":true,"href":"https:\/\/rotobed.com\/de\/wp-json\/wp\/v2\/users\/2"}],"replies":[{"embeddable":true,"href":"https:\/\/rotobed.com\/de\/wp-json\/wp\/v2\/comments?post=779"}],"version-history":[{"count":9,"href":"https:\/\/rotobed.com\/de\/wp-json\/wp\/v2\/pages\/779\/revisions"}],"predecessor-version":[{"id":7769,"href":"https:\/\/rotobed.com\/de\/wp-json\/wp\/v2\/pages\/779\/revisions\/7769"}],"wp:attachment":[{"href":"https:\/\/rotobed.com\/de\/wp-json\/wp\/v2\/media?parent=779"}],"curies":[{"name":"wp","href":"https:\/\/api.w.org\/{rel}","templated":true}]}}