{"id":147,"date":"2015-11-30T10:26:23","date_gmt":"2015-11-30T10:26:23","guid":{"rendered":"https:\/\/rotobed.com\/dk\/?page_id=147"},"modified":"2021-03-19T09:09:47","modified_gmt":"2021-03-19T09:09:47","slug":"seng-til-als","status":"publish","type":"page","link":"https:\/\/rotobed.com\/dk\/seng-til-als\/","title":{"rendered":"Jan R\u00f8nhoff"},"content":{"rendered":"<\/div><\/div><\/div><!-- close content main div --><\/div><\/div><div id='av-layout-grid-1' class='av-layout-grid-container entry-content-wrapper main_color av-flex-cells   av-border-cells container_wrap fullsize'   >\n<div class=\"flex_cell no_margin av_two_third   \" style='vertical-align:top; padding:30px; '><div class='flex_cell_inner' ><p><div style='height:20px' class='hr hr-invisible  '><span class='hr-inner ' ><span class='hr-inner-style'><\/span><\/span><\/div><br \/>\n<section class=\"av_textblock_section \"  itemscope=\"itemscope\" itemtype=\"https:\/\/schema.org\/CreativeWork\" ><div class='avia_textblock  '   itemprop=\"text\" ><h1>Seng til ALS:<\/h1>\n<h1>&#8220;Nu har jeg igen lyst til at st\u00e5 op&#8221;<\/h1>\n<\/div><\/section><br \/>\n<div style='height:30px' class='hr hr-invisible  '><span class='hr-inner ' ><span class='hr-inner-style'><\/span><\/span><\/div><br \/>\n<div class='avia-image-container  av-styling-    avia-align-center '  itemprop=\"ImageObject\" itemscope=\"itemscope\" itemtype=\"https:\/\/schema.org\/ImageObject\"  ><div class='avia-image-container-inner'><img class='avia_image ' src='https:\/\/rotobed.com\/dk\/wp-content\/uploads\/2015\/09\/Jan-1-1030x687.jpg' alt='RotoBed\u00ae seng til ALS' title='RotoBed\u00ae ALS'   itemprop=\"thumbnailUrl\"  \/><\/div><\/div><br \/>\n<section class=\"av_textblock_section \"  itemscope=\"itemscope\" itemtype=\"https:\/\/schema.org\/CreativeWork\" ><div class='avia_textblock  '   itemprop=\"text\" ><h3>Jan R\u00f8nhoff fik konstateret nervesygdommen ALS, da han var bare 48 \u00e5r. Efter et \u00e5r flyttede han i egen plejebolig og fik samtidig en RotoBed\u00ae.<\/h3>\n<p>Jeg har l\u00f8bet, cyklet og v\u00e6ret landmand i mange \u00e5r. Nu kan jeg kun st\u00e5 op i f\u00e5 sekunder uden st\u00f8tte.<\/p>\n<p>Jeg pr\u00f8ver at fokusere p\u00e5 de positive ting og oplevelser i stedet for at bruge kr\u00e6fterne p\u00e5 noget negativt, og der har sengen v\u00e6ret et utroligt stort plus. Med ALS ved man, at det kun bliver v\u00e6rre, og hvis jeg t\u00e6nker negativt og er frustreret, s\u00e5 eskalerer sygdommen.<\/p>\n<p><strong>Jeg brugte s\u00e5 mange kr\u00e6fter<\/strong><\/p>\n<p>F\u00f8r jeg fik sengen, var det blevet en kamp at st\u00e5 op og komme i seng; jeg brugte s\u00e5 mange kr\u00e6fter p\u00e5 det og blev tit frustreret. Nu er det legende let og s\u00e5 behageligt, at jeg n\u00e6sten kan sove imens. S\u00e5dan et hj\u00e6lpemiddel g\u00f8r, at man kan overskue at komme ud af sengen og har lyst til at st\u00e5 op.<\/p>\n<p>Sengen er ogs\u00e5 p\u00e6n. En normal hospitalsseng er s\u00e5 kold, som noget kan v\u00e6re, men n\u00e5r denne her er k\u00f8rt ned, s\u00e5 ligner den en ganske almindelig seng. Det har stor betydning for mig ikke mindst i forhold til min 11-\u00e5rige datter, som af og til sover hjemme hos mig. N\u00e5r far render ind i s\u00e5dan en sygdom, er der mange ting, der skal accepteres. Jeg skal nok komme dertil, hvor det hele kommer til at ligne et hospital, men det beh\u00f8ver ikke v\u00e6re endnu. Det er vigtigt for mig, at min datter ogs\u00e5 kan f\u00f8lge med.<\/p>\n<p><strong>Jeg f\u00e5r meget mindre hj\u00e6lp<\/strong><\/p>\n<p>Den psykiske virkning ved friheden til at klare sig selv er stor. Kommunen sparer ogs\u00e5 penge, for uden sengen skulle jeg have hj\u00e6lp mindst fire gange i d\u00f8gnet. Nu har jeg en times reng\u00f8ring hver 14. dag.<\/p>\n<p><em>Note: Jan R\u00f8nhoff er desv\u00e6rre afg\u00e5et ved d\u00f8den som f\u00f8lge af sin sygdom. RotoBed\u00ae er ham taknemmelig for at tage sig tid og kr\u00e6fter til at dele sine erfaringer med drejesengen. Jan R\u00f8nhoff gjorde stort indtryk takket v\u00e6re sin imponerende livsvilje og positive attitude trods sygdom og smerter. Det er med tilladelse fra Jan R\u00f8nhoffs efterladte hustru, at vi bringer Jan&#8217;s beretning.<\/em><\/p>\n<\/div><\/section><br \/>\n<div style=' margin-top:10px; margin-bottom:30px;'  class='hr hr-custom hr-center hr-icon-no  '><span class='hr-inner   inner-border-av-border-thin' style=' width:100%;' ><span class='hr-inner-style'><\/span><\/span><\/div><br \/>\n<div class=\"flex_column av_one_half  flex_column_div av-zero-column-padding first  \" style='border-radius:0px; '><div class='avia-image-container  av-styling-    avia-align-center '  itemprop=\"ImageObject\" itemscope=\"itemscope\" itemtype=\"https:\/\/schema.org\/ImageObject\"  ><div class='avia-image-container-inner'><a href='https:\/\/rotobed.com\/dk\/seng-med-drejefunktion\/' class='avia_image'  ><img class='avia_image ' src='https:\/\/rotobed.com\/dk\/wp-content\/uploads\/2015\/09\/Helle-Pedersen-1030x687.jpg' alt='seng til sclerose rotobed plejeseng' title='Helle'  itemprop=\"thumbnailUrl\"  \/><\/a><\/div><\/div><\/div><div class=\"flex_column av_one_half  flex_column_div av-zero-column-padding   \" style='border-radius:0px; '><p><div style='height:50px' class='hr hr-invisible  '><span class='hr-inner ' ><span class='hr-inner-style'><\/span><\/span><\/div><br \/>\n<section class=\"av_textblock_section \"  itemscope=\"itemscope\" itemtype=\"https:\/\/schema.org\/CreativeWork\" ><div class='avia_textblock  '   itemprop=\"text\" ><h3>Hvem kan have gavn af en RotoBed\u00ae? L\u00e6s hvad andre brugere og deres p\u00e5r\u00f8rende siger om deres erfaringer.<\/h3>\n<\/div><\/section><br \/>\n<div style='height:50px' class='hr hr-invisible  '><span class='hr-inner ' ><span class='hr-inner-style'><\/span><\/span><\/div><br \/>\n<div class='avia-button-wrap avia-button-left '><a href='https:\/\/rotobed.com\/dk\/seng-med-drejefunktion\/' class='avia-button   avia-icon_select-no avia-color-theme-color avia-size-x-large avia-position-left '   ><span class='avia_iconbox_title' >Vis mig alle RotoBed\u00ae referencer<\/span><\/a><\/div><\/p><\/div><\/p>\n<\/div><\/div><div class=\"flex_cell no_margin av_one_third   \" style='vertical-align:top; padding:30px; '><div class='flex_cell_inner' ><p><div class='avia-image-container  av-styling-    avia-align-center '  itemprop=\"ImageObject\" itemscope=\"itemscope\" itemtype=\"https:\/\/schema.org\/ImageObject\"  ><div class='avia-image-container-inner'><img class='avia_image ' src='https:\/\/rotobed.com\/dk\/wp-content\/uploads\/2021\/03\/ALS-grafik-til-ALS-cases-dansk-687x1030.png' alt='seng til ALS plejeseng rotobed' title='ALS grafik'   itemprop=\"thumbnailUrl\"  \/><\/div><\/div><br \/>\n<section class=\"av_textblock_section \"  itemscope=\"itemscope\" itemtype=\"https:\/\/schema.org\/CreativeWork\" ><div class='avia_textblock  '  style='font-size:28px; '  itemprop=\"text\" ><p><strong>Hvad er ALS &#8211; og hvordan kan en RotoBed\u00ae hj\u00e6lpe?<\/strong><\/p>\n<\/div><\/section><br \/>\n<section class=\"av_textblock_section \"  itemscope=\"itemscope\" itemtype=\"https:\/\/schema.org\/CreativeWork\" ><div class='avia_textblock  '   itemprop=\"text\" ><p>ALS, eller amyotrofisk lateral sklerose, er en gruppe af sj\u00e6ldne neurologiske sygdomme, der p\u00e5virker de motoriske nerveceller i hjernen, hjernestammen og rygmarven.De \u00f8vre motoriske nerver kommer fra hjernen og hjernestammen, og de nedre motoriske nerver kommer fra rygmarven.<\/p>\n<p>De \u00f8vre motoriske nerver giver signaler til de nedre motoriske nerver, som igen giver signaler til de af kroppens muskler, som er styret af viljen &#8211; i mave og ryg, hals og nakke, arme og ben samt de muskler, vi bruger til at tale, tygge, synke og tr\u00e6kke vejret. Ved ALS d\u00f8r s\u00e5vel de \u00f8vre som de nedre motoriske nerver over tid. N\u00e5r musklerne ikke f\u00e5r signaler fra nervecellerne, svinder de ind og bliver svage.<\/p>\n<p>Der er ingen kur mod ALS endnu. De fleste af ALS-tilf\u00e6lde (ansl\u00e5et 90 procent) opst\u00e5r uden kendt \u00e5rsag, mens 5-10 procent er genetisk betingede. Sygdommen udvikler sig normalt i alderen 55 til 75 \u00e5r, og m\u00e6nd er lidt mere tilb\u00f8jelige til at blive ramt af ALS end kvinder. I Danmark er der omkring 400 personer, som er ramt af ALS, og der konstateres cirka 150 nye tilf\u00e6lde hvert \u00e5r. (kilder: <a href=\"https:\/\/www.sundhed.dk\/borger\/patienthaandbogen\/hjerne-og-nerver\/sygdomme\/oevrige-sygdomme\/amyotrofisk-lateralsklerose-als\/\">Sundhed.dk<\/a>, <a href=\"https:\/\/www.ninds.nih.gov\/disorders\/Patient-Caregiver-Education\/Fact-Sheets\/Amyotrophic-Lateral-Sclerosis-ALS-Fact-Sheet\">National Institute of Neurological Disorders and Stroke<\/a>, <a href=\"https:\/\/rcfm.dk\/diagnose\/amyotrofisk-lateral-sclerose\/\">Rehabiliteringscenter for Muskelsvind<\/a>).<\/p>\n<p><strong>Hvordan kan en RotoBed\u00ae hj\u00e6lpe?<\/strong><\/p>\n<p>Symptomerne p\u00e5 ALS er blandt andre ufrivillige muskelsammentr\u00e6kninger, muskelkramper, stramme\/stive muskler og svage muskler. Alle disse symptomer kan g\u00f8re det smertefuldt, sv\u00e6rt eller endda umuligt at komme ud af sengen uden hj\u00e6lp.<\/p>\n<p>Med blot et enkelt tryk p\u00e5 en knap kan RotoBed\u00ae rotere brugeren til udstigningsposition. Dette minimerer anstrengelserne ved at komme ind eller ud af sengen. Med en j\u00e6vn bev\u00e6gelse roterer sengen forsigtigt brugeren fra liggende til siddende stilling p\u00e5 under et minut.<\/p>\n<\/div><\/section><\/p>\n<\/div><\/div><\/div>\n","protected":false},"excerpt":{"rendered":"","protected":false},"author":1,"featured_media":0,"parent":0,"menu_order":0,"comment_status":"closed","ping_status":"closed","template":"","meta":[],"_links":{"self":[{"href":"https:\/\/rotobed.com\/dk\/wp-json\/wp\/v2\/pages\/147"}],"collection":[{"href":"https:\/\/rotobed.com\/dk\/wp-json\/wp\/v2\/pages"}],"about":[{"href":"https:\/\/rotobed.com\/dk\/wp-json\/wp\/v2\/types\/page"}],"author":[{"embeddable":true,"href":"https:\/\/rotobed.com\/dk\/wp-json\/wp\/v2\/users\/1"}],"replies":[{"embeddable":true,"href":"https:\/\/rotobed.com\/dk\/wp-json\/wp\/v2\/comments?post=147"}],"version-history":[{"count":22,"href":"https:\/\/rotobed.com\/dk\/wp-json\/wp\/v2\/pages\/147\/revisions"}],"predecessor-version":[{"id":7354,"href":"https:\/\/rotobed.com\/dk\/wp-json\/wp\/v2\/pages\/147\/revisions\/7354"}],"wp:attachment":[{"href":"https:\/\/rotobed.com\/dk\/wp-json\/wp\/v2\/media?parent=147"}],"curies":[{"name":"wp","href":"https:\/\/api.w.org\/{rel}","templated":true}]}}