{"id":160,"date":"2015-11-30T10:38:48","date_gmt":"2015-11-30T10:38:48","guid":{"rendered":"https:\/\/rotobed.com\/dk\/?page_id=160"},"modified":"2021-03-12T10:21:35","modified_gmt":"2021-03-12T10:21:35","slug":"undgaa-tryksaar","status":"publish","type":"page","link":"https:\/\/rotobed.com\/dk\/undgaa-tryksaar\/","title":{"rendered":"Lisbeth Buhl"},"content":{"rendered":"<\/div><\/div><\/div><!-- close content main div --><\/div><\/div><div id='av-layout-grid-1' class='av-layout-grid-container entry-content-wrapper main_color av-flex-cells   av-border-cells container_wrap fullsize'   >\n<div class=\"flex_cell no_margin av_two_third   \" style='vertical-align:top; padding:30px; '><div class='flex_cell_inner' ><section class=\"av_textblock_section \"  itemscope=\"itemscope\" itemtype=\"https:\/\/schema.org\/CreativeWork\" ><div class='avia_textblock  '   itemprop=\"text\" ><h1><strong><span style=\"color: #333399;\">Dokumenteret effekt:<\/span><\/strong> V\u00e6lg en RotoBed\u00ae drejeseng for at undg\u00e5 tryks\u00e5r<\/h1>\n<\/div><\/section><br \/>\n<div style='height:15px' class='hr hr-invisible  '><span class='hr-inner ' ><span class='hr-inner-style'><\/span><\/span><\/div><br \/>\n<div class='avia-image-container  av-styling-    avia-align-center '  itemprop=\"ImageObject\" itemscope=\"itemscope\" itemtype=\"https:\/\/schema.org\/ImageObject\"  ><div class='avia-image-container-inner'><img class='avia_image ' src='https:\/\/rotobed.com\/dk\/wp-content\/uploads\/2020\/01\/Lisbeth-02A-\u00a9-Jonas-Fotografi--1030x686.jpg' alt='' title='Lisbeth 02A - \u00a9 Jonas Fotografi'   itemprop=\"thumbnailUrl\"  \/><\/div><\/div><br \/>\n<section class=\"av_textblock_section \"  itemscope=\"itemscope\" itemtype=\"https:\/\/schema.org\/CreativeWork\" ><div class='avia_textblock  '   itemprop=\"text\" ><h3>Lisbeth Buhl, Ergoterapeut i Hj\u00e6lpemiddelhuset, Aabenraa<\/h3>\n<p>Vi har afpr\u00f8vet RotoBed\u00ae som del af et projekt. Form\u00e5let var prim\u00e6rt at unders\u00f8ge, om sengen kunne g\u00f8re en borger s\u00e5 selvhjulpen, at behovet for visiteret hj\u00e6lp til at komme i\/ud af seng kunne uds\u00e6ttes eller undv\u00e6res helt. Sengen blev afpr\u00f8vet hos 11 borgere, der stod for at skulle visiteres til hj\u00e6lp, alle med positivt resultat.<\/p>\n<p>Vi gjorde meget ud af at ramme m\u00e5lgruppen. F\u00f8rst med et indledende hjemmebes\u00f8g med en faglig funktionsudredning, COPM, baseret p\u00e5 borgerens egen vurdering. Dern\u00e6st en afpr\u00f8vning af sengen i Hj\u00e6lpemiddelhuset for at sikre, at borgeren form\u00e5r at udnytte sengens funktioner. Et opf\u00f8lgende hjemmebes\u00f8g lige efter udl\u00e5n af sengen med en ekstra gennemgang af betjeningen og efter 3-4 uger endnu et hjemmebes\u00f8g med en slutevaluering.<\/p>\n<h5><strong>Forebyg tryks\u00e5r og knoglebrud<\/strong><\/h5>\n<p>Risikoen for tryks\u00e5r er nedsat, fordi der er mindre risiko for vrid og tr\u00e6k i huden b\u00e5de ved ind- og udstigning og i fors\u00f8get p\u00e5 at finde en god liggestilling. Sengen forebygger faldulykker, og borgere med osteoporose har f\u00e6rre smerter og lavere risiko for brud, fordi der er f\u00e6rre vrid i kroppen.<\/p>\n<p>Det er godt givet ud at g\u00f8re et benarbejde i starten, s\u00e5 borgeren er introduceret til sengen og tryg ved at bruge den. Alle er blevet mere selvhjulpne og er rigtig glade for den frihed, det giver b\u00e5de dem og deres familie, at de igen selv kan st\u00e5 op og g\u00e5 i seng.<\/p>\n<h5><strong>Mand og kone &#8211; ikke patient og hj\u00e6lper<\/strong><\/h5>\n<p>Det er borgere med kroniske diagnoser som Parkinson og slidgigt, som har en begr\u00e6nset m\u00e6ngde energi til r\u00e5dighed, og s\u00e5 er det jo \u00e6rgerligt at bruge den p\u00e5 at komme ud af sengen. De fleste er oppe i alderen, og deres \u00e6gtef\u00e6ller har ofte fysisk sv\u00e6rt ved at hj\u00e6lpe til. Med en RotoBed\u00ae f\u00e5r parret bedre mulighed for at v\u00e6re mand og kone i stedet for handicappet og hj\u00e6lper, s\u00e5 \u00e6gtef\u00e6llerne er ogs\u00e5 rigtig glade for den.<\/p>\n<\/div><\/section><\/p>\n<\/div><\/div><div class=\"flex_cell no_margin av_one_third   \" style='vertical-align:top; padding:30px; '><div class='flex_cell_inner' ><p><div class='avia-image-container  av-styling-    avia-align-center '  itemprop=\"ImageObject\" itemscope=\"itemscope\" itemtype=\"https:\/\/schema.org\/ImageObject\"  ><div class='avia-image-container-inner'><img class='avia_image ' src='https:\/\/rotobed.com\/dk\/wp-content\/uploads\/2021\/03\/ligges\u00e5r-besk\u00e5ret-til-buhl-side.png' alt='forebyg tryks\u00e5r rotobed' title='S\u00e6rligt udsatte trykpunkter'   itemprop=\"thumbnailUrl\"  \/><\/div><\/div><br \/>\n<section class=\"av_textblock_section \"  itemscope=\"itemscope\" itemtype=\"https:\/\/schema.org\/CreativeWork\" ><div class='avia_textblock  '   itemprop=\"text\" ><h3>Tryks\u00e5r er smertefulde og rammer ofte sengeliggende patienter<\/h3>\n<p>Tryks\u00e5r &#8211; ogs\u00e5 kendt som ligges\u00e5r eller decubitus &#8211; opst\u00e5r, hvor huden ligger t\u00e6t p\u00e5 knoglerne, eksempelvis p\u00e5 ryggen, hofterne og h\u00e6len, og skyldes et langvarigt pres mod huden og v\u00e6vene lige under den.<\/p>\n<p>Tryks\u00e5r kan v\u00e6re meget smertefulde og kr\u00e6ver oftest langvarig behandling og pleje. En rask person vil \u00e6ndre stilling op til 30 gange i l\u00f8bet af en nat, men bevidstl\u00f8se, lammede eller generelt sv\u00e6kkede mennesker er ikke i stand til dette og vil udvikle tryks\u00e5r, hvis forebyggelse ikke p\u00e5begyndes.<\/p>\n<p>Du er i \u00f8get risiko for at f\u00e5 tryks\u00e5r, hvis du:<\/p>\n<ul>\n<li>Bruger k\u00f8restol og\/eller tilbringer mange timer i din seng.<\/li>\n<li>Er oppe i alderen<\/li>\n<li>Har brug for hj\u00e6lp til at udf\u00f8re fysiske bev\u00e6gelser, eksempelvis l\u00f8fte benene op i sengen.<\/li>\n<li>Lider af en sygdom, der p\u00e5virker blodgennemstr\u00f8mningen i kroppen, inklusiv diabetes og vaskul\u00e6re sygdomme<\/li>\n<li>Har Alzheimer eller andre tilstande, som p\u00e5virker din kognitive tilstand<\/li>\n<li>Har s\u00e5rbar hud<\/li>\n<li>Har problemer med inkontinens<\/li>\n<li>Ikke f\u00e5r tilstr\u00e6kkelig n\u00e6ring og v\u00e6ske<\/li>\n<\/ul>\n<h5><strong>Hvordan forebygger en RotoBed\u00ae tryks\u00e5r?<\/strong><\/h5>\n<p>Takket v\u00e6re drejefunktionen minimeres vrid og tr\u00e6k i huden, n\u00e5r brugeren skal ind i\/ud af sengen. Dette reducerer risikoen for tryks\u00e5r markant. Herudover kan RotoBed\u00ae leveres med kvalitetsmadrasser med dokumenteret beskyttelse og behandling af tryks\u00e5r i alle 4 stadier.<\/p>\n<\/div><\/section><br \/>\n<div  class='hr hr-default  '><span class='hr-inner ' ><span class='hr-inner-style'><\/span><\/span><\/div><br \/>\n<section class=\"av_textblock_section \"  itemscope=\"itemscope\" itemtype=\"https:\/\/schema.org\/CreativeWork\" ><div class='avia_textblock  '   itemprop=\"text\" ><h3>Hvem kan have gavn af en RotoBed\u00ae? L\u00e6s hvad brugere og p\u00e5r\u00f8rende siger om deres erfaringer.<\/h3>\n<\/div><\/section><br \/>\n<div class='avia-image-container  av-styling-    avia-align-center '  itemprop=\"ImageObject\" itemscope=\"itemscope\" itemtype=\"https:\/\/schema.org\/ImageObject\"  ><div class='avia-image-container-inner'><img class='avia_image ' src='https:\/\/rotobed.com\/dk\/wp-content\/uploads\/2015\/09\/Tommy-300x200.jpg' alt='rotobed bruger erfaringer referencer' title='Tommy'   itemprop=\"thumbnailUrl\"  \/><\/div><\/div><br \/>\n<div class='avia-button-wrap avia-button-center '><a href='https:\/\/rotobed.com\/dk\/seng-med-drejefunktion\/' class='avia-button   avia-icon_select-no avia-color-theme-color avia-size-x-large avia-position-center '   ><span class='avia_iconbox_title' >L\u00e6s flere bruger-historier her<\/span><\/a><\/div><\/p>\n<\/div><\/div><\/div>\n","protected":false},"excerpt":{"rendered":"","protected":false},"author":1,"featured_media":0,"parent":0,"menu_order":0,"comment_status":"closed","ping_status":"closed","template":"","meta":[],"_links":{"self":[{"href":"https:\/\/rotobed.com\/dk\/wp-json\/wp\/v2\/pages\/160"}],"collection":[{"href":"https:\/\/rotobed.com\/dk\/wp-json\/wp\/v2\/pages"}],"about":[{"href":"https:\/\/rotobed.com\/dk\/wp-json\/wp\/v2\/types\/page"}],"author":[{"embeddable":true,"href":"https:\/\/rotobed.com\/dk\/wp-json\/wp\/v2\/users\/1"}],"replies":[{"embeddable":true,"href":"https:\/\/rotobed.com\/dk\/wp-json\/wp\/v2\/comments?post=160"}],"version-history":[{"count":14,"href":"https:\/\/rotobed.com\/dk\/wp-json\/wp\/v2\/pages\/160\/revisions"}],"predecessor-version":[{"id":7276,"href":"https:\/\/rotobed.com\/dk\/wp-json\/wp\/v2\/pages\/160\/revisions\/7276"}],"wp:attachment":[{"href":"https:\/\/rotobed.com\/dk\/wp-json\/wp\/v2\/media?parent=160"}],"curies":[{"name":"wp","href":"https:\/\/api.w.org\/{rel}","templated":true}]}}