{"id":163,"date":"2015-11-30T10:41:55","date_gmt":"2015-11-30T10:41:55","guid":{"rendered":"https:\/\/rotobed.com\/dk\/?page_id=163"},"modified":"2021-03-12T11:05:36","modified_gmt":"2021-03-12T11:05:36","slug":"lymfoedem","status":"publish","type":"page","link":"https:\/\/rotobed.com\/dk\/lymfoedem\/","title":{"rendered":"Esther S\u00f8gaard"},"content":{"rendered":"<\/div><\/div><\/div><!-- close content main div --><\/div><\/div><div id='av-layout-grid-1' class='av-layout-grid-container entry-content-wrapper main_color av-flex-cells   av-border-cells container_wrap fullsize'   >\n<div class=\"flex_cell no_margin av_two_third   \" style='vertical-align:top; padding:30px; '><div class='flex_cell_inner' ><section class=\"av_textblock_section \"  itemscope=\"itemscope\" itemtype=\"https:\/\/schema.org\/CreativeWork\" ><div class='avia_textblock  '   itemprop=\"text\" ><h1 style=\"text-align: center;\"><span style=\"color: #3b2f69;\">Enorme kn\u00e6 p\u00e5 grund af lymf\u00f8dem:<\/span><\/h1>\n<h1 style=\"text-align: center;\"><strong>Med en RotoBed\u00ae fik jeg min livskvalitet tilbage<\/strong><\/h1>\n<\/div><\/section><br \/>\n<div style='height:30px' class='hr hr-invisible  '><span class='hr-inner ' ><span class='hr-inner-style'><\/span><\/span><\/div><br \/>\n<div class='avia-image-container  av-styling-    avia-align-center '  itemprop=\"ImageObject\" itemscope=\"itemscope\" itemtype=\"https:\/\/schema.org\/ImageObject\"  ><div class='avia-image-container-inner'><img class='avia_image ' src='https:\/\/rotobed.com\/dk\/wp-content\/uploads\/2016\/10\/Ester.jpg' alt='Lymf\u00f8dem RotoBed drejeseng' title='Esther'   itemprop=\"thumbnailUrl\"  \/><\/div><\/div><br \/>\n<section class=\"av_textblock_section \"  itemscope=\"itemscope\" itemtype=\"https:\/\/schema.org\/CreativeWork\" ><div class='avia_textblock  '   itemprop=\"text\" ><h3>Lymf\u00f8dem: Esther S\u00f8gaard er 77 \u00e5r gammel. Esther har lymf\u00f8dem og kan ikke selv l\u00f8fte sine ben. Efter tre \u00e5r med en RotoBed\u00ae fort\u00e6ller hun om sine erfaringer.<\/h3>\n<p>I mange \u00e5r har mit liv v\u00e6ret styret af klokken. Jeg har meget h\u00e6vede ben, omkredsen af mit kn\u00e6 er 92 centimeter, s\u00e5 jeg kan ikke selv l\u00f8fte det.<\/p>\n<p>F\u00f8r jeg fik sengen, fik jeg bes\u00f8g af en hj\u00e6lper op til seks gange om dagen. Aftalen var, at jeg skulle l\u00e6gges i seng til middag klokken 12.30, s\u00e5 der skulle jeg v\u00e6re f\u00e6rdig med frokosten.<\/p>\n<p>Om aftenen blev jeg lagt i seng mellem 21.30 og 22.30 alt efter, hvad der passede ind i kommunens program. Det var ikke s\u00e5 rart, at jeg ikke selv kunne g\u00e5 i seng, n\u00e5r jeg \u00f8nskede det, og endnu v\u00e6rre, hvis jeg havde g\u00e6ster. De var jo n\u00f8dt til at forlade huset, f\u00f8r hj\u00e6lperne kom, selv om vi hyggede os og jeg m\u00e5ske sad midt i et slag kort med en god h\u00e5nd. N\u00e5r jeg havde mit nat-toilette, sad jeg tit og ventede p\u00e5, at hj\u00e6lperne skulle komme og f\u00e5 mig i seng igen. Det gav en rigtig d\u00e5rlig s\u00f8vn.<\/p>\n<p>Da jeg fik min RotoBed\u00ae seng, kunne jeg pludselig komme i seng uden hj\u00e6lp. Jeg holdt op med at sove fast til middag, fordi jeg fik en meget bedre nattes\u00f8vn, og hj\u00e6lpen blev sat ned til to gange om dagen. Jeg beh\u00f8vede heller ikke l\u00e6ngere at spise efter klokken, men efter min sult.<\/p>\n<p>Det har givet mig stor livskvalitet, at jeg selv kan styre min hverdag. Og regner jeg lidt p\u00e5 den tid, som sengen sparer kommunen for, er vi vist alle glade.<\/p>\n<\/div><\/section><br \/>\n<div  class='hr hr-default  '><span class='hr-inner ' ><span class='hr-inner-style'><\/span><\/span><\/div><br \/>\n<div class=\"flex_column av_one_half  flex_column_div av-zero-column-padding first  \" style='border-radius:0px; '><section class=\"av_textblock_section \"  itemscope=\"itemscope\" itemtype=\"https:\/\/schema.org\/CreativeWork\" ><div class='avia_textblock  '   itemprop=\"text\" ><h2><strong>Hvem kan have gavn af en RotoBed?<\/strong><\/h2>\n<p>Hans Villadsen har PSP Parkinson, og hans kone m\u00e5tte til sidst opgive selv at hj\u00e6lpe ham ind og ud af sengen. Se hvad parret og andre brugere og p\u00e5r\u00f8rende siger om deres erfaringer med RotoBed\u00ae.<\/p>\n<\/div><\/section><br \/>\n<div class='avia-button-wrap avia-button-left '><a href='https:\/\/rotobed.com\/dk\/seng-med-drejefunktion\/' class='avia-button   avia-icon_select-no avia-color-theme-color avia-size-x-large avia-position-left '   ><span class='avia_iconbox_title' >Se alle RotoBed\u00ae referencer her<\/span><\/a><\/div><\/p><\/div><div class=\"flex_column av_one_half  flex_column_div av-zero-column-padding   \" style='border-radius:0px; '><div class='avia-image-container  av-styling-    avia-align-center '  itemprop=\"ImageObject\" itemscope=\"itemscope\" itemtype=\"https:\/\/schema.org\/ImageObject\"  ><div class='avia-image-container-inner'><a href='https:\/\/rotobed.com\/dk\/seng-med-drejefunktion\/' class='avia_image'  ><img class='avia_image ' src='https:\/\/rotobed.com\/dk\/wp-content\/uploads\/2021\/03\/hans-villadsen-1-1030x687.jpg' alt='referencer rotobed drejeseng' title='RotoBed\u00ae brugerhistorier'  itemprop=\"thumbnailUrl\"  \/><\/a><\/div><\/div><\/div><\/p>\n<\/div><\/div><div class=\"flex_cell no_margin av_one_third   \" style='vertical-align:top; padding:30px; '><div class='flex_cell_inner' ><p><div class='avia-image-container  av-styling-    avia-align-center '  itemprop=\"ImageObject\" itemscope=\"itemscope\" itemtype=\"https:\/\/schema.org\/ImageObject\"  ><div class='avia-image-container-inner'><img class='avia_image ' src='https:\/\/rotobed.com\/dk\/wp-content\/uploads\/2021\/03\/\u00d8dem-dansk-case-grafik-1-300x205.png' alt='' title='\u00d8dem dansk case grafik'   itemprop=\"thumbnailUrl\"  \/><\/div><\/div><br \/>\n<div style='height:20px' class='hr hr-invisible  '><span class='hr-inner ' ><span class='hr-inner-style'><\/span><\/span><\/div><br \/>\n<section class=\"av_textblock_section \"  itemscope=\"itemscope\" itemtype=\"https:\/\/schema.org\/CreativeWork\" ><div class='avia_textblock  '   itemprop=\"text\" ><h3 style=\"text-align: center;\"><strong>Hvad er lymf\u00f8dem?<\/strong><\/h3>\n<p>Lymfesystemet er en vigtig del af kroppens immunsystem. Det er et netv\u00e6rk af lymfeknuder, kanaler eller kar og organer, der arbejder sammen for at samle og b\u00e6re klar lymfev\u00e6ske gennem v\u00e6vet til blodet. N\u00e5r lymfev\u00e6sken cirkulerer i kroppen, bringer den hvide blodlegemer med sig, som hj\u00e6lper kroppen med at bek\u00e6mpe infektioner.<\/p>\n<p>Hvis lymfesystemet er beskadiget, transporteres lymfev\u00e6sken ikke tilstr\u00e6kkeligt, og der kan opst\u00e5 h\u00e6velse &#8211; det kaldes ett lymf\u00f8dem. Der skelnes mellem prim\u00e6r og sekund\u00e6r lymf\u00f8dem:<\/p>\n<p><strong>Prim\u00e6rt lymf\u00f8dem<\/strong><br \/>\nForekommer p\u00e5 grund af misdannelser i eller mangelfuld udvikling af lymfesystemet. H\u00e6velsen ses oftest i ungdoms\u00e5rene, eller n\u00e5r patienten er 30-40 \u00e5r. I sj\u00e6ldne tilf\u00e6lde ses prim\u00e6rt lymf\u00f8dem ved f\u00f8dslen.<\/p>\n<p><strong>Sekund\u00e6rt lymf\u00f8dem<\/strong><br \/>\nOpst\u00e5r, hvis lymfesystemet er beskadiget, f.eks. efter operation og \/ eller str\u00e5lebehandling. Dette kan for eksempel v\u00e6re i en arm efter brystkr\u00e6ftoperation, hvor lymfeknuder i armhulen er fjernet, eller i et ben efter operation i underlivet, hvor lymfeknuder i lysken er fjernet.<\/p>\n<p>I den vestlige verden forekommer de fleste tilf\u00e6lde af sekund\u00e6rt lymf\u00f8dem som en sen konsekvens af kr\u00e6ftbehandling. H\u00e6velsen kan forekomme lige efter behandlingen eller flere \u00e5r efter.<\/p>\n<p><strong>Symptomer p\u00e5 lymf\u00f8dem<\/strong><br \/>\nDe f\u00f8rste symptomer p\u00e5 lymf\u00f8dem kan v\u00e6re h\u00e6velse, tyngde og sp\u00e6nding, ubehag, prikken, smerte eller stivhed i den ber\u00f8rte del af kroppen. I begyndelsen vil h\u00e6velsen aftage om natten, men hvis den ikke behandles, bliver den permanent.<\/p>\n<p>Et lymf\u00f8dem er ikke farligt, men kan for\u00e5rsage st\u00f8rre ubehag, hvis det ikke behandles. Med kirurgi og kemoterapi kan du opleve en forbig\u00e5ende h\u00e6velse, der ikke n\u00f8dvendigvis er et tegn p\u00e5 lymf\u00f8dem.<\/p>\n<p><strong>Behandling<\/strong><\/p>\n<p>Kompression er den mest effektive behandling af lymf\u00f8dem. M\u00e5let med behandlingen er at reducere h\u00e6velsen og dermed ubehaget ved hj\u00e6lp af kompressionsbandage (bandage). Ogs\u00e5 massage, hudpleje og \u00f8velser er en del af behandlingen.<\/p>\n<p>(kilder: <a href=\"http:\/\/www.cancer.org\">www.cancer.org<\/a>, <a href=\"http:\/\/www.medicalnewstoday.com\">www.medicalnewstoday.com<\/a>)<\/p>\n<\/div><\/section><\/p>\n<\/div><\/div><\/div>\n","protected":false},"excerpt":{"rendered":"","protected":false},"author":1,"featured_media":0,"parent":0,"menu_order":0,"comment_status":"closed","ping_status":"closed","template":"","meta":[],"_links":{"self":[{"href":"https:\/\/rotobed.com\/dk\/wp-json\/wp\/v2\/pages\/163"}],"collection":[{"href":"https:\/\/rotobed.com\/dk\/wp-json\/wp\/v2\/pages"}],"about":[{"href":"https:\/\/rotobed.com\/dk\/wp-json\/wp\/v2\/types\/page"}],"author":[{"embeddable":true,"href":"https:\/\/rotobed.com\/dk\/wp-json\/wp\/v2\/users\/1"}],"replies":[{"embeddable":true,"href":"https:\/\/rotobed.com\/dk\/wp-json\/wp\/v2\/comments?post=163"}],"version-history":[{"count":10,"href":"https:\/\/rotobed.com\/dk\/wp-json\/wp\/v2\/pages\/163\/revisions"}],"predecessor-version":[{"id":7286,"href":"https:\/\/rotobed.com\/dk\/wp-json\/wp\/v2\/pages\/163\/revisions\/7286"}],"wp:attachment":[{"href":"https:\/\/rotobed.com\/dk\/wp-json\/wp\/v2\/media?parent=163"}],"curies":[{"name":"wp","href":"https:\/\/api.w.org\/{rel}","templated":true}]}}