{"id":200,"date":"2015-12-06T22:01:09","date_gmt":"2015-12-06T22:01:09","guid":{"rendered":"https:\/\/rotobed.com\/dk\/?page_id=200"},"modified":"2021-03-17T08:27:41","modified_gmt":"2021-03-17T08:27:41","slug":"rotobed-som-hjaelpemiddel","status":"publish","type":"page","link":"https:\/\/rotobed.com\/dk\/rotobed-som-hjaelpemiddel\/","title":{"rendered":"Jack J\u00f8nsson"},"content":{"rendered":"<\/div><\/div><\/div><!-- close content main div --><\/div><\/div><div id='av-layout-grid-1' class='av-layout-grid-container entry-content-wrapper main_color av-flex-cells   av-border-cells container_wrap fullsize'   >\n<div class=\"flex_cell no_margin av_two_third   \" style='vertical-align:top; padding:30px; '><div class='flex_cell_inner' ><p><div style='height:30px' class='hr hr-invisible  '><span class='hr-inner ' ><span class='hr-inner-style'><\/span><\/span><\/div><br \/>\n<section class=\"av_textblock_section \"  itemscope=\"itemscope\" itemtype=\"https:\/\/schema.org\/CreativeWork\" ><div class='avia_textblock  '   itemprop=\"text\" ><h1>RotoBed\u00ae som hj\u00e6lpemiddel:<\/h1>\n<h1>Jeg f\u00f8ler mig ikke handicappet l\u00e6ngere<\/h1>\n<h3><\/h3>\n<\/div><\/section><br \/>\n<div style='height:30px' class='hr hr-invisible  '><span class='hr-inner ' ><span class='hr-inner-style'><\/span><\/span><\/div><br \/>\n<div class='avia-image-container  av-styling-    avia-align-center '  itemprop=\"ImageObject\" itemscope=\"itemscope\" itemtype=\"https:\/\/schema.org\/ImageObject\"  ><div class='avia-image-container-inner'><img class='avia_image ' src='https:\/\/rotobed.com\/dk\/wp-content\/uploads\/2015\/09\/Jack-1030x687.jpg' alt='' title='Jack'   itemprop=\"thumbnailUrl\"  \/><\/div><\/div><br \/>\n<section class=\"av_textblock_section \"  itemscope=\"itemscope\" itemtype=\"https:\/\/schema.org\/CreativeWork\" ><div class='avia_textblock  '   itemprop=\"text\" ><h3>Jack J\u00f8nsson fra Ish\u00f8j er lam i h\u00f8jre side efter en blodprop. Smerter ved forflytning gjorde, at Jack fik bevilget en\u00a0 RotoBed\u00ae.<\/h3>\n<p>F\u00f8r havde jeg en hospitalsseng, men den kunne ikke dreje. S\u00e5 n\u00e5r plejerne skulle have mig ud af sengen, lagde de et h\u00e5ndkl\u00e6de rundt om mig og trak. Det kunne de jo ikke t\u00e5le, og det gjorde ogs\u00e5 ondt p\u00e5 mig.<\/p>\n<p>S\u00e5 havde jeg en fornuftig forflytningsvejleder, der havde set den her RotoBed\u00ae p\u00e5 en udstilling og t\u00e6nkte, at det var noget for mig. Jeg pr\u00f8vede den der, hvor de har hj\u00e6lpemidler, og jeg havde det bare s\u00e5dan: Det er eddermame sagen \u2013 den skal det v\u00e6re! Og s\u00e5 fik jeg den samme eftermiddag, det var helt fantastisk.<\/p>\n<p><strong>Altid glider lettere nu<\/strong><\/p>\n<p>F\u00f8r f\u00f8lte jeg mig meget handicappet, og det var et stort irritationsmoment. Nu f\u00f8ler jeg det slet ikke s\u00e5dan mere, og stemningen er ogs\u00e5 blevet meget bedre, n\u00e5r hj\u00e6lperne skal have mig ud af sengen. F\u00f8r gjorde det jo ondt; s\u00e5 faldt der m\u00e5ske nogle knubbede ord, og s\u00e5 blev de ogs\u00e5 sure.<\/p>\n<p>Nu ringer de ti minutter, f\u00f8r de kommer, og s\u00e5 har jeg k\u00f8rt mig op til siddende. De ordner alt det med sko og bukser og str\u00f8mper, mens sengen er k\u00f8rt ud mod gulvet, og de er s\u00e5 glade for den, at de tager familien med p\u00e5 arbejde for at se vidunderet. De er meget benovede.<\/p>\n<\/div><\/section><\/p>\n<\/div><\/div><div class=\"flex_cell no_margin av_one_third   \" style='vertical-align:top; padding:30px; '><div class='flex_cell_inner' ><p><div class='avia-image-container  av-styling-    avia-align-center '  itemprop=\"ImageObject\" itemscope=\"itemscope\" itemtype=\"https:\/\/schema.org\/ImageObject\"  ><div class='avia-image-container-inner'><img class='avia_image ' src='https:\/\/rotobed.com\/dk\/wp-content\/uploads\/2015\/09\/Kirsten-1030x687.jpg' alt='' title='Kirsten'   itemprop=\"thumbnailUrl\"  \/><\/div><\/div><br \/>\n<section class=\"av_textblock_section \"  itemscope=\"itemscope\" itemtype=\"https:\/\/schema.org\/CreativeWork\" ><div class='avia_textblock  '   itemprop=\"text\" ><p><em>Kirsten J\u00f8nsson, hustru til Jack.<\/em><\/p>\n<h2><strong>Det er det bedste, der er sket for Jack<\/strong><\/h2>\n<p>Det er helt fantastisk, hvad den seng har gjort for Jack. Han er blevet s\u00e5 glad af det. Glad, fordi han har meget mere v\u00e6rdighed nu. Og glad, fordi han ikke er til besv\u00e6r for andre.<\/p>\n<p>For mig var det den rene svir, da han fik sengen, for jeg havde jo v\u00e6ret vant til at b\u00f8vle med at f\u00e5 ham ud af den gamle. Nu er Jack lige flyttet i en \u00e6ldrebolig, fordi han syntes, det var for h\u00e5rdt for mig. S\u00e5 nu er det hj\u00e6lperne, der har gl\u00e6de af den.<\/p>\n<p>Vi er virkelig taknemmelige overfor kommunen. Hvis man skal blive syg og handicappet, s\u00e5 er Ish\u00f8j bare den bedste kommune at bo i.<\/p>\n<\/div><\/section><br \/>\n<div style=' margin-top:10px; margin-bottom:10px;'  class='hr hr-custom hr-center hr-icon-yes  '><span class='hr-inner   inner-border-av-border-thin' style=' width:100%;' ><span class='hr-inner-style'><\/span><\/span><span class='av-seperator-icon'  aria-hidden='true' data-av_icon='\ue808' data-av_iconfont='entypo-fontello'><\/span><span class='hr-inner   inner-border-av-border-thin' style=' width:100%;' ><span class='hr-inner-style'><\/span><\/span><\/div><br \/>\n<section class=\"av_textblock_section \"  itemscope=\"itemscope\" itemtype=\"https:\/\/schema.org\/CreativeWork\" ><div class='avia_textblock  '   itemprop=\"text\" ><h3>Hvem kan have gavn af en RotoBed\u00ae som hj\u00e6lpemiddel? L\u00e6s her, hvad andre brugere og p\u00e5r\u00f8rende siger om deres erfaringer.<\/h3>\n<\/div><\/section><br \/>\n<div style='height:10px' class='hr hr-invisible  '><span class='hr-inner ' ><span class='hr-inner-style'><\/span><\/span><\/div><br \/>\n<div class='avia-image-container  av-styling-    avia-align-center '  itemprop=\"ImageObject\" itemscope=\"itemscope\" itemtype=\"https:\/\/schema.org\/ImageObject\"  ><div class='avia-image-container-inner'><a href='https:\/\/rotobed.com\/dk\/seng-med-drejefunktion\/' class='avia_image'  ><img class='avia_image ' src='https:\/\/rotobed.com\/dk\/wp-content\/uploads\/2016\/11\/Kristina-300x200.jpg' alt='lammelse rotobed drejeseng' title='Kristina'  itemprop=\"thumbnailUrl\"  \/><\/a><\/div><\/div><br \/>\n<div style='height:10px' class='hr hr-invisible  '><span class='hr-inner ' ><span class='hr-inner-style'><\/span><\/span><\/div><br \/>\n<div class='avia-button-wrap avia-button-center '><a href='https:\/\/rotobed.com\/dk\/seng-med-drejefunktion\/' class='avia-button   avia-icon_select-no avia-color-theme-color avia-size-x-large avia-position-center '   ><span class='avia_iconbox_title' >Se alle RotoBed\u00ae referencer<\/span><\/a><\/div><\/p>\n<\/div><\/div><\/div>\n","protected":false},"excerpt":{"rendered":"","protected":false},"author":1,"featured_media":0,"parent":0,"menu_order":0,"comment_status":"closed","ping_status":"closed","template":"","meta":[],"_links":{"self":[{"href":"https:\/\/rotobed.com\/dk\/wp-json\/wp\/v2\/pages\/200"}],"collection":[{"href":"https:\/\/rotobed.com\/dk\/wp-json\/wp\/v2\/pages"}],"about":[{"href":"https:\/\/rotobed.com\/dk\/wp-json\/wp\/v2\/types\/page"}],"author":[{"embeddable":true,"href":"https:\/\/rotobed.com\/dk\/wp-json\/wp\/v2\/users\/1"}],"replies":[{"embeddable":true,"href":"https:\/\/rotobed.com\/dk\/wp-json\/wp\/v2\/comments?post=200"}],"version-history":[{"count":11,"href":"https:\/\/rotobed.com\/dk\/wp-json\/wp\/v2\/pages\/200\/revisions"}],"predecessor-version":[{"id":7323,"href":"https:\/\/rotobed.com\/dk\/wp-json\/wp\/v2\/pages\/200\/revisions\/7323"}],"wp:attachment":[{"href":"https:\/\/rotobed.com\/dk\/wp-json\/wp\/v2\/media?parent=200"}],"curies":[{"name":"wp","href":"https:\/\/api.w.org\/{rel}","templated":true}]}}