{"id":202,"date":"2015-12-06T22:04:30","date_gmt":"2015-12-06T22:04:30","guid":{"rendered":"https:\/\/rotobed.com\/dk\/?page_id=202"},"modified":"2021-03-17T09:27:29","modified_gmt":"2021-03-17T09:27:29","slug":"peter-kristoffersen","status":"publish","type":"page","link":"https:\/\/rotobed.com\/dk\/peter-kristoffersen\/","title":{"rendered":"Peter Kristoffersen"},"content":{"rendered":"<\/div><\/div><\/div><!-- close content main div --><\/div><\/div><div id='av-layout-grid-1' class='av-layout-grid-container entry-content-wrapper main_color av-flex-cells   av-border-cells container_wrap fullsize'   >\n<div class=\"flex_cell no_margin av_two_third   \" style='vertical-align:top; padding:30px; '><div class='flex_cell_inner' ><section class=\"av_textblock_section \"  itemscope=\"itemscope\" itemtype=\"https:\/\/schema.org\/CreativeWork\" ><div class='avia_textblock  '   itemprop=\"text\" ><h1><\/h1>\n<h1 style=\"text-align: center;\">Jeg g\u00e5r i seng, n\u00e5r jeg vil!<\/h1>\n<\/div><\/section><br \/>\n<div style='height:10px' class='hr hr-invisible  '><span class='hr-inner ' ><span class='hr-inner-style'><\/span><\/span><\/div><br \/>\n<div class='avia-image-container  av-styling-    avia-align-center '  itemprop=\"ImageObject\" itemscope=\"itemscope\" itemtype=\"https:\/\/schema.org\/ImageObject\"  ><div class='avia-image-container-inner'><img class='avia_image ' src='https:\/\/rotobed.com\/dk\/wp-content\/uploads\/2015\/09\/Peter-1030x687.jpg' alt='' title='Peter'   itemprop=\"thumbnailUrl\"  \/><\/div><\/div><br \/>\n<div style='height:5px' class='hr hr-invisible  '><span class='hr-inner ' ><span class='hr-inner-style'><\/span><\/span><\/div><br \/>\n<section class=\"av_textblock_section \"  itemscope=\"itemscope\" itemtype=\"https:\/\/schema.org\/CreativeWork\" ><div class='avia_textblock  '   itemprop=\"text\" ><h1><\/h1>\n<h3>Peter Kristoffersen fra Odense er 56 \u00e5r og f\u00f8dt spastiker. Peter bor p\u00e5 bostedet Munkehatten og var slet ikke interesseret i en RotoBed\u00ae. Men b\u00e5de han og personalet blev overraskede.<\/h3>\n<\/div><\/section><br \/>\n<div style='height:10px' class='hr hr-invisible  '><span class='hr-inner ' ><span class='hr-inner-style'><\/span><\/span><\/div><br \/>\n<section class=\"av_textblock_section \"  itemscope=\"itemscope\" itemtype=\"https:\/\/schema.org\/CreativeWork\" ><div class='avia_textblock  '   itemprop=\"text\" ><h1><\/h1>\n<p>Da jeg flyttede her til Munkehatten sidste sommer, havde jeg min gamle seng med. Det var en helt almindelig seng. Den kunne jeg ikke selv komme ud af, jeg skulle vente, til personalet havde tid. Det var noget m\u00f8g. Jeg kan godt lide at komme tidligt op.<\/p>\n<p>Jeg var ikke s\u00e5 glad i starten, da de foreslog den nye seng. Men jeg sagde ja til at pr\u00f8ve lidt tid. Det var lidt sv\u00e6rt at l\u00e6re at styre den, men s\u00e5 efter nogle dage stod jeg selv op om morgenen. Ha, s\u00e5 kunne de ikke finde mig.<\/p>\n<p><strong>Nu skal jeg ikke mere vente\u00a0<\/strong><\/p>\n<p>Jeg g\u00e5r selv p\u00e5 badev\u00e6relset ved at st\u00f8tte mig til kommoden og d\u00f8rkarmen. Jeg tager t\u00f8j p\u00e5 og g\u00f8r mig klar, og s\u00e5 trykker jeg p\u00e5 kaldeknappen. S\u00e5 kommer de med min vogn, s\u00e5 jeg kan komme ud og f\u00e5 mit rugbr\u00f8d med syltet\u00f8j.<\/p>\n<p>Jeg er glad for sengen, fordi jeg ikke skal vente mere. Om aftenen g\u00f8r de mig i stand, og s\u00e5 g\u00e5r jeg i seng, n\u00e5r jeg vil.<\/p>\n<\/div><\/section><\/p>\n<\/div><\/div><div class=\"flex_cell no_margin av_one_third   \" style='vertical-align:top; padding:30px; '><div class='flex_cell_inner' ><p><div class='avia-image-container  av-styling-    avia-align-center '  itemprop=\"ImageObject\" itemscope=\"itemscope\" itemtype=\"https:\/\/schema.org\/ImageObject\"  ><div class='avia-image-container-inner'><a href='https:\/\/rotobed.com\/dk\/kristina-sangvita\/' class='avia_image'  ><img class='avia_image ' src='https:\/\/rotobed.com\/dk\/wp-content\/uploads\/2016\/11\/Kristina-300x200.jpg' alt='lammelse rotobed drejeseng' title='Kristina'  itemprop=\"thumbnailUrl\"  \/><\/a><\/div><\/div><br \/>\n<section class=\"av_textblock_section \"  itemscope=\"itemscope\" itemtype=\"https:\/\/schema.org\/CreativeWork\" ><div class='avia_textblock  '  style='font-size:24px; '  itemprop=\"text\" ><h1><\/h1>\n<p style=\"text-align: center;\"><a href=\"https:\/\/rotobed.com\/dk\/kristina-sangvita\/\"><strong>Nu kan jeg m\u00e6rke mine ben<\/strong><\/a><\/p>\n<\/div><\/section><br \/>\n<div style='height:10px' class='hr hr-invisible  '><span class='hr-inner ' ><span class='hr-inner-style'><\/span><\/span><\/div><br \/>\n<div class='avia-image-container  av-styling-    avia-align-center '  itemprop=\"ImageObject\" itemscope=\"itemscope\" itemtype=\"https:\/\/schema.org\/ImageObject\"  ><div class='avia-image-container-inner'><a href='https:\/\/rotobed.com\/dk\/seng-til-sclerose\/' class='avia_image'  ><img class='avia_image ' src='https:\/\/rotobed.com\/dk\/wp-content\/uploads\/2015\/09\/Helle-Pedersen-300x200.jpg' alt='seng til sclerose rotobed plejeseng' title='Helle'  itemprop=\"thumbnailUrl\"  \/><\/a><\/div><\/div><br \/>\n<section class=\"av_textblock_section \"  itemscope=\"itemscope\" itemtype=\"https:\/\/schema.org\/CreativeWork\" ><div class='avia_textblock  '  style='font-size:24px; '  itemprop=\"text\" ><h1><\/h1>\n<p style=\"text-align: center;\"><a href=\"https:\/\/rotobed.com\/dk\/seng-til-sclerose\/\"><strong>For mig betyder det frihed<\/strong><\/a><\/p>\n<\/div><\/section><br \/>\n<div style='height:10px' class='hr hr-invisible  '><span class='hr-inner ' ><span class='hr-inner-style'><\/span><\/span><\/div><br \/>\n<div class='avia-image-container  av-styling-    avia-align-center '  itemprop=\"ImageObject\" itemscope=\"itemscope\" itemtype=\"https:\/\/schema.org\/ImageObject\"  ><div class='avia-image-container-inner'><a href='https:\/\/rotobed.com\/dk\/rotobed-som-hjaelpemiddel\/' class='avia_image'  ><img class='avia_image ' src='https:\/\/rotobed.com\/dk\/wp-content\/uploads\/2016\/10\/Jack-300x200.jpg' alt='blodprop seng rotobed' title='Jack'  itemprop=\"thumbnailUrl\"  \/><\/a><\/div><\/div><br \/>\n<section class=\"av_textblock_section \"  itemscope=\"itemscope\" itemtype=\"https:\/\/schema.org\/CreativeWork\" ><div class='avia_textblock  '  style='font-size:24px; '  itemprop=\"text\" ><h1><\/h1>\n<p style=\"text-align: center;\"><a href=\"https:\/\/rotobed.com\/dk\/seng-til-sclerose\/\"><strong>Jeg st\u00e5r op uden smerter<\/strong><\/a><\/p>\n<\/div><\/section><br \/>\n<div style=' margin-top:10px; margin-bottom:10px;'  class='hr hr-custom hr-center hr-icon-yes  '><span class='hr-inner   inner-border-av-border-thin' style=' width:100%;' ><span class='hr-inner-style'><\/span><\/span><span class='av-seperator-icon'  aria-hidden='true' data-av_icon='\ue808' data-av_iconfont='entypo-fontello'><\/span><span class='hr-inner   inner-border-av-border-thin' style=' width:100%;' ><span class='hr-inner-style'><\/span><\/span><\/div><br \/>\n<section class=\"av_textblock_section \"  itemscope=\"itemscope\" itemtype=\"https:\/\/schema.org\/CreativeWork\" ><div class='avia_textblock  '   itemprop=\"text\" ><h3>RotoBed\u00ae hj\u00e6lper mennesker til st\u00f8rre frihed og v\u00e6rdighed. L\u00e6s alle vores brugerfort\u00e6llinger fra mennesker med vidt forskellige udfordringer og sygdomme.<\/h3>\n<\/div><\/section><br \/>\n<div style='height:30px' class='hr hr-invisible  '><span class='hr-inner ' ><span class='hr-inner-style'><\/span><\/span><\/div><br \/>\n<div class='avia-button-wrap avia-button-center '><a href='https:\/\/rotobed.com\/dk\/seng-med-drejefunktion\/' class='avia-button   avia-icon_select-no avia-color-theme-color avia-size-x-large avia-position-center '   ><span class='avia_iconbox_title' >Se alle RotoBed\u00ae referencer her<\/span><\/a><\/div><\/p>\n<\/div><\/div><\/div>\n","protected":false},"excerpt":{"rendered":"","protected":false},"author":1,"featured_media":0,"parent":0,"menu_order":0,"comment_status":"closed","ping_status":"closed","template":"","meta":[],"_links":{"self":[{"href":"https:\/\/rotobed.com\/dk\/wp-json\/wp\/v2\/pages\/202"}],"collection":[{"href":"https:\/\/rotobed.com\/dk\/wp-json\/wp\/v2\/pages"}],"about":[{"href":"https:\/\/rotobed.com\/dk\/wp-json\/wp\/v2\/types\/page"}],"author":[{"embeddable":true,"href":"https:\/\/rotobed.com\/dk\/wp-json\/wp\/v2\/users\/1"}],"replies":[{"embeddable":true,"href":"https:\/\/rotobed.com\/dk\/wp-json\/wp\/v2\/comments?post=202"}],"version-history":[{"count":16,"href":"https:\/\/rotobed.com\/dk\/wp-json\/wp\/v2\/pages\/202\/revisions"}],"predecessor-version":[{"id":7625,"href":"https:\/\/rotobed.com\/dk\/wp-json\/wp\/v2\/pages\/202\/revisions\/7625"}],"wp:attachment":[{"href":"https:\/\/rotobed.com\/dk\/wp-json\/wp\/v2\/media?parent=202"}],"curies":[{"name":"wp","href":"https:\/\/api.w.org\/{rel}","templated":true}]}}