{"id":204,"date":"2015-12-06T22:06:22","date_gmt":"2015-12-06T22:06:22","guid":{"rendered":"https:\/\/rotobed.com\/dk\/?page_id=204"},"modified":"2021-03-15T12:44:02","modified_gmt":"2021-03-15T12:44:02","slug":"seng-til-sclerose","status":"publish","type":"page","link":"https:\/\/rotobed.com\/dk\/seng-til-sclerose\/","title":{"rendered":"Helle Pedersen"},"content":{"rendered":"<\/div><\/div><\/div><!-- close content main div --><\/div><\/div><div id='av-layout-grid-1' class='av-layout-grid-container entry-content-wrapper main_color av-flex-cells   av-border-top-bottom av-border-cells container_wrap fullsize'   >\n<div class=\"flex_cell no_margin av_two_third   \" style='vertical-align:top; padding:30px; '><div class='flex_cell_inner' ><section class=\"av_textblock_section \"  itemscope=\"itemscope\" itemtype=\"https:\/\/schema.org\/CreativeWork\" ><div class='avia_textblock  '   itemprop=\"text\" ><h1 style=\"text-align: left;\"><span style=\"color: #000000;\">Seng til sclerose patient:<\/span><\/h1>\n<h1 style=\"text-align: left;\">&#8220;Jeg kan selv, og det er frihed&#8221;<\/h1>\n<\/div><\/section><br \/>\n<div style='height:20px' class='hr hr-invisible  '><span class='hr-inner ' ><span class='hr-inner-style'><\/span><\/span><\/div><br \/>\n<div class='avia-image-container  av-styling-    avia-align-center '  itemprop=\"ImageObject\" itemscope=\"itemscope\" itemtype=\"https:\/\/schema.org\/ImageObject\"  ><div class='avia-image-container-inner'><img class='avia_image ' src='https:\/\/rotobed.com\/dk\/wp-content\/uploads\/2015\/09\/Helle-Pedersen-1030x687.jpg' alt='seng til sclerose rotobed plejeseng' title='Helle'   itemprop=\"thumbnailUrl\"  \/><\/div><\/div><br \/>\n<section class=\"av_textblock_section \"  itemscope=\"itemscope\" itemtype=\"https:\/\/schema.org\/CreativeWork\" ><div class='avia_textblock  '   itemprop=\"text\" ><h3>Helle Pedersen fra H\u00f8ng er 64 \u00e5r. Helle fik konstateret Sclerose i 1999. Hun har nu haft en RotoBed\u00ae i fire \u00e5r.<\/h3>\n<p>Jeg har efterh\u00e5nden ingen kr\u00e6fter i benene og kan ikke selv svinge mig ud af sengen. Min mand er halvsidigt lammet efter en blodprop og kan kun bruge den ene h\u00e5nd, s\u00e5 for ham er det ogs\u00e5 sv\u00e6rt at hj\u00e6lpe. Hvis der skulle komme hj\u00e6lpere i vores sovev\u00e6relse om natten, ville han nok flytte ud, og det ville g\u00e5 ud over vores \u00e6gteskab.<\/p>\n<p><strong>Handicappede har alts\u00e5 ogs\u00e5 et liv<\/strong><\/p>\n<p>Kommunen gav mig f\u00f8rst afslag p\u00e5 en RotoBed\u00ae plejeseng. Men jeg klagede og forklarede, hvordan vores hverdag er, og hvor meget hj\u00e6lp, jeg ellers skulle have, og s\u00e5 fik jeg den bevilget. Der er en tendens til, at man ikke tror, at handicappede har et liv. Min mand og jeg tager b\u00e5de i biografen og i teatret, og jeg vil da ikke v\u00e6re afh\u00e6ngig af at skulle hjem i seng, n\u00e5r det passer kommunen. Jeg vil gerne bevare min selvst\u00e6ndighed.<\/p>\n<p>Hvis jeg bare skulle sidde herhjemme og passe mig selv hele dagen, ville jeg blive mere og mere deprimeret, og s\u00e5 ville min sclerose ogs\u00e5 blive v\u00e6rre. S\u00e5dan fungerer det jo.<\/p>\n<p><strong>Den har hurtigt tjent sig ind<\/strong><\/p>\n<p>For kommunen er \u00f8konomien tit det vigtigste, og der m\u00e5 man sige, at RotoBed\u00aeFree hurtigt kan tjene sig selv ind, n\u00e5r den st\u00e5r i stedet for hj\u00e6lp fem gange i d\u00f8gnet.<\/p>\n<p>For mig betyder min RotoBed\u00aeFree alt. Jeg kan g\u00e5 i seng, n\u00e5r jeg synes, st\u00e5 op, n\u00e5r jeg synes, og jeg er fri for at have hj\u00e6lpere rendende i huset og for at skulle v\u00e6re hjemme p\u00e5 et bestemt tidspunkt. Jeg kan selv, og det er frihed.<\/p>\n<\/div><\/section><\/p>\n<\/div><\/div><div class=\"flex_cell no_margin av_one_third   \" style='vertical-align:top; padding:30px; '><div class='flex_cell_inner' ><section class=\"av_textblock_section \"  itemscope=\"itemscope\" itemtype=\"https:\/\/schema.org\/CreativeWork\" ><div class='avia_textblock  '  style='font-size:32px; '  itemprop=\"text\" ><h2 style=\"text-align: center;\">Sclerose &#8211; og hvad en RotoBed\u00ae kan g\u00f8re<\/h2>\n<h1><\/h1>\n<\/div><\/section><br \/>\n<div style='height:10px' class='hr hr-invisible  '><span class='hr-inner ' ><span class='hr-inner-style'><\/span><\/span><\/div><br \/>\n<div class='avia-image-container  av-styling-    avia-align-center '  itemprop=\"ImageObject\" itemscope=\"itemscope\" itemtype=\"https:\/\/schema.org\/ImageObject\"  ><div class='avia-image-container-inner'><img class='avia_image ' src='https:\/\/rotobed.com\/dk\/wp-content\/uploads\/2021\/03\/rygmarv-300x194-1.jpg' alt='rotobed bed for ms patient' title=''   itemprop=\"thumbnailUrl\"  \/><\/div><\/div><br \/>\n<section class=\"av_textblock_section \"  itemscope=\"itemscope\" itemtype=\"https:\/\/schema.org\/CreativeWork\" ><div class='avia_textblock  '   itemprop=\"text\" ><h4><strong>Forskning viser en klar sammenh\u00e6ng mellem v\u00e6vstab i rygmarven og sclerose-patienters sensoriske og motoriske funktionstab.<\/strong><\/h4>\n<h1><\/h1>\n<\/div><\/section><br \/>\n<section class=\"av_textblock_section \"  itemscope=\"itemscope\" itemtype=\"https:\/\/schema.org\/CreativeWork\" ><div class='avia_textblock  '   itemprop=\"text\" ><p>Multipel Sclerose er en tilstand, der forstyrrer informationsstr\u00f8mmen mellem hjernen og kroppen s\u00e5vel som inde i hjernen. Sclerose er en af \u200b\u200bde mest almindelige neurologiske lidelser for mennesker mellem 20 og 40 \u00e5r.<\/p>\n<p>\u00c5rsagen til multipel sklerose er endnu ikke kendt, og der er desv\u00e6rre endnu ingen kur. I mange tilf\u00e6lde kan sygdommen og dens symptomer imidlertid lindres med medicinsk behandling.<\/p>\n<p>De fleste mennesker f\u00e5r diagnosen i alderen 20 til 50 \u00e5r, og et stort flertal af patienterne er kvinder. Fremskridt, sv\u00e6rhedsgrad og specifikke symptomer p\u00e5 Sclerose er forskellige, hvorfor lidelsen ofte kaldes \u201csygdommen med 1000 ansigter\u201d. Almindelige symptomer er dog:<\/p>\n<ul>\n<li>F\u00f8lelsesl\u00f8shed i ansigt, krop eller ekstremiteter<\/li>\n<li>Tr\u00e6thed<\/li>\n<li>Muskelsvaghed<\/li>\n<li>Gangbesv\u00e6r<\/li>\n<li>Synsvanskeligheder<\/li>\n<\/ul>\n<p>(kilder: <a href=\"http:\/\/www.nationalmssociety.org\">www.nationalmssociety.org<\/a> og<a href=\"http:\/\/www.scleroseforeningen.dk\"> www.scleroseforeningen.dk)<\/a>.<\/p>\n<p>Alle disse symptomer kan g\u00f8re det sv\u00e6rere at kontrollere kroppens muskler og bev\u00e6gelser\u00a0 &#8211; og dermed ogs\u00e5 at komme ind og ud af sengen. En RotoBed\u00ae roterer brugeren forsigtigt ud af sengen p\u00e5 mindre end et minut &#8211; uden smerter og uden fysisk anstrengelse. Dette sparer brugeren for un\u00f8dne anstrengelser og giver mere energi til andre form\u00e5l i l\u00f8bet af dagen. Samtidig letter det ogs\u00e5 tilv\u00e6relsen for eventuelle hj\u00e6lpere og p\u00e5r\u00f8rende. Som seng til sclerose patienter kan RotoBed\u00aeFree s\u00f8ges som hj\u00e6lpemiddel hos kommunen.<\/p>\n<h1><\/h1>\n<\/div><\/section><\/p>\n<\/div><\/div><\/div><\/div><\/div><\/div><!-- close content main div --><\/div><\/div><div id='av-layout-grid-2' class='av-layout-grid-container entry-content-wrapper main_color av-flex-cells   av-border-top-bottom container_wrap fullsize'   >\n<div class=\"flex_cell no_margin av_one_third   \" style='vertical-align:top; padding:30px; '><div class='flex_cell_inner' ><div class='avia-image-container  av-styling-    avia-align-center '  itemprop=\"ImageObject\" itemscope=\"itemscope\" itemtype=\"https:\/\/schema.org\/ImageObject\"  ><div class='avia-image-container-inner'><a href='https:\/\/rotobed.com\/dk\/seng-med-drejefunktion\/' class='avia_image'  ><img class='avia_image ' src='https:\/\/rotobed.com\/dk\/wp-content\/uploads\/2015\/09\/Jan-1-1030x687.jpg' alt='RotoBed\u00ae seng til ALS' title='RotoBed\u00ae ALS'  itemprop=\"thumbnailUrl\"  \/><\/a><\/div><\/div>\n<\/div><\/div><div class=\"flex_cell no_margin av_one_third   \" style='vertical-align:top; padding:30px; '><div class='flex_cell_inner' ><p><div style='height:30px' class='hr hr-invisible  '><span class='hr-inner ' ><span class='hr-inner-style'><\/span><\/span><\/div><br \/>\n<section class=\"av_textblock_section \"  itemscope=\"itemscope\" itemtype=\"https:\/\/schema.org\/CreativeWork\" ><div class='avia_textblock  '   itemprop=\"text\" ><h3><strong>Hvem kan have gavn af en RotoBed\u00ae? L\u00e6s her, hvad andre brugere og p\u00e5r\u00f8rende siger om deres erfaringer.\u00a0<\/strong><\/h3>\n<h1><\/h1>\n<\/div><\/section><br \/>\n<div style='height:50px' class='hr hr-invisible  '><span class='hr-inner ' ><span class='hr-inner-style'><\/span><\/span><\/div><br \/>\n<div class='avia-button-wrap avia-button-center '><a href='https:\/\/rotobed.com\/dk\/seng-med-drejefunktion\/' class='avia-button   avia-icon_select-no avia-color-theme-color avia-size-x-large avia-position-center '   ><span class='avia_iconbox_title' >Se alle RotoBed\u00ae referencer her<\/span><\/a><\/div><\/p>\n<\/div><\/div><div class=\"flex_cell no_margin av_one_third   \" style='vertical-align:top; padding:30px; '><div class='flex_cell_inner' ><div class='avia-image-container  av-styling-    avia-align-center '  itemprop=\"ImageObject\" itemscope=\"itemscope\" itemtype=\"https:\/\/schema.org\/ImageObject\"  ><div class='avia-image-container-inner'><a href='https:\/\/rotobed.com\/dk\/seng-med-drejefunktion\/' class='avia_image'  ><img class='avia_image ' src='https:\/\/rotobed.com\/dk\/wp-content\/uploads\/2021\/03\/Hans-Villadsen-og-Else-1030x693.jpg' alt='rotobed drejeseng referencer' title='Hans Villadsen og Else'  itemprop=\"thumbnailUrl\"  \/><\/a><\/div><\/div>\n<\/div><\/div><\/div><\/p>\n","protected":false},"excerpt":{"rendered":"","protected":false},"author":1,"featured_media":0,"parent":0,"menu_order":0,"comment_status":"closed","ping_status":"closed","template":"","meta":[],"_links":{"self":[{"href":"https:\/\/rotobed.com\/dk\/wp-json\/wp\/v2\/pages\/204"}],"collection":[{"href":"https:\/\/rotobed.com\/dk\/wp-json\/wp\/v2\/pages"}],"about":[{"href":"https:\/\/rotobed.com\/dk\/wp-json\/wp\/v2\/types\/page"}],"author":[{"embeddable":true,"href":"https:\/\/rotobed.com\/dk\/wp-json\/wp\/v2\/users\/1"}],"replies":[{"embeddable":true,"href":"https:\/\/rotobed.com\/dk\/wp-json\/wp\/v2\/comments?post=204"}],"version-history":[{"count":17,"href":"https:\/\/rotobed.com\/dk\/wp-json\/wp\/v2\/pages\/204\/revisions"}],"predecessor-version":[{"id":7303,"href":"https:\/\/rotobed.com\/dk\/wp-json\/wp\/v2\/pages\/204\/revisions\/7303"}],"wp:attachment":[{"href":"https:\/\/rotobed.com\/dk\/wp-json\/wp\/v2\/media?parent=204"}],"curies":[{"name":"wp","href":"https:\/\/api.w.org\/{rel}","templated":true}]}}