{"id":206,"date":"2015-12-06T22:07:37","date_gmt":"2015-12-06T22:07:37","guid":{"rendered":"https:\/\/rotobed.com\/dk\/?page_id=206"},"modified":"2021-03-12T12:37:49","modified_gmt":"2021-03-12T12:37:49","slug":"parkinson-seng","status":"publish","type":"page","link":"https:\/\/rotobed.com\/dk\/parkinson-seng\/","title":{"rendered":"Bonnich Petersen"},"content":{"rendered":"<\/div><\/div><\/div><!-- close content main div --><\/div><\/div><div id='av-layout-grid-1' class='av-layout-grid-container entry-content-wrapper main_color av-flex-cells   av-border-cells container_wrap fullsize'   >\n<div class=\"flex_cell no_margin av_two_third   \" style='vertical-align:top; padding:30px; '><div class='flex_cell_inner' ><section class=\"av_textblock_section \"  itemscope=\"itemscope\" itemtype=\"https:\/\/schema.org\/CreativeWork\" ><div class='avia_textblock  '   itemprop=\"text\" ><h1 style=\"text-align: center;\">Det er virkelig en lettelse for mig<\/h1>\n<\/div><\/section><br \/>\n<div style='height:15px' class='hr hr-invisible  '><span class='hr-inner ' ><span class='hr-inner-style'><\/span><\/span><\/div><br \/>\n<div class='avia-image-container  av-styling-    avia-align-center '  itemprop=\"ImageObject\" itemscope=\"itemscope\" itemtype=\"https:\/\/schema.org\/ImageObject\"  ><div class='avia-image-container-inner'><img class='avia_image ' src='https:\/\/rotobed.com\/dk\/wp-content\/uploads\/2016\/12\/Bonnich-01A-\u00a9-Jonas-Fotografi-1030x687.jpg' alt='RotoBed Parkinson seng' title='RotoBed Parkinson'   itemprop=\"thumbnailUrl\"  \/><\/div><\/div><br \/>\n<div style='height:15px' class='hr hr-invisible  '><span class='hr-inner ' ><span class='hr-inner-style'><\/span><\/span><\/div><br \/>\n<section class=\"av_textblock_section \"  itemscope=\"itemscope\" itemtype=\"https:\/\/schema.org\/CreativeWork\" ><div class='avia_textblock  '   itemprop=\"text\" ><h3>Bonnich Petersen er 77 \u00e5r og pensioneret konditor fra Aabenraa. Bonnich lider af Parkinsons og slidgigt. Han har haft RotoBed\u00ae sengen i 15 m\u00e5neder.<\/h3>\n<p><strong>Parkinson seng &#8211; Bonnichs beskrivelse:<\/strong><\/p>\n<p>Jeg har haft Parkinsons i 12 \u00e5r, men de seneste par \u00e5r er det blevet noget v\u00e6rre. Jeg har sv\u00e6rt ved at g\u00e5, kroppen vil ikke rigtig lystre mig, og jeg har smerter.<br \/>\nF\u00f8r havde jeg en almindelig seng med elevation, men det er slet ikke noget i forhold til den her. Jeg kan styre den helt n\u00f8jagtigt, et lille hak frem her, et lille hak tilbage der, indtil jeg ligger rigtig godt.<br \/>\nTidligere var det en kamp at komme i seng, og jeg m\u00e5tte v\u00e6kke min kone hver nat, s\u00e5 hun kunne sl\u00e6be mig op, n\u00e5r jeg skulle tisse.<\/p>\n<p>Siden jeg har f\u00e5et sengen, har jeg ikke en eneste gang v\u00e6ret n\u00f8dt til at v\u00e6kke min kone om natten. Det er virkelig en lettelse. Det er meget tilfredsstillende for mig, at jeg kan klare mig selv, og at jeg ikke skal g\u00e5 og sp\u00f8rge om hj\u00e6lp. Middagsluren kan jeg ogs\u00e5 klare selv med den her seng, s\u00e5 nu kan min kone komme ud af huset igen.<\/p>\n<\/div><\/section><br \/>\n<div style=' margin-top:10px; margin-bottom:10px;'  class='hr hr-custom hr-center hr-icon-no  '><span class='hr-inner   inner-border-av-border-thin' style=' width:100%;' ><span class='hr-inner-style'><\/span><\/span><\/div><br \/>\n<div class=\"flex_column av_one_half  flex_column_div av-zero-column-padding first  \" style='border-radius:0px; '><section class=\"av_textblock_section \"  itemscope=\"itemscope\" itemtype=\"https:\/\/schema.org\/CreativeWork\" ><div class='avia_textblock  '   itemprop=\"text\" ><h3>Hvem kan have gavn af en RotoBed\u00ae?<\/h3>\n<p>Se hvad andre brugere og p\u00e5r\u00f8rende siger om deres erfaringer med vores drejesenge.<\/p>\n<\/div><\/section><br \/>\n<div style='height:30px' class='hr hr-invisible  '><span class='hr-inner ' ><span class='hr-inner-style'><\/span><\/span><\/div><br \/>\n<div class='avia-button-wrap avia-button-left '><a href='https:\/\/rotobed.com\/dk\/seng-med-drejefunktion\/' class='avia-button   avia-icon_select-no avia-color-theme-color avia-size-x-large avia-position-left '   ><span class='avia_iconbox_title' >Se flere RotoBed\u00ae referencer her<\/span><\/a><\/div><\/p><\/div><div class=\"flex_column av_one_half  flex_column_div av-zero-column-padding   \" style='border-radius:0px; '><div class='avia-image-container  av-styling-    avia-align-center '  itemprop=\"ImageObject\" itemscope=\"itemscope\" itemtype=\"https:\/\/schema.org\/ImageObject\"  ><div class='avia-image-container-inner'><a href='https:\/\/rotobed.com\/dk\/seng-med-drejefunktion\/' class='avia_image'  ><img class='avia_image ' src='https:\/\/rotobed.com\/dk\/wp-content\/uploads\/2021\/03\/hans-villadsen-1-1030x687.jpg' alt='referencer rotobed drejeseng' title='RotoBed\u00ae brugerhistorier'  itemprop=\"thumbnailUrl\"  \/><\/a><\/div><\/div><\/div><\/p>\n<\/div><\/div><div class=\"flex_cell no_margin av_one_third   \" style='vertical-align:top; padding:30px; '><div class='flex_cell_inner' ><p><div class='avia-image-container  av-styling-    avia-align-center '  itemprop=\"ImageObject\" itemscope=\"itemscope\" itemtype=\"https:\/\/schema.org\/ImageObject\"  ><div class='avia-image-container-inner'><img class='avia_image ' src='https:\/\/rotobed.com\/dk\/wp-content\/uploads\/2021\/03\/hjerne-ny.png' alt='parkinson rotobed' title=''   itemprop=\"thumbnailUrl\"  \/><\/div><\/div><br \/>\n<section class=\"av_textblock_section \"  itemscope=\"itemscope\" itemtype=\"https:\/\/schema.org\/CreativeWork\" ><div class='avia_textblock  '   itemprop=\"text\" ><h3>Er RotoBed\u00ae en Parkinson seng?<\/h3>\n<p>Parkinson er en neurodegenerativ lidelse, der overvejende p\u00e5virker dopaminproducerende neuroner i et specifikt omr\u00e5de af hjernen.<\/p>\n<p>Lidelsen rammer flere m\u00e6nd end kvinder, og oftest kommer de f\u00f8rste tegn i 50-60 \u00e5rs alderen. If\u00f8lge <a href=\"http:\/\/www.parkinson.dk\">Parkinsonforeningen<\/a> er der omkring 7300 danskere med Parkinson, mens tallet p\u00e5 verdensplan er hele 12 millioner.<\/p>\n<p>Der findes arvelige former for Parkinson, men de er sj\u00e6ldne, og for langt de fleste patienter kender man ikke \u00e5rsagen til tabet af dopaminceller. Endnu har man ikke fundet en kur mod Parkinson, men et vel tilrettelagt behandlingsforl\u00f8b &#8211; fortrinsvis medicinsk &#8211; kan d\u00e6mpe mange af symptomerne.<\/p>\n<p>Symptomerne udvikler sig generelt langsomt over \u00e5r. Symptomernes progression er ofte lidt forskellig fra person til person p\u00e5 grund af sygdommens mangfoldighed. Mennesker med Parkinson kan opleve:<\/p>\n<ul>\n<li>Rystelse, hovedsagelig i hvile<\/li>\n<li>Langsomme bev\u00e6gelser<\/li>\n<li>Stivhed i lemmer<\/li>\n<li>Gang- og balanceproblemer<\/li>\n<\/ul>\n<p>Alle disse symptomer kan g\u00f8re det sv\u00e6rt, smertefuldt eller endda umuligt at komme ud af sengen uden hj\u00e6lp. RotoBed\u00ae har gode erfaringer med brugere, der lider af Parkinsons. Takket v\u00e6re rotationsmekanismen beh\u00f8ver brugeren (eller en hj\u00e6lper\/p\u00e5r\u00f8rend ) kun at trykke p\u00e5 en enkelt knap, og sengen roterer forsigtigt brugeren til en siddende udgangsposition.<\/p>\n<p>Hvis du \u00f8nsker at vide mere om vores hj\u00e6lpsomme seng, bedes du kontakte os p\u00e5 <a href=\"info@rotobed.com\">info@rotobed.com<\/a>.<\/p>\n<\/div><\/section><\/p>\n<\/div><\/div><\/div>\n","protected":false},"excerpt":{"rendered":"","protected":false},"author":1,"featured_media":0,"parent":0,"menu_order":0,"comment_status":"closed","ping_status":"closed","template":"","meta":[],"_links":{"self":[{"href":"https:\/\/rotobed.com\/dk\/wp-json\/wp\/v2\/pages\/206"}],"collection":[{"href":"https:\/\/rotobed.com\/dk\/wp-json\/wp\/v2\/pages"}],"about":[{"href":"https:\/\/rotobed.com\/dk\/wp-json\/wp\/v2\/types\/page"}],"author":[{"embeddable":true,"href":"https:\/\/rotobed.com\/dk\/wp-json\/wp\/v2\/users\/1"}],"replies":[{"embeddable":true,"href":"https:\/\/rotobed.com\/dk\/wp-json\/wp\/v2\/comments?post=206"}],"version-history":[{"count":15,"href":"https:\/\/rotobed.com\/dk\/wp-json\/wp\/v2\/pages\/206\/revisions"}],"predecessor-version":[{"id":7935,"href":"https:\/\/rotobed.com\/dk\/wp-json\/wp\/v2\/pages\/206\/revisions\/7935"}],"wp:attachment":[{"href":"https:\/\/rotobed.com\/dk\/wp-json\/wp\/v2\/media?parent=206"}],"curies":[{"name":"wp","href":"https:\/\/api.w.org\/{rel}","templated":true}]}}