{"id":208,"date":"2015-12-06T22:08:56","date_gmt":"2015-12-06T22:08:56","guid":{"rendered":"https:\/\/rotobed.com\/dk\/?page_id=208"},"modified":"2021-03-17T09:09:27","modified_gmt":"2021-03-17T09:09:27","slug":"kristina-sangvita","status":"publish","type":"page","link":"https:\/\/rotobed.com\/dk\/kristina-sangvita\/","title":{"rendered":"Kristina Sangvita"},"content":{"rendered":"<\/div><\/div><\/div><!-- close content main div --><\/div><\/div><div id='av-layout-grid-1' class='av-layout-grid-container entry-content-wrapper main_color av-flex-cells   av-border-cells container_wrap fullsize'   >\n<div class=\"flex_cell no_margin av_two_third   \" style='vertical-align:top; padding:30px; '><div class='flex_cell_inner' ><p><div style='height:10px' class='hr hr-invisible  '><span class='hr-inner ' ><span class='hr-inner-style'><\/span><\/span><\/div><br \/>\n<section class=\"av_textblock_section \"  itemscope=\"itemscope\" itemtype=\"https:\/\/schema.org\/CreativeWork\" ><div class='avia_textblock  '   itemprop=\"text\" ><h1 style=\"text-align: center;\">Pludselig kunne jeg m\u00e6rke mine ben<\/h1>\n<\/div><\/section><br \/>\n<div style='height:10px' class='hr hr-invisible  '><span class='hr-inner ' ><span class='hr-inner-style'><\/span><\/span><\/div><br \/>\n<div class='avia-image-container  av-styling-    avia-align-center '  itemprop=\"ImageObject\" itemscope=\"itemscope\" itemtype=\"https:\/\/schema.org\/ImageObject\"  ><div class='avia-image-container-inner'><img class='avia_image ' src='https:\/\/rotobed.com\/dk\/wp-content\/uploads\/2015\/09\/Kristina-1030x687.jpg' alt='' title='Kristina'   itemprop=\"thumbnailUrl\"  \/><\/div><\/div><br \/>\n<div style='height:50px' class='hr hr-invisible  '><span class='hr-inner ' ><span class='hr-inner-style'><\/span><\/span><\/div><br \/>\n<section class=\"av_textblock_section \"  itemscope=\"itemscope\" itemtype=\"https:\/\/schema.org\/CreativeWork\" ><div class='avia_textblock  '   itemprop=\"text\" ><h3>Kristina Sangvita fra R\u00f8dovre er 41 \u00e5r og delvist lam efter en trafikulykke for 16 \u00e5r siden. Kristina havde en RotoBed\u00ae i halvandet \u00e5r og fik det meget bedre.<\/h3>\n<\/div><\/section><br \/>\n<section class=\"av_textblock_section \"  itemscope=\"itemscope\" itemtype=\"https:\/\/schema.org\/CreativeWork\" ><div class='avia_textblock  '   itemprop=\"text\" ><p>Det liv, jeg havde f\u00f8r, var ikke v\u00e6rd at leve. At blive flyttet rundt p\u00e5 hele tiden, at v\u00e6re indesp\u00e6rret, fordi man ikke selv kan komme ud af sengen, at ligge og holde sig hele natten, fordi man ikke kan komme p\u00e5 toilet selv \u2013 det var forf\u00e6rdeligt.<\/p>\n<p>Jeg k\u00e6mpede meget l\u00e6nge for at f\u00e5 en RotoBed\u00ae, men kommunen afviste hele vejen igennem. Til sidst fik jeg lov at l\u00e5ne sengen af RotoBed\u00ae, og s\u00e5 skete der bare s\u00e5 meget med mig, fordi jeg pludselig selv kunne komme ud og ind af sengen.<\/p>\n<p>Jeg fik det fysisk meget bedre, fordi der ikke l\u00e6ngere blev hevet og trukket i mine led. Men jeg fik det ogs\u00e5 mentalt bedre, fordi jeg ikke l\u00e6ngere skulle k\u00e6mpe for at f\u00e5 en bedre seng.<\/p>\n<p>Det gav b\u00e5de fysisk og mental ro, og jeg fik en bedre bl\u00e6refunktion, fordi jeg ikke skulle holde mig hver morgen, indtil hj\u00e6lperne kom. Og vigtigst gjorde det, at jeg ikke bare skulle koncentrere mig om at overleve og blive opbevaret og rykket rundt p\u00e5 som en ting, men at jeg rent faktisk kunne leve et meningsfyldt liv.<\/p>\n<p><strong>Bad selv om mindre hj\u00e6lp<\/strong><\/p>\n<p>Da jeg havde haft RotoBed\u00ae i et \u00e5r, bad jeg selv om f\u00e6rre hj\u00e6lpertimer, fordi jeg kunne meget mere. Jeg troede ikke, det nogensinde kunne ske, men pludselig kunne jeg m\u00e6rke mit ene ben for f\u00f8rste gang i mange \u00e5r.\u00a0 Senere kunne jeg vippe lidt med t\u00e6erne, og i dag kan jeg sidde p\u00e5 en kontorstol og skubbe mig rundt p\u00e5 gulvet.\u00a0 P\u00e5 de helt gode dage kan jeg st\u00e5 op i nogle sekunder.<\/p>\n<p>Jeg kan jo ikke sige, om det er RotoBed\u00ae, der har gjort det, men jeg er sikker p\u00e5, den er medvirkende. Nu har jeg f\u00e5et det s\u00e5 godt, at jeg ikke l\u00e6ngere beh\u00f8ver den. Jeg sover i en helt almindelig elevationsseng. Det er da en solstr\u00e5lehistorie.<\/p>\n<\/div><\/section><\/p>\n<\/div><\/div><div class=\"flex_cell no_margin av_one_third   \" style='vertical-align:top; padding:30px; '><div class='flex_cell_inner' ><p><div class='avia-image-container  av-styling-    avia-align-center '  itemprop=\"ImageObject\" itemscope=\"itemscope\" itemtype=\"https:\/\/schema.org\/ImageObject\"  ><div class='avia-image-container-inner'><a href='https:\/\/rotobed.com\/dk\/psp-parkinson\/' class='avia_image'  ><img class='avia_image ' src='https:\/\/rotobed.com\/dk\/wp-content\/uploads\/2021\/03\/hans-villadsen-1-300x200.jpg' alt='referencer rotobed drejeseng' title='RotoBed\u00ae brugerhistorier'  itemprop=\"thumbnailUrl\"  \/><\/a><\/div><\/div><br \/>\n<section class=\"av_textblock_section \"  itemscope=\"itemscope\" itemtype=\"https:\/\/schema.org\/CreativeWork\" ><div class='avia_textblock  '  style='font-size:24px; '  itemprop=\"text\" ><p style=\"text-align: center;\"><a href=\"https:\/\/rotobed.com\/dk\/psp-parkinson\/\"><strong>Det er meget mere v\u00e6rdigt<\/strong><\/a><\/p>\n<\/div><\/section><br \/>\n<div style=' margin-top:10px; margin-bottom:10px;'  class='hr hr-custom hr-center hr-icon-no  '><span class='hr-inner   inner-border-av-border-thin' style=' width:100%;' ><span class='hr-inner-style'><\/span><\/span><\/div><br \/>\n<div class='avia-image-container  av-styling-    avia-align-center '  itemprop=\"ImageObject\" itemscope=\"itemscope\" itemtype=\"https:\/\/schema.org\/ImageObject\"  ><div class='avia-image-container-inner'><a href='https:\/\/rotobed.com\/dk\/lymfoedem\/' class='avia_image'  ><img class='avia_image ' src='https:\/\/rotobed.com\/dk\/wp-content\/uploads\/2016\/10\/Ester-300x200.jpg' alt='Lymf\u00f8dem RotoBed drejeseng' title='Esther'  itemprop=\"thumbnailUrl\"  \/><\/a><\/div><\/div><br \/>\n<section class=\"av_textblock_section \"  itemscope=\"itemscope\" itemtype=\"https:\/\/schema.org\/CreativeWork\" ><div class='avia_textblock  '  style='font-size:24px; '  itemprop=\"text\" ><p style=\"text-align: center;\"><a href=\"https:\/\/rotobed.com\/dk\/psp-parkinson\/\"><strong>Jeg fik mit liv tilbage<\/strong><\/a><\/p>\n<\/div><\/section><br \/>\n<div style=' margin-top:10px; margin-bottom:10px;'  class='hr hr-custom hr-center hr-icon-no  '><span class='hr-inner   inner-border-av-border-thin' style=' width:100%;' ><span class='hr-inner-style'><\/span><\/span><\/div><br \/>\n<div class='avia-image-container  av-styling-    avia-align-center '  itemprop=\"ImageObject\" itemscope=\"itemscope\" itemtype=\"https:\/\/schema.org\/ImageObject\"  ><div class='avia-image-container-inner'><a href='https:\/\/rotobed.com\/dk\/rotobed-som-hjaelpemiddel\/' class='avia_image'  ><img class='avia_image ' src='https:\/\/rotobed.com\/dk\/wp-content\/uploads\/2016\/10\/Jack-300x200.jpg' alt='blodprop seng rotobed' title='Jack'  itemprop=\"thumbnailUrl\"  \/><\/a><\/div><\/div><br \/>\n<section class=\"av_textblock_section \"  itemscope=\"itemscope\" itemtype=\"https:\/\/schema.org\/CreativeWork\" ><div class='avia_textblock  '  style='font-size:24px; '  itemprop=\"text\" ><p style=\"text-align: center;\"><a href=\"https:\/\/rotobed.com\/dk\/rotobed-som-hjaelpemiddel\/\"><strong>Nu st\u00e5r jeg op uden smerter<\/strong><\/a><\/p>\n<\/div><\/section><br \/>\n<div style=' margin-top:30px; margin-bottom:10px;'  class='hr hr-custom hr-center hr-icon-no  '><span class='hr-inner   inner-border-av-border-thin' style=' width:100%;' ><span class='hr-inner-style'><\/span><\/span><\/div><br \/>\n<section class=\"av_textblock_section \"  itemscope=\"itemscope\" itemtype=\"https:\/\/schema.org\/CreativeWork\" ><div class='avia_textblock  '   itemprop=\"text\" ><h3>RotoBed\u00ae hj\u00e6lper mennesker til st\u00f8rre frihed og v\u00e6rdighed. L\u00e6s alle vores brugerfort\u00e6llinger fra mennesker med vidt forskellige udfordringer og sygdomme.<\/h3>\n<\/div><\/section><br \/>\n<div style='height:50px' class='hr hr-invisible  '><span class='hr-inner ' ><span class='hr-inner-style'><\/span><\/span><\/div><br \/>\n<div class='avia-button-wrap avia-button-center '><a href='https:\/\/rotobed.com\/dk\/seng-med-drejefunktion\/' class='avia-button   avia-icon_select-no avia-color-theme-color avia-size-x-large avia-position-center '   ><span class='avia_iconbox_title' >Se alle RotoBed\u00ae referencer her<\/span><\/a><\/div><\/p>\n<\/div><\/div><\/div>\n","protected":false},"excerpt":{"rendered":"","protected":false},"author":1,"featured_media":0,"parent":0,"menu_order":0,"comment_status":"closed","ping_status":"closed","template":"","meta":[],"_links":{"self":[{"href":"https:\/\/rotobed.com\/dk\/wp-json\/wp\/v2\/pages\/208"}],"collection":[{"href":"https:\/\/rotobed.com\/dk\/wp-json\/wp\/v2\/pages"}],"about":[{"href":"https:\/\/rotobed.com\/dk\/wp-json\/wp\/v2\/types\/page"}],"author":[{"embeddable":true,"href":"https:\/\/rotobed.com\/dk\/wp-json\/wp\/v2\/users\/1"}],"replies":[{"embeddable":true,"href":"https:\/\/rotobed.com\/dk\/wp-json\/wp\/v2\/comments?post=208"}],"version-history":[{"count":15,"href":"https:\/\/rotobed.com\/dk\/wp-json\/wp\/v2\/pages\/208\/revisions"}],"predecessor-version":[{"id":7330,"href":"https:\/\/rotobed.com\/dk\/wp-json\/wp\/v2\/pages\/208\/revisions\/7330"}],"wp:attachment":[{"href":"https:\/\/rotobed.com\/dk\/wp-json\/wp\/v2\/media?parent=208"}],"curies":[{"name":"wp","href":"https:\/\/api.w.org\/{rel}","templated":true}]}}