{"id":210,"date":"2015-12-06T22:13:31","date_gmt":"2015-12-06T22:13:31","guid":{"rendered":"https:\/\/rotobed.com\/dk\/?page_id=210"},"modified":"2021-03-12T11:43:34","modified_gmt":"2021-03-12T11:43:34","slug":"tommy-hansen","status":"publish","type":"page","link":"https:\/\/rotobed.com\/dk\/tommy-hansen\/","title":{"rendered":"Tommy Hansen"},"content":{"rendered":"<\/div><\/div><\/div><!-- close content main div --><\/div><\/div><div id='av-layout-grid-1' class='av-layout-grid-container entry-content-wrapper main_color av-flex-cells   av-border-cells container_wrap fullsize'   >\n<div class=\"flex_cell no_margin av_two_third   \" style='vertical-align:top; padding:30px; '><div class='flex_cell_inner' ><section class=\"av_textblock_section \"  itemscope=\"itemscope\" itemtype=\"https:\/\/schema.org\/CreativeWork\" ><div class='avia_textblock  '   itemprop=\"text\" ><h1 style=\"text-align: center;\">Den er genial !<\/h1>\n<\/div><\/section><br \/>\n<div class='avia-image-container  av-styling-    avia-align-center '  itemprop=\"ImageObject\" itemscope=\"itemscope\" itemtype=\"https:\/\/schema.org\/ImageObject\"  ><div class='avia-image-container-inner'><img class='avia_image ' src='https:\/\/rotobed.com\/dk\/wp-content\/uploads\/2015\/09\/Tommy-1030x687.jpg' alt='rotobed bruger erfaringer referencer' title='Tommy'   itemprop=\"thumbnailUrl\"  \/><\/div><\/div><br \/>\n<section class=\"av_textblock_section \"  itemscope=\"itemscope\" itemtype=\"https:\/\/schema.org\/CreativeWork\" ><div class='avia_textblock  '   itemprop=\"text\" ><h3>Tommy Hansen fra Sorgenfri er 47 \u00e5r. Tommy er f\u00f8dt spastiker og har haft en RotoBed\u00ae i 10 m\u00e5neder.<\/h3>\n<p>Jeg har store problemer med min mave, og nogle gange g\u00e5r det galt for mig om natten. Det gav mig store problemer f\u00f8rhen, for jeg er jo spastiker, og n\u00e5r jeg skulle tr\u00e6kke mig ud af sengen, blev det hele tv\u00e6ret rundt. Det var b\u00e5de ydmygende og b\u00f8vlet, for jeg skulle selv g\u00f8re det rent.<\/p>\n<p>Egentlig var jeg ikke godkendt til at f\u00e5 en plejeseng, men denne her var blevet tilovers et sted, og s\u00e5 fik jeg lov at f\u00e5 den. Det var mit held. Nu drejer madrassen med rundt, og det betyder, at hvis jeg har haft et uheld om natten, s\u00e5 bliver det ikke l\u00e6ngere tv\u00e6ret ud over hele sengen, men bliver p\u00e5 madrassen. S\u00e5 bliver man ikke s\u00e5 sur og ked af det, for det kan ordnes i en ruf.<\/p>\n<p><strong>Jeg sparer en masse kr\u00e6fter<\/strong><\/p>\n<p>Jeg har ikke noget at uds\u00e6tte p\u00e5 sengen overhovedet. Jeg har oven i k\u00f8bet fundet ud af, at det har en hulens masse andre fordele for mig at have en RotoBed\u00ae. N\u00e5r kroppen er flad, s\u00e5 sparer jeg kr\u00e6fter p\u00e5 alt den masen for at komme ud. Det giver mig mulighed for at bruge kr\u00e6fterne p\u00e5 noget andet, og det er jo genialt.<\/p>\n<p>Hj\u00e6lperne er helt vilde med den. De fleste har aldrig set s\u00e5dan en seng f\u00f8r, og s\u00e5 synes de da ogs\u00e5 lige, deres kolleger skal se den, s\u00e5 jeg har n\u00e6rmest haft \u00e5bent hus for plejepersonale. Og s\u00e5 er den p\u00e6n. Selvf\u00f8lgelig ved man godt, at det er en plejeseng, men derfor beh\u00f8ver den jo ikke se ud, som om man skal d\u00f8 om et halvt \u00e5r.<\/p>\n<\/div><\/section><\/p>\n<\/div><\/div><div class=\"flex_cell no_margin av_one_third   \" style='vertical-align:top; padding:30px; '><div class='flex_cell_inner' ><p><div class='avia-image-container  av-styling-    avia-align-center '  itemprop=\"ImageObject\" itemscope=\"itemscope\" itemtype=\"https:\/\/schema.org\/ImageObject\"  ><div class='avia-image-container-inner'><a href='https:\/\/rotobed.com\/dk\/kristina-sangvita\/' class='avia_image'  ><img class='avia_image ' src='https:\/\/rotobed.com\/dk\/wp-content\/uploads\/2016\/11\/Kristina-300x200.jpg' alt='lammelse rotobed drejeseng' title='Kristina'  itemprop=\"thumbnailUrl\"  \/><\/a><\/div><\/div><br \/>\n<section class=\"av_textblock_section \"  itemscope=\"itemscope\" itemtype=\"https:\/\/schema.org\/CreativeWork\" ><div class='avia_textblock  '  style='font-size:24px; '  itemprop=\"text\" ><p style=\"text-align: center;\"><a href=\"https:\/\/rotobed.com\/dk\/kristina-sangvita\/\">Nu kan jeg m\u00e6rke mine ben<\/a><\/p>\n<\/div><\/section><br \/>\n<div  class='hr hr-default  '><span class='hr-inner ' ><span class='hr-inner-style'><\/span><\/span><\/div><br \/>\n<div class='avia-image-container  av-styling-    avia-align-center '  itemprop=\"ImageObject\" itemscope=\"itemscope\" itemtype=\"https:\/\/schema.org\/ImageObject\"  ><div class='avia-image-container-inner'><a href='https:\/\/rotobed.com\/dk\/rotobed-som-hjaelpemiddel\/' class='avia_image'  ><img class='avia_image ' src='https:\/\/rotobed.com\/dk\/wp-content\/uploads\/2016\/10\/Jack-300x200.jpg' alt='blodprop seng rotobed' title='Jack'  itemprop=\"thumbnailUrl\"  \/><\/a><\/div><\/div><br \/>\n<section class=\"av_textblock_section \"  itemscope=\"itemscope\" itemtype=\"https:\/\/schema.org\/CreativeWork\" ><div class='avia_textblock  '  style='font-size:24px; '  itemprop=\"text\" ><p style=\"text-align: center;\"><a href=\"https:\/\/rotobed.com\/dk\/jack-joensson\/\">F\u00f8r gjorde det meget ondt<\/a><\/p>\n<\/div><\/section><br \/>\n<div  class='hr hr-default  '><span class='hr-inner ' ><span class='hr-inner-style'><\/span><\/span><\/div><br \/>\n<div class='avia-image-container  av-styling-    avia-align-center '  itemprop=\"ImageObject\" itemscope=\"itemscope\" itemtype=\"https:\/\/schema.org\/ImageObject\"  ><div class='avia-image-container-inner'><a href='https:\/\/rotobed.com\/dk\/psp-parkinson\/' class='avia_image'  ><img class='avia_image ' src='https:\/\/rotobed.com\/dk\/wp-content\/uploads\/2021\/03\/hans-villadsen-1-300x200.jpg' alt='referencer rotobed drejeseng' title='RotoBed\u00ae brugerhistorier'  itemprop=\"thumbnailUrl\"  \/><\/a><\/div><\/div><br \/>\n<section class=\"av_textblock_section \"  itemscope=\"itemscope\" itemtype=\"https:\/\/schema.org\/CreativeWork\" ><div class='avia_textblock  '  style='font-size:24px; '  itemprop=\"text\" ><p style=\"text-align: center;\"><a href=\"https:\/\/rotobed.com\/dk\/psp-parkinson\/\">RotoBed\u00ae t\u00e6ndte lys i \u00f8jnene<\/a><\/p>\n<\/div><\/section><\/p>\n<\/div><\/div><\/div>\n","protected":false},"excerpt":{"rendered":"","protected":false},"author":1,"featured_media":0,"parent":0,"menu_order":0,"comment_status":"closed","ping_status":"closed","template":"","meta":[],"_links":{"self":[{"href":"https:\/\/rotobed.com\/dk\/wp-json\/wp\/v2\/pages\/210"}],"collection":[{"href":"https:\/\/rotobed.com\/dk\/wp-json\/wp\/v2\/pages"}],"about":[{"href":"https:\/\/rotobed.com\/dk\/wp-json\/wp\/v2\/types\/page"}],"author":[{"embeddable":true,"href":"https:\/\/rotobed.com\/dk\/wp-json\/wp\/v2\/users\/1"}],"replies":[{"embeddable":true,"href":"https:\/\/rotobed.com\/dk\/wp-json\/wp\/v2\/comments?post=210"}],"version-history":[{"count":9,"href":"https:\/\/rotobed.com\/dk\/wp-json\/wp\/v2\/pages\/210\/revisions"}],"predecessor-version":[{"id":7352,"href":"https:\/\/rotobed.com\/dk\/wp-json\/wp\/v2\/pages\/210\/revisions\/7352"}],"wp:attachment":[{"href":"https:\/\/rotobed.com\/dk\/wp-json\/wp\/v2\/media?parent=210"}],"curies":[{"name":"wp","href":"https:\/\/api.w.org\/{rel}","templated":true}]}}