{"id":37,"date":"2015-09-25T15:18:46","date_gmt":"2015-09-25T15:18:46","guid":{"rendered":"https:\/\/rotobed.com\/dk\/?page_id=37"},"modified":"2024-01-08T14:40:33","modified_gmt":"2024-01-08T14:40:33","slug":"seng-med-drejefunktion","status":"publish","type":"page","link":"https:\/\/rotobed.com\/dk\/seng-med-drejefunktion\/","title":{"rendered":"Cases RotoBed\u00ae DA"},"content":{"rendered":"<div style='height:50px' class='hr hr-invisible  '><span class='hr-inner ' ><span class='hr-inner-style'><\/span><\/span><\/div>\n<div class=\"flex_column av_one_fourth  flex_column_div av-zero-column-padding first  \" style='border-radius:0px; '><section class=\"av_textblock_section \"  itemscope=\"itemscope\" itemtype=\"https:\/\/schema.org\/CreativeWork\" ><div class='avia_textblock  '   itemprop=\"text\" ><blockquote>\n<p>&#8220;For mig betyder sengen alt. Jeg kan g\u00e5 i seng, n\u00e5r jeg synes og st\u00e5 op, n\u00e5r jeg synes. Jeg kan selv, og det er frihed.&#8221;<\/p>\n<\/blockquote>\n<\/div><\/section><\/div>\n<div class=\"flex_column av_one_half  flex_column_div av-zero-column-padding   \" style='border-radius:0px; '><p><div style='text-align:left; font-size:42px; ' class='av-rotator-container av-rotation-container-left  ' data-interval='5' data-animation='1'><h1 class='av-rotator-container-inner '>F\u00e5 friheden tilbage med en seng med drejefunktion<span class='av-rotator-text av-rotator-multiline-off '><\/span><\/h1><\/div><br \/>\n<div style='height:20px' class='hr hr-invisible  '><span class='hr-inner ' ><span class='hr-inner-style'><\/span><\/span><\/div><br \/>\n<section class=\"av_textblock_section \"  itemscope=\"itemscope\" itemtype=\"https:\/\/schema.org\/CreativeWork\" ><div class='avia_textblock  '   itemprop=\"text\" ><h3 style=\"text-align: left; padding-left: 40px;\">Se de st\u00e6rke beretninger fra RotoBed\u00ae brugere<\/h3>\n<\/div><\/section><\/p><\/div>\n<div class=\"flex_column av_one_fourth  flex_column_div av-zero-column-padding   \" style='border-radius:0px; '><section class=\"av_textblock_section \"  itemscope=\"itemscope\" itemtype=\"https:\/\/schema.org\/CreativeWork\" ><div class='avia_textblock  '   itemprop=\"text\" ><blockquote>\n<p>&#8220;Siden jeg har f\u00e5et sengen, har jeg ikke en eneste gang v\u00e6ret n\u00f8dt til at v\u00e6kke min kone om natten. Det er virkelig en lettelse.&#8221;<\/p>\n<\/blockquote>\n<\/div><\/section><\/div>\n<div style='height:20px' class='hr hr-invisible  '><span class='hr-inner ' ><span class='hr-inner-style'><\/span><\/span><\/div>\n<div class=\"flex_column av_one_third  flex_column_div av-zero-column-padding first  \" style='border-radius:0px; '><p><div class='avia-image-container  av-styling-    avia-align-center '  itemprop=\"ImageObject\" itemscope=\"itemscope\" itemtype=\"https:\/\/schema.org\/ImageObject\"  ><div class='avia-image-container-inner'><a href='https:\/\/rotobed.com\/dk\/psp-parkinson\/' class='avia_image'  ><img class='avia_image ' src='https:\/\/rotobed.com\/dk\/wp-content\/uploads\/2021\/03\/hans-villadsen-1-1030x687.jpg' alt='referencer rotobed drejeseng' title='RotoBed\u00ae brugerhistorier'  itemprop=\"thumbnailUrl\"  \/><\/a><\/div><\/div><br \/>\n<section class=\"av_textblock_section \"  itemscope=\"itemscope\" itemtype=\"https:\/\/schema.org\/CreativeWork\" ><div class='avia_textblock  '   itemprop=\"text\" ><h4><strong><a href=\"https:\/\/rotobed.com\/dk\/psp-parkinson\">Hans Villadsen<\/a><\/strong>,\u00a0 Solr\u00f8d, 76 \u00e5r. Fik konstateret PSP Parkinson i 2016. K\u00f8bte selv en RotoBed\u00aeFree i 2020.<\/h4>\n<\/div><\/section><\/p><\/div>\n<div class=\"flex_column av_one_third  flex_column_div av-zero-column-padding   \" style='border-radius:0px; '><p><div class='avia-image-container  av-styling-    avia-align-center '  itemprop=\"ImageObject\" itemscope=\"itemscope\" itemtype=\"https:\/\/schema.org\/ImageObject\"  ><div class='avia-image-container-inner'><a href='https:\/\/rotobed.com\/dk\/michael-salling\/' class='avia_image'  ><img class='avia_image ' src='https:\/\/rotobed.com\/dk\/wp-content\/uploads\/2021\/11\/Salling-01-@JonasFotografi-1030x687.jpg' alt='Sclerose plejeseng rotobed' title='Michael Salling Sclerose'  itemprop=\"thumbnailUrl\"  \/><\/a><\/div><\/div><br \/>\n<section class=\"av_textblock_section \"  itemscope=\"itemscope\" itemtype=\"https:\/\/schema.org\/CreativeWork\" ><div class='avia_textblock  '   itemprop=\"text\" ><h4><a href=\"https:\/\/rotobed.com\/dk\/michael-salling\/\"><strong>Michael Salling<\/strong>,<\/a> Vejle, 52 \u00e5r. Blev diagnosticeret med sclerose for 2013 og fik en RotoBed\u00ae i 2021. Op til dette fik han hj\u00e6lp 4 gange om dagen med at komme ind og ud af sengen. Nu klarer han sig selv.<\/h4>\n<\/div><\/section><\/p><\/div>\n<div class=\"flex_column av_one_third  flex_column_div av-zero-column-padding   \" style='border-radius:0px; '><p><div class='avia-image-container  av-styling-    avia-align-center '  itemprop=\"ImageObject\" itemscope=\"itemscope\" itemtype=\"https:\/\/schema.org\/ImageObject\"  ><div class='avia-image-container-inner'><a href='https:\/\/rotobed.com\/dk\/undgaa-tryksaar\/' class='avia_image'  ><img class='avia_image ' src='https:\/\/rotobed.com\/dk\/wp-content\/uploads\/2020\/01\/Lisbeth-02A-\u00a9-Jonas-Fotografi--1030x686.jpg' alt='' title='Lisbeth 02A - \u00a9 Jonas Fotografi'  itemprop=\"thumbnailUrl\"  \/><\/a><\/div><\/div><br \/>\n<section class=\"av_textblock_section \"  itemscope=\"itemscope\" itemtype=\"https:\/\/schema.org\/CreativeWork\" ><div class='avia_textblock  '   itemprop=\"text\" ><h4><a href=\"https:\/\/rotobed.com\/dk\/da\/lisbeth-buhl\/\"><strong>Lisbeth Buhl<\/strong><\/a>, Ergoterapeut i Hj\u00e6lpemiddelhuset, Aabenraa.<\/h4>\n<\/div><\/section><\/p><\/div>\n<div class=\"flex_column av_one_third  flex_column_div av-zero-column-padding first  \" style='border-radius:0px; '><p><div class='avia-image-container  av-styling-    avia-align-center '  itemprop=\"ImageObject\" itemscope=\"itemscope\" itemtype=\"https:\/\/schema.org\/ImageObject\"  ><div class='avia-image-container-inner'><a href='https:\/\/rotobed.com\/dk\/kristina-sangvita\/' class='avia_image'  ><img class='avia_image ' src='https:\/\/rotobed.com\/dk\/wp-content\/uploads\/2015\/09\/Kristina-1030x687.jpg' alt='' title='Kristina'  itemprop=\"thumbnailUrl\"  \/><\/a><\/div><\/div><br \/>\n<section class=\"av_textblock_section \"  itemscope=\"itemscope\" itemtype=\"https:\/\/schema.org\/CreativeWork\" ><div class='avia_textblock  '   itemprop=\"text\" ><h4><a href=\"https:\/\/rotobed.com\/dk\/da\/kristina-sangvita\/\"><strong>Kristina Sangvita<\/strong><\/a>, R\u00f8dovre. 41 \u00e5r. Delvist lam efter en trafikulykke for 16 \u00e5r siden. Havde en RotoBed\u00ae i halvandet \u00e5r, men har ikke l\u00e6ngere brug for den.<\/h4>\n<\/div><\/section><\/p><\/div>\n<div class=\"flex_column av_one_third  flex_column_div av-zero-column-padding   \" style='border-radius:0px; '><p><div class='avia-image-container  av-styling-    avia-align-center '  itemprop=\"ImageObject\" itemscope=\"itemscope\" itemtype=\"https:\/\/schema.org\/ImageObject\"  ><div class='avia-image-container-inner'><a href='https:\/\/rotobed.com\/dk\/bent-vogn\/' class='avia_image'  ><img class='avia_image ' src='https:\/\/rotobed.com\/dk\/wp-content\/uploads\/2024\/01\/Bent--1030x674.jpg' alt='RotoBed change Bent Vogn MS bed' title='Bent Vogn'  itemprop=\"thumbnailUrl\"  \/><\/a><\/div><\/div><br \/>\n<section class=\"av_textblock_section \"  itemscope=\"itemscope\" itemtype=\"https:\/\/schema.org\/CreativeWork\" ><div class='avia_textblock  '   itemprop=\"text\" ><h4><strong><a href=\"https:\/\/rotobed.com\/dk\/bent-vogn\/\">Bent Vogn<\/a><\/strong>, Svendborg. Har Sclerose og kan ikke komme ud sengen uden hj\u00e6lp. Har k\u00f8bt to RotoBed\u00ae senge.<\/h4>\n<\/div><\/section><\/p><\/div><div class=\"flex_column av_one_third  flex_column_div av-zero-column-padding   \" style='border-radius:0px; '><p><div class='avia-image-container  av-styling-    avia-align-center '  itemprop=\"ImageObject\" itemscope=\"itemscope\" itemtype=\"https:\/\/schema.org\/ImageObject\"  ><div class='avia-image-container-inner'><a href='https:\/\/rotobed.com\/dk\/tommy-hansen\/' class='avia_image'  ><img class='avia_image ' src='https:\/\/rotobed.com\/dk\/wp-content\/uploads\/2015\/09\/Tommy-1030x687.jpg' alt='rotobed bruger erfaringer referencer' title='Tommy'  itemprop=\"thumbnailUrl\"  \/><\/a><\/div><\/div><br \/>\n<section class=\"av_textblock_section \"  itemscope=\"itemscope\" itemtype=\"https:\/\/schema.org\/CreativeWork\" ><div class='avia_textblock  '   itemprop=\"text\" ><h4><a href=\"https:\/\/rotobed.com\/dk\/da\/tommy-hansen\/\"><strong>Tommy Hansen<\/strong><\/a>, Sorgenfri. 47 \u00e5r. F\u00f8dt spastiker. Har haft RotoBed\u00ae i 10 m\u00e5neder.<\/h4>\n<\/div><\/section><\/p><\/div><\/p>\n<div class=\"flex_column av_one_third  flex_column_div av-zero-column-padding first  \" style='border-radius:0px; '><p><div class='avia-image-container  av-styling-    avia-align-center '  itemprop=\"ImageObject\" itemscope=\"itemscope\" itemtype=\"https:\/\/schema.org\/ImageObject\"  ><div class='avia-image-container-inner'><a href='https:\/\/rotobed.com\/dk\/parkinson-seng\/' class='avia_image'  ><img class='avia_image ' src='https:\/\/rotobed.com\/dk\/wp-content\/uploads\/2015\/09\/Bonnich-1030x687.jpg' alt='' title='Bonnich'  itemprop=\"thumbnailUrl\"  \/><\/a><\/div><\/div><br \/>\n<section class=\"av_textblock_section \"  itemscope=\"itemscope\" itemtype=\"https:\/\/schema.org\/CreativeWork\" ><div class='avia_textblock  '   itemprop=\"text\" ><h4><a href=\"https:\/\/rotobed.com\/dk\/da\/bonnich-petersen\/\"><strong>Bonnich Petersen<\/strong><\/a>, Aabenraa. 77 \u00e5r, pensioneret konditor. Lider af Parkinsons og slidgigt. Har haft RotoBed\u00ae i 15 m\u00e5neder.<\/h4>\n<\/div><\/section><\/p><\/div>\n<div class=\"flex_column av_one_third  flex_column_div av-zero-column-padding   \" style='border-radius:0px; '><p><div class='avia-image-container  av-styling-    avia-align-center '  itemprop=\"ImageObject\" itemscope=\"itemscope\" itemtype=\"https:\/\/schema.org\/ImageObject\"  ><div class='avia-image-container-inner'><a href='https:\/\/rotobed.com\/dk\/seng-til-sclerose\/' class='avia_image'  ><img class='avia_image ' src='https:\/\/rotobed.com\/dk\/wp-content\/uploads\/2015\/09\/Helle-Pedersen-1030x687.jpg' alt='seng til sclerose rotobed plejeseng' title='Helle'  itemprop=\"thumbnailUrl\"  \/><\/a><\/div><\/div><br \/>\n<section class=\"av_textblock_section \"  itemscope=\"itemscope\" itemtype=\"https:\/\/schema.org\/CreativeWork\" ><div class='avia_textblock  '   itemprop=\"text\" ><h4><a href=\"https:\/\/rotobed.com\/dk\/da\/helle-petersen\/\"><strong>Helle Petersen<\/strong><\/a>, H\u00f8ng. 61 \u00e5r. Fik Sclerose i 1999. Har haft RotoBed\u00ae i et \u00e5r.<\/h4>\n<\/div><\/section><\/p><\/div>\n<div class=\"flex_column av_one_third  flex_column_div av-zero-column-padding   \" style='border-radius:0px; '><p><div class='avia-image-container  av-styling-    avia-align-center '  itemprop=\"ImageObject\" itemscope=\"itemscope\" itemtype=\"https:\/\/schema.org\/ImageObject\"  ><div class='avia-image-container-inner'><a href='https:\/\/rotobed.com\/dk\/peter-kristoffersen\/' class='avia_image'  ><img class='avia_image ' src='https:\/\/rotobed.com\/dk\/wp-content\/uploads\/2015\/09\/Peter-1030x687.jpg' alt='' title='Peter'  itemprop=\"thumbnailUrl\"  \/><\/a><\/div><\/div><br \/>\n<section class=\"av_textblock_section \"  itemscope=\"itemscope\" itemtype=\"https:\/\/schema.org\/CreativeWork\" ><div class='avia_textblock  '   itemprop=\"text\" ><h4><a href=\"https:\/\/rotobed.com\/dk\/da\/peter-kristoffersen\/\"><strong>Peter Kristoffersen<\/strong><\/a>, Odense. 56 \u00e5r, f\u00f8dt spastiker. Bor p\u00e5 bostedet Munkehatten.<\/h4>\n<\/div><\/section><\/p><\/div>\n<div class=\"flex_column av_one_third  flex_column_div av-zero-column-padding first  \" style='border-radius:0px; '><p><div class='avia-image-container  av-styling-    avia-align-center '  itemprop=\"ImageObject\" itemscope=\"itemscope\" itemtype=\"https:\/\/schema.org\/ImageObject\"  ><div class='avia-image-container-inner'><a href='https:\/\/rotobed.com\/dk\/rotobed-som-hjaelpemiddel\/' class='avia_image'  ><img class='avia_image ' src='https:\/\/rotobed.com\/dk\/wp-content\/uploads\/2015\/09\/Jack-1030x687.jpg' alt='' title='Jack'  itemprop=\"thumbnailUrl\"  \/><\/a><\/div><\/div><br \/>\n<section class=\"av_textblock_section \"  itemscope=\"itemscope\" itemtype=\"https:\/\/schema.org\/CreativeWork\" ><div class='avia_textblock  '   itemprop=\"text\" ><h4><a href=\"https:\/\/rotobed.com\/dk\/da\/jack-joensson\/\"><strong>Jack J\u00f8nsson<\/strong><\/a>, Ish\u00f8j. 71 \u00e5r. Er lam i h\u00f8jre side efter en blodprop. Har haft RotoBed\u00ae i et \u00e5r.<\/h4>\n<\/div><\/section><\/p><\/div>\n<div class=\"flex_column av_one_third  flex_column_div av-zero-column-padding   \" style='border-radius:0px; '><p><div class='avia-image-container  av-styling-    avia-align-center '  itemprop=\"ImageObject\" itemscope=\"itemscope\" itemtype=\"https:\/\/schema.org\/ImageObject\"  ><div class='avia-image-container-inner'><a href='https:\/\/rotobed.com\/dk\/seng-til-als\/' class='avia_image'  ><img class='avia_image ' src='https:\/\/rotobed.com\/dk\/wp-content\/uploads\/2015\/09\/Jan-03-1030x687.jpg' alt='' title='Jan-03'  itemprop=\"thumbnailUrl\"  \/><\/a><\/div><\/div><br \/>\n<section class=\"av_textblock_section \"  itemscope=\"itemscope\" itemtype=\"https:\/\/schema.org\/CreativeWork\" ><div class='avia_textblock  '   itemprop=\"text\" ><h4><a href=\"https:\/\/rotobed.com\/dk\/da\/jan-roenhoff\/\"><strong>Jan R\u00f8nhoff<\/strong><\/a>, Holstebro. Fik konstateret nervesygdommen ALS som 48-\u00e5rig. Flyttede et \u00e5r senere i sin egen plejebolig og fik samtidig en RotoBed\u00ae.<\/h4>\n<\/div><\/section><\/p><\/div>\n<div class=\"flex_column av_one_third  flex_column_div av-zero-column-padding   \" style='border-radius:0px; '><p><div class='avia-image-container  av-styling-    avia-align-center '  itemprop=\"ImageObject\" itemscope=\"itemscope\" itemtype=\"https:\/\/schema.org\/ImageObject\"  ><div class='avia-image-container-inner'><a href='https:\/\/rotobed.com\/dk\/lymfoedem\/' class='avia_image'  ><img class='avia_image ' src='https:\/\/rotobed.com\/dk\/wp-content\/uploads\/2015\/09\/Ester-03A-1030x685.jpg' alt='' title='Ester-03A'  itemprop=\"thumbnailUrl\"  \/><\/a><\/div><\/div><br \/>\n<section class=\"av_textblock_section \"  itemscope=\"itemscope\" itemtype=\"https:\/\/schema.org\/CreativeWork\" ><div class='avia_textblock  '   itemprop=\"text\" ><h4><a href=\"https:\/\/rotobed.com\/dk\/da\/esther-soegaard\/\"><strong>Esther S\u00f8gaard<\/strong><\/a>, Hodsager. 77 \u00e5r. Har lymf\u00f8dem og kan ikke selv l\u00f8fte sine ben. Fik en RotoBed\u00ae for tre \u00e5r siden.<\/h4>\n<\/div><\/section><\/p><\/div>\n<div style='height:50px' class='hr hr-invisible  '><span class='hr-inner ' ><span class='hr-inner-style'><\/span><\/span><\/div>\n","protected":false},"excerpt":{"rendered":"","protected":false},"author":1,"featured_media":0,"parent":0,"menu_order":0,"comment_status":"closed","ping_status":"closed","template":"","meta":[],"_links":{"self":[{"href":"https:\/\/rotobed.com\/dk\/wp-json\/wp\/v2\/pages\/37"}],"collection":[{"href":"https:\/\/rotobed.com\/dk\/wp-json\/wp\/v2\/pages"}],"about":[{"href":"https:\/\/rotobed.com\/dk\/wp-json\/wp\/v2\/types\/page"}],"author":[{"embeddable":true,"href":"https:\/\/rotobed.com\/dk\/wp-json\/wp\/v2\/users\/1"}],"replies":[{"embeddable":true,"href":"https:\/\/rotobed.com\/dk\/wp-json\/wp\/v2\/comments?post=37"}],"version-history":[{"count":41,"href":"https:\/\/rotobed.com\/dk\/wp-json\/wp\/v2\/pages\/37\/revisions"}],"predecessor-version":[{"id":7774,"href":"https:\/\/rotobed.com\/dk\/wp-json\/wp\/v2\/pages\/37\/revisions\/7774"}],"wp:attachment":[{"href":"https:\/\/rotobed.com\/dk\/wp-json\/wp\/v2\/media?parent=37"}],"curies":[{"name":"wp","href":"https:\/\/api.w.org\/{rel}","templated":true}]}}