{"id":51,"date":"2015-10-18T14:24:22","date_gmt":"2015-10-18T14:24:22","guid":{"rendered":"https:\/\/rotobed.com\/dk\/?page_id=51"},"modified":"2021-03-03T10:09:09","modified_gmt":"2021-03-03T10:09:09","slug":"plejeseng","status":"publish","type":"page","link":"https:\/\/rotobed.com\/dk\/plejeseng\/","title":{"rendered":"RotoBed\u00aeFree"},"content":{"rendered":"<div id='fullscreen_slider_1' class='avia-fullscreen-slider main_color   container_wrap fullsize'   ><div  data-size='extra_large'  data-lightbox_size='large'  data-animation='slide'  data-ids='6501,3114'  data-video_counter='0'  data-autoplay='false'  data-bg_slider='true'  data-slide_height='100'  data-handle='av_fullscreen'  data-interval='8'  data-class=' '  data-css_id='fullscreen_slider_1'  data-scroll_down=''  data-control_layout='av-control-default'  data-custom_markup=''  data-perma_caption=''  data-autoplay_stopper=''  data-image_attachment=''  data-min_height='0px'  data-stretch=''  data-default-height='100'  class='avia-slideshow avia-slideshow-1  av-control-default av-default-height-applied avia-slideshow-extra_large av_fullscreen   avia-slide-slider '  itemprop=\"ImageObject\" itemscope=\"itemscope\" itemtype=\"https:\/\/schema.org\/ImageObject\" ><ul class='avia-slideshow-inner' style='padding-bottom: 98.933333333333%;'><li style='background-position:center center;' data-img-url='https:\/\/rotobed.com\/dk\/wp-content\/uploads\/2020\/04\/Free-Milj\u00f8-e1585905275373-1500x1484.jpg' class=' slide-1 ' ><div data-rel='slideshow-1' class='avia-slide-wrap'  ><\/div><\/li><li style='background-position:center center;' data-img-url='https:\/\/rotobed.com\/dk\/wp-content\/uploads\/2016\/02\/Rotobed_new_bed-1500x1126.jpg' class=' slide-2 ' ><div data-rel='slideshow-1' class='avia-slide-wrap'  ><\/div><\/li><\/ul><div class='avia-slideshow-arrows avia-slideshow-controls'><a href='#prev' class='prev-slide' aria-hidden='true' data-av_icon='\ue87c' data-av_iconfont='entypo-fontello'>Forrige<\/a><a href='#next' class='next-slide' aria-hidden='true' data-av_icon='\ue87d' data-av_iconfont='entypo-fontello'>N&#230;ste<\/a><\/div><div class='avia-slideshow-dots avia-slideshow-controls'><a href='#1' class='goto-slide active' >1<\/a><a href='#2' class='goto-slide ' >2<\/a><\/div><\/div><\/div>\n<div style='height:50px' class='hr hr-invisible  '><span class='hr-inner ' ><span class='hr-inner-style'><\/span><\/span><\/div>\n<div class=\"flex_column av_one_fifth  flex_column_div av-zero-column-padding first  \" style='border-radius:0px; '><div class='avia-image-container  av-styling-    avia-align-center '  itemprop=\"ImageObject\" itemscope=\"itemscope\" itemtype=\"https:\/\/schema.org\/ImageObject\"  ><div class='avia-image-container-inner'><img class='avia_image ' src='https:\/\/rotobed.com\/dk\/wp-content\/uploads\/2019\/05\/IF-logo-vandret-300x154.jpg' alt='Rotobed rotating bed design' title='IF Award'   itemprop=\"thumbnailUrl\"  \/><\/div><\/div><\/div>\n<div class=\"flex_column av_four_fifth  flex_column_div av-zero-column-padding   \" style='border-radius:0px; '><section class=\"av_textblock_section \"  itemscope=\"itemscope\" itemtype=\"https:\/\/schema.org\/CreativeWork\" ><div class='avia_textblock  '   itemprop=\"text\" ><h1 style=\"text-align: center;\">RotoBed\u00aeFree drejeseng med h\u00f8jdejustering<\/h1>\n<h1 style=\"text-align: center;\">&#8211; verdens mest hj\u00e6lpsomme plejeseng !<\/h1>\n<\/div><\/section><\/div>\n<div  class='hr hr-default  '><span class='hr-inner ' ><span class='hr-inner-style'><\/span><\/span><\/div>\n<div class=\"flex_column av_one_half  flex_column_div av-zero-column-padding first  \" style='border-radius:0px; '><section class=\"av_textblock_section \"  itemscope=\"itemscope\" itemtype=\"https:\/\/schema.org\/CreativeWork\" ><div class='avia_textblock  '   itemprop=\"text\" ><h3>RotoBed\u00aeFree er en innovativ og harmonisk plejeseng med et v\u00e6ld af h\u00f8jteknologiske funktioner:<\/h3>\n<ul>\n<li>Personer, der har sv\u00e6rt ved at komme ud og ind i sengen selv, kan med en RotoBed\u00aeFree klare ind- og udstigning uden brug af kr\u00e6fter.<\/li>\n<li>Blot ved et enkelt tryk p\u00e5 en fjernbetjening k\u00f8res sengen op i stoleposition og roteres vinkelret ud mod rummet.<\/li>\n<li>Dette letter b\u00e5de udstigning og eventuel overgang til k\u00f8restol eller st\u00e5lift.<\/li>\n<li>Liggefladen er 4-delt og giver optimal st\u00f8tte.<\/li>\n<li>Plejesengen har foruden drejefunktionen el-funktion p\u00e5 h\u00f8jde, ryg-del og ben-del.<\/li>\n<li>Den roterende mekaniske i en RotoBed\u00ae plejeseng er b\u00e5de st\u00f8jsvag og meget behagelig for den sengeliggende.<\/li>\n<li>Enkel og overskuelig fjernbetjening.<\/li>\n<li>Flere velf\u00e6rdsteknologiske afpr\u00f8vninger har vist, at en RotoBed\u00ae plejeseng \u00f8ger brugerens mobilitetsniveau og livskvalitet, mindsker arbejdsbelastninger for personalet samt sparer tid\/penge.<\/li>\n<\/ul>\n<\/div><\/section><br \/>\n<div class='avia-button-wrap avia-button-center '><a href='https:\/\/rotobed.com\/dk\/kontakt-da\/' class='avia-button   avia-icon_select-no avia-color-theme-color avia-size-x-large avia-position-center '   ><span class='avia_iconbox_title' >Vil du vide mere om vores drejeseng?<\/span><\/a><\/div><\/p><\/div><div class=\"flex_column av_one_half  flex_column_div av-zero-column-padding   \" style='border-radius:0px; '><p><div class='avia-gallery  avia-gallery-1 avia_lazyload avia_animate_when_visible '  itemprop=\"ImageObject\" itemscope=\"itemscope\" itemtype=\"https:\/\/schema.org\/ImageObject\" ><div class='avia-gallery-thumb'> <a href='https:\/\/rotobed.com\/dk\/wp-content\/uploads\/2020\/03\/Home-i-sandet-1030x687.jpg' data-rel='gallery-1' data-prev-img='https:\/\/rotobed.com\/dk\/wp-content\/uploads\/2020\/03\/Home-i-sandet-495x400.jpg' class='first_thumb lightbox ' data-onclick='1' title='RotoBed\u00ae by nature'  itemprop=\"thumbnailUrl\" ><img data-avia-tooltip='RotoBed\u00ae by nature' src='https:\/\/rotobed.com\/dk\/wp-content\/uploads\/2020\/03\/Home-i-sandet-495x400.jpg' width='495' height='400'  title='RotoBed\u00aeHome' alt='rotobed rotating bed design' \/><\/a> <a href='https:\/\/rotobed.com\/dk\/wp-content\/uploads\/2019\/12\/HD-f-458640-c0045-1030x1030.jpg' data-rel='gallery-1' data-prev-img='https:\/\/rotobed.com\/dk\/wp-content\/uploads\/2019\/12\/HD-f-458640-c0045-495x400.jpg' class='lightbox ' data-onclick='2' title='Smaragdgr\u00f8nt tekstil til RotoBed\u00ae'  itemprop=\"thumbnailUrl\" ><img data-avia-tooltip='Smaragdgr\u00f8nt tekstil til RotoBed\u00ae' src='https:\/\/rotobed.com\/dk\/wp-content\/uploads\/2019\/12\/HD-f-458640-c0045-495x400.jpg' width='495' height='400'  title='RotoBed\u00aeHome Emerald' alt='rotobed color rotating care bed' \/><\/a> <a href='https:\/\/rotobed.com\/dk\/wp-content\/uploads\/2019\/12\/RotoBed-lagen-besk\u00e5ret.jpg' data-rel='gallery-1' data-prev-img='https:\/\/rotobed.com\/dk\/wp-content\/uploads\/2019\/12\/RotoBed-lagen-besk\u00e5ret-495x400.jpg' class='lightbox ' data-onclick='3' title='RotoBed\u00ae lagens\u00e6t'  itemprop=\"thumbnailUrl\" ><img data-avia-tooltip='RotoBed\u00ae lagens\u00e6t' src='https:\/\/rotobed.com\/dk\/wp-content\/uploads\/2019\/12\/RotoBed-lagen-besk\u00e5ret-495x400.jpg' width='495' height='400'  title='RotoBed\u00aeSheet' alt='rotobed rotating care bed sheets' \/><\/a> <a href='https:\/\/rotobed.com\/dk\/wp-content\/uploads\/2019\/12\/HD-f-463980-c0005-1030x1030.jpg' data-rel='gallery-1' data-prev-img='https:\/\/rotobed.com\/dk\/wp-content\/uploads\/2019\/12\/HD-f-463980-c0005-495x400.jpg' class='lightbox ' data-onclick='4' title='Stripes - tekstil i rent uld til RotoBed\u00ae designet af Paul Smith'  itemprop=\"thumbnailUrl\" ><img data-avia-tooltip='Stripes &#8211; tekstil i rent uld til RotoBed\u00ae designet af Paul Smith' src='https:\/\/rotobed.com\/dk\/wp-content\/uploads\/2019\/12\/HD-f-463980-c0005-495x400.jpg' width='495' height='400'  title='RotoBed\u00aeHome Stripes by Paul Smith' alt='rotobed rotating bed care bed' \/><\/a> <a href='https:\/\/rotobed.com\/dk\/wp-content\/uploads\/2020\/04\/Free-Milj\u00f8-e1585905275373-1030x1019.jpg' data-rel='gallery-1' data-prev-img='https:\/\/rotobed.com\/dk\/wp-content\/uploads\/2020\/04\/Free-Milj\u00f8-e1585905275373-495x400.jpg' class='lightbox ' data-onclick='5' title='RotoBed\u00aeFree - et harmonisk m\u00f8belpiece of furniture'  itemprop=\"thumbnailUrl\" ><img data-avia-tooltip='RotoBed\u00aeFree &#8211; et harmonisk m\u00f8belpiece of furniture' src='https:\/\/rotobed.com\/dk\/wp-content\/uploads\/2020\/04\/Free-Milj\u00f8-e1585905275373-495x400.jpg' width='495' height='400'  title='RotoBed\u00aeFree' alt='rotobed free rotating care bed' \/><\/a><\/div><\/div><br \/>\n<section class=\"av_textblock_section \"  itemscope=\"itemscope\" itemtype=\"https:\/\/schema.org\/CreativeWork\" ><div class='avia_textblock  '   itemprop=\"text\" ><p><iframe loading=\"lazy\" src=\"https:\/\/www.youtube.com\/embed\/alsPOHzRDpo?rel=0\" width=\"560\" height=\"315\" frameborder=\"0\" allowfullscreen=\"allowfullscreen\"><\/iframe><\/p>\n<\/div><\/section><br \/>\n<div class='avia-gallery  avia-gallery-2 avia_lazyload avia_animate_when_visible '  itemprop=\"ImageObject\" itemscope=\"itemscope\" itemtype=\"https:\/\/schema.org\/ImageObject\" ><div class='avia-gallery-thumb'> <a href='https:\/\/rotobed.com\/dk\/wp-content\/uploads\/2019\/12\/Rotobed-Sidetable-Wooden-parts-HSJD-06.06.19-1030x721.jpg' data-rel='gallery-2' data-prev-img='https:\/\/rotobed.com\/dk\/wp-content\/uploads\/2019\/12\/Rotobed-Sidetable-Wooden-parts-HSJD-06.06.19-495x400.jpg' class='first_thumb lightbox ' data-onclick='1' title='RotoBed\u00aeBedside Table'  itemprop=\"thumbnailUrl\" ><img data-avia-tooltip='RotoBed\u00aeBedside Table' src='https:\/\/rotobed.com\/dk\/wp-content\/uploads\/2019\/12\/Rotobed-Sidetable-Wooden-parts-HSJD-06.06.19-495x400.jpg' width='495' height='400'  title='RotoBed\u00aeBedside Table' alt='sengeborg rotobed' \/><\/a> <a href='https:\/\/rotobed.com\/dk\/wp-content\/uploads\/2019\/12\/HD-f-466014-c0013-1030x1030.jpg' data-rel='gallery-2' data-prev-img='https:\/\/rotobed.com\/dk\/wp-content\/uploads\/2019\/12\/HD-f-466014-c0013-495x400.jpg' class='lightbox ' data-onclick='2' title='Orange tekstil til RotoBed\u00ae'  itemprop=\"thumbnailUrl\" ><img data-avia-tooltip='Orange tekstil til RotoBed\u00ae' src='https:\/\/rotobed.com\/dk\/wp-content\/uploads\/2019\/12\/HD-f-466014-c0013-495x400.jpg' width='495' height='400'  title='RotoBed\u00aeHome orange' alt='rotating bed rotobed roto care bed textile color' \/><\/a> <a href='https:\/\/rotobed.com\/dk\/wp-content\/uploads\/2016\/02\/Forside-jpg-Kopi-1030x773.jpg' data-rel='gallery-2' data-prev-img='https:\/\/rotobed.com\/dk\/wp-content\/uploads\/2016\/02\/Forside-jpg-Kopi-495x400.jpg' class='lightbox ' data-onclick='3' title='RotoBed\u00aeFree spotlight'  itemprop=\"thumbnailUrl\" ><img data-avia-tooltip='RotoBed\u00aeFree spotlight' src='https:\/\/rotobed.com\/dk\/wp-content\/uploads\/2016\/02\/Forside-jpg-Kopi-495x400.jpg' width='495' height='400'  title='RotoBed\u00aeFree' alt='' \/><\/a> <a href='https:\/\/rotobed.com\/dk\/wp-content\/uploads\/2019\/12\/HD-f-466014-c0018-1030x1030.jpg' data-rel='gallery-2' data-prev-img='https:\/\/rotobed.com\/dk\/wp-content\/uploads\/2019\/12\/HD-f-466014-c0018-495x400.jpg' class='lightbox ' data-onclick='4' title='Karrygult tekstil til RotoBed\u00ae'  itemprop=\"thumbnailUrl\" ><img data-avia-tooltip='Karrygult tekstil til RotoBed\u00ae' src='https:\/\/rotobed.com\/dk\/wp-content\/uploads\/2019\/12\/HD-f-466014-c0018-495x400.jpg' width='495' height='400'  title='RotoBed\u00aeHome Curry' alt='Rotobed rotating care bed textile' \/><\/a> <a href='https:\/\/rotobed.com\/dk\/wp-content\/uploads\/2019\/12\/incontinence-kvadratisk-ny.jpg' data-rel='gallery-2' data-prev-img='https:\/\/rotobed.com\/dk\/wp-content\/uploads\/2019\/12\/incontinence-kvadratisk-ny-495x400.jpg' class='lightbox ' data-onclick='5' title='Madrascover til RotoBed\u00ae'  itemprop=\"thumbnailUrl\" ><img data-avia-tooltip='Madrascover til RotoBed\u00ae' src='https:\/\/rotobed.com\/dk\/wp-content\/uploads\/2019\/12\/incontinence-kvadratisk-ny-495x400.jpg' width='495' height='400'  title='RotoBed\u00aeIncontinence Sheet' alt='rotobed plejeseng drejeseng inkontinens betr\u00e6k' \/><\/a><\/div><\/div><\/p><\/div><\/p>\n<div  class='hr hr-default  '><span class='hr-inner ' ><span class='hr-inner-style'><\/span><\/span><\/div>\n<div class=\"flex_column av_two_fifth  flex_column_div av-zero-column-padding first  \" style='border-radius:0px; '><p><div  data-size='no scaling'  data-lightbox_size='large'  data-animation='fade'  data-ids='2226,2227,2228,2229,2230,2231'  data-video_counter='0'  data-autoplay='true'  data-bg_slider='false'  data-slide_height=''  data-handle='av_slideshow'  data-interval='3'  data-class=' '  data-css_id=''  data-scroll_down=''  data-control_layout='av-control-default'  data-custom_markup=''  data-perma_caption=''  data-autoplay_stopper=''  data-image_attachment=''  data-min_height='0px'  class='avia-slideshow avia-slideshow-2  av-control-default av-default-height-applied avia-slideshow-no scaling av_slideshow   avia-fade-slider '  itemprop=\"ImageObject\" itemscope=\"itemscope\" itemtype=\"https:\/\/schema.org\/ImageObject\" ><ul class='avia-slideshow-inner' style='padding-bottom: 71.408209806157%;'><li  class=' slide-1 ' ><div data-rel='slideshow-2' class='avia-slide-wrap'  ><img src='https:\/\/rotobed.com\/dk\/wp-content\/uploads\/2017\/10\/Free-1-jpg.jpg' width='3508' height='2505' title='Free 1 jpg' alt=''  itemprop=\"thumbnailUrl\"   \/><\/div><\/li><li  class=' slide-2 ' ><div data-rel='slideshow-2' class='avia-slide-wrap'  ><img src='https:\/\/rotobed.com\/dk\/wp-content\/uploads\/2017\/10\/free-2-jpg.jpg' width='3508' height='2505' title='free 2 jpg' alt=''  itemprop=\"thumbnailUrl\"   \/><\/div><\/li><li  class=' slide-3 ' ><div data-rel='slideshow-2' class='avia-slide-wrap'  ><img src='https:\/\/rotobed.com\/dk\/wp-content\/uploads\/2017\/10\/free-3-jpg.jpg' width='3508' height='2505' title='free 3 jpg' alt=''  itemprop=\"thumbnailUrl\"   \/><\/div><\/li><li  class=' slide-4 ' ><div data-rel='slideshow-2' class='avia-slide-wrap'  ><img src='https:\/\/rotobed.com\/dk\/wp-content\/uploads\/2017\/10\/free-4-jpg.jpg' width='3508' height='2505' title='free 4 jpg' alt=''  itemprop=\"thumbnailUrl\"   \/><\/div><\/li><li  class=' slide-5 ' ><div data-rel='slideshow-2' class='avia-slide-wrap'  ><img src='https:\/\/rotobed.com\/dk\/wp-content\/uploads\/2017\/10\/free-5-jpg.jpg' width='3508' height='2505' title='free 5 jpg' alt=''  itemprop=\"thumbnailUrl\"   \/><\/div><\/li><li  class=' slide-6 ' ><div data-rel='slideshow-2' class='avia-slide-wrap'  ><img src='https:\/\/rotobed.com\/dk\/wp-content\/uploads\/2017\/10\/free-6-jpg.jpg' width='3508' height='2505' title='free 6 jpg' alt=''  itemprop=\"thumbnailUrl\"   \/><\/div><\/li><\/ul><div class='avia-slideshow-arrows avia-slideshow-controls'><a href='#prev' class='prev-slide' aria-hidden='true' data-av_icon='\ue87c' data-av_iconfont='entypo-fontello'>Forrige<\/a><a href='#next' class='next-slide' aria-hidden='true' data-av_icon='\ue87d' data-av_iconfont='entypo-fontello'>N&#230;ste<\/a><\/div><div class='avia-slideshow-dots avia-slideshow-controls'><a href='#1' class='goto-slide active' >1<\/a><a href='#2' class='goto-slide ' >2<\/a><a href='#3' class='goto-slide ' >3<\/a><a href='#4' class='goto-slide ' >4<\/a><a href='#5' class='goto-slide ' >5<\/a><a href='#6' class='goto-slide ' >6<\/a><\/div><\/div><br \/>\n<div  class='hr hr-default  '><span class='hr-inner ' ><span class='hr-inner-style'><\/span><\/span><\/div><br \/>\n<section class=\"av_textblock_section \"  itemscope=\"itemscope\" itemtype=\"https:\/\/schema.org\/CreativeWork\" ><div class='avia_textblock  '   itemprop=\"text\" ><p style=\"padding-left: 60px;\"><strong>Skitse med m\u00e5l for roteret seng<\/strong><\/p>\n<\/div><\/section><br \/>\n<div class='avia-image-container  av-styling-    avia-align-center '  itemprop=\"ImageObject\" itemscope=\"itemscope\" itemtype=\"https:\/\/schema.org\/ImageObject\"  ><div class='avia-image-container-inner'><img class='avia_image ' src='https:\/\/rotobed.com\/dk\/wp-content\/uploads\/2020\/03\/Ny-skitse-Free-med-st\u00f8rre-m\u00e5l-e1585224138416-300x196.jpg' alt='Rotobed rotating bed care bed' title='RotoBed\u00ae sketch'   itemprop=\"thumbnailUrl\"  \/><\/div><\/div><\/p><\/div>\n<div class=\"flex_column av_one_third  flex_column_div av-zero-column-padding   \" style='border-width:4px; border-color:#a59a93; border-style:solid; border-radius:0px; '><p><article class=\"iconbox iconbox_top main_color    \"  itemscope=\"itemscope\" itemtype=\"https:\/\/schema.org\/CreativeWork\" ><div class=\"iconbox_content\"><header class=\"entry-content-header\"><div class=\"iconbox_icon heading-color \" aria-hidden='true' data-av_icon='\ue81f' data-av_iconfont='entypo-fontello'  ><\/div><h3 class='iconbox_content_title '  itemprop=\"headline\"  >Teknisk info<\/h3><\/header><div class='iconbox_content_container  '  itemprop=\"text\"  ><p>H\u00f8jdeinterval: 32-82 cm<\/p>\n<p>Madrasbredde: 85\/100 cm<\/p>\n<p>Madrasl\u00e6ngde: 205\/215\/225 cm<\/p>\n<p>Tr\u00e6sort:Egetr\u00e6sfin\u00e9r<\/p>\n<p>Brugerv\u00e6gt: 190 kg<\/p>\n<p>M\u00e6rkelast: 225 kg<\/p>\n<p><strong>V\u00e6gtangivelser<\/strong><\/p>\n<p>Hovedgavl: 39 kg<\/p>\n<p>Fodgavl: 46 kg<\/p>\n<p>Ramme: 80 kg<\/p>\n<p>Samlet v\u00e6gt: 165 kg<\/p>\n<p>F\u00e5s med diverse<a href=\"https:\/\/rotobed.com\/dk\/da\/tilbehoer\/\"> <u>tilbeh\u00f8r<\/u><\/a><\/p>\n<p><strong>Krav og normer<\/strong><\/p>\n<p>RotoBed\u00aeFree er CE godkendt og opfylder de nyeste europ\u00e6iske normer og krav for plejesenge. International standard IEC 60601-2-52<\/p>\n<p>Sengene t\u00e5ler vask i vaskeanl\u00e6g, godkendt efter standard IPX6W. Motorer og kontrolboks i h\u00f8jeste kvalitet fra <a href=\"https:\/\/www.linak.dk\/\">LINAK<\/a>.<\/p>\n<\/div><\/div><footer class=\"entry-footer\"><\/footer><\/article><br \/>\n<div style='height:50px' class='hr hr-invisible  '><span class='hr-inner ' ><span class='hr-inner-style'><\/span><\/span><\/div><\/p><\/div>\n<div class=\"flex_column av_one_fourth  flex_column_div av-zero-column-padding   \" style='border-radius:0px; '><p><div class='avia-button-wrap avia-button-center '><a href='https:\/\/rotobed.com\/dk\/seng-med-drejefunktion\/' class='avia-button   avia-icon_select-no avia-color-theme-color avia-size-medium avia-position-center '   ><span class='avia_iconbox_title' >Hvad kan en RotoBed\u00ae plejeseng g\u00f8re for dig?<\/span><\/a><\/div><br \/>\n<div style='height:15px' class='hr hr-invisible  '><span class='hr-inner ' ><span class='hr-inner-style'><\/span><\/span><\/div><br \/>\n<div class='avia-image-container  av-styling-    avia-align-center '  itemprop=\"ImageObject\" itemscope=\"itemscope\" itemtype=\"https:\/\/schema.org\/ImageObject\"  ><div class='avia-image-container-inner'><img class='avia_image ' src='https:\/\/rotobed.com\/dk\/wp-content\/uploads\/2015\/09\/Helle-Pedersen-300x200.jpg' alt='seng til sclerose rotobed plejeseng' title='Helle'   itemprop=\"thumbnailUrl\"  \/><\/div><\/div><br \/>\n<section class=\"av_textblock_section \"  itemscope=\"itemscope\" itemtype=\"https:\/\/schema.org\/CreativeWork\" ><div class='avia_textblock  '   itemprop=\"text\" ><p>Komfort, v\u00e6rdighed, mobilitet, frihed &#8211; kort sagt h\u00f8jere livskvalitet. L\u00e6s her beretningerne fra brugere, som bruger netop disse ord om livet med en RotoBed\u00ae plejeseng.<\/p>\n<\/div><\/section><br \/>\n<div  class='hr hr-default  '><span class='hr-inner ' ><span class='hr-inner-style'><\/span><\/span><\/div><br \/>\n<section class=\"av_textblock_section \"  itemscope=\"itemscope\" itemtype=\"https:\/\/schema.org\/CreativeWork\" ><div class='avia_textblock  '   itemprop=\"text\" ><p><strong>RotoBed\u00ae pakket p\u00e5 palle<\/strong><\/p>\n<\/div><\/section><br \/>\n<div class='avia-image-container  av-styling-    avia-align-center '  itemprop=\"ImageObject\" itemscope=\"itemscope\" itemtype=\"https:\/\/schema.org\/ImageObject\"  ><div class='avia-image-container-inner'><img class='avia_image ' src='https:\/\/rotobed.com\/dk\/wp-content\/uploads\/2020\/01\/Skitse-RotoBed\u00aeHome-p\u00e5-palle-210x300.jpg' alt='rotobed transport pakning drejeseng' title='Skitse RotoBed\u00aeHome p\u00e5 palle'   itemprop=\"thumbnailUrl\"  \/><\/div><\/div><\/p><\/div>\n","protected":false},"excerpt":{"rendered":"","protected":false},"author":1,"featured_media":0,"parent":0,"menu_order":0,"comment_status":"closed","ping_status":"closed","template":"","meta":[],"_links":{"self":[{"href":"https:\/\/rotobed.com\/dk\/wp-json\/wp\/v2\/pages\/51"}],"collection":[{"href":"https:\/\/rotobed.com\/dk\/wp-json\/wp\/v2\/pages"}],"about":[{"href":"https:\/\/rotobed.com\/dk\/wp-json\/wp\/v2\/types\/page"}],"author":[{"embeddable":true,"href":"https:\/\/rotobed.com\/dk\/wp-json\/wp\/v2\/users\/1"}],"replies":[{"embeddable":true,"href":"https:\/\/rotobed.com\/dk\/wp-json\/wp\/v2\/comments?post=51"}],"version-history":[{"count":36,"href":"https:\/\/rotobed.com\/dk\/wp-json\/wp\/v2\/pages\/51\/revisions"}],"predecessor-version":[{"id":7971,"href":"https:\/\/rotobed.com\/dk\/wp-json\/wp\/v2\/pages\/51\/revisions\/7971"}],"wp:attachment":[{"href":"https:\/\/rotobed.com\/dk\/wp-json\/wp\/v2\/media?parent=51"}],"curies":[{"name":"wp","href":"https:\/\/api.w.org\/{rel}","templated":true}]}}