{"id":5828,"date":"2020-03-24T08:55:53","date_gmt":"2020-03-24T08:55:53","guid":{"rendered":"https:\/\/rotobed.com\/dk\/?page_id=5828"},"modified":"2020-06-29T07:04:00","modified_gmt":"2020-06-29T07:04:00","slug":"dinrotobedhome","status":"publish","type":"page","link":"https:\/\/rotobed.com\/dk\/dinrotobedhome\/","title":{"rendered":"dinrotobedhome"},"content":{"rendered":"<div style='height:50px' class='hr hr-invisible  '><span class='hr-inner ' ><span class='hr-inner-style'><\/span><\/span><\/div>\n<section class=\"av_textblock_section \"  itemscope=\"itemscope\" itemtype=\"https:\/\/schema.org\/CreativeWork\" ><div class='avia_textblock  '   itemprop=\"text\" ><h1 style=\"text-align: center;\"><strong><span style=\"color: #003366;\">Skr\u00e6d<\/span><span style=\"color: #999999;\">dersy<\/span> din <span style=\"color: #008000;\">RotoBed<\/span><span style=\"color: #ff9900;\">\u00ae<span style=\"color: #800000;\">Home<\/span><\/span><\/strong><\/h1>\n<p style=\"text-align: center;\">Kunne du t\u00e6nke dig en af disse farver til din seng?<\/p>\n<p style=\"text-align: center;\">I vores webshop kan du skr\u00e6ddersy din RotoBed\u00aeHome helt efter dine behov og \u00f8nsker.<\/p>\n<p style=\"text-align: center;\">Herunder finder du forklaringer p\u00e5 de forskellige muligheder.<\/p>\n<\/div><\/section>\n<div  class='hr hr-default  '><span class='hr-inner ' ><span class='hr-inner-style'><\/span><\/span><\/div>\n<\/div><\/div><\/div><!-- close content main div --><\/div><\/div><div id='av-layout-grid-1' class='av-layout-grid-container entry-content-wrapper main_color av-flex-cells    container_wrap fullsize'   >\n<div class=\"flex_cell no_margin av_one_fifth   \" style='vertical-align:top; padding:30px; '><div class='flex_cell_inner' ><p><div class='avia-image-container  av-styling-    avia-align-center '  itemprop=\"ImageObject\" itemscope=\"itemscope\" itemtype=\"https:\/\/schema.org\/ImageObject\"  ><div class='avia-image-container-inner'><img class='avia_image ' src='https:\/\/rotobed.com\/dk\/wp-content\/uploads\/2019\/10\/lav-lav-300x225.jpg' alt='rotobed rotative bed' title='RotoBed\u00aeHome low-low'   itemprop=\"thumbnailUrl\"  \/><\/div><\/div><br \/>\n<section class=\"av_textblock_section \"  itemscope=\"itemscope\" itemtype=\"https:\/\/schema.org\/CreativeWork\" ><div class='avia_textblock  '   itemprop=\"text\" ><p style=\"text-align: center;\"><strong>Low-Low<\/strong><\/p>\n<\/div><\/section><\/p>\n<\/div><\/div><div class=\"flex_cell no_margin av_one_fifth   \" style='vertical-align:top; padding:30px; '><div class='flex_cell_inner' ><p><div class='avia-image-container  av-styling-    avia-align-center '  itemprop=\"ImageObject\" itemscope=\"itemscope\" itemtype=\"https:\/\/schema.org\/ImageObject\"  ><div class='avia-image-container-inner'><img class='avia_image ' src='https:\/\/rotobed.com\/dk\/wp-content\/uploads\/2019\/12\/background-low-high-0024-300x225.jpg' alt='rotobed rotative bed' title='RotoBed\u00aeHome low-high'   itemprop=\"thumbnailUrl\"  \/><\/div><\/div><br \/>\n<section class=\"av_textblock_section \"  itemscope=\"itemscope\" itemtype=\"https:\/\/schema.org\/CreativeWork\" ><div class='avia_textblock  '   itemprop=\"text\" ><p style=\"text-align: center;\"><strong>Low-High<\/strong><\/p>\n<\/div><\/section><\/p>\n<\/div><\/div><div class=\"flex_cell no_margin av_one_fifth   \" style='vertical-align:top; padding:30px; '><div class='flex_cell_inner' ><p><div class='avia-image-container  av-styling-    avia-align-center '  itemprop=\"ImageObject\" itemscope=\"itemscope\" itemtype=\"https:\/\/schema.org\/ImageObject\"  ><div class='avia-image-container-inner'><img class='avia_image ' src='https:\/\/rotobed.com\/dk\/wp-content\/uploads\/2019\/12\/background-high-high-0024-300x225.jpg' alt='rotobed rotative bed' title='RotoBed high high'   itemprop=\"thumbnailUrl\"  \/><\/div><\/div><br \/>\n<section class=\"av_textblock_section \"  itemscope=\"itemscope\" itemtype=\"https:\/\/schema.org\/CreativeWork\" ><div class='avia_textblock  '   itemprop=\"text\" ><p style=\"text-align: center;\"><strong>High-High<\/strong><\/p>\n<\/div><\/section><\/p>\n<\/div><\/div><div class=\"flex_cell no_margin av_two_fifth   \" style='vertical-align:top; padding:30px; '><div class='flex_cell_inner' ><section class=\"av_textblock_section \"  itemscope=\"itemscope\" itemtype=\"https:\/\/schema.org\/CreativeWork\" ><div class='avia_textblock  '   itemprop=\"text\" ><h3><strong>V\u00e6lg din model<\/strong><\/h3>\n<p>RotoBed\u00aeHome f\u00e5s i tre varianter med forskellige sengegavle. Low-Low har lav fodgavl og lav hovedgavl bekl\u00e6dt med tekstil. Low-High har lav fodgavl bekl\u00e6dt med tekstil og h\u00f8j hovedgavl af egefin\u00e9r med tekstil p\u00e5 ydersiden. High-High har b\u00e5de h\u00f8j fodgavl og h\u00f8j hovedgavl af egefin\u00e9r med tekstil p\u00e5 ydersiden.<\/p>\n<\/div><\/section>\n<\/div><\/div>\n<\/div>\n<div style='height:30px' class='hr hr-invisible  '><span class='hr-inner ' ><span class='hr-inner-style'><\/span><\/span><\/div>\n<div class=\"flex_column av_one_half  flex_column_div av-zero-column-padding first  \" style='border-radius:0px; '><p><div style='height:20px' class='hr hr-invisible  '><span class='hr-inner ' ><span class='hr-inner-style'><\/span><\/span><\/div><br \/>\n<section class=\"av_textblock_section \"  itemscope=\"itemscope\" itemtype=\"https:\/\/schema.org\/CreativeWork\" ><div class='avia_textblock  '   itemprop=\"text\" ><h3><\/h3>\n<p style=\"text-align: left;\"><a href=\"https:\/\/rotobed.com\/dk\/wp-content\/uploads\/2020\/04\/4-1.png\"><img decoding=\"async\" loading=\"lazy\" class=\"alignnone size-medium wp-image-7038\" src=\"https:\/\/rotobed.com\/dk\/wp-content\/uploads\/2020\/04\/4-1-300x78.png\" alt=\"\" width=\"300\" height=\"78\" srcset=\"https:\/\/rotobed.com\/dk\/wp-content\/uploads\/2020\/04\/4-1-300x78.png 300w, https:\/\/rotobed.com\/dk\/wp-content\/uploads\/2020\/04\/4-1-450x116.png 450w, https:\/\/rotobed.com\/dk\/wp-content\/uploads\/2020\/04\/4-1.png 522w\" sizes=\"(max-width: 300px) 100vw, 300px\" \/><\/a><\/p>\n<p style=\"text-align: left;\">cm:\u00a0 \u00a040-43\u00a0 \u00a0 \u00a0 \u00a0 \u00a0 44-47\u00a0 \u00a0 \u00a0 \u00a0 \u00a0 48-51\u00a0 \u00a0 \u00a0 \u00a0 \u00a0 \u00a052-59<\/p>\n<\/div><\/section><\/p><\/div>\n<div class=\"flex_column av_one_half  flex_column_div av-zero-column-padding   \" style='border-radius:0px; '><section class=\"av_textblock_section \"  itemscope=\"itemscope\" itemtype=\"https:\/\/schema.org\/CreativeWork\" ><div class='avia_textblock  '   itemprop=\"text\" ><h3><strong>Find den rette udstigningsh\u00f8jde<\/strong><\/h3>\n<p>RotoBed\u00aeHome passer til b\u00e5de h\u00f8je og lave personer. Ved at m\u00e5le din benl\u00e6ngde fra flad fod til midt i kn\u00e6hasen finder du den af de fire udstigningsh\u00f8jder, som passer bedst til dig. Det er muligt at \u00e6ndre udstigningsh\u00f8jden manuelt efterf\u00f8lgende ved at flytte nogle skruer. Sengen er ligeledes udstyret med stillef\u00f8dder til at finjustere udstigningsh\u00f8jden.<\/p>\n<\/div><\/section><\/div>\n<div  class='hr hr-default  '><span class='hr-inner ' ><span class='hr-inner-style'><\/span><\/span><\/div>\n<div class=\"flex_column av_one_half  flex_column_div av-zero-column-padding first  \" style='border-radius:0px; '><p><div style='height:40px' class='hr hr-invisible  '><span class='hr-inner ' ><span class='hr-inner-style'><\/span><\/span><\/div><br \/>\n<section class=\"av_textblock_section \"  itemscope=\"itemscope\" itemtype=\"https:\/\/schema.org\/CreativeWork\" ><div class='avia_textblock  '   itemprop=\"text\" ><p><a href=\"https:\/\/rotobed.com\/dk\/wp-content\/uploads\/2020\/04\/3.png\"><img decoding=\"async\" loading=\"lazy\" class=\"alignnone size-medium wp-image-7036\" src=\"https:\/\/rotobed.com\/dk\/wp-content\/uploads\/2020\/04\/3-300x105.png\" alt=\"\" width=\"300\" height=\"105\" srcset=\"https:\/\/rotobed.com\/dk\/wp-content\/uploads\/2020\/04\/3-300x105.png 300w, https:\/\/rotobed.com\/dk\/wp-content\/uploads\/2020\/04\/3.png 373w\" sizes=\"(max-width: 300px) 100vw, 300px\" \/><\/a><\/p>\n<\/div><\/section><\/p><\/div>\n<div class=\"flex_column av_one_half  flex_column_div av-zero-column-padding   \" style='border-radius:0px; '><section class=\"av_textblock_section \"  itemscope=\"itemscope\" itemtype=\"https:\/\/schema.org\/CreativeWork\" ><div class='avia_textblock  '   itemprop=\"text\" ><h3><strong>Valg af madras<\/strong><\/h3>\n<p>RotoBed\u00aeHome kan leveres med flere typer madrasser. Standard-madrassen er RotoBed\u00aeErgoSleep med en anbefalet brugerv\u00e6gt p\u00e5 60-140 kg. Alternativerne er RotoBed\u00aeSafeSleep og RotoBed\u00aeROHO DRY FLOTATION. Du kan l\u00e6se om madrasserne og deres egenskaber <a href=\"http:\/\/rotobed.dk\/en\/accessories\/\">her.<\/a><\/p>\n<\/div><\/section><\/div>\n<div  class='hr hr-default  '><span class='hr-inner ' ><span class='hr-inner-style'><\/span><\/span><\/div>\n<div class=\"flex_column av_one_half  flex_column_div av-zero-column-padding first  \" style='border-radius:0px; '><p><div style='height:40px' class='hr hr-invisible  '><span class='hr-inner ' ><span class='hr-inner-style'><\/span><\/span><\/div><br \/>\n<section class=\"av_textblock_section \"  itemscope=\"itemscope\" itemtype=\"https:\/\/schema.org\/CreativeWork\" ><div class='avia_textblock  '   itemprop=\"text\" ><p><a href=\"https:\/\/rotobed.com\/dk\/wp-content\/uploads\/2020\/04\/2.png\"><img decoding=\"async\" loading=\"lazy\" class=\"alignnone size-medium wp-image-7035\" src=\"https:\/\/rotobed.com\/dk\/wp-content\/uploads\/2020\/04\/2-300x83.png\" alt=\"\" width=\"300\" height=\"83\" srcset=\"https:\/\/rotobed.com\/dk\/wp-content\/uploads\/2020\/04\/2-300x83.png 300w, https:\/\/rotobed.com\/dk\/wp-content\/uploads\/2020\/04\/2.png 332w\" sizes=\"(max-width: 300px) 100vw, 300px\" \/><\/a><\/p>\n<\/div><\/section><\/p><\/div>\n<div class=\"flex_column av_one_half  flex_column_div av-zero-column-padding   \" style='border-radius:0px; '><section class=\"av_textblock_section \"  itemscope=\"itemscope\" itemtype=\"https:\/\/schema.org\/CreativeWork\" ><div class='avia_textblock  '   itemprop=\"text\" ><h3><strong>Valg af sengeheste<\/strong><\/h3>\n<p>Hvis du \u00f8nsker sengeheste til RotoBed\u00aeHome, f\u00e5s disse i to forskellige st\u00f8rrelser. Den korte model ved rygl\u00e6net giver god st\u00f8tte ved forflytninger i sengen. Sengehesten ved siddestykket er l\u00e6ngere og yder st\u00f8tte i forbindelse med ind- og udstigning af sengen. Begge modeller f\u00e5s enten i metal eller i egetr\u00e6sfin\u00e9r for et mere \u00e6stetisk udtryk.<\/p>\n<\/div><\/section><\/div><div  class='hr hr-default  '><span class='hr-inner ' ><span class='hr-inner-style'><\/span><\/span><\/div><\/p>\n<div class=\"flex_column av_one_half  flex_column_div av-zero-column-padding first  \" style='border-radius:0px; '><section class=\"av_textblock_section \"  itemscope=\"itemscope\" itemtype=\"https:\/\/schema.org\/CreativeWork\" ><div class='avia_textblock  '   itemprop=\"text\" ><p><a href=\"https:\/\/rotobed.com\/dk\/wp-content\/uploads\/2020\/04\/1.png\"><img decoding=\"async\" loading=\"lazy\" class=\"alignnone size-medium wp-image-7034\" src=\"https:\/\/rotobed.com\/dk\/wp-content\/uploads\/2020\/04\/1-300x139.png\" alt=\"\" width=\"300\" height=\"139\" srcset=\"https:\/\/rotobed.com\/dk\/wp-content\/uploads\/2020\/04\/1-300x139.png 300w, https:\/\/rotobed.com\/dk\/wp-content\/uploads\/2020\/04\/1-450x209.png 450w, https:\/\/rotobed.com\/dk\/wp-content\/uploads\/2020\/04\/1.png 493w\" sizes=\"(max-width: 300px) 100vw, 300px\" \/><\/a><\/p>\n<\/div><\/section><\/div>\n<div class=\"flex_column av_one_half  flex_column_div av-zero-column-padding   \" style='border-radius:0px; '><section class=\"av_textblock_section \"  itemscope=\"itemscope\" itemtype=\"https:\/\/schema.org\/CreativeWork\" ><div class='avia_textblock  '   itemprop=\"text\" ><h3><strong>Valg af tekstiler<\/strong><\/h3>\n<p>Afh\u00e6ngig af model er hoved- og fodg\u00e6rde p\u00e5 RotoBed\u00aeHome bekl\u00e6dt med tekstil. Standard er et kvalitetstekstil i antracitgr\u00e5 fra Kvadrat, fremstillet af 51 % genbrugsmateriale. Det er muligt at v\u00e6lge andre farver, sort l\u00e6der eller det smukke tekstil &#8220;Stripes&#8221; i ren uld designet af Paul Smith.<\/p>\n<\/div><\/section><\/div>\n<div  class='hr hr-default  '><span class='hr-inner ' ><span class='hr-inner-style'><\/span><\/span><\/div>\n","protected":false},"excerpt":{"rendered":"","protected":false},"author":2,"featured_media":0,"parent":0,"menu_order":0,"comment_status":"closed","ping_status":"closed","template":"","meta":[],"_links":{"self":[{"href":"https:\/\/rotobed.com\/dk\/wp-json\/wp\/v2\/pages\/5828"}],"collection":[{"href":"https:\/\/rotobed.com\/dk\/wp-json\/wp\/v2\/pages"}],"about":[{"href":"https:\/\/rotobed.com\/dk\/wp-json\/wp\/v2\/types\/page"}],"author":[{"embeddable":true,"href":"https:\/\/rotobed.com\/dk\/wp-json\/wp\/v2\/users\/2"}],"replies":[{"embeddable":true,"href":"https:\/\/rotobed.com\/dk\/wp-json\/wp\/v2\/comments?post=5828"}],"version-history":[{"count":24,"href":"https:\/\/rotobed.com\/dk\/wp-json\/wp\/v2\/pages\/5828\/revisions"}],"predecessor-version":[{"id":7972,"href":"https:\/\/rotobed.com\/dk\/wp-json\/wp\/v2\/pages\/5828\/revisions\/7972"}],"wp:attachment":[{"href":"https:\/\/rotobed.com\/dk\/wp-json\/wp\/v2\/media?parent=5828"}],"curies":[{"name":"wp","href":"https:\/\/api.w.org\/{rel}","templated":true}]}}