{"id":6562,"date":"2020-04-03T11:41:46","date_gmt":"2020-04-03T11:41:46","guid":{"rendered":"https:\/\/rotobed.com\/dk\/?page_id=6562"},"modified":"2021-12-30T11:57:05","modified_gmt":"2021-12-30T11:57:05","slug":"hvem-er-vi","status":"publish","type":"page","link":"https:\/\/rotobed.com\/dk\/hvem-er-vi\/","title":{"rendered":"Hvem er vi"},"content":{"rendered":"<div style='height:40px' class='hr hr-invisible  '><span class='hr-inner ' ><span class='hr-inner-style'><\/span><\/span><\/div>\n<\/div><\/div><\/div><!-- close content main div --><\/div><\/div><div id='av-layout-grid-1' class='av-layout-grid-container entry-content-wrapper main_color av-flex-cells   av-border-cells container_wrap fullsize'   >\n<div class=\"flex_cell no_margin av_one_third   \" style='vertical-align:top; padding:30px; '><div class='flex_cell_inner' ><section class=\"av_textblock_section \"  itemscope=\"itemscope\" itemtype=\"https:\/\/schema.org\/CreativeWork\" ><div class='avia_textblock  '   itemprop=\"text\" ><p style=\"text-align: center;\"><strong>Om os<\/strong><\/p>\n<\/div><\/section><br \/>\n<div class='avia-image-container  av-styling-    avia-align-center '  itemprop=\"ImageObject\" itemscope=\"itemscope\" itemtype=\"https:\/\/schema.org\/ImageObject\"  ><div class='avia-image-container-inner'><img class='avia_image ' src='https:\/\/rotobed.com\/dk\/wp-content\/uploads\/2020\/01\/A3-81052-Milj\u00f8-495x400.jpg' alt='rotating bed rotobed care' title='RotoBed\u00aeHome stripes'   itemprop=\"thumbnailUrl\"  \/><\/div><\/div><br \/>\n<section class=\"av_textblock_section \"  itemscope=\"itemscope\" itemtype=\"https:\/\/schema.org\/CreativeWork\" ><div class='avia_textblock  '   itemprop=\"text\" ><p>RotoBed\u00ae h\u00f8rer hjemme i Lunderskov i Syddanmark. Vi producerer og leverer de unikke roterende senge RotoBed\u00aeChange, RotoBed\u00aeFree og RotoBed\u00aeHome til store dele af verden.<\/p>\n<p>Vores innovative roterende senge er resultaterne af grundige studier og mange \u00e5rs erfaring med plejesenge. Ved at arbejde t\u00e6t sammen med enkeltpersoner, plejepersonale, familie, institutioner og kommuner pr\u00e6senterer vi i hvert enkelt tilf\u00e6lde en personlig l\u00f8sning, der underst\u00f8tter brugerens behov og \u00f8ger fleksibiliteten og friheden.<\/p>\n<p>Vores virksomhed er bygget p\u00e5 h\u00f8j kvalitet og service &#8211; og p\u00e5 individualitet. Vi respekterer de personlige behov og s\u00f8ger at g\u00f8re vores kunder mere frie og selvhjulpne &#8211; og samtidig sikre familie og plejere bedre arbejdsvilk\u00e5r.<\/p>\n<\/div><\/section><\/p>\n<\/div><\/div><div class=\"flex_cell no_margin av_one_third   \" style='vertical-align:top; padding:30px; '><div class='flex_cell_inner' ><section class=\"av_textblock_section \"  itemscope=\"itemscope\" itemtype=\"https:\/\/schema.org\/CreativeWork\" ><div class='avia_textblock  '   itemprop=\"text\" ><p style=\"text-align: center;\"><strong>Helbredende Design<\/strong><\/p>\n<\/div><\/section><br \/>\n<div class='avia-image-container  av-styling-    avia-align-center '  itemprop=\"ImageObject\" itemscope=\"itemscope\" itemtype=\"https:\/\/schema.org\/ImageObject\"  ><div class='avia-image-container-inner'><img class='avia_image ' src='https:\/\/rotobed.com\/dk\/wp-content\/uploads\/2017\/11\/rotobet_background-495x400.jpg' alt='rotobed design hans sandgren jakobsen' title='Hans Sandgren Jakobsen'   itemprop=\"thumbnailUrl\"  \/><\/div><\/div><br \/>\n<section class=\"av_textblock_section \"  itemscope=\"itemscope\" itemtype=\"https:\/\/schema.org\/CreativeWork\" ><div class='avia_textblock  '   itemprop=\"text\" ><p>Flere videnskabelige unders\u00f8gelser viser, at de fysiske omgivelser har stor betydning for menneskers fysiske og mentale helbred. I dag arbejder forskerne med begreberne helbredende design og helbredende arkitektur.<\/p>\n<p>Hos RotoBed\u00ae mener vi ogs\u00e5, at godt design bidrager til en h\u00f8jere livskvalitet &#8211; og at hj\u00e6lpemidler, der med deres blotte konstruktion minder brugeren om sit handicap eller lidelse, kan g\u00f8re det modsatte.<\/p>\n<p>Derfor har vi n\u00f8je udvalgt den prisvindende danske m\u00f8beldesigner Hans Sandgren Jakobsen som samarbejdsparter og designer bag de harmoniske RotoBed\u00ae senge.<\/p>\n<p>Hans Sandgren Jakobsen er en mester af detaljen og har skabt det unikke RotoBed\u00ae helt fra de afrundede beslag til det special-designede natbord.<\/p>\n<\/div><\/section><\/p>\n<\/div><\/div><div class=\"flex_cell no_margin av_one_third   \" style='vertical-align:top; padding:30px; '><div class='flex_cell_inner' ><section class=\"av_textblock_section \"  itemscope=\"itemscope\" itemtype=\"https:\/\/schema.org\/CreativeWork\" ><div class='avia_textblock  '   itemprop=\"text\" ><p style=\"text-align: center;\"><strong>V\u00e6rdier<\/strong><\/p>\n<\/div><\/section><br \/>\n<div class='avia-image-container  av-styling-    avia-align-center '  itemprop=\"ImageObject\" itemscope=\"itemscope\" itemtype=\"https:\/\/schema.org\/ImageObject\"  ><div class='avia-image-container-inner'><img class='avia_image ' src='https:\/\/rotobed.com\/dk\/wp-content\/uploads\/2020\/04\/Hvidkilde-svane-495x400.jpg' alt='rotobed rotating care bed values' title='RotoBed\u00ae Park'   itemprop=\"thumbnailUrl\"  \/><\/div><\/div><br \/>\n<section class=\"av_textblock_section \"  itemscope=\"itemscope\" itemtype=\"https:\/\/schema.org\/CreativeWork\" ><div class='avia_textblock  '   itemprop=\"text\" ><p>Respekt er en kernev\u00e6rdi for RotoBed\u00ae.<\/p>\n<p>M\u00f8der vi verden og hinanden med respekt, f\u00f8lger andre v\u00e6rdier som ansvarlighed og trov\u00e6rdighed helt naturligt med.<\/p>\n<p>Siden vi blev grundlagt for to \u00e5rtier siden, har vi haft et dedikeret fokus p\u00e5 at \u00f8ge livskvaliteten for patienter og borgere med nedsatte evner. Ud af respekt for enhver persons behov &#8211; og ret &#8211; til at leve et liv med den h\u00f8jest mulige livskvalitet, frihed og v\u00e6rdighed.<\/p>\n<p>Vi respekterer andre kulturer og finder stor gl\u00e6de ved at samarbejde med og hj\u00e6lpe mennesker fra hele verden. Fra Canada til Kina, fra Sverige til Kuwait.<\/p>\n<p>Vi respekterer naturen og anerkender vores ansvar for at str\u00e6be efter at s\u00e6tte s\u00e5 lidt aftryk som muligt p\u00e5 vores vej. Vi leder konstant efter mere milj\u00f8venlige l\u00f8sninger, n\u00e5r det kommer til tekstiler, emballering, produktion og mere.<\/p>\n<\/div><\/section><\/p>\n<\/div><\/div><\/div>\n","protected":false},"excerpt":{"rendered":"","protected":false},"author":2,"featured_media":0,"parent":0,"menu_order":0,"comment_status":"closed","ping_status":"closed","template":"","meta":[],"_links":{"self":[{"href":"https:\/\/rotobed.com\/dk\/wp-json\/wp\/v2\/pages\/6562"}],"collection":[{"href":"https:\/\/rotobed.com\/dk\/wp-json\/wp\/v2\/pages"}],"about":[{"href":"https:\/\/rotobed.com\/dk\/wp-json\/wp\/v2\/types\/page"}],"author":[{"embeddable":true,"href":"https:\/\/rotobed.com\/dk\/wp-json\/wp\/v2\/users\/2"}],"replies":[{"embeddable":true,"href":"https:\/\/rotobed.com\/dk\/wp-json\/wp\/v2\/comments?post=6562"}],"version-history":[{"count":10,"href":"https:\/\/rotobed.com\/dk\/wp-json\/wp\/v2\/pages\/6562\/revisions"}],"predecessor-version":[{"id":7562,"href":"https:\/\/rotobed.com\/dk\/wp-json\/wp\/v2\/pages\/6562\/revisions\/7562"}],"wp:attachment":[{"href":"https:\/\/rotobed.com\/dk\/wp-json\/wp\/v2\/media?parent=6562"}],"curies":[{"name":"wp","href":"https:\/\/api.w.org\/{rel}","templated":true}]}}