{"id":6830,"date":"2020-04-07T12:34:06","date_gmt":"2020-04-07T12:34:06","guid":{"rendered":"https:\/\/rotobed.com\/dk\/?page_id=6830"},"modified":"2021-12-30T13:25:16","modified_gmt":"2021-12-30T13:25:16","slug":"handelsbetingelser","status":"publish","type":"page","link":"https:\/\/rotobed.com\/dk\/handelsbetingelser\/","title":{"rendered":"Handelsbetingelser"},"content":{"rendered":"<div style='height:50px' class='hr hr-invisible  '><span class='hr-inner ' ><span class='hr-inner-style'><\/span><\/span><\/div>\n<section class=\"av_textblock_section \"  itemscope=\"itemscope\" itemtype=\"https:\/\/schema.org\/CreativeWork\" ><div class='avia_textblock  '   itemprop=\"text\" ><h1 style=\"text-align: center;\">RotoBed\u00ae ApS Handelsbetingelser<\/h1>\n<h2><strong>Generel information<\/strong><\/h2>\n<p>RotoBed\u00ae ApS<br \/>\nStoregade 44<br \/>\nDK-6640 Lunderskov<\/p>\n<p>CVR nr.: 25589580<\/p>\n<p>Tlf.: +45 7550 5025<\/p>\n<p>Email: <a href=\"mailto:info@rotobed.com\">info@rotobed.com<\/a><\/p>\n<hr \/>\n<p><strong>Indg\u00e5else af kontrakt\/handel\u00a0\u00a0<\/strong><\/p>\n<p>RotoBed\u00ae s\u00e6lger og leverer produkter i overensstemmelse med de vilk\u00e5r og betingelser, der er n\u00e6vnt i en underskrevet kontrakt eller i form af en anden skriftlig eller mundtlig aftale. Medmindre andet er angivet i kontrakten eller aftalen, udf\u00f8res alt i overensstemmelse med de generelle vilk\u00e5r og betingelser for aftaler.<\/p>\n<hr \/>\n<p><strong>Ansvar\u00a0\u00a0\u00a0\u00a0<\/strong><\/p>\n<p>RotoBed\u00ae vil g\u00f8re sit yderste for at betjene alle kunder uden fejl og p\u00e5 en kvalificeret m\u00e5de. RotoBed\u00ae vil korrigere eventuelle fejl i forbindelse med ordreafgivning\/fakturering\/levering i overensstemmelse med garantien og forudsat, at kunden underretter RotoBed\u00ae om fejlen inden for en rimelig tidsramme. Ved forkert brug\/misligholdelse af garantibetingelserne, p\u00e5tager RotoBed\u00ae sig intet yderligere \u00f8konomisk ansvar for direkte eller indirekte skader, der er afledt af brugen af RotoBed\u00ae produkter.<\/p>\n<hr \/>\n<p><strong>Priser<\/strong><\/p>\n<p>RotoBed\u00ae tager forbehold for eventuelle fejl i vores angivne priser. Endvidere forbeholder vi os ret til at \u00e6ndre i listepriserne uden forudg\u00e5ende samtykke. Vi garanterer dog ved ordreafgivning, at prisen er g\u00e6ldende i en m\u00e5ned.\u00a0 Der tages forbehold for udsolgte varer.<\/p>\n<hr \/>\n<p><strong>Betaling<\/strong><\/p>\n<p>RotoBed\u00ae modtager betaling med VISA-Dankort, VISA, Mastercard, Maestro, Verified by Visa, Mastercard Securecode, Yourpay og bankoverf\u00f8rsel. Ved betaling med kreditkort stiller du ved afgivelse af ordren garanti for hele dit indk\u00f8b samt leveringsomkostninger. Bel\u00f8bet tr\u00e6kkes f\u00f8rst fra din konto, n\u00e5r produktet afsendes fra vores lager. Du modtager en ordrebekr\u00e6ftelse p\u00e5 e-mail, n\u00e5r du har foretaget din bestilling. Du vil ligeledes modtage en e-mail, n\u00e5r varen(erne) bliver afsendt fra vores lager.<\/p>\n<hr \/>\n<p><strong>Levering og fragt<\/strong><\/p>\n<p>RotoBed\u00ae leverer i henhold til FOB Copenhagen, Incoterms\u00ae 2020.\u00a0 RotoBed\u00ae har f\u00f8lgende leveringstider og fragtpriser:<\/p>\n<p><u>Udenfor EU<\/u><u>:<\/u><\/p>\n<p>S\u00f8fragt:\u00a0 Leveringstid 4-5 uger. Fragtpris 550 USD\/500 euro.<\/p>\n<p>Luftfragt: Leveringstid 1 uge. Fragtpris 1350 USD\/1225 euro.<\/p>\n<p>DPU (Delivered at Place Unloaded): Ved internationale overs\u00f8iske leverancer forsendes varen til en terminal i den indskibningshavn\/lufthavn, der er t\u00e6ttest p\u00e5 din adresse, hvorefter du overtager ansvaret for produktet.<\/p>\n<p><u>Indenfor EU<\/u>:<\/p>\n<p>Ved vejtransport: Leveringstid 2 uger. Pris: 190 Euro\/1425 kr.<\/p>\n<p>Ved ikke bro-fast transport m\u00e5 fragt beregnes ved foresp\u00f8rgsel.<\/p>\n<p>DAP (Delivered At Place): Indenfor EU leverer RotoBed\u00ae bestillingen\u00a0frem til din adresse.<\/p>\n<p><em>Der tages forbehold for uforudsete h\u00e6ndelser, som kan p\u00e5virke fragtpriser og leveringstider. RotoBed\u00ae forbeholder sig retten til at \u00e6ndre fragtpriserne fremadrettet.<\/em><\/p>\n<hr \/>\n<p><strong>Garanti <\/strong><\/p>\n<p>RotoBed\u00ae tilbyder 3 \u00e5rs garanti, s\u00e5fremt anvisningerne i brugermanualen f\u00f8lges. Al elektronik fra LINAK (fjernbetjening, styreboks og motorer) er omfattet af 5 \u00e5rs garanti. Indenfor garantiperioderne leverer RotoBed\u00ae s\u00e5ledes reservedele uden beregning, hvis uheldet skulle v\u00e6re ude. RotoBed\u00ae garanterer samtidig at v\u00e6re leveringsdygtig i reservedele i mindst 10 \u00e5r fra k\u00f8bsdatoen. RotoBed\u00ae manualer indeholder pr\u00e6cise beskrivelser af garantier og vilk\u00e5r for at opretholde retten til garanti. Ved overtr\u00e6delse af disse betingelser bortfalder garantien. RotoBed\u00ae manualer indeholder et afsnit om fejlfinding. N\u00e5r du har identificeret fejlen, kan du udfylde et <a href=\"https:\/\/rotobed.com\/dk\/wp-content\/uploads\/2020\/04\/RotoBed-Reklamations-Rapport.pdf\">reklamations-skema<\/a> og sende det til RotoBed\u00ae p\u00e5 <a href=\"mailto:warranty@rotobed.com\">warranty@rotobed.com<\/a>\u00a0som herefter vil levere en reservedel inklusiv instruktion i, hvordan den udskiftes.<\/p>\n<hr \/>\n<p><strong>Fortrydelsesret<\/strong><\/p>\n<p>Hvis du fortryder dit k\u00f8b hos RotoBed\u00ae, kan du indtil 14 dage efter din modtagelse af leverancen sende et <a href=\"https:\/\/rotobed.com\/dk\/wp-content\/uploads\/2020\/04\/RotoBedHome-Retur-skema.pdf\">returskema<\/a> til <a href=\"mailto:info@rotobed.com\">info@rotobed.com<\/a>. Fortrydelsesretten g\u00e6lder kun, s\u00e5fremt varen(erne) er uskadt og ikke anvendt. Varen(erne) skal returneres i original emballage. Ordren skal sendes retur uden un\u00f8dig forsinkelse og senest 14 dage efter, at du har gjort brug af din fortrydelsesret. K\u00f8ber er ansvarlig for, at varen(erne) er forsvarligt pakket ind. Returfragten betales af k\u00f8ber. Du skal vedl\u00e6gge en kopi af ordrebekr\u00e6ftelsen. Du b\u00e6rer risikoen for varen fra tidspunktet for varens levering og frem til vi har modtaget den retur. Vi modtager ikke pakker sendt pr. efterkrav. Tilbagebetaling af k\u00f8besummen sker, n\u00e5r\u00a0RotoBed\u00ae har modtaget og godkendt standen af det\/de returnerede produkt(er).<\/p>\n<p>Returadressen er f\u00f8lgende:<\/p>\n<p>RotoBed\u00ae ApS<br \/>\nStoregade 44<br \/>\nDK-6640 Lunderskov<\/p>\n<p><u>Varer undtaget fortrydelsesretten:<\/u><\/p>\n<p>En RotoBed\u00ae drejeseng, som takket v\u00e6re valg af anden tekstilfarve end standardfarven, har f\u00e5et et tydeligt et tydeligt personligt pr\u00e6g.<\/p>\n<p><u>Refusion:<\/u><\/p>\n<p>Hvis du har betalt via bankoverf\u00f8rsel, bedes du medsende bankoplysninger i form af registrerings-nummer og kontonummer, s\u00e5 det aftalte bel\u00f8b kan overf\u00f8res. Disse oplysninger kan uden risiko oplyses pr. mail eller anden elektronisk form, da det ikke er f\u00f8lsomme oplysninger og kun vil blive anvendt til vores opfyldelse af refusionen. Ved betaling med kreditkort vil bel\u00f8bet blive tilbagef\u00f8rt til samme kreditkort.<\/p>\n<hr \/>\n<p><strong>Persondata<\/strong><\/p>\n<p>RotoBed\u00ae indsamler og gemmer personlige data til forskellige form\u00e5l, herunder fakturering. Du kan l\u00e6se mere om behandling og opbevaring i vores <a href=\"https:\/\/rotobed.com\/dk\/persondata-politik\/\">persondatapolitik<\/a>.<\/p>\n<hr \/>\n<p><strong>Version 1.0 04.2020<\/strong><\/p>\n<\/div><\/section>\n","protected":false},"excerpt":{"rendered":"","protected":false},"author":2,"featured_media":0,"parent":0,"menu_order":0,"comment_status":"closed","ping_status":"closed","template":"","meta":[],"_links":{"self":[{"href":"https:\/\/rotobed.com\/dk\/wp-json\/wp\/v2\/pages\/6830"}],"collection":[{"href":"https:\/\/rotobed.com\/dk\/wp-json\/wp\/v2\/pages"}],"about":[{"href":"https:\/\/rotobed.com\/dk\/wp-json\/wp\/v2\/types\/page"}],"author":[{"embeddable":true,"href":"https:\/\/rotobed.com\/dk\/wp-json\/wp\/v2\/users\/2"}],"replies":[{"embeddable":true,"href":"https:\/\/rotobed.com\/dk\/wp-json\/wp\/v2\/comments?post=6830"}],"version-history":[{"count":7,"href":"https:\/\/rotobed.com\/dk\/wp-json\/wp\/v2\/pages\/6830\/revisions"}],"predecessor-version":[{"id":7566,"href":"https:\/\/rotobed.com\/dk\/wp-json\/wp\/v2\/pages\/6830\/revisions\/7566"}],"wp:attachment":[{"href":"https:\/\/rotobed.com\/dk\/wp-json\/wp\/v2\/media?parent=6830"}],"curies":[{"name":"wp","href":"https:\/\/api.w.org\/{rel}","templated":true}]}}