{"id":6834,"date":"2020-04-07T12:38:48","date_gmt":"2020-04-07T12:38:48","guid":{"rendered":"https:\/\/rotobed.com\/dk\/?page_id=6834"},"modified":"2021-12-30T14:34:08","modified_gmt":"2021-12-30T14:34:08","slug":"persondata-politik","status":"publish","type":"page","link":"https:\/\/rotobed.com\/dk\/persondata-politik\/","title":{"rendered":"Persondata politik"},"content":{"rendered":"<section class=\"av_textblock_section \"  itemscope=\"itemscope\" itemtype=\"https:\/\/schema.org\/CreativeWork\" ><div class='avia_textblock  '   itemprop=\"text\" ><h1 style=\"text-align: center;\">RotoBed\u00ae ApS Persondata Politik<\/h1>\n<h1><\/h1>\n<p style=\"text-align: left;\"><strong style=\"font-size: 16px;\">Generelt<\/strong><\/p>\n<p>1.1 Denne politik om behandling af personoplysninger (&#8220;Persondatapolitik&#8221;) beskriver, hvorledes RotoBed\u00ae ApS (herefter RotoBed\u00ae, &#8220;os&#8221;, &#8220;vores&#8221;, &#8220;vi&#8221;) indsamler og behandler oplysninger om dig.<\/p>\n<p>1.2 Persondatapolitikken g\u00e6lder for personoplysninger, som du afgiver til os, eller som vi indsamler via hjemmesiden med dom\u00e6nenavnene <a href=\"http:\/\/www.rotobed.com\">www.rotobed.com<\/a> og <a href=\"http:\/\/www.rotobed.dk\">www.rotobed.dk<\/a>\u00a0 (herefter \u201dhjemmesiden\u201d) samt p\u00e5 Facebook-siden for RotoBed\u00ae .<\/p>\n<p>1.3 RotoBed\u00ae er dataansvarlig for dine personoplysninger. Al henvendelse herom til RotoBed\u00ae kan ske via kontaktoplysningerne anf\u00f8rt under pkt. 7.<\/p>\n<p><strong>Hvilke persondata indsamler vi, til hvilke form\u00e5l og retsgrundlaget for behandlingen<\/strong><\/p>\n<p>2.1 N\u00e5r du bes\u00f8ger hjemmesiden, indsamler vi automatisk oplysninger om dig og din brug af hjemmesiden, fx om hvilken type browser du bruger, hvilke s\u00f8getermer du bruger p\u00e5 hjemmesiden, din IP-adresse, herunder din netv\u00e6rkslokation, og informationer om din computer<\/p>\n<ul>\n<li>2.1.1\u00a0<em>Form\u00e5let<\/em> er at optimere brugeroplevelsen og hjemmesidens funktion, samt foretage m\u00e5lrettet markedsf\u00f8ring, herunder retargeting via Facebook og Google. Denne behandling af oplysninger er n\u00f8dvendig for, at vi kan varetage vores interesser i at forbedre hjemmesiden.<\/li>\n<\/ul>\n<ul>\n<li>2.1.2\u00a0<em>Retsgrundlaget<\/em>\u00a0for behandlingen er EU Persondataforordningens art 6, stk. 1, litra f.<\/li>\n<\/ul>\n<p>2.2 N\u00e5r du k\u00f8ber et produkt eller kommunikerer med os p\u00e5 hjemmesiden, indsamler vi de oplysninger, du selv afgiver, fx navn, adresse, e-mailadresse, telefonnr., betalingsm\u00e5de, oplysninger om hvilke produkter, du k\u00f8ber og eventuelt har returneret, leverings\u00f8nsker, samt oplysning om den IP-adresse, hvorfra bestilling er foretaget.<\/p>\n<ul>\n<li>2.2.1\u00a0<em>Form\u00e5let<\/em>\u00a0er, at vi kan levere de produkter, du har bestilt og i \u00f8vrigt opfylde vores aftale med dig, herunder for at kunne administrere dine rettigheder til at returnere og reklamere. Oplysninger om dine k\u00f8b kan vi ogs\u00e5 behandle for at overholde lovkrav, herunder til bogf\u00f8ring og regnskab. Ved k\u00f8b indsamles IP-adressen med det form\u00e5l og for at varetage vores interesse i at kunne forhindre svig.<\/li>\n<li>2.2.2\u00a0<em>Retsgrundlaget<\/em> for behandlingen er EU Persondataforordningens art 6, stk. 1, litra b, c og f.<\/li>\n<\/ul>\n<h2><\/h2>\n<h1><\/h1>\n<p><strong>Modtagere af Personoplysninger<\/strong><\/p>\n<p>3.1 Oplysninger om dit navn, adresse, e-mail, telefonnummer samt ordrenummer og specifikke leverings\u00f8nsker videregives til den transport\u00f8r, der forest\u00e5r leveringen af de k\u00f8bte varer til dig. Til brug for ordrebekr\u00e6ftelser og fakturering benytter vi \u00f8konomisystemet E-conomic. RotoBed\u00ae har indg\u00e5et en databehandleraftale med E-conomic, og dine date vil ikke blive videregivet til tredjepart.<\/p>\n<h4><\/h4>\n<h1><\/h1>\n<p><strong>Dine rettigheder<\/strong><\/p>\n<p>4.1 Med henblik p\u00e5 at skabe \u00e5benhed omkring behandlingen af dine oplysninger skal vi, som dataansvarlig, oplyse dig om dine rettigheder.<\/p>\n<p><span style=\"text-decoration: underline;\">Indsigtsretten<\/span><\/p>\n<ul>\n<li>4.2.1 Du er til enhver tid berettiget til at anmode os om oplysning om blandt andet, hvilke oplysninger vi har registreret om dig, hvilket form\u00e5l registreringen tjener, hvilke kategorier af personoplysninger og modtagere af oplysninger der eventuelt m\u00e5tte v\u00e6re, samt oplysning om, hvorfra oplysningerne stammer.<\/li>\n<li>4.2.2 Du har ret til at f\u00e5 udleveret en kopi af de personoplysninger, som vi behandler om dig. Hvis du \u00f8nsker en kopi af dine personoplysninger, skal du sende en skriftlig anmodning til <a href=\"mailto:info@rotobed.com\">info@rotobed.com<\/a>. Du kan blive bedt om at dokumentere, at du er den, du giver dig ud for at v\u00e6re.<\/li>\n<\/ul>\n<p><span style=\"text-decoration: underline;\">Retten til berigtigelse<\/span><\/p>\n<ul>\n<li>4.3.1 Du har ret til at f\u00e5 urigtige personoplysninger om dig selv berigtiget af os. S\u00e5fremt du bliver opm\u00e6rksom p\u00e5, at der er fejl i de oplysninger, som vi har registreret om dig, opfordres du til at rette skriftlig henvendelse til os, s\u00e5 oplysningerne kan blive korrigeret.<\/li>\n<\/ul>\n<p><span style=\"text-decoration: underline;\">Retten til sletning<\/span><\/p>\n<ul>\n<li>4.4.1 I visse tilf\u00e6lde har du ret til at f\u00e5 alle eller visse af dine personoplysninger slettet af os, fx hvis du tilbagekalder dit samtykke, og vi ikke har et andet retsgrundlag for at forts\u00e6tte behandlingen. I det omfang en fortsat behandling af dine oplysninger er n\u00f8dvendig, fx for at vi kan overholde vores retlige forpligtelser, eller for at retskrav kan fastl\u00e6gges, g\u00f8res g\u00e6ldende eller forsvares, er vi ikke forpligtede til at slette dine personoplysninger.<\/li>\n<\/ul>\n<p><span style=\"text-decoration: underline;\">Retten til at begr\u00e6nse behandlingen til opbevaring<\/span><\/p>\n<ul>\n<li>4.5.1 Du har i visse tilf\u00e6lde ret til at f\u00e5 begr\u00e6nset behandlingen af dine personoplysninger til kun at best\u00e5 af opbevaring, fx hvis du mener, at de oplysninger, vi behandler om dig, ikke er korrekte.<\/li>\n<\/ul>\n<p><span style=\"text-decoration: underline;\">Retten til dataportabilitet<\/span><\/p>\n<ul>\n<li>4.6.1 Du har i visse tilf\u00e6lde ret til at f\u00e5 personoplysninger, som du selv har givet os, udleveret i et struktureret, almindeligt anvendt og maskinl\u00e6sbar format og har ret til at overf\u00f8re disse oplysninger til en anden dataansvarlig.<\/li>\n<\/ul>\n<p><span style=\"text-decoration: underline;\">Retten til indsigelse<\/span><\/p>\n<ul>\n<li>4.7.1 Du har til enhver tid ret til at g\u00f8re indsigelse mod vores behandling af dine personoplysninger.<\/li>\n<li>4.7.2 Du har endvidere til enhver tid ret til af grunde, der vedr\u00f8rer din personlige situation, at g\u00f8re indsigelse mod den behandling af dine personoplysninger, som vi foretager p\u00e5 grundlag af vores legitime interesser jfr. pkt. 2.1 og 2.3.<\/li>\n<\/ul>\n<p><span style=\"text-decoration: underline;\">Retten til at tilbagekalde samtykke<\/span><\/p>\n<ul>\n<li>4.8.1 Du har til enhver tid ret til at tilbagekalde et samtykke, du har givet os til en given behandling af personoplysninger. Hvis du \u00f8nsker at tilbagekalde dit samtykke, bedes du kontakte os p\u00e5 <a href=\"mailto:info@rotobed.com\">info@rotobed.com<\/a>.<\/li>\n<\/ul>\n<p><span style=\"text-decoration: underline;\">Retten til at klage<\/span><\/p>\n<ul>\n<li>4.9.1 Du har til enhver tid ret til at indgive en klage til Datatilsynet, Borgergade 28, 5, 1300 K\u00f8benhavn K over vores behandling af dine personoplysninger. Klagen kan blandt andet indgives p\u00e5 mail <a href=\"mailto:dt@datatilsynet.dk\">dt@datatilsynet.dk<\/a> eller telefon +45 33 19 32 00.<\/li>\n<\/ul>\n<h4><\/h4>\n<h1><\/h1>\n<p><strong>Sletning af persondata<\/strong><\/p>\n<p>5.1 Oplysninger indsamlet om din brug af hjemmesiden jfr. pkt. 2.1. slettes senest, n\u00e5r du ikke har gjort brug af hjemmesiden i 2 \u00e5r.<\/p>\n<p>5.2 Oplysninger indsamlet i forbindelse med k\u00f8b du har gennemf\u00f8rt p\u00e5 hjemmesiden jfr. pkt. 2.2 vil som udgangspunkt blive slettet 3 \u00e5r efter udl\u00f8bet af det kalender\u00e5r, hvori du har foretaget dit k\u00f8b. Oplysninger kan dog gemmes i l\u00e6ngere tid, hvis vi har et legitimt behov for l\u00e6ngere opbevaring, fx hvis det er n\u00f8dvendigt for at retskrav kan fastl\u00e6gges, g\u00f8res g\u00e6ldende eller forsvares, eller hvis opbevaring er n\u00f8dvendig for, at vi kan opfylde lovkrav. Regnskabsmateriale opbevares i 5 \u00e5r til udgangen af et regnskabs\u00e5r for at opfylde bogf\u00f8ringslovens krav.<\/p>\n<h4><\/h4>\n<h1><\/h1>\n<p><strong>Sikkerhed<\/strong><\/p>\n<p>6.1 Vi har gennemf\u00f8rt passende tekniske og organisatoriske sikkerhedsforanstaltninger mod, at personoplysninger h\u00e6ndeligt eller ulovligt tilintetg\u00f8res, fortabes, \u00e6ndres eller forringes samt mod, at de kommer til uvedkommendes kendskab eller misbruges.<\/p>\n<p>6.2 Kun medarbejdere, der har et reelt behov for at f\u00e5 adgang til dine personoplysninger for at udf\u00f8re deres arbejde, har adgang til disse.<\/p>\n<h4><\/h4>\n<h1><\/h1>\n<p><strong>Kontaktoplysninger<\/strong><\/p>\n<p>7.1 RotoBed\u00ae ApS er dataansvarlig for de persondata, som indsamles via hjemmesiden.<\/p>\n<p>7.2 Hvis du har sp\u00f8rgsm\u00e5l eller bem\u00e6rkninger til denne persondatapolitik, eller \u00f8nsker du at g\u00f8re brug af en eller flere af dine rettigheder beskrevet i pkt.4, kan du kontakte:<\/p>\n<p>RotoBed\u00ae Aps<br \/>\nStoregade 44<br \/>\nDK- 640 Lunderskov<\/p>\n<p>Tlf. nr.: + 45 7550 5025<br \/>\nE-mail: <a href=\"mailto:info@rotobed.com\">info@rotobed.com<\/a><\/p>\n<h4><\/h4>\n<h1><\/h1>\n<p><strong>\u00c6ndringer i Persondatapolitikken<\/strong><\/p>\n<p>8.1 Hvis der sker \u00e6ndringer i vores persondatapolitik, vil det blive opdateret, og du kan altid finde den nyeste version p\u00e5 hjemmesiden under &#8220;Information&#8221; &#8211; &#8220;Persondatapolitik&#8221;.<\/p>\n<h4><\/h4>\n<h1><\/h1>\n<p><strong>Versioner<\/strong><\/p>\n<p>Dette er version 1.0 af RotoBed\u00ae\u2019s persondatapolitik dateret den 01.04.2020<\/p>\n<\/div><\/section>\n","protected":false},"excerpt":{"rendered":"","protected":false},"author":2,"featured_media":0,"parent":0,"menu_order":0,"comment_status":"closed","ping_status":"closed","template":"","meta":[],"_links":{"self":[{"href":"https:\/\/rotobed.com\/dk\/wp-json\/wp\/v2\/pages\/6834"}],"collection":[{"href":"https:\/\/rotobed.com\/dk\/wp-json\/wp\/v2\/pages"}],"about":[{"href":"https:\/\/rotobed.com\/dk\/wp-json\/wp\/v2\/types\/page"}],"author":[{"embeddable":true,"href":"https:\/\/rotobed.com\/dk\/wp-json\/wp\/v2\/users\/2"}],"replies":[{"embeddable":true,"href":"https:\/\/rotobed.com\/dk\/wp-json\/wp\/v2\/comments?post=6834"}],"version-history":[{"count":11,"href":"https:\/\/rotobed.com\/dk\/wp-json\/wp\/v2\/pages\/6834\/revisions"}],"predecessor-version":[{"id":7568,"href":"https:\/\/rotobed.com\/dk\/wp-json\/wp\/v2\/pages\/6834\/revisions\/7568"}],"wp:attachment":[{"href":"https:\/\/rotobed.com\/dk\/wp-json\/wp\/v2\/media?parent=6834"}],"curies":[{"name":"wp","href":"https:\/\/api.w.org\/{rel}","templated":true}]}}