{"id":7249,"date":"2021-03-03T11:28:34","date_gmt":"2021-03-03T11:28:34","guid":{"rendered":"https:\/\/rotobed.com\/dk\/?page_id=7249"},"modified":"2021-03-17T08:30:24","modified_gmt":"2021-03-17T08:30:24","slug":"psp-parkinson","status":"publish","type":"page","link":"https:\/\/rotobed.com\/dk\/psp-parkinson\/","title":{"rendered":"psp-parkinson"},"content":{"rendered":"<\/div><\/div><\/div><!-- close content main div --><\/div><\/div><div id='av-layout-grid-1' class='av-layout-grid-container entry-content-wrapper main_color av-flex-cells   av-border-cells container_wrap fullsize'   >\n<div class=\"flex_cell no_margin av_two_third   \" style='vertical-align:top; padding:30px; '><div class='flex_cell_inner' ><section class=\"av_textblock_section \"  itemscope=\"itemscope\" itemtype=\"https:\/\/schema.org\/CreativeWork\" ><div class='avia_textblock  '   itemprop=\"text\" ><h1 style=\"text-align: center;\"><strong><span style=\"color: #960606;\">Ramt af PSP:<\/span><\/strong><\/h1>\n<h1 style=\"text-align: center;\">RotoBed\u00ae sengen t\u00e6nder<\/h1>\n<h1 style=\"text-align: center;\">lyset i min mands \u00f8jne<\/h1>\n<\/div><\/section><br \/>\n<div class='avia-image-container  av-styling-    avia-align-center '  itemprop=\"ImageObject\" itemscope=\"itemscope\" itemtype=\"https:\/\/schema.org\/ImageObject\"  ><div class='avia-image-container-inner'><img class='avia_image ' src='https:\/\/rotobed.com\/dk\/wp-content\/uploads\/2021\/03\/Hans-Villadsen-og-Else-scaled.jpg' alt='rotobed drejeseng referencer' title='Hans Villadsen og Else'   itemprop=\"thumbnailUrl\"  \/><\/div><\/div><br \/>\n<section class=\"av_textblock_section \"  itemscope=\"itemscope\" itemtype=\"https:\/\/schema.org\/CreativeWork\" ><div class='avia_textblock  '   itemprop=\"text\" ><h3><strong>Efter et langt liv som brandmand og ambulancef\u00f8rer fik Hans Rode Parkinson\u2019s og m\u00e5tte have hj\u00e6lp. F\u00f8rst fik han en RotoBed\u00aeFree og blev selvhjulpen. Siden blev sengen taget fra ham, men det kunne hans kone ikke leve med. For hans skyld. <\/strong><\/h3>\n<p>Det var p\u00e5 dansegulvet i en jazzklub, at Hans Villadsens krop f\u00f8rste gang viste tegn p\u00e5, at noget var galt. Han var 65 \u00e5r og midt i en svingom med sin Else, da han pludselig gik helt i st\u00e5. Bare stod der midt p\u00e5 dansegulvet.<\/p>\n<p>&#8211;\u00a0 Jeg skal ned til bordet igen. Mine ben kan ikke flytte sig, sagde han.<\/p>\n<p>Else t\u00e6nkte ikke videre over det. Hendes store, st\u00e6rke mand havde m\u00e5ske bare f\u00e5et et glas vin for meget? Men siden kom der flere tegn. Selv om Hans stadig k\u00f8rte p\u00e5 cykel og virkede frisk, begyndte han at sl\u00e6be p\u00e5 f\u00f8dderne, n\u00e5r han gik. Senere kom den ene skulder til at h\u00e6nge lidt. I 2012, tre \u00e5r efter dansen p\u00e5 jazzklubben, fik Hans Villadsen konstateret Parkinson\u2019s. I 2016 stod det klart, at han oven i k\u00f8bet var ramt af PSP, en aggressiv form for Parkinson\u2019s, som medf\u00f8rer usikker gang, balanceproblemer og en tendens til pludselige fald.<\/p>\n<p>For to \u00e5r siden var det blevet s\u00e5 sv\u00e6rt for Hans at kontrollere sine bev\u00e6gelser, at han ofte faldt, n\u00e5r han skulle ud af sengen. Og for Else var det ikke l\u00e6ngere muligt at hj\u00e6lpe sin mand alene.<\/p>\n<p>&#8211; Han kunne ikke l\u00e6ngere selv l\u00f8fte benene ud af sengen. Det er ren d\u00f8dv\u00e6gt, og han vejer n\u00e6sten dobbelt s\u00e5 meget som jeg, s\u00e5 det kunne jeg jo ikke klare, siger Else.<\/p>\n<p>Der var brug for en l\u00f8sning, og visitatoren fra K\u00f8ge Kommune foreslog en RotoBed\u00aeFree. \u00a0At der overhovedet fandtes en seng, som kunne dreje brugeren ud, havde parret aldrig h\u00f8rt om.<\/p>\n<p>&#8211; Vi var slet ikke klar over, at det fandtes, men det l\u00f8d jo som en dr\u00f8m. Det ville vi rigtig gerne, og selv om det tog lang tid, lykkedes det til sidst at f\u00e5 den bevilget. Den gjorde en forskel lige fra starten. Hans skal stadig helst lige have en smule hj\u00e6lp \u2013 besked om at flytte h\u00f8jre fod lidt frem og den slags, men s\u00e5 klarer han det ogs\u00e5, fort\u00e6ller Else Rode.<\/p>\n<p><strong>Da Hans\u2019s seng pludselig var personalets seng<\/strong><\/p>\n<p>Da Hans Villadsens sygdom udviklede sig, og han kort efter nyt\u00e5r 2020 \u00e5r fik brug for at komme p\u00e5 plejehjem, fik han sin RotoBed\u00aeFree hjemme fra sovev\u00e6relset med sig som sit hj\u00e6lpemiddel. Og personalet p\u00e5 plejehjemmet i K\u00f8ge Kommune var ogs\u00e5 virkelig begejstret for den. Men s\u00e5 traf \u00e6gteparret en beslutning, der desv\u00e6rre blev dyr for dem.<\/p>\n<p>&#8211; Vi valgte nemlig at flytte til Solr\u00f8d Kommune, hvor vi havde fundet et dejligt plejecenter med sansehave, som passede rigtig godt til Hans. Men nu sagde K\u00f8ge Kommune, at sengen var et APV hj\u00e6lpemiddel, alts\u00e5 til gavn for personalet, og derfor m\u00e5tte vi ikke f\u00e5 sengen med. Og Solr\u00f8d Kommune ville ikke bevilge en RotoBed\u00ae til Hans.<\/p>\n<p>Pludselig var der ikke l\u00e6ngere nogen drejeseng til at hj\u00e6lpe Hans ud og ind af sengen. Og Else var frustreret.<\/p>\n<p>&#8211; Jeg kan ikke se for mig, at Hans skal leve et liv, hvor han skal liftes ud og ind i seng. H\u00e6nge deroppe, og \u2026 det er jo ubehageligt, uv\u00e6rdigt. Og det var alternativet. Jeg vil gerne, at han skal beholde den mobilitet, han trods alt har, s\u00e5 l\u00e6nge som muligt. Det kan han kun p\u00e5 denne m\u00e5de, for han kan jo ikke bruge sine ben, hvis han bliver liftet, forklarer hun.<\/p>\n<p>S\u00e5 det endte med, at Else og Hans selv fandt pengene til en RotoBed\u00aeFree. F\u00f8rst protesterede Hans; der skulle ikke bruges s\u00e5 mange penge p\u00e5 ham, men det fik han nu ikke lov at bestemme for Else.<\/p>\n<p>&#8211; Jeg var n\u00f8dt til at sp\u00f8rge p\u00e5 det nye plejecenter, om Hans overhovedet m\u00e5tte f\u00e5 sengen med, hvis vi k\u00f8bte en RotoBed\u00ae selv. De var heldigvis begejstrede, og s\u00e5 snart de h\u00f8rte om den, gik de p\u00e5 YouTube for at se videoklip med den, fort\u00e6ller hun og tilf\u00f8jer:<\/p>\n<p>&#8211; Jeg forst\u00e5r slet ikke, hvorfor det ikke er alle kommuner, der investerer i dem. Det er en fantastisk opfindelse, og jeg tror, det tjener sig ind, for den hj\u00e6lper til at bevare mobiliteten, og s\u00e5 f\u00e5r personalet heller ikke \u00f8mme skuldre og rygge.<\/p>\n<p>For Else var det en lettelse, da hendes mand fik en RotoBed\u00ae, for det sparede hende for de store fysiske anstrengelser ved at hj\u00e6lpe ham. Men det er Hans, som sengen har betydet allermest for, siger hun. Ikke kun p\u00e5 grund af den fysiske hj\u00e6lp, men p\u00e5 grund af v\u00e6rdigheden i selv at kunne komme ud af sengen.<\/p>\n<p>&#8211; Hans har v\u00e6ret 40 \u00e5r i Hovedstadens Beredskab som overbrandmester og ambulancef\u00f8rer. Han har hjulpet andre mennesker hele sit liv. Pludselig kunne han intet selv, og det var h\u00e5rdt for ham. Da han fik sin RotoBed\u00aeFree, blev han mere selvhjulpen igen. Det t\u00e6ndte lyset i hans \u00f8jne.<\/p>\n<\/div><\/section><\/p>\n<\/div><\/div><div class=\"flex_cell no_margin av_one_third   \" style='vertical-align:top; padding:30px; '><div class='flex_cell_inner' ><p><div class='avia-image-container  av-styling-    avia-align-center '  itemprop=\"ImageObject\" itemscope=\"itemscope\" itemtype=\"https:\/\/schema.org\/ImageObject\"  ><div class='avia-image-container-inner'><img class='avia_image ' src='https:\/\/rotobed.com\/dk\/wp-content\/uploads\/2021\/03\/hjerne-ny.png' alt='parkinson rotobed' title=''   itemprop=\"thumbnailUrl\"  \/><\/div><\/div><br \/>\n<section class=\"av_textblock_section \"  itemscope=\"itemscope\" itemtype=\"https:\/\/schema.org\/CreativeWork\" ><div class='avia_textblock  '   itemprop=\"text\" ><h5 style=\"text-align: left;\"><strong>Hvad er PSP &#8211; og hvordan hj\u00e6lper en RotoBed\u00ae?<\/strong><\/h5>\n<p>Progressiv supranuklear parese (PSP) er en mindre kendt neurodegenerativ hjernetilstand. Progressiv betyder fremadskridende. Supranucle\u00e6r hentyder til omr\u00e5der i hjernen. Parese betyder sv\u00e6kkelse eller lammelse. PSP er kronisk og fremadskridende, og der er ingen kendt \u00e5rsag eller kur.<\/p>\n<p>Ofte er patienterne i tresserne, n\u00e5r de f\u00e5r diagnosen PSP, men det kan ramme s\u00e5 tidligt som i fyrrerne. I de tidlige stadier af PSP er der lighed med nogle Parkinsons symptomer. Af den grund er PSP Parkinson inkluderet i en gruppe sygdomme kaldet Parkinsons Plus-syndrom eller atypisk parkinsonisme.<\/p>\n<p><strong>Symptomer<\/strong><\/p>\n<p>PSP Parkinson er kendetegnet ved en vis langsommelighed med betydelig muskelstivhed i hele kroppen &#8211; is\u00e6r i nakke- og rygmusklerne, og nogle gange med en tilbageb\u00f8jet b\u00f8jning som f\u00f8lge heraf. Rystelse ses sj\u00e6ldent. Der er normalt lige store m\u00e6ngder parkinsonisme p\u00e5 begge sider af kroppen. De motoriske problemer f\u00f8rer ofte til st\u00f8rre gang- og balanceforstyrrelser samt en deraf f\u00f8lgende tendens til at falde. Denne tendens til at falde forv\u00e6rres ofte af manglende bev\u00e6gelse i \u00f8jnene.<\/p>\n<p>De langsomme bev\u00e6gelser i \u00f8jnene komplicerer hverdagens funktioner, for eksempel i forbindelse med spisning, l\u00e6sning og gang.<\/p>\n<p><strong>Behandling<\/strong><\/p>\n<p>I mods\u00e6tning til Parkinsons sygdom er PSP livsforkortende. PSP udvikler sig hurtigere, for\u00e5rsager mere alvorlige symptomer og reagerer meget d\u00e5rligt p\u00e5 Parkinsons medicin. Der er dog tr\u00e6nings- og behandlingsmuligheder, der vil kunne \u00f8ge den PSP-ramtes livskvalitet.<\/p>\n<p>I samarbejde med blandt andre skr\u00e6ddersys tr\u00e6ning og behandling individuelt, da sygdommen udarter sig meget forskelligt fra patient til patient.\u00a05-6 personer ud af 100.000 har PSP &#8211; det svarer til, at der i Danmark er omkring 350 PSP-ramte. (kilder: <a href=\"http:\/\/www.parkinson.dk\">www.parkinson.dk<\/a>; <a href=\"http:\/\/www.psp.org\">www.psp.org<\/a>)<\/p>\n<p><strong>Hvordan kan en RotoBed\u00ae hj\u00e6lpe?<\/strong><\/p>\n<p>Is\u00e6r muskelstivheden ved PSP kan g\u00f8re det sv\u00e6rt at styre den koordinerede bev\u00e6gelse, der skal til for at komme ud af sengen &#8211; mavemuskler skal sp\u00e6ndes for at dreje kroppen, benene skal l\u00f8ftes og svinges ud over kanten, etc. Mange gange er en hj\u00e6lper eller en p\u00e5r\u00f8rende n\u00f8dt til at l\u00f8fte\/tr\u00e6kke\/skubbe, f\u00f8r det kan lykkes. RotoBed\u00ae drejesengen udf\u00f8rer hele denne bev\u00e6gelse fra brugeren ligger fladt p\u00e5 ryggen, til vedkommende sidder eller st\u00e5r op. Tilsvarende g\u00e6lder den modsatte bev\u00e6gelse, n\u00e5r brugeren skal i seng. Det sk\u00e5ner b\u00e5de brugeren og hj\u00e6lperen og er samtidig en mere v\u00e6rdig l\u00f8sning.<\/p>\n<\/div><\/section><br \/>\n<div  class='hr hr-default  '><span class='hr-inner ' ><span class='hr-inner-style'><\/span><\/span><\/div><br \/>\n<section class=\"av_textblock_section \"  itemscope=\"itemscope\" itemtype=\"https:\/\/schema.org\/CreativeWork\" ><div class='avia_textblock  '   itemprop=\"text\" ><h5><strong>Hvem kan have gavn af en RotoBed\u00ae?<\/strong><\/h5>\n<h5><strong>L\u00e6s mere om brugere og p\u00e5r\u00f8rendes erfaringer.\u00a0<\/strong><\/h5>\n<\/div><\/section><br \/>\n<div style='height:25px' class='hr hr-invisible  '><span class='hr-inner ' ><span class='hr-inner-style'><\/span><\/span><\/div><br \/>\n<div class='avia-image-container  av-styling-    avia-align-center '  itemprop=\"ImageObject\" itemscope=\"itemscope\" itemtype=\"https:\/\/schema.org\/ImageObject\"  ><div class='avia-image-container-inner'><a href='https:\/\/rotobed.com\/dk\/seng-med-drejefunktion\/' class='avia_image'  ><img class='avia_image ' src='https:\/\/rotobed.com\/dk\/wp-content\/uploads\/2020\/01\/Lisbeth-02A-\u00a9-Jonas-Fotografi-1-4-300x200.jpg' alt='drejeseng hjemmepleje rotobed' title='Aabenraa erfaringer med RotoBed\u00ae'  itemprop=\"thumbnailUrl\"  \/><\/a><\/div><\/div><br \/>\n<div style='height:25px' class='hr hr-invisible  '><span class='hr-inner ' ><span class='hr-inner-style'><\/span><\/span><\/div><br \/>\n<div class='avia-button-wrap avia-button-center '><a href='https:\/\/rotobed.com\/dk\/seng-med-drejefunktion\/' class='avia-button   avia-icon_select-no avia-color-theme-color avia-size-x-large avia-position-center '   ><span class='avia_iconbox_title' >Lad mig se flere bruger-historier<\/span><\/a><\/div><\/p>\n<\/div><\/div><\/div>\n","protected":false},"excerpt":{"rendered":"","protected":false},"author":2,"featured_media":0,"parent":0,"menu_order":0,"comment_status":"closed","ping_status":"closed","template":"","meta":[],"_links":{"self":[{"href":"https:\/\/rotobed.com\/dk\/wp-json\/wp\/v2\/pages\/7249"}],"collection":[{"href":"https:\/\/rotobed.com\/dk\/wp-json\/wp\/v2\/pages"}],"about":[{"href":"https:\/\/rotobed.com\/dk\/wp-json\/wp\/v2\/types\/page"}],"author":[{"embeddable":true,"href":"https:\/\/rotobed.com\/dk\/wp-json\/wp\/v2\/users\/2"}],"replies":[{"embeddable":true,"href":"https:\/\/rotobed.com\/dk\/wp-json\/wp\/v2\/comments?post=7249"}],"version-history":[{"count":11,"href":"https:\/\/rotobed.com\/dk\/wp-json\/wp\/v2\/pages\/7249\/revisions"}],"predecessor-version":[{"id":7272,"href":"https:\/\/rotobed.com\/dk\/wp-json\/wp\/v2\/pages\/7249\/revisions\/7272"}],"wp:attachment":[{"href":"https:\/\/rotobed.com\/dk\/wp-json\/wp\/v2\/media?parent=7249"}],"curies":[{"name":"wp","href":"https:\/\/api.w.org\/{rel}","templated":true}]}}