{"id":7377,"date":"2021-11-08T14:15:04","date_gmt":"2021-11-08T14:15:04","guid":{"rendered":"https:\/\/rotobed.com\/dk\/?page_id=7377"},"modified":"2022-06-08T08:48:57","modified_gmt":"2022-06-08T08:48:57","slug":"rotobedchange","status":"publish","type":"page","link":"https:\/\/rotobed.com\/dk\/rotobedchange\/","title":{"rendered":"RotoBed\u00aeChange"},"content":{"rendered":"<div style='height:20px' class='hr hr-invisible  '><span class='hr-inner ' ><span class='hr-inner-style'><\/span><\/span><\/div>\n<div class='avia-image-container  av-styling-    avia-align-center '  itemprop=\"ImageObject\" itemscope=\"itemscope\" itemtype=\"https:\/\/schema.org\/ImageObject\"  ><div class='avia-image-container-inner'><img class='avia_image ' src='https:\/\/rotobed.com\/dk\/wp-content\/uploads\/2021\/11\/Gyda-Trae-D1-3180-scaled.jpg' alt='' title='Gyda-Tr\u00e6 D1-3180'   itemprop=\"thumbnailUrl\"  \/><\/div><\/div>\n<div style='height:10px' class='hr hr-invisible  '><span class='hr-inner ' ><span class='hr-inner-style'><\/span><\/span><\/div>\n<div class=\"flex_column av_one_full  flex_column_div av-zero-column-padding first  \" style='border-radius:0px; '><section class=\"av_textblock_section \"  itemscope=\"itemscope\" itemtype=\"https:\/\/schema.org\/CreativeWork\" ><div class='avia_textblock  '   itemprop=\"text\" ><h1 style=\"text-align: center;\">Er det sv\u00e6rt at komme ud af sengen uden hj\u00e6lp?<\/h1>\n<\/div><\/section><br \/>\n<div class='avia-gallery  avia-gallery-1 avia_lazyload avia_animate_when_visible '  itemprop=\"ImageObject\" itemscope=\"itemscope\" itemtype=\"https:\/\/schema.org\/ImageObject\" ><div class='avia-gallery-thumb'> <a href='https:\/\/rotobed.com\/dk\/wp-content\/uploads\/2021\/11\/Gyda-Trae-A-3215-1030x687.jpg' data-rel='gallery-1' data-prev-img='https:\/\/rotobed.com\/dk\/wp-content\/uploads\/2021\/11\/Gyda-Trae-A-3215-495x400.jpg' class='first_thumb lightbox ' data-onclick='1' title='RotoBed\u00aeChange liggende'  itemprop=\"thumbnailUrl\" ><img data-avia-tooltip='RotoBed\u00aeChange liggende' src='https:\/\/rotobed.com\/dk\/wp-content\/uploads\/2021\/11\/Gyda-Trae-A-3215-1030x687.jpg' width='1030' height='687'  title='RotoBed\u00aeChange liggende' alt='rotobed robobed plejeseng drejeseng' \/><\/a> <a href='https:\/\/rotobed.com\/dk\/wp-content\/uploads\/2021\/11\/Gyda-Trae-D1-3180-1030x687.jpg' data-rel='gallery-1' data-prev-img='https:\/\/rotobed.com\/dk\/wp-content\/uploads\/2021\/11\/Gyda-Trae-D1-3180-495x400.jpg' class='lightbox ' data-onclick='2' title='RotoBed\u00aeChange siddende'  itemprop=\"thumbnailUrl\" ><img data-avia-tooltip='RotoBed\u00aeChange siddende' src='https:\/\/rotobed.com\/dk\/wp-content\/uploads\/2021\/11\/Gyda-Trae-D1-3180-1030x687.jpg' width='1030' height='687'  title='Gyda-Tr\u00e6 D1-3180' alt='' \/><\/a> <a href='https:\/\/rotobed.com\/dk\/wp-content\/uploads\/2022\/01\/Gyda-Trae-E1-3186-1030x687.jpg' data-rel='gallery-1' data-prev-img='https:\/\/rotobed.com\/dk\/wp-content\/uploads\/2022\/01\/Gyda-Trae-E1-3186-495x400.jpg' class='lightbox ' data-onclick='3' title=''  itemprop=\"thumbnailUrl\" ><img  src='https:\/\/rotobed.com\/dk\/wp-content\/uploads\/2022\/01\/Gyda-Trae-E1-3186-1030x687.jpg' width='1030' height='687'  title='Gyda-Tr\u00e6 E1-3186' alt='' \/><\/a><\/div><\/div><\/p><\/div>\n<div style='height:10px' class='hr hr-invisible  '><span class='hr-inner ' ><span class='hr-inner-style'><\/span><\/span><\/div>\n<div class=\"flex_column av_one_half  no_margin flex_column_div av-zero-column-padding first  \" style='background-color:#a8a8a8; border-radius:0px; '><p><div style='height:27px' class='hr hr-invisible  '><span class='hr-inner ' ><span class='hr-inner-style'><\/span><\/span><\/div><br \/>\n<section class=\"av_textblock_section \"  itemscope=\"itemscope\" itemtype=\"https:\/\/schema.org\/CreativeWork\" ><div class='avia_textblock  '  style='font-size:20px; '  itemprop=\"text\" ><h3 style=\"text-align: center;\"><span style=\"color: #000000;\"><strong>Livet bliver lettere med en RotoBed\u00aeChange\u00a0<\/strong><\/span><\/h3>\n<ul>\n<li style=\"text-align: center;\">Sengen drejer dig sk\u00e5nsomt rundt p\u00e5 mindre end et minut<\/li>\n<li style=\"text-align: center;\">Det eneste, du selv skal g\u00f8re, er at trykke p\u00e5 en enkelt knap<\/li>\n<li style=\"text-align: center;\">Du opn\u00e5r mere frihed, \u00f8get mobilitet og h\u00f8jere livskvalitet<\/li>\n<\/ul>\n<\/div><\/section><br \/>\n<section class=\"av_textblock_section \"  itemscope=\"itemscope\" itemtype=\"https:\/\/schema.org\/CreativeWork\" ><div class='avia_textblock  '  style='font-size:36px; '  itemprop=\"text\" ><p style=\"padding-left: 40px; text-align: center;\"><span style=\"color: #ffffff;\">Vores brugere fort\u00e6ller om et helt nyt liv med en RotoBed\u00ae<\/span><\/p>\n<\/div><\/section><br \/>\n<div class='avia-image-container  av-styling-    avia-align-center '  itemprop=\"ImageObject\" itemscope=\"itemscope\" itemtype=\"https:\/\/schema.org\/ImageObject\"  ><div class='avia-image-container-inner'><a href='https:\/\/rotobed.com\/dk\/michael-salling\/' class='avia_image'  ><img class='avia_image ' src='https:\/\/rotobed.com\/dk\/wp-content\/uploads\/2021\/11\/Salling-01-@JonasFotografi-1030x687.jpg' alt='Sclerose plejeseng rotobed' title='Michael Salling Sclerose'  itemprop=\"thumbnailUrl\"  \/><\/a><\/div><\/div><br \/>\n<div style='height:2px' class='hr hr-invisible  '><span class='hr-inner ' ><span class='hr-inner-style'><\/span><\/span><\/div><br \/>\n<div class='avia-button-wrap avia-button-center '><a href='https:\/\/rotobed.com\/dk\/seng-med-drejefunktion\/' class='avia-button   avia-icon_select-no avia-color-theme-color avia-size-small avia-position-center '   ><span class='avia_iconbox_title' >Se hvad brugerne siger om RotoBed\u00ae<\/span><\/a><\/div><br \/>\n<div style='height:24px' class='hr hr-invisible  '><span class='hr-inner ' ><span class='hr-inner-style'><\/span><\/span><\/div><\/p><\/div><div class=\"flex_column av_one_half  no_margin flex_column_div av-zero-column-padding   \" style='background-color:#83a846; border-radius:0px; '><section class=\"av_textblock_section \"  itemscope=\"itemscope\" itemtype=\"https:\/\/schema.org\/CreativeWork\" ><div class='avia_textblock  '  style='font-size:28px; '  itemprop=\"text\" ><p style=\"text-align: center;\"><a href=\"https:\/\/rotobed.com\/dk\/wp-content\/uploads\/2021\/11\/DA-RotoBed\u00aeChange-Classic-Home.pdf\"><span style=\"color: #000000;\">Du kan l\u00e6se meget mere om vores senge i denne brochure<\/span><\/a><\/p>\n<\/div><\/section><br \/>\n<div style='height:15px' class='hr hr-invisible  '><span class='hr-inner ' ><span class='hr-inner-style'><\/span><\/span><\/div><br \/>\n<div class='avia-image-container  av-styling-    avia-align-center '  itemprop=\"ImageObject\" itemscope=\"itemscope\" itemtype=\"https:\/\/schema.org\/ImageObject\"  ><div class='avia-image-container-inner'><a href='https:\/\/rotobed.com\/dk\/wp-content\/uploads\/2021\/11\/DA-RotoBed\u00aeChange-Classic-Home.pdf' class='avia_image'  ><img class='avia_image ' src='https:\/\/rotobed.com\/dk\/wp-content\/uploads\/2021\/11\/DA-Forside-brochure.jpg' alt='' title='DA Forside brochure'  itemprop=\"thumbnailUrl\"  \/><\/a><\/div><\/div><br \/>\n<div style='height:62px' class='hr hr-invisible  '><span class='hr-inner ' ><span class='hr-inner-style'><\/span><\/span><\/div><\/p><\/div><\/p>\n<div class=\"flex_column av_one_half  no_margin flex_column_div av-zero-column-padding first  \" style='background-color:#5e5e5e; border-radius:0px; '><section class=\"av_textblock_section \"  itemscope=\"itemscope\" itemtype=\"https:\/\/schema.org\/CreativeWork\" ><div class='avia_textblock  '  style='font-size:24px; '  itemprop=\"text\" ><p style=\"text-align: center;\"><span style=\"color: #ffffff;\">En RotoBed\u00ae kr\u00e6ver ikke meget plads<\/span><\/p>\n<\/div><\/section><br \/>\n<div class='avia-image-container  av-styling-    avia-align-center '  itemprop=\"ImageObject\" itemscope=\"itemscope\" itemtype=\"https:\/\/schema.org\/ImageObject\"  ><div class='avia-image-container-inner'><img class='avia_image ' src='https:\/\/rotobed.com\/dk\/wp-content\/uploads\/2021\/11\/Skitse-plan-RotoBed\u00aeChange-1030x734.jpg' alt='' title='Skitse plan RotoBed\u00aeChange'   itemprop=\"thumbnailUrl\"  \/><\/div><\/div><br \/>\n<div style='height:13px' class='hr hr-invisible  '><span class='hr-inner ' ><span class='hr-inner-style'><\/span><\/span><\/div><br \/>\n<section class=\"av_textblock_section \"  itemscope=\"itemscope\" itemtype=\"https:\/\/schema.org\/CreativeWork\" ><div class='avia_textblock  '  style='font-size:24px; '  itemprop=\"text\" ><h3 style=\"text-align: center;\"><strong><span style=\"color: #ffffff;\">Med sit harmoniske design har RotoBed\u00ae vundet flere store designpriser. Du kan ogs\u00e5 f\u00e5 den som dobbeltseng!<\/span><\/strong><\/h3>\n<\/div><\/section><br \/>\n<div style='height:17px' class='hr hr-invisible  '><span class='hr-inner ' ><span class='hr-inner-style'><\/span><\/span><\/div><\/p><\/div>\n<div class=\"flex_column av_one_half  no_margin flex_column_div av-zero-column-padding   \" style='border-radius:0px; '><div class='avia-image-container  av-styling-    avia-align-center '  itemprop=\"ImageObject\" itemscope=\"itemscope\" itemtype=\"https:\/\/schema.org\/ImageObject\"  ><div class='avia-image-container-inner'><img class='avia_image ' src='https:\/\/rotobed.com\/dk\/wp-content\/uploads\/2021\/11\/3226-Forside-1030x1030.jpg' alt='drejeseng rotobed dobbeltseng' title='RotoBed\u00ae dobbelt'   itemprop=\"thumbnailUrl\"  \/><\/div><\/div><\/div>\n<div style='height:10px' class='hr hr-invisible  '><span class='hr-inner ' ><span class='hr-inner-style'><\/span><\/span><\/div>\n<div class='avia-gallery  avia-gallery-2 avia_lazyload avia_animate_when_visible '  itemprop=\"ImageObject\" itemscope=\"itemscope\" itemtype=\"https:\/\/schema.org\/ImageObject\" ><div class='avia-gallery-thumb'> <a href='https:\/\/rotobed.com\/dk\/wp-content\/uploads\/2022\/01\/IF-Design-Award-delt-1-495x400.jpg.webp' data-rel='gallery-2' data-prev-img='https:\/\/rotobed.com\/dk\/wp-content\/uploads\/2022\/01\/IF-Design-Award-delt-1-495x400.jpg.webp' class='first_thumb lightbox ' data-onclick='1' title=''  itemprop=\"thumbnailUrl\" ><img  src='https:\/\/rotobed.com\/dk\/wp-content\/uploads\/2022\/01\/IF-Design-Award-delt-1-495x400.jpg-495x375.webp' width='495' height='375'  title='IF-Design-Award-delt-1-495x400.jpg' alt='' \/><\/a> <a href='https:\/\/rotobed.com\/dk\/wp-content\/uploads\/2022\/01\/IF-Design-Award-delt-2.jpg' data-rel='gallery-2' data-prev-img='https:\/\/rotobed.com\/dk\/wp-content\/uploads\/2022\/01\/IF-Design-Award-delt-2-495x400.jpg' class='lightbox ' data-onclick='2' title=''  itemprop=\"thumbnailUrl\" ><img  src='https:\/\/rotobed.com\/dk\/wp-content\/uploads\/2022\/01\/IF-Design-Award-delt-2-531x375.jpg' width='531' height='375'  title='IF-Design-Award-delt-2' alt='' \/><\/a> <a href='https:\/\/rotobed.com\/dk\/wp-content\/uploads\/2022\/01\/admin-ajax.png' data-rel='gallery-2' data-prev-img='https:\/\/rotobed.com\/dk\/wp-content\/uploads\/2022\/01\/admin-ajax-495x400.png' class='lightbox ' data-onclick='3' title=''  itemprop=\"thumbnailUrl\" ><img  src='https:\/\/rotobed.com\/dk\/wp-content\/uploads\/2022\/01\/admin-ajax-710x375.png' width='710' height='375'  title='admin-ajax' alt='' \/><\/a> <a href='https:\/\/rotobed.com\/dk\/wp-content\/uploads\/2022\/01\/IDA-20-Gold-1030x945-1.jpg' data-rel='gallery-2' data-prev-img='https:\/\/rotobed.com\/dk\/wp-content\/uploads\/2022\/01\/IDA-20-Gold-1030x945-1-495x400.jpg' class='lightbox ' data-onclick='4' title=''  itemprop=\"thumbnailUrl\" ><img  src='https:\/\/rotobed.com\/dk\/wp-content\/uploads\/2022\/01\/IDA-20-Gold-1030x945-1-710x375.jpg' width='710' height='375'  title='IDA-20-Gold-1030x945' alt='' \/><\/a> <a href='https:\/\/rotobed.com\/dk\/wp-content\/uploads\/2020\/08\/create_all_winner_seal.png' data-rel='gallery-2' data-prev-img='https:\/\/rotobed.com\/dk\/wp-content\/uploads\/2020\/08\/create_all_winner_seal-495x400.png' class='lightbox ' data-onclick='5' title=''  itemprop=\"thumbnailUrl\" ><img  src='https:\/\/rotobed.com\/dk\/wp-content\/uploads\/2020\/08\/create_all_winner_seal-648x375.png' width='648' height='375'  title='RotoBed ePDA' alt='RotoBed Design Award' \/><\/a><\/div><\/div>\n<div class=\"flex_column av_one_half  flex_column_div av-zero-column-padding first  \" style='border-radius:0px; '><div class='avia-gallery  avia-gallery-3 avia_lazyload avia_animate_when_visible '  itemprop=\"ImageObject\" itemscope=\"itemscope\" itemtype=\"https:\/\/schema.org\/ImageObject\" ><a class='avia-gallery-big fakeLightbox lightbox avia-gallery-big-crop-thumb ' href='https:\/\/rotobed.com\/dk\/wp-content\/uploads\/2020\/04\/RotoBed-LightPackage-kvadratisk-1030x1030.jpg'  data-onclick='1' title='RotoBed\u00aeLight Package' ><span class='avia-gallery-big-inner'  itemprop=\"thumbnailUrl\" >\t<img width='495' height='400' src='https:\/\/rotobed.com\/dk\/wp-content\/uploads\/2020\/04\/RotoBed-LightPackage-kvadratisk-495x400.jpg' title='RotoBed\u00aeLight Package' alt='rotobed plejeseng drejeseng lys lyspakke' \/>\t<span class='avia-gallery-caption'>RotoBed\u00aeLight Package<\/span><\/span><\/a><div class='avia-gallery-thumb'> <a href='https:\/\/rotobed.com\/dk\/wp-content\/uploads\/2020\/04\/RotoBed-LightPackage-kvadratisk-1030x1030.jpg' data-rel='gallery-3' data-prev-img='https:\/\/rotobed.com\/dk\/wp-content\/uploads\/2020\/04\/RotoBed-LightPackage-kvadratisk-495x400.jpg' class='first_thumb lightbox ' data-onclick='1' title='RotoBed\u00aeLight Package'  itemprop=\"thumbnailUrl\" ><img data-avia-tooltip='RotoBed\u00aeLight Package' src='https:\/\/rotobed.com\/dk\/wp-content\/uploads\/2020\/04\/RotoBed-LightPackage-kvadratisk-495x400.jpg' width='495' height='400'  title='RotoBed\u00aeLight Package' alt='rotobed plejeseng drejeseng lys lyspakke' \/><\/a> <a href='https:\/\/rotobed.com\/dk\/wp-content\/uploads\/2019\/12\/Rotobed-Sidetable-Wooden-parts-HSJD-06.06.19-1030x721.jpg' data-rel='gallery-3' data-prev-img='https:\/\/rotobed.com\/dk\/wp-content\/uploads\/2019\/12\/Rotobed-Sidetable-Wooden-parts-HSJD-06.06.19-495x400.jpg' class='lightbox ' data-onclick='2' title='RotoBed\u00aeBedside Table'  itemprop=\"thumbnailUrl\" ><img data-avia-tooltip='RotoBed\u00aeBedside Table' src='https:\/\/rotobed.com\/dk\/wp-content\/uploads\/2019\/12\/Rotobed-Sidetable-Wooden-parts-HSJD-06.06.19-495x400.jpg' width='495' height='400'  title='RotoBed\u00aeBedside Table' alt='sengeborg rotobed' \/><\/a> <a href='https:\/\/rotobed.com\/dk\/wp-content\/uploads\/2020\/01\/Pude-besk\u00e5ret-1030x1030.jpg' data-rel='gallery-3' data-prev-img='https:\/\/rotobed.com\/dk\/wp-content\/uploads\/2020\/01\/Pude-besk\u00e5ret-495x400.jpg' class='lightbox ' data-onclick='3' title='RotoBed\u00aePillow'  itemprop=\"thumbnailUrl\" ><img data-avia-tooltip='RotoBed\u00aePillow' src='https:\/\/rotobed.com\/dk\/wp-content\/uploads\/2020\/01\/Pude-besk\u00e5ret-495x400.jpg' width='495' height='400'  title='RotoBed\u00aePillow' alt='Rotobed rotating bed care roto pillow' \/><\/a> <a href='https:\/\/rotobed.com\/dk\/wp-content\/uploads\/2019\/12\/RemoteControl-Wireless-1030x1030.jpg' data-rel='gallery-3' data-prev-img='https:\/\/rotobed.com\/dk\/wp-content\/uploads\/2019\/12\/RemoteControl-Wireless-495x400.jpg' class='lightbox ' data-onclick='4' title='RotoBed\u00aeWireless'  itemprop=\"thumbnailUrl\" ><img data-avia-tooltip='RotoBed\u00aeWireless' src='https:\/\/rotobed.com\/dk\/wp-content\/uploads\/2019\/12\/RemoteControl-Wireless-495x400.jpg' width='495' height='400'  title='RemoteControl Wireless' alt='RotoBed care bed nursing bed remote control' \/><\/a><\/div><\/div><\/div>\n<div class=\"flex_column av_one_half  flex_column_div av-zero-column-padding   \" style='border-radius:0px; '><p><div style='height:20px' class='hr hr-invisible  '><span class='hr-inner ' ><span class='hr-inner-style'><\/span><\/span><\/div><br \/>\n<section class=\"av_textblock_section \"  itemscope=\"itemscope\" itemtype=\"https:\/\/schema.org\/CreativeWork\" ><div class='avia_textblock  '  style='font-size:25px; '  itemprop=\"text\" ><p><strong><span style=\"color: #993300;\">RotoBed\u00ae tilbyder et v\u00e6ld af tilbeh\u00f8r i h\u00f8j kvalitet. En stor del af RotoBed\u00ae tilbeh\u00f8ret er specialdesignet til RotoBed\u00ae sengene.<\/span><\/strong><\/p>\n<\/div><\/section><br \/>\n<div class='avia-button-wrap avia-button-center '><a href='https:\/\/rotobed.com\/dk\/tilbehoer\/' class='avia-button   avia-icon_select-no avia-color-theme-color avia-size-x-large avia-position-center '   ><span class='avia_iconbox_title' >Se RotoBed\u00ae tilbeh\u00f8r her<\/span><\/a><\/div><br \/>\n<div style=' margin-top:30px; margin-bottom:30px;'  class='hr hr-custom hr-center hr-icon-no  '><span class='hr-inner   inner-border-av-border-thin' style=' width:100%;' ><span class='hr-inner-style'><\/span><\/span><\/div><br \/>\n<section class=\"av_textblock_section \"  itemscope=\"itemscope\" itemtype=\"https:\/\/schema.org\/CreativeWork\" ><div class='avia_textblock  '  style='font-size:25px; '  itemprop=\"text\" ><p><strong><span style=\"color: #993300;\">\u00d8nsker du mere information om RotoBed\u00ae drejesenge? Vi st\u00e5r klar til at hj\u00e6lpe!<\/span><\/strong><\/p>\n<\/div><\/section><br \/>\n<div class='avia-button-wrap avia-button-center '><a href='https:\/\/rotobed.com\/dk\/kontakt-da\/' class='avia-button   avia-icon_select-no avia-color-theme-color avia-size-x-large avia-position-center '   ><span class='avia_iconbox_title' >Fort\u00e6l os, hvad vi kan hj\u00e6lpe med<\/span><\/a><\/div><\/p><\/div>\n<div style='height:20px' class='hr hr-invisible  '><span class='hr-inner ' ><span class='hr-inner-style'><\/span><\/span><\/div>\n","protected":false},"excerpt":{"rendered":"","protected":false},"author":2,"featured_media":0,"parent":0,"menu_order":0,"comment_status":"closed","ping_status":"closed","template":"","meta":[],"_links":{"self":[{"href":"https:\/\/rotobed.com\/dk\/wp-json\/wp\/v2\/pages\/7377"}],"collection":[{"href":"https:\/\/rotobed.com\/dk\/wp-json\/wp\/v2\/pages"}],"about":[{"href":"https:\/\/rotobed.com\/dk\/wp-json\/wp\/v2\/types\/page"}],"author":[{"embeddable":true,"href":"https:\/\/rotobed.com\/dk\/wp-json\/wp\/v2\/users\/2"}],"replies":[{"embeddable":true,"href":"https:\/\/rotobed.com\/dk\/wp-json\/wp\/v2\/comments?post=7377"}],"version-history":[{"count":58,"href":"https:\/\/rotobed.com\/dk\/wp-json\/wp\/v2\/pages\/7377\/revisions"}],"predecessor-version":[{"id":7657,"href":"https:\/\/rotobed.com\/dk\/wp-json\/wp\/v2\/pages\/7377\/revisions\/7657"}],"wp:attachment":[{"href":"https:\/\/rotobed.com\/dk\/wp-json\/wp\/v2\/media?parent=7377"}],"curies":[{"name":"wp","href":"https:\/\/api.w.org\/{rel}","templated":true}]}}