{"id":7433,"date":"2021-11-12T08:31:40","date_gmt":"2021-11-12T08:31:40","guid":{"rendered":"https:\/\/rotobed.com\/dk\/?page_id=7433"},"modified":"2021-11-25T09:19:23","modified_gmt":"2021-11-25T09:19:23","slug":"michael-salling","status":"publish","type":"page","link":"https:\/\/rotobed.com\/dk\/michael-salling\/","title":{"rendered":"Michael Salling"},"content":{"rendered":"<\/div><\/div><\/div><!-- close content main div --><\/div><\/div><div id='av-layout-grid-1' class='av-layout-grid-container entry-content-wrapper main_color av-flex-cells   av-border-cells container_wrap fullsize'   >\n<div class=\"flex_cell no_margin av_two_third   \" style='vertical-align:top; padding:30px; '><div class='flex_cell_inner' ><p><div style='padding-bottom:10px;font-size:60px;' class='av-special-heading av-special-heading-h1  blockquote modern-quote modern-centered   av-inherit-size '><div class ='av-subheading av-subheading_above  ' style='font-size:24px;'><p>Nu bestemmer Michael igen over sit eget liv:<\/p>\n<\/div><h1 class='av-special-heading-tag '  itemprop=\"headline\"  ><span class='special_amp'>&#8220;<\/span>Det er en mega-succes<span class='special_amp'>&#8221;<\/span><\/h1><div class='special-heading-border'><div class='special-heading-inner-border' ><\/div><\/div><\/div><br \/>\n<div style='height:15px' class='hr hr-invisible  '><span class='hr-inner ' ><span class='hr-inner-style'><\/span><\/span><\/div><br \/>\n<div class='avia-image-container  av-styling-    avia-align-center '  itemprop=\"ImageObject\" itemscope=\"itemscope\" itemtype=\"https:\/\/schema.org\/ImageObject\"  ><div class='avia-image-container-inner'><img class='avia_image ' src='https:\/\/rotobed.com\/dk\/wp-content\/uploads\/2021\/11\/Salling-01-@JonasFotografi.jpg' alt='Sclerose plejeseng rotobed' title='Michael Salling Sclerose'   itemprop=\"thumbnailUrl\"  \/><\/div><\/div><br \/>\n<section class=\"av_textblock_section \"  itemscope=\"itemscope\" itemtype=\"https:\/\/schema.org\/CreativeWork\" ><div class='avia_textblock  '   itemprop=\"text\" ><h5>Michael Salling er 52 \u00e5r og har haft sklerose i otte \u00e5r. Han er gift med Belinda, og sammen har de to b\u00f8rn p\u00e5 12 og 17 \u00e5r.<\/h5>\n<p>Michael Salling har sklerose. Sygdommen g\u00f8r, at hans muskler og sener &#8211; specielt i hoften &#8211; l\u00e5ser, og derfor kan han ikke selv dreje sin krop.<\/p>\n<p>For kort tid siden var scenen som f\u00f8lger, n\u00e5r Michael skulle ud af eller ind i sin seng:<\/p>\n<p>1 hj\u00e6lper fra kommunen stod ved siden af Michaels seng og fors\u00f8gte at dreje hans ben ud over sengekanten. 1 anden hj\u00e6lper stod bag ved sengen, klar til at gribe Michael, hvis han faldt bagover. P\u00e5 de dage, hvor sklerosen bed fra sig, var han ude af stand til at hj\u00e6lpe til, og hans kone m\u00e5tte derfor kravle op i sengen og skubbe p\u00e5 som den tredje hj\u00e6lper. Denne scene fandt sted fire gange om dagen: morgen, aften samt f\u00f8r og efter middagss\u00f8vnen.<\/p>\n<p><strong>56 hj\u00e6lpere p\u00e5 en uge<\/strong><\/p>\n<p>&#8211; P\u00e5 \u00e9n enkelt uge havde vi 56 forskellige plejere inde og ude af huset. Midt i Corona-tiden, hvor man skulle holde afstand, g\u00f8re rent og spritte af, og selv de om var supers\u00f8de alle sammen, var det da en k\u00e6mpe belastning, fort\u00e6ller Michael kone, Belinda.<\/p>\n<p>Det var hende, der faldt over en video med en RotoBed\u00ae, og det satte tankerne i gang. En seng med rotation kunne lige pr\u00e6cis det, som Michael ikke selv kunne: f\u00e5 ham op til siddende stilling og drejet ud mod rummet. Mon han kunne f\u00e5 s\u00e5dan en bevilget af Hedensted kommune?<\/p>\n<p>Michaels ergoterapeut var positiv, og det blev aftalt, at Michael fik en drejeseng p\u00e5 pr\u00f8ve i 3 uger for at teste, om den kunne hj\u00e6lpe ham. Det viste sig hurtigt, at det kunne den.<\/p>\n<p>&#8211; Det fungerede bare \u00f8jeblikkeligt. Jeg kunne komme b\u00e5de ud af sengen og ind i den uden problemer, selv n\u00e5r jeg havde det skidt. Det er en succes til den storeguldmedalje, konstaterer Michael.<\/p>\n<p><strong>Aflyste selv hjemmeplejen<\/strong><\/p>\n<p>Under to d\u00f8gn efter, at Michael havde f\u00e5et sin RotoBed\u00ae, ringede han selv til kommunen med en klar besked:<\/p>\n<p>&#8211; I beh\u00f8ver ikke komme og hj\u00e6lpe mig ud af sengen mere. Det klarer sengen for mig.<\/p>\n<p>Michael Salling har i l\u00f8bet af sit liv v\u00e6ret vidt omkring. Han arbejdet i Gr\u00f8nland som indk\u00f8bschef for Greenland Contractors, siden p\u00e5 Lego og sidst som arbejdsleder i Billund Lufthavn. Han arbejder stadig nogle timer om ugen i et Flexjob. Han holder af at leve et aktivt liv og gl\u00e6der sig over, at han ikke l\u00e6ngere er bundet af at vente p\u00e5, at kommunens hj\u00e6lpere kommer.<\/p>\n<p>&#8211; Har jeg lyst til at st\u00e5 op klokken 6, g\u00f8r jeg det. Har jeg lyst til at slumre til klokken 9, g\u00f8r jeg det. Jeg beh\u00f8ver ikke at skulle l\u00e6gges i seng 20 minutter f\u00f8r en god film er slut, fordi hjemmeplejen er kommet. Det betyder, at jeg bestemmer over mit eget liv, og det er den helt store forskel, siger han.<\/p>\n<p><strong>Har f\u00e5et et nyt m\u00e5l<\/strong><\/p>\n<p>Nu, hvor Michael selv kan komme ud af sengen, har han et nyt m\u00e5l. For et halvt \u00e5r siden kunne han selv g\u00e5 ved hj\u00e6lp af en rollator. Men en voldsom reaktion p\u00e5 Covid-19 vaccinen sendte han p\u00e5 sygehuset og forv\u00e6rrede hans tilstand voldsomt, s\u00e5 han siden har m\u00e5tte bruge k\u00f8restolen. Han er sikker p\u00e5, at hans nye drejeseng kan hj\u00e6lpe ham i retning af selv at kunne g\u00e5 igen.<\/p>\n<p>F\u00f8r var det s\u00e5dan, at n\u00e5r jeg endelig med m\u00f8je og besv\u00e6r var kommet ud af sengen, var jeg drivv\u00e5d af sved og helt tappet for kr\u00e6fter. Nu er det s\u00e5 let, at jeg sparer p\u00e5 kr\u00e6fterne, og de kr\u00e6fter kan jeg s\u00e5 bruge til at tr\u00e6ne. Jeg skal op og g\u00e5 igen.<\/p>\n<\/div><\/section><\/p>\n<\/div><\/div><div class=\"flex_cell no_margin av_one_third   \" style='vertical-align:top; padding:30px; '><div class='flex_cell_inner' ><p><div style='height:15px' class='hr hr-invisible  '><span class='hr-inner ' ><span class='hr-inner-style'><\/span><\/span><\/div><br \/>\n<section class=\"av_textblock_section \"  itemscope=\"itemscope\" itemtype=\"https:\/\/schema.org\/CreativeWork\" ><div class='avia_textblock  '   itemprop=\"text\" ><h3>Hj\u00e6lper en RotoBed\u00ae ved Sclerose?<\/h3>\n<\/div><\/section><br \/>\n<section class=\"av_textblock_section \"  itemscope=\"itemscope\" itemtype=\"https:\/\/schema.org\/CreativeWork\" ><div class='avia_textblock  '   itemprop=\"text\" ><p>Mange af vores brugere lider af Sclerose. Symptomerne p\u00e5 denne tilstand omfatter muskelsvaghed, tr\u00e6thed og gangbesv\u00e6r. Disse symptomer g\u00f8r det sv\u00e6rere at kontrollere kroppens bev\u00e6gelser, og det at komme ind og ud af sengen bliver en anstrengende, uoverskuelig og ofte smertefuld opgave.<\/p>\n<\/div><\/section><br \/>\n<div class='avia-image-container  av-styling-    avia-align-center '  itemprop=\"ImageObject\" itemscope=\"itemscope\" itemtype=\"https:\/\/schema.org\/ImageObject\"  ><div class='avia-image-container-inner'><img class='avia_image ' src='https:\/\/rotobed.com\/dk\/wp-content\/uploads\/2021\/11\/Gyda-Trae-A-3215-1030x687.jpg' alt='rotobed robobed plejeseng drejeseng' title='RotoBed\u00aeChange liggende'   itemprop=\"thumbnailUrl\"  \/><\/div><\/div><br \/>\n<section class=\"av_textblock_section \"  itemscope=\"itemscope\" itemtype=\"https:\/\/schema.org\/CreativeWork\" ><div class='avia_textblock  '   itemprop=\"text\" ><p>Det f\u00f8rste problem opst\u00e5r, n\u00e5r brugeren ligger i sengen og vil rejse sig. Denne daglige opgave\u00a0 virker for de fleste ubetydelig, men kr\u00e6ver faktisk samarbejde mellem mange af kroppens muskler. Mavemusklerne skal aktiveres, kroppen skal drejes, og benene skal l\u00f8ftes og derefter svinges ud mod rummet. For en person med muskelsvaghed og muskeltr\u00e6thed kan denne proces v\u00e6re meget vanskelig og smertefuld.<\/p>\n<\/div><\/section><br \/>\n<div class='avia-gallery  avia-gallery-1 avia_lazyload avia_animate_when_visible '  itemprop=\"ImageObject\" itemscope=\"itemscope\" itemtype=\"https:\/\/schema.org\/ImageObject\" ><div class='avia-gallery-thumb'> <a href='https:\/\/rotobed.com\/dk\/wp-content\/uploads\/2021\/11\/Gyda-Trae-B1-3207-1030x687.jpg' data-rel='gallery-1' data-prev-img='https:\/\/rotobed.com\/dk\/wp-content\/uploads\/2021\/11\/Gyda-Trae-B1-3207-495x400.jpg' class='first_thumb lightbox ' data-onclick='1' title='RotoBed\u00aeChange rotation'  itemprop=\"thumbnailUrl\" ><img data-avia-tooltip='RotoBed\u00aeChange rotation' src='https:\/\/rotobed.com\/dk\/wp-content\/uploads\/2021\/11\/Gyda-Trae-B1-3207-845x684.jpg' width='845' height='684'  title='RotoBed\u00aeChange rotation' alt='sklerose bedste seng rotobed robobed' \/><\/a> <a href='https:\/\/rotobed.com\/dk\/wp-content\/uploads\/2021\/11\/Gyda-Metal-D1-3183-1030x687.jpg' data-rel='gallery-1' data-prev-img='https:\/\/rotobed.com\/dk\/wp-content\/uploads\/2021\/11\/Gyda-Metal-D1-3183-495x400.jpg' class='lightbox ' data-onclick='2' title='RotoBed\u00aeChange udstigning'  itemprop=\"thumbnailUrl\" ><img data-avia-tooltip='RotoBed\u00aeChange udstigning' src='https:\/\/rotobed.com\/dk\/wp-content\/uploads\/2021\/11\/Gyda-Metal-D1-3183-845x684.jpg' width='845' height='684'  title='RotoBed\u00aeChange udstigning' alt='sklerose plejeseng sygdom bedste seng rotbed' \/><\/a><\/div><\/div><br \/>\n<section class=\"av_textblock_section \"  itemscope=\"itemscope\" itemtype=\"https:\/\/schema.org\/CreativeWork\" ><div class='avia_textblock  '   itemprop=\"text\" ><p>En RotoBed\u00ae hj\u00e6lper ved at g\u00f8re alt det h\u00e5rde arbejde under udstigningen. Ved at simulere kroppens naturlige bev\u00e6gelse, vil den sk\u00e5nsomt k\u00f8re brugeren op i en komfortabel, siddende stilling, f\u00f8r den roterer ud mod rummet. Sengen kan enten k\u00f8re til en vinkelret udstigningsvinkel eller en skr\u00e5 udstigningsvinkel for at lette forflytningen til en rollator eller en k\u00f8restol. Hele rotationen tager mindre end et minut.<\/p>\n<\/div><\/section><br \/>\n<div class='avia-image-container  av-styling-    avia-align-center '  itemprop=\"ImageObject\" itemscope=\"itemscope\" itemtype=\"https:\/\/schema.org\/ImageObject\"  ><div class='avia-image-container-inner'><img class='avia_image ' src='https:\/\/rotobed.com\/dk\/wp-content\/uploads\/2021\/11\/Gyda-Trae-E1-3186-scaled.jpg' alt='plejeseng sclerose sklerose op at st\u00e5 ud af seng' title='RotoBed\u00aeChange st\u00e5ende'   itemprop=\"thumbnailUrl\"  \/><\/div><\/div><br \/>\n<section class=\"av_textblock_section \"  itemscope=\"itemscope\" itemtype=\"https:\/\/schema.org\/CreativeWork\" ><div class='avia_textblock  '   itemprop=\"text\" ><p>Den sidste udfordring for mange brugere vil v\u00e6re at komme op til st\u00e5ende stilling, fordi denne bev\u00e6gelse ogs\u00e5 kr\u00e6ver relativt stor muskelkraft i benene. Slid og smerter i kn\u00e6 eller hofter vil forv\u00e6rre problemet. Ved at k\u00f8re rygl\u00e6net p\u00e5 RotoBed\u00aeChange lidt frem og derp\u00e5 op i h\u00f8jden lettes bev\u00e6gelsen markant.<\/p>\n<\/div><\/section><br \/>\n<div style=' margin-top:10px; margin-bottom:10px;'  class='hr hr-custom hr-center hr-icon-no  '><span class='hr-inner   inner-border-av-border-thin' style=' width:100%;' ><span class='hr-inner-style'><\/span><\/span><\/div><br \/>\n<section class=\"av_textblock_section \"  itemscope=\"itemscope\" itemtype=\"https:\/\/schema.org\/CreativeWork\" ><div class='avia_textblock  '   itemprop=\"text\" ><h3>Hvem kan have gavn af en RotoBed\u00ae? L\u00e6s hvad brugere og p\u00e5r\u00f8rende siger.<\/h3>\n<\/div><\/section><br \/>\n<div class='avia-image-container  av-styling-    avia-align-center '  itemprop=\"ImageObject\" itemscope=\"itemscope\" itemtype=\"https:\/\/schema.org\/ImageObject\"  ><div class='avia-image-container-inner'><img class='avia_image ' src='https:\/\/rotobed.com\/dk\/wp-content\/uploads\/2021\/03\/hans-villadsen-1-1030x687.jpg' alt='referencer rotobed drejeseng' title='RotoBed\u00ae brugerhistorier'   itemprop=\"thumbnailUrl\"  \/><\/div><\/div><\/p>\n<\/div><\/div><\/div>\n","protected":false},"excerpt":{"rendered":"","protected":false},"author":2,"featured_media":0,"parent":0,"menu_order":0,"comment_status":"closed","ping_status":"closed","template":"","meta":[],"_links":{"self":[{"href":"https:\/\/rotobed.com\/dk\/wp-json\/wp\/v2\/pages\/7433"}],"collection":[{"href":"https:\/\/rotobed.com\/dk\/wp-json\/wp\/v2\/pages"}],"about":[{"href":"https:\/\/rotobed.com\/dk\/wp-json\/wp\/v2\/types\/page"}],"author":[{"embeddable":true,"href":"https:\/\/rotobed.com\/dk\/wp-json\/wp\/v2\/users\/2"}],"replies":[{"embeddable":true,"href":"https:\/\/rotobed.com\/dk\/wp-json\/wp\/v2\/comments?post=7433"}],"version-history":[{"count":16,"href":"https:\/\/rotobed.com\/dk\/wp-json\/wp\/v2\/pages\/7433\/revisions"}],"predecessor-version":[{"id":7766,"href":"https:\/\/rotobed.com\/dk\/wp-json\/wp\/v2\/pages\/7433\/revisions\/7766"}],"wp:attachment":[{"href":"https:\/\/rotobed.com\/dk\/wp-json\/wp\/v2\/media?parent=7433"}],"curies":[{"name":"wp","href":"https:\/\/api.w.org\/{rel}","templated":true}]}}