{"id":7764,"date":"2024-01-08T14:36:11","date_gmt":"2024-01-08T14:36:11","guid":{"rendered":"https:\/\/rotobed.com\/dk\/?page_id=7764"},"modified":"2024-01-08T14:41:52","modified_gmt":"2024-01-08T14:41:52","slug":"bent-vogn","status":"publish","type":"page","link":"https:\/\/rotobed.com\/dk\/bent-vogn\/","title":{"rendered":"Bent Vogn"},"content":{"rendered":"<\/div><\/div><\/div><!-- close content main div --><\/div><\/div><div id='av-layout-grid-1' class='av-layout-grid-container entry-content-wrapper main_color av-flex-cells   av-border-cells container_wrap fullsize'   >\n<div class=\"flex_cell no_margin av_two_third   \" style='vertical-align:top; padding:30px; '><div class='flex_cell_inner' ><p><div style='padding-bottom:10px;font-size:58px;' class='av-special-heading av-special-heading-h1  blockquote modern-quote modern-centered  av-inherit-size '><div class ='av-subheading av-subheading_above  ' style='font-size:24px;'><p>Slut med smerter og fald:<\/p>\n<\/div><h1 class='av-special-heading-tag '  itemprop=\"headline\"  ><span class='special_amp'>&#8220;<\/span>Det giver s\u00e5 meget tryghed<span class='special_amp'>&#8221;<\/span><\/h1><div class='special-heading-border'><div class='special-heading-inner-border' ><\/div><\/div><\/div><br \/>\n<div style='height:15px' class='hr hr-invisible  '><span class='hr-inner ' ><span class='hr-inner-style'><\/span><\/span><\/div><br \/>\n<div class='avia-image-container  av-styling-    avia-align-center '  itemprop=\"ImageObject\" itemscope=\"itemscope\" itemtype=\"https:\/\/schema.org\/ImageObject\"  ><div class='avia-image-container-inner'><img class='avia_image ' src='https:\/\/rotobed.com\/dk\/wp-content\/uploads\/2024\/01\/Bent-Vogn-Sclerose-1030x672.jpg' alt='' title='Bent Vogn Sclerose'   itemprop=\"thumbnailUrl\"  \/><\/div><\/div><br \/>\n<section class=\"av_textblock_section \"  itemscope=\"itemscope\" itemtype=\"https:\/\/schema.org\/CreativeWork\" ><div class='avia_textblock  '   itemprop=\"text\" ><p><strong><span style=\"color: #000000;\">Bent har Sklerose. Elin er hans hj\u00e6lper. Men f\u00f8rst og fremmest er de et \u00e6gtepar, som \u00f8nsker at leve livet s\u00e5 almindeligt som muligt. Det hj\u00e6lper deres RotoBed\u00ae senge dem til<\/span>.<\/strong><\/p>\n<p>61-\u00e5rige Bent Vogn fra Svendborg har k\u00e6mpet hele sit liv. F\u00f8rst som fodboldspiller p\u00e5 divisionsplan \u2013 nu k\u00e6mper han mod det, som han kalder \u201den lortesygdom\u201d. Sklerosen, som ramte ham pludseligt i en alder af 44 \u00e5r. \u00a0Langsomt, men sikkert, tager sygdommen hans f\u00f8rlighed og muskelstyrke fra ham, men Bent k\u00e6mper videre.<\/p>\n<p>&#8211; Som gammel fodboldspiller vil jeg jo gerne vinde, ogs\u00e5 over den her lortesygdom. Det kan jeg selvf\u00f8lgelig ikke, men jeg k\u00e6mper for at bevare min livskvalitet. Og min v\u00e6rdighed. Jeg gider ikke op i en loftlift og h\u00e6nge, fastsl\u00e5r Bent.<\/p>\n<p>Men det at komme ud og ind ad sengen var for et halvt \u00e5r siden blevet en kamp \u2013 b\u00e5de for Bent og for Elin.<\/p>\n<p>&#8211; Jeg brugte alt for mange kr\u00e6fter p\u00e5 at blive forflyttet. Bare det at skulle op at sidde og holde balancen p\u00e5 kanten af en almindelig seng var sv\u00e6rt. Og det var ogs\u00e5 h\u00e5rdt for Elin at hj\u00e6lpe mig.<\/p>\n<p>Derfor blev Elin begejstret, da hun s\u00e5 en reklame for en seng, der drejede rundt. En RotoBed\u00ae.<\/p>\n<p>&#8211; Jeg viste den til Bent, og vi var ikke i tvivl. Ingen af os havde nogensinde set s\u00e5dan en seng f\u00f8r, men vi var enige om, at det m\u00e5tte v\u00e6re det rigtige, fort\u00e6ller Elin.<\/p>\n<p>Bent og Elin endte med i f\u00f8rste omgang at leje to senge. En RotoBed\u00aeChange med rotation til Bent, og en RotoBed\u00aeClassic til Elin \u2013 magen til, blot uden rotation. De st\u00e5r side om side og ligner en p\u00e6n dobbeltseng, og det er ogs\u00e5 vigtigt, understreger Bent.<\/p>\n<p>&#8211; Selve sengen er jo p\u00e6n. Den ligner ikke en plejeseng, og det er noget, alle vores g\u00e6ster kommenterer. Jeg \u00f8nsker ikke medynk, og vi g\u00f8r en dyd ud af, at det ikke skal ligne et handicaphjem. Tingene skal se s\u00e5 almindelige ud som muligt, siger han.<\/p>\n<p><strong><span style=\"color: #000000;\">Mere frihed og f\u00e6rre smerter<\/span><\/strong><\/p>\n<p>Det vigtigste er dog, at det ikke l\u00e6ngere er en kamp for Bent at komme ud og ind ad sengen \u2013 eller en h\u00e5rd belastning for Elin at hj\u00e6lpe ham.<\/p>\n<p>&#8211; I starten skulle vi lige finde den helt rigtige m\u00e5de at g\u00f8re det p\u00e5 i vores situation, hvor Bent skal over i en st\u00e5lift og ikke m\u00e5 glide nedad. Men der gik ikke lang tid, s\u00e5 fungerede det bare, og for hver dag bliver vi bedre til at benytte den, siger Elin.<\/p>\n<p>Hun og Bent insisterer p\u00e5 at leve livet sammen. At have en hverdag med indhold. De g\u00e5r til koncerter, de inviterer b\u00f8rn og b\u00f8rneb\u00f8rn hjem, og de nyder en tur til Jylland for at bes\u00f8ge og overnatte hos familie.<\/p>\n<p>&#8211; Det kan vi stadig i dag. S\u00e5 snart, jeg begynder med loftlift, vil jeg blive svagere, og s\u00e5 har vi ikke den mulighed l\u00e6ngere. Det ville begr\u00e6nse mig helt vildt, fastsl\u00e5r Bent.<\/p>\n<p>Nu lejer Bent og Elin ikke l\u00e6ngere deres senge. De har k\u00f8bt dem, for ud over frihed har sengene ogs\u00e5 givet parret en hverdag uden smerter.<\/p>\n<p>&#8211; F\u00f8rhen havde jeg smerter i min l\u00e6nd og min ryg \u2013 det er logisk, for der skete jo et vrid, hver gang Elin skulle tr\u00e6kke mine ben ud over sengekanten. De smerter har jeg slet ikke mere, siger Bent.<\/p>\n<p>Ogs\u00e5 Elin har f\u00e5et det bedre, fordi hun ikke l\u00e6ngere skal hive, tr\u00e6kke og skubbe for at hj\u00e6lpe sin mand ud og ind af sengen:<\/p>\n<p>&#8211; Jeg kan tydeligt m\u00e6rke det. Jeg har b\u00f8vlet med skuldre og ryg og m\u00e5tte tr\u00e6ne p\u00e5 et ryghold og g\u00e5 til massage for smerterne. Det beh\u00f8ver jeg slet ikke l\u00e6ngere. Det er s\u00e5 dejligt, for jeg skal jo ogs\u00e5 gerne kunne holde nogle \u00e5r endnu. Og for os er det vigtigste, at vi kan klare os selv. Sammen, os to.<\/p>\n<\/div><\/section><\/p>\n<\/div><\/div><div class=\"flex_cell no_margin av_one_third   \" style='vertical-align:top; padding:30px; '><div class='flex_cell_inner' ><p><div style='height:15px' class='hr hr-invisible  '><span class='hr-inner ' ><span class='hr-inner-style'><\/span><\/span><\/div><br \/>\n<section class=\"av_textblock_section \"  itemscope=\"itemscope\" itemtype=\"https:\/\/schema.org\/CreativeWork\" ><div class='avia_textblock  '   itemprop=\"text\" ><h3>Hj\u00e6lper en RotoBed\u00ae ved Sclerose?<\/h3>\n<\/div><\/section><br \/>\n<section class=\"av_textblock_section \"  itemscope=\"itemscope\" itemtype=\"https:\/\/schema.org\/CreativeWork\" ><div class='avia_textblock  '   itemprop=\"text\" ><p>Mange af vores brugere lider af Sclerose. Symptomerne p\u00e5 denne tilstand omfatter muskelsvaghed, tr\u00e6thed og gangbesv\u00e6r. Disse symptomer g\u00f8r det sv\u00e6rere at kontrollere kroppens bev\u00e6gelser, og det at komme ind og ud af sengen bliver en anstrengende, uoverskuelig og ofte smertefuld opgave.<\/p>\n<\/div><\/section><br \/>\n<div class='avia-image-container  av-styling-    avia-align-center '  itemprop=\"ImageObject\" itemscope=\"itemscope\" itemtype=\"https:\/\/schema.org\/ImageObject\"  ><div class='avia-image-container-inner'><img class='avia_image ' src='https:\/\/rotobed.com\/dk\/wp-content\/uploads\/2021\/11\/Gyda-Trae-A-3215-1030x687.jpg' alt='rotobed robobed plejeseng drejeseng' title='RotoBed\u00aeChange liggende'   itemprop=\"thumbnailUrl\"  \/><\/div><\/div><br \/>\n<section class=\"av_textblock_section \"  itemscope=\"itemscope\" itemtype=\"https:\/\/schema.org\/CreativeWork\" ><div class='avia_textblock  '   itemprop=\"text\" ><p>Det f\u00f8rste problem opst\u00e5r, n\u00e5r brugeren ligger i sengen og vil rejse sig. Denne daglige opgave\u00a0 virker for de fleste ubetydelig, men kr\u00e6ver faktisk samarbejde mellem mange af kroppens muskler. Mavemusklerne skal aktiveres, kroppen skal drejes, og benene skal l\u00f8ftes og derefter svinges ud mod rummet. For en person med muskelsvaghed og muskeltr\u00e6thed kan denne proces v\u00e6re meget vanskelig og smertefuld.<\/p>\n<\/div><\/section><br \/>\n<div class='avia-gallery  avia-gallery-1 avia_lazyload avia_animate_when_visible '  itemprop=\"ImageObject\" itemscope=\"itemscope\" itemtype=\"https:\/\/schema.org\/ImageObject\" ><div class='avia-gallery-thumb'> <a href='https:\/\/rotobed.com\/dk\/wp-content\/uploads\/2021\/11\/Gyda-Trae-B1-3207-1030x687.jpg' data-rel='gallery-1' data-prev-img='https:\/\/rotobed.com\/dk\/wp-content\/uploads\/2021\/11\/Gyda-Trae-B1-3207-495x400.jpg' class='first_thumb lightbox ' data-onclick='1' title='RotoBed\u00aeChange rotation'  itemprop=\"thumbnailUrl\" ><img data-avia-tooltip='RotoBed\u00aeChange rotation' src='https:\/\/rotobed.com\/dk\/wp-content\/uploads\/2021\/11\/Gyda-Trae-B1-3207-845x684.jpg' width='845' height='684'  title='RotoBed\u00aeChange rotation' alt='sklerose bedste seng rotobed robobed' \/><\/a> <a href='https:\/\/rotobed.com\/dk\/wp-content\/uploads\/2021\/11\/Gyda-Metal-D1-3183-1030x687.jpg' data-rel='gallery-1' data-prev-img='https:\/\/rotobed.com\/dk\/wp-content\/uploads\/2021\/11\/Gyda-Metal-D1-3183-495x400.jpg' class='lightbox ' data-onclick='2' title='RotoBed\u00aeChange udstigning'  itemprop=\"thumbnailUrl\" ><img data-avia-tooltip='RotoBed\u00aeChange udstigning' src='https:\/\/rotobed.com\/dk\/wp-content\/uploads\/2021\/11\/Gyda-Metal-D1-3183-845x684.jpg' width='845' height='684'  title='RotoBed\u00aeChange udstigning' alt='sklerose plejeseng sygdom bedste seng rotbed' \/><\/a><\/div><\/div><br \/>\n<section class=\"av_textblock_section \"  itemscope=\"itemscope\" itemtype=\"https:\/\/schema.org\/CreativeWork\" ><div class='avia_textblock  '   itemprop=\"text\" ><p>En RotoBed\u00ae hj\u00e6lper ved at g\u00f8re alt det h\u00e5rde arbejde under udstigningen. Ved at simulere kroppens naturlige bev\u00e6gelse, vil den sk\u00e5nsomt k\u00f8re brugeren op i en komfortabel, siddende stilling, f\u00f8r den roterer ud mod rummet. Sengen kan enten k\u00f8re til en vinkelret udstigningsvinkel eller en skr\u00e5 udstigningsvinkel for at lette forflytningen til en rollator eller en k\u00f8restol. Hele rotationen tager mindre end et minut.<\/p>\n<\/div><\/section><br \/>\n<div class='avia-image-container  av-styling-    avia-align-center '  itemprop=\"ImageObject\" itemscope=\"itemscope\" itemtype=\"https:\/\/schema.org\/ImageObject\"  ><div class='avia-image-container-inner'><img class='avia_image ' src='https:\/\/rotobed.com\/dk\/wp-content\/uploads\/2021\/11\/Gyda-Trae-E1-3186-scaled.jpg' alt='plejeseng sclerose sklerose op at st\u00e5 ud af seng' title='RotoBed\u00aeChange st\u00e5ende'   itemprop=\"thumbnailUrl\"  \/><\/div><\/div><br \/>\n<section class=\"av_textblock_section \"  itemscope=\"itemscope\" itemtype=\"https:\/\/schema.org\/CreativeWork\" ><div class='avia_textblock  '   itemprop=\"text\" ><p>Den sidste udfordring for mange brugere vil v\u00e6re at komme op til st\u00e5ende stilling, fordi denne bev\u00e6gelse ogs\u00e5 kr\u00e6ver relativt stor muskelkraft i benene. Slid og smerter i kn\u00e6 eller hofter vil forv\u00e6rre problemet. Ved at k\u00f8re rygl\u00e6net p\u00e5 RotoBed\u00aeChange lidt frem og derp\u00e5 op i h\u00f8jden lettes bev\u00e6gelsen markant.<\/p>\n<\/div><\/section><br \/>\n<div style=' margin-top:10px; margin-bottom:10px;'  class='hr hr-custom hr-center hr-icon-no  '><span class='hr-inner   inner-border-av-border-thin' style=' width:100%;' ><span class='hr-inner-style'><\/span><\/span><\/div><br \/>\n<section class=\"av_textblock_section \"  itemscope=\"itemscope\" itemtype=\"https:\/\/schema.org\/CreativeWork\" ><div class='avia_textblock  '   itemprop=\"text\" ><h3>Hvem kan have gavn af en RotoBed\u00ae? L\u00e6s hvad brugere og p\u00e5r\u00f8rende siger.<\/h3>\n<\/div><\/section><br \/>\n<div class='avia-image-container  av-styling-    avia-align-center '  itemprop=\"ImageObject\" itemscope=\"itemscope\" itemtype=\"https:\/\/schema.org\/ImageObject\"  ><div class='avia-image-container-inner'><img class='avia_image ' src='https:\/\/rotobed.com\/dk\/wp-content\/uploads\/2021\/03\/hans-villadsen-1-1030x687.jpg' alt='referencer rotobed drejeseng' title='RotoBed\u00ae brugerhistorier'   itemprop=\"thumbnailUrl\"  \/><\/div><\/div><\/p>\n<\/div><\/div><\/div>\n","protected":false},"excerpt":{"rendered":"","protected":false},"author":2,"featured_media":0,"parent":0,"menu_order":0,"comment_status":"closed","ping_status":"closed","template":"","meta":[],"_links":{"self":[{"href":"https:\/\/rotobed.com\/dk\/wp-json\/wp\/v2\/pages\/7764"}],"collection":[{"href":"https:\/\/rotobed.com\/dk\/wp-json\/wp\/v2\/pages"}],"about":[{"href":"https:\/\/rotobed.com\/dk\/wp-json\/wp\/v2\/types\/page"}],"author":[{"embeddable":true,"href":"https:\/\/rotobed.com\/dk\/wp-json\/wp\/v2\/users\/2"}],"replies":[{"embeddable":true,"href":"https:\/\/rotobed.com\/dk\/wp-json\/wp\/v2\/comments?post=7764"}],"version-history":[{"count":8,"href":"https:\/\/rotobed.com\/dk\/wp-json\/wp\/v2\/pages\/7764\/revisions"}],"predecessor-version":[{"id":7785,"href":"https:\/\/rotobed.com\/dk\/wp-json\/wp\/v2\/pages\/7764\/revisions\/7785"}],"wp:attachment":[{"href":"https:\/\/rotobed.com\/dk\/wp-json\/wp\/v2\/media?parent=7764"}],"curies":[{"name":"wp","href":"https:\/\/api.w.org\/{rel}","templated":true}]}}