{"id":479,"date":"2016-01-30T10:38:55","date_gmt":"2016-01-30T10:38:55","guid":{"rendered":"https:\/\/rotobed.com\/es\/?page_id=479"},"modified":"2022-08-10T10:03:13","modified_gmt":"2022-08-10T10:03:13","slug":"tommy-hansen-2","status":"publish","type":"page","link":"https:\/\/rotobed.com\/es\/tommy-hansen-2\/","title":{"rendered":"Tommy Hansen SPA"},"content":{"rendered":"<\/div><\/div><\/div><!-- close content main div --><\/div><\/div><div id='av-layout-grid-1' class='av-layout-grid-container entry-content-wrapper main_color av-flex-cells   av-border-cells container_wrap fullsize'   >\n<div class=\"flex_cell no_margin av_two_third   \" style='vertical-align:top; padding:30px; '><div class='flex_cell_inner' ><section class=\"av_textblock_section \"  itemscope=\"itemscope\" itemtype=\"https:\/\/schema.org\/CreativeWork\" ><div class='avia_textblock  '   itemprop=\"text\" ><h1 style=\"text-align: center;\">Es brillante!<\/h1>\n<\/div><\/section><br \/>\n<div style='height:10px' class='hr hr-invisible  '><span class='hr-inner ' ><span class='hr-inner-style'><\/span><\/span><\/div><br \/>\n<div class='avia-image-container  av-styling-    avia-align-center '  itemprop=\"ImageObject\" itemscope=\"itemscope\" itemtype=\"https:\/\/schema.org\/ImageObject\"  ><div class='avia-image-container-inner'><img class='avia_image ' src='https:\/\/rotobed.com\/es\/wp-content\/uploads\/2015\/09\/Tommy-1030x687.jpg' alt='' title='Tommy'   itemprop=\"thumbnailUrl\"  \/><\/div><\/div><br \/>\n<div style='height:10px' class='hr hr-invisible  '><span class='hr-inner ' ><span class='hr-inner-style'><\/span><\/span><\/div><br \/>\n<section class=\"av_textblock_section \"  itemscope=\"itemscope\" itemtype=\"https:\/\/schema.org\/CreativeWork\" ><div class='avia_textblock  '   itemprop=\"text\" ><h3><strong>Tommy Hansen, Dinamarca, 47 a\u00f1os. Naci\u00f3 con una discapacidad motora. Ha tenido un RotoBed\u00ae durante diez meses.<\/strong><\/h3>\n<p>Tengo un gran problema con mi est\u00f3mago y a veces por la noche no va como deber\u00eda. Sol\u00eda causarme muchos problemas porque soy un discapacitado motor. Tuve que salir de la cama con mucha dificultad y a menudo estaba sucio por todas partes. Fue muy degradante y mucho esfuerzo porque tuve que limpiarlo yo mismo.<\/p>\n<p>En principio, no ten\u00eda derecho a una cama de cuidados, pero como no se necesitaba en otro lugar, tuve la suerte de conseguirla. Fue una gran alegr\u00eda para m\u00ed. El colch\u00f3n giraba con la cama, lo que significaba que si ten\u00eda una desgracia durante la noche, no ensuciaba toda la cama, sino que se quedaba en el colch\u00f3n. Eso me hace menos enfadado y enojado porque lo limpio r\u00e1pidamente.<\/p>\n<p>No puedo decir nada malo en esta cama. Descubr\u00ed por m\u00ed mismo que tiene muchos otros beneficios para m\u00ed. Es tan f\u00e1cil salir de la cama sin esfuerzo y me permite gastar mi energ\u00eda en cosas m\u00e1s interesantes. Es brillante.<\/p>\n<p>Los cuidadores tambi\u00e9n est\u00e1n muy entusiasmados. Nunca han visto una cama como esta antes y a menudo traen a otros colegas para mostr\u00e1rsela.<\/p>\n<p>Adem\u00e1s, es muy hermoso. Claro que s\u00e9 que es una cama de cuidados, pero no tiene que parecerse a una cama en la que voy a morir dentro de seis meses.<\/p>\n<\/div><\/section><\/p>\n<\/div><\/div><div class=\"flex_cell no_margin av_one_third   \" style='vertical-align:top; padding:30px; '><div class='flex_cell_inner' ><p><div class='avia-image-container  av-styling-    avia-align-center '  itemprop=\"ImageObject\" itemscope=\"itemscope\" itemtype=\"https:\/\/schema.org\/ImageObject\"  ><div class='avia-image-container-inner'><a href='https:\/\/rotobed.com\/es\/kristina-sangvita-en\/' class='avia_image'  ><img class='avia_image ' src='https:\/\/rotobed.com\/es\/wp-content\/uploads\/2016\/10\/Kristina-300x200.jpg' alt='rotational bed testimony' title='Kristina&#039;s rotational bed'  itemprop=\"thumbnailUrl\"  \/><\/a><\/div><\/div><br \/>\n<section class=\"av_textblock_section \"  itemscope=\"itemscope\" itemtype=\"https:\/\/schema.org\/CreativeWork\" ><div class='avia_textblock  '  style='font-size:24px; '  itemprop=\"text\" ><p style=\"text-align: center;\"><a href=\"https:\/\/rotobed.com\/es\/kristina-sangvita-en\/\">De repente pude sentir mis piernas<\/a><\/p>\n<\/div><\/section><br \/>\n<div style=' margin-top:10px; margin-bottom:10px;'  class='hr hr-custom hr-center hr-icon-no  '><span class='hr-inner   inner-border-av-border-thin' style=' width:100%;' ><span class='hr-inner-style'><\/span><\/span><\/div><br \/>\n<div class='avia-image-container  av-styling-    avia-align-center '  itemprop=\"ImageObject\" itemscope=\"itemscope\" itemtype=\"https:\/\/schema.org\/ImageObject\"  ><div class='avia-image-container-inner'><a href='https:\/\/rotobed.com\/es\/jack-joensson-2\/' class='avia_image'  ><img class='avia_image ' src='https:\/\/rotobed.com\/es\/wp-content\/uploads\/2015\/09\/Jack-300x200.jpg' alt='care bed pain' title='Jack&#039;s testimonial'  itemprop=\"thumbnailUrl\"  \/><\/a><\/div><\/div><br \/>\n<section class=\"av_textblock_section \"  itemscope=\"itemscope\" itemtype=\"https:\/\/schema.org\/CreativeWork\" ><div class='avia_textblock  '  style='font-size:24px; '  itemprop=\"text\" ><p style=\"text-align: center;\"><a href=\"https:\/\/rotobed.com\/es\/jack-joensson-2\/\">Ahora me levanto sin dolor<\/a><\/p>\n<\/div><\/section><br \/>\n<div style=' margin-top:10px; margin-bottom:10px;'  class='hr hr-custom hr-center hr-icon-no  '><span class='hr-inner   inner-border-av-border-thin' style=' width:100%;' ><span class='hr-inner-style'><\/span><\/span><\/div><br \/>\n<div class='avia-image-container  av-styling-    avia-align-center '  itemprop=\"ImageObject\" itemscope=\"itemscope\" itemtype=\"https:\/\/schema.org\/ImageObject\"  ><div class='avia-image-container-inner'><a href='https:\/\/rotobed.com\/es\/psp-parkinson\/' class='avia_image'  ><img class='avia_image ' src='https:\/\/rotobed.com\/es\/wp-content\/uploads\/2020\/11\/Hans-04-\u00a9-Jonas-Fotografi-300x200.jpg' alt='rotation bed user testemony' title='Hans Villadsen has a RotoBed\u00ae'  itemprop=\"thumbnailUrl\"  \/><\/a><\/div><\/div><br \/>\n<section class=\"av_textblock_section \"  itemscope=\"itemscope\" itemtype=\"https:\/\/schema.org\/CreativeWork\" ><div class='avia_textblock  '  style='font-size:24px; '  itemprop=\"text\" ><p style=\"text-align: center;\"><a href=\"https:\/\/rotobed.com\/es\/psp-parkinson\/\">La \u00fanica soluci\u00f3n digna<\/a><\/p>\n<\/div><\/section><br \/>\n<div style=' margin-top:10px; margin-bottom:10px;'  class='hr hr-custom hr-center hr-icon-no  '><span class='hr-inner   inner-border-av-border-thin' style=' width:100%;' ><span class='hr-inner-style'><\/span><\/span><\/div><br \/>\n<div class='avia-button-wrap avia-button-center '><a href='https:\/\/rotobed.com\/es\/rotational-bed\/' class='avia-button   avia-icon_select-no avia-color-theme-color avia-size-x-large avia-position-center '   ><span class='avia_iconbox_title' >Mu\u00e9strame todos los testimonios de RotoBed\u00ae<\/span><\/a><\/div><\/p>\n<\/div><\/div><\/div>\n","protected":false},"excerpt":{"rendered":"","protected":false},"author":1,"featured_media":0,"parent":0,"menu_order":0,"comment_status":"closed","ping_status":"closed","template":"","meta":{"footnotes":""},"yoast_head":"<!-- This site is optimized with the Yoast SEO plugin v21.7 - https:\/\/yoast.com\/wordpress\/plugins\/seo\/ -->\n<title>Tommy Hansen SPA - RotoBed<\/title>\n<meta name=\"robots\" content=\"index, follow, max-snippet:-1, max-image-preview:large, max-video-preview:-1\" \/>\n<link rel=\"canonical\" href=\"https:\/\/rotobed.com\/es\/tommy-hansen-2\/\" \/>\n<meta property=\"og:locale\" content=\"en_GB\" \/>\n<meta property=\"og:type\" content=\"article\" \/>\n<meta property=\"og:title\" content=\"Tommy Hansen SPA - RotoBed\" \/>\n<meta property=\"og:url\" content=\"https:\/\/rotobed.com\/es\/tommy-hansen-2\/\" \/>\n<meta property=\"og:site_name\" content=\"RotoBed\" \/>\n<meta property=\"article:modified_time\" content=\"2022-08-10T10:03:13+00:00\" \/>\n<meta name=\"twitter:card\" content=\"summary_large_image\" \/>\n<meta name=\"twitter:label1\" content=\"Estimated reading time\" \/>\n\t<meta name=\"twitter:data1\" content=\"5 minutes\" \/>\n<script type=\"application\/ld+json\" class=\"yoast-schema-graph\">{\"@context\":\"https:\/\/schema.org\",\"@graph\":[{\"@type\":\"WebPage\",\"@id\":\"https:\/\/rotobed.com\/es\/tommy-hansen-2\/\",\"url\":\"https:\/\/rotobed.com\/es\/tommy-hansen-2\/\",\"name\":\"Tommy Hansen SPA - RotoBed\",\"isPartOf\":{\"@id\":\"https:\/\/rotobed.com\/es\/#website\"},\"datePublished\":\"2016-01-30T10:38:55+00:00\",\"dateModified\":\"2022-08-10T10:03:13+00:00\",\"breadcrumb\":{\"@id\":\"https:\/\/rotobed.com\/es\/tommy-hansen-2\/#breadcrumb\"},\"inLanguage\":\"en-GB\",\"potentialAction\":[{\"@type\":\"ReadAction\",\"target\":[\"https:\/\/rotobed.com\/es\/tommy-hansen-2\/\"]}]},{\"@type\":\"BreadcrumbList\",\"@id\":\"https:\/\/rotobed.com\/es\/tommy-hansen-2\/#breadcrumb\",\"itemListElement\":[{\"@type\":\"ListItem\",\"position\":1,\"name\":\"Hjem\",\"item\":\"https:\/\/rotobed.com\/es\/\"},{\"@type\":\"ListItem\",\"position\":2,\"name\":\"Tommy Hansen SPA\"}]},{\"@type\":\"WebSite\",\"@id\":\"https:\/\/rotobed.com\/es\/#website\",\"url\":\"https:\/\/rotobed.com\/es\/\",\"name\":\"RotoBed\",\"description\":\"\",\"potentialAction\":[{\"@type\":\"SearchAction\",\"target\":{\"@type\":\"EntryPoint\",\"urlTemplate\":\"https:\/\/rotobed.com\/es\/?s={search_term_string}\"},\"query-input\":\"required name=search_term_string\"}],\"inLanguage\":\"en-GB\"}]}<\/script>\n<!-- \/ Yoast SEO plugin. -->","yoast_head_json":{"title":"Tommy Hansen SPA - RotoBed","robots":{"index":"index","follow":"follow","max-snippet":"max-snippet:-1","max-image-preview":"max-image-preview:large","max-video-preview":"max-video-preview:-1"},"canonical":"https:\/\/rotobed.com\/es\/tommy-hansen-2\/","og_locale":"en_GB","og_type":"article","og_title":"Tommy Hansen SPA - RotoBed","og_url":"https:\/\/rotobed.com\/es\/tommy-hansen-2\/","og_site_name":"RotoBed","article_modified_time":"2022-08-10T10:03:13+00:00","twitter_card":"summary_large_image","twitter_misc":{"Estimated reading time":"5 minutes"},"schema":{"@context":"https:\/\/schema.org","@graph":[{"@type":"WebPage","@id":"https:\/\/rotobed.com\/es\/tommy-hansen-2\/","url":"https:\/\/rotobed.com\/es\/tommy-hansen-2\/","name":"Tommy Hansen SPA - RotoBed","isPartOf":{"@id":"https:\/\/rotobed.com\/es\/#website"},"datePublished":"2016-01-30T10:38:55+00:00","dateModified":"2022-08-10T10:03:13+00:00","breadcrumb":{"@id":"https:\/\/rotobed.com\/es\/tommy-hansen-2\/#breadcrumb"},"inLanguage":"en-GB","potentialAction":[{"@type":"ReadAction","target":["https:\/\/rotobed.com\/es\/tommy-hansen-2\/"]}]},{"@type":"BreadcrumbList","@id":"https:\/\/rotobed.com\/es\/tommy-hansen-2\/#breadcrumb","itemListElement":[{"@type":"ListItem","position":1,"name":"Hjem","item":"https:\/\/rotobed.com\/es\/"},{"@type":"ListItem","position":2,"name":"Tommy Hansen SPA"}]},{"@type":"WebSite","@id":"https:\/\/rotobed.com\/es\/#website","url":"https:\/\/rotobed.com\/es\/","name":"RotoBed","description":"","potentialAction":[{"@type":"SearchAction","target":{"@type":"EntryPoint","urlTemplate":"https:\/\/rotobed.com\/es\/?s={search_term_string}"},"query-input":"required name=search_term_string"}],"inLanguage":"en-GB"}]}},"_links":{"self":[{"href":"https:\/\/rotobed.com\/es\/wp-json\/wp\/v2\/pages\/479"}],"collection":[{"href":"https:\/\/rotobed.com\/es\/wp-json\/wp\/v2\/pages"}],"about":[{"href":"https:\/\/rotobed.com\/es\/wp-json\/wp\/v2\/types\/page"}],"author":[{"embeddable":true,"href":"https:\/\/rotobed.com\/es\/wp-json\/wp\/v2\/users\/1"}],"replies":[{"embeddable":true,"href":"https:\/\/rotobed.com\/es\/wp-json\/wp\/v2\/comments?post=479"}],"version-history":[{"count":18,"href":"https:\/\/rotobed.com\/es\/wp-json\/wp\/v2\/pages\/479\/revisions"}],"predecessor-version":[{"id":8123,"href":"https:\/\/rotobed.com\/es\/wp-json\/wp\/v2\/pages\/479\/revisions\/8123"}],"wp:attachment":[{"href":"https:\/\/rotobed.com\/es\/wp-json\/wp\/v2\/media?parent=479"}],"curies":[{"name":"wp","href":"https:\/\/api.w.org\/{rel}","templated":true}]}}