{"id":482,"date":"2016-01-30T10:40:48","date_gmt":"2016-01-30T10:40:48","guid":{"rendered":"https:\/\/rotobed.com\/es\/?page_id=482"},"modified":"2022-03-01T08:42:49","modified_gmt":"2022-03-01T08:42:49","slug":"kristina-sangvita-en","status":"publish","type":"page","link":"https:\/\/rotobed.com\/es\/kristina-sangvita-en\/","title":{"rendered":"Kristina Sangvita SPA"},"content":{"rendered":"<\/div><\/div><\/div><!-- close content main div --><\/div><\/div><div id='av-layout-grid-1' class='av-layout-grid-container entry-content-wrapper main_color av-flex-cells   av-border-cells container_wrap fullsize'   >\n<div class=\"flex_cell no_margin av_two_third   \" style='vertical-align:top; padding:30px; '><div class='flex_cell_inner' ><section class=\"av_textblock_section \"  itemscope=\"itemscope\" itemtype=\"https:\/\/schema.org\/CreativeWork\" ><div class='avia_textblock  '   itemprop=\"text\" ><h1 style=\"text-align: center;\">&#8220;Eso es lo que yo llamo una historia de \u00e9xito&#8221;<\/h1>\n<\/div><\/section><br \/>\n<div style='height:20px' class='hr hr-invisible  '><span class='hr-inner ' ><span class='hr-inner-style'><\/span><\/span><\/div><br \/>\n<div class='avia-image-container  av-styling-    avia-align-center '  itemprop=\"ImageObject\" itemscope=\"itemscope\" itemtype=\"https:\/\/schema.org\/ImageObject\"  ><div class='avia-image-container-inner'><img class='avia_image ' src='https:\/\/rotobed.com\/es\/wp-content\/uploads\/2016\/10\/Kristina-1030x687.jpg' alt='rotational bed testimony' title='Kristina&#039;s rotational bed'   itemprop=\"thumbnailUrl\"  \/><\/div><\/div><br \/>\n<div style='height:20px' class='hr hr-invisible  '><span class='hr-inner ' ><span class='hr-inner-style'><\/span><\/span><\/div><br \/>\n<section class=\"av_textblock_section \"  itemscope=\"itemscope\" itemtype=\"https:\/\/schema.org\/CreativeWork\" ><div class='avia_textblock  '   itemprop=\"text\" ><h3>Kristina Sangvita, Dinamarca, 39 a\u00f1os. Parcialmente paralizado despu\u00e9s de un accidente de coche hace 16 a\u00f1os. Tuvo una cama RotoBed\u00ae durante un a\u00f1o y medio pero ya no la necesita.<\/h3>\n<p>La vida que ten\u00eda antes no era sostenible. Me empujaron de un lado a otro, me encerraron porque no pod\u00eda salir de la cama sola, no pod\u00eda ir al ba\u00f1o por la noche &#8211; fue horrible.<\/p>\n<p>Luch\u00e9 durante mucho tiempo para conseguir un RotoBed\u00ae pero la comuna estaba en contra. Al final, la compa\u00f1\u00eda RotoBed\u00ae tuvo la amabilidad de prest\u00e1rmelo. Desde ese d\u00eda, y al poder salir de la cama e ir por mi cuenta, no he tenido m\u00e1s que buenas experiencias.<\/p>\n<p>F\u00edsicamente he mejorado mucho en muy poco tiempo porque ya no hab\u00eda nadie que me tirara de los brazos y las piernas y me hiciera da\u00f1o a las articulaciones. Pero tambi\u00e9n mentalmente estaba mejor porque ya no ten\u00eda que pelear con la comuna para conseguir una cama mejor.<\/p>\n<p><strong>La cama me permiti\u00f3 vivir una vida significativa<\/strong><\/p>\n<p>Con la paz f\u00edsica y mental, mi funci\u00f3n de la vejiga tambi\u00e9n mejor\u00f3 porque pod\u00eda levantarme por la noche para ir al ba\u00f1o en lugar de quedarme quieto y esperar a que llegara un cuidador. Y lo m\u00e1s importante, me permiti\u00f3 llevar una vida sensata en lugar de centrarme en la supervivencia mientras me mov\u00edan y empujaban como un objeto.<\/p>\n<p>Despu\u00e9s de tener el RotoBed\u00ae durante un a\u00f1o, pude hacer mucho m\u00e1s y exig\u00ed menos tiempo de cuidado. Nunca pens\u00e9 que un d\u00eda despu\u00e9s de tantos a\u00f1os ser\u00eda capaz de sentir mi pierna. Despu\u00e9s, pude mover mi dedo me\u00f1ique y ahora puedo sentarme en una silla con ruedas peque\u00f1as y empujarme. Y en d\u00edas muy buenos, puedo incluso levantarme por unos segundos.<\/p>\n<p>No puedo decir si el RotoBed\u00ae es la causa de todas estas diferencias, pero estoy seguro de que me ha ayudado mucho. Ahora me siento mucho mejor de lo que necesitaba. Eso es lo que yo llamo una historia de \u00e9xito.<\/p>\n<\/div><\/section><\/p>\n<\/div><\/div><div class=\"flex_cell no_margin av_one_third   \" style='vertical-align:top; padding:30px; '><div class='flex_cell_inner' ><p><div class='avia-image-container  av-styling-    avia-align-center '  itemprop=\"ImageObject\" itemscope=\"itemscope\" itemtype=\"https:\/\/schema.org\/ImageObject\"  ><div class='avia-image-container-inner'><a href='https:\/\/rotobed.com\/es\/psp-parkinson\/' class='avia_image'  ><img class='avia_image ' src='https:\/\/rotobed.com\/es\/wp-content\/uploads\/2020\/11\/Hans-04-\u00a9-Jonas-Fotografi-300x200.jpg' alt='rotation bed user testemony' title='Hans Villadsen has a RotoBed\u00ae'  itemprop=\"thumbnailUrl\"  \/><\/a><\/div><\/div><br \/>\n<section class=\"av_textblock_section \"  itemscope=\"itemscope\" itemtype=\"https:\/\/schema.org\/CreativeWork\" ><div class='avia_textblock  '  style='font-size:24px; '  itemprop=\"text\" ><p style=\"text-align: center;\"><a href=\"https:\/\/rotobed.com\/es\/psp-parkinson\/\">Vivir de la \u00fanica manera digna<\/a><\/p>\n<\/div><\/section><br \/>\n<div style=' margin-top:10px; margin-bottom:10px;'  class='hr hr-custom hr-center hr-icon-no  '><span class='hr-inner   inner-border-av-border-thin' style=' width:100%;' ><span class='hr-inner-style'><\/span><\/span><\/div><br \/>\n<div class='avia-image-container  av-styling-    avia-align-center '  itemprop=\"ImageObject\" itemscope=\"itemscope\" itemtype=\"https:\/\/schema.org\/ImageObject\"  ><div class='avia-image-container-inner'><a href='https:\/\/rotobed.com\/es\/lymphedema\/' class='avia_image'  ><img class='avia_image ' src='https:\/\/rotobed.com\/es\/wp-content\/uploads\/2015\/09\/Ester-1-300x200.jpg' alt='lymphedema RotoBed' title='Esthers testimonial'  itemprop=\"thumbnailUrl\"  \/><\/a><\/div><\/div><br \/>\n<section class=\"av_textblock_section \"  itemscope=\"itemscope\" itemtype=\"https:\/\/schema.org\/CreativeWork\" ><div class='avia_textblock  '  style='font-size:24px; '  itemprop=\"text\" ><p style=\"text-align: center;\"><a href=\"https:\/\/rotobed.com\/es\/lymphedema\/\">He recuperado mi vida<\/a><\/p>\n<\/div><\/section><br \/>\n<div style=' margin-top:10px; margin-bottom:10px;'  class='hr hr-custom hr-center hr-icon-no  '><span class='hr-inner   inner-border-av-border-thin' style=' width:100%;' ><span class='hr-inner-style'><\/span><\/span><\/div><br \/>\n<div class='avia-image-container  av-styling-    avia-align-center '  itemprop=\"ImageObject\" itemscope=\"itemscope\" itemtype=\"https:\/\/schema.org\/ImageObject\"  ><div class='avia-image-container-inner'><a href='https:\/\/rotobed.com\/es\/jack-joensson-2\/' class='avia_image'  ><img class='avia_image ' src='https:\/\/rotobed.com\/es\/wp-content\/uploads\/2015\/09\/Jack-300x200.jpg' alt='care bed pain' title='Jack&#039;s testimonial'  itemprop=\"thumbnailUrl\"  \/><\/a><\/div><\/div><br \/>\n<section class=\"av_textblock_section \"  itemscope=\"itemscope\" itemtype=\"https:\/\/schema.org\/CreativeWork\" ><div class='avia_textblock  '  style='font-size:24px; '  itemprop=\"text\" ><p style=\"text-align: center;\"><a href=\"https:\/\/rotobed.com\/es\/jack-joensson-2\/\">Ahora me levanto sin dolor<\/a><\/p>\n<\/div><\/section><br \/>\n<div style=' margin-top:10px; margin-bottom:10px;'  class='hr hr-custom hr-center hr-icon-no  '><span class='hr-inner   inner-border-av-border-thin' style=' width:100%;' ><span class='hr-inner-style'><\/span><\/span><\/div><br \/>\n<div style='height:35px' class='hr hr-invisible  '><span class='hr-inner ' ><span class='hr-inner-style'><\/span><\/span><\/div><br \/>\n<div class='avia-button-wrap avia-button-center '><a href='https:\/\/rotobed.com\/es\/rotational-bed\/' class='avia-button   avia-icon_select-no avia-color-theme-color avia-size-x-large avia-position-center '   ><span class='avia_iconbox_title' >Mu\u00e9strame todos los testimonios de RotoBed\u00ae<\/span><\/a><\/div><\/p>\n<\/div><\/div><\/div>\n","protected":false},"excerpt":{"rendered":"","protected":false},"author":1,"featured_media":0,"parent":0,"menu_order":0,"comment_status":"closed","ping_status":"closed","template":"","meta":{"footnotes":""},"yoast_head":"<!-- This site is optimized with the Yoast SEO plugin v21.7 - https:\/\/yoast.com\/wordpress\/plugins\/seo\/ -->\n<title>RotoBed\u00ae - the world&#039;s best rotating bed. Less pain, more mobility<\/title>\n<meta name=\"description\" content=\"&quot;The life that I had before was not worth living&quot;. See how a RotoBed\u00ae changed the life of Kristina, who is partially paralyzed after a car accident.\" \/>\n<meta name=\"robots\" content=\"index, follow, max-snippet:-1, max-image-preview:large, max-video-preview:-1\" \/>\n<link rel=\"canonical\" href=\"https:\/\/rotobed.com\/es\/kristina-sangvita-en\/\" \/>\n<meta property=\"og:locale\" content=\"en_GB\" \/>\n<meta property=\"og:type\" content=\"article\" \/>\n<meta property=\"og:title\" content=\"RotoBed\u00ae - the world&#039;s best rotating bed. Less pain, more mobility\" \/>\n<meta property=\"og:description\" content=\"&quot;The life that I had before was not worth living&quot;. See how a RotoBed\u00ae changed the life of Kristina, who is partially paralyzed after a car accident.\" \/>\n<meta property=\"og:url\" content=\"https:\/\/rotobed.com\/es\/kristina-sangvita-en\/\" \/>\n<meta property=\"og:site_name\" content=\"RotoBed\" \/>\n<meta property=\"article:modified_time\" content=\"2022-03-01T08:42:49+00:00\" \/>\n<meta name=\"twitter:card\" content=\"summary_large_image\" \/>\n<meta name=\"twitter:label1\" content=\"Estimated reading time\" \/>\n\t<meta name=\"twitter:data1\" content=\"6 minutes\" \/>\n<script type=\"application\/ld+json\" class=\"yoast-schema-graph\">{\"@context\":\"https:\/\/schema.org\",\"@graph\":[{\"@type\":\"WebPage\",\"@id\":\"https:\/\/rotobed.com\/es\/kristina-sangvita-en\/\",\"url\":\"https:\/\/rotobed.com\/es\/kristina-sangvita-en\/\",\"name\":\"RotoBed\u00ae - the world's best rotating bed. Less pain, more mobility\",\"isPartOf\":{\"@id\":\"https:\/\/rotobed.com\/es\/#website\"},\"datePublished\":\"2016-01-30T10:40:48+00:00\",\"dateModified\":\"2022-03-01T08:42:49+00:00\",\"description\":\"\\\"The life that I had before was not worth living\\\". See how a RotoBed\u00ae changed the life of Kristina, who is partially paralyzed after a car accident.\",\"breadcrumb\":{\"@id\":\"https:\/\/rotobed.com\/es\/kristina-sangvita-en\/#breadcrumb\"},\"inLanguage\":\"en-GB\",\"potentialAction\":[{\"@type\":\"ReadAction\",\"target\":[\"https:\/\/rotobed.com\/es\/kristina-sangvita-en\/\"]}]},{\"@type\":\"BreadcrumbList\",\"@id\":\"https:\/\/rotobed.com\/es\/kristina-sangvita-en\/#breadcrumb\",\"itemListElement\":[{\"@type\":\"ListItem\",\"position\":1,\"name\":\"Hjem\",\"item\":\"https:\/\/rotobed.com\/es\/\"},{\"@type\":\"ListItem\",\"position\":2,\"name\":\"Kristina Sangvita SPA\"}]},{\"@type\":\"WebSite\",\"@id\":\"https:\/\/rotobed.com\/es\/#website\",\"url\":\"https:\/\/rotobed.com\/es\/\",\"name\":\"RotoBed\",\"description\":\"\",\"potentialAction\":[{\"@type\":\"SearchAction\",\"target\":{\"@type\":\"EntryPoint\",\"urlTemplate\":\"https:\/\/rotobed.com\/es\/?s={search_term_string}\"},\"query-input\":\"required name=search_term_string\"}],\"inLanguage\":\"en-GB\"}]}<\/script>\n<!-- \/ Yoast SEO plugin. -->","yoast_head_json":{"title":"RotoBed\u00ae - the world's best rotating bed. Less pain, more mobility","description":"\"The life that I had before was not worth living\". See how a RotoBed\u00ae changed the life of Kristina, who is partially paralyzed after a car accident.","robots":{"index":"index","follow":"follow","max-snippet":"max-snippet:-1","max-image-preview":"max-image-preview:large","max-video-preview":"max-video-preview:-1"},"canonical":"https:\/\/rotobed.com\/es\/kristina-sangvita-en\/","og_locale":"en_GB","og_type":"article","og_title":"RotoBed\u00ae - the world's best rotating bed. Less pain, more mobility","og_description":"\"The life that I had before was not worth living\". See how a RotoBed\u00ae changed the life of Kristina, who is partially paralyzed after a car accident.","og_url":"https:\/\/rotobed.com\/es\/kristina-sangvita-en\/","og_site_name":"RotoBed","article_modified_time":"2022-03-01T08:42:49+00:00","twitter_card":"summary_large_image","twitter_misc":{"Estimated reading time":"6 minutes"},"schema":{"@context":"https:\/\/schema.org","@graph":[{"@type":"WebPage","@id":"https:\/\/rotobed.com\/es\/kristina-sangvita-en\/","url":"https:\/\/rotobed.com\/es\/kristina-sangvita-en\/","name":"RotoBed\u00ae - the world's best rotating bed. Less pain, more mobility","isPartOf":{"@id":"https:\/\/rotobed.com\/es\/#website"},"datePublished":"2016-01-30T10:40:48+00:00","dateModified":"2022-03-01T08:42:49+00:00","description":"\"The life that I had before was not worth living\". See how a RotoBed\u00ae changed the life of Kristina, who is partially paralyzed after a car accident.","breadcrumb":{"@id":"https:\/\/rotobed.com\/es\/kristina-sangvita-en\/#breadcrumb"},"inLanguage":"en-GB","potentialAction":[{"@type":"ReadAction","target":["https:\/\/rotobed.com\/es\/kristina-sangvita-en\/"]}]},{"@type":"BreadcrumbList","@id":"https:\/\/rotobed.com\/es\/kristina-sangvita-en\/#breadcrumb","itemListElement":[{"@type":"ListItem","position":1,"name":"Hjem","item":"https:\/\/rotobed.com\/es\/"},{"@type":"ListItem","position":2,"name":"Kristina Sangvita SPA"}]},{"@type":"WebSite","@id":"https:\/\/rotobed.com\/es\/#website","url":"https:\/\/rotobed.com\/es\/","name":"RotoBed","description":"","potentialAction":[{"@type":"SearchAction","target":{"@type":"EntryPoint","urlTemplate":"https:\/\/rotobed.com\/es\/?s={search_term_string}"},"query-input":"required name=search_term_string"}],"inLanguage":"en-GB"}]}},"_links":{"self":[{"href":"https:\/\/rotobed.com\/es\/wp-json\/wp\/v2\/pages\/482"}],"collection":[{"href":"https:\/\/rotobed.com\/es\/wp-json\/wp\/v2\/pages"}],"about":[{"href":"https:\/\/rotobed.com\/es\/wp-json\/wp\/v2\/types\/page"}],"author":[{"embeddable":true,"href":"https:\/\/rotobed.com\/es\/wp-json\/wp\/v2\/users\/1"}],"replies":[{"embeddable":true,"href":"https:\/\/rotobed.com\/es\/wp-json\/wp\/v2\/comments?post=482"}],"version-history":[{"count":20,"href":"https:\/\/rotobed.com\/es\/wp-json\/wp\/v2\/pages\/482\/revisions"}],"predecessor-version":[{"id":8090,"href":"https:\/\/rotobed.com\/es\/wp-json\/wp\/v2\/pages\/482\/revisions\/8090"}],"wp:attachment":[{"href":"https:\/\/rotobed.com\/es\/wp-json\/wp\/v2\/media?parent=482"}],"curies":[{"name":"wp","href":"https:\/\/api.w.org\/{rel}","templated":true}]}}