{"id":485,"date":"2016-01-30T10:42:26","date_gmt":"2016-01-30T10:42:26","guid":{"rendered":"https:\/\/rotobed.com\/es\/?page_id=485"},"modified":"2022-03-01T08:52:50","modified_gmt":"2022-03-01T08:52:50","slug":"jack-joensson-2","status":"publish","type":"page","link":"https:\/\/rotobed.com\/es\/jack-joensson-2\/","title":{"rendered":"Jack J\u00f8nsson SPA"},"content":{"rendered":"<\/div><\/div><\/div><!-- close content main div --><\/div><\/div><div id='av-layout-grid-1' class='av-layout-grid-container entry-content-wrapper main_color av-flex-cells   av-border-cells container_wrap fullsize'   >\n<div class=\"flex_cell no_margin av_two_third   \" style='vertical-align:top; padding:30px; '><div class='flex_cell_inner' ><section class=\"av_textblock_section \"  itemscope=\"itemscope\" itemtype=\"https:\/\/schema.org\/CreativeWork\" ><div class='avia_textblock  '  style='font-size:30px; '  itemprop=\"text\" ><h1 style=\"text-align: center;\">&#8220;Ahora me levanto sin dolor&#8221;<\/h1>\n<\/div><\/section><br \/>\n<div style='height:25px' class='hr hr-invisible  '><span class='hr-inner ' ><span class='hr-inner-style'><\/span><\/span><\/div><br \/>\n<div class='avia-image-container  av-styling-    avia-align-center '  itemprop=\"ImageObject\" itemscope=\"itemscope\" itemtype=\"https:\/\/schema.org\/ImageObject\"  ><div class='avia-image-container-inner'><img class='avia_image ' src='https:\/\/rotobed.com\/es\/wp-content\/uploads\/2015\/09\/Jack-1030x687.jpg' alt='care bed pain' title='Jack&#039;s testimonial'   itemprop=\"thumbnailUrl\"  \/><\/div><\/div><br \/>\n<section class=\"av_textblock_section \"  itemscope=\"itemscope\" itemtype=\"https:\/\/schema.org\/CreativeWork\" ><div class='avia_textblock  '   itemprop=\"text\" ><h3>Jack J\u00f6nsson, Dinamarca, 71 a\u00f1os. Est\u00e1 hemipl\u00e9jico despu\u00e9s de un co\u00e1gulo de sangre (trombo). Ha tenido un RotoBed\u00ae durante un a\u00f1o.<\/h3>\n<p>Sol\u00eda tener una cama de cuidado regular sin funci\u00f3n de elevaci\u00f3n. Y para sacarme de la cama, el cuidador pon\u00eda una toalla a mi alrededor y empezaba a tirar. Fue extremadamente doloroso para m\u00ed y desagradable para ellos abrazarme.<\/p>\n<p>Y luego tuve un supervisor de tecnolog\u00eda absolutamente brillante que hab\u00eda visto este RotoBed\u00ae en una exposici\u00f3n y pens\u00f3 que ser\u00eda bueno para m\u00ed. Lo prob\u00e9 en el Instituto de Discapacidades e inmediatamente pens\u00e9: \u00a1Esto es s\u00f3lo para m\u00ed! Lo compr\u00e9 de nuevo esa tarde y fue absolutamente fabuloso.<\/p>\n<p><strong>Sol\u00eda \u200b\u200bser doloroso salir de la cama<\/strong><\/p>\n<p>En el pasado, me sent\u00eda extremadamente limitado y era molesto para m\u00ed. Esto ya no lo siento y el ambiente durante los tratamientos es mucho mejor. Sol\u00eda ser doloroso, as\u00ed que habl\u00e9 de forma desagradable con los cuidadores y ellos tambi\u00e9n se frustraron de alguna manera.<\/p>\n<p>Ahora me llaman diez minutos antes de que lleguen y para entonces ya he puesto la cama en su posici\u00f3n de asiento usando la caja de control. Los cuidadores me visten &#8211; zapatos, pantalones y calcetines &#8211; mientras la cama est\u00e1 girada y mis pies est\u00e1n en su direcci\u00f3n. Son muy felices as\u00ed. A veces incluso traen a sus familias para mostrarles su trabajo diario y para ver este milagro. Y todos estamos encantados.<\/p>\n<\/div><\/section><\/p>\n<\/div><\/div><div class=\"flex_cell no_margin av_one_third   \" style='vertical-align:top; padding:30px; '><div class='flex_cell_inner' ><p><div class='avia-image-container  av-styling-    avia-align-center '  itemprop=\"ImageObject\" itemscope=\"itemscope\" itemtype=\"https:\/\/schema.org\/ImageObject\"  ><div class='avia-image-container-inner'><img class='avia_image ' src='https:\/\/rotobed.com\/es\/wp-content\/uploads\/2015\/09\/Kirsten-1030x687.jpg' alt='' title='Kirsten'   itemprop=\"thumbnailUrl\"  \/><\/div><\/div><br \/>\n<section class=\"av_textblock_section \"  itemscope=\"itemscope\" itemtype=\"https:\/\/schema.org\/CreativeWork\" ><div class='avia_textblock  '   itemprop=\"text\" ><p><em>Kirsten J\u00f8nsson, la esposa de Jack.<\/em><\/p>\n<h2>Es lo mejor que le pudo pasar a Jack.<\/h2>\n<p>Es incre\u00edble lo que el RotoBed\u00ae ha hecho por Jack. Se ha convertido en un hombre feliz de nuevo gracias a esta cama. Y tiene m\u00e1s dignidad. Es feliz porque ya no depende de los dem\u00e1s.<\/p>\n<p>Para m\u00ed, es pura felicidad con la nueva cama. Sol\u00eda sufrir mucho para sacarlo de la vieja cama. Jack se mud\u00f3 a la &#8220;vida asistida&#8221; ya que pens\u00f3 que era demasiado agotador para que yo lo cuidara. De esta manera, los cuidadores tambi\u00e9n se benefician ahora del RotoBed\u00ae.<\/p>\n<p>Agradecemos a la comuna que le hayan dado a Jack esta cama.<\/p>\n<\/div><\/section><br \/>\n<div style=' margin-top:10px; margin-bottom:10px;'  class='hr hr-custom hr-center hr-icon-no  '><span class='hr-inner   inner-border-av-border-thin' style=' width:100%;' ><span class='hr-inner-style'><\/span><\/span><\/div><br \/>\n<div style='padding-bottom:10px;' class='av-special-heading av-special-heading-h3    '><h3 class='av-special-heading-tag '  itemprop=\"headline\"  >\u00bfQui\u00e9n m\u00e1s puede beneficiarse de una cama RotoBed\u00ae? Mira lo que dicen otros usuarios y familiares.<\/h3><div class='special-heading-border'><div class='special-heading-inner-border' ><\/div><\/div><\/div><br \/>\n<div style='height:10px' class='hr hr-invisible  '><span class='hr-inner ' ><span class='hr-inner-style'><\/span><\/span><\/div><br \/>\n<div class='avia-image-container  av-styling-    avia-align-center '  itemprop=\"ImageObject\" itemscope=\"itemscope\" itemtype=\"https:\/\/schema.org\/ImageObject\"  ><div class='avia-image-container-inner'><a href='https:\/\/rotobed.com\/es\/rotational-bed\/' class='avia_image'  ><img class='avia_image ' src='https:\/\/rotobed.com\/es\/wp-content\/uploads\/2020\/11\/Hans-05-mindre-1030x693.jpg' alt='rotating bed for psp parkinson' title='Else and Hans Villadsen chose to buy a RotoBed\u00aeFree'  itemprop=\"thumbnailUrl\"  \/><\/a><\/div><\/div><br \/>\n<div style='height:10px' class='hr hr-invisible  '><span class='hr-inner ' ><span class='hr-inner-style'><\/span><\/span><\/div><br \/>\n<div class='avia-button-wrap avia-button-center '><a href='https:\/\/rotobed.com\/es\/rotational-bed\/' class='avia-button   avia-icon_select-no avia-color-theme-color avia-size-x-large avia-position-center '   ><span class='avia_iconbox_title' >Mu\u00e9strame todos los testimonios de RotoBed\u00ae<\/span><\/a><\/div><\/p>\n<\/div><\/div><\/div>\n","protected":false},"excerpt":{"rendered":"","protected":false},"author":1,"featured_media":0,"parent":0,"menu_order":0,"comment_status":"closed","ping_status":"closed","template":"","meta":{"footnotes":""},"yoast_head":"<!-- This site is optimized with the Yoast SEO plugin v21.7 - https:\/\/yoast.com\/wordpress\/plugins\/seo\/ -->\n<title>Jack J\u00f8nsson SPA - RotoBed<\/title>\n<meta name=\"robots\" content=\"index, follow, max-snippet:-1, max-image-preview:large, max-video-preview:-1\" \/>\n<link rel=\"canonical\" href=\"https:\/\/rotobed.com\/es\/jack-joensson-2\/\" \/>\n<meta property=\"og:locale\" content=\"en_GB\" \/>\n<meta property=\"og:type\" content=\"article\" \/>\n<meta property=\"og:title\" content=\"Jack J\u00f8nsson SPA - RotoBed\" \/>\n<meta property=\"og:url\" content=\"https:\/\/rotobed.com\/es\/jack-joensson-2\/\" \/>\n<meta property=\"og:site_name\" content=\"RotoBed\" \/>\n<meta property=\"article:modified_time\" content=\"2022-03-01T08:52:50+00:00\" \/>\n<meta name=\"twitter:card\" content=\"summary_large_image\" \/>\n<meta name=\"twitter:label1\" content=\"Estimated reading time\" \/>\n\t<meta name=\"twitter:data1\" content=\"5 minutes\" \/>\n<script type=\"application\/ld+json\" class=\"yoast-schema-graph\">{\"@context\":\"https:\/\/schema.org\",\"@graph\":[{\"@type\":\"WebPage\",\"@id\":\"https:\/\/rotobed.com\/es\/jack-joensson-2\/\",\"url\":\"https:\/\/rotobed.com\/es\/jack-joensson-2\/\",\"name\":\"Jack J\u00f8nsson SPA - RotoBed\",\"isPartOf\":{\"@id\":\"https:\/\/rotobed.com\/es\/#website\"},\"datePublished\":\"2016-01-30T10:42:26+00:00\",\"dateModified\":\"2022-03-01T08:52:50+00:00\",\"breadcrumb\":{\"@id\":\"https:\/\/rotobed.com\/es\/jack-joensson-2\/#breadcrumb\"},\"inLanguage\":\"en-GB\",\"potentialAction\":[{\"@type\":\"ReadAction\",\"target\":[\"https:\/\/rotobed.com\/es\/jack-joensson-2\/\"]}]},{\"@type\":\"BreadcrumbList\",\"@id\":\"https:\/\/rotobed.com\/es\/jack-joensson-2\/#breadcrumb\",\"itemListElement\":[{\"@type\":\"ListItem\",\"position\":1,\"name\":\"Hjem\",\"item\":\"https:\/\/rotobed.com\/es\/\"},{\"@type\":\"ListItem\",\"position\":2,\"name\":\"Jack J\u00f8nsson SPA\"}]},{\"@type\":\"WebSite\",\"@id\":\"https:\/\/rotobed.com\/es\/#website\",\"url\":\"https:\/\/rotobed.com\/es\/\",\"name\":\"RotoBed\",\"description\":\"\",\"potentialAction\":[{\"@type\":\"SearchAction\",\"target\":{\"@type\":\"EntryPoint\",\"urlTemplate\":\"https:\/\/rotobed.com\/es\/?s={search_term_string}\"},\"query-input\":\"required name=search_term_string\"}],\"inLanguage\":\"en-GB\"}]}<\/script>\n<!-- \/ Yoast SEO plugin. -->","yoast_head_json":{"title":"Jack J\u00f8nsson SPA - RotoBed","robots":{"index":"index","follow":"follow","max-snippet":"max-snippet:-1","max-image-preview":"max-image-preview:large","max-video-preview":"max-video-preview:-1"},"canonical":"https:\/\/rotobed.com\/es\/jack-joensson-2\/","og_locale":"en_GB","og_type":"article","og_title":"Jack J\u00f8nsson SPA - RotoBed","og_url":"https:\/\/rotobed.com\/es\/jack-joensson-2\/","og_site_name":"RotoBed","article_modified_time":"2022-03-01T08:52:50+00:00","twitter_card":"summary_large_image","twitter_misc":{"Estimated reading time":"5 minutes"},"schema":{"@context":"https:\/\/schema.org","@graph":[{"@type":"WebPage","@id":"https:\/\/rotobed.com\/es\/jack-joensson-2\/","url":"https:\/\/rotobed.com\/es\/jack-joensson-2\/","name":"Jack J\u00f8nsson SPA - RotoBed","isPartOf":{"@id":"https:\/\/rotobed.com\/es\/#website"},"datePublished":"2016-01-30T10:42:26+00:00","dateModified":"2022-03-01T08:52:50+00:00","breadcrumb":{"@id":"https:\/\/rotobed.com\/es\/jack-joensson-2\/#breadcrumb"},"inLanguage":"en-GB","potentialAction":[{"@type":"ReadAction","target":["https:\/\/rotobed.com\/es\/jack-joensson-2\/"]}]},{"@type":"BreadcrumbList","@id":"https:\/\/rotobed.com\/es\/jack-joensson-2\/#breadcrumb","itemListElement":[{"@type":"ListItem","position":1,"name":"Hjem","item":"https:\/\/rotobed.com\/es\/"},{"@type":"ListItem","position":2,"name":"Jack J\u00f8nsson SPA"}]},{"@type":"WebSite","@id":"https:\/\/rotobed.com\/es\/#website","url":"https:\/\/rotobed.com\/es\/","name":"RotoBed","description":"","potentialAction":[{"@type":"SearchAction","target":{"@type":"EntryPoint","urlTemplate":"https:\/\/rotobed.com\/es\/?s={search_term_string}"},"query-input":"required name=search_term_string"}],"inLanguage":"en-GB"}]}},"_links":{"self":[{"href":"https:\/\/rotobed.com\/es\/wp-json\/wp\/v2\/pages\/485"}],"collection":[{"href":"https:\/\/rotobed.com\/es\/wp-json\/wp\/v2\/pages"}],"about":[{"href":"https:\/\/rotobed.com\/es\/wp-json\/wp\/v2\/types\/page"}],"author":[{"embeddable":true,"href":"https:\/\/rotobed.com\/es\/wp-json\/wp\/v2\/users\/1"}],"replies":[{"embeddable":true,"href":"https:\/\/rotobed.com\/es\/wp-json\/wp\/v2\/comments?post=485"}],"version-history":[{"count":15,"href":"https:\/\/rotobed.com\/es\/wp-json\/wp\/v2\/pages\/485\/revisions"}],"predecessor-version":[{"id":8095,"href":"https:\/\/rotobed.com\/es\/wp-json\/wp\/v2\/pages\/485\/revisions\/8095"}],"wp:attachment":[{"href":"https:\/\/rotobed.com\/es\/wp-json\/wp\/v2\/media?parent=485"}],"curies":[{"name":"wp","href":"https:\/\/api.w.org\/{rel}","templated":true}]}}