{"id":489,"date":"2016-01-30T10:45:18","date_gmt":"2016-01-30T10:45:18","guid":{"rendered":"https:\/\/rotobed.com\/es\/?page_id=489"},"modified":"2022-08-10T11:53:21","modified_gmt":"2022-08-10T11:53:21","slug":"bed-to-prevent-pressure-ulcers","status":"publish","type":"page","link":"https:\/\/rotobed.com\/es\/bed-to-prevent-pressure-ulcers\/","title":{"rendered":"Lisbeth Buhl SPA"},"content":{"rendered":"<\/div><\/div><\/div><!-- close content main div --><\/div><\/div><div id='av-layout-grid-1' class='av-layout-grid-container entry-content-wrapper main_color av-flex-cells   av-border-cells container_wrap fullsize'   >\n<div class=\"flex_cell no_margin av_two_third   \" style='vertical-align:top; padding:30px; '><div class='flex_cell_inner' ><section class=\"av_textblock_section \"  itemscope=\"itemscope\" itemtype=\"https:\/\/schema.org\/CreativeWork\" ><div class='avia_textblock  '   itemprop=\"text\" ><h1><strong><span style=\"color: #333399;\">Efecto probado:<\/span><\/strong> Elija una RotoBed\u00ae cama de cuidado\u00a0 para prevenir las \u00falceras por presi\u00f3n<\/h1>\n<\/div><\/section><br \/>\n<div style='height:25px' class='hr hr-invisible  '><span class='hr-inner ' ><span class='hr-inner-style'><\/span><\/span><\/div><br \/>\n<div class='avia-image-container  av-styling-    avia-align-center '  itemprop=\"ImageObject\" itemscope=\"itemscope\" itemtype=\"https:\/\/schema.org\/ImageObject\"  ><div class='avia-image-container-inner'><img class='avia_image ' src='https:\/\/rotobed.com\/es\/wp-content\/uploads\/2020\/01\/Lisbeth-02A-\u00a9-Jonas-Fotografi-1-5-845x684.jpg' alt='Prevent pressure ulcers with a rotating bed' title='Lisbeth'   itemprop=\"thumbnailUrl\"  \/><\/div><\/div><br \/>\n<div style='height:25px' class='hr hr-invisible  '><span class='hr-inner ' ><span class='hr-inner-style'><\/span><\/span><\/div><br \/>\n<section class=\"av_textblock_section \"  itemscope=\"itemscope\" itemtype=\"https:\/\/schema.org\/CreativeWork\" ><div class='avia_textblock  '   itemprop=\"text\" ><h3>Lisbeth Buhl, terapeuta profesional del Instituto de Discapacidades de Aabenraa, realiz\u00f3 una prueba de RotoBed\u00ae.<\/h3>\n<p>Tuvimos nuestra primera experiencia con el RotoBed\u00ae en un proyecto. En primer lugar, se trataba de averiguar si la cama pod\u00eda hacer que el paciente fuera aut\u00f3nomo hasta el punto de poder levantarse y meterse en la cama sin ayuda externa, a fin de retrasar o incluso evitar la necesidad de un servicio de atenci\u00f3n domiciliaria. Hicimos pruebas de la cama con 11 pacientes en qu\u00e9 etapa de su necesidad de asistencia dom\u00e9stica, que se pondr\u00eda a disposici\u00f3n de la comunidad, y el resultado fue m\u00e1s que positivo.<\/p>\n<p>Quer\u00edamos asegurarnos de que ten\u00edamos resultados precisos. Primero, visitamos a los pacientes para obtener una evaluaci\u00f3n profesional, &#8220;COPM&#8221; (Canadian Professional Performance Model), basada en una evaluaci\u00f3n profesional del paciente. Despu\u00e9s de eso, el paciente lleg\u00f3 para una prueba en el Instituto de Discapacidades donde pod\u00eda usar las funciones de la cama. Inmediatamente despu\u00e9s de la entrega de la cama, hicimos una visita de seguimiento a la casa del paciente con monitoreo adicional de todo el proceso, y una tercera visita despu\u00e9s de tres o cuatro semanas para una evaluaci\u00f3n final.<\/p>\n<h2>Previene \u00falceras por presi\u00f3n y fracturas<\/h2>\n<p>El riesgo de dec\u00fabito se reduce gracias a las pocas rotaciones y a la reducci\u00f3n de la tensi\u00f3n de la piel no s\u00f3lo al entrar y salir de la cama, sino tambi\u00e9n al encontrar una posici\u00f3n adecuada. La cama previene las ca\u00eddas y las personas con osteoporosis tienen menos dolor y un menor riesgo de fracturas porque las intervenciones se reducen.<\/p>\n<p>Vale la pena invertir alg\u00fan tiempo para asegurar que el paciente se introduzca en la cama y se sienta c\u00f3modo durante su uso. Todos los pacientes del proyecto se han vuelto m\u00e1s independientes y est\u00e1n muy contentos de poder levantarse o acostarse por su cuenta, lo que les ha dado a ellos y a sus familias una valiosa libertad.<\/p>\n<h2>Marido y mujer &#8211; no paciente y ayudante<\/h2>\n<p>Los pacientes participantes sufren de enfermedades cr\u00f3nicas como el Parkinson y la artritis. Tienen una fuerza limitada. Ser\u00eda una pena para ellos cuando lo usaran s\u00f3lo para salir de la cama. La mayor\u00eda de los pacientes son ancianos, y sus c\u00f3nyuges carecen de la fuerza f\u00edsica para ayudarlos. Con un RotoBed\u00ae, las parejas tienen la oportunidad de ser marido y mujer en lugar de un paciente inv\u00e1lido y un rescatista. De esa manera, los c\u00f3nyuges tambi\u00e9n est\u00e1n encantados con la cama.<\/p>\n<\/div><\/section><\/p>\n<\/div><\/div><div class=\"flex_cell no_margin av_one_third   \" style='vertical-align:top; padding:30px; '><div class='flex_cell_inner' ><p><div class='avia-image-container  av-styling-    avia-align-center '  itemprop=\"ImageObject\" itemscope=\"itemscope\" itemtype=\"https:\/\/schema.org\/ImageObject\"  ><div class='avia-image-container-inner'><img class='avia_image ' src='https:\/\/rotobed.com\/es\/wp-content\/uploads\/2020\/10\/Skitser-ligges\u00e5r--300x109.jpg' alt='rotobed prevent pressure ulcers' title='Pressure points'   itemprop=\"thumbnailUrl\"  \/><\/div><\/div><br \/>\n<section class=\"av_textblock_section \"  itemscope=\"itemscope\" itemtype=\"https:\/\/schema.org\/CreativeWork\" ><div class='avia_textblock  '   itemprop=\"text\" ><h3>Pressure ulcers are painfull and common for bedridden patients<\/h3>\n<p>Las \u00falceras por presi\u00f3n surgen donde la piel est\u00e1 cerca de los huesos, por ejemplo, en la espalda, las caderas y el tal\u00f3n, y son causadas por una presi\u00f3n prolongada contra la piel y los tejidos que hay debajo.<\/p>\n<p>Las \u00falceras por presi\u00f3n pueden ser muy dolorosas y requieren un tratamiento y cuidados prolongados. Una persona sana cambia de posici\u00f3n hasta 30 veces en una noche, pero las personas inconscientes, paralizadas o debilitadas no pueden hacerlo y desarrollar\u00e1n \u00falceras por presi\u00f3n si no se inicia la prevenci\u00f3n. Es m\u00e1s probable que tenga \u00falceras por presi\u00f3n si:<\/p>\n<section>\n<div class=\"section\">\n<div id=\"section-2\" class=\"section-body\">\n<ul>\n<li>Utiliza una silla de ruedas o permanece en la cama durante mucho tiempo<\/li>\n<li>Eres un adulto mayor<\/li>\n<li>No puede mover ciertas partes de su cuerpo sin ayuda<\/li>\n<li>Tiene una enfermedad que afecta el flujo sangu\u00edneo, incluida la diabetes o una enfermedad vascular<\/li>\n<li>Tiene la enfermedad de Alzheimer u otra condici\u00f3n que afecta su estado mental<\/li>\n<li>Tienes la piel fr\u00e1gil<\/li>\n<li>No puede controlar su vejiga o sus intestinos<\/li>\n<li>No obtienes suficiente nutrici\u00f3n<\/li>\n<\/ul>\n<\/div>\n<\/div>\n<\/section>\n<section>\n<div class=\"section\">\n<div class=\"section-header\">\n<div class=\"section-title\">(fuente: <a href=\"https:\/\/medlineplus.gov\/ency\/patientinstructions\/000740.htm\">U.S. National Library of Medicine<\/a>,)<\/div>\n<\/div>\n<\/div>\n<\/section>\n<p><strong>Soluciones RotoBed\u00ae para \u00falceras por presi\u00f3n<\/strong><\/p>\n<p>Con una cama giratoria, el riesgo de \u00falceras por presi\u00f3n se reduce gracias a que la piel se retuerce y tira menos tanto a la entrada como a la salida, y al tratar de encontrar una buena posici\u00f3n del cuerpo. Adem\u00e1s, RotoBed\u00ae se puede entregar con colchones de espuma de alta calidad con protecci\u00f3n documentada y tratamiento de \u00falceras por presi\u00f3n en las 4 etapas.<\/p>\n<\/div><\/section><br \/>\n<div style=' margin-top:10px; margin-bottom:10px;'  class='hr hr-custom hr-center hr-icon-no  '><span class='hr-inner   inner-border-av-border-thin' style=' width:100%;' ><span class='hr-inner-style'><\/span><\/span><\/div><br \/>\n<div style='padding-bottom:0px;' class='av-special-heading av-special-heading-h3     '><h3 class='av-special-heading-tag '  itemprop=\"headline\"  >\u00bfQui\u00e9n m\u00e1s puede beneficiarse de una cama RotoBed\u00ae? Vea lo que otros usuarios y familiares dicen sobre sus experiencias.<\/h3><div class='special-heading-border'><div class='special-heading-inner-border' ><\/div><\/div><\/div><br \/>\n<div style='height:10px' class='hr hr-invisible  '><span class='hr-inner ' ><span class='hr-inner-style'><\/span><\/span><\/div><br \/>\n<div class='avia-image-container  av-styling-    avia-align-center '  itemprop=\"ImageObject\" itemscope=\"itemscope\" itemtype=\"https:\/\/schema.org\/ImageObject\"  ><div class='avia-image-container-inner'><a href='https:\/\/rotobed.com\/es\/testimonios\/' class='avia_image'  ><img class='avia_image ' src='https:\/\/rotobed.com\/es\/wp-content\/uploads\/2020\/11\/Hans-04-\u00a9-Jonas-Fotografi-1030x687.jpg' alt='rotation bed user testemony' title='Hans Villadsen has a RotoBed\u00ae'  itemprop=\"thumbnailUrl\"  \/><\/a><\/div><\/div><br \/>\n<div class='avia-button-wrap avia-button-center '><a href='https:\/\/rotobed.com\/es\/testimonios\/' class='avia-button   avia-icon_select-no avia-color-theme-color avia-size-x-large avia-position-center '   ><span class='avia_iconbox_title' >Mu\u00e9strame todos los testimonios de RotoBed\u00ae<\/span><\/a><\/div><\/p>\n<\/div><\/div><\/div>\n","protected":false},"excerpt":{"rendered":"","protected":false},"author":1,"featured_media":0,"parent":0,"menu_order":0,"comment_status":"closed","ping_status":"closed","template":"","meta":{"footnotes":""},"yoast_head":"<!-- This site is optimized with the Yoast SEO plugin v21.7 - https:\/\/yoast.com\/wordpress\/plugins\/seo\/ -->\n<title>Choose a RotoBed\u00ae rotating bed to prevent pressure ulcers<\/title>\n<meta name=\"description\" content=\"A rotating RotoBed\u00ae offers less pulling and twisting of the skin both at entry and exit of the bed - the perfect bed to prevent pressure ulcers.\" \/>\n<meta name=\"robots\" content=\"index, follow, max-snippet:-1, max-image-preview:large, max-video-preview:-1\" \/>\n<link rel=\"canonical\" href=\"https:\/\/rotobed.com\/es\/bed-to-prevent-pressure-ulcers\/\" \/>\n<meta property=\"og:locale\" content=\"en_GB\" \/>\n<meta property=\"og:type\" content=\"article\" \/>\n<meta property=\"og:title\" content=\"Choose a RotoBed\u00ae rotating bed to prevent pressure ulcers\" \/>\n<meta property=\"og:description\" content=\"A rotating RotoBed\u00ae offers less pulling and twisting of the skin both at entry and exit of the bed - the perfect bed to prevent pressure ulcers.\" \/>\n<meta property=\"og:url\" content=\"https:\/\/rotobed.com\/es\/bed-to-prevent-pressure-ulcers\/\" \/>\n<meta property=\"og:site_name\" content=\"RotoBed\" \/>\n<meta property=\"article:modified_time\" content=\"2022-08-10T11:53:21+00:00\" \/>\n<meta name=\"twitter:card\" content=\"summary_large_image\" \/>\n<meta name=\"twitter:label1\" content=\"Estimated reading time\" \/>\n\t<meta name=\"twitter:data1\" content=\"7 minutes\" \/>\n<script type=\"application\/ld+json\" class=\"yoast-schema-graph\">{\"@context\":\"https:\/\/schema.org\",\"@graph\":[{\"@type\":\"WebPage\",\"@id\":\"https:\/\/rotobed.com\/es\/bed-to-prevent-pressure-ulcers\/\",\"url\":\"https:\/\/rotobed.com\/es\/bed-to-prevent-pressure-ulcers\/\",\"name\":\"Choose a RotoBed\u00ae rotating bed to prevent pressure ulcers\",\"isPartOf\":{\"@id\":\"https:\/\/rotobed.com\/es\/#website\"},\"datePublished\":\"2016-01-30T10:45:18+00:00\",\"dateModified\":\"2022-08-10T11:53:21+00:00\",\"description\":\"A rotating RotoBed\u00ae offers less pulling and twisting of the skin both at entry and exit of the bed - the perfect bed to prevent pressure ulcers.\",\"breadcrumb\":{\"@id\":\"https:\/\/rotobed.com\/es\/bed-to-prevent-pressure-ulcers\/#breadcrumb\"},\"inLanguage\":\"en-GB\",\"potentialAction\":[{\"@type\":\"ReadAction\",\"target\":[\"https:\/\/rotobed.com\/es\/bed-to-prevent-pressure-ulcers\/\"]}]},{\"@type\":\"BreadcrumbList\",\"@id\":\"https:\/\/rotobed.com\/es\/bed-to-prevent-pressure-ulcers\/#breadcrumb\",\"itemListElement\":[{\"@type\":\"ListItem\",\"position\":1,\"name\":\"Hjem\",\"item\":\"https:\/\/rotobed.com\/es\/\"},{\"@type\":\"ListItem\",\"position\":2,\"name\":\"Lisbeth Buhl SPA\"}]},{\"@type\":\"WebSite\",\"@id\":\"https:\/\/rotobed.com\/es\/#website\",\"url\":\"https:\/\/rotobed.com\/es\/\",\"name\":\"RotoBed\",\"description\":\"\",\"potentialAction\":[{\"@type\":\"SearchAction\",\"target\":{\"@type\":\"EntryPoint\",\"urlTemplate\":\"https:\/\/rotobed.com\/es\/?s={search_term_string}\"},\"query-input\":\"required name=search_term_string\"}],\"inLanguage\":\"en-GB\"}]}<\/script>\n<!-- \/ Yoast SEO plugin. -->","yoast_head_json":{"title":"Choose a RotoBed\u00ae rotating bed to prevent pressure ulcers","description":"A rotating RotoBed\u00ae offers less pulling and twisting of the skin both at entry and exit of the bed - the perfect bed to prevent pressure ulcers.","robots":{"index":"index","follow":"follow","max-snippet":"max-snippet:-1","max-image-preview":"max-image-preview:large","max-video-preview":"max-video-preview:-1"},"canonical":"https:\/\/rotobed.com\/es\/bed-to-prevent-pressure-ulcers\/","og_locale":"en_GB","og_type":"article","og_title":"Choose a RotoBed\u00ae rotating bed to prevent pressure ulcers","og_description":"A rotating RotoBed\u00ae offers less pulling and twisting of the skin both at entry and exit of the bed - the perfect bed to prevent pressure ulcers.","og_url":"https:\/\/rotobed.com\/es\/bed-to-prevent-pressure-ulcers\/","og_site_name":"RotoBed","article_modified_time":"2022-08-10T11:53:21+00:00","twitter_card":"summary_large_image","twitter_misc":{"Estimated reading time":"7 minutes"},"schema":{"@context":"https:\/\/schema.org","@graph":[{"@type":"WebPage","@id":"https:\/\/rotobed.com\/es\/bed-to-prevent-pressure-ulcers\/","url":"https:\/\/rotobed.com\/es\/bed-to-prevent-pressure-ulcers\/","name":"Choose a RotoBed\u00ae rotating bed to prevent pressure ulcers","isPartOf":{"@id":"https:\/\/rotobed.com\/es\/#website"},"datePublished":"2016-01-30T10:45:18+00:00","dateModified":"2022-08-10T11:53:21+00:00","description":"A rotating RotoBed\u00ae offers less pulling and twisting of the skin both at entry and exit of the bed - the perfect bed to prevent pressure ulcers.","breadcrumb":{"@id":"https:\/\/rotobed.com\/es\/bed-to-prevent-pressure-ulcers\/#breadcrumb"},"inLanguage":"en-GB","potentialAction":[{"@type":"ReadAction","target":["https:\/\/rotobed.com\/es\/bed-to-prevent-pressure-ulcers\/"]}]},{"@type":"BreadcrumbList","@id":"https:\/\/rotobed.com\/es\/bed-to-prevent-pressure-ulcers\/#breadcrumb","itemListElement":[{"@type":"ListItem","position":1,"name":"Hjem","item":"https:\/\/rotobed.com\/es\/"},{"@type":"ListItem","position":2,"name":"Lisbeth Buhl SPA"}]},{"@type":"WebSite","@id":"https:\/\/rotobed.com\/es\/#website","url":"https:\/\/rotobed.com\/es\/","name":"RotoBed","description":"","potentialAction":[{"@type":"SearchAction","target":{"@type":"EntryPoint","urlTemplate":"https:\/\/rotobed.com\/es\/?s={search_term_string}"},"query-input":"required name=search_term_string"}],"inLanguage":"en-GB"}]}},"_links":{"self":[{"href":"https:\/\/rotobed.com\/es\/wp-json\/wp\/v2\/pages\/489"}],"collection":[{"href":"https:\/\/rotobed.com\/es\/wp-json\/wp\/v2\/pages"}],"about":[{"href":"https:\/\/rotobed.com\/es\/wp-json\/wp\/v2\/types\/page"}],"author":[{"embeddable":true,"href":"https:\/\/rotobed.com\/es\/wp-json\/wp\/v2\/users\/1"}],"replies":[{"embeddable":true,"href":"https:\/\/rotobed.com\/es\/wp-json\/wp\/v2\/comments?post=489"}],"version-history":[{"count":18,"href":"https:\/\/rotobed.com\/es\/wp-json\/wp\/v2\/pages\/489\/revisions"}],"predecessor-version":[{"id":8139,"href":"https:\/\/rotobed.com\/es\/wp-json\/wp\/v2\/pages\/489\/revisions\/8139"}],"wp:attachment":[{"href":"https:\/\/rotobed.com\/es\/wp-json\/wp\/v2\/media?parent=489"}],"curies":[{"name":"wp","href":"https:\/\/api.w.org\/{rel}","templated":true}]}}