{"id":491,"date":"2016-01-30T10:47:27","date_gmt":"2016-01-30T10:47:27","guid":{"rendered":"https:\/\/rotobed.com\/es\/?page_id=491"},"modified":"2022-08-10T08:23:50","modified_gmt":"2022-08-10T08:23:50","slug":"bed-for-als-patient","status":"publish","type":"page","link":"https:\/\/rotobed.com\/es\/bed-for-als-patient\/","title":{"rendered":"Jan R\u00f8nhoff SPA"},"content":{"rendered":"<\/div><\/div><\/div><!-- close content main div --><\/div><\/div><div id='av-layout-grid-1' class='av-layout-grid-container entry-content-wrapper main_color av-flex-cells   av-border-cells container_wrap fullsize'   >\n<div class=\"flex_cell no_margin av_two_third   \" style='vertical-align:top; padding:30px; '><div class='flex_cell_inner' ><p><div style='height:20px' class='hr hr-invisible  '><span class='hr-inner ' ><span class='hr-inner-style'><\/span><\/span><\/div><br \/>\n<section class=\"av_textblock_section \"  itemscope=\"itemscope\" itemtype=\"https:\/\/schema.org\/CreativeWork\" ><div class='avia_textblock  '  style='font-size:30px; '  itemprop=\"text\" ><h1>Cama para paciente con ELA:<\/h1>\n<h1>&#8220;Esta cama excepcional me hizo querer levantarme de nuevo&#8221;<\/h1>\n<h1><\/h1>\n<\/div><\/section><br \/>\n<div style='height:30px' class='hr hr-invisible  '><span class='hr-inner ' ><span class='hr-inner-style'><\/span><\/span><\/div><br \/>\n<div class='avia-image-container  av-styling-    avia-align-center '  itemprop=\"ImageObject\" itemscope=\"itemscope\" itemtype=\"https:\/\/schema.org\/ImageObject\"  ><div class='avia-image-container-inner'><img class='avia_image ' src='https:\/\/rotobed.com\/es\/wp-content\/uploads\/2015\/09\/Jan-03-1030x687.jpg' alt='' title='Jan-03'   itemprop=\"thumbnailUrl\"  \/><\/div><\/div><br \/>\n<div style='height:30px' class='hr hr-invisible  '><span class='hr-inner ' ><span class='hr-inner-style'><\/span><\/span><\/div><br \/>\n<section class=\"av_textblock_section \"  itemscope=\"itemscope\" itemtype=\"https:\/\/schema.org\/CreativeWork\" ><div class='avia_textblock  '   itemprop=\"text\" ><h3>Jan R\u00f6nhoff, Dinamarca, 52 a\u00f1os. A la edad de 48 a\u00f1os, se le diagnostic\u00f3 la enfermedad de Charcot, una enfermedad degenerativa. Est\u00e1 casado con Charlotte. Hace un a\u00f1o, se mud\u00f3 a un asilo de ancianos. Al mismo tiempo, consigui\u00f3 un RotoBed\u00ae.<\/h3>\n<p>Sol\u00eda ser un granjero. Durante a\u00f1os fui extremadamente activo, corriendo y haciendo ciclismo. Hoy, sin ayuda, apenas puedo estar de pie.<\/p>\n<p>Trato de concentrarme en cosas y experiencias positivas en lugar de gastar mi energ\u00eda siendo pesimista. En esta situaci\u00f3n, el RotoBed\u00ae es una ventaja incre\u00edble. Me doy cuenta de que mi condici\u00f3n s\u00f3lo puede empeorar y que mi enfermedad progresar\u00e1 si tengo una actitud demasiado negativa y frustrada.<\/p>\n<p><strong>Pas\u00e9 tanto esfuerzo para levantarme de la cama<\/strong><\/p>\n<p>Adem\u00e1s, el RotoBed\u00ae es elegante. Normalmente las camas de los m\u00e9dicos parecen muy fr\u00edas. Pero cuando el RotoBed\u00ae est\u00e1 en la posici\u00f3n de dormir, parece una cama normal. Esto es muy importante para m\u00ed, pero tambi\u00e9n para mi relaci\u00f3n con mi hija de once a\u00f1os, que a veces duerme en mi apartamento. Cuando tu padre tiene una enfermedad as\u00ed, hay muchas otras cosas que tratar. Tal vez un d\u00eda mi casa termine pareciendo un hospital, pero no hay raz\u00f3n para que eso sea as\u00ed hoy. Es importante para m\u00ed que mi hija pueda resolver todos estos problemas uno por uno.<\/p>\n<p><strong>El efecto psicol\u00f3gico es enorme<\/strong><\/p>\n<p>La libertad de poder arregl\u00e1rmelas por mi cuenta ha tenido un efecto psicol\u00f3gico muy importante en m\u00ed. Mi comunidad tambi\u00e9n est\u00e1 ahorrando dinero, ya que antes de tener el RotoBed\u00ae, necesitaba ayuda m\u00e9dica al menos cuatro veces al d\u00eda. El \u00fanico apoyo que recibo ahora es una hora de ayuda en la casa cada dos semanas.<\/p>\n<p><em>Nota: Desafortunadamente, Jan R\u00f8nhoff falleci\u00f3 debido a su enfermedad. Le agradecemos por compartir sus experiencias con RotoBed\u00ae. El encuentro con Jan caus\u00f3 una gran impresi\u00f3n porque pudo mantener un entusiasmo por la vida impresionante y una actitud positiva a pesar de la enfermedad y el dolor. Es con el permiso de la esposa de Jan que continuamos contando la historia de Jan.<\/em><\/p>\n<\/div><\/section><br \/>\n<div style=' margin-top:10px; margin-bottom:30px;'  class='hr hr-custom hr-center hr-icon-no  '><span class='hr-inner   inner-border-av-border-thin' style=' width:100%;' ><span class='hr-inner-style'><\/span><\/span><\/div><br \/>\n<div class=\"flex_column av_one_half  flex_column_div av-zero-column-padding first  \" style='border-radius:0px; '><div class='avia-image-container  av-styling-    avia-align-center '  itemprop=\"ImageObject\" itemscope=\"itemscope\" itemtype=\"https:\/\/schema.org\/ImageObject\"  ><div class='avia-image-container-inner'><a href='https:\/\/rotobed.com\/es\/testimonios\/' class='avia_image'  ><img class='avia_image ' src='https:\/\/rotobed.com\/es\/wp-content\/uploads\/2016\/10\/Helle-Pedersen-1030x687.jpg' alt='Sclerosis rotobed rotating bed nursing bed' title='Sclerosis and a RotoBed\u00ae'  itemprop=\"thumbnailUrl\"  \/><\/a><\/div><\/div><\/div><div class=\"flex_column av_one_half  flex_column_div av-zero-column-padding   \" style='border-radius:0px; '><p><div style='height:50px' class='hr hr-invisible  '><span class='hr-inner ' ><span class='hr-inner-style'><\/span><\/span><\/div><br \/>\n<section class=\"av_textblock_section \"  itemscope=\"itemscope\" itemtype=\"https:\/\/schema.org\/CreativeWork\" ><div class='avia_textblock  '   itemprop=\"text\" ><h3><a href=\"https:\/\/rotobed.com\/es\/testimonios\/\">\u00bfQui\u00e9n m\u00e1s puede beneficiarse de una cama RotoBed\u00ae? Vea lo que otros usuarios y familiares dicen sobre sus experiencias.<\/a><\/h3>\n<\/div><\/section><br \/>\n<div style='height:50px' class='hr hr-invisible  '><span class='hr-inner ' ><span class='hr-inner-style'><\/span><\/span><\/div><br \/>\n<div class='avia-button-wrap avia-button-left '><a href='https:\/\/rotobed.com\/es\/testimonios\/' class='avia-button   avia-icon_select-no avia-color-theme-color avia-size-x-large avia-position-left '   ><span class='avia_iconbox_title' >Mu\u00e9strame todos los testimonios de RotoBed\u00ae<\/span><\/a><\/div><\/p><\/div><\/p>\n<\/div><\/div><div class=\"flex_cell no_margin av_one_third   \" style='vertical-align:top; padding:30px; '><div class='flex_cell_inner' ><p><div class='avia-image-container  av-styling-    avia-align-center '  itemprop=\"ImageObject\" itemscope=\"itemscope\" itemtype=\"https:\/\/schema.org\/ImageObject\"  ><div class='avia-image-container-inner'><img class='avia_image ' src='https:\/\/rotobed.com\/es\/wp-content\/uploads\/2022\/02\/ALS-grafik-til-ALS-cases-spansk-besk\u00e5ret.png' alt='' title='ALS grafik til ALS cases spansk besk\u00e5ret'   itemprop=\"thumbnailUrl\"  \/><\/div><\/div><br \/>\n<section class=\"av_textblock_section \"  itemscope=\"itemscope\" itemtype=\"https:\/\/schema.org\/CreativeWork\" ><div class='avia_textblock  '  style='font-size:28px; '  itemprop=\"text\" ><p><strong>\u00bfQu\u00e9 es ELA y c\u00f3mo puede ayudar RotoBed\u00ae?<\/strong><\/p>\n<\/div><\/section><br \/>\n<section class=\"av_textblock_section \"  itemscope=\"itemscope\" itemtype=\"https:\/\/schema.org\/CreativeWork\" ><div class='avia_textblock  '   itemprop=\"text\" ><p>La ELA, o esclerosis lateral amiotr\u00f3fica, es un grupo de enfermedades neurol\u00f3gicas raras que afectan las c\u00e9lulas nerviosas motoras del cerebro, el tronco encef\u00e1lico y la m\u00e9dula espinal.<\/p>\n<p>Los nervios motores superiores provienen del cerebro y el tronco encef\u00e1lico, y los nervios motores inferiores provienen de la m\u00e9dula espinal. Los nervios motores superiores dan se\u00f1ales a los nervios motores inferiores, que a su vez dan se\u00f1ales a los m\u00fasculos del cuerpo, que est\u00e1n bajo el dominio de la voluntad.<\/p>\n<p>En la esclerosis lateral amiotr\u00f3fica, tanto los nervios motores superiores como los inferiores mueren gradualmente. Un m\u00fasculo recibe se\u00f1ales de muchos de los nervios motores inferiores, pero las partes del m\u00fasculo que no reciben se\u00f1ales de los nervios muertos dejan de funcionar.<\/p>\n<p>Los m\u00fasculos del cuerpo se vuelven gradualmente m\u00e1s peque\u00f1os y m\u00e1s d\u00e9biles. Con el tiempo, hay problemas con la fuerza en los brazos y las piernas, as\u00ed como dificultad para tragar y hablar.<\/p>\n<p>La mayor\u00eda de los casos de ELA (un 90 por ciento estimado) se consideran espor\u00e1dicos, de los cuales entre el 5 y el 10 por ciento son gen\u00e9ticos. 15.000-16.000 estadounidenses sufren de ELA. La enfermedad generalmente se desarrolla entre las edades de 55 y 75 a\u00f1os, y los hombres tienen una probabilidad un poco mayor de padecer ELA que las mujeres. Algunos estudios sugieren que los veteranos militares tienen entre 1,5 y 2 veces m\u00e1s probabilidades de desarrollar ELA, y el Departamento de Asuntos de Veteranos de EE. UU. reconoce la ELA como una enfermedad relacionada con el servicio. (fuente: <a href=\"https:\/\/www.ninds.nih.gov\/disorders\/patient-caregiver-education\/fact-sheets\/amyotrophic-lateral-sclerosis-als-fact-sheet\">National Institute of Neurological Disorders and Stroke<\/a>).<\/p>\n<p>Todav\u00eda no existe una cura para la ELA. Si desea obtener m\u00e1s informaci\u00f3n sobre la ELA, los s\u00edntomas, las etapas, los ensayos cl\u00ednicos y m\u00e1s, visite la Asociaci\u00f3n de ELA <a href=\"http:\/\/www.als.org\">aqu\u00ed.<\/a><\/p>\n<p><strong>\u00bfC\u00f3mo puede ayudar una RotoBed\u00ae?<\/strong><\/p>\n<p>Los s\u00edntomas de la ELA incluyen espasmos musculares, calambres musculares, m\u00fasculos r\u00edgidos o tensos y debilidad muscular. Todos estos s\u00edntomas pueden hacer que sea doloroso, dif\u00edcil o incluso imposible levantarse de la cama sin ayuda.<\/p>\n<p>La \u00fanica acci\u00f3n necesaria para que RotoBed\u00ae gire hacia la salida es presionar un bot\u00f3n. Esto minimizar\u00e1 los problemas para entrar o salir de la cama. Con un movimiento suave, la cama rotar\u00e1 suavemente al usuario de acostado a sentado o de pie en un minuto.<\/p>\n<\/div><\/section><\/p>\n<\/div><\/div><\/div>\n","protected":false},"excerpt":{"rendered":"","protected":false},"author":1,"featured_media":0,"parent":0,"menu_order":0,"comment_status":"closed","ping_status":"closed","template":"","meta":{"footnotes":""},"yoast_head":"<!-- This site is optimized with the Yoast SEO plugin v21.7 - https:\/\/yoast.com\/wordpress\/plugins\/seo\/ -->\n<title>Bed for ALS patient: RotoBed\u00ae helps you out of bed with no pain<\/title>\n<meta name=\"description\" content=\"Looking for a bed for ALS patient? A rotating RotoBed\u00ae is an excellent solution. Turns you gently out of bed in less than one minute. No pain, more energy.\" \/>\n<meta name=\"robots\" content=\"index, follow, max-snippet:-1, max-image-preview:large, max-video-preview:-1\" \/>\n<link rel=\"canonical\" href=\"https:\/\/rotobed.com\/es\/bed-for-als-patient\/\" \/>\n<meta property=\"og:locale\" content=\"en_GB\" \/>\n<meta property=\"og:type\" content=\"article\" \/>\n<meta property=\"og:title\" content=\"Bed for ALS patient: RotoBed\u00ae helps you out of bed with no pain\" \/>\n<meta property=\"og:description\" content=\"Looking for a bed for ALS patient? A rotating RotoBed\u00ae is an excellent solution. Turns you gently out of bed in less than one minute. No pain, more energy.\" \/>\n<meta property=\"og:url\" content=\"https:\/\/rotobed.com\/es\/bed-for-als-patient\/\" \/>\n<meta property=\"og:site_name\" content=\"RotoBed\" \/>\n<meta property=\"article:modified_time\" content=\"2022-08-10T08:23:50+00:00\" \/>\n<meta name=\"twitter:card\" content=\"summary_large_image\" \/>\n<meta name=\"twitter:label1\" content=\"Estimated reading time\" \/>\n\t<meta name=\"twitter:data1\" content=\"8 minutes\" \/>\n<script type=\"application\/ld+json\" class=\"yoast-schema-graph\">{\"@context\":\"https:\/\/schema.org\",\"@graph\":[{\"@type\":\"WebPage\",\"@id\":\"https:\/\/rotobed.com\/es\/bed-for-als-patient\/\",\"url\":\"https:\/\/rotobed.com\/es\/bed-for-als-patient\/\",\"name\":\"Bed for ALS patient: RotoBed\u00ae helps you out of bed with no pain\",\"isPartOf\":{\"@id\":\"https:\/\/rotobed.com\/es\/#website\"},\"datePublished\":\"2016-01-30T10:47:27+00:00\",\"dateModified\":\"2022-08-10T08:23:50+00:00\",\"description\":\"Looking for a bed for ALS patient? A rotating RotoBed\u00ae is an excellent solution. Turns you gently out of bed in less than one minute. No pain, more energy.\",\"breadcrumb\":{\"@id\":\"https:\/\/rotobed.com\/es\/bed-for-als-patient\/#breadcrumb\"},\"inLanguage\":\"en-GB\",\"potentialAction\":[{\"@type\":\"ReadAction\",\"target\":[\"https:\/\/rotobed.com\/es\/bed-for-als-patient\/\"]}]},{\"@type\":\"BreadcrumbList\",\"@id\":\"https:\/\/rotobed.com\/es\/bed-for-als-patient\/#breadcrumb\",\"itemListElement\":[{\"@type\":\"ListItem\",\"position\":1,\"name\":\"Hjem\",\"item\":\"https:\/\/rotobed.com\/es\/\"},{\"@type\":\"ListItem\",\"position\":2,\"name\":\"Jan R\u00f8nhoff SPA\"}]},{\"@type\":\"WebSite\",\"@id\":\"https:\/\/rotobed.com\/es\/#website\",\"url\":\"https:\/\/rotobed.com\/es\/\",\"name\":\"RotoBed\",\"description\":\"\",\"potentialAction\":[{\"@type\":\"SearchAction\",\"target\":{\"@type\":\"EntryPoint\",\"urlTemplate\":\"https:\/\/rotobed.com\/es\/?s={search_term_string}\"},\"query-input\":\"required name=search_term_string\"}],\"inLanguage\":\"en-GB\"}]}<\/script>\n<!-- \/ Yoast SEO plugin. -->","yoast_head_json":{"title":"Bed for ALS patient: RotoBed\u00ae helps you out of bed with no pain","description":"Looking for a bed for ALS patient? A rotating RotoBed\u00ae is an excellent solution. Turns you gently out of bed in less than one minute. No pain, more energy.","robots":{"index":"index","follow":"follow","max-snippet":"max-snippet:-1","max-image-preview":"max-image-preview:large","max-video-preview":"max-video-preview:-1"},"canonical":"https:\/\/rotobed.com\/es\/bed-for-als-patient\/","og_locale":"en_GB","og_type":"article","og_title":"Bed for ALS patient: RotoBed\u00ae helps you out of bed with no pain","og_description":"Looking for a bed for ALS patient? A rotating RotoBed\u00ae is an excellent solution. Turns you gently out of bed in less than one minute. No pain, more energy.","og_url":"https:\/\/rotobed.com\/es\/bed-for-als-patient\/","og_site_name":"RotoBed","article_modified_time":"2022-08-10T08:23:50+00:00","twitter_card":"summary_large_image","twitter_misc":{"Estimated reading time":"8 minutes"},"schema":{"@context":"https:\/\/schema.org","@graph":[{"@type":"WebPage","@id":"https:\/\/rotobed.com\/es\/bed-for-als-patient\/","url":"https:\/\/rotobed.com\/es\/bed-for-als-patient\/","name":"Bed for ALS patient: RotoBed\u00ae helps you out of bed with no pain","isPartOf":{"@id":"https:\/\/rotobed.com\/es\/#website"},"datePublished":"2016-01-30T10:47:27+00:00","dateModified":"2022-08-10T08:23:50+00:00","description":"Looking for a bed for ALS patient? A rotating RotoBed\u00ae is an excellent solution. Turns you gently out of bed in less than one minute. No pain, more energy.","breadcrumb":{"@id":"https:\/\/rotobed.com\/es\/bed-for-als-patient\/#breadcrumb"},"inLanguage":"en-GB","potentialAction":[{"@type":"ReadAction","target":["https:\/\/rotobed.com\/es\/bed-for-als-patient\/"]}]},{"@type":"BreadcrumbList","@id":"https:\/\/rotobed.com\/es\/bed-for-als-patient\/#breadcrumb","itemListElement":[{"@type":"ListItem","position":1,"name":"Hjem","item":"https:\/\/rotobed.com\/es\/"},{"@type":"ListItem","position":2,"name":"Jan R\u00f8nhoff SPA"}]},{"@type":"WebSite","@id":"https:\/\/rotobed.com\/es\/#website","url":"https:\/\/rotobed.com\/es\/","name":"RotoBed","description":"","potentialAction":[{"@type":"SearchAction","target":{"@type":"EntryPoint","urlTemplate":"https:\/\/rotobed.com\/es\/?s={search_term_string}"},"query-input":"required name=search_term_string"}],"inLanguage":"en-GB"}]}},"_links":{"self":[{"href":"https:\/\/rotobed.com\/es\/wp-json\/wp\/v2\/pages\/491"}],"collection":[{"href":"https:\/\/rotobed.com\/es\/wp-json\/wp\/v2\/pages"}],"about":[{"href":"https:\/\/rotobed.com\/es\/wp-json\/wp\/v2\/types\/page"}],"author":[{"embeddable":true,"href":"https:\/\/rotobed.com\/es\/wp-json\/wp\/v2\/users\/1"}],"replies":[{"embeddable":true,"href":"https:\/\/rotobed.com\/es\/wp-json\/wp\/v2\/comments?post=491"}],"version-history":[{"count":17,"href":"https:\/\/rotobed.com\/es\/wp-json\/wp\/v2\/pages\/491\/revisions"}],"predecessor-version":[{"id":8114,"href":"https:\/\/rotobed.com\/es\/wp-json\/wp\/v2\/pages\/491\/revisions\/8114"}],"wp:attachment":[{"href":"https:\/\/rotobed.com\/es\/wp-json\/wp\/v2\/media?parent=491"}],"curies":[{"name":"wp","href":"https:\/\/api.w.org\/{rel}","templated":true}]}}