{"id":494,"date":"2016-01-30T10:49:15","date_gmt":"2016-01-30T10:49:15","guid":{"rendered":"https:\/\/rotobed.com\/es\/?page_id=494"},"modified":"2022-08-10T07:28:29","modified_gmt":"2022-08-10T07:28:29","slug":"bed-for-cerebral-palsy","status":"publish","type":"page","link":"https:\/\/rotobed.com\/es\/bed-for-cerebral-palsy\/","title":{"rendered":"Peter Kristoffersen SPA"},"content":{"rendered":"<\/div><\/div><\/div><!-- close content main div --><\/div><\/div><div id='av-layout-grid-1' class='av-layout-grid-container entry-content-wrapper main_color av-flex-cells   av-border-cells container_wrap fullsize'   >\n<div class=\"flex_cell no_margin av_two_third   \" style='vertical-align:top; padding:30px; '><div class='flex_cell_inner' ><section class=\"av_textblock_section \"  itemscope=\"itemscope\" itemtype=\"https:\/\/schema.org\/CreativeWork\" ><div class='avia_textblock  '  style='font-size:15px; '  itemprop=\"text\" ><h1 style=\"text-align: center;\">Cama para par\u00e1lisis cerebral:<\/h1>\n<h1 style=\"text-align: center;\"><span style=\"color: #003366;\">Me voy a la cama cuando me apetece<\/span><\/h1>\n<\/div><\/section><br \/>\n<div style='height:20px' class='hr hr-invisible  '><span class='hr-inner ' ><span class='hr-inner-style'><\/span><\/span><\/div><br \/>\n<div class='avia-image-container  av-styling-    avia-align-center '  itemprop=\"ImageObject\" itemscope=\"itemscope\" itemtype=\"https:\/\/schema.org\/ImageObject\"  ><div class='avia-image-container-inner'><img class='avia_image ' src='https:\/\/rotobed.com\/es\/wp-content\/uploads\/2016\/11\/Peter-1030x687.jpg' alt='rotobed care bed cerebral palsy' title='Peter - cerebral palsy testimonial'   itemprop=\"thumbnailUrl\"  \/><\/div><\/div><br \/>\n<div style='height:20px' class='hr hr-invisible  '><span class='hr-inner ' ><span class='hr-inner-style'><\/span><\/span><\/div><br \/>\n<section class=\"av_textblock_section \"  itemscope=\"itemscope\" itemtype=\"https:\/\/schema.org\/CreativeWork\" ><div class='avia_textblock  '   itemprop=\"text\" ><h1><\/h1>\n<h3>Peter Kristoffersen, Dinamarca, 56 a\u00f1os. Peter naci\u00f3 esp\u00e1stico y vive en un hogar de ancianos. No pens\u00f3 que una RotoBed\u00ae ser\u00eda una buena cama para la par\u00e1lisis cerebral, pero cambi\u00f3 de opini\u00f3n.<\/h3>\n<p>Me voy a la cama cuando me apetece.<\/p>\n<p>Peter Kristoffersen, 56 a\u00f1os. Naci\u00f3 como un discapacitado motorizado. Vive en el centro de atenci\u00f3n de Munkehatten en Odense.<\/p>\n<p>Cuando me mud\u00e9 a Munkehatten el verano pasado, traje mi propia cama. Era una cama com\u00fan y corriente. No pod\u00eda levantarme sola, as\u00ed que tuve que esperar hasta que el personal tuviera tiempo de ayudarme. \u00a1Fue horrible! Me gusta levantarme temprano.<\/p>\n<p>Cuando el personal se ofreci\u00f3 a comprar una cama nueva, no estaba muy contento. Pero acept\u00e9 probarlo por un tiempo. Fue dif\u00edcil aprender a manejarlo, pero unos d\u00edas despu\u00e9s me levant\u00e9 solo. Cuando vinieron a sacarme de la cama, no pudieron encontrarme. Fue demasiado divertido.<\/p>\n<p><strong>Ya no tengo que esperar<\/strong><\/p>\n<p>Y ahora, apoyada en mi armario y en el marco de la puerta, puedo levantarme en mi ba\u00f1o sin ayuda. Me visto antes de pulsar el bot\u00f3n de llamada. Luego los cuidadores me traen mi silla de ruedas y voy a buscar mi tostada con mermelada.<\/p>\n<p>Estoy encantado con esta cama porque no tengo que esperar m\u00e1s. Por la noche, los cuidadores me preparan para la noche y luego me voy a la cama cuando me apetece.<\/p>\n<\/div><\/section><br \/>\n<div class='avia-button-wrap avia-button-center '><a href='https:\/\/rotobed.com\/es\/rotational-bed\/' class='avia-button avia-button-fullwidth   avia-icon_select-no avia-color-theme-color '  style='color:#ffffff; ' ><span class='avia_iconbox_title' >Vea lo que otros usuarios dicen sobre sus experiencias con RotoBed\u00ae<\/span><span class='avia_button_background avia-button avia-button-fullwidth avia-color-theme-color' ><\/span><\/a><\/div><\/p>\n<\/div><\/div><div class=\"flex_cell no_margin av_one_third   \" style='vertical-align:top; padding:30px; '><div class='flex_cell_inner' ><p><section class=\"av_textblock_section \"  itemscope=\"itemscope\" itemtype=\"https:\/\/schema.org\/CreativeWork\" ><div class='avia_textblock  '  style='font-size:22px; '  itemprop=\"text\" ><p><strong>\u00bfQu\u00e9 es la par\u00e1lisis cerebral y c\u00f3mo puede ayudar RotoBed\u00ae?<\/strong><\/p>\n<\/div><\/section><br \/>\n<div class='avia-image-container  av-styling-    avia-align-center '  itemprop=\"ImageObject\" itemscope=\"itemscope\" itemtype=\"https:\/\/schema.org\/ImageObject\"  ><div class='avia-image-container-inner'><img class='avia_image ' src='https:\/\/rotobed.com\/es\/wp-content\/uploads\/2022\/03\/Cerebral-spansk-ny.jpg' alt='' title='Cerebral spansk ny'   itemprop=\"thumbnailUrl\"  \/><\/div><\/div><br \/>\n<section class=\"av_textblock_section \"  itemscope=\"itemscope\" itemtype=\"https:\/\/schema.org\/CreativeWork\" ><div class='avia_textblock  '   itemprop=\"text\" ><p>En el pasado se llamaba &#8216;par\u00e1lisis esp\u00e1stica&#8217; y &#8216;espasticers&#8217;. Hoy en d\u00eda se utiliza m\u00e1s com\u00fanmente el t\u00e9rmino par\u00e1lisis cerebral (PC).<\/p>\n<p>La definici\u00f3n cient\u00edfica de la par\u00e1lisis cerebral describe esta discapacidad como \u00abun grupo de trastornos permanentes del desarrollo del movimiento y de la postura, que causan limitaciones en la actividad y que se atribuyen a alteraciones no progresivas ocurridas en el desarrollo cerebral del feto o de la primera infancia.<\/p>\n<p>La par\u00e1lisis cerebral es una discapacidad de por vida y la causa m\u00e1s com\u00fan de problemas de movilidad en ni\u00f1os y adolescentes.<\/p>\n<p>La par\u00e1lisis cerebral es causada por una lesi\u00f3n en el cerebro que ocurre en el \u00fatero, durante el parto o en el reci\u00e9n nacido. Seg\u00fan las \u00e1reas del cerebro afectadas, causa dificultad para moverse, usar las manos y los brazos, comer o hablar. Con el tiempo, puede haber desalineaciones de las articulaciones y los huesos debido a la rigidez y el desequilibrio de los m\u00fasculos.<\/p>\n<p>Entre los s\u00edntomas est\u00e1n:<\/p>\n<ul>\n<li>Rigidez muscular<\/li>\n<li>Espasmos musculares<\/li>\n<li>Fatiga muscular<\/li>\n<li>Deformidades musculares y articulares<\/li>\n<\/ul>\n<p><strong>\u00bfBuscas una cama para par\u00e1lisis cerebral?<\/strong><\/p>\n<p>Levantarse de la cama sin ayuda requiere la cooperaci\u00f3n de varios grupos musculares. Este movimiento puede ser extenuante, doloroso o incluso imposible para las personas con par\u00e1lisis cerebral. Con una cama RotoBed\u00ae, solo requiere presionar un bot\u00f3n: la cama hace el resto. En menos de un minuto, el usuario se levanta suavemente de la cama sin dolor y sin tener que esperar ayuda.<\/p>\n<p>Si desea obtener m\u00e1s informaci\u00f3n sobre la par\u00e1lisis cerebral, puede visitar la fundaci\u00f3n <a href=\"https:\/\/aspacezaragoza.org\/\">ASPACE Zaragoza<\/a>.<\/p>\n<\/div><\/section><\/p>\n<\/div><\/div><\/div><div style='height:20px' class='hr hr-invisible  '><span class='hr-inner ' ><span class='hr-inner-style'><\/span><\/span><\/div><\/p>\n<div class=\"flex_column av_one_third  flex_column_div av-zero-column-padding first  \" style='border-radius:0px; '><p><div class='avia-image-container  av-styling-    avia-align-center '  itemprop=\"ImageObject\" itemscope=\"itemscope\" itemtype=\"https:\/\/schema.org\/ImageObject\"  ><div class='avia-image-container-inner'><a href='https:\/\/rotobed.com\/es\/kristina-sangvita-en\/' class='avia_image'  ><img class='avia_image ' src='https:\/\/rotobed.com\/es\/wp-content\/uploads\/2016\/10\/Kristina-300x200.jpg' alt='rotational bed testimony' title='Kristina&#039;s rotational bed'  itemprop=\"thumbnailUrl\"  \/><\/a><\/div><\/div><br \/>\n<section class=\"av_textblock_section \"  itemscope=\"itemscope\" itemtype=\"https:\/\/schema.org\/CreativeWork\" ><div class='avia_textblock  '  style='font-size:24px; '  itemprop=\"text\" ><p style=\"text-align: center;\"><a href=\"https:\/\/rotobed.com\/es\/kristina-sangvita-en\/\">De repente pude sentir mis piernas<\/a><\/p>\n<\/div><\/section><\/p><\/div>\n<div class=\"flex_column av_one_third  flex_column_div av-zero-column-padding   \" style='border-radius:0px; '><p><div class='avia-image-container  av-styling-    avia-align-center '  itemprop=\"ImageObject\" itemscope=\"itemscope\" itemtype=\"https:\/\/schema.org\/ImageObject\"  ><div class='avia-image-container-inner'><a href='https:\/\/rotobed.com\/es\/bed-for-ms\/' class='avia_image'  ><img class='avia_image ' src='https:\/\/rotobed.com\/es\/wp-content\/uploads\/2016\/10\/Helle-Pedersen-300x200.jpg' alt='Sclerosis rotobed rotating bed nursing bed' title='Sclerosis and a RotoBed\u00ae'  itemprop=\"thumbnailUrl\"  \/><\/a><\/div><\/div><br \/>\n<section class=\"av_textblock_section \"  itemscope=\"itemscope\" itemtype=\"https:\/\/schema.org\/CreativeWork\" ><div class='avia_textblock  '  style='font-size:24px; '  itemprop=\"text\" ><p style=\"text-align: center;\"><a href=\"https:\/\/rotobed.com\/es\/bed-for-ms\/\">Para m\u00ed, esta cama significa libertad<\/a><\/p>\n<\/div><\/section><\/p><\/div><div class=\"flex_column av_one_third  flex_column_div av-zero-column-padding   \" style='border-radius:0px; '><p><div class='avia-image-container  av-styling-    avia-align-center '  itemprop=\"ImageObject\" itemscope=\"itemscope\" itemtype=\"https:\/\/schema.org\/ImageObject\"  ><div class='avia-image-container-inner'><a href='https:\/\/rotobed.com\/es\/jack-joensson-2\/' class='avia_image'  ><img class='avia_image ' src='https:\/\/rotobed.com\/es\/wp-content\/uploads\/2015\/09\/Jack-300x200.jpg' alt='care bed pain' title='Jack&#039;s testimonial'  itemprop=\"thumbnailUrl\"  \/><\/a><\/div><\/div><br \/>\n<section class=\"av_textblock_section \"  itemscope=\"itemscope\" itemtype=\"https:\/\/schema.org\/CreativeWork\" ><div class='avia_textblock  '  style='font-size:24px; '  itemprop=\"text\" ><p style=\"text-align: center;\"><a href=\"https:\/\/rotobed.com\/es\/jack-joensson-2\/\">Ahora me levanto sin dolor<\/a><\/p>\n<\/div><\/section><\/p><\/div><\/p>\n","protected":false},"excerpt":{"rendered":"","protected":false},"author":1,"featured_media":0,"parent":0,"menu_order":0,"comment_status":"closed","ping_status":"closed","template":"","meta":{"footnotes":""},"yoast_head":"<!-- This site is optimized with the Yoast SEO plugin v21.7 - https:\/\/yoast.com\/wordpress\/plugins\/seo\/ -->\n<title>Bed for cerebral palsy: with a RotoBed\u00ae life will be so much easier<\/title>\n<meta name=\"description\" content=\"A RotoBed\u00ae does all the muscles&#039; work when it gently rotates you out of bed in less than a minute. That is why it is a perfect bed for cerebral palsy!\" \/>\n<meta name=\"robots\" content=\"index, follow, max-snippet:-1, max-image-preview:large, max-video-preview:-1\" \/>\n<link rel=\"canonical\" href=\"https:\/\/rotobed.com\/es\/bed-for-cerebral-palsy\/\" \/>\n<meta property=\"og:locale\" content=\"en_GB\" \/>\n<meta property=\"og:type\" content=\"article\" \/>\n<meta property=\"og:title\" content=\"Bed for cerebral palsy: with a RotoBed\u00ae life will be so much easier\" \/>\n<meta property=\"og:description\" content=\"A RotoBed\u00ae does all the muscles&#039; work when it gently rotates you out of bed in less than a minute. That is why it is a perfect bed for cerebral palsy!\" \/>\n<meta property=\"og:url\" content=\"https:\/\/rotobed.com\/es\/bed-for-cerebral-palsy\/\" \/>\n<meta property=\"og:site_name\" content=\"RotoBed\" \/>\n<meta property=\"article:modified_time\" content=\"2022-08-10T07:28:29+00:00\" \/>\n<meta name=\"twitter:card\" content=\"summary_large_image\" \/>\n<meta name=\"twitter:label1\" content=\"Estimated reading time\" \/>\n\t<meta name=\"twitter:data1\" content=\"7 minutes\" \/>\n<script type=\"application\/ld+json\" class=\"yoast-schema-graph\">{\"@context\":\"https:\/\/schema.org\",\"@graph\":[{\"@type\":\"WebPage\",\"@id\":\"https:\/\/rotobed.com\/es\/bed-for-cerebral-palsy\/\",\"url\":\"https:\/\/rotobed.com\/es\/bed-for-cerebral-palsy\/\",\"name\":\"Bed for cerebral palsy: with a RotoBed\u00ae life will be so much easier\",\"isPartOf\":{\"@id\":\"https:\/\/rotobed.com\/es\/#website\"},\"datePublished\":\"2016-01-30T10:49:15+00:00\",\"dateModified\":\"2022-08-10T07:28:29+00:00\",\"description\":\"A RotoBed\u00ae does all the muscles' work when it gently rotates you out of bed in less than a minute. That is why it is a perfect bed for cerebral palsy!\",\"breadcrumb\":{\"@id\":\"https:\/\/rotobed.com\/es\/bed-for-cerebral-palsy\/#breadcrumb\"},\"inLanguage\":\"en-GB\",\"potentialAction\":[{\"@type\":\"ReadAction\",\"target\":[\"https:\/\/rotobed.com\/es\/bed-for-cerebral-palsy\/\"]}]},{\"@type\":\"BreadcrumbList\",\"@id\":\"https:\/\/rotobed.com\/es\/bed-for-cerebral-palsy\/#breadcrumb\",\"itemListElement\":[{\"@type\":\"ListItem\",\"position\":1,\"name\":\"Hjem\",\"item\":\"https:\/\/rotobed.com\/es\/\"},{\"@type\":\"ListItem\",\"position\":2,\"name\":\"Peter Kristoffersen SPA\"}]},{\"@type\":\"WebSite\",\"@id\":\"https:\/\/rotobed.com\/es\/#website\",\"url\":\"https:\/\/rotobed.com\/es\/\",\"name\":\"RotoBed\",\"description\":\"\",\"potentialAction\":[{\"@type\":\"SearchAction\",\"target\":{\"@type\":\"EntryPoint\",\"urlTemplate\":\"https:\/\/rotobed.com\/es\/?s={search_term_string}\"},\"query-input\":\"required name=search_term_string\"}],\"inLanguage\":\"en-GB\"}]}<\/script>\n<!-- \/ Yoast SEO plugin. -->","yoast_head_json":{"title":"Bed for cerebral palsy: with a RotoBed\u00ae life will be so much easier","description":"A RotoBed\u00ae does all the muscles' work when it gently rotates you out of bed in less than a minute. That is why it is a perfect bed for cerebral palsy!","robots":{"index":"index","follow":"follow","max-snippet":"max-snippet:-1","max-image-preview":"max-image-preview:large","max-video-preview":"max-video-preview:-1"},"canonical":"https:\/\/rotobed.com\/es\/bed-for-cerebral-palsy\/","og_locale":"en_GB","og_type":"article","og_title":"Bed for cerebral palsy: with a RotoBed\u00ae life will be so much easier","og_description":"A RotoBed\u00ae does all the muscles' work when it gently rotates you out of bed in less than a minute. That is why it is a perfect bed for cerebral palsy!","og_url":"https:\/\/rotobed.com\/es\/bed-for-cerebral-palsy\/","og_site_name":"RotoBed","article_modified_time":"2022-08-10T07:28:29+00:00","twitter_card":"summary_large_image","twitter_misc":{"Estimated reading time":"7 minutes"},"schema":{"@context":"https:\/\/schema.org","@graph":[{"@type":"WebPage","@id":"https:\/\/rotobed.com\/es\/bed-for-cerebral-palsy\/","url":"https:\/\/rotobed.com\/es\/bed-for-cerebral-palsy\/","name":"Bed for cerebral palsy: with a RotoBed\u00ae life will be so much easier","isPartOf":{"@id":"https:\/\/rotobed.com\/es\/#website"},"datePublished":"2016-01-30T10:49:15+00:00","dateModified":"2022-08-10T07:28:29+00:00","description":"A RotoBed\u00ae does all the muscles' work when it gently rotates you out of bed in less than a minute. That is why it is a perfect bed for cerebral palsy!","breadcrumb":{"@id":"https:\/\/rotobed.com\/es\/bed-for-cerebral-palsy\/#breadcrumb"},"inLanguage":"en-GB","potentialAction":[{"@type":"ReadAction","target":["https:\/\/rotobed.com\/es\/bed-for-cerebral-palsy\/"]}]},{"@type":"BreadcrumbList","@id":"https:\/\/rotobed.com\/es\/bed-for-cerebral-palsy\/#breadcrumb","itemListElement":[{"@type":"ListItem","position":1,"name":"Hjem","item":"https:\/\/rotobed.com\/es\/"},{"@type":"ListItem","position":2,"name":"Peter Kristoffersen SPA"}]},{"@type":"WebSite","@id":"https:\/\/rotobed.com\/es\/#website","url":"https:\/\/rotobed.com\/es\/","name":"RotoBed","description":"","potentialAction":[{"@type":"SearchAction","target":{"@type":"EntryPoint","urlTemplate":"https:\/\/rotobed.com\/es\/?s={search_term_string}"},"query-input":"required name=search_term_string"}],"inLanguage":"en-GB"}]}},"_links":{"self":[{"href":"https:\/\/rotobed.com\/es\/wp-json\/wp\/v2\/pages\/494"}],"collection":[{"href":"https:\/\/rotobed.com\/es\/wp-json\/wp\/v2\/pages"}],"about":[{"href":"https:\/\/rotobed.com\/es\/wp-json\/wp\/v2\/types\/page"}],"author":[{"embeddable":true,"href":"https:\/\/rotobed.com\/es\/wp-json\/wp\/v2\/users\/1"}],"replies":[{"embeddable":true,"href":"https:\/\/rotobed.com\/es\/wp-json\/wp\/v2\/comments?post=494"}],"version-history":[{"count":24,"href":"https:\/\/rotobed.com\/es\/wp-json\/wp\/v2\/pages\/494\/revisions"}],"predecessor-version":[{"id":8111,"href":"https:\/\/rotobed.com\/es\/wp-json\/wp\/v2\/pages\/494\/revisions\/8111"}],"wp:attachment":[{"href":"https:\/\/rotobed.com\/es\/wp-json\/wp\/v2\/media?parent=494"}],"curies":[{"name":"wp","href":"https:\/\/api.w.org\/{rel}","templated":true}]}}