{"id":497,"date":"2016-01-30T10:50:42","date_gmt":"2016-01-30T10:50:42","guid":{"rendered":"https:\/\/rotobed.com\/es\/?page_id=497"},"modified":"2022-06-16T10:23:00","modified_gmt":"2022-06-16T10:23:00","slug":"bed-for-parkinson","status":"publish","type":"page","link":"https:\/\/rotobed.com\/es\/bed-for-parkinson\/","title":{"rendered":"Bonnich Petersen SPA"},"content":{"rendered":"<\/div><\/div><\/div><!-- close content main div --><\/div><\/div><div id='av-layout-grid-1' class='av-layout-grid-container entry-content-wrapper main_color av-flex-cells   av-border-cells container_wrap fullsize'   >\n<div class=\"flex_cell no_margin av_two_third   \" style='vertical-align:top; padding:30px; '><div class='flex_cell_inner' ><section class=\"av_textblock_section \"  itemscope=\"itemscope\" itemtype=\"https:\/\/schema.org\/CreativeWork\" ><div class='avia_textblock  '   itemprop=\"text\" ><h1 style=\"text-align: center;\">Es un gran alivio, tambi\u00e9n para mi esposa<\/h1>\n<\/div><\/section><br \/>\n<div style='height:20px' class='hr hr-invisible  '><span class='hr-inner ' ><span class='hr-inner-style'><\/span><\/span><\/div><br \/>\n<div class='avia-image-container  av-styling-    avia-align-center '  itemprop=\"ImageObject\" itemscope=\"itemscope\" itemtype=\"https:\/\/schema.org\/ImageObject\"  ><div class='avia-image-container-inner'><img class='avia_image ' src='https:\/\/rotobed.com\/es\/wp-content\/uploads\/2016\/02\/Bonnich-1030x687.jpg' alt='RotoBed Parkinson' title='Bonnich Petersen suffers from Parkinsons'   itemprop=\"thumbnailUrl\"  \/><\/div><\/div><br \/>\n<div style='height:20px' class='hr hr-invisible  '><span class='hr-inner ' ><span class='hr-inner-style'><\/span><\/span><\/div><br \/>\n<section class=\"av_textblock_section \"  itemscope=\"itemscope\" itemtype=\"https:\/\/schema.org\/CreativeWork\" ><div class='avia_textblock  '   itemprop=\"text\" ><h3>Bonnich Petersen, Dinamarca, 77 a\u00f1os, es un panadero jubilado. Tiene la enfermedad de Parkinson y artritis. Ha tenido un RotoBed\u00ae durante 15 meses.<\/h3>\n<p>He tenido la enfermedad de Parkinson durante 12 a\u00f1os, pero ha empeorado en los \u00faltimos a\u00f1os. Tengo dificultades para caminar, mi cuerpo es doloroso y ya no me obedece.<\/p>\n<p>Siempre tuve una cama normal a la que pod\u00edas subir, pero \u00e9sta es mucho mejor. Puedo conducirlo con gran precisi\u00f3n, un poco hacia adelante y un poco hacia atr\u00e1s hasta que est\u00e9 en la posici\u00f3n ideal.<\/p>\n<p>Sol\u00eda ser un gran dolor meterse en la cama y ten\u00eda que despertar a mi esposa todas las noches, que ten\u00eda que ayudarme a ir al ba\u00f1o.<\/p>\n<p><strong>La cama perfecta para Parkinson<\/strong><\/p>\n<p>Desde que tengo el RotoBed\u00ae, ya no he despertado a mi esposa. Es un verdadero alivio para los dos. Es muy satisfactorio para m\u00ed estar sola y no tener que pedir ayuda todo el tiempo. Mi peque\u00f1a siesta diaria tampoco es un problema. Me voy a la cama solo y luego me levanto solo. As\u00ed que mi esposa puede salir de la casa durante el d\u00eda a cualquier hora.<\/p>\n<\/div><\/section><br \/>\n<div style=' margin-top:10px; margin-bottom:10px;'  class='hr hr-custom hr-center hr-icon-no  '><span class='hr-inner   inner-border-av-border-thin' style=' width:100%;' ><span class='hr-inner-style'><\/span><\/span><\/div><br \/>\n<div class=\"flex_column av_one_half  flex_column_div av-zero-column-padding first  \" style='border-radius:0px; '><section class=\"av_textblock_section \"  itemscope=\"itemscope\" itemtype=\"https:\/\/schema.org\/CreativeWork\" ><div class='avia_textblock  '  style='font-size:16px; '  itemprop=\"text\" ><h3>\u00bfQui\u00e9n m\u00e1s puede beneficiarse de una cama RotoBed\u00ae?<\/h3>\n<p><a href=\"https:\/\/rotobed.com\/es\/testimonios\/\">Mira lo que dicen otros usuarios y familiares sobre sus experiencias con nuestra cama giratoria.<\/a><\/p>\n<\/div><\/section><br \/>\n<div style='height:20px' class='hr hr-invisible  '><span class='hr-inner ' ><span class='hr-inner-style'><\/span><\/span><\/div><br \/>\n<div class='avia-button-wrap avia-button-left '><a href='https:\/\/rotobed.com\/es\/testimonios\/' class='avia-button   avia-icon_select-no avia-color-theme-color avia-size-x-large avia-position-left '   ><span class='avia_iconbox_title' >Mu\u00e9strame todos los testimonios de RotoBed\u00ae<\/span><\/a><\/div><\/p><\/div><div class=\"flex_column av_one_half  flex_column_div av-zero-column-padding   \" style='border-radius:0px; '><div class='avia-image-container  av-styling-    avia-align-center '  itemprop=\"ImageObject\" itemscope=\"itemscope\" itemtype=\"https:\/\/schema.org\/ImageObject\"  ><div class='avia-image-container-inner'><a href='https:\/\/rotobed.com\/es\/testimonios\/' class='avia_image'  ><img class='avia_image ' src='https:\/\/rotobed.com\/es\/wp-content\/uploads\/2020\/11\/Hans-04-\u00a9-Jonas-Fotografi-1030x687.jpg' alt='rotation bed user testemony' title='Hans Villadsen has a RotoBed\u00ae'  itemprop=\"thumbnailUrl\"  \/><\/a><\/div><\/div><\/div><\/p>\n<\/div><\/div><div class=\"flex_cell no_margin av_one_third   \" style='vertical-align:top; padding:30px; '><div class='flex_cell_inner' ><p><div class='avia-image-container  av-styling-    avia-align-center '  itemprop=\"ImageObject\" itemscope=\"itemscope\" itemtype=\"https:\/\/schema.org\/ImageObject\"  ><div class='avia-image-container-inner'><img class='avia_image ' src='https:\/\/rotobed.com\/es\/wp-content\/uploads\/2020\/11\/hjerne-2.png' alt='bed for parkinson psp' title='RotoBed Parkinson'   itemprop=\"thumbnailUrl\"  \/><\/div><\/div><br \/>\n<section class=\"av_textblock_section \"  itemscope=\"itemscope\" itemtype=\"https:\/\/schema.org\/CreativeWork\" ><div class='avia_textblock  '   itemprop=\"text\" ><h2>\u00bfBuscas una cama para Parkinson?<\/h2>\n<p>La enfermedad de Parkinson (EP) es un trastorno neurodegenerativo que afecta predominantemente a las neuronas productoras de dopamina (&#8220;dopamin\u00e9rgicas&#8221;) en un \u00e1rea espec\u00edfica del cerebro llamada sustancia negra.<\/p>\n<p>La enfermedad de Parkinson, que afecta a casi un mill\u00f3n de estadounidenses y 10 millones en todo el mundo, es la segunda enfermedad neurodegenerativa m\u00e1s com\u00fan despu\u00e9s de la enfermedad de Alzheimer en los Estados Unidos.<\/p>\n<p>Cada a\u00f1o se diagnostican 60 000 nuevos casos solo en los Estados Unidos, y nuevos estudios muestran que se estima que 1,2 millones de personas en los Estados Unidos vivir\u00e1n con la enfermedad de Parkinson para 2030.<\/p>\n<p>Los s\u00edntomas generalmente se desarrollan lentamente durante a\u00f1os. La progresi\u00f3n de los s\u00edntomas suele ser un poco diferente de una persona a otra debido a la diversidad de la enfermedad. Las personas con EP pueden experimentar:<\/p>\n<ul>\n<li>Temblor, principalmente en reposo y descrito como temblor de rodadura de pastillas en las manos. Son posibles otras formas de temblor.<\/li>\n<li>Bradicinesia (lentitud de movimiento)<\/li>\n<li>Rigidez de las extremidades<\/li>\n<li>Problemas de marcha y equilibrio<\/li>\n<\/ul>\n<p>Todos estos s\u00edntomas pueden hacer que sea dif\u00edcil, doloroso o incluso imposible levantarse de la cama sin ayuda. RotoBed\u00ae tiene buenas experiencias con usuarios que padecen Parkinson. Gracias al mecanismo de rotaci\u00f3n, el usuario (o un familiar\/cuidador) solo necesita presionar un bot\u00f3n y la cama gira suavemente al usuario hasta una posici\u00f3n de salida sentada.<\/p>\n<p>Si desea saber m\u00e1s sobre nuestra cama \u00fatil, cont\u00e1ctenos en <a href=\"mailto:info@rotobed.com\">info@rotobed.com<\/a>.<\/p>\n<p>Si desea obtener m\u00e1s informaci\u00f3n sobre la enfermedad de Parkinson, puede visitar <a href=\"http:\/\/www.parkinson.org\">www.parkinson.org<\/a>.<\/p>\n<\/div><\/section><br \/>\n<div style='height:50px' class='hr hr-invisible  '><span class='hr-inner ' ><span class='hr-inner-style'><\/span><\/span><\/div><\/p>\n<\/div><\/div><\/div>\n","protected":false},"excerpt":{"rendered":"","protected":false},"author":1,"featured_media":0,"parent":0,"menu_order":0,"comment_status":"closed","ping_status":"closed","template":"","meta":{"footnotes":""},"yoast_head":"<!-- This site is optimized with the Yoast SEO plugin v21.7 - https:\/\/yoast.com\/wordpress\/plugins\/seo\/ -->\n<title>Bed for parkinson: RotoBed offers mobility, dignity and freedom<\/title>\n<meta name=\"description\" content=\"Perfect bed for parkinson patients:The awardwinning RotoBed will give you more mobility and less pain. In less than a minute it will rotate you out of bed.\" \/>\n<meta name=\"robots\" content=\"index, follow, max-snippet:-1, max-image-preview:large, max-video-preview:-1\" \/>\n<link rel=\"canonical\" href=\"https:\/\/rotobed.com\/es\/bed-for-parkinson\/\" \/>\n<meta property=\"og:locale\" content=\"en_GB\" \/>\n<meta property=\"og:type\" content=\"article\" \/>\n<meta property=\"og:title\" content=\"Bed for parkinson: RotoBed offers mobility, dignity and freedom\" \/>\n<meta property=\"og:description\" content=\"Perfect bed for parkinson patients:The awardwinning RotoBed will give you more mobility and less pain. In less than a minute it will rotate you out of bed.\" \/>\n<meta property=\"og:url\" content=\"https:\/\/rotobed.com\/es\/bed-for-parkinson\/\" \/>\n<meta property=\"og:site_name\" content=\"RotoBed\" \/>\n<meta property=\"article:modified_time\" content=\"2022-06-16T10:23:00+00:00\" \/>\n<meta name=\"twitter:card\" content=\"summary_large_image\" \/>\n<meta name=\"twitter:label1\" content=\"Estimated reading time\" \/>\n\t<meta name=\"twitter:data1\" content=\"6 minutes\" \/>\n<script type=\"application\/ld+json\" class=\"yoast-schema-graph\">{\"@context\":\"https:\/\/schema.org\",\"@graph\":[{\"@type\":\"WebPage\",\"@id\":\"https:\/\/rotobed.com\/es\/bed-for-parkinson\/\",\"url\":\"https:\/\/rotobed.com\/es\/bed-for-parkinson\/\",\"name\":\"Bed for parkinson: RotoBed offers mobility, dignity and freedom\",\"isPartOf\":{\"@id\":\"https:\/\/rotobed.com\/es\/#website\"},\"datePublished\":\"2016-01-30T10:50:42+00:00\",\"dateModified\":\"2022-06-16T10:23:00+00:00\",\"description\":\"Perfect bed for parkinson patients:The awardwinning RotoBed will give you more mobility and less pain. In less than a minute it will rotate you out of bed.\",\"breadcrumb\":{\"@id\":\"https:\/\/rotobed.com\/es\/bed-for-parkinson\/#breadcrumb\"},\"inLanguage\":\"en-GB\",\"potentialAction\":[{\"@type\":\"ReadAction\",\"target\":[\"https:\/\/rotobed.com\/es\/bed-for-parkinson\/\"]}]},{\"@type\":\"BreadcrumbList\",\"@id\":\"https:\/\/rotobed.com\/es\/bed-for-parkinson\/#breadcrumb\",\"itemListElement\":[{\"@type\":\"ListItem\",\"position\":1,\"name\":\"Hjem\",\"item\":\"https:\/\/rotobed.com\/es\/\"},{\"@type\":\"ListItem\",\"position\":2,\"name\":\"Bonnich Petersen SPA\"}]},{\"@type\":\"WebSite\",\"@id\":\"https:\/\/rotobed.com\/es\/#website\",\"url\":\"https:\/\/rotobed.com\/es\/\",\"name\":\"RotoBed\",\"description\":\"\",\"potentialAction\":[{\"@type\":\"SearchAction\",\"target\":{\"@type\":\"EntryPoint\",\"urlTemplate\":\"https:\/\/rotobed.com\/es\/?s={search_term_string}\"},\"query-input\":\"required name=search_term_string\"}],\"inLanguage\":\"en-GB\"}]}<\/script>\n<!-- \/ Yoast SEO plugin. -->","yoast_head_json":{"title":"Bed for parkinson: RotoBed offers mobility, dignity and freedom","description":"Perfect bed for parkinson patients:The awardwinning RotoBed will give you more mobility and less pain. In less than a minute it will rotate you out of bed.","robots":{"index":"index","follow":"follow","max-snippet":"max-snippet:-1","max-image-preview":"max-image-preview:large","max-video-preview":"max-video-preview:-1"},"canonical":"https:\/\/rotobed.com\/es\/bed-for-parkinson\/","og_locale":"en_GB","og_type":"article","og_title":"Bed for parkinson: RotoBed offers mobility, dignity and freedom","og_description":"Perfect bed for parkinson patients:The awardwinning RotoBed will give you more mobility and less pain. In less than a minute it will rotate you out of bed.","og_url":"https:\/\/rotobed.com\/es\/bed-for-parkinson\/","og_site_name":"RotoBed","article_modified_time":"2022-06-16T10:23:00+00:00","twitter_card":"summary_large_image","twitter_misc":{"Estimated reading time":"6 minutes"},"schema":{"@context":"https:\/\/schema.org","@graph":[{"@type":"WebPage","@id":"https:\/\/rotobed.com\/es\/bed-for-parkinson\/","url":"https:\/\/rotobed.com\/es\/bed-for-parkinson\/","name":"Bed for parkinson: RotoBed offers mobility, dignity and freedom","isPartOf":{"@id":"https:\/\/rotobed.com\/es\/#website"},"datePublished":"2016-01-30T10:50:42+00:00","dateModified":"2022-06-16T10:23:00+00:00","description":"Perfect bed for parkinson patients:The awardwinning RotoBed will give you more mobility and less pain. In less than a minute it will rotate you out of bed.","breadcrumb":{"@id":"https:\/\/rotobed.com\/es\/bed-for-parkinson\/#breadcrumb"},"inLanguage":"en-GB","potentialAction":[{"@type":"ReadAction","target":["https:\/\/rotobed.com\/es\/bed-for-parkinson\/"]}]},{"@type":"BreadcrumbList","@id":"https:\/\/rotobed.com\/es\/bed-for-parkinson\/#breadcrumb","itemListElement":[{"@type":"ListItem","position":1,"name":"Hjem","item":"https:\/\/rotobed.com\/es\/"},{"@type":"ListItem","position":2,"name":"Bonnich Petersen SPA"}]},{"@type":"WebSite","@id":"https:\/\/rotobed.com\/es\/#website","url":"https:\/\/rotobed.com\/es\/","name":"RotoBed","description":"","potentialAction":[{"@type":"SearchAction","target":{"@type":"EntryPoint","urlTemplate":"https:\/\/rotobed.com\/es\/?s={search_term_string}"},"query-input":"required name=search_term_string"}],"inLanguage":"en-GB"}]}},"_links":{"self":[{"href":"https:\/\/rotobed.com\/es\/wp-json\/wp\/v2\/pages\/497"}],"collection":[{"href":"https:\/\/rotobed.com\/es\/wp-json\/wp\/v2\/pages"}],"about":[{"href":"https:\/\/rotobed.com\/es\/wp-json\/wp\/v2\/types\/page"}],"author":[{"embeddable":true,"href":"https:\/\/rotobed.com\/es\/wp-json\/wp\/v2\/users\/1"}],"replies":[{"embeddable":true,"href":"https:\/\/rotobed.com\/es\/wp-json\/wp\/v2\/comments?post=497"}],"version-history":[{"count":21,"href":"https:\/\/rotobed.com\/es\/wp-json\/wp\/v2\/pages\/497\/revisions"}],"predecessor-version":[{"id":8173,"href":"https:\/\/rotobed.com\/es\/wp-json\/wp\/v2\/pages\/497\/revisions\/8173"}],"wp:attachment":[{"href":"https:\/\/rotobed.com\/es\/wp-json\/wp\/v2\/media?parent=497"}],"curies":[{"name":"wp","href":"https:\/\/api.w.org\/{rel}","templated":true}]}}