{"id":501,"date":"2016-01-30T10:52:47","date_gmt":"2016-01-30T10:52:47","guid":{"rendered":"https:\/\/rotobed.com\/es\/?page_id=501"},"modified":"2022-08-10T11:50:46","modified_gmt":"2022-08-10T11:50:46","slug":"lymphedema","status":"publish","type":"page","link":"https:\/\/rotobed.com\/es\/lymphedema\/","title":{"rendered":"Esther Soegaard SPA"},"content":{"rendered":"<\/div><\/div><\/div><!-- close content main div --><\/div><\/div><div id='av-layout-grid-1' class='av-layout-grid-container entry-content-wrapper main_color av-flex-cells   av-border-cells container_wrap fullsize'   >\n<div class=\"flex_cell no_margin av_two_third   \" style='vertical-align:top; padding:30px; '><div class='flex_cell_inner' ><section class=\"av_textblock_section \"  itemscope=\"itemscope\" itemtype=\"https:\/\/schema.org\/CreativeWork\" ><div class='avia_textblock  '  style='font-size:40px; '  itemprop=\"text\" ><h1 style=\"text-align: center;\"><span style=\"color: #2a0a66;\">Rodillas enormes por linfedema:<\/span><\/h1>\n<h1 style=\"text-align: center;\"><strong>Ahora tengo mi vida de vuelta<\/strong><\/h1>\n<\/div><\/section><br \/>\n<div style='height:30px' class='hr hr-invisible  '><span class='hr-inner ' ><span class='hr-inner-style'><\/span><\/span><\/div><br \/>\n<div class='avia-image-container  av-styling-    avia-align-center '  itemprop=\"ImageObject\" itemscope=\"itemscope\" itemtype=\"https:\/\/schema.org\/ImageObject\"  ><div class='avia-image-container-inner'><img class='avia_image ' src='https:\/\/rotobed.com\/es\/wp-content\/uploads\/2015\/09\/Ester-1-1030x687.jpg' alt='lymphedema RotoBed' title='Esthers testimonial'   itemprop=\"thumbnailUrl\"  \/><\/div><\/div><br \/>\n<div style='height:20px' class='hr hr-invisible  '><span class='hr-inner ' ><span class='hr-inner-style'><\/span><\/span><\/div><br \/>\n<section class=\"av_textblock_section \"  itemscope=\"itemscope\" itemtype=\"https:\/\/schema.org\/CreativeWork\" ><div class='avia_textblock  '   itemprop=\"text\" ><h3>Linfedema: Esther Soegaard tiene 77 a\u00f1os. Ella sufre de linfedema y no puede levantar sus propias piernas. Esther consigui\u00f3 una cama RotoBed\u00ae hace tres a\u00f1os.<\/h3>\n<p>Debido al linfedema, mis piernas est\u00e1n tan hinchadas que el per\u00edmetro de mi rodilla es de 92 cent\u00edmetros y no puedo levantar las piernas en la cama por m\u00ed mismo.<\/p>\n<p>Durante muchos a\u00f1os, mi vida estuvo controlada por el horario de los cuidadores. Antes de que me aprobaran para una cama RotoBed\u00ae, recib\u00eda ayuda de los cuidadores en mi hogar hasta seis veces al d\u00eda. Su horario dec\u00eda que llegar\u00edan a las 12:30 para ayudarme a acostarme a dormir la siesta, lo que significaba que ten\u00eda que terminar el almuerzo antes de eso.<\/p>\n<p>Por la noche, me acostaban entre las 21:30 y las 22:30 seg\u00fan conven\u00eda al programa municipal. Era frustrante no poder acostarme cuando quer\u00eda y peor a\u00fan si ten\u00eda invitados. Tendr\u00edan que salir de la casa antes de que llegaran los ayudantes sin importar si la est\u00e1bamos pasando bien y yo podr\u00eda estar en medio de un juego de cartas con una buena mano. Cuando ten\u00eda mi ba\u00f1o nocturno, a menudo me sentaba y esperaba que los ayudantes vinieran y me llevaran de vuelta a la cama. Esto result\u00f3 en una calidad de sue\u00f1o realmente pobre.<\/p>\n<p>Cuando obtuve la RotoBed\u00ae completamente autom\u00e1tica, de repente pod\u00eda meterme en la cama sin ayuda. Dej\u00e9 de dormir la siesta todos los d\u00edas porque dorm\u00eda mucho mejor por la noche y la asistencia de los cuidadores se ha reducido a dos veces al d\u00eda. Ahora como cuando tengo hambre y no porque pronto lleguen los cuidadores.<\/p>\n<p>La RotoBed\u00ae me ha dado una gran calidad de vida. Yo, no el horario de los cuidadores ni el municipio, controlo mi vida. Y cuando calculo lo que esta cama le ahorra al municipio en horas de atenci\u00f3n, espero que todos est\u00e9n contentos.<\/p>\n<\/div><\/section><br \/>\n<div style=' margin-top:30px; margin-bottom:30px;'  class='hr hr-custom hr-center hr-icon-no  '><span class='hr-inner   inner-border-av-border-thin' style=' width:100%;' ><span class='hr-inner-style'><\/span><\/span><\/div><br \/>\n<div class=\"flex_column av_one_half  flex_column_div av-zero-column-padding first  \" style='border-radius:0px; '><section class=\"av_textblock_section \"  itemscope=\"itemscope\" itemtype=\"https:\/\/schema.org\/CreativeWork\" ><div class='avia_textblock  '  style='font-size:14px; '  itemprop=\"text\" ><h2><strong>\u00bfQui\u00e9n m\u00e1s puede beneficiarse de una cama RotoBed\u00ae?<\/strong><\/h2>\n<p>Hans Villadsen sufre de Parkinson y, al final, su esposa ya no pudo ayudarlo sola.<\/p>\n<p>Vea lo que la pareja y otros usuarios y familiares dicen sobre sus experiencias con RotoBed\u00ae.<\/p>\n<\/div><\/section><br \/>\n<div style='height:20px' class='hr hr-invisible  '><span class='hr-inner ' ><span class='hr-inner-style'><\/span><\/span><\/div><br \/>\n<div class='avia-button-wrap avia-button-left '><a href='https:\/\/rotobed.com\/es\/testimonios\/' class='avia-button   avia-icon_select-no avia-color-theme-color avia-size-x-large avia-position-left '   ><span class='avia_iconbox_title' >Mu\u00e9strame todos los testimonios de RotoBed\u00ae<\/span><\/a><\/div><\/p><\/div><div class=\"flex_column av_one_half  flex_column_div av-zero-column-padding   \" style='border-radius:0px; '><div class='avia-image-container  av-styling-    avia-align-center '  itemprop=\"ImageObject\" itemscope=\"itemscope\" itemtype=\"https:\/\/schema.org\/ImageObject\"  ><div class='avia-image-container-inner'><a href='https:\/\/rotobed.com\/es\/testimonios\/' class='avia_image'  ><img class='avia_image ' src='https:\/\/rotobed.com\/es\/wp-content\/uploads\/2020\/11\/Hans-04-\u00a9-Jonas-Fotografi-1030x687.jpg' alt='rotation bed user testemony' title='Hans Villadsen has a RotoBed\u00ae'  itemprop=\"thumbnailUrl\"  \/><\/a><\/div><\/div><\/div><\/p>\n<\/div><\/div><div class=\"flex_cell no_margin av_one_third   \" style='vertical-align:top; padding:30px; '><div class='flex_cell_inner' ><p><div class='avia-image-container  av-styling-    avia-align-center '  itemprop=\"ImageObject\" itemscope=\"itemscope\" itemtype=\"https:\/\/schema.org\/ImageObject\"  ><div class='avia-image-container-inner'><img class='avia_image ' src='https:\/\/rotobed.com\/es\/wp-content\/uploads\/2022\/08\/lymf\u00f8dem.png' alt='' title='lymf\u00f8dem'   itemprop=\"thumbnailUrl\"  \/><\/div><\/div><br \/>\n<section class=\"av_textblock_section \"  itemscope=\"itemscope\" itemtype=\"https:\/\/schema.org\/CreativeWork\" ><div class='avia_textblock  '   itemprop=\"text\" ><h3 style=\"text-align: center;\">\u00a0\u00bfQu\u00e9 es el linfedema?<\/h3>\n<p>El sistema linf\u00e1tico es una parte importante del sistema inmunol\u00f3gico del cuerpo. Es una red de ganglios linf\u00e1ticos, conductos o vasos y \u00f3rganos que trabajan juntos para recolectar y transportar l\u00edquido linf\u00e1tico claro a trav\u00e9s de los tejidos hasta la sangre. Cuando el fluido linf\u00e1tico circula en el cuerpo, trae gl\u00f3bulos blancos que ayudan al cuerpo a combatir las infecciones.<\/p>\n<p>Si el sistema linf\u00e1tico est\u00e1 da\u00f1ado, el l\u00edquido linf\u00e1tico no se transporta adecuadamente y puede ocurrir una inflamaci\u00f3n llamada linfedema.<\/p>\n<p>Se hace una distinci\u00f3n entre linfedema primario y secundario:<\/p>\n<p><strong>Linfedema primario<\/strong><br \/>\nOcurre por malformaciones o deficiente desarrollo del sistema linf\u00e1tico. La hinchaz\u00f3n se observa con mayor frecuencia en la adolescencia o cuando el paciente tiene entre 30 y 40 a\u00f1os. En casos raros, el linfedema primario se observa al nacer.<\/p>\n<p><strong>Linfedema secundario<\/strong><\/p>\n<p>Ocurre si el sistema linf\u00e1tico est\u00e1 da\u00f1ado, p. despu\u00e9s de la cirug\u00eda y\/o radioterapia. Esto podr\u00eda ser, por ejemplo, en un brazo despu\u00e9s de una cirug\u00eda de c\u00e1ncer de mama donde se extirparon los ganglios linf\u00e1ticos de la axila o en una pierna despu\u00e9s de una cirug\u00eda en el abdomen donde se extirparon los ganglios linf\u00e1ticos de la ingle.<\/p>\n<p>En el mundo occidental, la mayor\u00eda de los casos de linfedema secundario ocurren como consecuencia tard\u00eda del tratamiento del c\u00e1ncer. La hinchaz\u00f3n puede ocurrir inmediatamente despu\u00e9s del tratamiento o varios a\u00f1os despu\u00e9s.<\/p>\n<p><strong>S\u00edntomas del linfedema<\/strong><\/p>\n<p>Los primeros s\u00edntomas del linfedema pueden ser hinchaz\u00f3n, pesadez y tensi\u00f3n, malestar, hormigueo, dolor o rigidez en la parte del cuerpo afectada. Al principio, la hinchaz\u00f3n disminuir\u00e1 por la noche, pero si no se trata, se vuelve permanente.<\/p>\n<p>Un linfedema no es peligroso, pero puede causar grandes molestias si no se trata.<\/p>\n<p>Con la cirug\u00eda y la quimioterapia, es posible que experimente una inflamaci\u00f3n transitoria que no es necesariamente un signo de linfedema.<\/p>\n<p><strong>Tratamiento<\/strong><\/p>\n<p>La compresi\u00f3n es el tratamiento m\u00e1s eficaz del linfedema. El objetivo del tratamiento es reducir la hinchaz\u00f3n y, por lo tanto, las molestias mediante un vendaje de compresi\u00f3n (vendaje). Tambi\u00e9n masajes, cuidado de la piel y ejercicios son parte del tratamiento.<\/p>\n<p>(fuentes: <a href=\"http:\/\/www.cancer.org\">www.cancer.org,<\/a> <a href=\"http:\/\/www.medicalnewstoday.com\">www.medicalnewstoday.com<\/a>)<\/p>\n<\/div><\/section><\/p>\n<\/div><\/div><\/div>\n","protected":false},"excerpt":{"rendered":"","protected":false},"author":1,"featured_media":0,"parent":0,"menu_order":0,"comment_status":"closed","ping_status":"closed","template":"","meta":{"footnotes":""},"yoast_head":"<!-- This site is optimized with the Yoast SEO plugin v21.7 - https:\/\/yoast.com\/wordpress\/plugins\/seo\/ -->\n<title>Lymphedema? A RotoBed\u00ae can help you! Less pain, more mobility<\/title>\n<meta name=\"description\" content=\"Lymphedema causes pain and often difficulty getting in and out of bed. A RotoBed gently rotates you into bed with no physical effort.\" \/>\n<meta name=\"robots\" content=\"index, follow, max-snippet:-1, max-image-preview:large, max-video-preview:-1\" \/>\n<link rel=\"canonical\" href=\"https:\/\/rotobed.com\/es\/lymphedema\/\" \/>\n<meta property=\"og:locale\" content=\"en_GB\" \/>\n<meta property=\"og:type\" content=\"article\" \/>\n<meta property=\"og:title\" content=\"Lymphedema? A RotoBed\u00ae can help you! Less pain, more mobility\" \/>\n<meta property=\"og:description\" content=\"Lymphedema causes pain and often difficulty getting in and out of bed. A RotoBed gently rotates you into bed with no physical effort.\" \/>\n<meta property=\"og:url\" content=\"https:\/\/rotobed.com\/es\/lymphedema\/\" \/>\n<meta property=\"og:site_name\" content=\"RotoBed\" \/>\n<meta property=\"article:modified_time\" content=\"2022-08-10T11:50:46+00:00\" \/>\n<meta name=\"twitter:card\" content=\"summary_large_image\" \/>\n<meta name=\"twitter:label1\" content=\"Estimated reading time\" \/>\n\t<meta name=\"twitter:data1\" content=\"7 minutes\" \/>\n<script type=\"application\/ld+json\" class=\"yoast-schema-graph\">{\"@context\":\"https:\/\/schema.org\",\"@graph\":[{\"@type\":\"WebPage\",\"@id\":\"https:\/\/rotobed.com\/es\/lymphedema\/\",\"url\":\"https:\/\/rotobed.com\/es\/lymphedema\/\",\"name\":\"Lymphedema? A RotoBed\u00ae can help you! Less pain, more mobility\",\"isPartOf\":{\"@id\":\"https:\/\/rotobed.com\/es\/#website\"},\"datePublished\":\"2016-01-30T10:52:47+00:00\",\"dateModified\":\"2022-08-10T11:50:46+00:00\",\"description\":\"Lymphedema causes pain and often difficulty getting in and out of bed. A RotoBed gently rotates you into bed with no physical effort.\",\"breadcrumb\":{\"@id\":\"https:\/\/rotobed.com\/es\/lymphedema\/#breadcrumb\"},\"inLanguage\":\"en-GB\",\"potentialAction\":[{\"@type\":\"ReadAction\",\"target\":[\"https:\/\/rotobed.com\/es\/lymphedema\/\"]}]},{\"@type\":\"BreadcrumbList\",\"@id\":\"https:\/\/rotobed.com\/es\/lymphedema\/#breadcrumb\",\"itemListElement\":[{\"@type\":\"ListItem\",\"position\":1,\"name\":\"Hjem\",\"item\":\"https:\/\/rotobed.com\/es\/\"},{\"@type\":\"ListItem\",\"position\":2,\"name\":\"Esther Soegaard SPA\"}]},{\"@type\":\"WebSite\",\"@id\":\"https:\/\/rotobed.com\/es\/#website\",\"url\":\"https:\/\/rotobed.com\/es\/\",\"name\":\"RotoBed\",\"description\":\"\",\"potentialAction\":[{\"@type\":\"SearchAction\",\"target\":{\"@type\":\"EntryPoint\",\"urlTemplate\":\"https:\/\/rotobed.com\/es\/?s={search_term_string}\"},\"query-input\":\"required name=search_term_string\"}],\"inLanguage\":\"en-GB\"}]}<\/script>\n<!-- \/ Yoast SEO plugin. -->","yoast_head_json":{"title":"Lymphedema? A RotoBed\u00ae can help you! Less pain, more mobility","description":"Lymphedema causes pain and often difficulty getting in and out of bed. A RotoBed gently rotates you into bed with no physical effort.","robots":{"index":"index","follow":"follow","max-snippet":"max-snippet:-1","max-image-preview":"max-image-preview:large","max-video-preview":"max-video-preview:-1"},"canonical":"https:\/\/rotobed.com\/es\/lymphedema\/","og_locale":"en_GB","og_type":"article","og_title":"Lymphedema? A RotoBed\u00ae can help you! Less pain, more mobility","og_description":"Lymphedema causes pain and often difficulty getting in and out of bed. A RotoBed gently rotates you into bed with no physical effort.","og_url":"https:\/\/rotobed.com\/es\/lymphedema\/","og_site_name":"RotoBed","article_modified_time":"2022-08-10T11:50:46+00:00","twitter_card":"summary_large_image","twitter_misc":{"Estimated reading time":"7 minutes"},"schema":{"@context":"https:\/\/schema.org","@graph":[{"@type":"WebPage","@id":"https:\/\/rotobed.com\/es\/lymphedema\/","url":"https:\/\/rotobed.com\/es\/lymphedema\/","name":"Lymphedema? A RotoBed\u00ae can help you! Less pain, more mobility","isPartOf":{"@id":"https:\/\/rotobed.com\/es\/#website"},"datePublished":"2016-01-30T10:52:47+00:00","dateModified":"2022-08-10T11:50:46+00:00","description":"Lymphedema causes pain and often difficulty getting in and out of bed. A RotoBed gently rotates you into bed with no physical effort.","breadcrumb":{"@id":"https:\/\/rotobed.com\/es\/lymphedema\/#breadcrumb"},"inLanguage":"en-GB","potentialAction":[{"@type":"ReadAction","target":["https:\/\/rotobed.com\/es\/lymphedema\/"]}]},{"@type":"BreadcrumbList","@id":"https:\/\/rotobed.com\/es\/lymphedema\/#breadcrumb","itemListElement":[{"@type":"ListItem","position":1,"name":"Hjem","item":"https:\/\/rotobed.com\/es\/"},{"@type":"ListItem","position":2,"name":"Esther Soegaard SPA"}]},{"@type":"WebSite","@id":"https:\/\/rotobed.com\/es\/#website","url":"https:\/\/rotobed.com\/es\/","name":"RotoBed","description":"","potentialAction":[{"@type":"SearchAction","target":{"@type":"EntryPoint","urlTemplate":"https:\/\/rotobed.com\/es\/?s={search_term_string}"},"query-input":"required name=search_term_string"}],"inLanguage":"en-GB"}]}},"_links":{"self":[{"href":"https:\/\/rotobed.com\/es\/wp-json\/wp\/v2\/pages\/501"}],"collection":[{"href":"https:\/\/rotobed.com\/es\/wp-json\/wp\/v2\/pages"}],"about":[{"href":"https:\/\/rotobed.com\/es\/wp-json\/wp\/v2\/types\/page"}],"author":[{"embeddable":true,"href":"https:\/\/rotobed.com\/es\/wp-json\/wp\/v2\/users\/1"}],"replies":[{"embeddable":true,"href":"https:\/\/rotobed.com\/es\/wp-json\/wp\/v2\/comments?post=501"}],"version-history":[{"count":21,"href":"https:\/\/rotobed.com\/es\/wp-json\/wp\/v2\/pages\/501\/revisions"}],"predecessor-version":[{"id":8137,"href":"https:\/\/rotobed.com\/es\/wp-json\/wp\/v2\/pages\/501\/revisions\/8137"}],"wp:attachment":[{"href":"https:\/\/rotobed.com\/es\/wp-json\/wp\/v2\/media?parent=501"}],"curies":[{"name":"wp","href":"https:\/\/api.w.org\/{rel}","templated":true}]}}