{"id":504,"date":"2016-01-30T11:02:20","date_gmt":"2016-01-30T11:02:20","guid":{"rendered":"https:\/\/rotobed.com\/es\/?page_id=504"},"modified":"2022-08-10T11:57:44","modified_gmt":"2022-08-10T11:57:44","slug":"bed-for-ms","status":"publish","type":"page","link":"https:\/\/rotobed.com\/es\/bed-for-ms\/","title":{"rendered":"Helle Pedersen SPA"},"content":{"rendered":"<\/div><\/div><\/div><!-- close content main div --><\/div><\/div><div id='av-layout-grid-1' class='av-layout-grid-container entry-content-wrapper main_color av-flex-cells   av-border-cells container_wrap fullsize'   >\n<div class=\"flex_cell no_margin av_two_third   \" style='vertical-align:top; padding:30px; '><div class='flex_cell_inner' ><section class=\"av_textblock_section \"  itemscope=\"itemscope\" itemtype=\"https:\/\/schema.org\/CreativeWork\" ><div class='avia_textblock  '   itemprop=\"text\" ><h1>Cama para paciente con EM Helle Pedersen:<\/h1>\n<h1>&#8220;Para m\u00ed, esta cama significa libertad&#8221;<\/h1>\n<\/div><\/section><br \/>\n<div style='height:20px' class='hr hr-invisible  '><span class='hr-inner ' ><span class='hr-inner-style'><\/span><\/span><\/div><br \/>\n<div class='avia-image-container  av-styling-    avia-align-center '  itemprop=\"ImageObject\" itemscope=\"itemscope\" itemtype=\"https:\/\/schema.org\/ImageObject\"  ><div class='avia-image-container-inner'><img class='avia_image ' src='https:\/\/rotobed.com\/es\/wp-content\/uploads\/2016\/10\/Helle-Pedersen-1030x687.jpg' alt='Sclerosis rotobed rotating bed nursing bed' title='Sclerosis and a RotoBed\u00ae'   itemprop=\"thumbnailUrl\"  \/><\/div><\/div><br \/>\n<div style='height:20px' class='hr hr-invisible  '><span class='hr-inner ' ><span class='hr-inner-style'><\/span><\/span><\/div><br \/>\n<section class=\"av_textblock_section \"  itemscope=\"itemscope\" itemtype=\"https:\/\/schema.org\/CreativeWork\" ><div class='avia_textblock  '   itemprop=\"text\" ><h1><\/h1>\n<h3>Helle Pedersen, 64 a\u00f1os. En 1999, se le diagnostic\u00f3 esclerosis m\u00faltiple. Helle tiene una cama RotoBed\u00ae desde hace 4 a\u00f1os.<\/h3>\n<p>No tengo fuerza en las piernas y ya no puedo salir de la cama sola. Mi marido est\u00e1 hemipl\u00e9jico despu\u00e9s de tener un derrame cerebral y s\u00f3lo puede mover una mano. Por eso es muy dif\u00edcil para \u00e9l ayudarme. Si tuvi\u00e9ramos cuidadores en nuestra habitaci\u00f3n durante la noche, mi marido probablemente dormir\u00eda en otra habitaci\u00f3n, lo que afectar\u00eda a nuestro matrimonio.<\/p>\n<p>Al principio, el ayuntamiento rechaz\u00f3 mi petici\u00f3n de un RotoBed\u00ae &#8211; pero me opuse y les cont\u00e9 sobre nuestra vida diaria y toda la ayuda que necesitar\u00edamos de otra manera. Despu\u00e9s de eso, obtuvimos permiso.<\/p>\n<p><strong>Quiero seguir siendo independiente<\/strong><\/p>\n<p>El gobierno local tiende a asumir que las personas con discapacidades no tienen vida. Mi marido y yo vamos a menudo al cine o al teatro, y yo me niego a ir a la casa seg\u00fan el horario del gobierno local. Quiero seguir siendo independiente.<\/p>\n<p>Si estuviera solo todo el d\u00eda e inactivo en casa, me deprimir\u00eda cada vez m\u00e1s y seg\u00fan esto, mi esclerosis m\u00faltiple empeorar\u00eda. As\u00ed son las cosas.<\/p>\n<p><strong>Esta cama reemplaza cinco visitas de las cuidadoras<\/strong><\/p>\n<p>Para el municipio, el presupuesto es el punto m\u00e1s importante. El coste de un RotoBed\u00ae se puede calcular muy r\u00e1pidamente si la cama sustituye a cinco visitas al departamento de cuidados.<\/p>\n<p>Esta cama es muy importante para m\u00ed. Puedo acostarme y levantarme cuando quiera, y no tengo a todos los cuidadores corriendo por mi casa todo el tiempo. Puedo ocuparme de mis deberes por mi cuenta. \u00a1Para m\u00ed, eso es la libertad!<\/p>\n<\/div><\/section><br \/>\n<div style='height:20px' class='hr hr-invisible  '><span class='hr-inner ' ><span class='hr-inner-style'><\/span><\/span><\/div><br \/>\n<div class='avia-button-wrap avia-button-right '><a href='https:\/\/rotobed.com\/es\/testimonios\/' class='avia-button   avia-icon_select-no avia-color-theme-color avia-size-x-large avia-position-right '   ><span class='avia_iconbox_title' >Mu\u00e9strame todos los testimonios de RotoBed\u00ae<\/span><\/a><\/div><\/p>\n<\/div><\/div><div class=\"flex_cell no_margin av_one_third   \" style='vertical-align:top; padding:30px; '><div class='flex_cell_inner' ><p><div style='height:20px' class='hr hr-invisible  '><span class='hr-inner ' ><span class='hr-inner-style'><\/span><\/span><\/div><br \/>\n<section class=\"av_textblock_section \"  itemscope=\"itemscope\" itemtype=\"https:\/\/schema.org\/CreativeWork\" ><div class='avia_textblock  '  style='font-size:24px; '  itemprop=\"text\" ><h2>\u00bfQu\u00e9 es la EM y c\u00f3mo puede ayudar RotoBed\u00ae?<\/h2>\n<\/div><\/section><br \/>\n<div style='height:10px' class='hr hr-invisible  '><span class='hr-inner ' ><span class='hr-inner-style'><\/span><\/span><\/div><br \/>\n<div class='avia-image-container  av-styling-    avia-align-center '  itemprop=\"ImageObject\" itemscope=\"itemscope\" itemtype=\"https:\/\/schema.org\/ImageObject\"  ><div class='avia-image-container-inner'><img class='avia_image ' src='https:\/\/rotobed.com\/es\/wp-content\/uploads\/2020\/12\/rygmarv-300x194.jpg' alt='MS bed for multiple sclerosis' title='MS research'   itemprop=\"thumbnailUrl\"  \/><\/div><\/div><br \/>\n<section class=\"av_textblock_section \"  itemscope=\"itemscope\" itemtype=\"https:\/\/schema.org\/CreativeWork\" ><div class='avia_textblock  '   itemprop=\"text\" ><h4><strong>La investigaci\u00f3n muestra un v\u00ednculo claro entre la p\u00e9rdida de tejido en la m\u00e9dula espinal y la p\u00e9rdida sensorial y motora de la funci\u00f3n de los pacientes con EM.<\/strong><\/h4>\n<\/div><\/section><br \/>\n<section class=\"av_textblock_section \"  itemscope=\"itemscope\" itemtype=\"https:\/\/schema.org\/CreativeWork\" ><div class='avia_textblock  '   itemprop=\"text\" ><p>La esclerosis m\u00faltiple (EM) es una afecci\u00f3n que interrumpe el flujo de informaci\u00f3n entre el cerebro y el cuerpo, as\u00ed como dentro del cerebro. La EM es una de las afecciones neurol\u00f3gicas m\u00e1s comunes en personas de entre 20 y 40 a\u00f1os.<\/p>\n<p>La causa de la esclerosis m\u00faltiple a\u00fan no se conoce y, por lo tanto, lamentablemente a\u00fan no existe una cura. Sin embargo, en muchos casos la enfermedad y sus s\u00edntomas pueden aliviarse con tratamiento m\u00e9dico.<\/p>\n<p>A la mayor\u00eda de las personas se les diagnostica EM entre los 20 y los 50 a\u00f1os de edad, y la gran mayor\u00eda de los pacientes son mujeres. El progreso, la gravedad y los s\u00edntomas espec\u00edficos de la EM son variables, por lo que a menudo se hace referencia a la EM como &#8220;la enfermedad de las 1000 caras&#8221;. Sin embargo, los s\u00edntomas comunes son:<\/p>\n<ul>\n<li>Entumecimiento de la cara, el cuerpo o las extremidades<\/li>\n<li>Fatiga<\/li>\n<li>Dificultades para caminar<\/li>\n<li>Problemas de la vista<\/li>\n<li>Debilidad muscular<\/li>\n<\/ul>\n<p>(fuentes: <a href=\"https:\/\/www.nationalmssociety.org\">www.nationalmssociety.org<\/a> y\u00a0<a href=\"http:\/\/www.scleroseforeningen.dk\">www.scleroseforeningen.dk<\/a>)<\/p>\n<p>Todos estos s\u00edntomas pueden dificultar el control de los movimientos corporales y, por lo tanto, tambi\u00e9n dificultar acostarse y levantarse de la cama. Una RotoBed\u00ae gira suavemente al usuario fuera de la cama en menos de un minuto, sin dolor ni esfuerzo f\u00edsico. Esto deja al usuario con m\u00e1s energ\u00eda para otros fines durante el d\u00eda.<\/p>\n<hr \/>\n<h3><a href=\"https:\/\/rotobed.com\/es\/testimonios\/\">\u00bfQui\u00e9n m\u00e1s puede beneficiarse de una RotoBed? Mira lo que dicen otros usuarios y familiares.<\/a><\/h3>\n<\/div><\/section><br \/>\n<div class='avia-image-container  av-styling-    avia-align-center '  itemprop=\"ImageObject\" itemscope=\"itemscope\" itemtype=\"https:\/\/schema.org\/ImageObject\"  ><div class='avia-image-container-inner'><a href='https:\/\/rotobed.com\/es\/testimonios\/' class='avia_image'  ><img class='avia_image ' src='https:\/\/rotobed.com\/es\/wp-content\/uploads\/2020\/11\/Hans-05-mindre-300x202.jpg' alt='rotating bed for psp parkinson' title='Else and Hans Villadsen chose to buy a RotoBed\u00aeFree'  itemprop=\"thumbnailUrl\"  \/><\/a><\/div><\/div><\/p>\n<\/div><\/div><\/div>\n","protected":false},"excerpt":{"rendered":"","protected":false},"author":1,"featured_media":0,"parent":0,"menu_order":0,"comment_status":"closed","ping_status":"closed","template":"","meta":{"footnotes":""},"yoast_head":"<!-- This site is optimized with the Yoast SEO plugin v21.7 - https:\/\/yoast.com\/wordpress\/plugins\/seo\/ -->\n<title>Bed for ms patients: this rotatating RotoBed\u00ae is the perfect solution<\/title>\n<meta name=\"description\" content=\"Sclerosis often makes it painful to get in or out of bed. A rotating RotoBed\u00ae takes you gently out of bed in less than a minute - with no pain!\" \/>\n<meta name=\"robots\" content=\"index, follow, max-snippet:-1, max-image-preview:large, max-video-preview:-1\" \/>\n<link rel=\"canonical\" href=\"https:\/\/rotobed.com\/es\/bed-for-ms\/\" \/>\n<meta property=\"og:locale\" content=\"en_GB\" \/>\n<meta property=\"og:type\" content=\"article\" \/>\n<meta property=\"og:title\" content=\"Bed for ms patients: this rotatating RotoBed\u00ae is the perfect solution\" \/>\n<meta property=\"og:description\" content=\"Sclerosis often makes it painful to get in or out of bed. A rotating RotoBed\u00ae takes you gently out of bed in less than a minute - with no pain!\" \/>\n<meta property=\"og:url\" content=\"https:\/\/rotobed.com\/es\/bed-for-ms\/\" \/>\n<meta property=\"og:site_name\" content=\"RotoBed\" \/>\n<meta property=\"article:modified_time\" content=\"2022-08-10T11:57:44+00:00\" \/>\n<meta name=\"twitter:card\" content=\"summary_large_image\" \/>\n<meta name=\"twitter:label1\" content=\"Estimated reading time\" \/>\n\t<meta name=\"twitter:data1\" content=\"6 minutes\" \/>\n<script type=\"application\/ld+json\" class=\"yoast-schema-graph\">{\"@context\":\"https:\/\/schema.org\",\"@graph\":[{\"@type\":\"WebPage\",\"@id\":\"https:\/\/rotobed.com\/es\/bed-for-ms\/\",\"url\":\"https:\/\/rotobed.com\/es\/bed-for-ms\/\",\"name\":\"Bed for ms patients: this rotatating RotoBed\u00ae is the perfect solution\",\"isPartOf\":{\"@id\":\"https:\/\/rotobed.com\/es\/#website\"},\"datePublished\":\"2016-01-30T11:02:20+00:00\",\"dateModified\":\"2022-08-10T11:57:44+00:00\",\"description\":\"Sclerosis often makes it painful to get in or out of bed. A rotating RotoBed\u00ae takes you gently out of bed in less than a minute - with no pain!\",\"breadcrumb\":{\"@id\":\"https:\/\/rotobed.com\/es\/bed-for-ms\/#breadcrumb\"},\"inLanguage\":\"en-GB\",\"potentialAction\":[{\"@type\":\"ReadAction\",\"target\":[\"https:\/\/rotobed.com\/es\/bed-for-ms\/\"]}]},{\"@type\":\"BreadcrumbList\",\"@id\":\"https:\/\/rotobed.com\/es\/bed-for-ms\/#breadcrumb\",\"itemListElement\":[{\"@type\":\"ListItem\",\"position\":1,\"name\":\"Hjem\",\"item\":\"https:\/\/rotobed.com\/es\/\"},{\"@type\":\"ListItem\",\"position\":2,\"name\":\"Helle Pedersen SPA\"}]},{\"@type\":\"WebSite\",\"@id\":\"https:\/\/rotobed.com\/es\/#website\",\"url\":\"https:\/\/rotobed.com\/es\/\",\"name\":\"RotoBed\",\"description\":\"\",\"potentialAction\":[{\"@type\":\"SearchAction\",\"target\":{\"@type\":\"EntryPoint\",\"urlTemplate\":\"https:\/\/rotobed.com\/es\/?s={search_term_string}\"},\"query-input\":\"required name=search_term_string\"}],\"inLanguage\":\"en-GB\"}]}<\/script>\n<!-- \/ Yoast SEO plugin. -->","yoast_head_json":{"title":"Bed for ms patients: this rotatating RotoBed\u00ae is the perfect solution","description":"Sclerosis often makes it painful to get in or out of bed. A rotating RotoBed\u00ae takes you gently out of bed in less than a minute - with no pain!","robots":{"index":"index","follow":"follow","max-snippet":"max-snippet:-1","max-image-preview":"max-image-preview:large","max-video-preview":"max-video-preview:-1"},"canonical":"https:\/\/rotobed.com\/es\/bed-for-ms\/","og_locale":"en_GB","og_type":"article","og_title":"Bed for ms patients: this rotatating RotoBed\u00ae is the perfect solution","og_description":"Sclerosis often makes it painful to get in or out of bed. A rotating RotoBed\u00ae takes you gently out of bed in less than a minute - with no pain!","og_url":"https:\/\/rotobed.com\/es\/bed-for-ms\/","og_site_name":"RotoBed","article_modified_time":"2022-08-10T11:57:44+00:00","twitter_card":"summary_large_image","twitter_misc":{"Estimated reading time":"6 minutes"},"schema":{"@context":"https:\/\/schema.org","@graph":[{"@type":"WebPage","@id":"https:\/\/rotobed.com\/es\/bed-for-ms\/","url":"https:\/\/rotobed.com\/es\/bed-for-ms\/","name":"Bed for ms patients: this rotatating RotoBed\u00ae is the perfect solution","isPartOf":{"@id":"https:\/\/rotobed.com\/es\/#website"},"datePublished":"2016-01-30T11:02:20+00:00","dateModified":"2022-08-10T11:57:44+00:00","description":"Sclerosis often makes it painful to get in or out of bed. A rotating RotoBed\u00ae takes you gently out of bed in less than a minute - with no pain!","breadcrumb":{"@id":"https:\/\/rotobed.com\/es\/bed-for-ms\/#breadcrumb"},"inLanguage":"en-GB","potentialAction":[{"@type":"ReadAction","target":["https:\/\/rotobed.com\/es\/bed-for-ms\/"]}]},{"@type":"BreadcrumbList","@id":"https:\/\/rotobed.com\/es\/bed-for-ms\/#breadcrumb","itemListElement":[{"@type":"ListItem","position":1,"name":"Hjem","item":"https:\/\/rotobed.com\/es\/"},{"@type":"ListItem","position":2,"name":"Helle Pedersen SPA"}]},{"@type":"WebSite","@id":"https:\/\/rotobed.com\/es\/#website","url":"https:\/\/rotobed.com\/es\/","name":"RotoBed","description":"","potentialAction":[{"@type":"SearchAction","target":{"@type":"EntryPoint","urlTemplate":"https:\/\/rotobed.com\/es\/?s={search_term_string}"},"query-input":"required name=search_term_string"}],"inLanguage":"en-GB"}]}},"_links":{"self":[{"href":"https:\/\/rotobed.com\/es\/wp-json\/wp\/v2\/pages\/504"}],"collection":[{"href":"https:\/\/rotobed.com\/es\/wp-json\/wp\/v2\/pages"}],"about":[{"href":"https:\/\/rotobed.com\/es\/wp-json\/wp\/v2\/types\/page"}],"author":[{"embeddable":true,"href":"https:\/\/rotobed.com\/es\/wp-json\/wp\/v2\/users\/1"}],"replies":[{"embeddable":true,"href":"https:\/\/rotobed.com\/es\/wp-json\/wp\/v2\/comments?post=504"}],"version-history":[{"count":26,"href":"https:\/\/rotobed.com\/es\/wp-json\/wp\/v2\/pages\/504\/revisions"}],"predecessor-version":[{"id":8144,"href":"https:\/\/rotobed.com\/es\/wp-json\/wp\/v2\/pages\/504\/revisions\/8144"}],"wp:attachment":[{"href":"https:\/\/rotobed.com\/es\/wp-json\/wp\/v2\/media?parent=504"}],"curies":[{"name":"wp","href":"https:\/\/api.w.org\/{rel}","templated":true}]}}