{"id":5788,"date":"2020-03-24T08:47:28","date_gmt":"2020-03-24T08:47:28","guid":{"rendered":"https:\/\/rotobed.com\/es\/?page_id=5788"},"modified":"2022-08-16T10:07:28","modified_gmt":"2022-08-16T10:07:28","slug":"personalizar-rotobed","status":"publish","type":"page","link":"https:\/\/rotobed.com\/es\/personalizar-rotobed\/","title":{"rendered":"Customizeyourbed SPA"},"content":{"rendered":"<div style='height:50px' class='hr hr-invisible  '><span class='hr-inner ' ><span class='hr-inner-style'><\/span><\/span><\/div>\n<section class=\"av_textblock_section \"  itemscope=\"itemscope\" itemtype=\"https:\/\/schema.org\/CreativeWork\" ><div class='avia_textblock  '   itemprop=\"text\" ><h1 style=\"text-align: center;\"><strong><span style=\"color: #003366;\">Persona<\/span><span style=\"color: #999999;\">lizar<\/span>\u00a0<span style=\"color: #008000;\">RotoBed<\/span><span style=\"color: #ff9900;\">\u00ae<span style=\"color: #800000;\">Home<\/span><\/span><\/strong><\/h1>\n<p style=\"text-align: center;\">\u00bfTe gustar\u00eda uno de estos colores para tu cama?<\/p>\n<p style=\"text-align: center;\">En nuestra tienda web puede personalizar su RotoBed\u00aeHome para que se adapte a sus necesidades y deseos.<\/p>\n<p style=\"text-align: center;\">A continuaci\u00f3n encontrar\u00e1 explicaciones de las diferentes posibilidades.<\/p>\n<\/div><\/section>\n<div  class='hr hr-default  '><span class='hr-inner ' ><span class='hr-inner-style'><\/span><\/span><\/div>\n<\/div><\/div><\/div><!-- close content main div --><\/div><\/div><div id='av-layout-grid-1' class='av-layout-grid-container entry-content-wrapper main_color av-flex-cells    container_wrap fullsize'   >\n<div class=\"flex_cell no_margin av_one_fifth   \" style='vertical-align:top; padding:30px; '><div class='flex_cell_inner' ><p><div class='avia-image-container  av-styling-    avia-align-center '  itemprop=\"ImageObject\" itemscope=\"itemscope\" itemtype=\"https:\/\/schema.org\/ImageObject\"  ><div class='avia-image-container-inner'><img class='avia_image ' src='https:\/\/rotobed.com\/es\/wp-content\/uploads\/2019\/12\/background-low-low-0024-300x225.jpg' alt='RotoBed rotating bed care bed' title='RotoBed\u00aeHome Low-Low'   itemprop=\"thumbnailUrl\"  \/><\/div><\/div><br \/>\n<section class=\"av_textblock_section \"  itemscope=\"itemscope\" itemtype=\"https:\/\/schema.org\/CreativeWork\" ><div class='avia_textblock  '   itemprop=\"text\" ><p style=\"text-align: center;\"><strong>Low-Low<\/strong><\/p>\n<\/div><\/section><\/p>\n<\/div><\/div><div class=\"flex_cell no_margin av_one_fifth   \" style='vertical-align:top; padding:30px; '><div class='flex_cell_inner' ><p><div class='avia-image-container  av-styling-    avia-align-center '  itemprop=\"ImageObject\" itemscope=\"itemscope\" itemtype=\"https:\/\/schema.org\/ImageObject\"  ><div class='avia-image-container-inner'><img class='avia_image ' src='https:\/\/rotobed.com\/es\/wp-content\/uploads\/2019\/12\/background-low-high-0024-300x225.jpg' alt='rotobed rotative bed' title='RotoBed\u00aeHome low-high'   itemprop=\"thumbnailUrl\"  \/><\/div><\/div><br \/>\n<section class=\"av_textblock_section \"  itemscope=\"itemscope\" itemtype=\"https:\/\/schema.org\/CreativeWork\" ><div class='avia_textblock  '   itemprop=\"text\" ><p style=\"text-align: center;\"><strong>Low-High<\/strong><\/p>\n<\/div><\/section><\/p>\n<\/div><\/div><div class=\"flex_cell no_margin av_one_fifth   \" style='vertical-align:top; padding:30px; '><div class='flex_cell_inner' ><p><div class='avia-image-container  av-styling-    avia-align-center '  itemprop=\"ImageObject\" itemscope=\"itemscope\" itemtype=\"https:\/\/schema.org\/ImageObject\"  ><div class='avia-image-container-inner'><img class='avia_image ' src='https:\/\/rotobed.com\/es\/wp-content\/uploads\/2019\/12\/background-high-high-0024-300x225.jpg' alt='rotobed rotative bed' title='RotoBed high high'   itemprop=\"thumbnailUrl\"  \/><\/div><\/div><br \/>\n<section class=\"av_textblock_section \"  itemscope=\"itemscope\" itemtype=\"https:\/\/schema.org\/CreativeWork\" ><div class='avia_textblock  '   itemprop=\"text\" ><p style=\"text-align: center;\"><strong>High-High<\/strong><\/p>\n<\/div><\/section><\/p>\n<\/div><\/div><div class=\"flex_cell no_margin av_two_fifth   \" style='vertical-align:top; padding:30px; '><div class='flex_cell_inner' ><section class=\"av_textblock_section \"  itemscope=\"itemscope\" itemtype=\"https:\/\/schema.org\/CreativeWork\" ><div class='avia_textblock  '   itemprop=\"text\" ><h3><strong>Elecci\u00f3n del modelo<\/strong><\/h3>\n<p>Primero debe decidir el aspecto general de su cama: <strong>Low-Low<\/strong> tiene una cabecera baja y un pie de cama bajo cubiertos con tela. <strong>Low-High<\/strong> tiene un piecero bajo tapizado en textil y un cabecero alto fabricado en chapa de roble con exterior textil. <strong>High-High<\/strong> cuenta con piecero alto y cabecero alto, ambos fabricados en chapa de roble con exterior textil.<\/p>\n<\/div><\/section>\n<\/div><\/div>\n<\/div>\n<div style='height:40px' class='hr hr-invisible  '><span class='hr-inner ' ><span class='hr-inner-style'><\/span><\/span><\/div>\n<div class=\"flex_column av_one_half  flex_column_div av-zero-column-padding first  \" style='border-radius:0px; '><p><div style='height:20px' class='hr hr-invisible  '><span class='hr-inner ' ><span class='hr-inner-style'><\/span><\/span><\/div><br \/>\n<section class=\"av_textblock_section \"  itemscope=\"itemscope\" itemtype=\"https:\/\/schema.org\/CreativeWork\" ><div class='avia_textblock  '   itemprop=\"text\" ><h3><\/h3>\n<p><a href=\"https:\/\/rotobed.com\/es\/wp-content\/uploads\/2020\/04\/3333.png\"><img loading=\"lazy\" decoding=\"async\" class=\"alignnone size-medium wp-image-6753\" src=\"https:\/\/rotobed.com\/es\/wp-content\/uploads\/2020\/04\/3333-300x106.png\" alt=\"\" width=\"300\" height=\"106\" srcset=\"https:\/\/rotobed.com\/es\/wp-content\/uploads\/2020\/04\/3333-300x106.png 300w, https:\/\/rotobed.com\/es\/wp-content\/uploads\/2020\/04\/3333-450x159.png 450w, https:\/\/rotobed.com\/es\/wp-content\/uploads\/2020\/04\/3333.png 522w\" sizes=\"(max-width: 300px) 100vw, 300px\" \/><\/a><\/p>\n<\/div><\/section><\/p><\/div>\n<div class=\"flex_column av_one_half  flex_column_div av-zero-column-padding   \" style='border-radius:0px; '><section class=\"av_textblock_section \"  itemscope=\"itemscope\" itemtype=\"https:\/\/schema.org\/CreativeWork\" ><div class='avia_textblock  '   itemprop=\"text\" ><h3><strong>Encuentre la altura de salida correcta<\/strong><\/h3>\n<p>RotoBed\u00aeHome es adecuado tanto para usuarios altos como peque\u00f1os. Midiendo la longitud de tu pierna desde el pie plano hasta el hueco de la rodilla, encontrar\u00e1s la altura de salida que mejor se adapte a ti de las cuatro. Si est\u00e1 satisfecho con la altura de salida de su cama actual, tambi\u00e9n puede medir la distancia desde su piso hasta la parte superior de su colch\u00f3n. Es posible cambiar la altura de salida despu\u00e9s moviendo algunos tornillos. La cama tambi\u00e9n est\u00e1 equipada con tornillos de ajuste para ajustar con precisi\u00f3n la altura de salida.<\/p>\n<\/div><\/section><\/div>\n<div  class='hr hr-default  '><span class='hr-inner ' ><span class='hr-inner-style'><\/span><\/span><\/div>\n<div class=\"flex_column av_one_half  flex_column_div av-zero-column-padding first  \" style='border-radius:0px; '><p><div style='height:40px' class='hr hr-invisible  '><span class='hr-inner ' ><span class='hr-inner-style'><\/span><\/span><\/div><br \/>\n<section class=\"av_textblock_section \"  itemscope=\"itemscope\" itemtype=\"https:\/\/schema.org\/CreativeWork\" ><div class='avia_textblock  '   itemprop=\"text\" ><p><a href=\"https:\/\/rotobed.com\/es\/wp-content\/uploads\/2020\/04\/2222.png\"><img loading=\"lazy\" decoding=\"async\" class=\"alignnone size-medium wp-image-6751\" src=\"https:\/\/rotobed.com\/es\/wp-content\/uploads\/2020\/04\/2222-300x105.png\" alt=\"\" width=\"300\" height=\"105\" srcset=\"https:\/\/rotobed.com\/es\/wp-content\/uploads\/2020\/04\/2222-300x105.png 300w, https:\/\/rotobed.com\/es\/wp-content\/uploads\/2020\/04\/2222.png 373w\" sizes=\"(max-width: 300px) 100vw, 300px\" \/><\/a><\/p>\n<\/div><\/section><\/p><\/div>\n<div class=\"flex_column av_one_half  flex_column_div av-zero-column-padding   \" style='border-radius:0px; '><section class=\"av_textblock_section \"  itemscope=\"itemscope\" itemtype=\"https:\/\/schema.org\/CreativeWork\" ><div class='avia_textblock  '   itemprop=\"text\" ><h3>Elige colch\u00f3n<\/h3>\n<p>RotoBed\u00aeHome se puede entregar con diferentes tipos de colchones. El colch\u00f3n est\u00e1ndar es el colch\u00f3n de espuma de 4 capas RotoBed\u00aeSafeSleep con un peso de usuario recomendado de 40-120 kg. Las alternativas son RotoBed\u00aeBariaSleep, RotoBed\u00aeAirsleep y RotoBed\u00aeROHO DRY FLOTATION. <a href=\"https:\/\/rotobed.com\/es\/rotobed-accesorios\/\">Puedes leer sobre los colchones y las diferencias entre ellos aqu\u00ed.<\/a><\/p>\n<\/div><\/section><\/div>\n<div  class='hr hr-default  '><span class='hr-inner ' ><span class='hr-inner-style'><\/span><\/span><\/div>\n<div class=\"flex_column av_one_half  flex_column_div av-zero-column-padding first  \" style='border-radius:0px; '><p><div style='height:40px' class='hr hr-invisible  '><span class='hr-inner ' ><span class='hr-inner-style'><\/span><\/span><\/div><br \/>\n<section class=\"av_textblock_section \"  itemscope=\"itemscope\" itemtype=\"https:\/\/schema.org\/CreativeWork\" ><div class='avia_textblock  '   itemprop=\"text\" ><p><a href=\"https:\/\/rotobed.com\/es\/wp-content\/uploads\/2020\/04\/2.png\"><img loading=\"lazy\" decoding=\"async\" class=\"alignnone size-medium wp-image-6796\" src=\"https:\/\/rotobed.com\/es\/wp-content\/uploads\/2020\/04\/2-300x83.png\" alt=\"\" width=\"300\" height=\"83\" srcset=\"https:\/\/rotobed.com\/es\/wp-content\/uploads\/2020\/04\/2-300x83.png 300w, https:\/\/rotobed.com\/es\/wp-content\/uploads\/2020\/04\/2.png 332w\" sizes=\"(max-width: 300px) 100vw, 300px\" \/><\/a><\/p>\n<\/div><\/section><\/p><\/div>\n<div class=\"flex_column av_one_half  flex_column_div av-zero-column-padding   \" style='border-radius:0px; '><section class=\"av_textblock_section \"  itemscope=\"itemscope\" itemtype=\"https:\/\/schema.org\/CreativeWork\" ><div class='avia_textblock  '   itemprop=\"text\" ><h3>Elige barandillas laterales<\/h3>\n<p>Si desea barandillas laterales para RotoBed\u00aeHome, hay dos tama\u00f1os diferentes. Los m\u00e1s peque\u00f1os se colocan cerca del respaldo para brindar protecci\u00f3n y apoyo en relaci\u00f3n con las transferencias en la cama. Los modelos m\u00e1s largos en la secci\u00f3n media de la cama brindan un buen apoyo al entrar y salir de la cama. Ambos modelos est\u00e1n disponibles en metal o en chapa de roble para un aspecto m\u00e1s est\u00e9tico.<\/p>\n<\/div><\/section><\/div>\n<div  class='hr hr-default  '><span class='hr-inner ' ><span class='hr-inner-style'><\/span><\/span><\/div>\n<div class=\"flex_column av_one_half  flex_column_div av-zero-column-padding first  \" style='border-radius:0px; '><section class=\"av_textblock_section \"  itemscope=\"itemscope\" itemtype=\"https:\/\/schema.org\/CreativeWork\" ><div class='avia_textblock  '   itemprop=\"text\" ><p><a href=\"https:\/\/rotobed.com\/es\/wp-content\/uploads\/2020\/04\/coler.png\"><img loading=\"lazy\" decoding=\"async\" class=\"alignnone size-medium wp-image-6745\" src=\"https:\/\/rotobed.com\/es\/wp-content\/uploads\/2020\/04\/coler-300x139.png\" alt=\"\" width=\"300\" height=\"139\" srcset=\"https:\/\/rotobed.com\/es\/wp-content\/uploads\/2020\/04\/coler-300x139.png 300w, https:\/\/rotobed.com\/es\/wp-content\/uploads\/2020\/04\/coler-450x209.png 450w, https:\/\/rotobed.com\/es\/wp-content\/uploads\/2020\/04\/coler.png 493w\" sizes=\"(max-width: 300px) 100vw, 300px\" \/><\/a><\/p>\n<\/div><\/section><\/div>\n<div class=\"flex_column av_one_half  flex_column_div av-zero-column-padding   \" style='border-radius:0px; '><section class=\"av_textblock_section \"  itemscope=\"itemscope\" itemtype=\"https:\/\/schema.org\/CreativeWork\" ><div class='avia_textblock  '   itemprop=\"text\" ><h3>Elige textiles<\/h3>\n<p>Seg\u00fan el modelo, el cabecero y el pie de cama estar\u00e1n revestidos de textil. El tejido est\u00e1ndar es un poli\u00e9ster de calidad de la empresa danesa Kvadrat en color gris antracita, 100 % fabricado a partir de botellas de pl\u00e1stico recicladas. Es posible elegir otros colores, cuero negro o el precioso textil &#8220;Stripes&#8221; en pura lana dise\u00f1ado por Paul Smith.<\/p>\n<\/div><\/section><\/div>\n<div  class='hr hr-default  '><span class='hr-inner ' ><span class='hr-inner-style'><\/span><\/span><\/div>\n","protected":false},"excerpt":{"rendered":"","protected":false},"author":2,"featured_media":0,"parent":0,"menu_order":0,"comment_status":"closed","ping_status":"closed","template":"","meta":{"footnotes":""},"yoast_head":"<!-- This site is optimized with the Yoast SEO plugin v21.7 - https:\/\/yoast.com\/wordpress\/plugins\/seo\/ -->\n<title>Customize rotobed-rotating bed-mobility-dignity-freedom-quality-of-life<\/title>\n<meta name=\"description\" content=\"Customize your rotating RotoBed\u00ae. Choose exit height, textiles, mattress and headboards. The rotating bed that helps you out of bed in less than a minute!\" \/>\n<meta name=\"robots\" content=\"index, follow, max-snippet:-1, max-image-preview:large, max-video-preview:-1\" \/>\n<link rel=\"canonical\" href=\"https:\/\/rotobed.com\/es\/personalizar-rotobed\/\" \/>\n<meta property=\"og:locale\" content=\"en_GB\" \/>\n<meta property=\"og:type\" content=\"article\" \/>\n<meta property=\"og:title\" content=\"Customize rotobed-rotating bed-mobility-dignity-freedom-quality-of-life\" \/>\n<meta property=\"og:description\" content=\"Customize your rotating RotoBed\u00ae. Choose exit height, textiles, mattress and headboards. The rotating bed that helps you out of bed in less than a minute!\" \/>\n<meta property=\"og:url\" content=\"https:\/\/rotobed.com\/es\/personalizar-rotobed\/\" \/>\n<meta property=\"og:site_name\" content=\"RotoBed\" \/>\n<meta property=\"article:modified_time\" content=\"2022-08-16T10:07:28+00:00\" \/>\n<meta property=\"og:image\" content=\"https:\/\/rotobed.com\/es\/wp-content\/uploads\/2020\/04\/3333-300x106.png\" \/>\n<meta name=\"twitter:card\" content=\"summary_large_image\" \/>\n<meta name=\"twitter:label1\" content=\"Estimated reading time\" \/>\n\t<meta name=\"twitter:data1\" content=\"10 minutes\" \/>\n<script type=\"application\/ld+json\" class=\"yoast-schema-graph\">{\"@context\":\"https:\/\/schema.org\",\"@graph\":[{\"@type\":\"WebPage\",\"@id\":\"https:\/\/rotobed.com\/es\/personalizar-rotobed\/\",\"url\":\"https:\/\/rotobed.com\/es\/personalizar-rotobed\/\",\"name\":\"Customize rotobed-rotating bed-mobility-dignity-freedom-quality-of-life\",\"isPartOf\":{\"@id\":\"https:\/\/rotobed.com\/es\/#website\"},\"datePublished\":\"2020-03-24T08:47:28+00:00\",\"dateModified\":\"2022-08-16T10:07:28+00:00\",\"description\":\"Customize your rotating RotoBed\u00ae. Choose exit height, textiles, mattress and headboards. The rotating bed that helps you out of bed in less than a minute!\",\"breadcrumb\":{\"@id\":\"https:\/\/rotobed.com\/es\/personalizar-rotobed\/#breadcrumb\"},\"inLanguage\":\"en-GB\",\"potentialAction\":[{\"@type\":\"ReadAction\",\"target\":[\"https:\/\/rotobed.com\/es\/personalizar-rotobed\/\"]}]},{\"@type\":\"BreadcrumbList\",\"@id\":\"https:\/\/rotobed.com\/es\/personalizar-rotobed\/#breadcrumb\",\"itemListElement\":[{\"@type\":\"ListItem\",\"position\":1,\"name\":\"Hjem\",\"item\":\"https:\/\/rotobed.com\/es\/\"},{\"@type\":\"ListItem\",\"position\":2,\"name\":\"Customizeyourbed SPA\"}]},{\"@type\":\"WebSite\",\"@id\":\"https:\/\/rotobed.com\/es\/#website\",\"url\":\"https:\/\/rotobed.com\/es\/\",\"name\":\"RotoBed\",\"description\":\"\",\"potentialAction\":[{\"@type\":\"SearchAction\",\"target\":{\"@type\":\"EntryPoint\",\"urlTemplate\":\"https:\/\/rotobed.com\/es\/?s={search_term_string}\"},\"query-input\":\"required name=search_term_string\"}],\"inLanguage\":\"en-GB\"}]}<\/script>\n<!-- \/ Yoast SEO plugin. -->","yoast_head_json":{"title":"Customize rotobed-rotating bed-mobility-dignity-freedom-quality-of-life","description":"Customize your rotating RotoBed\u00ae. Choose exit height, textiles, mattress and headboards. The rotating bed that helps you out of bed in less than a minute!","robots":{"index":"index","follow":"follow","max-snippet":"max-snippet:-1","max-image-preview":"max-image-preview:large","max-video-preview":"max-video-preview:-1"},"canonical":"https:\/\/rotobed.com\/es\/personalizar-rotobed\/","og_locale":"en_GB","og_type":"article","og_title":"Customize rotobed-rotating bed-mobility-dignity-freedom-quality-of-life","og_description":"Customize your rotating RotoBed\u00ae. Choose exit height, textiles, mattress and headboards. The rotating bed that helps you out of bed in less than a minute!","og_url":"https:\/\/rotobed.com\/es\/personalizar-rotobed\/","og_site_name":"RotoBed","article_modified_time":"2022-08-16T10:07:28+00:00","og_image":[{"url":"https:\/\/rotobed.com\/es\/wp-content\/uploads\/2020\/04\/3333-300x106.png"}],"twitter_card":"summary_large_image","twitter_misc":{"Estimated reading time":"10 minutes"},"schema":{"@context":"https:\/\/schema.org","@graph":[{"@type":"WebPage","@id":"https:\/\/rotobed.com\/es\/personalizar-rotobed\/","url":"https:\/\/rotobed.com\/es\/personalizar-rotobed\/","name":"Customize rotobed-rotating bed-mobility-dignity-freedom-quality-of-life","isPartOf":{"@id":"https:\/\/rotobed.com\/es\/#website"},"datePublished":"2020-03-24T08:47:28+00:00","dateModified":"2022-08-16T10:07:28+00:00","description":"Customize your rotating RotoBed\u00ae. Choose exit height, textiles, mattress and headboards. The rotating bed that helps you out of bed in less than a minute!","breadcrumb":{"@id":"https:\/\/rotobed.com\/es\/personalizar-rotobed\/#breadcrumb"},"inLanguage":"en-GB","potentialAction":[{"@type":"ReadAction","target":["https:\/\/rotobed.com\/es\/personalizar-rotobed\/"]}]},{"@type":"BreadcrumbList","@id":"https:\/\/rotobed.com\/es\/personalizar-rotobed\/#breadcrumb","itemListElement":[{"@type":"ListItem","position":1,"name":"Hjem","item":"https:\/\/rotobed.com\/es\/"},{"@type":"ListItem","position":2,"name":"Customizeyourbed SPA"}]},{"@type":"WebSite","@id":"https:\/\/rotobed.com\/es\/#website","url":"https:\/\/rotobed.com\/es\/","name":"RotoBed","description":"","potentialAction":[{"@type":"SearchAction","target":{"@type":"EntryPoint","urlTemplate":"https:\/\/rotobed.com\/es\/?s={search_term_string}"},"query-input":"required name=search_term_string"}],"inLanguage":"en-GB"}]}},"_links":{"self":[{"href":"https:\/\/rotobed.com\/es\/wp-json\/wp\/v2\/pages\/5788"}],"collection":[{"href":"https:\/\/rotobed.com\/es\/wp-json\/wp\/v2\/pages"}],"about":[{"href":"https:\/\/rotobed.com\/es\/wp-json\/wp\/v2\/types\/page"}],"author":[{"embeddable":true,"href":"https:\/\/rotobed.com\/es\/wp-json\/wp\/v2\/users\/2"}],"replies":[{"embeddable":true,"href":"https:\/\/rotobed.com\/es\/wp-json\/wp\/v2\/comments?post=5788"}],"version-history":[{"count":76,"href":"https:\/\/rotobed.com\/es\/wp-json\/wp\/v2\/pages\/5788\/revisions"}],"predecessor-version":[{"id":8150,"href":"https:\/\/rotobed.com\/es\/wp-json\/wp\/v2\/pages\/5788\/revisions\/8150"}],"wp:attachment":[{"href":"https:\/\/rotobed.com\/es\/wp-json\/wp\/v2\/media?parent=5788"}],"curies":[{"name":"wp","href":"https:\/\/api.w.org\/{rel}","templated":true}]}}