{"id":6562,"date":"2020-04-03T11:41:46","date_gmt":"2020-04-03T11:41:46","guid":{"rendered":"https:\/\/rotobed.com\/es\/?page_id=6562"},"modified":"2022-08-29T07:53:39","modified_gmt":"2022-08-29T07:53:39","slug":"porque-rotobed","status":"publish","type":"page","link":"https:\/\/rotobed.com\/es\/porque-rotobed\/","title":{"rendered":"why rotobed SPA"},"content":{"rendered":"<div style='height:40px' class='hr hr-invisible  '><span class='hr-inner ' ><span class='hr-inner-style'><\/span><\/span><\/div>\n<\/div><\/div><\/div><!-- close content main div --><\/div><\/div><div id='av-layout-grid-1' class='av-layout-grid-container entry-content-wrapper main_color av-flex-cells   av-border-cells container_wrap fullsize'   >\n<div class=\"flex_cell no_margin av_one_third   \" style='vertical-align:top; padding:30px; '><div class='flex_cell_inner' ><section class=\"av_textblock_section \"  itemscope=\"itemscope\" itemtype=\"https:\/\/schema.org\/CreativeWork\" ><div class='avia_textblock  '   itemprop=\"text\" ><p style=\"text-align: center;\"><strong>RotoBed\u00ae ApS<\/strong><\/p>\n<\/div><\/section><br \/>\n<div class='avia-image-container  av-styling-    avia-align-center '  itemprop=\"ImageObject\" itemscope=\"itemscope\" itemtype=\"https:\/\/schema.org\/ImageObject\"  ><div class='avia-image-container-inner'><img class='avia_image ' src='https:\/\/rotobed.com\/es\/wp-content\/uploads\/2020\/01\/A3-81052-Milj\u00f8-495x400.jpg' alt='rotating bed rotobed care' title='RotoBed\u00aeHome stripes'   itemprop=\"thumbnailUrl\"  \/><\/div><\/div><br \/>\n<section class=\"av_textblock_section \"  itemscope=\"itemscope\" itemtype=\"https:\/\/schema.org\/CreativeWork\" ><div class='avia_textblock  '   itemprop=\"text\" ><p>RotoBed\u00ae es una empresa danesa y suministra las exclusivas camas giratorias RotoBed\u00aeFree y RotoBed\u00aeHome a grandes partes del mundo.<\/p>\n<p>Nuestras camas giratorias son el resultado de una amplia investigaci\u00f3n e innovaci\u00f3n, y al trabajar en estrecha colaboraci\u00f3n con los individuos, los cuidadores, las familias, las instituciones y las municipalidades, presentamos una soluci\u00f3n personal en cada caso individual que satisface las necesidades del usuario y aumenta la flexibilidad y la libertad.<\/p>\n<p>Nuestra empresa se basa en la calidad y el servicio, y en la individualidad. Respetamos las necesidades personales y buscamos hacer a nuestros clientes m\u00e1s independientes &#8211; mientras ayudamos a las familias, cuidadores y asilos a reducir las situaciones de trabajo desagradables<strong>.<\/strong><\/p>\n<\/div><\/section><\/p>\n<\/div><\/div><div class=\"flex_cell no_margin av_one_third   \" style='vertical-align:top; padding:30px; '><div class='flex_cell_inner' ><section class=\"av_textblock_section \"  itemscope=\"itemscope\" itemtype=\"https:\/\/schema.org\/CreativeWork\" ><div class='avia_textblock  '   itemprop=\"text\" ><p style=\"text-align: center;\"><strong>Dise\u00f1o curativo<\/strong><\/p>\n<\/div><\/section><br \/>\n<div class='avia-image-container  av-styling-    avia-align-center '  itemprop=\"ImageObject\" itemscope=\"itemscope\" itemtype=\"https:\/\/schema.org\/ImageObject\"  ><div class='avia-image-container-inner'><img class='avia_image ' src='https:\/\/rotobed.com\/es\/wp-content\/uploads\/2017\/11\/rotobet_background-495x400.jpg' alt='rotobed design hans sandgren jakobsen' title='Hans Sandgren Jakobsen'   itemprop=\"thumbnailUrl\"  \/><\/div><\/div><br \/>\n<section class=\"av_textblock_section \"  itemscope=\"itemscope\" itemtype=\"https:\/\/schema.org\/CreativeWork\" ><div class='avia_textblock  '   itemprop=\"text\" ><p>Varios estudios cient\u00edficos demuestran que el bienestar f\u00edsico y mental de las personas est\u00e1 fuertemente influenciado por el medio ambiente.<\/p>\n<p>RotoBed\u00ae cree que un buen dise\u00f1o tambi\u00e9n contribuye a una mejor calidad de vida, y que las fr\u00edas e impersonales camas de acero pueden hacer lo contrario.<\/p>\n<p>Por eso nos asociamos con el galardonado dise\u00f1ador dan\u00e9s de muebles Hans Sandgren Jakobsen, que cre\u00f3 el armonioso aspecto de RotoBed\u00ae.<\/p>\n<p>Hans Sandgren Jakobsen es un maestro del detalle y ha creado el aspecto \u00fanico de RotoBed\u00ae, as\u00ed como accesorios como la hermosa mesa de noche RotoBed\u00ae.<\/p>\n<\/div><\/section><\/p>\n<\/div><\/div><div class=\"flex_cell no_margin av_one_third   \" style='vertical-align:top; padding:30px; '><div class='flex_cell_inner' ><section class=\"av_textblock_section \"  itemscope=\"itemscope\" itemtype=\"https:\/\/schema.org\/CreativeWork\" ><div class='avia_textblock  '   itemprop=\"text\" ><p style=\"text-align: center;\"><strong>Valores<\/strong><\/p>\n<\/div><\/section><br \/>\n<div class='avia-image-container  av-styling-    avia-align-center '  itemprop=\"ImageObject\" itemscope=\"itemscope\" itemtype=\"https:\/\/schema.org\/ImageObject\"  ><div class='avia-image-container-inner'><img class='avia_image ' src='https:\/\/rotobed.com\/es\/wp-content\/uploads\/2020\/04\/Hvidkilde-svane-495x400.jpg' alt='rotobed rotating care bed values' title='RotoBed\u00ae Park'   itemprop=\"thumbnailUrl\"  \/><\/div><\/div><br \/>\n<section class=\"av_textblock_section \"  itemscope=\"itemscope\" itemtype=\"https:\/\/schema.org\/CreativeWork\" ><div class='avia_textblock  '   itemprop=\"text\" ><p>El RotoBed\u00ae tiene el respeto como valor fundamental.<\/p>\n<p>Desde nuestra fundaci\u00f3n hace dos d\u00e9cadas, nos hemos centrado en mejorar la calidad de vida de los pacientes y ciudadanos con capacidad reducida. Por respeto a la necesidad &#8211; y el derecho &#8211; de todos a vivir una vida de la mayor calidad, libertad y dignidad posible.<\/p>\n<p>Respetamos otras culturas y nos complace mucho trabajar y ayudar a la gente de todo el mundo. Desde el Canad\u00e1 hasta China, desde Suecia hasta Kenye.<\/p>\n<p>Respetamos la naturaleza y reconocemos nuestra responsabilidad de esforzarnos por dejar la menor huella posible en nuestro camino. Buscamos constantemente soluciones m\u00e1s respetuosas con el medio ambiente en los textiles, el embalaje, la producci\u00f3n y m\u00e1s.<\/p>\n<\/div><\/section><\/p>\n<\/div><\/div><\/div>\n","protected":false},"excerpt":{"rendered":"","protected":false},"author":2,"featured_media":0,"parent":0,"menu_order":0,"comment_status":"closed","ping_status":"closed","template":"","meta":{"footnotes":""},"yoast_head":"<!-- This site is optimized with the Yoast SEO plugin v21.7 - https:\/\/yoast.com\/wordpress\/plugins\/seo\/ -->\n<title>why rotobed SPA - RotoBed<\/title>\n<meta name=\"robots\" content=\"index, follow, max-snippet:-1, max-image-preview:large, max-video-preview:-1\" \/>\n<link rel=\"canonical\" href=\"https:\/\/rotobed.com\/es\/porque-rotobed\/\" \/>\n<meta property=\"og:locale\" content=\"en_GB\" \/>\n<meta property=\"og:type\" content=\"article\" \/>\n<meta property=\"og:title\" content=\"why rotobed SPA - RotoBed\" \/>\n<meta property=\"og:url\" content=\"https:\/\/rotobed.com\/es\/porque-rotobed\/\" \/>\n<meta property=\"og:site_name\" content=\"RotoBed\" \/>\n<meta property=\"article:modified_time\" content=\"2022-08-29T07:53:39+00:00\" \/>\n<meta name=\"twitter:card\" content=\"summary_large_image\" \/>\n<meta name=\"twitter:label1\" content=\"Estimated reading time\" \/>\n\t<meta name=\"twitter:data1\" content=\"4 minutes\" \/>\n<script type=\"application\/ld+json\" class=\"yoast-schema-graph\">{\"@context\":\"https:\/\/schema.org\",\"@graph\":[{\"@type\":\"WebPage\",\"@id\":\"https:\/\/rotobed.com\/es\/porque-rotobed\/\",\"url\":\"https:\/\/rotobed.com\/es\/porque-rotobed\/\",\"name\":\"why rotobed SPA - RotoBed\",\"isPartOf\":{\"@id\":\"https:\/\/rotobed.com\/es\/#website\"},\"datePublished\":\"2020-04-03T11:41:46+00:00\",\"dateModified\":\"2022-08-29T07:53:39+00:00\",\"breadcrumb\":{\"@id\":\"https:\/\/rotobed.com\/es\/porque-rotobed\/#breadcrumb\"},\"inLanguage\":\"en-GB\",\"potentialAction\":[{\"@type\":\"ReadAction\",\"target\":[\"https:\/\/rotobed.com\/es\/porque-rotobed\/\"]}]},{\"@type\":\"BreadcrumbList\",\"@id\":\"https:\/\/rotobed.com\/es\/porque-rotobed\/#breadcrumb\",\"itemListElement\":[{\"@type\":\"ListItem\",\"position\":1,\"name\":\"Hjem\",\"item\":\"https:\/\/rotobed.com\/es\/\"},{\"@type\":\"ListItem\",\"position\":2,\"name\":\"why rotobed SPA\"}]},{\"@type\":\"WebSite\",\"@id\":\"https:\/\/rotobed.com\/es\/#website\",\"url\":\"https:\/\/rotobed.com\/es\/\",\"name\":\"RotoBed\",\"description\":\"\",\"potentialAction\":[{\"@type\":\"SearchAction\",\"target\":{\"@type\":\"EntryPoint\",\"urlTemplate\":\"https:\/\/rotobed.com\/es\/?s={search_term_string}\"},\"query-input\":\"required name=search_term_string\"}],\"inLanguage\":\"en-GB\"}]}<\/script>\n<!-- \/ Yoast SEO plugin. -->","yoast_head_json":{"title":"why rotobed SPA - RotoBed","robots":{"index":"index","follow":"follow","max-snippet":"max-snippet:-1","max-image-preview":"max-image-preview:large","max-video-preview":"max-video-preview:-1"},"canonical":"https:\/\/rotobed.com\/es\/porque-rotobed\/","og_locale":"en_GB","og_type":"article","og_title":"why rotobed SPA - RotoBed","og_url":"https:\/\/rotobed.com\/es\/porque-rotobed\/","og_site_name":"RotoBed","article_modified_time":"2022-08-29T07:53:39+00:00","twitter_card":"summary_large_image","twitter_misc":{"Estimated reading time":"4 minutes"},"schema":{"@context":"https:\/\/schema.org","@graph":[{"@type":"WebPage","@id":"https:\/\/rotobed.com\/es\/porque-rotobed\/","url":"https:\/\/rotobed.com\/es\/porque-rotobed\/","name":"why rotobed SPA - RotoBed","isPartOf":{"@id":"https:\/\/rotobed.com\/es\/#website"},"datePublished":"2020-04-03T11:41:46+00:00","dateModified":"2022-08-29T07:53:39+00:00","breadcrumb":{"@id":"https:\/\/rotobed.com\/es\/porque-rotobed\/#breadcrumb"},"inLanguage":"en-GB","potentialAction":[{"@type":"ReadAction","target":["https:\/\/rotobed.com\/es\/porque-rotobed\/"]}]},{"@type":"BreadcrumbList","@id":"https:\/\/rotobed.com\/es\/porque-rotobed\/#breadcrumb","itemListElement":[{"@type":"ListItem","position":1,"name":"Hjem","item":"https:\/\/rotobed.com\/es\/"},{"@type":"ListItem","position":2,"name":"why rotobed SPA"}]},{"@type":"WebSite","@id":"https:\/\/rotobed.com\/es\/#website","url":"https:\/\/rotobed.com\/es\/","name":"RotoBed","description":"","potentialAction":[{"@type":"SearchAction","target":{"@type":"EntryPoint","urlTemplate":"https:\/\/rotobed.com\/es\/?s={search_term_string}"},"query-input":"required name=search_term_string"}],"inLanguage":"en-GB"}]}},"_links":{"self":[{"href":"https:\/\/rotobed.com\/es\/wp-json\/wp\/v2\/pages\/6562"}],"collection":[{"href":"https:\/\/rotobed.com\/es\/wp-json\/wp\/v2\/pages"}],"about":[{"href":"https:\/\/rotobed.com\/es\/wp-json\/wp\/v2\/types\/page"}],"author":[{"embeddable":true,"href":"https:\/\/rotobed.com\/es\/wp-json\/wp\/v2\/users\/2"}],"replies":[{"embeddable":true,"href":"https:\/\/rotobed.com\/es\/wp-json\/wp\/v2\/comments?post=6562"}],"version-history":[{"count":8,"href":"https:\/\/rotobed.com\/es\/wp-json\/wp\/v2\/pages\/6562\/revisions"}],"predecessor-version":[{"id":8179,"href":"https:\/\/rotobed.com\/es\/wp-json\/wp\/v2\/pages\/6562\/revisions\/8179"}],"wp:attachment":[{"href":"https:\/\/rotobed.com\/es\/wp-json\/wp\/v2\/media?parent=6562"}],"curies":[{"name":"wp","href":"https:\/\/api.w.org\/{rel}","templated":true}]}}