{"id":662,"date":"2016-02-02T13:48:17","date_gmt":"2016-02-02T13:48:17","guid":{"rendered":"https:\/\/rotobed.com\/es\/?page_id=662"},"modified":"2022-04-06T09:34:23","modified_gmt":"2022-04-06T09:34:23","slug":"contacto-rotobed","status":"publish","type":"page","link":"https:\/\/rotobed.com\/es\/contacto-rotobed\/","title":{"rendered":"Contacto"},"content":{"rendered":"<div style='height:50px' class='hr hr-invisible  '><span class='hr-inner ' ><span class='hr-inner-style'><\/span><\/span><\/div>\n<form action=\"https:\/\/rotobed.com\/es\/contacto-rotobed\/\" method=\"post\"  class=\"avia_ajax_form av-form-labels-visible    \" data-avia-form-id=\"1\" data-avia-redirect=''><fieldset><h3>Env\u00edanos un correo<\/h3><p class=' first_form  form_element form_fullwidth' id='element_avia_1_1'><label for=\"avia_1_1\">Nombre <abbr class=\"required\" title=\"required\">*<\/abbr><\/label> <input name=\"avia_1_1\" class=\"text_input is_empty\" type=\"text\" id=\"avia_1_1\" value=\"\" \/><\/p><p class=' first_form  form_element form_fullwidth' id='element_avia_2_1'><label for=\"avia_2_1\">E-Mail <abbr class=\"required\" title=\"required\">*<\/abbr><\/label> <input name=\"avia_2_1\" class=\"text_input is_email\" type=\"text\" id=\"avia_2_1\" value=\"\" \/><\/p><p class=' first_form  form_element form_fullwidth' id='element_avia_3_1'><label for=\"avia_3_1\">Pa\u00eds <abbr class=\"required\" title=\"required\">*<\/abbr><\/label> <input name=\"avia_3_1\" class=\"text_input is_empty\" type=\"text\" id=\"avia_3_1\" value=\"\" \/><\/p><p class=' first_form  form_element form_fullwidth' id='element_avia_4_1'><label for=\"avia_4_1\">Tel\u00e9fono<\/label> <input name=\"avia_4_1\" class=\"text_input \" type=\"text\" id=\"avia_4_1\" value=\"\" \/><\/p><p class=' first_form  form_element form_fullwidth' id='element_avia_5_1'><label for=\"avia_5_1\"> Sujeto<\/label> <input name=\"avia_5_1\" class=\"text_input \" type=\"text\" id=\"avia_5_1\" value=\"\" \/><\/p><p class=' first_form  form_element form_fullwidth av-last-visible-form-element' id='element_avia_6_1'>\t <label for=\"avia_6_1\" class=\"textare_label hidden textare_label_avia_6_1\">Mensaje <abbr class=\"required\" title=\"required\">*<\/abbr><\/label>\t <textarea  name=\"avia_6_1\" class=\"text_area is_empty\" cols=\"40\" rows=\"7\" id=\"avia_6_1\" ><\/textarea><\/p><p class=\"hidden\"><input type=\"text\" name=\"avia_7_1\" class=\"hidden \" id=\"avia_7_1\" value=\"\" \/><\/p><p class=\"form_element \"><input type=\"hidden\" value=\"1\" name=\"avia_generated_form1\" \/><input type=\"submit\" value=\"Enviar\" class=\"button\"  data-sending-label=\"Sending\"\/><\/p><\/fieldset><\/form><div id=\"ajaxresponse_1\" class=\"ajaxresponse ajaxresponse_1 hidden\"><\/div>\n","protected":false},"excerpt":{"rendered":"","protected":false},"author":1,"featured_media":0,"parent":0,"menu_order":0,"comment_status":"closed","ping_status":"closed","template":"","meta":{"footnotes":""},"yoast_head":"<!-- This site is optimized with the Yoast SEO plugin v21.7 - https:\/\/yoast.com\/wordpress\/plugins\/seo\/ -->\n<title>Contacto RotoBed<\/title>\n<meta name=\"description\" content=\"\u00bfLe gustar\u00eda saber m\u00e1s sobre los beneficios de una cama RotoBed? Por favor, p\u00f3ngase en contacto con nosotros, y pronto estaremos a su servicio!\" \/>\n<meta name=\"robots\" content=\"index, follow, max-snippet:-1, max-image-preview:large, max-video-preview:-1\" \/>\n<link rel=\"canonical\" href=\"https:\/\/rotobed.com\/es\/contacto-rotobed\/\" \/>\n<meta property=\"og:locale\" content=\"en_GB\" \/>\n<meta property=\"og:type\" content=\"article\" \/>\n<meta property=\"og:title\" content=\"Contacto RotoBed\" \/>\n<meta property=\"og:description\" content=\"\u00bfLe gustar\u00eda saber m\u00e1s sobre los beneficios de una cama RotoBed? Por favor, p\u00f3ngase en contacto con nosotros, y pronto estaremos a su servicio!\" \/>\n<meta property=\"og:url\" content=\"https:\/\/rotobed.com\/es\/contacto-rotobed\/\" \/>\n<meta property=\"og:site_name\" content=\"RotoBed\" \/>\n<meta property=\"article:modified_time\" content=\"2022-04-06T09:34:23+00:00\" \/>\n<meta name=\"twitter:card\" content=\"summary_large_image\" \/>\n<meta name=\"twitter:label1\" content=\"Estimated reading time\" \/>\n\t<meta name=\"twitter:data1\" content=\"1 minute\" \/>\n<script type=\"application\/ld+json\" class=\"yoast-schema-graph\">{\"@context\":\"https:\/\/schema.org\",\"@graph\":[{\"@type\":\"WebPage\",\"@id\":\"https:\/\/rotobed.com\/es\/contacto-rotobed\/\",\"url\":\"https:\/\/rotobed.com\/es\/contacto-rotobed\/\",\"name\":\"Contacto RotoBed\",\"isPartOf\":{\"@id\":\"https:\/\/rotobed.com\/es\/#website\"},\"datePublished\":\"2016-02-02T13:48:17+00:00\",\"dateModified\":\"2022-04-06T09:34:23+00:00\",\"description\":\"\u00bfLe gustar\u00eda saber m\u00e1s sobre los beneficios de una cama RotoBed? Por favor, p\u00f3ngase en contacto con nosotros, y pronto estaremos a su servicio!\",\"breadcrumb\":{\"@id\":\"https:\/\/rotobed.com\/es\/contacto-rotobed\/#breadcrumb\"},\"inLanguage\":\"en-GB\",\"potentialAction\":[{\"@type\":\"ReadAction\",\"target\":[\"https:\/\/rotobed.com\/es\/contacto-rotobed\/\"]}]},{\"@type\":\"BreadcrumbList\",\"@id\":\"https:\/\/rotobed.com\/es\/contacto-rotobed\/#breadcrumb\",\"itemListElement\":[{\"@type\":\"ListItem\",\"position\":1,\"name\":\"Hjem\",\"item\":\"https:\/\/rotobed.com\/es\/\"},{\"@type\":\"ListItem\",\"position\":2,\"name\":\"Contacto\"}]},{\"@type\":\"WebSite\",\"@id\":\"https:\/\/rotobed.com\/es\/#website\",\"url\":\"https:\/\/rotobed.com\/es\/\",\"name\":\"RotoBed\",\"description\":\"\",\"potentialAction\":[{\"@type\":\"SearchAction\",\"target\":{\"@type\":\"EntryPoint\",\"urlTemplate\":\"https:\/\/rotobed.com\/es\/?s={search_term_string}\"},\"query-input\":\"required name=search_term_string\"}],\"inLanguage\":\"en-GB\"}]}<\/script>\n<!-- \/ Yoast SEO plugin. -->","yoast_head_json":{"title":"Contacto RotoBed","description":"\u00bfLe gustar\u00eda saber m\u00e1s sobre los beneficios de una cama RotoBed? Por favor, p\u00f3ngase en contacto con nosotros, y pronto estaremos a su servicio!","robots":{"index":"index","follow":"follow","max-snippet":"max-snippet:-1","max-image-preview":"max-image-preview:large","max-video-preview":"max-video-preview:-1"},"canonical":"https:\/\/rotobed.com\/es\/contacto-rotobed\/","og_locale":"en_GB","og_type":"article","og_title":"Contacto RotoBed","og_description":"\u00bfLe gustar\u00eda saber m\u00e1s sobre los beneficios de una cama RotoBed? Por favor, p\u00f3ngase en contacto con nosotros, y pronto estaremos a su servicio!","og_url":"https:\/\/rotobed.com\/es\/contacto-rotobed\/","og_site_name":"RotoBed","article_modified_time":"2022-04-06T09:34:23+00:00","twitter_card":"summary_large_image","twitter_misc":{"Estimated reading time":"1 minute"},"schema":{"@context":"https:\/\/schema.org","@graph":[{"@type":"WebPage","@id":"https:\/\/rotobed.com\/es\/contacto-rotobed\/","url":"https:\/\/rotobed.com\/es\/contacto-rotobed\/","name":"Contacto RotoBed","isPartOf":{"@id":"https:\/\/rotobed.com\/es\/#website"},"datePublished":"2016-02-02T13:48:17+00:00","dateModified":"2022-04-06T09:34:23+00:00","description":"\u00bfLe gustar\u00eda saber m\u00e1s sobre los beneficios de una cama RotoBed? Por favor, p\u00f3ngase en contacto con nosotros, y pronto estaremos a su servicio!","breadcrumb":{"@id":"https:\/\/rotobed.com\/es\/contacto-rotobed\/#breadcrumb"},"inLanguage":"en-GB","potentialAction":[{"@type":"ReadAction","target":["https:\/\/rotobed.com\/es\/contacto-rotobed\/"]}]},{"@type":"BreadcrumbList","@id":"https:\/\/rotobed.com\/es\/contacto-rotobed\/#breadcrumb","itemListElement":[{"@type":"ListItem","position":1,"name":"Hjem","item":"https:\/\/rotobed.com\/es\/"},{"@type":"ListItem","position":2,"name":"Contacto"}]},{"@type":"WebSite","@id":"https:\/\/rotobed.com\/es\/#website","url":"https:\/\/rotobed.com\/es\/","name":"RotoBed","description":"","potentialAction":[{"@type":"SearchAction","target":{"@type":"EntryPoint","urlTemplate":"https:\/\/rotobed.com\/es\/?s={search_term_string}"},"query-input":"required name=search_term_string"}],"inLanguage":"en-GB"}]}},"_links":{"self":[{"href":"https:\/\/rotobed.com\/es\/wp-json\/wp\/v2\/pages\/662"}],"collection":[{"href":"https:\/\/rotobed.com\/es\/wp-json\/wp\/v2\/pages"}],"about":[{"href":"https:\/\/rotobed.com\/es\/wp-json\/wp\/v2\/types\/page"}],"author":[{"embeddable":true,"href":"https:\/\/rotobed.com\/es\/wp-json\/wp\/v2\/users\/1"}],"replies":[{"embeddable":true,"href":"https:\/\/rotobed.com\/es\/wp-json\/wp\/v2\/comments?post=662"}],"version-history":[{"count":26,"href":"https:\/\/rotobed.com\/es\/wp-json\/wp\/v2\/pages\/662\/revisions"}],"predecessor-version":[{"id":7955,"href":"https:\/\/rotobed.com\/es\/wp-json\/wp\/v2\/pages\/662\/revisions\/7955"}],"wp:attachment":[{"href":"https:\/\/rotobed.com\/es\/wp-json\/wp\/v2\/media?parent=662"}],"curies":[{"name":"wp","href":"https:\/\/api.w.org\/{rel}","templated":true}]}}