{"id":7401,"date":"2020-11-10T13:13:33","date_gmt":"2020-11-10T13:13:33","guid":{"rendered":"https:\/\/rotobed.com\/es\/?page_id=7401"},"modified":"2022-08-10T07:16:56","modified_gmt":"2022-08-10T07:16:56","slug":"psp-parkinson","status":"publish","type":"page","link":"https:\/\/rotobed.com\/es\/psp-parkinson\/","title":{"rendered":"Hans Villadsen SPA"},"content":{"rendered":"<div style='height:10px' class='hr hr-invisible  '><span class='hr-inner ' ><span class='hr-inner-style'><\/span><\/span><\/div>\n<\/div><\/div><\/div><!-- close content main div --><\/div><\/div><div id='av-layout-grid-1' class='av-layout-grid-container entry-content-wrapper main_color av-flex-cells   av-border-cells container_wrap fullsize'   >\n<div class=\"flex_cell no_margin av_two_third   \" style='vertical-align:top; padding:30px; '><div class='flex_cell_inner' ><section class=\"av_textblock_section \"  itemscope=\"itemscope\" itemtype=\"https:\/\/schema.org\/CreativeWork\" ><div class='avia_textblock  '   itemprop=\"text\" ><h1 style=\"text-align: center;\"><strong><span style=\"color: #b50202;\">Afectado por PSP:<\/span><\/strong><\/h1>\n<h1 style=\"text-align: center;\">La RotoBed\u00ae volvi\u00f3 a encender la luz en los ojos de mi esposo<\/h1>\n<\/div><\/section><br \/>\n<div class='avia-image-container  av-styling-    avia-align-center '  itemprop=\"ImageObject\" itemscope=\"itemscope\" itemtype=\"https:\/\/schema.org\/ImageObject\"  ><div class='avia-image-container-inner'><img class='avia_image ' src='https:\/\/rotobed.com\/es\/wp-content\/uploads\/2020\/11\/Hans-Villadsen-og-Else-1030x693.jpg' alt='' title='Hans Villadsen og Else'   itemprop=\"thumbnailUrl\"  \/><\/div><\/div><br \/>\n<section class=\"av_textblock_section \"  itemscope=\"itemscope\" itemtype=\"https:\/\/schema.org\/CreativeWork\" ><div class='avia_textblock  '   itemprop=\"text\" ><h3><span style=\"color: #000000;\"><strong>PSP Parkinson: Despu\u00e9s de una larga vida como bombero y conductor de ambulancias, Hans Villadsen fue golpeado por PSP Parkinson y necesitaba ayuda. Se le otorg\u00f3 una RotoBed\u00aeFree y se volvi\u00f3 autosuficiente. M\u00e1s tarde le quitaron la cama, pero su esposa se neg\u00f3 a aceptarlo. Por su bien.<\/strong><\/span><\/h3>\n<p>Fue en la pista de baile de un club de jazz donde el cuerpo de Hans Villadsen mostr\u00f3 por primera vez signos de que algo andaba mal. Ten\u00eda 65 a\u00f1os y disfrutaba de un baile con su Else, cuando de repente dej\u00f3 de moverse. Se qued\u00f3 all\u00ed de pie, en medio de la pista de baile.<\/p>\n<p>&#8211; Tengo que volver a la mesa. Mis piernas no se mueven, dijo.<\/p>\n<p>Al principio, Else no pens\u00f3 m\u00e1s en la incidencia. \u00bfSu marido grande y fuerte podr\u00eda haber bebido demasiado una copa de vino? Pero con el tiempo, aparecieron m\u00e1s se\u00f1ales. Aunque Hans todav\u00eda andaba en bicicleta y parec\u00eda estar en forma, comenz\u00f3 a arrastrar los pies mientras caminaba. M\u00e1s tarde, un hombro lleg\u00f3 a colgar ligeramente. En 2012, tres a\u00f1os despu\u00e9s del baile en el club de jazz, a Hans Villadsen le diagnosticaron Parkinson. En 2016, se hizo evidente que padec\u00eda PSP Parkinson, una forma agresiva de Parkinson que provoca inseguridad en la marcha, problemas de equilibrio y tendencia a las ca\u00eddas repentinas.<\/p>\n<p>La pareja se las arregl\u00f3 juntos hasta hace dos a\u00f1os. En ese momento, Hans ten\u00eda tanta dificultad para controlar sus movimientos que a menudo se ca\u00eda cuando se met\u00eda o se levantaba de la cama. Y para Else, ya no era posible ayudar sola a su marido.<\/p>\n<p>&#8211; Ya no pod\u00eda levantar las piernas de la cama por s\u00ed mismo. Eran puro peso muerto, y \u00e9l pesa casi el doble que yo, as\u00ed que, naturalmente, no pude manejarlo, dice Else.<\/p>\n<p>Se necesitaba una soluci\u00f3n, y el municipio local propuso un RotoBed\u00aeFree. La pareja nunca antes hab\u00eda o\u00eddo hablar de una cama que pudiera girar al usuario fuera de la cama.<\/p>\n<p>&#8211; No \u00e9ramos para nada conscientes de que exist\u00eda, pero sonaba a sue\u00f1o. Est\u00e1bamos ansiosos por probarlo y marc\u00f3 una gran diferencia desde el principio. Hans todav\u00eda necesita un poco de orientaci\u00f3n, como decirle que mueva su pie derecho un poco hacia adelante y ese tipo de cosas, pero aparte de eso, ahora se levanta solo de la cama, dice Else.<\/p>\n<h2><strong><span style=\"color: #000000;\">Cuando la cama de Hans se convirti\u00f3 de repente en la cama del personal<\/span><\/strong><\/h2>\n<p>La enfermedad de Hans Villadsen se desarroll\u00f3 y, poco despu\u00e9s del A\u00f1o Nuevo de 2020, se mud\u00f3 a una residencia de ancianos y se llev\u00f3 la cama RotoBed\u00aeFree de su dormitorio. Y el personal del hogar de ancianos estaba tan entusiasmado con la cama como Hans. Pero luego la pareja tom\u00f3 una decisi\u00f3n que desafortunadamente les result\u00f3 costosa.<\/p>\n<p>&#8211; Decidimos mudarnos a otro municipio, donde hab\u00edamos encontrado un bonito centro de atenci\u00f3n con un jard\u00edn sensorial, que le sentaba muy bien a Hans. Pero ahora el antiguo municipio dijo que la cama era una ayuda para el beneficio del personal, no para Hans. Por lo tanto, no se nos permiti\u00f3 traer la cama y el nuevo municipio no le otorgar\u00eda una RotoBed\u00ae a Hans.<\/p>\n<p>De repente, ya no hab\u00eda una cama giratoria para ayudar a Hans a entrar y salir de la cama. Y Else estaba frustrada.<\/p>\n<p>&#8211; No puedo imaginar a Hans viviendo una vida siendo sacado de la cama y llevado a la cama. Colgar ah\u00ed y&#8230; es inc\u00f3modo e indigno. Pero esa era la alternativa a RotoBed\u00ae. Quiero que mantenga la movilidad que le queda, el mayor tiempo posible. Esta es la \u00fanica forma de hacerlo, porque ser izado significar\u00eda no usar las piernas, explica.<\/p>\n<p>Entonces, al final, Else y Hans encontraron el dinero para pagar ellos mismos una cama RotoBed\u00aeFree. Al principio, Hans se mostr\u00f3 reacio; no quer\u00eda que se gastara tanto dinero en \u00e9l, pero Else lo anul\u00f3.<\/p>\n<p>&#8211; Tuve que preguntar en el nuevo centro de cuidados si a Hans se le permit\u00eda llevarla con \u00e9l si compr\u00e1bamos una RotoBed\u00ae nosotros mismos. Afortunadamente, estaban emocionados, y tan pronto como se enteraron, buscaron videos de YouTube para ver \u201cla maravilla\u201d, dice, y agrega:<\/p>\n<p>&#8211; Realmente no entiendo por qu\u00e9 no todos los municipios invierten en ellos. Es un gran invento, y creo que vale la pena, porque ayuda a mantener la movilidad, y luego el personal evita dolores en los hombros y la espalda.<\/p>\n<p>Para Else, fue un alivio que su esposo obtuviera una cama RotoBed\u00ae, ya que le ahorraba el gran esfuerzo f\u00edsico de ayudarlo. Pero para Hans la cama ha significado a\u00fan m\u00e1s, dice ella. No solo gracias a la ayuda f\u00edsica, sino gracias a la dignidad de poder levantarse de la cama por s\u00ed mismo.<\/p>\n<p>&#8211; Hans ha sido jefe de bomberos y conductor de ambulancias durante 40 a\u00f1os. Toda su vida ha ayudado a otras personas. De repente, no pudo hacer nada por s\u00ed mismo y eso le result\u00f3 muy dif\u00edcil de aceptar. Cuando obtuvo su RotoBed\u00aeFree, volvi\u00f3 a ser m\u00e1s autosuficiente. Eso volvi\u00f3 a encender la luz en sus ojos.<\/p>\n<\/div><\/section><\/p>\n<\/div><\/div><div class=\"flex_cell no_margin av_one_third   \" style='vertical-align:top; padding:30px; '><div class='flex_cell_inner' ><p><div class='avia-image-container  av-styling-    avia-align-center '  itemprop=\"ImageObject\" itemscope=\"itemscope\" itemtype=\"https:\/\/schema.org\/ImageObject\"  ><div class='avia-image-container-inner'><img class='avia_image ' src='https:\/\/rotobed.com\/es\/wp-content\/uploads\/2020\/11\/hjerne-2.png' alt='bed for parkinson psp' title='RotoBed Parkinson'   itemprop=\"thumbnailUrl\"  \/><\/div><\/div><br \/>\n<section class=\"av_textblock_section \"  itemscope=\"itemscope\" itemtype=\"https:\/\/schema.org\/CreativeWork\" ><div class='avia_textblock  '   itemprop=\"text\" ><h5 style=\"text-align: center;\"><strong>\u00a0 \u00bfQu\u00e9 es PSP?<\/strong><\/h5>\n<p>La par\u00e1lisis supranuclear progresiva (PSP) es una afecci\u00f3n cerebral neurodegenerativa menos conocida que a veces se diagnostica err\u00f3neamente como enfermedad de Parkinson o enfermedad de Alzheimer (u otras formas de demencia). No hay causa o cura conocida. La mayor\u00eda de las veces, los pacientes tienen m\u00e1s de 60 a\u00f1os cuando se les diagnostica PSP, pero puede aparecer tan pronto como en los cuarenta. En las primeras etapas de la PSP existe una similitud con algunos s\u00edntomas de Parkinson. Por ello, la PSP Parkinson se incluye en un grupo de enfermedades denominadas S\u00edndrome de Parkinson Plus o Parkinsonismo At\u00edpico. Sin embargo, la PSP progresa mucho m\u00e1s r\u00e1pido, causa s\u00edntomas m\u00e1s graves, responde muy mal a los medicamentos para el Parkinson y tiene una expectativa de vida significativamente reducida. 5-6 personas de cada 100.000 tienen PSP (fuente: <a href=\"http:\/\/www.psp.org\">www.psp.org<\/a>)<\/p>\n<p><strong>S\u00edntomas<\/strong><\/p>\n<p>PSP Parkinson se caracteriza por cierta lentitud con rigidez muscular significativa en todo el cuerpo, especialmente en los m\u00fasculos del cuello y la espalda y, a veces, como resultado, una postura inclinada hacia atr\u00e1s. Rara vez se observa temblor. Por lo general, hay una cantidad igual de parkinsonismo en ambos lados del cuerpo. Los problemas motores conducen a menudo a importantes trastornos de la marcha y del equilibrio, as\u00ed como a la consiguiente tendencia a las ca\u00eddas. Esta tendencia a la ca\u00edda se ve a menudo exacerbada por la falta de movimiento de los ojos.<\/p>\n<p>Los movimientos lentos de los ojos complican las funciones cotidianas, por ejemplo, al comer o al caminar. Las dificultades visuales tambi\u00e9n pueden causar problemas en t\u00e9rminos de lectura de subt\u00edtulos en la televisi\u00f3n, ya que no puede mover los ojos lo suficientemente r\u00e1pido. La lectura en general puede ser experimentada como problem\u00e1tica, ya que puede ser dif\u00edcil mantener un ojo en la l\u00ednea individual, hacer saltos de l\u00ednea y saber qu\u00e9 tan abajo en el texto se ha llegado.<\/p>\n<p>Puede haber un efecto sobre la funci\u00f3n del habla y la degluci\u00f3n debido a la mala coordinaci\u00f3n y la lentitud en los m\u00fasculos de la boca y la garganta. Puede ocurrir estre\u00f1imiento y dificultad para vaciar la vejiga.<\/p>\n<p><strong>Tratamiento<\/strong><\/p>\n<p>A diferencia de la enfermedad de Parkinson, la PSP acorta la vida. Sin embargo, existen opciones de capacitaci\u00f3n y tratamiento que abordan los s\u00edntomas y as\u00ed podr\u00e1n aumentar la calidad de vida del individuo.<\/p>\n<p>Es importante que tanto el paciente como los familiares tengan una conversaci\u00f3n profunda con el neur\u00f3logo, donde pueda aclarar cualquier duda sobre la enfermedad y el diagn\u00f3stico individual. As\u00ed como la enfermedad y los s\u00edntomas son individuales, el tratamiento se adapta individualmente.<\/p>\n<\/div><\/section><br \/>\n<div  class='hr hr-default  '><span class='hr-inner ' ><span class='hr-inner-style'><\/span><\/span><\/div><br \/>\n<section class=\"av_textblock_section \"  itemscope=\"itemscope\" itemtype=\"https:\/\/schema.org\/CreativeWork\" ><div class='avia_textblock  '   itemprop=\"text\" ><h5><a href=\"https:\/\/rotobed.com\/es\/testimonios\/\"><strong>Who \u00bfQui\u00e9n m\u00e1s puede beneficiarse de una cama RotoBed\u00ae?<\/strong><\/a><\/h5>\n<h5><strong><br \/>\n<a href=\"https:\/\/rotobed.com\/es\/testimonios\/\">Vea lo que dicen los usuarios y familiares sobre sus experiencias.<\/a><\/strong><\/h5>\n<\/div><\/section><br \/>\n<div style='height:25px' class='hr hr-invisible  '><span class='hr-inner ' ><span class='hr-inner-style'><\/span><\/span><\/div><br \/>\n<div class='avia-image-container  av-styling-    avia-align-center '  itemprop=\"ImageObject\" itemscope=\"itemscope\" itemtype=\"https:\/\/schema.org\/ImageObject\"  ><div class='avia-image-container-inner'><a href='https:\/\/rotobed.com\/es\/testimonios\/' class='avia_image'  ><img class='avia_image ' src='https:\/\/rotobed.com\/es\/wp-content\/uploads\/2020\/01\/Lisbeth-02A-\u00a9-Jonas-Fotografi-1-4-300x200.jpg' alt='psp parkinson bed' title='RotoBed\u00ae testimonies'  itemprop=\"thumbnailUrl\"  \/><\/a><\/div><\/div><br \/>\n<div style='height:20px' class='hr hr-invisible  '><span class='hr-inner ' ><span class='hr-inner-style'><\/span><\/span><\/div><br \/>\n<div class='avia-button-wrap avia-button-center '><a href='https:\/\/rotobed.com\/es\/testimonios\/' class='avia-button   avia-icon_select-no avia-color-theme-color avia-size-x-large avia-position-center '   ><span class='avia_iconbox_title' >Mu\u00e9strame todos los testimonios de RotoBed\u00ae<\/span><\/a><\/div><\/p>\n<\/div><\/div><\/div>\n","protected":false},"excerpt":{"rendered":"","protected":false},"author":2,"featured_media":0,"parent":0,"menu_order":0,"comment_status":"closed","ping_status":"closed","template":"","meta":{"footnotes":""},"yoast_head":"<!-- This site is optimized with the Yoast SEO plugin v21.7 - https:\/\/yoast.com\/wordpress\/plugins\/seo\/ -->\n<title>PSP parkinson: A RotoBed\u00ae can be a tremendous help<\/title>\n<meta name=\"description\" content=\"Loss of muscle power, stiffness and a tendency to fall are are all PSP parkinson symptoms. The rotative RotoBed\u00ae helps you out of bed in less than a minute.\" \/>\n<meta name=\"robots\" content=\"index, follow, max-snippet:-1, max-image-preview:large, max-video-preview:-1\" \/>\n<link rel=\"canonical\" href=\"https:\/\/rotobed.com\/es\/psp-parkinson\/\" \/>\n<meta property=\"og:locale\" content=\"en_GB\" \/>\n<meta property=\"og:type\" content=\"article\" \/>\n<meta property=\"og:title\" content=\"PSP parkinson: A RotoBed\u00ae can be a tremendous help\" \/>\n<meta property=\"og:description\" content=\"Loss of muscle power, stiffness and a tendency to fall are are all PSP parkinson symptoms. The rotative RotoBed\u00ae helps you out of bed in less than a minute.\" \/>\n<meta property=\"og:url\" content=\"https:\/\/rotobed.com\/es\/psp-parkinson\/\" \/>\n<meta property=\"og:site_name\" content=\"RotoBed\" \/>\n<meta property=\"article:modified_time\" content=\"2022-08-10T07:16:56+00:00\" \/>\n<meta name=\"twitter:card\" content=\"summary_large_image\" \/>\n<meta name=\"twitter:label1\" content=\"Estimated reading time\" \/>\n\t<meta name=\"twitter:data1\" content=\"10 minutes\" \/>\n<script type=\"application\/ld+json\" class=\"yoast-schema-graph\">{\"@context\":\"https:\/\/schema.org\",\"@graph\":[{\"@type\":\"WebPage\",\"@id\":\"https:\/\/rotobed.com\/es\/psp-parkinson\/\",\"url\":\"https:\/\/rotobed.com\/es\/psp-parkinson\/\",\"name\":\"PSP parkinson: A RotoBed\u00ae can be a tremendous help\",\"isPartOf\":{\"@id\":\"https:\/\/rotobed.com\/es\/#website\"},\"datePublished\":\"2020-11-10T13:13:33+00:00\",\"dateModified\":\"2022-08-10T07:16:56+00:00\",\"description\":\"Loss of muscle power, stiffness and a tendency to fall are are all PSP parkinson symptoms. The rotative RotoBed\u00ae helps you out of bed in less than a minute.\",\"breadcrumb\":{\"@id\":\"https:\/\/rotobed.com\/es\/psp-parkinson\/#breadcrumb\"},\"inLanguage\":\"en-GB\",\"potentialAction\":[{\"@type\":\"ReadAction\",\"target\":[\"https:\/\/rotobed.com\/es\/psp-parkinson\/\"]}]},{\"@type\":\"BreadcrumbList\",\"@id\":\"https:\/\/rotobed.com\/es\/psp-parkinson\/#breadcrumb\",\"itemListElement\":[{\"@type\":\"ListItem\",\"position\":1,\"name\":\"Hjem\",\"item\":\"https:\/\/rotobed.com\/es\/\"},{\"@type\":\"ListItem\",\"position\":2,\"name\":\"Hans Villadsen SPA\"}]},{\"@type\":\"WebSite\",\"@id\":\"https:\/\/rotobed.com\/es\/#website\",\"url\":\"https:\/\/rotobed.com\/es\/\",\"name\":\"RotoBed\",\"description\":\"\",\"potentialAction\":[{\"@type\":\"SearchAction\",\"target\":{\"@type\":\"EntryPoint\",\"urlTemplate\":\"https:\/\/rotobed.com\/es\/?s={search_term_string}\"},\"query-input\":\"required name=search_term_string\"}],\"inLanguage\":\"en-GB\"}]}<\/script>\n<!-- \/ Yoast SEO plugin. -->","yoast_head_json":{"title":"PSP parkinson: A RotoBed\u00ae can be a tremendous help","description":"Loss of muscle power, stiffness and a tendency to fall are are all PSP parkinson symptoms. The rotative RotoBed\u00ae helps you out of bed in less than a minute.","robots":{"index":"index","follow":"follow","max-snippet":"max-snippet:-1","max-image-preview":"max-image-preview:large","max-video-preview":"max-video-preview:-1"},"canonical":"https:\/\/rotobed.com\/es\/psp-parkinson\/","og_locale":"en_GB","og_type":"article","og_title":"PSP parkinson: A RotoBed\u00ae can be a tremendous help","og_description":"Loss of muscle power, stiffness and a tendency to fall are are all PSP parkinson symptoms. The rotative RotoBed\u00ae helps you out of bed in less than a minute.","og_url":"https:\/\/rotobed.com\/es\/psp-parkinson\/","og_site_name":"RotoBed","article_modified_time":"2022-08-10T07:16:56+00:00","twitter_card":"summary_large_image","twitter_misc":{"Estimated reading time":"10 minutes"},"schema":{"@context":"https:\/\/schema.org","@graph":[{"@type":"WebPage","@id":"https:\/\/rotobed.com\/es\/psp-parkinson\/","url":"https:\/\/rotobed.com\/es\/psp-parkinson\/","name":"PSP parkinson: A RotoBed\u00ae can be a tremendous help","isPartOf":{"@id":"https:\/\/rotobed.com\/es\/#website"},"datePublished":"2020-11-10T13:13:33+00:00","dateModified":"2022-08-10T07:16:56+00:00","description":"Loss of muscle power, stiffness and a tendency to fall are are all PSP parkinson symptoms. The rotative RotoBed\u00ae helps you out of bed in less than a minute.","breadcrumb":{"@id":"https:\/\/rotobed.com\/es\/psp-parkinson\/#breadcrumb"},"inLanguage":"en-GB","potentialAction":[{"@type":"ReadAction","target":["https:\/\/rotobed.com\/es\/psp-parkinson\/"]}]},{"@type":"BreadcrumbList","@id":"https:\/\/rotobed.com\/es\/psp-parkinson\/#breadcrumb","itemListElement":[{"@type":"ListItem","position":1,"name":"Hjem","item":"https:\/\/rotobed.com\/es\/"},{"@type":"ListItem","position":2,"name":"Hans Villadsen SPA"}]},{"@type":"WebSite","@id":"https:\/\/rotobed.com\/es\/#website","url":"https:\/\/rotobed.com\/es\/","name":"RotoBed","description":"","potentialAction":[{"@type":"SearchAction","target":{"@type":"EntryPoint","urlTemplate":"https:\/\/rotobed.com\/es\/?s={search_term_string}"},"query-input":"required name=search_term_string"}],"inLanguage":"en-GB"}]}},"_links":{"self":[{"href":"https:\/\/rotobed.com\/es\/wp-json\/wp\/v2\/pages\/7401"}],"collection":[{"href":"https:\/\/rotobed.com\/es\/wp-json\/wp\/v2\/pages"}],"about":[{"href":"https:\/\/rotobed.com\/es\/wp-json\/wp\/v2\/types\/page"}],"author":[{"embeddable":true,"href":"https:\/\/rotobed.com\/es\/wp-json\/wp\/v2\/users\/2"}],"replies":[{"embeddable":true,"href":"https:\/\/rotobed.com\/es\/wp-json\/wp\/v2\/comments?post=7401"}],"version-history":[{"count":53,"href":"https:\/\/rotobed.com\/es\/wp-json\/wp\/v2\/pages\/7401\/revisions"}],"predecessor-version":[{"id":8141,"href":"https:\/\/rotobed.com\/es\/wp-json\/wp\/v2\/pages\/7401\/revisions\/8141"}],"wp:attachment":[{"href":"https:\/\/rotobed.com\/es\/wp-json\/wp\/v2\/media?parent=7401"}],"curies":[{"name":"wp","href":"https:\/\/api.w.org\/{rel}","templated":true}]}}