{"id":7987,"date":"2022-04-12T11:45:50","date_gmt":"2022-04-12T11:45:50","guid":{"rendered":"https:\/\/rotobed.com\/es\/?page_id=7987"},"modified":"2024-02-13T14:16:43","modified_gmt":"2024-02-13T14:16:43","slug":"rotobedchange","status":"publish","type":"page","link":"https:\/\/rotobed.com\/es\/rotobedchange\/","title":{"rendered":"RotoBed\u00aeChange"},"content":{"rendered":"<div style='height:20px' class='hr hr-invisible  '><span class='hr-inner ' ><span class='hr-inner-style'><\/span><\/span><\/div>\n<div class='avia-image-container  av-styling-    avia-align-center '  itemprop=\"ImageObject\" itemscope=\"itemscope\" itemtype=\"https:\/\/schema.org\/ImageObject\"  ><div class='avia-image-container-inner'><img class='avia_image ' src='https:\/\/rotobed.com\/es\/wp-content\/uploads\/2022\/04\/Gyda-Tr\u00e6-D1-3180-scaled.jpg' alt='' title='Gyda-Tr\u00e6 D1-3180'   itemprop=\"thumbnailUrl\"  \/><\/div><\/div>\n<div style='height:10px' class='hr hr-invisible  '><span class='hr-inner ' ><span class='hr-inner-style'><\/span><\/span><\/div>\n<div class=\"flex_column av_one_full  flex_column_div av-zero-column-padding first  \" style='border-radius:0px; '><section class=\"av_textblock_section \"  itemscope=\"itemscope\" itemtype=\"https:\/\/schema.org\/CreativeWork\" ><div class='avia_textblock  '   itemprop=\"text\" ><h1 style=\"text-align: center;\">\u00bfTe cuesta levantarte de la cama?<\/h1>\n<\/div><\/section><br \/>\n<div class='avia-gallery  avia-gallery-1 avia_lazyload avia_animate_when_visible '  itemprop=\"ImageObject\" itemscope=\"itemscope\" itemtype=\"https:\/\/schema.org\/ImageObject\" ><div class='avia-gallery-thumb'> <a href='https:\/\/rotobed.com\/es\/wp-content\/uploads\/2022\/04\/Gyda-Tr\u00e6-A-3215-1030x687.jpg' data-rel='gallery-1' data-prev-img='https:\/\/rotobed.com\/es\/wp-content\/uploads\/2022\/04\/Gyda-Tr\u00e6-A-3215-495x400.jpg' class='first_thumb lightbox ' data-onclick='1' title=''  itemprop=\"thumbnailUrl\" ><img  src='https:\/\/rotobed.com\/es\/wp-content\/uploads\/2022\/04\/Gyda-Tr\u00e6-A-3215-495x400.jpg' width='495' height='400'  title='RotoBed Change roto bed' alt='Muchos de nuestros usuarios sufren de EM. Los s\u00edntomas de esta condici\u00f3n incluyen debilidad muscular, fatiga y dificultad para caminar. Estos s\u00edntomas hacen que sea m\u00e1s dif\u00edcil controlar los movimientos del cuerpo. Por lo tanto, entrar y salir de la cama se convierte en una tarea extenuante, inmanejable y, a menudo, dolorosa.' \/><\/a> <a href='https:\/\/rotobed.com\/es\/wp-content\/uploads\/2022\/04\/Gyda-Tr\u00e6-D1-3180-1030x687.jpg' data-rel='gallery-1' data-prev-img='https:\/\/rotobed.com\/es\/wp-content\/uploads\/2022\/04\/Gyda-Tr\u00e6-D1-3180-495x400.jpg' class='lightbox ' data-onclick='2' title=''  itemprop=\"thumbnailUrl\" ><img  src='https:\/\/rotobed.com\/es\/wp-content\/uploads\/2022\/04\/Gyda-Tr\u00e6-D1-3180-495x400.jpg' width='495' height='400'  title='Gyda-Tr\u00e6 D1-3180' alt='' \/><\/a> <a href='https:\/\/rotobed.com\/es\/wp-content\/uploads\/2022\/04\/Gyda-Tr\u00e6-E1-3186-1030x687.jpg' data-rel='gallery-1' data-prev-img='https:\/\/rotobed.com\/es\/wp-content\/uploads\/2022\/04\/Gyda-Tr\u00e6-E1-3186-495x400.jpg' class='lightbox ' data-onclick='3' title=''  itemprop=\"thumbnailUrl\" ><img  src='https:\/\/rotobed.com\/es\/wp-content\/uploads\/2022\/04\/Gyda-Tr\u00e6-E1-3186-495x400.jpg' width='495' height='400'  title='RotoBed\u00ae posici\u00f3n de pie' alt='RotoBed\u00ae posici\u00f3n de pie' \/><\/a><\/div><\/div><\/p><\/div>\n<div style='height:10px' class='hr hr-invisible  '><span class='hr-inner ' ><span class='hr-inner-style'><\/span><\/span><\/div>\n<div class=\"flex_column av_one_half  no_margin flex_column_div av-zero-column-padding first  \" style='background-color:#a8a8a8; border-radius:0px; '><p><div style='height:27px' class='hr hr-invisible  '><span class='hr-inner ' ><span class='hr-inner-style'><\/span><\/span><\/div><br \/>\n<section class=\"av_textblock_section \"  itemscope=\"itemscope\" itemtype=\"https:\/\/schema.org\/CreativeWork\" ><div class='avia_textblock  '  style='font-size:20px; '  itemprop=\"text\" ><h3 style=\"text-align: center;\"><strong>Con RotoBed\u00aeChange, la vida ser\u00e1 m\u00e1s f\u00e1cil<\/strong><\/h3>\n<p style=\"text-align: center;\">Lo levanta suavemente de la cama en menos de un minuto<\/p>\n<p style=\"text-align: center;\">Sin esfuerzo f\u00edsico, solo presione 1 bot\u00f3n<\/p>\n<p style=\"text-align: center;\">Te da libertad, movilidad, dignidad y calidad de vida<\/p>\n<\/div><\/section><br \/>\n<section class=\"av_textblock_section \"  itemscope=\"itemscope\" itemtype=\"https:\/\/schema.org\/CreativeWork\" ><div class='avia_textblock  '  style='font-size:27px; '  itemprop=\"text\" ><p style=\"text-align: center;\"><span style=\"color: #ffffff;\">No conf\u00ede en nuestra palabra: deje que algunos de nuestros muchos usuarios satisfechos lo convenzan<\/span><\/p>\n<\/div><\/section><br \/>\n<div class='avia-image-container  av-styling-    avia-align-center '  itemprop=\"ImageObject\" itemscope=\"itemscope\" itemtype=\"https:\/\/schema.org\/ImageObject\"  ><div class='avia-image-container-inner'><img class='avia_image ' src='https:\/\/rotobed.com\/es\/wp-content\/uploads\/2022\/04\/Salling-01-@JonasFotografi-1030x687.jpg' alt='' title='Salling 01 @JonasFotografi'   itemprop=\"thumbnailUrl\"  \/><\/div><\/div><br \/>\n<div class='avia-button-wrap avia-button-center '><a href='https:\/\/rotobed.com\/es\/michael-salling-spa\/' class='avia-button   avia-icon_select-no avia-color-theme-color avia-size-small avia-position-center '   ><span class='avia_iconbox_title' >Vea c\u00f3mo nuestros usuarios describen su vida con una cama RotoBed\u00ae<\/span><\/a><\/div><br \/>\n<div style='height:21px' class='hr hr-invisible  '><span class='hr-inner ' ><span class='hr-inner-style'><\/span><\/span><\/div><\/p><\/div><div class=\"flex_column av_one_half  no_margin flex_column_div av-zero-column-padding   \" style='background-color:#83a846; border-radius:0px; '><p><div style='height:12px' class='hr hr-invisible  '><span class='hr-inner ' ><span class='hr-inner-style'><\/span><\/span><\/div><br \/>\n<section class=\"av_textblock_section \"  itemscope=\"itemscope\" itemtype=\"https:\/\/schema.org\/CreativeWork\" ><div class='avia_textblock  '  style='font-size:32px; '  itemprop=\"text\" ><p style=\"text-align: center;\"><span style=\"color: #0a4025;\"><a style=\"color: #0a4025;\" href=\"https:\/\/rotobed.com\/en\/wp-content\/uploads\/2021\/11\/EN-RotoBed\u00aeChange-Classic-Home.pdf\">Puede leer mucho m\u00e1s sobre nuestras camas en este folleto<\/a><\/span><\/p>\n<\/div><\/section><br \/>\n<div style='height:12px' class='hr hr-invisible  '><span class='hr-inner ' ><span class='hr-inner-style'><\/span><\/span><\/div><br \/>\n<div class='avia-image-container  av-styling-    avia-align-center '  itemprop=\"ImageObject\" itemscope=\"itemscope\" itemtype=\"https:\/\/schema.org\/ImageObject\"  ><div class='avia-image-container-inner'><a href='https:\/\/rotobed.com\/es\/wp-content\/uploads\/2022\/09\/SPA-Brochure-RotoBed\u00aeChange.pdf' class='avia_image'  ><img class='avia_image ' src='https:\/\/rotobed.com\/es\/wp-content\/uploads\/2022\/09\/SPA-brochure-forside-.jpg' alt='RotoBed Change cama' title='SPA brochure forside'  itemprop=\"thumbnailUrl\"  \/><\/a><\/div><\/div><br \/>\n<div style='height:62px' class='hr hr-invisible  '><span class='hr-inner ' ><span class='hr-inner-style'><\/span><\/span><\/div><\/p><\/div><\/p>\n<div class=\"flex_column av_one_half  no_margin flex_column_div av-zero-column-padding first  \" style='background-color:#5e5e5e; border-radius:0px; '><section class=\"av_textblock_section \"  itemscope=\"itemscope\" itemtype=\"https:\/\/schema.org\/CreativeWork\" ><div class='avia_textblock  '  style='font-size:20px; '  itemprop=\"text\" ><p style=\"text-align: center;\"><span style=\"color: #ffffff;\">Nuestras camas ocupan el m\u00ednimo espacio en la habitaci\u00f3n<\/span><\/p>\n<\/div><\/section><br \/>\n<div class='avia-image-container  av-styling-    avia-align-center '  itemprop=\"ImageObject\" itemscope=\"itemscope\" itemtype=\"https:\/\/schema.org\/ImageObject\"  ><div class='avia-image-container-inner'><img class='avia_image ' src='https:\/\/rotobed.com\/es\/wp-content\/uploads\/2022\/05\/Flad-skitse-RotoBed\u00ae-Change-rotated.jpg' alt='' title='Flad skitse RotoBed\u00ae Change'   itemprop=\"thumbnailUrl\"  \/><\/div><\/div><br \/>\n<div style='height:10px' class='hr hr-invisible  '><span class='hr-inner ' ><span class='hr-inner-style'><\/span><\/span><\/div><br \/>\n<section class=\"av_textblock_section \"  itemscope=\"itemscope\" itemtype=\"https:\/\/schema.org\/CreativeWork\" ><div class='avia_textblock  '  style='font-size:24px; '  itemprop=\"text\" ><h3 style=\"text-align: center;\"><span style=\"color: #ffffff;\"><strong>\u00a1RotoBed\u00aeChange es tan hermoso que su pareja tambi\u00e9n querr\u00e1 uno! El armonioso dise\u00f1o dan\u00e9s ha ganado varios premios de dise\u00f1o codiciados.<\/strong><\/span><\/h3>\n<\/div><\/section><br \/>\n<div style='height:15px' class='hr hr-invisible  '><span class='hr-inner ' ><span class='hr-inner-style'><\/span><\/span><\/div><\/p><\/div>\n<div class=\"flex_column av_one_half  no_margin flex_column_div av-zero-column-padding   \" style='border-radius:0px; '><p><br \/>\n<div class='avia-image-container  av-styling- av-hover-grow   avia-align-center '  itemprop=\"ImageObject\" itemscope=\"itemscope\" itemtype=\"https:\/\/schema.org\/ImageObject\"  ><div class='avia-image-container-inner'><img class='avia_image ' src='https:\/\/rotobed.com\/es\/wp-content\/uploads\/2022\/05\/DB-JPEG.jpg' alt='' title='DB-JPEG'   itemprop=\"thumbnailUrl\"  \/><\/div><\/div><\/p><\/div>\n<div style='height:10px' class='hr hr-invisible  '><span class='hr-inner ' ><span class='hr-inner-style'><\/span><\/span><\/div>\n<div class='avia-gallery  avia-gallery-2 avia_lazyload avia_animate_when_visible '  itemprop=\"ImageObject\" itemscope=\"itemscope\" itemtype=\"https:\/\/schema.org\/ImageObject\" ><div class='avia-gallery-thumb'> <a href='https:\/\/rotobed.com\/es\/wp-content\/uploads\/2022\/05\/IF-Design-Award-delt-1.jpg' data-rel='gallery-2' data-prev-img='https:\/\/rotobed.com\/es\/wp-content\/uploads\/2022\/05\/IF-Design-Award-delt-1-495x400.jpg' class='first_thumb lightbox ' data-onclick='1' title=''  itemprop=\"thumbnailUrl\" ><img  src='https:\/\/rotobed.com\/es\/wp-content\/uploads\/2022\/05\/IF-Design-Award-delt-1-495x400.jpg' width='495' height='400'  title='IF Design Award delt 1' alt='' \/><\/a> <a href='https:\/\/rotobed.com\/es\/wp-content\/uploads\/2022\/05\/IF-Design-Award-delt-2.jpg' data-rel='gallery-2' data-prev-img='https:\/\/rotobed.com\/es\/wp-content\/uploads\/2022\/05\/IF-Design-Award-delt-2-495x400.jpg' class='lightbox ' data-onclick='2' title=''  itemprop=\"thumbnailUrl\" ><img  src='https:\/\/rotobed.com\/es\/wp-content\/uploads\/2022\/05\/IF-Design-Award-delt-2-495x400.jpg' width='495' height='400'  title='IF Design Award delt 2' alt='' \/><\/a> <a href='https:\/\/rotobed.com\/es\/wp-content\/uploads\/2022\/05\/SIT-Furniture-Design-Award-2021-logo-1030x484.png' data-rel='gallery-2' data-prev-img='https:\/\/rotobed.com\/es\/wp-content\/uploads\/2022\/05\/SIT-Furniture-Design-Award-2021-logo-495x400.png' class='lightbox ' data-onclick='3' title=''  itemprop=\"thumbnailUrl\" ><img  src='https:\/\/rotobed.com\/es\/wp-content\/uploads\/2022\/05\/SIT-Furniture-Design-Award-2021-logo-495x400.png' width='495' height='400'  title='SIT-Furniture-Design-Award-2021 logo' alt='' \/><\/a> <a href='https:\/\/rotobed.com\/es\/wp-content\/uploads\/2022\/05\/IDA-21-Gold-1030x951.jpg' data-rel='gallery-2' data-prev-img='https:\/\/rotobed.com\/es\/wp-content\/uploads\/2022\/05\/IDA-21-Gold-495x400.jpg' class='lightbox ' data-onclick='4' title=''  itemprop=\"thumbnailUrl\" ><img  src='https:\/\/rotobed.com\/es\/wp-content\/uploads\/2022\/05\/IDA-21-Gold-495x400.jpg' width='495' height='400'  title='IDA 21-Gold' alt='' \/><\/a> <a href='https:\/\/rotobed.com\/es\/wp-content\/uploads\/2022\/05\/EPDA-besk\u00e5ret.png' data-rel='gallery-2' data-prev-img='https:\/\/rotobed.com\/es\/wp-content\/uploads\/2022\/05\/EPDA-besk\u00e5ret-495x400.png' class='lightbox ' data-onclick='5' title=''  itemprop=\"thumbnailUrl\" ><img  src='https:\/\/rotobed.com\/es\/wp-content\/uploads\/2022\/05\/EPDA-besk\u00e5ret-495x400.png' width='495' height='400'  title='EPDA besk\u00e5ret' alt='' \/><\/a><\/div><\/div>\n<div class=\"flex_column av_one_half  no_margin flex_column_div av-zero-column-padding first  \" style='border-radius:0px; '><p><div class='avia-gallery  avia-gallery-3 avia_lazyload avia_animate_when_visible '  itemprop=\"ImageObject\" itemscope=\"itemscope\" itemtype=\"https:\/\/schema.org\/ImageObject\" ><a class='avia-gallery-big fakeLightbox lightbox avia-gallery-big-crop-thumb ' href='https:\/\/rotobed.com\/es\/wp-content\/uploads\/2022\/05\/RotoBed-LightPackage-kvadratisk-1030x1030.jpg'  data-onclick='1' title='RotoBed\u00aeLight Package' ><span class='avia-gallery-big-inner'  itemprop=\"thumbnailUrl\" >\t<img width='495' height='400' src='https:\/\/rotobed.com\/es\/wp-content\/uploads\/2022\/05\/RotoBed-LightPackage-kvadratisk-495x400.jpg' title='RotoBed LightPackage kvadratisk' alt='' \/>\t<span class='avia-gallery-caption'>RotoBed\u00aeLight Package<\/span><\/span><\/a><div class='avia-gallery-thumb'> <a href='https:\/\/rotobed.com\/es\/wp-content\/uploads\/2022\/05\/RotoBed-LightPackage-kvadratisk-1030x1030.jpg' data-rel='gallery-3' data-prev-img='https:\/\/rotobed.com\/es\/wp-content\/uploads\/2022\/05\/RotoBed-LightPackage-kvadratisk-495x400.jpg' class='first_thumb lightbox ' data-onclick='1' title='RotoBed\u00aeLight Package'  itemprop=\"thumbnailUrl\" ><img data-avia-tooltip='RotoBed\u00aeLight Package' src='https:\/\/rotobed.com\/es\/wp-content\/uploads\/2022\/05\/RotoBed-LightPackage-kvadratisk-495x400.jpg' width='495' height='400'  title='RotoBed LightPackage kvadratisk' alt='' \/><\/a> <a href='https:\/\/rotobed.com\/es\/wp-content\/uploads\/2019\/12\/Rotobed-Sidetable-Wooden-parts-HSJD-06.06.19-1030x721.jpg' data-rel='gallery-3' data-prev-img='https:\/\/rotobed.com\/es\/wp-content\/uploads\/2019\/12\/Rotobed-Sidetable-Wooden-parts-HSJD-06.06.19-495x400.jpg' class='lightbox ' data-onclick='2' title='RotoBed\u00aeBedside Table'  itemprop=\"thumbnailUrl\" ><img data-avia-tooltip='RotoBed\u00aeBedside Table' src='https:\/\/rotobed.com\/es\/wp-content\/uploads\/2019\/12\/Rotobed-Sidetable-Wooden-parts-HSJD-06.06.19-495x400.jpg' width='495' height='400'  title='RotoBed\u00aeBedside Table' alt='pivot bed bedside table' \/><\/a> <a href='https:\/\/rotobed.com\/es\/wp-content\/uploads\/2020\/04\/Pude-besk\u00e5ret-2-1030x1030.jpg' data-rel='gallery-3' data-prev-img='https:\/\/rotobed.com\/es\/wp-content\/uploads\/2020\/04\/Pude-besk\u00e5ret-2-495x400.jpg' class='lightbox ' data-onclick='3' title='RotoBed\u00aePillow'  itemprop=\"thumbnailUrl\" ><img data-avia-tooltip='RotoBed\u00aePillow' src='https:\/\/rotobed.com\/es\/wp-content\/uploads\/2020\/04\/Pude-besk\u00e5ret-2-495x400.jpg' width='495' height='400'  title='RotoBed\u00aePillow' alt='rotobed rotation v\u00e5rds\u00e4ng pute' \/><\/a> <a href='https:\/\/rotobed.com\/es\/wp-content\/uploads\/2019\/12\/RemoteControl-Wireless-1030x1030.jpg' data-rel='gallery-3' data-prev-img='https:\/\/rotobed.com\/es\/wp-content\/uploads\/2019\/12\/RemoteControl-Wireless-495x400.jpg' class='lightbox ' data-onclick='4' title='RotoBed\u00aeWireless'  itemprop=\"thumbnailUrl\" ><img data-avia-tooltip='RotoBed\u00aeWireless' src='https:\/\/rotobed.com\/es\/wp-content\/uploads\/2019\/12\/RemoteControl-Wireless-495x400.jpg' width='495' height='400'  title='RemoteControl Wireless' alt='RotoBed care bed nursing bed remote control' \/><\/a><\/div><\/div><br \/>\n<\/p><\/div>\n<div class=\"flex_column av_one_half  no_margin flex_column_div av-zero-column-padding   \" style='border-radius:0px; '><p><div style='height:20px' class='hr hr-invisible  '><span class='hr-inner ' ><span class='hr-inner-style'><\/span><\/span><\/div><br \/>\n<section class=\"av_textblock_section \"  itemscope=\"itemscope\" itemtype=\"https:\/\/schema.org\/CreativeWork\" ><div class='avia_textblock  '  style='font-size:25px; '  itemprop=\"text\" ><p style=\"text-align: center;\"><span style=\"color: #ffffff;\"><strong><span style=\"color: #993300;\">RotoBed\u00ae ofrece una amplia variedad de accesorios funcionales. Gran parte de estos accesorios de alta calidad est\u00e1n especialmente dise\u00f1ados para RotoBed\u00ae con el fin de facilitar a\u00fan m\u00e1s el d\u00eda a d\u00eda del usuario.<\/span><\/strong><\/span><\/p>\n<\/div><\/section><br \/>\n<div class='avia-button-wrap avia-button-center '><a href='https:\/\/rotobed.com\/es\/rotobed-accesorios\/' class='avia-button   avia-icon_select-no avia-color-theme-color avia-size-x-large avia-position-center '   ><span class='avia_iconbox_title' >Puedes verlas todas aqu\u00ed<\/span><\/a><\/div><br \/>\n<div style=' margin-top:30px; margin-bottom:30px;'  class='hr hr-custom hr-center hr-icon-no  '><span class='hr-inner   inner-border-av-border-thin' style=' width:100%;' ><span class='hr-inner-style'><\/span><\/span><\/div><br \/>\n<section class=\"av_textblock_section \"  itemscope=\"itemscope\" itemtype=\"https:\/\/schema.org\/CreativeWork\" ><div class='avia_textblock  '  style='font-size:25px; '  itemprop=\"text\" ><p style=\"text-align: center;\"><span style=\"color: #ffffff;\"><strong><span style=\"color: #993300;\">\u00bfQuieres saber m\u00e1s sobre nuestras camas giratorias? Estamos encantados de ayudarle!<\/span><\/strong><\/span><\/p>\n<\/div><\/section><br \/>\n<div class='avia-button-wrap avia-button-center '><a href='https:\/\/rotobed.com\/es\/contacto-rotobed\/' class='avia-button   avia-icon_select-no avia-color-theme-color avia-size-x-large avia-position-center '   ><span class='avia_iconbox_title' >P\u00f3ngase en contacto con el equipo de RotoBed\u00ae<\/span><\/a><\/div><br \/>\n<\/p><\/div>\n<div style='height:20px' class='hr hr-invisible  '><span class='hr-inner ' ><span class='hr-inner-style'><\/span><\/span><\/div>\n","protected":false},"excerpt":{"rendered":"","protected":false},"author":2,"featured_media":0,"parent":0,"menu_order":0,"comment_status":"closed","ping_status":"closed","template":"","meta":{"footnotes":""},"yoast_head":"<!-- This site is optimized with the Yoast SEO plugin v21.7 - https:\/\/yoast.com\/wordpress\/plugins\/seo\/ -->\n<title>RotoBed\u00aeChange - RotoBed<\/title>\n<meta name=\"robots\" content=\"index, follow, max-snippet:-1, max-image-preview:large, max-video-preview:-1\" \/>\n<link rel=\"canonical\" href=\"https:\/\/rotobed.com\/es\/rotobedchange\/\" \/>\n<meta property=\"og:locale\" content=\"en_GB\" \/>\n<meta property=\"og:type\" content=\"article\" \/>\n<meta property=\"og:title\" content=\"RotoBed\u00aeChange - RotoBed\" \/>\n<meta property=\"og:url\" content=\"https:\/\/rotobed.com\/es\/rotobedchange\/\" \/>\n<meta property=\"og:site_name\" content=\"RotoBed\" \/>\n<meta property=\"article:modified_time\" content=\"2024-02-13T14:16:43+00:00\" \/>\n<meta name=\"twitter:card\" content=\"summary_large_image\" \/>\n<meta name=\"twitter:label1\" content=\"Estimated reading time\" \/>\n\t<meta name=\"twitter:data1\" content=\"4 minutes\" \/>\n<script type=\"application\/ld+json\" class=\"yoast-schema-graph\">{\"@context\":\"https:\/\/schema.org\",\"@graph\":[{\"@type\":\"WebPage\",\"@id\":\"https:\/\/rotobed.com\/es\/rotobedchange\/\",\"url\":\"https:\/\/rotobed.com\/es\/rotobedchange\/\",\"name\":\"RotoBed\u00aeChange - RotoBed\",\"isPartOf\":{\"@id\":\"https:\/\/rotobed.com\/es\/#website\"},\"datePublished\":\"2022-04-12T11:45:50+00:00\",\"dateModified\":\"2024-02-13T14:16:43+00:00\",\"breadcrumb\":{\"@id\":\"https:\/\/rotobed.com\/es\/rotobedchange\/#breadcrumb\"},\"inLanguage\":\"en-GB\",\"potentialAction\":[{\"@type\":\"ReadAction\",\"target\":[\"https:\/\/rotobed.com\/es\/rotobedchange\/\"]}]},{\"@type\":\"BreadcrumbList\",\"@id\":\"https:\/\/rotobed.com\/es\/rotobedchange\/#breadcrumb\",\"itemListElement\":[{\"@type\":\"ListItem\",\"position\":1,\"name\":\"Hjem\",\"item\":\"https:\/\/rotobed.com\/es\/\"},{\"@type\":\"ListItem\",\"position\":2,\"name\":\"RotoBed\u00aeChange\"}]},{\"@type\":\"WebSite\",\"@id\":\"https:\/\/rotobed.com\/es\/#website\",\"url\":\"https:\/\/rotobed.com\/es\/\",\"name\":\"RotoBed\",\"description\":\"\",\"potentialAction\":[{\"@type\":\"SearchAction\",\"target\":{\"@type\":\"EntryPoint\",\"urlTemplate\":\"https:\/\/rotobed.com\/es\/?s={search_term_string}\"},\"query-input\":\"required name=search_term_string\"}],\"inLanguage\":\"en-GB\"}]}<\/script>\n<!-- \/ Yoast SEO plugin. -->","yoast_head_json":{"title":"RotoBed\u00aeChange - RotoBed","robots":{"index":"index","follow":"follow","max-snippet":"max-snippet:-1","max-image-preview":"max-image-preview:large","max-video-preview":"max-video-preview:-1"},"canonical":"https:\/\/rotobed.com\/es\/rotobedchange\/","og_locale":"en_GB","og_type":"article","og_title":"RotoBed\u00aeChange - RotoBed","og_url":"https:\/\/rotobed.com\/es\/rotobedchange\/","og_site_name":"RotoBed","article_modified_time":"2024-02-13T14:16:43+00:00","twitter_card":"summary_large_image","twitter_misc":{"Estimated reading time":"4 minutes"},"schema":{"@context":"https:\/\/schema.org","@graph":[{"@type":"WebPage","@id":"https:\/\/rotobed.com\/es\/rotobedchange\/","url":"https:\/\/rotobed.com\/es\/rotobedchange\/","name":"RotoBed\u00aeChange - RotoBed","isPartOf":{"@id":"https:\/\/rotobed.com\/es\/#website"},"datePublished":"2022-04-12T11:45:50+00:00","dateModified":"2024-02-13T14:16:43+00:00","breadcrumb":{"@id":"https:\/\/rotobed.com\/es\/rotobedchange\/#breadcrumb"},"inLanguage":"en-GB","potentialAction":[{"@type":"ReadAction","target":["https:\/\/rotobed.com\/es\/rotobedchange\/"]}]},{"@type":"BreadcrumbList","@id":"https:\/\/rotobed.com\/es\/rotobedchange\/#breadcrumb","itemListElement":[{"@type":"ListItem","position":1,"name":"Hjem","item":"https:\/\/rotobed.com\/es\/"},{"@type":"ListItem","position":2,"name":"RotoBed\u00aeChange"}]},{"@type":"WebSite","@id":"https:\/\/rotobed.com\/es\/#website","url":"https:\/\/rotobed.com\/es\/","name":"RotoBed","description":"","potentialAction":[{"@type":"SearchAction","target":{"@type":"EntryPoint","urlTemplate":"https:\/\/rotobed.com\/es\/?s={search_term_string}"},"query-input":"required name=search_term_string"}],"inLanguage":"en-GB"}]}},"_links":{"self":[{"href":"https:\/\/rotobed.com\/es\/wp-json\/wp\/v2\/pages\/7987"}],"collection":[{"href":"https:\/\/rotobed.com\/es\/wp-json\/wp\/v2\/pages"}],"about":[{"href":"https:\/\/rotobed.com\/es\/wp-json\/wp\/v2\/types\/page"}],"author":[{"embeddable":true,"href":"https:\/\/rotobed.com\/es\/wp-json\/wp\/v2\/users\/2"}],"replies":[{"embeddable":true,"href":"https:\/\/rotobed.com\/es\/wp-json\/wp\/v2\/comments?post=7987"}],"version-history":[{"count":15,"href":"https:\/\/rotobed.com\/es\/wp-json\/wp\/v2\/pages\/7987\/revisions"}],"predecessor-version":[{"id":8241,"href":"https:\/\/rotobed.com\/es\/wp-json\/wp\/v2\/pages\/7987\/revisions\/8241"}],"wp:attachment":[{"href":"https:\/\/rotobed.com\/es\/wp-json\/wp\/v2\/media?parent=7987"}],"curies":[{"name":"wp","href":"https:\/\/api.w.org\/{rel}","templated":true}]}}