{"id":8056,"date":"2022-06-13T05:47:13","date_gmt":"2022-06-13T05:47:13","guid":{"rendered":"https:\/\/rotobed.com\/es\/?page_id=8056"},"modified":"2022-06-16T09:56:28","modified_gmt":"2022-06-16T09:56:28","slug":"michael-salling-spa","status":"publish","type":"page","link":"https:\/\/rotobed.com\/es\/michael-salling-spa\/","title":{"rendered":"Michael Salling SPA"},"content":{"rendered":"<\/div><\/div><\/div><!-- close content main div --><\/div><\/div><div id='av-layout-grid-1' class='av-layout-grid-container entry-content-wrapper main_color av-flex-cells   av-border-cells container_wrap fullsize'   >\n<div class=\"flex_cell no_margin av_two_third   \" style='vertical-align:top; padding:30px; '><div class='flex_cell_inner' ><p><div style='padding-bottom:20px;font-size:55px;' class='av-special-heading av-special-heading-h1  blockquote modern-quote modern-centered   av-inherit-size '><div class ='av-subheading av-subheading_above  ' style='font-size:18px;'><p>Michael tuvo 56 cuidadores en una semana para limpiarlo y ayudarlo a levantarse y acostarse<\/p>\n<\/div><h1 class='av-special-heading-tag '  itemprop=\"headline\"  >Ahora controlo mi propia vida<\/h1><div class='special-heading-border'><div class='special-heading-inner-border' ><\/div><\/div><\/div><br \/>\n<div style='height:15px' class='hr hr-invisible  '><span class='hr-inner ' ><span class='hr-inner-style'><\/span><\/span><\/div><br \/>\n<div class='avia-image-container  av-styling-    avia-align-center '  itemprop=\"ImageObject\" itemscope=\"itemscope\" itemtype=\"https:\/\/schema.org\/ImageObject\"  ><div class='avia-image-container-inner'><img class='avia_image ' src='https:\/\/rotobed.com\/es\/wp-content\/uploads\/2022\/04\/Salling-01-@JonasFotografi-1030x687.jpg' alt='' title='Salling 01 @JonasFotografi'   itemprop=\"thumbnailUrl\"  \/><\/div><\/div><br \/>\n<section class=\"av_textblock_section \"  itemscope=\"itemscope\" itemtype=\"https:\/\/schema.org\/CreativeWork\" ><div class='avia_textblock  '   itemprop=\"text\" ><h5><span style=\"color: #000000;\"><strong>Casado con Belinda y padre de 2 hijos, Michael desea vivir una vida lo m\u00e1s normal posible. Ser capaz de levantarse de la cama es una gran parte de esa vida.<\/strong><\/span><\/h5>\n<p>Michael Salling sufre de esclerosis m\u00faltiple. La enfermedad hace que sus m\u00fasculos y tendones, especialmente en la cadera, se traben, lo que le impide torcer el cuerpo y, por lo tanto, entrar y salir de la cama.<\/p>\n<p>No hace mucho, la escena era la siguiente cuando Michael sal\u00eda o se met\u00eda en su cama:<\/p>\n<p>1 cuidador se par\u00f3 junto a la cama de Michael, tratando de torcerlo y sacar su pierna por el borde de la cama. Un segundo cuidador estaba detr\u00e1s de la cama, listo para agarrar a Michael en caso de que cayera hacia atr\u00e1s. En los d\u00edas en que se sent\u00eda peor de lo normal, Michael era completamente incapaz de ayudarlo, por lo que su esposa tuvo que gatear sobre la cama y empujarlo, actuando como un tercer cuidador. Esta escena ocurr\u00eda cuatro veces al d\u00eda: ma\u00f1ana, tarde y antes y despu\u00e9s de la medianoche.<\/p>\n<p>&#8211; En una sola semana, tuvimos 56 cuidadores diferentes dentro y fuera de la casa. En medio de la era Corona, donde ten\u00edamos que mantener la distancia y desinfectar despu\u00e9s. A pesar de que todos eran muy amables, fue una carga enorme, dice la esposa de Michael, Belinda.<\/p>\n<p>Recientemente se top\u00f3 con un video con un RotoBed\u00ae, y puso su mente en movimiento. Una cama con rotaci\u00f3n podr\u00eda hacer exactamente lo que el propio Michael no pudo: llevarlo a una posici\u00f3n sentada y girar hacia la habitaci\u00f3n. \u00bfPodr\u00eda obtener tal subvenci\u00f3n del sistema de salud?<\/p>\n<p><strong>Un \u00e9xito instant\u00e1neo<\/strong><\/p>\n<p>El terapeuta ocupacional de Michael dio positivo, y se acord\u00f3 que Michael probar\u00eda una RotoBed\u00ae durante 3 semanas para ver si pod\u00eda ayudarlo. R\u00e1pidamente result\u00f3 que s\u00ed pod\u00eda.<\/p>\n<p>&#8211; Simplemente funcion\u00f3 al instante. Pod\u00eda levantarme de la cama y volver a acostarme sin ning\u00fan problema, incluso en los d\u00edas en que me sent\u00eda mal. Es un \u00e9xito digno de una medalla de oro, se\u00f1ala Michael.<\/p>\n<p>Menos de dos d\u00edas despu\u00e9s de que Michael recibiera su RotoBed\u00ae, \u00e9l mismo llam\u00f3 a la municipalidad con un mensaje claro:<\/p>\n<p>&#8211; Ya no tienes que enviar cuidadores para que vengan a ayudarme a levantarme de la cama. Esta cama lo soluciona todo.<\/p>\n<p>Michael Salling ha estado presente mucho durante su vida. Trabaj\u00f3 en Groenlandia como comprador estrat\u00e9gico para la Fuerza A\u00e9rea de EE. UU. \/ Contratistas de Groenlandia, desde Lego y m\u00e1s recientemente como capataz en el aeropuerto de Billund. Todav\u00eda trabaja algunas horas a la semana, le gusta llevar una vida activa y est\u00e1 feliz de que ya no est\u00e1 obligado a esperar a que lleguen los cuidadores del municipio.<\/p>\n<p>&#8211; Si quiero levantarme a las 6, me levanto. Si quiero dormir hasta las 9 en punto, lo hago. No tengo que acostarme 20 minutos antes de que termine una buena pel\u00edcula porque ya llegaron los cuidadores. Eso significa que yo decido sobre mi propia vida, y eso hace una gran diferencia, dice.<\/p>\n<p><strong>Listo para alcanzar una nueva meta<\/strong><\/p>\n<p>Ahora que Michael puede levantarse de la cama por s\u00ed mismo, se ha fijado una nueva meta. Hace medio a\u00f1o pudo caminar con la ayuda de un andador. Sin embargo, una violenta reacci\u00f3n a la vacuna del Covid-19 lo mand\u00f3 al hospital y agrav\u00f3 gravemente su estado, por lo que desde entonces ha tenido que usar la silla de ruedas. Est\u00e1 seguro de que su nueva cama giratoria puede ayudarlo a volver a caminar.<\/p>\n<p>&#8211; M\u00e1s temprano, cuando finalmente logr\u00e9 levantarme de la cama despu\u00e9s de luchar durante mucho tiempo, estaba empapado en sudor y completamente sin energ\u00eda. Ahora, como es tan f\u00e1cil levantarse, puedo ahorrar energ\u00eda para entrenar. Quiero poder caminar de nuevo.<\/p>\n<\/div><\/section><\/p>\n<\/div><\/div><div class=\"flex_cell no_margin av_one_third   \" style='vertical-align:top; padding:30px; '><div class='flex_cell_inner' ><p><div style='height:15px' class='hr hr-invisible  '><span class='hr-inner ' ><span class='hr-inner-style'><\/span><\/span><\/div><br \/>\n<section class=\"av_textblock_section \"  itemscope=\"itemscope\" itemtype=\"https:\/\/schema.org\/CreativeWork\" ><div class='avia_textblock  '   itemprop=\"text\" ><h3>\u00bfPuede una RotoBed\u00ae ayudar a las personas con EM a levantarse de la cama?<\/h3>\n<\/div><\/section><br \/>\n<section class=\"av_textblock_section \"  itemscope=\"itemscope\" itemtype=\"https:\/\/schema.org\/CreativeWork\" ><div class='avia_textblock  '   itemprop=\"text\" ><p>Muchos de nuestros usuarios sufren de EM. Los s\u00edntomas de esta condici\u00f3n incluyen debilidad muscular, fatiga y dificultad para caminar. Estos s\u00edntomas hacen que sea m\u00e1s dif\u00edcil controlar los movimientos del cuerpo. Por lo tanto, entrar y salir de la cama se convierte en una tarea extenuante, inmanejable y, a menudo, dolorosa.<\/p>\n<\/div><\/section><br \/>\n<div class='avia-image-container  av-styling-    avia-align-center '  itemprop=\"ImageObject\" itemscope=\"itemscope\" itemtype=\"https:\/\/schema.org\/ImageObject\"  ><div class='avia-image-container-inner'><img class='avia_image ' src='https:\/\/rotobed.com\/es\/wp-content\/uploads\/2022\/04\/Gyda-Tr\u00e6-A-3215-1030x687.jpg' alt='Muchos de nuestros usuarios sufren de EM. Los s\u00edntomas de esta condici\u00f3n incluyen debilidad muscular, fatiga y dificultad para caminar. Estos s\u00edntomas hacen que sea m\u00e1s dif\u00edcil controlar los movimientos del cuerpo. Por lo tanto, entrar y salir de la cama se convierte en una tarea extenuante, inmanejable y, a menudo, dolorosa.' title='RotoBed Change roto bed'   itemprop=\"thumbnailUrl\"  \/><\/div><\/div><br \/>\n<section class=\"av_textblock_section \"  itemscope=\"itemscope\" itemtype=\"https:\/\/schema.org\/CreativeWork\" ><div class='avia_textblock  '   itemprop=\"text\" ><p>El primer problema ocurre cuando el usuario est\u00e1 acostado en la cama y quiere levantarse. Este evento cotidiano parece insignificante para la mayor\u00eda de las personas, pero requiere la cooperaci\u00f3n entre muchos de los m\u00fasculos del cuerpo. Los m\u00fasculos abdominales deben activarse, el cuerpo debe torcerse y las piernas deben levantarse y luego girarse hacia la habitaci\u00f3n. Para una persona con debilidad muscular y fatiga muscular, este proceso puede ser muy dif\u00edcil.<\/p>\n<\/div><\/section><br \/>\n<div class='avia-gallery  avia-gallery-1 avia_lazyload avia_animate_when_visible '  itemprop=\"ImageObject\" itemscope=\"itemscope\" itemtype=\"https:\/\/schema.org\/ImageObject\" ><div class='avia-gallery-thumb'> <a href='https:\/\/rotobed.com\/es\/wp-content\/uploads\/2022\/04\/Gyda-Tr\u00e6-B1-3207-1030x687.jpg' data-rel='gallery-1' data-prev-img='https:\/\/rotobed.com\/es\/wp-content\/uploads\/2022\/04\/Gyda-Tr\u00e6-B1-3207-495x400.jpg' class='first_thumb lightbox ' data-onclick='1' title=''  itemprop=\"thumbnailUrl\" ><img  src='https:\/\/rotobed.com\/es\/wp-content\/uploads\/2022\/04\/Gyda-Tr\u00e6-B1-3207-495x400.jpg' width='495' height='400'  title='RotoBed\u00ae rotation' alt='RotoBed\u00ae rotation' \/><\/a> <a href='https:\/\/rotobed.com\/es\/wp-content\/uploads\/2022\/04\/Gyda-Metal-D1-3183-1030x687.jpg' data-rel='gallery-1' data-prev-img='https:\/\/rotobed.com\/es\/wp-content\/uploads\/2022\/04\/Gyda-Metal-D1-3183-495x400.jpg' class='lightbox ' data-onclick='2' title=''  itemprop=\"thumbnailUrl\" ><img  src='https:\/\/rotobed.com\/es\/wp-content\/uploads\/2022\/04\/Gyda-Metal-D1-3183-495x400.jpg' width='495' height='400'  title='RotoBed\u00ae chair position' alt='RotoBed\u00ae chair position' \/><\/a><\/div><\/div><br \/>\n<section class=\"av_textblock_section \"  itemscope=\"itemscope\" itemtype=\"https:\/\/schema.org\/CreativeWork\" ><div class='avia_textblock  '   itemprop=\"text\" ><p>Una cama RotoBed\u00ae har\u00e1 todo el trabajo duro por usted. Simulando el movimiento natural del cuerpo, lo llevar\u00e1 suavemente a una posici\u00f3n sentada antes de rotarlo hacia la habitaci\u00f3n. Una RotoBed\u00ae puede ayudarlo a levantarse de la cama en un \u00e1ngulo de salida perpendicular o en un \u00e1ngulo de salida oblicuo para facilitar la transferencia a un andador o una silla de ruedas. Toda la rotaci\u00f3n dura menos de un minuto.<\/p>\n<\/div><\/section><br \/>\n<div class='avia-image-container  av-styling-    avia-align-center '  itemprop=\"ImageObject\" itemscope=\"itemscope\" itemtype=\"https:\/\/schema.org\/ImageObject\"  ><div class='avia-image-container-inner'><img class='avia_image ' src='https:\/\/rotobed.com\/es\/wp-content\/uploads\/2022\/04\/Gyda-Tr\u00e6-E1-3186-1030x687.jpg' alt='RotoBed\u00ae posici\u00f3n de pie' title='RotoBed\u00ae posici\u00f3n de pie'   itemprop=\"thumbnailUrl\"  \/><\/div><\/div><br \/>\n<section class=\"av_textblock_section \"  itemscope=\"itemscope\" itemtype=\"https:\/\/schema.org\/CreativeWork\" ><div class='avia_textblock  '   itemprop=\"text\" ><p>El \u00faltimo desaf\u00edo para muchos usuarios ser\u00e1 ponerse de pie, lo que sin ayuda requiere una fuerza muscular relativamente grande. Las rodillas o las caderas tensas agravar\u00e1n el problema. Con una RotoBed\u00ae con ajuste de altura, el movimiento se facilita significativamente.<\/p>\n<\/div><\/section><br \/>\n<div style=' margin-top:10px; margin-bottom:10px;'  class='hr hr-custom hr-center hr-icon-no  '><span class='hr-inner   inner-border-av-border-thin' style=' width:100%;' ><span class='hr-inner-style'><\/span><\/span><\/div><br \/>\n<section class=\"av_textblock_section \"  itemscope=\"itemscope\" itemtype=\"https:\/\/schema.org\/CreativeWork\" ><div class='avia_textblock  '   itemprop=\"text\" ><h3><a href=\"https:\/\/rotobed.com\/es\/testimonios\/\">\u00bfQui\u00e9n m\u00e1s puede beneficiarse de una RotoBed? Mira lo que dicen otros usuarios y familiares.<\/a><\/h3>\n<\/div><\/section><br \/>\n<div class='avia-image-container  av-styling-    avia-align-center '  itemprop=\"ImageObject\" itemscope=\"itemscope\" itemtype=\"https:\/\/schema.org\/ImageObject\"  ><div class='avia-image-container-inner'><a href='https:\/\/rotobed.com\/es\/testimonios\/' class='avia_image'  ><img class='avia_image ' src='https:\/\/rotobed.com\/es\/wp-content\/uploads\/2016\/12\/Bonnich-01A-\u00a9-Jonas-Fotografi-1030x687.jpg' alt='RotoBed cama Parkinson' title='RotoBed Parkinson'  itemprop=\"thumbnailUrl\"  \/><\/a><\/div><\/div><\/p>\n<\/div><\/div><\/div>\n","protected":false},"excerpt":{"rendered":"","protected":false},"author":2,"featured_media":0,"parent":0,"menu_order":0,"comment_status":"closed","ping_status":"closed","template":"","meta":{"footnotes":""},"yoast_head":"<!-- This site is optimized with the Yoast SEO plugin v21.7 - https:\/\/yoast.com\/wordpress\/plugins\/seo\/ -->\n<title>Michael Salling SPA - RotoBed<\/title>\n<meta name=\"robots\" content=\"index, follow, max-snippet:-1, max-image-preview:large, max-video-preview:-1\" \/>\n<link rel=\"canonical\" href=\"https:\/\/rotobed.com\/es\/michael-salling-spa\/\" \/>\n<meta property=\"og:locale\" content=\"en_GB\" \/>\n<meta property=\"og:type\" content=\"article\" \/>\n<meta property=\"og:title\" content=\"Michael Salling SPA - RotoBed\" \/>\n<meta property=\"og:url\" content=\"https:\/\/rotobed.com\/es\/michael-salling-spa\/\" \/>\n<meta property=\"og:site_name\" content=\"RotoBed\" \/>\n<meta property=\"article:modified_time\" content=\"2022-06-16T09:56:28+00:00\" \/>\n<meta name=\"twitter:card\" content=\"summary_large_image\" \/>\n<meta name=\"twitter:label1\" content=\"Estimated reading time\" \/>\n\t<meta name=\"twitter:data1\" content=\"8 minutes\" \/>\n<script type=\"application\/ld+json\" class=\"yoast-schema-graph\">{\"@context\":\"https:\/\/schema.org\",\"@graph\":[{\"@type\":\"WebPage\",\"@id\":\"https:\/\/rotobed.com\/es\/michael-salling-spa\/\",\"url\":\"https:\/\/rotobed.com\/es\/michael-salling-spa\/\",\"name\":\"Michael Salling SPA - RotoBed\",\"isPartOf\":{\"@id\":\"https:\/\/rotobed.com\/es\/#website\"},\"datePublished\":\"2022-06-13T05:47:13+00:00\",\"dateModified\":\"2022-06-16T09:56:28+00:00\",\"breadcrumb\":{\"@id\":\"https:\/\/rotobed.com\/es\/michael-salling-spa\/#breadcrumb\"},\"inLanguage\":\"en-GB\",\"potentialAction\":[{\"@type\":\"ReadAction\",\"target\":[\"https:\/\/rotobed.com\/es\/michael-salling-spa\/\"]}]},{\"@type\":\"BreadcrumbList\",\"@id\":\"https:\/\/rotobed.com\/es\/michael-salling-spa\/#breadcrumb\",\"itemListElement\":[{\"@type\":\"ListItem\",\"position\":1,\"name\":\"Hjem\",\"item\":\"https:\/\/rotobed.com\/es\/\"},{\"@type\":\"ListItem\",\"position\":2,\"name\":\"Michael Salling SPA\"}]},{\"@type\":\"WebSite\",\"@id\":\"https:\/\/rotobed.com\/es\/#website\",\"url\":\"https:\/\/rotobed.com\/es\/\",\"name\":\"RotoBed\",\"description\":\"\",\"potentialAction\":[{\"@type\":\"SearchAction\",\"target\":{\"@type\":\"EntryPoint\",\"urlTemplate\":\"https:\/\/rotobed.com\/es\/?s={search_term_string}\"},\"query-input\":\"required name=search_term_string\"}],\"inLanguage\":\"en-GB\"}]}<\/script>\n<!-- \/ Yoast SEO plugin. -->","yoast_head_json":{"title":"Michael Salling SPA - RotoBed","robots":{"index":"index","follow":"follow","max-snippet":"max-snippet:-1","max-image-preview":"max-image-preview:large","max-video-preview":"max-video-preview:-1"},"canonical":"https:\/\/rotobed.com\/es\/michael-salling-spa\/","og_locale":"en_GB","og_type":"article","og_title":"Michael Salling SPA - RotoBed","og_url":"https:\/\/rotobed.com\/es\/michael-salling-spa\/","og_site_name":"RotoBed","article_modified_time":"2022-06-16T09:56:28+00:00","twitter_card":"summary_large_image","twitter_misc":{"Estimated reading time":"8 minutes"},"schema":{"@context":"https:\/\/schema.org","@graph":[{"@type":"WebPage","@id":"https:\/\/rotobed.com\/es\/michael-salling-spa\/","url":"https:\/\/rotobed.com\/es\/michael-salling-spa\/","name":"Michael Salling SPA - RotoBed","isPartOf":{"@id":"https:\/\/rotobed.com\/es\/#website"},"datePublished":"2022-06-13T05:47:13+00:00","dateModified":"2022-06-16T09:56:28+00:00","breadcrumb":{"@id":"https:\/\/rotobed.com\/es\/michael-salling-spa\/#breadcrumb"},"inLanguage":"en-GB","potentialAction":[{"@type":"ReadAction","target":["https:\/\/rotobed.com\/es\/michael-salling-spa\/"]}]},{"@type":"BreadcrumbList","@id":"https:\/\/rotobed.com\/es\/michael-salling-spa\/#breadcrumb","itemListElement":[{"@type":"ListItem","position":1,"name":"Hjem","item":"https:\/\/rotobed.com\/es\/"},{"@type":"ListItem","position":2,"name":"Michael Salling SPA"}]},{"@type":"WebSite","@id":"https:\/\/rotobed.com\/es\/#website","url":"https:\/\/rotobed.com\/es\/","name":"RotoBed","description":"","potentialAction":[{"@type":"SearchAction","target":{"@type":"EntryPoint","urlTemplate":"https:\/\/rotobed.com\/es\/?s={search_term_string}"},"query-input":"required name=search_term_string"}],"inLanguage":"en-GB"}]}},"_links":{"self":[{"href":"https:\/\/rotobed.com\/es\/wp-json\/wp\/v2\/pages\/8056"}],"collection":[{"href":"https:\/\/rotobed.com\/es\/wp-json\/wp\/v2\/pages"}],"about":[{"href":"https:\/\/rotobed.com\/es\/wp-json\/wp\/v2\/types\/page"}],"author":[{"embeddable":true,"href":"https:\/\/rotobed.com\/es\/wp-json\/wp\/v2\/users\/2"}],"replies":[{"embeddable":true,"href":"https:\/\/rotobed.com\/es\/wp-json\/wp\/v2\/comments?post=8056"}],"version-history":[{"count":7,"href":"https:\/\/rotobed.com\/es\/wp-json\/wp\/v2\/pages\/8056\/revisions"}],"predecessor-version":[{"id":8236,"href":"https:\/\/rotobed.com\/es\/wp-json\/wp\/v2\/pages\/8056\/revisions\/8236"}],"wp:attachment":[{"href":"https:\/\/rotobed.com\/es\/wp-json\/wp\/v2\/media?parent=8056"}],"curies":[{"name":"wp","href":"https:\/\/api.w.org\/{rel}","templated":true}]}}