{"id":8066,"date":"2022-06-13T06:59:15","date_gmt":"2022-06-13T06:59:15","guid":{"rendered":"https:\/\/rotobed.com\/es\/?page_id=8066"},"modified":"2022-08-10T10:25:44","modified_gmt":"2022-08-10T10:25:44","slug":"testimonios","status":"publish","type":"page","link":"https:\/\/rotobed.com\/es\/testimonios\/","title":{"rendered":"Testimonials SPA"},"content":{"rendered":"<div style='height:30px' class='hr hr-invisible  '><span class='hr-inner ' ><span class='hr-inner-style'><\/span><\/span><\/div>\n<div class=\"flex_column av_one_fourth  flex_column_div av-zero-column-padding first  \" style='border-radius:0px; '><section class=\"av_textblock_section \"  itemscope=\"itemscope\" itemtype=\"https:\/\/schema.org\/CreativeWork\" ><div class='avia_textblock  '   itemprop=\"text\" ><blockquote>\n<p>&#8220;Puedo acostarme cuando quiera, puedo levantarme cuando quiera. Puedo hacer las cosas por m\u00ed mismo. Para m\u00ed, esto significa libertad&#8221;.<\/p>\n<\/blockquote>\n<\/div><\/section><\/div>\n<div class=\"flex_column av_one_half  flex_column_div av-zero-column-padding   \" style='border-radius:0px; '><p><div style='height:20px' class='hr hr-invisible  '><span class='hr-inner ' ><span class='hr-inner-style'><\/span><\/span><\/div><br \/>\n<div style='text-align:left; font-size:45px; ' class='av-rotator-container av-rotation-container-left  ' data-interval='5' data-animation='1'><h1 class='av-rotator-container-inner '>Una cama giratoria puede cambiar su vida:<span class='av-rotator-text av-rotator-multiline-off '><\/span><\/h1><\/div><br \/>\n<div style='height:20px' class='hr hr-invisible  '><span class='hr-inner ' ><span class='hr-inner-style'><\/span><\/span><\/div><br \/>\n<section class=\"av_textblock_section \"  itemscope=\"itemscope\" itemtype=\"https:\/\/schema.org\/CreativeWork\" ><div class='avia_textblock  '   itemprop=\"text\" ><h3 style=\"text-align: left;\">9 testimonios de usuarios de la cama giratoria RotoBed\u00ae<\/h3>\n<\/div><\/section><\/p><\/div>\n<div class=\"flex_column av_one_fourth  flex_column_div av-zero-column-padding   \" style='border-radius:0px; '><section class=\"av_textblock_section \"  itemscope=\"itemscope\" itemtype=\"https:\/\/schema.org\/CreativeWork\" ><div class='avia_textblock  '   itemprop=\"text\" ><blockquote>\n<p>&#8220;Cuando mi esposo obtuvo su cama cuidados RotoBed\u00aeFree, se volvi\u00f3 m\u00e1s autosuficiente. Eso volvi\u00f3 a encender la luz en sus ojos&#8221;.<\/p>\n<\/blockquote>\n<\/div><\/section><\/div>\n<div style='height:20px' class='hr hr-invisible  '><span class='hr-inner ' ><span class='hr-inner-style'><\/span><\/span><\/div>\n<div class=\"flex_column av_one_third  flex_column_div av-zero-column-padding first  \" style='border-radius:0px; '><p><div class='avia-image-container  av-styling-    avia-align-center '  itemprop=\"ImageObject\" itemscope=\"itemscope\" itemtype=\"https:\/\/schema.org\/ImageObject\"  ><div class='avia-image-container-inner'><a href='https:\/\/rotobed.com\/es\/psp-parkinson\/' class='avia_image'  ><img class='avia_image ' src='https:\/\/rotobed.com\/es\/wp-content\/uploads\/2020\/11\/Hans-04-\u00a9-Jonas-Fotografi-1030x687.jpg' alt='rotation bed user testemony' title='Hans Villadsen has a RotoBed\u00ae'  itemprop=\"thumbnailUrl\"  \/><\/a><\/div><\/div><br \/>\n<section class=\"av_textblock_section \"  itemscope=\"itemscope\" itemtype=\"https:\/\/schema.org\/CreativeWork\" ><div class='avia_textblock  '   itemprop=\"text\" ><h4><a href=\"https:\/\/rotobed.com\/es\/psp-parkinson\/\"><strong>Hans Villadsen,<\/strong>\u00a076 a\u00f1os. Sufre de la agresiva PSP Parkinson. Compr\u00f3 una RotoBed\u00aeFree para evitar que lo levantaran de la cama. Esta es la \u00fanica forma digna de vivir para \u00e9l, dice su esposa.<\/a><\/h4>\n<\/div><\/section><\/p><\/div>\n<div class=\"flex_column av_one_third  flex_column_div av-zero-column-padding   \" style='border-radius:0px; '><p><div class='avia-image-container  av-styling-    avia-align-center '  itemprop=\"ImageObject\" itemscope=\"itemscope\" itemtype=\"https:\/\/schema.org\/ImageObject\"  ><div class='avia-image-container-inner'><a href='https:\/\/rotobed.com\/es\/bed-to-prevent-pressure-ulcers\/' class='avia_image'  ><img class='avia_image ' src='https:\/\/rotobed.com\/es\/wp-content\/uploads\/2020\/01\/Lisbeth-02A-\u00a9-Jonas-Fotografi-1-1-1030x686.jpg' alt='Rotobed rotating care bed' title='RotoBed\u00ae case story'  itemprop=\"thumbnailUrl\"  \/><\/a><\/div><\/div><br \/>\n<section class=\"av_textblock_section \"  itemscope=\"itemscope\" itemtype=\"https:\/\/schema.org\/CreativeWork\" ><div class='avia_textblock  '   itemprop=\"text\" ><h4><a href=\"https:\/\/rotobed.com\/es\/bed-to-prevent-pressure-ulcers\/\"><strong>Lisbeth Buhl<\/strong>, Terapeuta Ocupacional en Instituto de Minusv\u00e1lidos. Ha realizado una prueba de camas rotatorias. Descubri\u00f3 que la cama pospuso la necesidad de servicios de atenci\u00f3n domiciliaria.<\/a><\/h4>\n<\/div><\/section><\/p><\/div>\n<div class=\"flex_column av_one_third  flex_column_div av-zero-column-padding   \" style='border-radius:0px; '><p><div class='avia-image-container  av-styling-    avia-align-center '  itemprop=\"ImageObject\" itemscope=\"itemscope\" itemtype=\"https:\/\/schema.org\/ImageObject\"  ><div class='avia-image-container-inner'><a href='https:\/\/rotobed.com\/es\/lymphedema\/' class='avia_image'  ><img class='avia_image ' src='https:\/\/rotobed.com\/es\/wp-content\/uploads\/2015\/09\/Ester-03A-1030x685.jpg' alt='' title='Ester-03A'  itemprop=\"thumbnailUrl\"  \/><\/a><\/div><\/div><br \/>\n<section class=\"av_textblock_section \"  itemscope=\"itemscope\" itemtype=\"https:\/\/schema.org\/CreativeWork\" ><div class='avia_textblock  '   itemprop=\"text\" ><h4><a href=\"https:\/\/rotobed.com\/es\/lymphedema\/\"><strong>Esther Soegaard<\/strong>, 77 a\u00f1os. Esther sufre de linfedema y no puede levantar sus propias piernas. Obtuvo una cama RotoBed\u00ae hace tres a\u00f1os y recuper\u00f3 el control de su propia vida.<\/a><\/h4>\n<\/div><\/section><\/p><\/div>\n<div class=\"flex_column av_one_third  flex_column_div av-zero-column-padding first  \" style='border-radius:0px; '><p><div class='avia-image-container  av-styling-    avia-align-center '  itemprop=\"ImageObject\" itemscope=\"itemscope\" itemtype=\"https:\/\/schema.org\/ImageObject\"  ><div class='avia-image-container-inner'><a href='https:\/\/rotobed.com\/es\/tommy-hansen-2\/' class='avia_image'  ><img class='avia_image ' src='https:\/\/rotobed.com\/es\/wp-content\/uploads\/2016\/10\/Tommy-1030x687.jpg' alt='rotational care bed' title='Tommy calls his rotational bed brilliant'  itemprop=\"thumbnailUrl\"  \/><\/a><\/div><\/div><br \/>\n<section class=\"av_textblock_section \"  itemscope=\"itemscope\" itemtype=\"https:\/\/schema.org\/CreativeWork\" ><div class='avia_textblock  '   itemprop=\"text\" ><h4><a href=\"https:\/\/rotobed.com\/es\/en\/tommy-hansen-2\/\"><strong>Tommy Hansen<\/strong>, 49 a\u00f1os. Nacido esp\u00e1stico. Tommy ha tenido una cama RotoBed\u00ae durante 20 meses. Dice que levantarse de la cama con tanta facilidad reduce su fatiga y le permite gastar energ\u00eda en cosas m\u00e1s interesantes.<\/a><\/h4>\n<\/div><\/section><\/p><\/div>\n<div class=\"flex_column av_one_third  flex_column_div av-zero-column-padding   \" style='border-radius:0px; '><p><div class='avia-image-container  av-styling-    avia-align-center '  itemprop=\"ImageObject\" itemscope=\"itemscope\" itemtype=\"https:\/\/schema.org\/ImageObject\"  ><div class='avia-image-container-inner'><a href='https:\/\/rotobed.com\/es\/kristina-sangvita-en\/' class='avia_image'  ><img class='avia_image ' src='https:\/\/rotobed.com\/es\/wp-content\/uploads\/2016\/10\/Kristina-1030x687.jpg' alt='rotational bed testimony' title='Kristina&#039;s rotational bed'  itemprop=\"thumbnailUrl\"  \/><\/a><\/div><\/div><br \/>\n<section class=\"av_textblock_section \"  itemscope=\"itemscope\" itemtype=\"https:\/\/schema.org\/CreativeWork\" ><div class='avia_textblock  '   itemprop=\"text\" ><h4><a href=\"https:\/\/rotobed.com\/es\/kristina-sangvita-en\/\"><strong>Kristina Sangvita<\/strong>, 39 a\u00f1os. Kristina est\u00e1 parcialmente paralizada despu\u00e9s de un accidente automovil\u00edstico hace 16 a\u00f1os. Tuvo una cama RotoBed\u00ae durante un a\u00f1o y medio, pero ya no la necesita. Ella cree que la cama jug\u00f3 un papel importante en su recuperaci\u00f3n.<\/a><\/h4>\n<\/div><\/section><\/p><\/div>\n<div class=\"flex_column av_one_third  flex_column_div av-zero-column-padding   \" style='border-radius:0px; '><p><div class='avia-image-container  av-styling-    avia-align-center '  itemprop=\"ImageObject\" itemscope=\"itemscope\" itemtype=\"https:\/\/schema.org\/ImageObject\"  ><div class='avia-image-container-inner'><a href='https:\/\/rotobed.com\/es\/bed-for-parkinson\/' class='avia_image'  ><img class='avia_image ' src='https:\/\/rotobed.com\/es\/wp-content\/uploads\/2015\/09\/Bonnich-1030x687.jpg' alt='' title='Bonnich'  itemprop=\"thumbnailUrl\"  \/><\/a><\/div><\/div><br \/>\n<section class=\"av_textblock_section \"  itemscope=\"itemscope\" itemtype=\"https:\/\/schema.org\/CreativeWork\" ><div class='avia_textblock  '   itemprop=\"text\" ><h4><a href=\"https:\/\/rotobed.com\/es\/bed-for-parkinson\/\"><strong>Bonnich Petersen<\/strong>, 77 a\u00f1os, panadero jubilado. Sufre de Parkinson y artritis. Bonnich ha tenido una cama rotatoria durante 15 meses. Est\u00e1 feliz de que ya no necesita despertar a su esposa por la noche.<\/a><\/h4>\n<\/div><\/section><\/p><\/div>\n<div class=\"flex_column av_one_third  flex_column_div av-zero-column-padding first  \" style='border-radius:0px; '><p><div class='avia-image-container  av-styling-    avia-align-center '  itemprop=\"ImageObject\" itemscope=\"itemscope\" itemtype=\"https:\/\/schema.org\/ImageObject\"  ><div class='avia-image-container-inner'><a href='https:\/\/rotobed.com\/es\/bed-for-ms\/' class='avia_image'  ><img class='avia_image ' src='https:\/\/rotobed.com\/es\/wp-content\/uploads\/2015\/09\/Helle-Pedersen-1030x687.jpg' alt='' title='Helle-Pedersen'  itemprop=\"thumbnailUrl\"  \/><\/a><\/div><\/div><br \/>\n<section class=\"av_textblock_section \"  itemscope=\"itemscope\" itemtype=\"https:\/\/schema.org\/CreativeWork\" ><div class='avia_textblock  '   itemprop=\"text\" ><h4><a href=\"https:\/\/rotobed.com\/es\/bed-for-ms\/\"><strong>Helle Pedersen<\/strong>, 63 a\u00f1os. Helle fue diagnosticada con esclerosis m\u00faltiple en 1999. Tiene una RotoBed\u00ae desde hace 2 a\u00f1os. Para ella, la cama giratoria significa libertad.<\/a><\/h4>\n<\/div><\/section><\/p><\/div><div class=\"flex_column av_one_third  flex_column_div av-zero-column-padding   \" style='border-radius:0px; '><p><div class='avia-image-container  av-styling-    avia-align-center '  itemprop=\"ImageObject\" itemscope=\"itemscope\" itemtype=\"https:\/\/schema.org\/ImageObject\"  ><div class='avia-image-container-inner'><a href='https:\/\/rotobed.com\/es\/bed-for-cerebral-palsy\/' class='avia_image'  ><img class='avia_image ' src='https:\/\/rotobed.com\/es\/wp-content\/uploads\/2015\/09\/Peter-1030x687.jpg' alt='' title='Peter'  itemprop=\"thumbnailUrl\"  \/><\/a><\/div><\/div><br \/>\n<section class=\"av_textblock_section \"  itemscope=\"itemscope\" itemtype=\"https:\/\/schema.org\/CreativeWork\" ><div class='avia_textblock  '   itemprop=\"text\" ><h4><a href=\"https:\/\/rotobed.com\/es\/bed-for-cerebral-palsy\/\"><strong>Peter Kristoffersen<\/strong>, 56 a\u00f1os. Nacido esp\u00e1stico. Lleva muchos a\u00f1os viviendo en una residencia de ancianos. Al principio, Peter no quer\u00eda una cama rotatoria. \u00a1Pero una ma\u00f1ana los cuidadores no pudieron encontrarlo!<\/a><\/h4>\n<\/div><\/section><\/p><\/div><div class=\"flex_column av_one_third  flex_column_div av-zero-column-padding   \" style='border-radius:0px; '><p><div class='avia-image-container  av-styling-    avia-align-center '  itemprop=\"ImageObject\" itemscope=\"itemscope\" itemtype=\"https:\/\/schema.org\/ImageObject\"  ><div class='avia-image-container-inner'><a href='https:\/\/rotobed.com\/es\/jack-joensson-2\/' class='avia_image'  ><img class='avia_image ' src='https:\/\/rotobed.com\/es\/wp-content\/uploads\/2015\/09\/Jack-1030x687.jpg' alt='care bed pain' title='Jack&#039;s testimonial'  itemprop=\"thumbnailUrl\"  \/><\/a><\/div><\/div><br \/>\n<section class=\"av_textblock_section \"  itemscope=\"itemscope\" itemtype=\"https:\/\/schema.org\/CreativeWork\" ><div class='avia_textblock  '   itemprop=\"text\" ><h4><a href=\"https:\/\/rotobed.com\/es\/jack-joensson-2\/\"><strong>Jack J\u00f8nsson<\/strong>, 73 a\u00f1os. Jack est\u00e1 hemipl\u00e9jico despu\u00e9s de un co\u00e1gulo de sangre y su esposa estaba exhausta despu\u00e9s de cuidarlo ella misma. Jack ha tenido una cama RotoBed\u00ae durante 2 a\u00f1os y tanto \u00e9l como su esposa est\u00e1n encantados con ella.<\/a><\/h4>\n<\/div><\/section><\/p><\/div><div class=\"flex_column av_one_third  flex_column_div av-zero-column-padding first  \" style='border-radius:0px; '><p><div class='avia-image-container  av-styling-    avia-align-center '  itemprop=\"ImageObject\" itemscope=\"itemscope\" itemtype=\"https:\/\/schema.org\/ImageObject\"  ><div class='avia-image-container-inner'><a href='https:\/\/rotobed.com\/es\/bed-for-als-patient\/' class='avia_image'  ><img class='avia_image ' src='https:\/\/rotobed.com\/es\/wp-content\/uploads\/2016\/10\/Jan-1030x687.jpg' alt='bed for als patient' title='RotoBed\u00ae ALS patient'  itemprop=\"thumbnailUrl\"  \/><\/a><\/div><\/div><br \/>\n<section class=\"av_textblock_section \"  itemscope=\"itemscope\" itemtype=\"https:\/\/schema.org\/CreativeWork\" ><div class='avia_textblock  '   itemprop=\"text\" ><h4><a href=\"https:\/\/rotobed.com\/es\/bed-for-als-patient\"><strong>Jan Roenhoff,<\/strong> diagnosticado con ELA a la edad de 48 a\u00f1os. La enfermedad lo oblig\u00f3 a mudarse a un hogar de ancianos, y casi al mismo tiempo obtuvo una cama RotoBed\u00ae.<\/a><\/h4>\n<\/div><\/section><\/p><\/div><\/p>\n","protected":false},"excerpt":{"rendered":"","protected":false},"author":2,"featured_media":0,"parent":0,"menu_order":0,"comment_status":"closed","ping_status":"closed","template":"","meta":{"footnotes":""},"yoast_head":"<!-- This site is optimized with the Yoast SEO plugin v21.7 - https:\/\/yoast.com\/wordpress\/plugins\/seo\/ -->\n<title>Testimonials SPA - RotoBed<\/title>\n<meta name=\"robots\" content=\"index, follow, max-snippet:-1, max-image-preview:large, max-video-preview:-1\" \/>\n<link rel=\"canonical\" href=\"https:\/\/rotobed.com\/es\/testimonios\/\" \/>\n<meta property=\"og:locale\" content=\"en_GB\" \/>\n<meta property=\"og:type\" content=\"article\" \/>\n<meta property=\"og:title\" content=\"Testimonials SPA - RotoBed\" \/>\n<meta property=\"og:url\" content=\"https:\/\/rotobed.com\/es\/testimonios\/\" \/>\n<meta property=\"og:site_name\" content=\"RotoBed\" \/>\n<meta property=\"article:modified_time\" content=\"2022-08-10T10:25:44+00:00\" \/>\n<meta name=\"twitter:card\" content=\"summary_large_image\" \/>\n<meta name=\"twitter:label1\" content=\"Estimated reading time\" \/>\n\t<meta name=\"twitter:data1\" content=\"10 minutes\" \/>\n<script type=\"application\/ld+json\" class=\"yoast-schema-graph\">{\"@context\":\"https:\/\/schema.org\",\"@graph\":[{\"@type\":\"WebPage\",\"@id\":\"https:\/\/rotobed.com\/es\/testimonios\/\",\"url\":\"https:\/\/rotobed.com\/es\/testimonios\/\",\"name\":\"Testimonials SPA - RotoBed\",\"isPartOf\":{\"@id\":\"https:\/\/rotobed.com\/es\/#website\"},\"datePublished\":\"2022-06-13T06:59:15+00:00\",\"dateModified\":\"2022-08-10T10:25:44+00:00\",\"breadcrumb\":{\"@id\":\"https:\/\/rotobed.com\/es\/testimonios\/#breadcrumb\"},\"inLanguage\":\"en-GB\",\"potentialAction\":[{\"@type\":\"ReadAction\",\"target\":[\"https:\/\/rotobed.com\/es\/testimonios\/\"]}]},{\"@type\":\"BreadcrumbList\",\"@id\":\"https:\/\/rotobed.com\/es\/testimonios\/#breadcrumb\",\"itemListElement\":[{\"@type\":\"ListItem\",\"position\":1,\"name\":\"Hjem\",\"item\":\"https:\/\/rotobed.com\/es\/\"},{\"@type\":\"ListItem\",\"position\":2,\"name\":\"Testimonials SPA\"}]},{\"@type\":\"WebSite\",\"@id\":\"https:\/\/rotobed.com\/es\/#website\",\"url\":\"https:\/\/rotobed.com\/es\/\",\"name\":\"RotoBed\",\"description\":\"\",\"potentialAction\":[{\"@type\":\"SearchAction\",\"target\":{\"@type\":\"EntryPoint\",\"urlTemplate\":\"https:\/\/rotobed.com\/es\/?s={search_term_string}\"},\"query-input\":\"required name=search_term_string\"}],\"inLanguage\":\"en-GB\"}]}<\/script>\n<!-- \/ Yoast SEO plugin. -->","yoast_head_json":{"title":"Testimonials SPA - RotoBed","robots":{"index":"index","follow":"follow","max-snippet":"max-snippet:-1","max-image-preview":"max-image-preview:large","max-video-preview":"max-video-preview:-1"},"canonical":"https:\/\/rotobed.com\/es\/testimonios\/","og_locale":"en_GB","og_type":"article","og_title":"Testimonials SPA - RotoBed","og_url":"https:\/\/rotobed.com\/es\/testimonios\/","og_site_name":"RotoBed","article_modified_time":"2022-08-10T10:25:44+00:00","twitter_card":"summary_large_image","twitter_misc":{"Estimated reading time":"10 minutes"},"schema":{"@context":"https:\/\/schema.org","@graph":[{"@type":"WebPage","@id":"https:\/\/rotobed.com\/es\/testimonios\/","url":"https:\/\/rotobed.com\/es\/testimonios\/","name":"Testimonials SPA - RotoBed","isPartOf":{"@id":"https:\/\/rotobed.com\/es\/#website"},"datePublished":"2022-06-13T06:59:15+00:00","dateModified":"2022-08-10T10:25:44+00:00","breadcrumb":{"@id":"https:\/\/rotobed.com\/es\/testimonios\/#breadcrumb"},"inLanguage":"en-GB","potentialAction":[{"@type":"ReadAction","target":["https:\/\/rotobed.com\/es\/testimonios\/"]}]},{"@type":"BreadcrumbList","@id":"https:\/\/rotobed.com\/es\/testimonios\/#breadcrumb","itemListElement":[{"@type":"ListItem","position":1,"name":"Hjem","item":"https:\/\/rotobed.com\/es\/"},{"@type":"ListItem","position":2,"name":"Testimonials SPA"}]},{"@type":"WebSite","@id":"https:\/\/rotobed.com\/es\/#website","url":"https:\/\/rotobed.com\/es\/","name":"RotoBed","description":"","potentialAction":[{"@type":"SearchAction","target":{"@type":"EntryPoint","urlTemplate":"https:\/\/rotobed.com\/es\/?s={search_term_string}"},"query-input":"required name=search_term_string"}],"inLanguage":"en-GB"}]}},"_links":{"self":[{"href":"https:\/\/rotobed.com\/es\/wp-json\/wp\/v2\/pages\/8066"}],"collection":[{"href":"https:\/\/rotobed.com\/es\/wp-json\/wp\/v2\/pages"}],"about":[{"href":"https:\/\/rotobed.com\/es\/wp-json\/wp\/v2\/types\/page"}],"author":[{"embeddable":true,"href":"https:\/\/rotobed.com\/es\/wp-json\/wp\/v2\/users\/2"}],"replies":[{"embeddable":true,"href":"https:\/\/rotobed.com\/es\/wp-json\/wp\/v2\/comments?post=8066"}],"version-history":[{"count":12,"href":"https:\/\/rotobed.com\/es\/wp-json\/wp\/v2\/pages\/8066\/revisions"}],"predecessor-version":[{"id":8131,"href":"https:\/\/rotobed.com\/es\/wp-json\/wp\/v2\/pages\/8066\/revisions\/8131"}],"wp:attachment":[{"href":"https:\/\/rotobed.com\/es\/wp-json\/wp\/v2\/media?parent=8066"}],"curies":[{"name":"wp","href":"https:\/\/api.w.org\/{rel}","templated":true}]}}