{"id":1039,"date":"2016-08-31T09:31:21","date_gmt":"2016-08-31T09:31:21","guid":{"rendered":"https:\/\/rotobed.com\/fr\/?page_id=1039"},"modified":"2020-11-18T13:35:50","modified_gmt":"2020-11-18T13:35:50","slug":"jan-ronhoff-2","status":"publish","type":"page","link":"https:\/\/rotobed.com\/fr\/jan-ronhoff-2\/","title":{"rendered":"Jan R\u00f6nhoff-fr"},"content":{"rendered":"<div style='height:50px' class='hr hr-invisible  '><span class='hr-inner ' ><span class='hr-inner-style'><\/span><\/span><\/div>\n<div class=\"flex_column av_three_fourth  flex_column_div av-zero-column-padding first  \" style='border-radius:0px; '><p><div class='avia-image-container  av-styling-    avia-align-center '  itemprop=\"ImageObject\" itemscope=\"itemscope\" itemtype=\"https:\/\/schema.org\/ImageObject\"  ><div class='avia-image-container-inner'><img class='avia_image ' src='https:\/\/rotobed.com\/fr\/wp-content\/uploads\/2016\/08\/Jan.jpg' alt='rotobed lit rotatif ALS' title='Jan'   itemprop=\"thumbnailUrl\"  \/><\/div><\/div><br \/>\n<section class=\"av_textblock_section \"  itemscope=\"itemscope\" itemtype=\"https:\/\/schema.org\/CreativeWork\" ><div class='avia_textblock  '   itemprop=\"text\" ><h1><strong>Ce lit exceptionnel m&#8217;a donn\u00e9 envie de me lever de nouveau<\/strong><\/h1>\n<h3>Jan R\u00f6nhoff, 52 ans. A l\u2019\u00e2ge de 48 ans, on a diagnostiqu\u00e9 chez lui la maladie de Charcot, une maladie d\u00e9g\u00e9n\u00e9rative. Il est mari\u00e9 avec Charlotte. Il y a un an, il a d\u00e9m\u00e9nag\u00e9 dans un \u00e9tablissent m\u00e9dico-social. Dans le m\u00eame temps, il a eu un RotoBed\u00ae.<\/h3>\n<p>Autrefois, j&#8217;\u00e9tais fermier. Pendant des ann\u00e9es j&#8217;\u00e9tais extr\u00eamement actif, je faisais de la course \u00e0 pieds et du v\u00e9lo. Aujourd&#8217;hui, sans aide, je ne peux \u00e0 peine tenir debout. J&#8217;essaie de me concentrer sur des choses et des exp\u00e9riences positives au lieu de gaspiller mon \u00e9nergie en \u00e9tant pessimiste. Dans cette situation, le RotoBed\u00ae est un plus incroyable. Je suis conscient que mon \u00e9tat ne peut que s&#8217;aggraver et que ma maladie \u00e9voluera si j&#8217;ai une attitude trop n\u00e9gative et frustr\u00e9e. Avant mon RotoBed\u00ae, le combat pour entrer et sortir de mon lit s&#8217;aggravait de jour en jour. Je faisais beaucoup d\u2019efforts et j&#8217;\u00e9tais souvent frustr\u00e9. Maintenant, c&#8217;est tellement confortable et sans efforts que je pourrais presque le faire en dormant. Tous les matins, ce lit me donne envie de me lever et de commencer une nouvelle journ\u00e9e.<\/p>\n<p>En plus, le RotoBed\u00ae est \u00e9l\u00e9gant. Habituellement, les lits m\u00e9dicalis\u00e9s ont l&#8217;air tr\u00e8s froid. Au contraire, quand le RotoBed\u00ae est en position normale, il ressemble \u00e0 un lit tout \u00e0 fait ordinaire. C\u2019est tr\u00e8s important pour moi, mais aussi pour ma relation avec ma fille de onze ans, qui vient parfois dormir dans mon appartement. Lorsque votre p\u00e8re est atteint d&#8217;une telle maladie, il y a d\u00e9j\u00e0 tellement d\u2019autres choses \u00e0 g\u00e9rer. Peut-\u00eatre qu\u2019un jour ma maison finira par ressembler \u00e0 un h\u00f4pital un jour, mais il n\u2019y a aucune raison que \u00e7a soit le cas aujourd&#8217;hui. C&#8217;est important pour moi que ma fille puisse r\u00e9soudre tous ces probl\u00e8mes un par un.<\/p>\n<p>La libert\u00e9 d\u2019\u00eatre capable de me d\u00e9brouiller sans aide a eu un effet psychologique tr\u00e8s important sur moi. Ma commune fait aussi des \u00e9conomies financi\u00e8res, puisqu\u2019avant d\u2019avoir le RotoBed\u00ae, j&#8217;avais besoin d&#8217;une aide m\u00e9dicale au moins quatre fois par jour. Le seul soutien que je re\u00e7ois aujourd&#8217;hui, c\u2019est une heure d\u2019aide-m\u00e9nag\u00e8re toutes les deux semaines.<\/p>\n<\/div><\/section><\/p><\/div><div class=\"flex_column av_one_fourth  flex_column_div av-zero-column-padding   \" style='border-radius:0px; '><p><div style='padding-bottom:10px;' class='av-special-heading av-special-heading-h1    '><h1 class='av-special-heading-tag '  itemprop=\"headline\"  > 9 cas inspirants avec le RotoBed\u00ae <\/h1><div class='special-heading-border'><div class='special-heading-inner-border' ><\/div><\/div><\/div><br \/>\n<div style='height:50px' class='hr hr-invisible  '><span class='hr-inner ' ><span class='hr-inner-style'><\/span><\/span><\/div><br \/>\n<div class='avia-button-wrap avia-button-right '><a href='https:\/\/rotobed.com\/fr\/rotobed-temoignages\/' class='avia-button   avia-icon_select-no avia-color-theme-color avia-size-medium avia-position-right '   ><span class='avia_iconbox_title' >Voyez la liste ici<\/span><\/a><\/div><\/p><\/div><\/p>\n<div style='height:50px' class='hr hr-invisible  '><span class='hr-inner ' ><span class='hr-inner-style'><\/span><\/span><\/div>\n","protected":false},"excerpt":{"rendered":"","protected":false},"author":2,"featured_media":0,"parent":0,"menu_order":0,"comment_status":"closed","ping_status":"closed","template":"","meta":[],"yoast_head":"<!-- This site is optimized with the Yoast SEO plugin v16.9 - https:\/\/yoast.com\/wordpress\/plugins\/seo\/ -->\n<title>Jan R\u00f6nhoff-fr - RotoBed<\/title>\n<meta name=\"robots\" content=\"index, follow, max-snippet:-1, max-image-preview:large, max-video-preview:-1\" \/>\n<link rel=\"canonical\" href=\"https:\/\/rotobed.com\/fr\/jan-ronhoff-2\/\" \/>\n<meta property=\"og:locale\" content=\"en_GB\" \/>\n<meta property=\"og:type\" content=\"article\" \/>\n<meta property=\"og:title\" content=\"Jan R\u00f6nhoff-fr - RotoBed\" \/>\n<meta property=\"og:url\" content=\"https:\/\/rotobed.com\/fr\/jan-ronhoff-2\/\" \/>\n<meta property=\"og:site_name\" content=\"RotoBed\" \/>\n<meta property=\"article:modified_time\" content=\"2020-11-18T13:35:50+00:00\" \/>\n<meta name=\"twitter:card\" content=\"summary\" \/>\n<meta name=\"twitter:label1\" content=\"Estimated reading time\" \/>\n\t<meta name=\"twitter:data1\" content=\"4 minutes\" \/>\n<script type=\"application\/ld+json\" class=\"yoast-schema-graph\">{\"@context\":\"https:\/\/schema.org\",\"@graph\":[{\"@type\":\"WebSite\",\"@id\":\"https:\/\/rotobed.com\/fr\/#website\",\"url\":\"https:\/\/rotobed.com\/fr\/\",\"name\":\"RotoBed\",\"description\":\"Rotate life better\",\"potentialAction\":[{\"@type\":\"SearchAction\",\"target\":{\"@type\":\"EntryPoint\",\"urlTemplate\":\"https:\/\/rotobed.com\/fr\/?s={search_term_string}\"},\"query-input\":\"required name=search_term_string\"}],\"inLanguage\":\"en-GB\"},{\"@type\":\"WebPage\",\"@id\":\"https:\/\/rotobed.com\/fr\/jan-ronhoff-2\/#webpage\",\"url\":\"https:\/\/rotobed.com\/fr\/jan-ronhoff-2\/\",\"name\":\"Jan R\\u00f6nhoff-fr - RotoBed\",\"isPartOf\":{\"@id\":\"https:\/\/rotobed.com\/fr\/#website\"},\"datePublished\":\"2016-08-31T09:31:21+00:00\",\"dateModified\":\"2020-11-18T13:35:50+00:00\",\"breadcrumb\":{\"@id\":\"https:\/\/rotobed.com\/fr\/jan-ronhoff-2\/#breadcrumb\"},\"inLanguage\":\"en-GB\",\"potentialAction\":[{\"@type\":\"ReadAction\",\"target\":[\"https:\/\/rotobed.com\/fr\/jan-ronhoff-2\/\"]}]},{\"@type\":\"BreadcrumbList\",\"@id\":\"https:\/\/rotobed.com\/fr\/jan-ronhoff-2\/#breadcrumb\",\"itemListElement\":[{\"@type\":\"ListItem\",\"position\":1,\"name\":\"Hjem\",\"item\":\"https:\/\/rotobed.com\/fr\/\"},{\"@type\":\"ListItem\",\"position\":2,\"name\":\"Jan R\\u00f6nhoff-fr\"}]}]}<\/script>\n<!-- \/ Yoast SEO plugin. -->","yoast_head_json":{"title":"Jan R\u00f6nhoff-fr - RotoBed","robots":{"index":"index","follow":"follow","max-snippet":"max-snippet:-1","max-image-preview":"max-image-preview:large","max-video-preview":"max-video-preview:-1"},"canonical":"https:\/\/rotobed.com\/fr\/jan-ronhoff-2\/","og_locale":"en_GB","og_type":"article","og_title":"Jan R\u00f6nhoff-fr - RotoBed","og_url":"https:\/\/rotobed.com\/fr\/jan-ronhoff-2\/","og_site_name":"RotoBed","article_modified_time":"2020-11-18T13:35:50+00:00","twitter_card":"summary","twitter_misc":{"Estimated reading time":"4 minutes"},"schema":{"@context":"https:\/\/schema.org","@graph":[{"@type":"WebSite","@id":"https:\/\/rotobed.com\/fr\/#website","url":"https:\/\/rotobed.com\/fr\/","name":"RotoBed","description":"Rotate life better","potentialAction":[{"@type":"SearchAction","target":{"@type":"EntryPoint","urlTemplate":"https:\/\/rotobed.com\/fr\/?s={search_term_string}"},"query-input":"required name=search_term_string"}],"inLanguage":"en-GB"},{"@type":"WebPage","@id":"https:\/\/rotobed.com\/fr\/jan-ronhoff-2\/#webpage","url":"https:\/\/rotobed.com\/fr\/jan-ronhoff-2\/","name":"Jan R\u00f6nhoff-fr - RotoBed","isPartOf":{"@id":"https:\/\/rotobed.com\/fr\/#website"},"datePublished":"2016-08-31T09:31:21+00:00","dateModified":"2020-11-18T13:35:50+00:00","breadcrumb":{"@id":"https:\/\/rotobed.com\/fr\/jan-ronhoff-2\/#breadcrumb"},"inLanguage":"en-GB","potentialAction":[{"@type":"ReadAction","target":["https:\/\/rotobed.com\/fr\/jan-ronhoff-2\/"]}]},{"@type":"BreadcrumbList","@id":"https:\/\/rotobed.com\/fr\/jan-ronhoff-2\/#breadcrumb","itemListElement":[{"@type":"ListItem","position":1,"name":"Hjem","item":"https:\/\/rotobed.com\/fr\/"},{"@type":"ListItem","position":2,"name":"Jan R\u00f6nhoff-fr"}]}]}},"_links":{"self":[{"href":"https:\/\/rotobed.com\/fr\/wp-json\/wp\/v2\/pages\/1039"}],"collection":[{"href":"https:\/\/rotobed.com\/fr\/wp-json\/wp\/v2\/pages"}],"about":[{"href":"https:\/\/rotobed.com\/fr\/wp-json\/wp\/v2\/types\/page"}],"author":[{"embeddable":true,"href":"https:\/\/rotobed.com\/fr\/wp-json\/wp\/v2\/users\/2"}],"replies":[{"embeddable":true,"href":"https:\/\/rotobed.com\/fr\/wp-json\/wp\/v2\/comments?post=1039"}],"version-history":[{"count":9,"href":"https:\/\/rotobed.com\/fr\/wp-json\/wp\/v2\/pages\/1039\/revisions"}],"predecessor-version":[{"id":7362,"href":"https:\/\/rotobed.com\/fr\/wp-json\/wp\/v2\/pages\/1039\/revisions\/7362"}],"wp:attachment":[{"href":"https:\/\/rotobed.com\/fr\/wp-json\/wp\/v2\/media?parent=1039"}],"curies":[{"name":"wp","href":"https:\/\/api.w.org\/{rel}","templated":true}]}}