{"id":1041,"date":"2016-08-31T08:31:18","date_gmt":"2016-08-31T08:31:18","guid":{"rendered":"https:\/\/rotobed.com\/fr\/?page_id=1041"},"modified":"2020-11-18T08:23:09","modified_gmt":"2020-11-18T08:23:09","slug":"lit-medicalise","status":"publish","type":"page","link":"https:\/\/rotobed.com\/fr\/lit-medicalise\/","title":{"rendered":"RotoBed\u00aeFree fr"},"content":{"rendered":"<div id='fullscreen_slider_1' class='avia-fullscreen-slider main_color   container_wrap fullsize'   ><div  data-size='extra_large'  data-lightbox_size='large'  data-animation='slide'  data-ids='6501,3122'  data-video_counter='0'  data-autoplay='false'  data-bg_slider='true'  data-slide_height='100'  data-handle='av_fullscreen'  data-interval='5'  data-class=' '  data-css_id='fullscreen_slider_1'  data-scroll_down=''  data-control_layout='av-control-default'  data-custom_markup=''  data-perma_caption=''  data-autoplay_stopper=''  data-image_attachment=''  data-min_height='0px'  data-stretch=''  data-default-height='100'  class='avia-slideshow avia-slideshow-1  av-control-default av-default-height-applied avia-slideshow-extra_large av_fullscreen   avia-slide-slider '  itemprop=\"ImageObject\" itemscope=\"itemscope\" itemtype=\"https:\/\/schema.org\/ImageObject\" ><ul class='avia-slideshow-inner' style='padding-bottom: 98.933333333333%;'><li style='background-position:center center;' data-img-url='https:\/\/rotobed.com\/fr\/wp-content\/uploads\/2020\/04\/Free-Milj\u00f8-e1585905275373-1500x1484.jpg' class=' slide-1 ' ><div data-rel='slideshow-1' class='avia-slide-wrap'  ><\/div><\/li><li style='background-position:center center;' data-img-url='https:\/\/rotobed.com\/fr\/wp-content\/uploads\/2016\/10\/Forside-jpg-Kopi-1500x1126.jpg' class=' slide-2 ' ><div data-rel='slideshow-1' class='avia-slide-wrap'  ><\/div><\/li><\/ul><div class='avia-slideshow-arrows avia-slideshow-controls'><a href='#prev' class='prev-slide' aria-hidden='true' data-av_icon='\ue87c' data-av_iconfont='entypo-fontello'>Previous<\/a><a href='#next' class='next-slide' aria-hidden='true' data-av_icon='\ue87d' data-av_iconfont='entypo-fontello'>Next<\/a><\/div><div class='avia-slideshow-dots avia-slideshow-controls'><a href='#1' class='goto-slide active' >1<\/a><a href='#2' class='goto-slide ' >2<\/a><\/div><\/div><\/div>\n<div style='height:30px' class='hr hr-invisible  '><span class='hr-inner ' ><span class='hr-inner-style'><\/span><\/span><\/div>\n<div class=\"flex_column av_one_fifth  flex_column_div av-zero-column-padding first  \" style='border-radius:0px; '><div class='avia-image-container  av-styling-    avia-align-center '  itemprop=\"ImageObject\" itemscope=\"itemscope\" itemtype=\"https:\/\/schema.org\/ImageObject\"  ><div class='avia-image-container-inner'><img class='avia_image ' src='https:\/\/rotobed.com\/fr\/wp-content\/uploads\/2019\/05\/IF-logo-vandret-300x154.jpg' alt='Rotobed rotating bed design' title='IF Award'   itemprop=\"thumbnailUrl\"  \/><\/div><\/div><\/div>\n<div class=\"flex_column av_four_fifth  flex_column_div av-zero-column-padding   \" style='border-radius:0px; '><section class=\"av_textblock_section \"  itemscope=\"itemscope\" itemtype=\"https:\/\/schema.org\/CreativeWork\" ><div class='avia_textblock  '   itemprop=\"text\" ><h1 style=\"text-align: center;\">RotoBed\u00aeFree avec r\u00e9glage en hauteur<\/h1>\n<h1 style=\"text-align: center;\">&#8211; le lit m\u00e9dicalis\u00e9 le plus utile au monde!<\/h1>\n<\/div><\/section><\/div>\n<div  class='hr hr-default  '><span class='hr-inner ' ><span class='hr-inner-style'><\/span><\/span><\/div>\n<div class=\"flex_column av_one_half  flex_column_div av-zero-column-padding first  \" style='border-radius:0px; '><section class=\"av_textblock_section \"  itemscope=\"itemscope\" itemtype=\"https:\/\/schema.org\/CreativeWork\" ><div class='avia_textblock  '   itemprop=\"text\" ><h3><span style=\"color: #993300;\">Lit m\u00e9dicalis\u00e9 unique:<\/span> RotoBed\u00aeFree est un lit de soins innovant avec un grand nombre de caract\u00e9ristiques de haute technologie:<\/h3>\n<ul>\n<li>Avec le lit de soins RotoBed\u00aeFree, les personnes ayant des difficult\u00e9s \u00e0 entrer ou sortir de leur lit peuvent d\u00e9sormais le faire sans effort physique.<\/li>\n<li>Le lit s\u2019\u00e9l\u00e8ve en position assise et effectue les rotations gr\u00e2ce \u00e0 une simple pression sur la t\u00e9l\u00e9commande. Cela facilite \u00e0 la fois la sortie et les transferts vers un fauteuil roulant ou une aide \u00e0 la marche.<\/li>\n<li>Outre la rotation enti\u00e8rement automatis\u00e9e, la hauteur d&#8217;assise, l\u2019inclinaison du dossier ainsi que celle des jambes sont r\u00e9glables gr\u00e2ce \u00e0 la t\u00e9l\u00e9commande, dont l\u2019utilisation est facile et intuitive.<\/li>\n<li>Le m\u00e9canisme de rotation est \u00e0 la fois silencieux et tr\u00e8s confortable pour l\u2019utilisateur.<\/li>\n<li>Le bo\u00eetier de commande est simple et facile \u00e0 actionner.<\/li>\n<li>Diff\u00e9rentes \u00e9tudes dans le domaine des technologies m\u00e9dicales ont prouv\u00e9 que le lit RotoBed\u00ae am\u00e9liore consid\u00e9rablement la mobilit\u00e9 ainsi que la qualit\u00e9 de vie de l&#8217;utilisateur. En plus, ce lit diminue les efforts des soignants et est en m\u00eame temps un gain de temps et d&#8217;argent.<\/li>\n<\/ul>\n<\/div><\/section><br \/>\n<div style='height:10px' class='hr hr-invisible  '><span class='hr-inner ' ><span class='hr-inner-style'><\/span><\/span><\/div><br \/>\n<div class='avia-button-wrap avia-button-center '><a href='https:\/\/rotobed.com\/fr\/contact-fr\/' class='avia-button   avia-icon_select-no avia-color-theme-color avia-size-x-large avia-position-center '   ><span class='avia_iconbox_title' >Voulez-vous en savoir plus sur notre lit m\u00e9dicalis\u00e9?<\/span><\/a><\/div><\/p><\/div><div class=\"flex_column av_one_half  flex_column_div av-zero-column-padding   \" style='border-radius:0px; '><p><div class='avia-gallery  avia-gallery-1 avia_lazyload avia_animate_when_visible '  itemprop=\"ImageObject\" itemscope=\"itemscope\" itemtype=\"https:\/\/schema.org\/ImageObject\" ><div class='avia-gallery-thumb'> <a href='https:\/\/rotobed.com\/fr\/wp-content\/uploads\/2020\/03\/Home-i-sandet-1030x687.jpg' data-rel='gallery-1' data-prev-img='https:\/\/rotobed.com\/fr\/wp-content\/uploads\/2020\/03\/Home-i-sandet-495x400.jpg' class='first_thumb lightbox ' data-onclick='1' title='RotoBed\u00ae dans la nature'  itemprop=\"thumbnailUrl\" ><img data-avia-tooltip='RotoBed\u00ae dans la nature' src='https:\/\/rotobed.com\/fr\/wp-content\/uploads\/2020\/03\/Home-i-sandet-495x400.jpg' width='495' height='400'  title='RotoBed\u00ae dans la nature' alt='rotobed lic avec rotation' \/><\/a> <a href='https:\/\/rotobed.com\/fr\/wp-content\/uploads\/2019\/12\/HD-f-458640-c0045-1030x1030.jpg' data-rel='gallery-1' data-prev-img='https:\/\/rotobed.com\/fr\/wp-content\/uploads\/2019\/12\/HD-f-458640-c0045-495x400.jpg' class='lightbox ' data-onclick='2' title='Textile vert pour RotoBed\u00aeFree'  itemprop=\"thumbnailUrl\" ><img data-avia-tooltip='Textile vert pour RotoBed\u00aeFree' src='https:\/\/rotobed.com\/fr\/wp-content\/uploads\/2019\/12\/HD-f-458640-c0045-495x400.jpg' width='495' height='400'  title='RotoBed\u00aeHome Emerald' alt='rotobed color rotating care bed' \/><\/a> <a href='https:\/\/rotobed.com\/fr\/wp-content\/uploads\/2019\/12\/RotoBed-lagen-besk\u00e5ret.jpg' data-rel='gallery-1' data-prev-img='https:\/\/rotobed.com\/fr\/wp-content\/uploads\/2019\/12\/RotoBed-lagen-besk\u00e5ret-495x400.jpg' class='lightbox ' data-onclick='3' title='Draps en coton pour RotoBed\u00aeFree'  itemprop=\"thumbnailUrl\" ><img data-avia-tooltip='Draps en coton pour RotoBed\u00aeFree' src='https:\/\/rotobed.com\/fr\/wp-content\/uploads\/2019\/12\/RotoBed-lagen-besk\u00e5ret-495x400.jpg' width='495' height='400'  title='RotoBed\u00aeSheet' alt='rotobed rotating care bed sheets' \/><\/a> <a href='https:\/\/rotobed.com\/fr\/wp-content\/uploads\/2019\/12\/HD-f-463980-c0005-1030x1030.jpg' data-rel='gallery-1' data-prev-img='https:\/\/rotobed.com\/fr\/wp-content\/uploads\/2019\/12\/HD-f-463980-c0005-495x400.jpg' class='lightbox ' data-onclick='4' title='Textile Paul Smith pour RotoBed\u00aeFree'  itemprop=\"thumbnailUrl\" ><img data-avia-tooltip='Textile Paul Smith pour RotoBed\u00aeFree' src='https:\/\/rotobed.com\/fr\/wp-content\/uploads\/2019\/12\/HD-f-463980-c0005-495x400.jpg' width='495' height='400'  title='RotoBed\u00aeHome Stripes by Paul Smith' alt='rotobed rotating bed care bed' \/><\/a> <a href='https:\/\/rotobed.com\/fr\/wp-content\/uploads\/2020\/04\/Free-Milj\u00f8-e1585905275373-1030x1019.jpg' data-rel='gallery-1' data-prev-img='https:\/\/rotobed.com\/fr\/wp-content\/uploads\/2020\/04\/Free-Milj\u00f8-e1585905275373-495x400.jpg' class='lightbox ' data-onclick='5' title='Design danois de Hans Sandgreen Jakobsen'  itemprop=\"thumbnailUrl\" ><img data-avia-tooltip='Design danois de Hans Sandgreen Jakobsen' src='https:\/\/rotobed.com\/fr\/wp-content\/uploads\/2020\/04\/Free-Milj\u00f8-e1585905275373-495x400.jpg' width='495' height='400'  title='RotoBed\u00aeFree' alt='rotobed free rotating care bed' \/><\/a><\/div><\/div><br \/>\n<div style='height:15px' class='hr hr-invisible  '><span class='hr-inner ' ><span class='hr-inner-style'><\/span><\/span><\/div><br \/>\n<section class=\"av_textblock_section \"  itemscope=\"itemscope\" itemtype=\"https:\/\/schema.org\/CreativeWork\" ><div class='avia_textblock  '   itemprop=\"text\" ><p><iframe loading=\"lazy\" src=\"https:\/\/www.youtube.com\/embed\/Uu6xyb99r8A?rel=0\" width=\"560\" height=\"315\" frameborder=\"0\" allowfullscreen=\"allowfullscreen\"><\/iframe><\/p>\n<\/div><\/section><br \/>\n<div style='height:15px' class='hr hr-invisible  '><span class='hr-inner ' ><span class='hr-inner-style'><\/span><\/span><\/div><br \/>\n<div class='avia-gallery  avia-gallery-2 avia_lazyload avia_animate_when_visible '  itemprop=\"ImageObject\" itemscope=\"itemscope\" itemtype=\"https:\/\/schema.org\/ImageObject\" ><div class='avia-gallery-thumb'> <a href='https:\/\/rotobed.com\/fr\/wp-content\/uploads\/2019\/12\/Rotobed-Sidetable-Wooden-parts-HSJD-06.06.19-1030x721.jpg' data-rel='gallery-2' data-prev-img='https:\/\/rotobed.com\/fr\/wp-content\/uploads\/2019\/12\/Rotobed-Sidetable-Wooden-parts-HSJD-06.06.19-495x400.jpg' class='first_thumb lightbox ' data-onclick='1' title='RotoBed\u00aeBedside Table'  itemprop=\"thumbnailUrl\" ><img data-avia-tooltip='RotoBed\u00aeBedside Table' src='https:\/\/rotobed.com\/fr\/wp-content\/uploads\/2019\/12\/Rotobed-Sidetable-Wooden-parts-HSJD-06.06.19-495x400.jpg' width='495' height='400'  title='RotoBed\u00aeBedside Table' alt='table pour lit avec rotation' \/><\/a> <a href='https:\/\/rotobed.com\/fr\/wp-content\/uploads\/2019\/12\/HD-f-466014-c0013-1030x1030.jpg' data-rel='gallery-2' data-prev-img='https:\/\/rotobed.com\/fr\/wp-content\/uploads\/2019\/12\/HD-f-466014-c0013-495x400.jpg' class='lightbox ' data-onclick='2' title='Textile orange pour RotoBed\u00aeFree'  itemprop=\"thumbnailUrl\" ><img data-avia-tooltip='Textile orange pour RotoBed\u00aeFree' src='https:\/\/rotobed.com\/fr\/wp-content\/uploads\/2019\/12\/HD-f-466014-c0013-495x400.jpg' width='495' height='400'  title='RotoBed\u00aeHome orange' alt='rotating bed rotobed roto care bed textile color' \/><\/a> <a href='https:\/\/rotobed.com\/fr\/wp-content\/uploads\/2016\/10\/Forside-jpg-Kopi-1030x773.jpg' data-rel='gallery-2' data-prev-img='https:\/\/rotobed.com\/fr\/wp-content\/uploads\/2016\/10\/Forside-jpg-Kopi-495x400.jpg' class='lightbox ' data-onclick='3' title='RotoBed\u00aeFree'  itemprop=\"thumbnailUrl\" ><img data-avia-tooltip='RotoBed\u00aeFree' src='https:\/\/rotobed.com\/fr\/wp-content\/uploads\/2016\/10\/Forside-jpg-Kopi-495x400.jpg' width='495' height='400'  title='RotoBed\u00aeFree' alt='rotobed lit m\u00e9cialis\u00e9' \/><\/a> <a href='https:\/\/rotobed.com\/fr\/wp-content\/uploads\/2019\/09\/f-466014-c0018.jpg' data-rel='gallery-2' data-prev-img='https:\/\/rotobed.com\/fr\/wp-content\/uploads\/2019\/09\/f-466014-c0018-495x400.jpg' class='lightbox ' data-onclick='4' title='Textile jaune pour RotoBed\u00aeFree'  itemprop=\"thumbnailUrl\" ><img data-avia-tooltip='Textile jaune pour RotoBed\u00aeFree' src='https:\/\/rotobed.com\/fr\/wp-content\/uploads\/2019\/09\/f-466014-c0018-495x400.jpg' width='495' height='400'  title='f-466014-c0018' alt='' \/><\/a> <a href='https:\/\/rotobed.com\/fr\/wp-content\/uploads\/2019\/12\/incontinence-kvadratisk-ny.jpg' data-rel='gallery-2' data-prev-img='https:\/\/rotobed.com\/fr\/wp-content\/uploads\/2019\/12\/incontinence-kvadratisk-ny-495x400.jpg' class='lightbox ' data-onclick='5' title='RotoBed\u00aeProtection Cover'  itemprop=\"thumbnailUrl\" ><img data-avia-tooltip='RotoBed\u00aeProtection Cover' src='https:\/\/rotobed.com\/fr\/wp-content\/uploads\/2019\/12\/incontinence-kvadratisk-ny-495x400.jpg' width='495' height='400'  title='RotoBed\u00aeProtection cover' alt='rotating bed incontinence sheet' \/><\/a><\/div><\/div><\/p><\/div><div  class='hr hr-default  '><span class='hr-inner ' ><span class='hr-inner-style'><\/span><\/span><\/div><\/p>\n<div class=\"flex_column av_two_fifth  flex_column_div av-zero-column-padding first  \" style='border-radius:0px; '><p><div  data-size='no scaling'  data-lightbox_size='large'  data-animation='fade'  data-ids='2792,2793,2794,2795,2796,2797'  data-video_counter='0'  data-autoplay='true'  data-bg_slider='false'  data-slide_height=''  data-handle='av_slideshow'  data-interval='3'  data-class=' '  data-css_id=''  data-scroll_down=''  data-control_layout='av-control-default'  data-custom_markup=''  data-perma_caption=''  data-autoplay_stopper=''  data-image_attachment=''  data-min_height='0px'  class='avia-slideshow avia-slideshow-2  av-control-default av-default-height-applied avia-slideshow-no scaling av_slideshow   avia-fade-slider '  itemprop=\"ImageObject\" itemscope=\"itemscope\" itemtype=\"https:\/\/schema.org\/ImageObject\" ><ul class='avia-slideshow-inner' style='padding-bottom: 71.408209806157%;'><li  class=' slide-1 ' ><div data-rel='slideshow-2' class='avia-slide-wrap'  ><img src='https:\/\/rotobed.com\/fr\/wp-content\/uploads\/2016\/08\/Free-1-jpg.jpg' width='3508' height='2505' title='Free 1 jpg' alt=''  itemprop=\"thumbnailUrl\"   \/><\/div><\/li><li  class=' slide-2 ' ><div data-rel='slideshow-2' class='avia-slide-wrap'  ><img src='https:\/\/rotobed.com\/fr\/wp-content\/uploads\/2016\/08\/free-2-jpg.jpg' width='3508' height='2505' title='free 2 jpg' alt=''  itemprop=\"thumbnailUrl\"   \/><\/div><\/li><li  class=' slide-3 ' ><div data-rel='slideshow-2' class='avia-slide-wrap'  ><img src='https:\/\/rotobed.com\/fr\/wp-content\/uploads\/2016\/08\/free-3-jpg.jpg' width='3508' height='2505' title='free 3 jpg' alt=''  itemprop=\"thumbnailUrl\"   \/><\/div><\/li><li  class=' slide-4 ' ><div data-rel='slideshow-2' class='avia-slide-wrap'  ><img src='https:\/\/rotobed.com\/fr\/wp-content\/uploads\/2016\/08\/free-4-jpg.jpg' width='3508' height='2505' title='free 4 jpg' alt=''  itemprop=\"thumbnailUrl\"   \/><\/div><\/li><li  class=' slide-5 ' ><div data-rel='slideshow-2' class='avia-slide-wrap'  ><img src='https:\/\/rotobed.com\/fr\/wp-content\/uploads\/2016\/08\/free-5-jpg.jpg' width='3508' height='2505' title='free 5 jpg' alt=''  itemprop=\"thumbnailUrl\"   \/><\/div><\/li><li  class=' slide-6 ' ><div data-rel='slideshow-2' class='avia-slide-wrap'  ><img src='https:\/\/rotobed.com\/fr\/wp-content\/uploads\/2016\/08\/free-6-jpg.jpg' width='3508' height='2505' title='free 6 jpg' alt=''  itemprop=\"thumbnailUrl\"   \/><\/div><\/li><\/ul><div class='avia-slideshow-arrows avia-slideshow-controls'><a href='#prev' class='prev-slide' aria-hidden='true' data-av_icon='\ue87c' data-av_iconfont='entypo-fontello'>Previous<\/a><a href='#next' class='next-slide' aria-hidden='true' data-av_icon='\ue87d' data-av_iconfont='entypo-fontello'>Next<\/a><\/div><div class='avia-slideshow-dots avia-slideshow-controls'><a href='#1' class='goto-slide active' >1<\/a><a href='#2' class='goto-slide ' >2<\/a><a href='#3' class='goto-slide ' >3<\/a><a href='#4' class='goto-slide ' >4<\/a><a href='#5' class='goto-slide ' >5<\/a><a href='#6' class='goto-slide ' >6<\/a><\/div><\/div><br \/>\n<div  class='hr hr-default  '><span class='hr-inner ' ><span class='hr-inner-style'><\/span><\/span><\/div><br \/>\n<section class=\"av_textblock_section \"  itemscope=\"itemscope\" itemtype=\"https:\/\/schema.org\/CreativeWork\" ><div class='avia_textblock  '   itemprop=\"text\" ><p style=\"padding-left: 30px;\"><strong>Croquis du lit en position de rotation<\/strong><\/p>\n<\/div><\/section><br \/>\n<div class='avia-image-container  av-styling-    avia-align-center '  itemprop=\"ImageObject\" itemscope=\"itemscope\" itemtype=\"https:\/\/schema.org\/ImageObject\"  ><div class='avia-image-container-inner'><img class='avia_image ' src='https:\/\/rotobed.com\/fr\/wp-content\/uploads\/2020\/03\/Ny-skitse-Free-med-st\u00f8rre-m\u00e5l-e1585224138416-300x196.jpg' alt='Rotobed rotating bed care bed' title='RotoBed\u00ae sketch'   itemprop=\"thumbnailUrl\"  \/><\/div><\/div><br \/>\n<div style='height:50px' class='hr hr-invisible  '><span class='hr-inner ' ><span class='hr-inner-style'><\/span><\/span><\/div><\/p><\/div>\n<div class=\"flex_column av_one_third  flex_column_div av-zero-column-padding   \" style='border-width:4px; border-color:#938a7f; border-style:solid; border-radius:0px; '><article class=\"iconbox iconbox_top main_color    \"  itemscope=\"itemscope\" itemtype=\"https:\/\/schema.org\/CreativeWork\" ><div class=\"iconbox_content\"><header class=\"entry-content-header\"><div class=\"iconbox_icon heading-color \" aria-hidden='true' data-av_icon='\ue81f' data-av_iconfont='entypo-fontello'  ><\/div><h3 class='iconbox_content_title '  itemprop=\"headline\"  >INFORMATIONS TECHNIQUES<\/h3><\/header><div class='iconbox_content_container  '  itemprop=\"text\"  ><p>Hauteur\u00a0: 32 \u2013 82 cm<\/p>\n<p>Largeur matelas: 85 \/ 100 cm<\/p>\n<p>Longueur matelas: 205 \/ 215 \/ 225 cm<\/p>\n<p>Bois : placage\u00a0de ch\u00eane<\/p>\n<p>Poids de l&#8217;utilisateur: max 190 kg<\/p>\n<p>Charge nominale: max 225 kg<\/p>\n<p>Disponible avec de nombreux<a href=\"https:\/\/rotobed.com\/fr\/fr\/rotobed-accessoires\/\">\u00a0<u>accessoires<\/u><\/a><\/p>\n<p><strong>Indication de poids<\/strong><\/p>\n<p>T\u00eate de lit: 39 kg<\/p>\n<p>T\u00eate de lit inf\u00e9rieure: 46 kg<\/p>\n<p>Cadre: 80 kg<\/p>\n<p>Poids total: 165 kg<\/p>\n<p><strong>R\u00e9glementations et normes<\/strong><\/p>\n<p>RotoBed\u00aeFree est certifi\u00e9 conforme \u00e0 la norme \u00ab\u00a0CE\u00a0\u00bb et r\u00e9pond aux nouvelles normes et prescriptions europ\u00e9ennes pour les lits de soins.<\/p>\n<p>Norme internationale IEC 60601-2-52.<\/p>\n<p>Les lits peuvent r\u00e9sister \u00e0 un lavage, approuv\u00e9 par la norme IPX6W<\/p>\n<p>Moteurs et bo\u00eete de contr\u00f4le de haute qualit\u00e9 de <a href=\"http:\/\/www.linak.fr\">LINAK<\/a>.<\/p>\n<\/div><\/div><footer class=\"entry-footer\"><\/footer><\/article><\/div><div class=\"flex_column av_one_fourth  flex_column_div av-zero-column-padding   \" style='border-radius:0px; '><p><div class='avia-button-wrap avia-button-center '><a href='https:\/\/rotobed.com\/fr\/rotobed-temoignages\/' class='avia-button   avia-icon_select-no avia-color-theme-color avia-size-large avia-position-center '   ><span class='avia_iconbox_title' >Lisez 9 temoignages inspirants<\/span><\/a><\/div><br \/>\n<div style='height:15px' class='hr hr-invisible  '><span class='hr-inner ' ><span class='hr-inner-style'><\/span><\/span><\/div><br \/>\n<div class='avia-image-container  av-styling-    avia-align-center '  itemprop=\"ImageObject\" itemscope=\"itemscope\" itemtype=\"https:\/\/schema.org\/ImageObject\"  ><div class='avia-image-container-inner'><img class='avia_image ' src='https:\/\/rotobed.com\/fr\/wp-content\/uploads\/2020\/11\/Hans-04-mindre-300x202.jpg' alt='rotobed lit m\u00e9dicalis\u00e9 temoignage' title='Temoignage Hans Villadsen'   itemprop=\"thumbnailUrl\"  \/><\/div><\/div><br \/>\n<div  class='hr hr-default  '><span class='hr-inner ' ><span class='hr-inner-style'><\/span><\/span><\/div><br \/>\n<section class=\"av_textblock_section \"  itemscope=\"itemscope\" itemtype=\"https:\/\/schema.org\/CreativeWork\" ><div class='avia_textblock  '   itemprop=\"text\" ><p style=\"padding-left: 30px; text-align: left;\"><strong>RotoBed\u00ae emball\u00e9 sur une palette<\/strong><\/p>\n<\/div><\/section><br \/>\n<div class='avia-image-container  av-styling-    avia-align-center '  itemprop=\"ImageObject\" itemscope=\"itemscope\" itemtype=\"https:\/\/schema.org\/ImageObject\"  ><div class='avia-image-container-inner'><img class='avia_image ' src='https:\/\/rotobed.com\/fr\/wp-content\/uploads\/2020\/01\/Skitse-RotoBed\u00aeHome-p\u00e5-palle-210x300.jpg' alt='rotobed lit de soins rotatif transport' title='RotoBed\u00ae transport'   itemprop=\"thumbnailUrl\"  \/><\/div><\/div><\/p><\/div><\/p>\n","protected":false},"excerpt":{"rendered":"","protected":false},"author":2,"featured_media":0,"parent":0,"menu_order":0,"comment_status":"closed","ping_status":"closed","template":"","meta":[],"yoast_head":"<!-- This site is optimized with the Yoast SEO plugin v16.9 - https:\/\/yoast.com\/wordpress\/plugins\/seo\/ -->\n<title>Lit m\u00e9dicalis\u00e9 RotoBed\u00aeFree -lit rotatif qui vous aide \u00e0 entrer et sortir du lit.<\/title>\n<meta name=\"description\" content=\"Le lit m\u00e9dicalis\u00e9 et rotatif RotoBed\u00aeFree vous offre moins de douleur, plus de libert\u00e9 et une meilleure qualit\u00e9 de vie. Et les soignants l&#039;adorent!\" \/>\n<meta name=\"robots\" content=\"index, follow, max-snippet:-1, max-image-preview:large, max-video-preview:-1\" \/>\n<link rel=\"canonical\" href=\"https:\/\/rotobed.com\/fr\/lit-medicalise\/\" \/>\n<meta property=\"og:locale\" content=\"en_GB\" \/>\n<meta property=\"og:type\" content=\"article\" \/>\n<meta property=\"og:title\" content=\"Lit m\u00e9dicalis\u00e9 RotoBed\u00aeFree -lit rotatif qui vous aide \u00e0 entrer et sortir du lit.\" \/>\n<meta property=\"og:description\" content=\"Le lit m\u00e9dicalis\u00e9 et rotatif RotoBed\u00aeFree vous offre moins de douleur, plus de libert\u00e9 et une meilleure qualit\u00e9 de vie. Et les soignants l&#039;adorent!\" \/>\n<meta property=\"og:url\" content=\"https:\/\/rotobed.com\/fr\/lit-medicalise\/\" \/>\n<meta property=\"og:site_name\" content=\"RotoBed\" \/>\n<meta property=\"article:modified_time\" content=\"2020-11-18T08:23:09+00:00\" \/>\n<meta name=\"twitter:card\" content=\"summary\" \/>\n<meta name=\"twitter:label1\" content=\"Estimated reading time\" \/>\n\t<meta name=\"twitter:data1\" content=\"10 minutes\" \/>\n<script type=\"application\/ld+json\" class=\"yoast-schema-graph\">{\"@context\":\"https:\/\/schema.org\",\"@graph\":[{\"@type\":\"WebSite\",\"@id\":\"https:\/\/rotobed.com\/fr\/#website\",\"url\":\"https:\/\/rotobed.com\/fr\/\",\"name\":\"RotoBed\",\"description\":\"Rotate life better\",\"potentialAction\":[{\"@type\":\"SearchAction\",\"target\":{\"@type\":\"EntryPoint\",\"urlTemplate\":\"https:\/\/rotobed.com\/fr\/?s={search_term_string}\"},\"query-input\":\"required name=search_term_string\"}],\"inLanguage\":\"en-GB\"},{\"@type\":\"WebPage\",\"@id\":\"https:\/\/rotobed.com\/fr\/lit-medicalise\/#webpage\",\"url\":\"https:\/\/rotobed.com\/fr\/lit-medicalise\/\",\"name\":\"Lit m\\u00e9dicalis\\u00e9 RotoBed\\u00aeFree -lit rotatif qui vous aide \\u00e0 entrer et sortir du lit.\",\"isPartOf\":{\"@id\":\"https:\/\/rotobed.com\/fr\/#website\"},\"datePublished\":\"2016-08-31T08:31:18+00:00\",\"dateModified\":\"2020-11-18T08:23:09+00:00\",\"description\":\"Le lit m\\u00e9dicalis\\u00e9 et rotatif RotoBed\\u00aeFree vous offre moins de douleur, plus de libert\\u00e9 et une meilleure qualit\\u00e9 de vie. Et les soignants l'adorent!\",\"breadcrumb\":{\"@id\":\"https:\/\/rotobed.com\/fr\/lit-medicalise\/#breadcrumb\"},\"inLanguage\":\"en-GB\",\"potentialAction\":[{\"@type\":\"ReadAction\",\"target\":[\"https:\/\/rotobed.com\/fr\/lit-medicalise\/\"]}]},{\"@type\":\"BreadcrumbList\",\"@id\":\"https:\/\/rotobed.com\/fr\/lit-medicalise\/#breadcrumb\",\"itemListElement\":[{\"@type\":\"ListItem\",\"position\":1,\"name\":\"Hjem\",\"item\":\"https:\/\/rotobed.com\/fr\/\"},{\"@type\":\"ListItem\",\"position\":2,\"name\":\"RotoBed\\u00aeFree fr\"}]}]}<\/script>\n<!-- \/ Yoast SEO plugin. -->","yoast_head_json":{"title":"Lit m\u00e9dicalis\u00e9 RotoBed\u00aeFree -lit rotatif qui vous aide \u00e0 entrer et sortir du lit.","description":"Le lit m\u00e9dicalis\u00e9 et rotatif RotoBed\u00aeFree vous offre moins de douleur, plus de libert\u00e9 et une meilleure qualit\u00e9 de vie. Et les soignants l'adorent!","robots":{"index":"index","follow":"follow","max-snippet":"max-snippet:-1","max-image-preview":"max-image-preview:large","max-video-preview":"max-video-preview:-1"},"canonical":"https:\/\/rotobed.com\/fr\/lit-medicalise\/","og_locale":"en_GB","og_type":"article","og_title":"Lit m\u00e9dicalis\u00e9 RotoBed\u00aeFree -lit rotatif qui vous aide \u00e0 entrer et sortir du lit.","og_description":"Le lit m\u00e9dicalis\u00e9 et rotatif RotoBed\u00aeFree vous offre moins de douleur, plus de libert\u00e9 et une meilleure qualit\u00e9 de vie. Et les soignants l'adorent!","og_url":"https:\/\/rotobed.com\/fr\/lit-medicalise\/","og_site_name":"RotoBed","article_modified_time":"2020-11-18T08:23:09+00:00","twitter_card":"summary","twitter_misc":{"Estimated reading time":"10 minutes"},"schema":{"@context":"https:\/\/schema.org","@graph":[{"@type":"WebSite","@id":"https:\/\/rotobed.com\/fr\/#website","url":"https:\/\/rotobed.com\/fr\/","name":"RotoBed","description":"Rotate life better","potentialAction":[{"@type":"SearchAction","target":{"@type":"EntryPoint","urlTemplate":"https:\/\/rotobed.com\/fr\/?s={search_term_string}"},"query-input":"required name=search_term_string"}],"inLanguage":"en-GB"},{"@type":"WebPage","@id":"https:\/\/rotobed.com\/fr\/lit-medicalise\/#webpage","url":"https:\/\/rotobed.com\/fr\/lit-medicalise\/","name":"Lit m\u00e9dicalis\u00e9 RotoBed\u00aeFree -lit rotatif qui vous aide \u00e0 entrer et sortir du lit.","isPartOf":{"@id":"https:\/\/rotobed.com\/fr\/#website"},"datePublished":"2016-08-31T08:31:18+00:00","dateModified":"2020-11-18T08:23:09+00:00","description":"Le lit m\u00e9dicalis\u00e9 et rotatif RotoBed\u00aeFree vous offre moins de douleur, plus de libert\u00e9 et une meilleure qualit\u00e9 de vie. Et les soignants l'adorent!","breadcrumb":{"@id":"https:\/\/rotobed.com\/fr\/lit-medicalise\/#breadcrumb"},"inLanguage":"en-GB","potentialAction":[{"@type":"ReadAction","target":["https:\/\/rotobed.com\/fr\/lit-medicalise\/"]}]},{"@type":"BreadcrumbList","@id":"https:\/\/rotobed.com\/fr\/lit-medicalise\/#breadcrumb","itemListElement":[{"@type":"ListItem","position":1,"name":"Hjem","item":"https:\/\/rotobed.com\/fr\/"},{"@type":"ListItem","position":2,"name":"RotoBed\u00aeFree fr"}]}]}},"_links":{"self":[{"href":"https:\/\/rotobed.com\/fr\/wp-json\/wp\/v2\/pages\/1041"}],"collection":[{"href":"https:\/\/rotobed.com\/fr\/wp-json\/wp\/v2\/pages"}],"about":[{"href":"https:\/\/rotobed.com\/fr\/wp-json\/wp\/v2\/types\/page"}],"author":[{"embeddable":true,"href":"https:\/\/rotobed.com\/fr\/wp-json\/wp\/v2\/users\/2"}],"replies":[{"embeddable":true,"href":"https:\/\/rotobed.com\/fr\/wp-json\/wp\/v2\/comments?post=1041"}],"version-history":[{"count":24,"href":"https:\/\/rotobed.com\/fr\/wp-json\/wp\/v2\/pages\/1041\/revisions"}],"predecessor-version":[{"id":7345,"href":"https:\/\/rotobed.com\/fr\/wp-json\/wp\/v2\/pages\/1041\/revisions\/7345"}],"wp:attachment":[{"href":"https:\/\/rotobed.com\/fr\/wp-json\/wp\/v2\/media?parent=1041"}],"curies":[{"name":"wp","href":"https:\/\/api.w.org\/{rel}","templated":true}]}}