{"id":1054,"date":"2016-08-31T09:37:46","date_gmt":"2016-08-31T09:37:46","guid":{"rendered":"https:\/\/rotobed.com\/fr\/?page_id=1054"},"modified":"2020-04-21T09:41:37","modified_gmt":"2020-04-21T09:41:37","slug":"lisbeth-buhl-4","status":"publish","type":"page","link":"https:\/\/rotobed.com\/fr\/lisbeth-buhl-4\/","title":{"rendered":"Lisbeth Buhl-fr"},"content":{"rendered":"<div style='height:50px' class='hr hr-invisible  '><span class='hr-inner ' ><span class='hr-inner-style'><\/span><\/span><\/div>\n<div class=\"flex_column av_three_fourth  flex_column_div av-zero-column-padding first  \" style='border-radius:0px; '><p><div class='avia-image-container  av-styling-    avia-align-center '  itemprop=\"ImageObject\" itemscope=\"itemscope\" itemtype=\"https:\/\/schema.org\/ImageObject\"  ><div class='avia-image-container-inner'><img class='avia_image ' src='https:\/\/rotobed.com\/fr\/wp-content\/uploads\/2020\/01\/Lisbeth-02A-\u00a9-Jonas-Fotografi-1-3-1030x686.jpg' alt='' title='Lisbeth 02A - \u00a9 Jonas Fotografi'   itemprop=\"thumbnailUrl\"  \/><\/div><\/div><br \/>\n<section class=\"av_textblock_section \"  itemscope=\"itemscope\" itemtype=\"https:\/\/schema.org\/CreativeWork\" ><div class='avia_textblock  '   itemprop=\"text\" ><h1>Le RotoBed\u00ae retarde le besoin d&#8217;un service de soins \u00e0 domicile<\/h1>\n<h3>Lisbeth Buhl, th\u00e9rapeute professionnelle de l&#8217;Institut Handicap \u00e0 Aabenraa<\/h3>\n<p>Nous avons fait notre premi\u00e8re exp\u00e9rience avec le RotoBed\u00ae dans le cadre d&#8217;un projet. En premier lieu, le but \u00e9tait de d\u00e9couvrir si si le lit pourrait faire le patient autonome jusqu&#8217;au stade o\u00f9 il peut sortir du lit et y entrer sans aide ext\u00e9rieure afin de retarder le besoin d&#8217;un service de soins \u00e0 domicile ou m\u00eame l&#8217;\u00e9viter. Nous avons test\u00e9 le lit aupr\u00e8s de 11 patients quel \u00e9tait le stade de leur besoin d&#8217;assistance domestique, qui serait mis \u00e0 la disposition de la commune, et le r\u00e9sultat \u00e9tait plus que positif.<\/p>\n<p>On r\u00e9duit le risque de d\u00e9cubitus gr\u00e2ce aux peu de rotations et la diminution de tiraillements de la peau non seulement en entrant au lit et en en sortant, mais aussi en trouvant une position ad\u00e9quate. Le lit \u00e9vite chutes et personnes avec l&#8217;ost\u00e9oporose ont moins de douleurs et un risque de fracture plus faible puisque les interventions sont r\u00e9duites.<\/p>\n<p>Nous voulions \u00eatre certains d&#8217;avoir des r\u00e9sultats exacts. En premier lieu, nous avons rendu visite aux patients afin d&#8217;obtenir une \u00e9valuation professionnelle, \u00ab COPM \u00bb (mod\u00e8le canadien de la performance professionnelle), bas\u00e9e sur une estimation professionnelle du patient. Apr\u00e8s cela, le patient est arriv\u00e9 pour un test dans l&#8217;Institut Handicap o\u00f9 il pouvait utiliser les fonctions du lit. Juste apr\u00e8s la livraison du lit, nous avons effectu\u00e9 une visite de suivi chez le patient \u00e0 la maison avec un contr\u00f4le suppl\u00e9mentaire du processus complet, ainsi qu&#8217;une troisi\u00e8me visite apr\u00e8s trois ou quatre semaines pour une \u00e9valuation finale.<\/p>\n<p>Il vaut bien la peine d&#8217;investir quelque temps pour assurer que le patient est initi\u00e9 au lit et qu&#8217;il se sent \u00e0 l&#8217;aise pendant l&#8217;utilisation. Tous les patients dans le projet sont devenus plus ind\u00e9pendants et sont tr\u00e8s heureux de pouvoir se lever ou se coucher tout seuls, ce qui leur a rendu une libert\u00e9 pr\u00e9cieuse ainsi qu&#8217;\u00e0 leurs familles.<\/p>\n<p>Les patients participants souffrent des maladies chroniques comme Parkinson et arthrite. Ils n&#8217;ont qu&#8217;une force limit\u00e9e. Il serait une honte pour eux quand ils l&#8217;emploieraient seulement pour sortir du lit. La plupart des patients est \u00e2g\u00e9e, et leurs conjoints manque la force physique n\u00e9cessaire pour les aider. Avec un RotoBed\u00ae, les couples ont la possibilit\u00e9 d&#8217;\u00eatre \u00e9poux et \u00e9pouse au lieu d&#8217;un patient invalide et sauveteur. Comme \u00e7a, les \u00e9poux sont aussi ravis du lit.<\/p>\n<\/div><\/section><\/p><\/div><div class=\"flex_column av_one_fourth  flex_column_div av-zero-column-padding   \" style='border-radius:0px; '><p><div style='padding-bottom:10px;' class='av-special-heading av-special-heading-h1    '><h1 class='av-special-heading-tag '  itemprop=\"headline\"  > 9 cas inspirants avec le RotoBed\u00ae<\/h1><div class='special-heading-border'><div class='special-heading-inner-border' ><\/div><\/div><\/div><br \/>\n<div style='height:50px' class='hr hr-invisible  '><span class='hr-inner ' ><span class='hr-inner-style'><\/span><\/span><\/div><br \/>\n<div class='avia-button-wrap avia-button-right '><a href='https:\/\/rotobed.com\/fr\/rotobed-temoignages\/' class='avia-button   avia-icon_select-no avia-color-theme-color avia-size-medium avia-position-right '   ><span class='avia_iconbox_title' >Voyez la liste ici<\/span><\/a><\/div><\/p><\/div><div style='height:50px' class='hr hr-invisible  '><span class='hr-inner ' ><span class='hr-inner-style'><\/span><\/span><\/div><\/p>\n","protected":false},"excerpt":{"rendered":"","protected":false},"author":2,"featured_media":0,"parent":0,"menu_order":0,"comment_status":"closed","ping_status":"closed","template":"","meta":[],"yoast_head":"<!-- This site is optimized with the Yoast SEO plugin v16.9 - https:\/\/yoast.com\/wordpress\/plugins\/seo\/ -->\n<title>Lisbeth Buhl-fr - RotoBed<\/title>\n<meta name=\"robots\" content=\"index, follow, max-snippet:-1, max-image-preview:large, max-video-preview:-1\" \/>\n<link rel=\"canonical\" href=\"https:\/\/rotobed.com\/fr\/lisbeth-buhl-4\/\" \/>\n<meta property=\"og:locale\" content=\"en_GB\" \/>\n<meta property=\"og:type\" content=\"article\" \/>\n<meta property=\"og:title\" content=\"Lisbeth Buhl-fr - RotoBed\" \/>\n<meta property=\"og:url\" content=\"https:\/\/rotobed.com\/fr\/lisbeth-buhl-4\/\" \/>\n<meta property=\"og:site_name\" content=\"RotoBed\" \/>\n<meta property=\"article:modified_time\" content=\"2020-04-21T09:41:37+00:00\" \/>\n<meta name=\"twitter:card\" content=\"summary\" \/>\n<meta name=\"twitter:label1\" content=\"Estimated reading time\" \/>\n\t<meta name=\"twitter:data1\" content=\"4 minutes\" \/>\n<script type=\"application\/ld+json\" class=\"yoast-schema-graph\">{\"@context\":\"https:\/\/schema.org\",\"@graph\":[{\"@type\":\"WebSite\",\"@id\":\"https:\/\/rotobed.com\/fr\/#website\",\"url\":\"https:\/\/rotobed.com\/fr\/\",\"name\":\"RotoBed\",\"description\":\"Rotate life better\",\"potentialAction\":[{\"@type\":\"SearchAction\",\"target\":{\"@type\":\"EntryPoint\",\"urlTemplate\":\"https:\/\/rotobed.com\/fr\/?s={search_term_string}\"},\"query-input\":\"required name=search_term_string\"}],\"inLanguage\":\"en-GB\"},{\"@type\":\"WebPage\",\"@id\":\"https:\/\/rotobed.com\/fr\/lisbeth-buhl-4\/#webpage\",\"url\":\"https:\/\/rotobed.com\/fr\/lisbeth-buhl-4\/\",\"name\":\"Lisbeth Buhl-fr - RotoBed\",\"isPartOf\":{\"@id\":\"https:\/\/rotobed.com\/fr\/#website\"},\"datePublished\":\"2016-08-31T09:37:46+00:00\",\"dateModified\":\"2020-04-21T09:41:37+00:00\",\"breadcrumb\":{\"@id\":\"https:\/\/rotobed.com\/fr\/lisbeth-buhl-4\/#breadcrumb\"},\"inLanguage\":\"en-GB\",\"potentialAction\":[{\"@type\":\"ReadAction\",\"target\":[\"https:\/\/rotobed.com\/fr\/lisbeth-buhl-4\/\"]}]},{\"@type\":\"BreadcrumbList\",\"@id\":\"https:\/\/rotobed.com\/fr\/lisbeth-buhl-4\/#breadcrumb\",\"itemListElement\":[{\"@type\":\"ListItem\",\"position\":1,\"name\":\"Hjem\",\"item\":\"https:\/\/rotobed.com\/fr\/\"},{\"@type\":\"ListItem\",\"position\":2,\"name\":\"Lisbeth Buhl-fr\"}]}]}<\/script>\n<!-- \/ Yoast SEO plugin. -->","yoast_head_json":{"title":"Lisbeth Buhl-fr - RotoBed","robots":{"index":"index","follow":"follow","max-snippet":"max-snippet:-1","max-image-preview":"max-image-preview:large","max-video-preview":"max-video-preview:-1"},"canonical":"https:\/\/rotobed.com\/fr\/lisbeth-buhl-4\/","og_locale":"en_GB","og_type":"article","og_title":"Lisbeth Buhl-fr - RotoBed","og_url":"https:\/\/rotobed.com\/fr\/lisbeth-buhl-4\/","og_site_name":"RotoBed","article_modified_time":"2020-04-21T09:41:37+00:00","twitter_card":"summary","twitter_misc":{"Estimated reading time":"4 minutes"},"schema":{"@context":"https:\/\/schema.org","@graph":[{"@type":"WebSite","@id":"https:\/\/rotobed.com\/fr\/#website","url":"https:\/\/rotobed.com\/fr\/","name":"RotoBed","description":"Rotate life better","potentialAction":[{"@type":"SearchAction","target":{"@type":"EntryPoint","urlTemplate":"https:\/\/rotobed.com\/fr\/?s={search_term_string}"},"query-input":"required name=search_term_string"}],"inLanguage":"en-GB"},{"@type":"WebPage","@id":"https:\/\/rotobed.com\/fr\/lisbeth-buhl-4\/#webpage","url":"https:\/\/rotobed.com\/fr\/lisbeth-buhl-4\/","name":"Lisbeth Buhl-fr - RotoBed","isPartOf":{"@id":"https:\/\/rotobed.com\/fr\/#website"},"datePublished":"2016-08-31T09:37:46+00:00","dateModified":"2020-04-21T09:41:37+00:00","breadcrumb":{"@id":"https:\/\/rotobed.com\/fr\/lisbeth-buhl-4\/#breadcrumb"},"inLanguage":"en-GB","potentialAction":[{"@type":"ReadAction","target":["https:\/\/rotobed.com\/fr\/lisbeth-buhl-4\/"]}]},{"@type":"BreadcrumbList","@id":"https:\/\/rotobed.com\/fr\/lisbeth-buhl-4\/#breadcrumb","itemListElement":[{"@type":"ListItem","position":1,"name":"Hjem","item":"https:\/\/rotobed.com\/fr\/"},{"@type":"ListItem","position":2,"name":"Lisbeth Buhl-fr"}]}]}},"_links":{"self":[{"href":"https:\/\/rotobed.com\/fr\/wp-json\/wp\/v2\/pages\/1054"}],"collection":[{"href":"https:\/\/rotobed.com\/fr\/wp-json\/wp\/v2\/pages"}],"about":[{"href":"https:\/\/rotobed.com\/fr\/wp-json\/wp\/v2\/types\/page"}],"author":[{"embeddable":true,"href":"https:\/\/rotobed.com\/fr\/wp-json\/wp\/v2\/users\/2"}],"replies":[{"embeddable":true,"href":"https:\/\/rotobed.com\/fr\/wp-json\/wp\/v2\/comments?post=1054"}],"version-history":[{"count":8,"href":"https:\/\/rotobed.com\/fr\/wp-json\/wp\/v2\/pages\/1054\/revisions"}],"predecessor-version":[{"id":7230,"href":"https:\/\/rotobed.com\/fr\/wp-json\/wp\/v2\/pages\/1054\/revisions\/7230"}],"wp:attachment":[{"href":"https:\/\/rotobed.com\/fr\/wp-json\/wp\/v2\/media?parent=1054"}],"curies":[{"name":"wp","href":"https:\/\/api.w.org\/{rel}","templated":true}]}}