{"id":1060,"date":"2016-08-31T09:56:06","date_gmt":"2016-08-31T09:56:06","guid":{"rendered":"https:\/\/rotobed.com\/fr\/?page_id=1060"},"modified":"2020-11-18T13:37:51","modified_gmt":"2020-11-18T13:37:51","slug":"handicap-moteur","status":"publish","type":"page","link":"https:\/\/rotobed.com\/fr\/handicap-moteur\/","title":{"rendered":"Tommy Hansen-fr"},"content":{"rendered":"<div style='height:50px' class='hr hr-invisible  '><span class='hr-inner ' ><span class='hr-inner-style'><\/span><\/span><\/div>\n<div class=\"flex_column av_three_fourth  flex_column_div av-zero-column-padding first  \" style='border-radius:0px; '><p><div class='avia-image-container  av-styling-    avia-align-center '  itemprop=\"ImageObject\" itemscope=\"itemscope\" itemtype=\"https:\/\/schema.org\/ImageObject\"  ><div class='avia-image-container-inner'><img class='avia_image ' src='https:\/\/rotobed.com\/fr\/wp-content\/uploads\/2016\/08\/Tommy.jpg' alt='rotobed temoignage spasmodique' title='Tommy'   itemprop=\"thumbnailUrl\"  \/><\/div><\/div><br \/>\n<section class=\"av_textblock_section \"  itemscope=\"itemscope\" itemtype=\"https:\/\/schema.org\/CreativeWork\" ><div class='avia_textblock  '   itemprop=\"text\" ><h1>C&#8217;est brillant<\/h1>\n<h3>Tommy Hansen, Sorgenfri, 47 ans. Il est n\u00e9 comme handicap\u00e9 moteur. Il y a dix mois qu&#8217;il a un RotoBed\u00ae.<\/h3>\n<p>J&#8217;ai un grand probl\u00e8me avec mon estomac et quelques fois la nuit cela ne se passe pas comme \u00e7a devrait. Avant, \u00e7a me posait un certain nombre de probl\u00e8mes parce que je suis handicap\u00e9 moteur. J&#8217;\u00e9tais oblig\u00e9 de me sortir avec beaucoup de mal de mon lit et souvent c&#8217;\u00e9tait sali partout. C&#8217;\u00e9tait tr\u00e8s d\u00e9gradant et beaucoup d&#8217;effort parce que je devais le nettoyer moi-m\u00eame.<\/p>\n<p>En principe, je n&#8217;avais pas droit \u00e0 un lit de soin mais comme on n&#8217;en avait pas besoin dans un autre lieu, j&#8217;ai eu la chance de l&#8217;obtenir. C&#8217;\u00e9tait un grand bonheur pour moi. Le matelas se tourne avec le lit, ce qui veut dire, si j&#8217;avais un malheur pendant la nuit, \u00e7a ne salissait pas tout le lit, mais \u00e7a restait sur le matelas. Cela me rend moins furieux et f\u00e2ch\u00e9 parce que je le nettoie rapidement.<\/p>\n<p>Je ne peux rien dire du mal sur ce lit. J&#8217;ai d\u00e9couvert moi-m\u00eame que \u00e7a a plusieurs d&#8217;autres avantages pour moi. C&#8217;est tellement facile de sortir du lit sans effort et \u00e7a m&#8217;autorise de d\u00e9penser mon \u00e9nergie pour des choses plus int\u00e9ressantes. C&#8217;est brillant.<\/p>\n<p>Les soignants sont \u00e9galement tr\u00e8s enthousiastes. Ils n&#8217;avaient jamais vu un lit comme celui-ci avant et am\u00e8nent souvent d&#8217;autres coll\u00e8gues pour le leur montrer.<\/p>\n<p>En plus, c&#8217;est tr\u00e8s beau. Bien s\u00fbr je sais que c&#8217;est un lit de soins, mais n\u00e9anmoins \u00e7a ne doit pas ressembler \u00e0 un lit dans lequel je vais mourir dans les six mois!<\/p>\n<\/div><\/section><\/p><\/div><div class=\"flex_column av_one_fourth  flex_column_div av-zero-column-padding   \" style='border-radius:0px; '><p><div style='padding-bottom:10px;' class='av-special-heading av-special-heading-h1    '><h1 class='av-special-heading-tag '  itemprop=\"headline\"  > 9 cas inspirants avec le RotoBed\u00ae<\/h1><div class='special-heading-border'><div class='special-heading-inner-border' ><\/div><\/div><\/div><br \/>\n<div style='height:50px' class='hr hr-invisible  '><span class='hr-inner ' ><span class='hr-inner-style'><\/span><\/span><\/div><br \/>\n<div class='avia-button-wrap avia-button-right '><a href='https:\/\/rotobed.com\/fr\/rotobed-temoignages\/' class='avia-button   avia-icon_select-no avia-color-theme-color avia-size-medium avia-position-right '   ><span class='avia_iconbox_title' >Voyez la liste ici<\/span><\/a><\/div><\/p><\/div><\/p>\n<div style='height:50px' class='hr hr-invisible  '><span class='hr-inner ' ><span class='hr-inner-style'><\/span><\/span><\/div>\n","protected":false},"excerpt":{"rendered":"","protected":false},"author":2,"featured_media":0,"parent":0,"menu_order":0,"comment_status":"closed","ping_status":"closed","template":"","meta":[],"yoast_head":"<!-- This site is optimized with the Yoast SEO plugin v16.9 - https:\/\/yoast.com\/wordpress\/plugins\/seo\/ -->\n<title>handicap moteur? Essayez le lit rotatif RotoBed - vous aidera tous les jours<\/title>\n<meta name=\"description\" content=\"Un lit rotatif RotoBed peut \u00eatre tr\u00e8s utile aux personnes ayant un handicap moteur. Lisez ici ce qu&#039;il a fait pour Tommy.\" \/>\n<meta name=\"robots\" content=\"index, follow, max-snippet:-1, max-image-preview:large, max-video-preview:-1\" \/>\n<link rel=\"canonical\" href=\"https:\/\/rotobed.com\/fr\/handicap-moteur\/\" \/>\n<meta property=\"og:locale\" content=\"en_GB\" \/>\n<meta property=\"og:type\" content=\"article\" \/>\n<meta property=\"og:title\" content=\"handicap moteur? Essayez le lit rotatif RotoBed - vous aidera tous les jours\" \/>\n<meta property=\"og:description\" content=\"Un lit rotatif RotoBed peut \u00eatre tr\u00e8s utile aux personnes ayant un handicap moteur. Lisez ici ce qu&#039;il a fait pour Tommy.\" \/>\n<meta property=\"og:url\" content=\"https:\/\/rotobed.com\/fr\/handicap-moteur\/\" \/>\n<meta property=\"og:site_name\" content=\"RotoBed\" \/>\n<meta property=\"article:modified_time\" content=\"2020-11-18T13:37:51+00:00\" \/>\n<meta name=\"twitter:card\" content=\"summary\" \/>\n<meta name=\"twitter:label1\" content=\"Estimated reading time\" \/>\n\t<meta name=\"twitter:data1\" content=\"3 minutes\" \/>\n<script type=\"application\/ld+json\" class=\"yoast-schema-graph\">{\"@context\":\"https:\/\/schema.org\",\"@graph\":[{\"@type\":\"WebSite\",\"@id\":\"https:\/\/rotobed.com\/fr\/#website\",\"url\":\"https:\/\/rotobed.com\/fr\/\",\"name\":\"RotoBed\",\"description\":\"Rotate life better\",\"potentialAction\":[{\"@type\":\"SearchAction\",\"target\":{\"@type\":\"EntryPoint\",\"urlTemplate\":\"https:\/\/rotobed.com\/fr\/?s={search_term_string}\"},\"query-input\":\"required name=search_term_string\"}],\"inLanguage\":\"en-GB\"},{\"@type\":\"WebPage\",\"@id\":\"https:\/\/rotobed.com\/fr\/handicap-moteur\/#webpage\",\"url\":\"https:\/\/rotobed.com\/fr\/handicap-moteur\/\",\"name\":\"handicap moteur? Essayez le lit rotatif RotoBed - vous aidera tous les jours\",\"isPartOf\":{\"@id\":\"https:\/\/rotobed.com\/fr\/#website\"},\"datePublished\":\"2016-08-31T09:56:06+00:00\",\"dateModified\":\"2020-11-18T13:37:51+00:00\",\"description\":\"Un lit rotatif RotoBed peut \\u00eatre tr\\u00e8s utile aux personnes ayant un handicap moteur. Lisez ici ce qu'il a fait pour Tommy.\",\"breadcrumb\":{\"@id\":\"https:\/\/rotobed.com\/fr\/handicap-moteur\/#breadcrumb\"},\"inLanguage\":\"en-GB\",\"potentialAction\":[{\"@type\":\"ReadAction\",\"target\":[\"https:\/\/rotobed.com\/fr\/handicap-moteur\/\"]}]},{\"@type\":\"BreadcrumbList\",\"@id\":\"https:\/\/rotobed.com\/fr\/handicap-moteur\/#breadcrumb\",\"itemListElement\":[{\"@type\":\"ListItem\",\"position\":1,\"name\":\"Hjem\",\"item\":\"https:\/\/rotobed.com\/fr\/\"},{\"@type\":\"ListItem\",\"position\":2,\"name\":\"Tommy Hansen-fr\"}]}]}<\/script>\n<!-- \/ Yoast SEO plugin. -->","yoast_head_json":{"title":"handicap moteur? Essayez le lit rotatif RotoBed - vous aidera tous les jours","description":"Un lit rotatif RotoBed peut \u00eatre tr\u00e8s utile aux personnes ayant un handicap moteur. Lisez ici ce qu'il a fait pour Tommy.","robots":{"index":"index","follow":"follow","max-snippet":"max-snippet:-1","max-image-preview":"max-image-preview:large","max-video-preview":"max-video-preview:-1"},"canonical":"https:\/\/rotobed.com\/fr\/handicap-moteur\/","og_locale":"en_GB","og_type":"article","og_title":"handicap moteur? Essayez le lit rotatif RotoBed - vous aidera tous les jours","og_description":"Un lit rotatif RotoBed peut \u00eatre tr\u00e8s utile aux personnes ayant un handicap moteur. Lisez ici ce qu'il a fait pour Tommy.","og_url":"https:\/\/rotobed.com\/fr\/handicap-moteur\/","og_site_name":"RotoBed","article_modified_time":"2020-11-18T13:37:51+00:00","twitter_card":"summary","twitter_misc":{"Estimated reading time":"3 minutes"},"schema":{"@context":"https:\/\/schema.org","@graph":[{"@type":"WebSite","@id":"https:\/\/rotobed.com\/fr\/#website","url":"https:\/\/rotobed.com\/fr\/","name":"RotoBed","description":"Rotate life better","potentialAction":[{"@type":"SearchAction","target":{"@type":"EntryPoint","urlTemplate":"https:\/\/rotobed.com\/fr\/?s={search_term_string}"},"query-input":"required name=search_term_string"}],"inLanguage":"en-GB"},{"@type":"WebPage","@id":"https:\/\/rotobed.com\/fr\/handicap-moteur\/#webpage","url":"https:\/\/rotobed.com\/fr\/handicap-moteur\/","name":"handicap moteur? Essayez le lit rotatif RotoBed - vous aidera tous les jours","isPartOf":{"@id":"https:\/\/rotobed.com\/fr\/#website"},"datePublished":"2016-08-31T09:56:06+00:00","dateModified":"2020-11-18T13:37:51+00:00","description":"Un lit rotatif RotoBed peut \u00eatre tr\u00e8s utile aux personnes ayant un handicap moteur. Lisez ici ce qu'il a fait pour Tommy.","breadcrumb":{"@id":"https:\/\/rotobed.com\/fr\/handicap-moteur\/#breadcrumb"},"inLanguage":"en-GB","potentialAction":[{"@type":"ReadAction","target":["https:\/\/rotobed.com\/fr\/handicap-moteur\/"]}]},{"@type":"BreadcrumbList","@id":"https:\/\/rotobed.com\/fr\/handicap-moteur\/#breadcrumb","itemListElement":[{"@type":"ListItem","position":1,"name":"Hjem","item":"https:\/\/rotobed.com\/fr\/"},{"@type":"ListItem","position":2,"name":"Tommy Hansen-fr"}]}]}},"_links":{"self":[{"href":"https:\/\/rotobed.com\/fr\/wp-json\/wp\/v2\/pages\/1060"}],"collection":[{"href":"https:\/\/rotobed.com\/fr\/wp-json\/wp\/v2\/pages"}],"about":[{"href":"https:\/\/rotobed.com\/fr\/wp-json\/wp\/v2\/types\/page"}],"author":[{"embeddable":true,"href":"https:\/\/rotobed.com\/fr\/wp-json\/wp\/v2\/users\/2"}],"replies":[{"embeddable":true,"href":"https:\/\/rotobed.com\/fr\/wp-json\/wp\/v2\/comments?post=1060"}],"version-history":[{"count":8,"href":"https:\/\/rotobed.com\/fr\/wp-json\/wp\/v2\/pages\/1060\/revisions"}],"predecessor-version":[{"id":7366,"href":"https:\/\/rotobed.com\/fr\/wp-json\/wp\/v2\/pages\/1060\/revisions\/7366"}],"wp:attachment":[{"href":"https:\/\/rotobed.com\/fr\/wp-json\/wp\/v2\/media?parent=1060"}],"curies":[{"name":"wp","href":"https:\/\/api.w.org\/{rel}","templated":true}]}}