{"id":1064,"date":"2016-08-31T10:02:49","date_gmt":"2016-08-31T10:02:49","guid":{"rendered":"https:\/\/rotobed.com\/fr\/?page_id=1064"},"modified":"2020-11-18T13:38:32","modified_gmt":"2020-11-18T13:38:32","slug":"paralysie","status":"publish","type":"page","link":"https:\/\/rotobed.com\/fr\/paralysie\/","title":{"rendered":"Kristina Sangvita-fr"},"content":{"rendered":"<div style='height:50px' class='hr hr-invisible  '><span class='hr-inner ' ><span class='hr-inner-style'><\/span><\/span><\/div>\n<div class=\"flex_column av_three_fourth  flex_column_div av-zero-column-padding first  \" style='border-radius:0px; '><p><div class='avia-image-container  av-styling-    avia-align-center '  itemprop=\"ImageObject\" itemscope=\"itemscope\" itemtype=\"https:\/\/schema.org\/ImageObject\"  ><div class='avia-image-container-inner'><img class='avia_image ' src='https:\/\/rotobed.com\/fr\/wp-content\/uploads\/2016\/08\/Kristina.jpg' alt='rotobed temoignage paralysie' title='Kristina'   itemprop=\"thumbnailUrl\"  \/><\/div><\/div><br \/>\n<section class=\"av_textblock_section \"  itemscope=\"itemscope\" itemtype=\"https:\/\/schema.org\/CreativeWork\" ><div class='avia_textblock  '   itemprop=\"text\" ><h1>C&#8217;est ce que j\u2019appelle une histoire de succ\u00e8s<\/h1>\n<h3>Kristina Sangvita, Rodovre. 39 ans. Partiellement paralys\u00e9e apr\u00e8s un accident de voiture il y a 16 ans. Elle avait un lit RotoBed\u00ae pour un an et demi mais elle n&#8217;en a plus besoin.<\/h3>\n<p>La vie que j&#8217;avais avant n&#8217;\u00e9tait pas viable. J&#8217;\u00e9tais pouss\u00e9e d&#8217;un c\u00f4t\u00e9 de l&#8217;autre, j&#8217;\u00e9tais enferm\u00e9e parce que je ne pouvais pas me lever seule de mon lit, incapable d&#8217;aller aux toilettes pendant la nuit \u2013 c&#8217;\u00e9tait affreux.<strong><u>\u00a0<\/u><\/strong><\/p>\n<p>Je me suis battue longtemps pour obtenir un RotoBed\u00ae mais la commune s&#8217;y opposait. A la fin, c&#8217;est l&#8217;entreprise RotoBed\u00ae qui a eu la gentillesse de me le pr\u00eater. Depuis ce jour-l\u00e0, et par la possibilit\u00e9 de sortir de mon lit et y aller sans aide, j&#8217;ai eu que des bonnes exp\u00e9riences.<\/p>\n<p>Physiquement je me suis nettement am\u00e9lior\u00e9e en tr\u00e8s peu de temps parce qu&#8217;il n&#8217;y avait plus personne qui tirait sur les bras et jambes et me blessait plus \u00e0 mes articulations. Mais aussi mentalement j&#8217;allais mieux parce que je ne devais plus me battre avec la commune pour obtenir un meilleur lit.<\/p>\n<p>Avec la paix physique et psychique, la fonction de ma vessie s&#8217;est \u00e9galement am\u00e9lior\u00e9e puisque je pouvais me lever la nuit pour aller aux toilettes au lieu de rester immobile et d&#8217;attendre qu&#8217;un soignant arrive. Et le plus important \u00e9tait que \u00e7a m&#8217;a permis de mener une vie sens\u00e9e au lieu de me concentrer \u00e0 la survie, alors que j&#8217;\u00e9tais d\u00e9plac\u00e9e et on me poussait comme un objet.<\/p>\n<p>Apr\u00e8s avoir eu le RotoBed\u00ae pour un an, je pouvais faire tellement plus et j&#8217;exigeais moins de temps de soin. J&#8217;avais jamais pens\u00e9 qu&#8217;un jour apr\u00e8s tant d&#8217;ann\u00e9es je pouvais sentir ma jambe. Apr\u00e8s, je pouvais bouger mon doigt de pie et aujourd&#8217;hui, je peux m&#8217;asseoir sur une chaise avec des petites roulettes et me pousser dans tous les sens. Et de tr\u00e8s bonnes journ\u00e9es, je peux m\u00eame me lever pour quelques secondes.<\/p>\n<p>Je ne peux pas dire si le RotoBed\u00ae est la cause de toutes ces diff\u00e9rences mais je suis certaine que \u00e7a m&#8217;a beaucoup aid\u00e9e. Maintenant, je me sens beaucoup mieux que je n&#8217;en ai plus besoin. C&#8217;est ce que j&#8217;appelle une histoire de succ\u00e8s.<\/p>\n<\/div><\/section><\/p><\/div><div class=\"flex_column av_one_fourth  flex_column_div av-zero-column-padding   \" style='border-radius:0px; '><p><div style='padding-bottom:10px;' class='av-special-heading av-special-heading-h1    '><h1 class='av-special-heading-tag '  itemprop=\"headline\"  > 9 cas inspirants avec le RotoBed\u00ae <\/h1><div class='special-heading-border'><div class='special-heading-inner-border' ><\/div><\/div><\/div><br \/>\n<div style='height:50px' class='hr hr-invisible  '><span class='hr-inner ' ><span class='hr-inner-style'><\/span><\/span><\/div><br \/>\n<div class='avia-button-wrap avia-button-right '><a href='https:\/\/rotobed.com\/fr\/rotobed-temoignages\/' class='avia-button   avia-icon_select-no avia-color-theme-color avia-size-medium avia-position-right '   ><span class='avia_iconbox_title' >Voyez la liste ici<\/span><\/a><\/div><\/p><\/div><\/p>\n","protected":false},"excerpt":{"rendered":"","protected":false},"author":2,"featured_media":0,"parent":0,"menu_order":0,"comment_status":"closed","ping_status":"closed","template":"","meta":[],"yoast_head":"<!-- This site is optimized with the Yoast SEO plugin v16.9 - https:\/\/yoast.com\/wordpress\/plugins\/seo\/ -->\n<title>paralysie? Le lit rotatif RotoBed peut vous aider! Plus de dignit\u00e9 et libert\u00e9<\/title>\n<meta name=\"description\" content=\"&quot;La vie que j&#039;avais avant n&#039;\u00e9tait pas viable. En raison d&#039;une paralysie, j&#039;\u00e9tais enferm\u00e9e parce que je ne pouvais pas me lever seule de mon lit.&quot;\" \/>\n<meta name=\"robots\" content=\"index, follow, max-snippet:-1, max-image-preview:large, max-video-preview:-1\" \/>\n<link rel=\"canonical\" href=\"https:\/\/rotobed.com\/fr\/paralysie\/\" \/>\n<meta property=\"og:locale\" content=\"en_GB\" \/>\n<meta property=\"og:type\" content=\"article\" \/>\n<meta property=\"og:title\" content=\"paralysie? Le lit rotatif RotoBed peut vous aider! Plus de dignit\u00e9 et libert\u00e9\" \/>\n<meta property=\"og:description\" content=\"&quot;La vie que j&#039;avais avant n&#039;\u00e9tait pas viable. En raison d&#039;une paralysie, j&#039;\u00e9tais enferm\u00e9e parce que je ne pouvais pas me lever seule de mon lit.&quot;\" \/>\n<meta property=\"og:url\" content=\"https:\/\/rotobed.com\/fr\/paralysie\/\" \/>\n<meta property=\"og:site_name\" content=\"RotoBed\" \/>\n<meta property=\"article:modified_time\" content=\"2020-11-18T13:38:32+00:00\" \/>\n<meta name=\"twitter:card\" content=\"summary\" \/>\n<meta name=\"twitter:label1\" content=\"Estimated reading time\" \/>\n\t<meta name=\"twitter:data1\" content=\"4 minutes\" \/>\n<script type=\"application\/ld+json\" class=\"yoast-schema-graph\">{\"@context\":\"https:\/\/schema.org\",\"@graph\":[{\"@type\":\"WebSite\",\"@id\":\"https:\/\/rotobed.com\/fr\/#website\",\"url\":\"https:\/\/rotobed.com\/fr\/\",\"name\":\"RotoBed\",\"description\":\"Rotate life better\",\"potentialAction\":[{\"@type\":\"SearchAction\",\"target\":{\"@type\":\"EntryPoint\",\"urlTemplate\":\"https:\/\/rotobed.com\/fr\/?s={search_term_string}\"},\"query-input\":\"required name=search_term_string\"}],\"inLanguage\":\"en-GB\"},{\"@type\":\"WebPage\",\"@id\":\"https:\/\/rotobed.com\/fr\/paralysie\/#webpage\",\"url\":\"https:\/\/rotobed.com\/fr\/paralysie\/\",\"name\":\"paralysie? Le lit rotatif RotoBed peut vous aider! Plus de dignit\\u00e9 et libert\\u00e9\",\"isPartOf\":{\"@id\":\"https:\/\/rotobed.com\/fr\/#website\"},\"datePublished\":\"2016-08-31T10:02:49+00:00\",\"dateModified\":\"2020-11-18T13:38:32+00:00\",\"description\":\"\\\"La vie que j'avais avant n'\\u00e9tait pas viable. En raison d'une paralysie, j'\\u00e9tais enferm\\u00e9e parce que je ne pouvais pas me lever seule de mon lit.\\\"\",\"breadcrumb\":{\"@id\":\"https:\/\/rotobed.com\/fr\/paralysie\/#breadcrumb\"},\"inLanguage\":\"en-GB\",\"potentialAction\":[{\"@type\":\"ReadAction\",\"target\":[\"https:\/\/rotobed.com\/fr\/paralysie\/\"]}]},{\"@type\":\"BreadcrumbList\",\"@id\":\"https:\/\/rotobed.com\/fr\/paralysie\/#breadcrumb\",\"itemListElement\":[{\"@type\":\"ListItem\",\"position\":1,\"name\":\"Hjem\",\"item\":\"https:\/\/rotobed.com\/fr\/\"},{\"@type\":\"ListItem\",\"position\":2,\"name\":\"Kristina Sangvita-fr\"}]}]}<\/script>\n<!-- \/ Yoast SEO plugin. -->","yoast_head_json":{"title":"paralysie? Le lit rotatif RotoBed peut vous aider! Plus de dignit\u00e9 et libert\u00e9","description":"\"La vie que j'avais avant n'\u00e9tait pas viable. En raison d'une paralysie, j'\u00e9tais enferm\u00e9e parce que je ne pouvais pas me lever seule de mon lit.\"","robots":{"index":"index","follow":"follow","max-snippet":"max-snippet:-1","max-image-preview":"max-image-preview:large","max-video-preview":"max-video-preview:-1"},"canonical":"https:\/\/rotobed.com\/fr\/paralysie\/","og_locale":"en_GB","og_type":"article","og_title":"paralysie? Le lit rotatif RotoBed peut vous aider! Plus de dignit\u00e9 et libert\u00e9","og_description":"\"La vie que j'avais avant n'\u00e9tait pas viable. En raison d'une paralysie, j'\u00e9tais enferm\u00e9e parce que je ne pouvais pas me lever seule de mon lit.\"","og_url":"https:\/\/rotobed.com\/fr\/paralysie\/","og_site_name":"RotoBed","article_modified_time":"2020-11-18T13:38:32+00:00","twitter_card":"summary","twitter_misc":{"Estimated reading time":"4 minutes"},"schema":{"@context":"https:\/\/schema.org","@graph":[{"@type":"WebSite","@id":"https:\/\/rotobed.com\/fr\/#website","url":"https:\/\/rotobed.com\/fr\/","name":"RotoBed","description":"Rotate life better","potentialAction":[{"@type":"SearchAction","target":{"@type":"EntryPoint","urlTemplate":"https:\/\/rotobed.com\/fr\/?s={search_term_string}"},"query-input":"required name=search_term_string"}],"inLanguage":"en-GB"},{"@type":"WebPage","@id":"https:\/\/rotobed.com\/fr\/paralysie\/#webpage","url":"https:\/\/rotobed.com\/fr\/paralysie\/","name":"paralysie? Le lit rotatif RotoBed peut vous aider! Plus de dignit\u00e9 et libert\u00e9","isPartOf":{"@id":"https:\/\/rotobed.com\/fr\/#website"},"datePublished":"2016-08-31T10:02:49+00:00","dateModified":"2020-11-18T13:38:32+00:00","description":"\"La vie que j'avais avant n'\u00e9tait pas viable. En raison d'une paralysie, j'\u00e9tais enferm\u00e9e parce que je ne pouvais pas me lever seule de mon lit.\"","breadcrumb":{"@id":"https:\/\/rotobed.com\/fr\/paralysie\/#breadcrumb"},"inLanguage":"en-GB","potentialAction":[{"@type":"ReadAction","target":["https:\/\/rotobed.com\/fr\/paralysie\/"]}]},{"@type":"BreadcrumbList","@id":"https:\/\/rotobed.com\/fr\/paralysie\/#breadcrumb","itemListElement":[{"@type":"ListItem","position":1,"name":"Hjem","item":"https:\/\/rotobed.com\/fr\/"},{"@type":"ListItem","position":2,"name":"Kristina Sangvita-fr"}]}]}},"_links":{"self":[{"href":"https:\/\/rotobed.com\/fr\/wp-json\/wp\/v2\/pages\/1064"}],"collection":[{"href":"https:\/\/rotobed.com\/fr\/wp-json\/wp\/v2\/pages"}],"about":[{"href":"https:\/\/rotobed.com\/fr\/wp-json\/wp\/v2\/types\/page"}],"author":[{"embeddable":true,"href":"https:\/\/rotobed.com\/fr\/wp-json\/wp\/v2\/users\/2"}],"replies":[{"embeddable":true,"href":"https:\/\/rotobed.com\/fr\/wp-json\/wp\/v2\/comments?post=1064"}],"version-history":[{"count":8,"href":"https:\/\/rotobed.com\/fr\/wp-json\/wp\/v2\/pages\/1064\/revisions"}],"predecessor-version":[{"id":7368,"href":"https:\/\/rotobed.com\/fr\/wp-json\/wp\/v2\/pages\/1064\/revisions\/7368"}],"wp:attachment":[{"href":"https:\/\/rotobed.com\/fr\/wp-json\/wp\/v2\/media?parent=1064"}],"curies":[{"name":"wp","href":"https:\/\/api.w.org\/{rel}","templated":true}]}}