{"id":1068,"date":"2016-08-31T10:08:25","date_gmt":"2016-08-31T10:08:25","guid":{"rendered":"https:\/\/rotobed.com\/fr\/?page_id=1068"},"modified":"2020-09-15T10:31:47","modified_gmt":"2020-09-15T10:31:47","slug":"lit-pour-parkinson","status":"publish","type":"page","link":"https:\/\/rotobed.com\/fr\/lit-pour-parkinson\/","title":{"rendered":"Bonnich Petersen-fr"},"content":{"rendered":"<div style='height:50px' class='hr hr-invisible  '><span class='hr-inner ' ><span class='hr-inner-style'><\/span><\/span><\/div>\n<div class=\"flex_column av_two_fifth  flex_column_div av-zero-column-padding first  \" style='border-radius:0px; '><section class=\"av_textblock_section \"  itemscope=\"itemscope\" itemtype=\"https:\/\/schema.org\/CreativeWork\" ><div class='avia_textblock  '   itemprop=\"text\" ><h1>Cherchez-vous un lit pour parkinson?<\/h1>\n<p>La maladie de Parkinson est une\u00a0maladie neuro-d\u00e9g\u00e9n\u00e9rative\u00a0caract\u00e9ris\u00e9e par la destruction d\u2019une\u00a0population sp\u00e9cifique de neurones : les\u00a0neurones \u00e0 dopamine\u00a0de la substance noire du cerveau. Ces neurones sont\u00a0impliqu\u00e9s dans le contr\u00f4le des mouvements.<\/p>\n<p>Au fur et \u00e0 mesure que la maladie progresse, il peut devenir difficile de contr\u00f4ler les mouvements, ce qui rend difficile l&#8217;entr\u00e9e et la sortie du lit. Un RotoBed\u00ae avec rotation peut \u00eatre d&#8217;une grande aide dans ces cas.<\/p>\n<p>Dans le texte \u00e0 droite, vous pouvez lire ce que le lit a signifi\u00e9 pour M. Petersen, qui souffre de la maladie de Parkinson.<\/p>\n<p>Si vous souhaitez plus d&#8217;informations sur la maladie de Parkinson, vous pouvez visiter <a href=\"https:\/\/www.franceparkinson.fr\/\">www.franceparkinson.fr\/<\/a><\/p>\n<\/div><\/section><br \/>\n<div style='height:50px' class='hr hr-invisible  '><span class='hr-inner ' ><span class='hr-inner-style'><\/span><\/span><\/div><\/p><\/div>\n<div class=\"flex_column av_one_third  flex_column_div av-zero-column-padding   \" style='border-radius:0px; '><p><div class='avia-image-container  av-styling-    avia-align-center '  itemprop=\"ImageObject\" itemscope=\"itemscope\" itemtype=\"https:\/\/schema.org\/ImageObject\"  ><div class='avia-image-container-inner'><img class='avia_image ' src='https:\/\/rotobed.com\/fr\/wp-content\/uploads\/2016\/08\/Bonnich-300x200.jpg' alt='RotoBed lit rotatif pour Parkinson' title='RotoBed parkinson'   itemprop=\"thumbnailUrl\"  \/><\/div><\/div><br \/>\n<div style='height:5px' class='hr hr-invisible  '><span class='hr-inner ' ><span class='hr-inner-style'><\/span><\/span><\/div><br \/>\n<section class=\"av_textblock_section \"  itemscope=\"itemscope\" itemtype=\"https:\/\/schema.org\/CreativeWork\" ><div class='avia_textblock  '   itemprop=\"text\" ><p>Je suis atteint de la maladie de Parkinson depuis 12 ans, mais \u00e7a s&#8217;est aggrav\u00e9 les derni\u00e8res ann\u00e9es. J&#8217;ai des difficult\u00e9s pour marcher, mon corps est douloureux et ne m&#8217;ob\u00e9it plus.<\/p>\n<p>J&#8217;ai toujours eu un lit normal, qu&#8217;on pouvait monter, mais celui-ci est tellement mieux. Je peux le conduire avec une grande pr\u00e9cision, un petit coup en avant et un petit coup en arri\u00e8re jusqu&#8217;\u00e0 ce que je suis dans la position id\u00e9ale.<\/p>\n<p>Avant c&#8217;\u00e9tait une grande souffrance d&#8217;arriver dans mon lit et il fallait que je r\u00e9veille ma femme toutes les nuits, qui \u00e9tait oblig\u00e9e de m&#8217;aider pour aller aux toilettes.<\/p>\n<\/div><\/section><\/p><\/div>\n<div class=\"flex_column av_one_fourth  flex_column_div av-zero-column-padding   \" style='border-radius:0px; '><section class=\"av_textblock_section \"  itemscope=\"itemscope\" itemtype=\"https:\/\/schema.org\/CreativeWork\" ><div class='avia_textblock  '   itemprop=\"text\" ><h3>C&#8217;est un soulagement \u00e9norme<\/h3>\n<p><strong>Lit pour parkinson: Bonnich Petersen, 77 ans, est un boulanger \u00e0 la retraite. Il a la maladie de Parkinson et d\u2019arthrite. Il a un RotoBed\u00ae depuis 15 mois.<\/strong><\/p>\n<\/div><\/section><br \/>\n<div style='height:5px' class='hr hr-invisible  '><span class='hr-inner ' ><span class='hr-inner-style'><\/span><\/span><\/div><br \/>\n<section class=\"av_textblock_section \"  itemscope=\"itemscope\" itemtype=\"https:\/\/schema.org\/CreativeWork\" ><div class='avia_textblock  '   itemprop=\"text\" ><p>Depuis que j&#8217;ai le RotoBed\u00ae, je n&#8217;ai pas eu \u00e0 r\u00e9veiller ma femme la nuit. C&#8217;est un tel soulagement pour nous deux. C&#8217;est tr\u00e8s satisfaisant pour moi de pouvoir prendre soin de moi et de ne pas avoir \u00e0 demander de l&#8217;aide tout le temps. Ma sieste quotidienne n&#8217;est plus un probl\u00e8me; Je me couche et me rel\u00e8ve toute seule, ce qui permet \u00e0 ma femme de quitter la maison pendant la journ\u00e9e.<\/p>\n<\/div><\/section><\/p><\/div>\n<div  class='hr hr-default  '><span class='hr-inner ' ><span class='hr-inner-style'><\/span><\/span><\/div>\n<div class=\"flex_column av_one_fifth  flex_column_div av-zero-column-padding first  \" style='border-radius:0px; '><\/div>\n<div class=\"flex_column av_one_third  flex_column_div av-zero-column-padding   \" style='border-radius:0px; '><div style='padding-bottom:10px;' class='av-special-heading av-special-heading-h1     '><h1 class='av-special-heading-tag '  itemprop=\"headline\"  > 9 cas inspirants avec RotoBed\u00ae <\/h1><div class='special-heading-border'><div class='special-heading-inner-border' ><\/div><\/div><\/div><\/div>\n<div class=\"flex_column av_one_fourth  flex_column_div av-zero-column-padding   \" style='border-radius:0px; '><div class='avia-button-wrap avia-button-right '><a href='https:\/\/rotobed.com\/fr\/rotobed-temoignages\/' class='avia-button   avia-icon_select-no avia-color-theme-color avia-size-x-large avia-position-right '   ><span class='avia_iconbox_title' >Voyez la liste ici<\/span><\/a><\/div><\/div>\n<div class=\"flex_column av_one_fifth  flex_column_div av-zero-column-padding   \" style='border-radius:0px; '><\/div>\n<div style='height:25px' class='hr hr-invisible  '><span class='hr-inner ' ><span class='hr-inner-style'><\/span><\/span><\/div>\n","protected":false},"excerpt":{"rendered":"","protected":false},"author":2,"featured_media":0,"parent":0,"menu_order":0,"comment_status":"closed","ping_status":"closed","template":"","meta":[],"yoast_head":"<!-- This site is optimized with the Yoast SEO plugin v16.9 - https:\/\/yoast.com\/wordpress\/plugins\/seo\/ -->\n<title>Lit pour parkinson - le lit rotatif RotoBed vous aide a sortir du lit<\/title>\n<meta name=\"description\" content=\"Cherchez-vous un lit pour Parkinson? Le lit prim\u00e9 RotoBed peut vous aider \u00e0 am\u00e9liorer votre vie tout en r\u00e9duisant votre douleur.\" \/>\n<meta name=\"robots\" content=\"index, follow, max-snippet:-1, max-image-preview:large, max-video-preview:-1\" \/>\n<link rel=\"canonical\" href=\"https:\/\/rotobed.com\/fr\/lit-pour-parkinson\/\" \/>\n<meta property=\"og:locale\" content=\"en_GB\" \/>\n<meta property=\"og:type\" content=\"article\" \/>\n<meta property=\"og:title\" content=\"Lit pour parkinson - le lit rotatif RotoBed vous aide a sortir du lit\" \/>\n<meta property=\"og:description\" content=\"Cherchez-vous un lit pour Parkinson? Le lit prim\u00e9 RotoBed peut vous aider \u00e0 am\u00e9liorer votre vie tout en r\u00e9duisant votre douleur.\" \/>\n<meta property=\"og:url\" content=\"https:\/\/rotobed.com\/fr\/lit-pour-parkinson\/\" \/>\n<meta property=\"og:site_name\" content=\"RotoBed\" \/>\n<meta property=\"article:modified_time\" content=\"2020-09-15T10:31:47+00:00\" \/>\n<meta name=\"twitter:card\" content=\"summary\" \/>\n<meta name=\"twitter:label1\" content=\"Estimated reading time\" \/>\n\t<meta name=\"twitter:data1\" content=\"6 minutes\" \/>\n<script type=\"application\/ld+json\" class=\"yoast-schema-graph\">{\"@context\":\"https:\/\/schema.org\",\"@graph\":[{\"@type\":\"WebSite\",\"@id\":\"https:\/\/rotobed.com\/fr\/#website\",\"url\":\"https:\/\/rotobed.com\/fr\/\",\"name\":\"RotoBed\",\"description\":\"Rotate life better\",\"potentialAction\":[{\"@type\":\"SearchAction\",\"target\":{\"@type\":\"EntryPoint\",\"urlTemplate\":\"https:\/\/rotobed.com\/fr\/?s={search_term_string}\"},\"query-input\":\"required name=search_term_string\"}],\"inLanguage\":\"en-GB\"},{\"@type\":\"WebPage\",\"@id\":\"https:\/\/rotobed.com\/fr\/lit-pour-parkinson\/#webpage\",\"url\":\"https:\/\/rotobed.com\/fr\/lit-pour-parkinson\/\",\"name\":\"Lit pour parkinson - le lit rotatif RotoBed vous aide a sortir du lit\",\"isPartOf\":{\"@id\":\"https:\/\/rotobed.com\/fr\/#website\"},\"datePublished\":\"2016-08-31T10:08:25+00:00\",\"dateModified\":\"2020-09-15T10:31:47+00:00\",\"description\":\"Cherchez-vous un lit pour Parkinson? Le lit prim\\u00e9 RotoBed peut vous aider \\u00e0 am\\u00e9liorer votre vie tout en r\\u00e9duisant votre douleur.\",\"breadcrumb\":{\"@id\":\"https:\/\/rotobed.com\/fr\/lit-pour-parkinson\/#breadcrumb\"},\"inLanguage\":\"en-GB\",\"potentialAction\":[{\"@type\":\"ReadAction\",\"target\":[\"https:\/\/rotobed.com\/fr\/lit-pour-parkinson\/\"]}]},{\"@type\":\"BreadcrumbList\",\"@id\":\"https:\/\/rotobed.com\/fr\/lit-pour-parkinson\/#breadcrumb\",\"itemListElement\":[{\"@type\":\"ListItem\",\"position\":1,\"name\":\"Hjem\",\"item\":\"https:\/\/rotobed.com\/fr\/\"},{\"@type\":\"ListItem\",\"position\":2,\"name\":\"Bonnich Petersen-fr\"}]}]}<\/script>\n<!-- \/ Yoast SEO plugin. -->","yoast_head_json":{"title":"Lit pour parkinson - le lit rotatif RotoBed vous aide a sortir du lit","description":"Cherchez-vous un lit pour Parkinson? Le lit prim\u00e9 RotoBed peut vous aider \u00e0 am\u00e9liorer votre vie tout en r\u00e9duisant votre douleur.","robots":{"index":"index","follow":"follow","max-snippet":"max-snippet:-1","max-image-preview":"max-image-preview:large","max-video-preview":"max-video-preview:-1"},"canonical":"https:\/\/rotobed.com\/fr\/lit-pour-parkinson\/","og_locale":"en_GB","og_type":"article","og_title":"Lit pour parkinson - le lit rotatif RotoBed vous aide a sortir du lit","og_description":"Cherchez-vous un lit pour Parkinson? Le lit prim\u00e9 RotoBed peut vous aider \u00e0 am\u00e9liorer votre vie tout en r\u00e9duisant votre douleur.","og_url":"https:\/\/rotobed.com\/fr\/lit-pour-parkinson\/","og_site_name":"RotoBed","article_modified_time":"2020-09-15T10:31:47+00:00","twitter_card":"summary","twitter_misc":{"Estimated reading time":"6 minutes"},"schema":{"@context":"https:\/\/schema.org","@graph":[{"@type":"WebSite","@id":"https:\/\/rotobed.com\/fr\/#website","url":"https:\/\/rotobed.com\/fr\/","name":"RotoBed","description":"Rotate life better","potentialAction":[{"@type":"SearchAction","target":{"@type":"EntryPoint","urlTemplate":"https:\/\/rotobed.com\/fr\/?s={search_term_string}"},"query-input":"required name=search_term_string"}],"inLanguage":"en-GB"},{"@type":"WebPage","@id":"https:\/\/rotobed.com\/fr\/lit-pour-parkinson\/#webpage","url":"https:\/\/rotobed.com\/fr\/lit-pour-parkinson\/","name":"Lit pour parkinson - le lit rotatif RotoBed vous aide a sortir du lit","isPartOf":{"@id":"https:\/\/rotobed.com\/fr\/#website"},"datePublished":"2016-08-31T10:08:25+00:00","dateModified":"2020-09-15T10:31:47+00:00","description":"Cherchez-vous un lit pour Parkinson? Le lit prim\u00e9 RotoBed peut vous aider \u00e0 am\u00e9liorer votre vie tout en r\u00e9duisant votre douleur.","breadcrumb":{"@id":"https:\/\/rotobed.com\/fr\/lit-pour-parkinson\/#breadcrumb"},"inLanguage":"en-GB","potentialAction":[{"@type":"ReadAction","target":["https:\/\/rotobed.com\/fr\/lit-pour-parkinson\/"]}]},{"@type":"BreadcrumbList","@id":"https:\/\/rotobed.com\/fr\/lit-pour-parkinson\/#breadcrumb","itemListElement":[{"@type":"ListItem","position":1,"name":"Hjem","item":"https:\/\/rotobed.com\/fr\/"},{"@type":"ListItem","position":2,"name":"Bonnich Petersen-fr"}]}]}},"_links":{"self":[{"href":"https:\/\/rotobed.com\/fr\/wp-json\/wp\/v2\/pages\/1068"}],"collection":[{"href":"https:\/\/rotobed.com\/fr\/wp-json\/wp\/v2\/pages"}],"about":[{"href":"https:\/\/rotobed.com\/fr\/wp-json\/wp\/v2\/types\/page"}],"author":[{"embeddable":true,"href":"https:\/\/rotobed.com\/fr\/wp-json\/wp\/v2\/users\/2"}],"replies":[{"embeddable":true,"href":"https:\/\/rotobed.com\/fr\/wp-json\/wp\/v2\/comments?post=1068"}],"version-history":[{"count":14,"href":"https:\/\/rotobed.com\/fr\/wp-json\/wp\/v2\/pages\/1068\/revisions"}],"predecessor-version":[{"id":7305,"href":"https:\/\/rotobed.com\/fr\/wp-json\/wp\/v2\/pages\/1068\/revisions\/7305"}],"wp:attachment":[{"href":"https:\/\/rotobed.com\/fr\/wp-json\/wp\/v2\/media?parent=1068"}],"curies":[{"name":"wp","href":"https:\/\/api.w.org\/{rel}","templated":true}]}}