{"id":1072,"date":"2016-09-02T11:20:24","date_gmt":"2016-09-02T11:20:24","guid":{"rendered":"https:\/\/rotobed.com\/fr\/?page_id=1072"},"modified":"2023-03-14T13:23:11","modified_gmt":"2023-03-14T13:23:11","slug":"sclerose","status":"publish","type":"page","link":"https:\/\/rotobed.com\/fr\/sclerose\/","title":{"rendered":"Helle Pedersen-fr"},"content":{"rendered":"<\/div><\/div><\/div><!-- close content main div --><\/div><\/div><div id='av-layout-grid-1' class='av-layout-grid-container entry-content-wrapper main_color av-flex-cells   av-border-cells container_wrap fullsize'   >\n<div class=\"flex_cell no_margin av_two_third   \" style='vertical-align:top; padding:30px; '><div class='flex_cell_inner' ><section class=\"av_textblock_section \"  itemscope=\"itemscope\" itemtype=\"https:\/\/schema.org\/CreativeWork\" ><div class='avia_textblock  '   itemprop=\"text\" ><h1>Meilleur lit pour scl\u00e9rose en plaque:<\/h1>\n<h1>&#8220;Pour moi, c&#8217;est la libert\u00e9 !&#8221;<\/h1>\n<\/div><\/section><br \/>\n<div style='height:20px' class='hr hr-invisible  '><span class='hr-inner ' ><span class='hr-inner-style'><\/span><\/span><\/div><br \/>\n<div class='avia-image-container  av-styling-    avia-align-center '  itemprop=\"ImageObject\" itemscope=\"itemscope\" itemtype=\"https:\/\/schema.org\/ImageObject\"  ><div class='avia-image-container-inner'><img class='avia_image ' src='https:\/\/rotobed.com\/fr\/wp-content\/uploads\/2016\/08\/Helle-Pedersen.jpg' alt='rotobed temoignage sclerose' title='Helle'   itemprop=\"thumbnailUrl\"  \/><\/div><\/div><br \/>\n<div style='height:20px' class='hr hr-invisible  '><span class='hr-inner ' ><span class='hr-inner-style'><\/span><\/span><\/div><br \/>\n<section class=\"av_textblock_section \"  itemscope=\"itemscope\" itemtype=\"https:\/\/schema.org\/CreativeWork\" ><div class='avia_textblock  '   itemprop=\"text\" ><h3>Helle Pedersen, 64 ans. En 1999, on a diagnostiqu\u00e9 une scl\u00e9rose multiple. Depuis quatre ann\u00e9es, elle a un RotoBed\u00aeFree.<\/h3>\n<p>Je souffre de scl\u00e9rose, je n&#8217;ai plus de force dans mes jambes et je ne peux plus me lever seule de mon lit. Mon mari est h\u00e9mipl\u00e9gique apr\u00e8s avoir eu un AVC (accident vasculaire c\u00e9r\u00e9bral) et il ne peut plus que bouger une seule main. C&#8217;est la raison pour laquelle il est tr\u00e8s difficile pour lui de m&#8217;aider. Si on avait des soignants dans notre chambre pendant la nuit, mon mari coucherait probablement dans une autre chambre, ce qui aurait des cons\u00e9quences pour notre mariage.<\/p>\n<p>La commune a d&#8217;abord refus\u00e9 ma demande d&#8217;un RotoBed\u00ae &#8211; mais j&#8217;ai fait opposition et je leur ai d\u00e9crit notre vie quotidienne et toute l&#8217;aide dont on aurait besoin autrement. Apr\u00e8s \u00e7\u00e0, nous avons obtenu l&#8217;autorisation.<\/p>\n<h2><strong>Je veux rester ind\u00e9pendant<\/strong><\/h2>\n<p>Le gouvernement local a tendance \u00e0 supposer que des personnes handicap\u00e9s n&#8217;avaient pas de vie. Mon mari et moi, nous allons souvent au cin\u00e9ma ou au th\u00e9\u00e2tre, et je refuse d&#8217;aller \u00e0 la maison selon le planning de la commune. Je veux rester ind\u00e9pendante.<\/p>\n<p>Si j&#8217;\u00e9tais seule toute la journ\u00e9e et inactive \u00e0 la maison, je serais de plus en plus d\u00e9pressive et d&#8217;apr\u00e8s cela, ma scl\u00e9rose multiple s&#8217;aggraverait. C&#8217;est comme \u00e7a.<\/p>\n<h2><strong>Ce lit remplace cinq visites de soins \u00e0 domicile<\/strong><\/h2>\n<p>Pour la commune, le budget est le point le plus important. Il faut dire que les frais d&#8217;un RotoBed\u00ae se calculent tr\u00e8s rapidement si le lit remplace cinq visites du service des soins.<\/p>\n<p>Pour moi, ce lit a une grande importance. Je peux aller au lit et me lever quand je veux, et je n&#8217;ai pas tout le temps tous les soignants qui courent dans ma maison. Je peux m&#8217;occuper de mes t\u00e2ches toute seule. Pour moi, c&#8217;est la libert\u00e9!<\/p>\n<\/div><\/section><\/p>\n<\/div><\/div><div class=\"flex_cell no_margin av_one_third   \" style='vertical-align:top; padding:30px; '><div class='flex_cell_inner' ><p><div style='height:20px' class='hr hr-invisible  '><span class='hr-inner ' ><span class='hr-inner-style'><\/span><\/span><\/div><br \/>\n<section class=\"av_textblock_section \"  itemscope=\"itemscope\" itemtype=\"https:\/\/schema.org\/CreativeWork\" ><div class='avia_textblock  '   itemprop=\"text\" ><h2 style=\"text-align: center;\"><strong>Qu&#8217;est-ce que la SEP <\/strong><\/h2>\n<h2 style=\"text-align: center;\"><strong>&#8211; et comment un RotoBed\u00ae peut-il aider ?<\/strong><\/h2>\n<\/div><\/section><br \/>\n<div style='height:10px' class='hr hr-invisible  '><span class='hr-inner ' ><span class='hr-inner-style'><\/span><\/span><\/div><br \/>\n<div class='avia-image-container  av-styling-    avia-align-center '  itemprop=\"ImageObject\" itemscope=\"itemscope\" itemtype=\"https:\/\/schema.org\/ImageObject\"  ><div class='avia-image-container-inner'><img class='avia_image ' src='https:\/\/rotobed.com\/fr\/wp-content\/uploads\/2023\/03\/foto-til-helle-sclerose-case.webp' alt='lit pour scl\u00e9rose en plaque rotobed lit rotatif' title='RotoBed\u00ae Scl\u00e9rose en plaque'   itemprop=\"thumbnailUrl\"  \/><\/div><\/div><br \/>\n<section class=\"av_textblock_section \"  itemscope=\"itemscope\" itemtype=\"https:\/\/schema.org\/CreativeWork\" ><div class='avia_textblock  '   itemprop=\"text\" ><h4><strong>La recherche montre un lien clair entre la perte de tissu dans la moelle \u00e9pini\u00e8re et la perte de fonction sensorielle et motrice des patients atteints de SEP.<\/strong><\/h4>\n<\/div><\/section><br \/>\n<section class=\"av_textblock_section \"  itemscope=\"itemscope\" itemtype=\"https:\/\/schema.org\/CreativeWork\" ><div class='avia_textblock  '   itemprop=\"text\" ><p>La scl\u00e9rose en plaques (SEP) est une maladie qui perturbe le flux d&#8217;informations entre le cerveau et le corps, ainsi qu&#8217;\u00e0 l&#8217;int\u00e9rieur du cerveau. La SEP est l&#8217;une des affections neurologiques les plus courantes chez les personnes \u00e2g\u00e9es de 20 \u00e0 40 ans. 120 000 personnes en France\u00a0sont atteintes de scl\u00e9rose en plaques<\/p>\n<p>La cause de la scl\u00e9rose en plaques n&#8217;est pas encore connue et il n&#8217;existe donc malheureusement pas encore de rem\u00e8de. Cependant, dans de nombreux cas, la maladie et ses sympt\u00f4mes peuvent \u00eatre att\u00e9nu\u00e9s par un traitement m\u00e9dical.<\/p>\n<p>La plupart des gens re\u00e7oivent un diagnostic de SP entre 20 et 50 ans, et la grande majorit\u00e9 des patients sont des femmes. L&#8217;\u00e9volution, la gravit\u00e9 et les sympt\u00f4mes sp\u00e9cifiques de la SEP sont variables, c&#8217;est pourquoi la SEP est souvent qualifi\u00e9e de \u00ab\u00a0maladie aux 1\u00a0000\u00a0visages\u00a0\u00bb. Cependant, les sympt\u00f4mes courants sont :<\/p>\n<ul>\n<li>Engourdissement du visage, du corps ou des extr\u00e9mit\u00e9s<\/li>\n<li>Fatigue<\/li>\n<li>Difficult\u00e9s \u00e0 marcher<\/li>\n<li>Probl\u00e8mes de vue<\/li>\n<li>Faiblesse musculaire<\/li>\n<\/ul>\n<p>(sources : <a href=\"http:\/\/www.nationalmssociety.org\">www.nationalmssociety.org<\/a> et <a href=\"https:\/\/sante.gouv.fr\/soins-et-maladies\/maladies\/maladies-neurodegeneratives\/article\/la-sclerose-en-plaques\">www.sante.gouv.fr<\/a>)<\/p>\n<p>Tous ces sympt\u00f4mes peuvent rendre plus difficile le contr\u00f4le des mouvements du corps et donc aussi plus difficile d&#8217;entrer et de sortir du lit. Un RotoBed\u00ae fait pivoter doucement l&#8217;utilisateur hors du lit en moins d&#8217;une minute &#8211; sans douleur ni effort physique. Cela laisse \u00e0 l&#8217;utilisateur plus d&#8217;\u00e9nergie pour d&#8217;autres activit\u00e9s pendant la journ\u00e9e.<\/p>\n<\/div><\/section><\/p>\n<\/div><\/div><\/div><div style='height:20px' class='hr hr-invisible  '><span class='hr-inner ' ><span class='hr-inner-style'><\/span><\/span><\/div><\/p>\n<div class=\"flex_column av_one_third  flex_column_div av-zero-column-padding first  \" style='border-radius:0px; '><div class='avia-image-container  av-styling-    avia-align-center '  itemprop=\"ImageObject\" itemscope=\"itemscope\" itemtype=\"https:\/\/schema.org\/ImageObject\"  ><div class='avia-image-container-inner'><a href='https:\/\/rotobed.com\/fr\/rotobed-temoignages\/' class='avia_image'  ><img class='avia_image ' src='https:\/\/rotobed.com\/fr\/wp-content\/uploads\/2023\/02\/Hans-Villadsen-og-Else-1030x693.jpg' alt='lit pour parkinson lit de soins lit m\u00e9dicalis\u00e9 rotatif' title='RotoBed temoignage parkinson psp'  itemprop=\"thumbnailUrl\"  \/><\/a><\/div><\/div><\/div>\n<div class=\"flex_column av_one_third  flex_column_div av-zero-column-padding   \" style='border-radius:0px; '><p><div style='padding-bottom:10px;' class='av-special-heading av-special-heading-h1    '><h1 class='av-special-heading-tag '  itemprop=\"headline\"  >Qui d\u2019autre peut b\u00e9n\u00e9ficier d\u2019un RotoBed\u00ae ?<\/h1><div class='special-heading-border'><div class='special-heading-inner-border' ><\/div><\/div><\/div><br \/>\n<div style='height:50px' class='hr hr-invisible  '><span class='hr-inner ' ><span class='hr-inner-style'><\/span><\/span><\/div><br \/>\n<div class='avia-button-wrap avia-button-center '><a href='https:\/\/rotobed.com\/fr\/rotobed-temoignages\/' class='avia-button   avia-icon_select-no avia-color-theme-color avia-size-x-large avia-position-center '   ><span class='avia_iconbox_title' >Montrez-moi tous les t\u00e9moignages RotoBed\u00ae<\/span><\/a><\/div><\/p><\/div>\n<div class=\"flex_column av_one_third  flex_column_div av-zero-column-padding   \" style='border-radius:0px; '><div class='avia-image-container  av-styling-    avia-align-center '  itemprop=\"ImageObject\" itemscope=\"itemscope\" itemtype=\"https:\/\/schema.org\/ImageObject\"  ><div class='avia-image-container-inner'><a href='https:\/\/rotobed.com\/fr\/rotobed-temoignages\/' class='avia_image'  ><img class='avia_image ' src='https:\/\/rotobed.com\/fr\/wp-content\/uploads\/2022\/01\/Salling-01-@JonasFotografi-1030x687.jpg' alt='rotobed lit pour sclerose MS' title='RotoBed\u00ae temoignage sclerose'  itemprop=\"thumbnailUrl\"  \/><\/a><\/div><\/div><\/div>\n<div style='height:20px' class='hr hr-invisible  '><span class='hr-inner ' ><span class='hr-inner-style'><\/span><\/span><\/div>\n","protected":false},"excerpt":{"rendered":"","protected":false},"author":2,"featured_media":0,"parent":0,"menu_order":0,"comment_status":"closed","ping_status":"closed","template":"","meta":[],"yoast_head":"<!-- This site is optimized with the Yoast SEO plugin v16.9 - https:\/\/yoast.com\/wordpress\/plugins\/seo\/ -->\n<title>Scl\u00e9rose - lit rotatif RotoBed - moins de douleur - plus de libert\u00e9 et dignit\u00e9<\/title>\n<meta name=\"description\" content=\"&quot;Je souffre de scl\u00e9rose. Je n&#039;ai plus de force dans mes jambes et je ne peux plus me lever seule de mon lit. Avec le RotoBed je me l\u00e8ve quand je veux.&quot;\" \/>\n<meta name=\"robots\" content=\"index, follow, max-snippet:-1, max-image-preview:large, max-video-preview:-1\" \/>\n<link rel=\"canonical\" href=\"https:\/\/rotobed.com\/fr\/sclerose\/\" \/>\n<meta property=\"og:locale\" content=\"en_GB\" \/>\n<meta property=\"og:type\" content=\"article\" \/>\n<meta property=\"og:title\" content=\"Scl\u00e9rose - lit rotatif RotoBed - moins de douleur - plus de libert\u00e9 et dignit\u00e9\" \/>\n<meta property=\"og:description\" content=\"&quot;Je souffre de scl\u00e9rose. Je n&#039;ai plus de force dans mes jambes et je ne peux plus me lever seule de mon lit. Avec le RotoBed je me l\u00e8ve quand je veux.&quot;\" \/>\n<meta property=\"og:url\" content=\"https:\/\/rotobed.com\/fr\/sclerose\/\" \/>\n<meta property=\"og:site_name\" content=\"RotoBed\" \/>\n<meta property=\"article:modified_time\" content=\"2023-03-14T13:23:11+00:00\" \/>\n<meta name=\"twitter:card\" content=\"summary\" \/>\n<meta name=\"twitter:label1\" content=\"Estimated reading time\" \/>\n\t<meta name=\"twitter:data1\" content=\"4 minutes\" \/>\n<script type=\"application\/ld+json\" class=\"yoast-schema-graph\">{\"@context\":\"https:\/\/schema.org\",\"@graph\":[{\"@type\":\"WebSite\",\"@id\":\"https:\/\/rotobed.com\/fr\/#website\",\"url\":\"https:\/\/rotobed.com\/fr\/\",\"name\":\"RotoBed\",\"description\":\"Rotate life better\",\"potentialAction\":[{\"@type\":\"SearchAction\",\"target\":{\"@type\":\"EntryPoint\",\"urlTemplate\":\"https:\/\/rotobed.com\/fr\/?s={search_term_string}\"},\"query-input\":\"required name=search_term_string\"}],\"inLanguage\":\"en-GB\"},{\"@type\":\"WebPage\",\"@id\":\"https:\/\/rotobed.com\/fr\/sclerose\/#webpage\",\"url\":\"https:\/\/rotobed.com\/fr\/sclerose\/\",\"name\":\"Scl\\u00e9rose - lit rotatif RotoBed - moins de douleur - plus de libert\\u00e9 et dignit\\u00e9\",\"isPartOf\":{\"@id\":\"https:\/\/rotobed.com\/fr\/#website\"},\"datePublished\":\"2016-09-02T11:20:24+00:00\",\"dateModified\":\"2023-03-14T13:23:11+00:00\",\"description\":\"\\\"Je souffre de scl\\u00e9rose. Je n'ai plus de force dans mes jambes et je ne peux plus me lever seule de mon lit. Avec le RotoBed je me l\\u00e8ve quand je veux.\\\"\",\"breadcrumb\":{\"@id\":\"https:\/\/rotobed.com\/fr\/sclerose\/#breadcrumb\"},\"inLanguage\":\"en-GB\",\"potentialAction\":[{\"@type\":\"ReadAction\",\"target\":[\"https:\/\/rotobed.com\/fr\/sclerose\/\"]}]},{\"@type\":\"BreadcrumbList\",\"@id\":\"https:\/\/rotobed.com\/fr\/sclerose\/#breadcrumb\",\"itemListElement\":[{\"@type\":\"ListItem\",\"position\":1,\"name\":\"Hjem\",\"item\":\"https:\/\/rotobed.com\/fr\/\"},{\"@type\":\"ListItem\",\"position\":2,\"name\":\"Helle Pedersen-fr\"}]}]}<\/script>\n<!-- \/ Yoast SEO plugin. -->","yoast_head_json":{"title":"Scl\u00e9rose - lit rotatif RotoBed - moins de douleur - plus de libert\u00e9 et dignit\u00e9","description":"\"Je souffre de scl\u00e9rose. Je n'ai plus de force dans mes jambes et je ne peux plus me lever seule de mon lit. Avec le RotoBed je me l\u00e8ve quand je veux.\"","robots":{"index":"index","follow":"follow","max-snippet":"max-snippet:-1","max-image-preview":"max-image-preview:large","max-video-preview":"max-video-preview:-1"},"canonical":"https:\/\/rotobed.com\/fr\/sclerose\/","og_locale":"en_GB","og_type":"article","og_title":"Scl\u00e9rose - lit rotatif RotoBed - moins de douleur - plus de libert\u00e9 et dignit\u00e9","og_description":"\"Je souffre de scl\u00e9rose. Je n'ai plus de force dans mes jambes et je ne peux plus me lever seule de mon lit. Avec le RotoBed je me l\u00e8ve quand je veux.\"","og_url":"https:\/\/rotobed.com\/fr\/sclerose\/","og_site_name":"RotoBed","article_modified_time":"2023-03-14T13:23:11+00:00","twitter_card":"summary","twitter_misc":{"Estimated reading time":"4 minutes"},"schema":{"@context":"https:\/\/schema.org","@graph":[{"@type":"WebSite","@id":"https:\/\/rotobed.com\/fr\/#website","url":"https:\/\/rotobed.com\/fr\/","name":"RotoBed","description":"Rotate life better","potentialAction":[{"@type":"SearchAction","target":{"@type":"EntryPoint","urlTemplate":"https:\/\/rotobed.com\/fr\/?s={search_term_string}"},"query-input":"required name=search_term_string"}],"inLanguage":"en-GB"},{"@type":"WebPage","@id":"https:\/\/rotobed.com\/fr\/sclerose\/#webpage","url":"https:\/\/rotobed.com\/fr\/sclerose\/","name":"Scl\u00e9rose - lit rotatif RotoBed - moins de douleur - plus de libert\u00e9 et dignit\u00e9","isPartOf":{"@id":"https:\/\/rotobed.com\/fr\/#website"},"datePublished":"2016-09-02T11:20:24+00:00","dateModified":"2023-03-14T13:23:11+00:00","description":"\"Je souffre de scl\u00e9rose. Je n'ai plus de force dans mes jambes et je ne peux plus me lever seule de mon lit. Avec le RotoBed je me l\u00e8ve quand je veux.\"","breadcrumb":{"@id":"https:\/\/rotobed.com\/fr\/sclerose\/#breadcrumb"},"inLanguage":"en-GB","potentialAction":[{"@type":"ReadAction","target":["https:\/\/rotobed.com\/fr\/sclerose\/"]}]},{"@type":"BreadcrumbList","@id":"https:\/\/rotobed.com\/fr\/sclerose\/#breadcrumb","itemListElement":[{"@type":"ListItem","position":1,"name":"Hjem","item":"https:\/\/rotobed.com\/fr\/"},{"@type":"ListItem","position":2,"name":"Helle Pedersen-fr"}]}]}},"_links":{"self":[{"href":"https:\/\/rotobed.com\/fr\/wp-json\/wp\/v2\/pages\/1072"}],"collection":[{"href":"https:\/\/rotobed.com\/fr\/wp-json\/wp\/v2\/pages"}],"about":[{"href":"https:\/\/rotobed.com\/fr\/wp-json\/wp\/v2\/types\/page"}],"author":[{"embeddable":true,"href":"https:\/\/rotobed.com\/fr\/wp-json\/wp\/v2\/users\/2"}],"replies":[{"embeddable":true,"href":"https:\/\/rotobed.com\/fr\/wp-json\/wp\/v2\/comments?post=1072"}],"version-history":[{"count":13,"href":"https:\/\/rotobed.com\/fr\/wp-json\/wp\/v2\/pages\/1072\/revisions"}],"predecessor-version":[{"id":7632,"href":"https:\/\/rotobed.com\/fr\/wp-json\/wp\/v2\/pages\/1072\/revisions\/7632"}],"wp:attachment":[{"href":"https:\/\/rotobed.com\/fr\/wp-json\/wp\/v2\/media?parent=1072"}],"curies":[{"name":"wp","href":"https:\/\/api.w.org\/{rel}","templated":true}]}}