{"id":1076,"date":"2016-09-02T11:30:17","date_gmt":"2016-09-02T11:30:17","guid":{"rendered":"https:\/\/rotobed.com\/fr\/?page_id=1076"},"modified":"2020-11-18T13:40:49","modified_gmt":"2020-11-18T13:40:49","slug":"peter-kristoffersen-4","status":"publish","type":"page","link":"https:\/\/rotobed.com\/fr\/peter-kristoffersen-4\/","title":{"rendered":"Peter Kristoffersen-fr"},"content":{"rendered":"<div style='height:50px' class='hr hr-invisible  '><span class='hr-inner ' ><span class='hr-inner-style'><\/span><\/span><\/div>\n<div class=\"flex_column av_three_fourth  flex_column_div av-zero-column-padding first  \" style='border-radius:0px; '><p><div class='avia-image-container  av-styling-    avia-align-center '  itemprop=\"ImageObject\" itemscope=\"itemscope\" itemtype=\"https:\/\/schema.org\/ImageObject\"  ><div class='avia-image-container-inner'><img class='avia_image ' src='https:\/\/rotobed.com\/fr\/wp-content\/uploads\/2016\/08\/Peter.jpg' alt='rotobed temoignage spasmodique' title='Peter'   itemprop=\"thumbnailUrl\"  \/><\/div><\/div><br \/>\n<section class=\"av_textblock_section \"  itemscope=\"itemscope\" itemtype=\"https:\/\/schema.org\/CreativeWork\" ><div class='avia_textblock  '   itemprop=\"text\" ><h1>Je me couche quand j&#8217;en ai envie<\/h1>\n<h3>Peter Kristoffersen, 56 ans. Il est n\u00e9 comme handicap\u00e9 moteur. Il habite dans le centre de soins Munkehatten \u00e0 Odense.<\/h3>\n<p>Lorsque j&#8217;ai d\u00e9m\u00e9nage \u00e0 Munkehatten l&#8217;\u00e9t\u00e9 dernier, j&#8217;ai amen\u00e9 mon propre lit. C&#8217;\u00e9tait un lit ordinaire. Je ne pouvais pas me lever seul, donc j&#8217;\u00e9tais oblig\u00e9 d&#8217;attendre jusqu&#8217;\u00e0 ce que le personnel avait le temps de m&#8217;aider. C&#8217;\u00e9tait l&#8217;horreur\u00a0! Je me l\u00e8ve volontiers de bonne heure.<\/p>\n<p>Lorsque le personnel a propos\u00e9 d&#8217;acheter un nouveau lit, je n&#8217;\u00e9tais pas tr\u00e8s heureux. Mais j&#8217;ai accept\u00e9 de l&#8217;essayer pendant un certain temps. C&#8217;\u00e9tait difficile d&#8217;apprendre de le manipuler mais quelques jours apr\u00e8s, je me suis lev\u00e9 tout seul. Lorsqu&#8217;ils sont arriv\u00e9s pour me sortir du lit, ils ne m&#8217;ont pas trouv\u00e9. C&#8217;\u00e9tait trop dr\u00f4le.<\/p>\n<p>Et maintenant, en m&#8217;appuyant contre mon armoire et l&#8217;encadrement de la porte, je peux me hisser dans ma salle de bains sans aide. Je m&#8217;habille avant d&#8217;appuyer sur le bouton d&#8217;appel. Puis les soignants m&#8217;apportent ma chaise roulante et je pars chercher ma tartine avec de la confiture.<\/p>\n<p>Je suis ravi de ce lit car je ne dois plus attendre. Le soir, les soignants me pr\u00e9parent pour la nuit et apr\u00e8s je vais au lit quand j&#8217;en ai envie.<\/p>\n<\/div><\/section><\/p><\/div><div class=\"flex_column av_one_fourth  flex_column_div av-zero-column-padding   \" style='border-radius:0px; '><p><div style='padding-bottom:10px;' class='av-special-heading av-special-heading-h1    '><h1 class='av-special-heading-tag '  itemprop=\"headline\"  > 9 cas inspirants avec le RotoBed\u00ae <\/h1><div class='special-heading-border'><div class='special-heading-inner-border' ><\/div><\/div><\/div><br \/>\n<div style='height:50px' class='hr hr-invisible  '><span class='hr-inner ' ><span class='hr-inner-style'><\/span><\/span><\/div><br \/>\n<div class='avia-button-wrap avia-button-right '><a href='https:\/\/rotobed.com\/fr\/rotobed-temoignages\/' class='avia-button   avia-icon_select-no avia-color-theme-color avia-size-medium avia-position-right '   ><span class='avia_iconbox_title' >Voyez la liste ici<\/span><\/a><\/div><\/p><\/div><\/p>\n<div style='height:50px' class='hr hr-invisible  '><span class='hr-inner ' ><span class='hr-inner-style'><\/span><\/span><\/div>\n","protected":false},"excerpt":{"rendered":"","protected":false},"author":2,"featured_media":0,"parent":0,"menu_order":0,"comment_status":"closed","ping_status":"closed","template":"","meta":[],"yoast_head":"<!-- This site is optimized with the Yoast SEO plugin v16.9 - https:\/\/yoast.com\/wordpress\/plugins\/seo\/ -->\n<title>Peter Kristoffersen-fr - RotoBed<\/title>\n<meta name=\"robots\" content=\"index, follow, max-snippet:-1, max-image-preview:large, max-video-preview:-1\" \/>\n<link rel=\"canonical\" href=\"https:\/\/rotobed.com\/fr\/peter-kristoffersen-4\/\" \/>\n<meta property=\"og:locale\" content=\"en_GB\" \/>\n<meta property=\"og:type\" content=\"article\" \/>\n<meta property=\"og:title\" content=\"Peter Kristoffersen-fr - RotoBed\" \/>\n<meta property=\"og:url\" content=\"https:\/\/rotobed.com\/fr\/peter-kristoffersen-4\/\" \/>\n<meta property=\"og:site_name\" content=\"RotoBed\" \/>\n<meta property=\"article:modified_time\" content=\"2020-11-18T13:40:49+00:00\" \/>\n<meta name=\"twitter:card\" content=\"summary\" \/>\n<meta name=\"twitter:label1\" content=\"Estimated reading time\" \/>\n\t<meta name=\"twitter:data1\" content=\"3 minutes\" \/>\n<script type=\"application\/ld+json\" class=\"yoast-schema-graph\">{\"@context\":\"https:\/\/schema.org\",\"@graph\":[{\"@type\":\"WebSite\",\"@id\":\"https:\/\/rotobed.com\/fr\/#website\",\"url\":\"https:\/\/rotobed.com\/fr\/\",\"name\":\"RotoBed\",\"description\":\"Rotate life better\",\"potentialAction\":[{\"@type\":\"SearchAction\",\"target\":{\"@type\":\"EntryPoint\",\"urlTemplate\":\"https:\/\/rotobed.com\/fr\/?s={search_term_string}\"},\"query-input\":\"required name=search_term_string\"}],\"inLanguage\":\"en-GB\"},{\"@type\":\"WebPage\",\"@id\":\"https:\/\/rotobed.com\/fr\/peter-kristoffersen-4\/#webpage\",\"url\":\"https:\/\/rotobed.com\/fr\/peter-kristoffersen-4\/\",\"name\":\"Peter Kristoffersen-fr - RotoBed\",\"isPartOf\":{\"@id\":\"https:\/\/rotobed.com\/fr\/#website\"},\"datePublished\":\"2016-09-02T11:30:17+00:00\",\"dateModified\":\"2020-11-18T13:40:49+00:00\",\"breadcrumb\":{\"@id\":\"https:\/\/rotobed.com\/fr\/peter-kristoffersen-4\/#breadcrumb\"},\"inLanguage\":\"en-GB\",\"potentialAction\":[{\"@type\":\"ReadAction\",\"target\":[\"https:\/\/rotobed.com\/fr\/peter-kristoffersen-4\/\"]}]},{\"@type\":\"BreadcrumbList\",\"@id\":\"https:\/\/rotobed.com\/fr\/peter-kristoffersen-4\/#breadcrumb\",\"itemListElement\":[{\"@type\":\"ListItem\",\"position\":1,\"name\":\"Hjem\",\"item\":\"https:\/\/rotobed.com\/fr\/\"},{\"@type\":\"ListItem\",\"position\":2,\"name\":\"Peter Kristoffersen-fr\"}]}]}<\/script>\n<!-- \/ Yoast SEO plugin. -->","yoast_head_json":{"title":"Peter Kristoffersen-fr - RotoBed","robots":{"index":"index","follow":"follow","max-snippet":"max-snippet:-1","max-image-preview":"max-image-preview:large","max-video-preview":"max-video-preview:-1"},"canonical":"https:\/\/rotobed.com\/fr\/peter-kristoffersen-4\/","og_locale":"en_GB","og_type":"article","og_title":"Peter Kristoffersen-fr - RotoBed","og_url":"https:\/\/rotobed.com\/fr\/peter-kristoffersen-4\/","og_site_name":"RotoBed","article_modified_time":"2020-11-18T13:40:49+00:00","twitter_card":"summary","twitter_misc":{"Estimated reading time":"3 minutes"},"schema":{"@context":"https:\/\/schema.org","@graph":[{"@type":"WebSite","@id":"https:\/\/rotobed.com\/fr\/#website","url":"https:\/\/rotobed.com\/fr\/","name":"RotoBed","description":"Rotate life better","potentialAction":[{"@type":"SearchAction","target":{"@type":"EntryPoint","urlTemplate":"https:\/\/rotobed.com\/fr\/?s={search_term_string}"},"query-input":"required name=search_term_string"}],"inLanguage":"en-GB"},{"@type":"WebPage","@id":"https:\/\/rotobed.com\/fr\/peter-kristoffersen-4\/#webpage","url":"https:\/\/rotobed.com\/fr\/peter-kristoffersen-4\/","name":"Peter Kristoffersen-fr - RotoBed","isPartOf":{"@id":"https:\/\/rotobed.com\/fr\/#website"},"datePublished":"2016-09-02T11:30:17+00:00","dateModified":"2020-11-18T13:40:49+00:00","breadcrumb":{"@id":"https:\/\/rotobed.com\/fr\/peter-kristoffersen-4\/#breadcrumb"},"inLanguage":"en-GB","potentialAction":[{"@type":"ReadAction","target":["https:\/\/rotobed.com\/fr\/peter-kristoffersen-4\/"]}]},{"@type":"BreadcrumbList","@id":"https:\/\/rotobed.com\/fr\/peter-kristoffersen-4\/#breadcrumb","itemListElement":[{"@type":"ListItem","position":1,"name":"Hjem","item":"https:\/\/rotobed.com\/fr\/"},{"@type":"ListItem","position":2,"name":"Peter Kristoffersen-fr"}]}]}},"_links":{"self":[{"href":"https:\/\/rotobed.com\/fr\/wp-json\/wp\/v2\/pages\/1076"}],"collection":[{"href":"https:\/\/rotobed.com\/fr\/wp-json\/wp\/v2\/pages"}],"about":[{"href":"https:\/\/rotobed.com\/fr\/wp-json\/wp\/v2\/types\/page"}],"author":[{"embeddable":true,"href":"https:\/\/rotobed.com\/fr\/wp-json\/wp\/v2\/users\/2"}],"replies":[{"embeddable":true,"href":"https:\/\/rotobed.com\/fr\/wp-json\/wp\/v2\/comments?post=1076"}],"version-history":[{"count":7,"href":"https:\/\/rotobed.com\/fr\/wp-json\/wp\/v2\/pages\/1076\/revisions"}],"predecessor-version":[{"id":7372,"href":"https:\/\/rotobed.com\/fr\/wp-json\/wp\/v2\/pages\/1076\/revisions\/7372"}],"wp:attachment":[{"href":"https:\/\/rotobed.com\/fr\/wp-json\/wp\/v2\/media?parent=1076"}],"curies":[{"name":"wp","href":"https:\/\/api.w.org\/{rel}","templated":true}]}}