{"id":1078,"date":"2016-09-02T11:38:04","date_gmt":"2016-09-02T11:38:04","guid":{"rendered":"https:\/\/rotobed.com\/fr\/?page_id=1078"},"modified":"2020-07-06T11:32:46","modified_gmt":"2020-07-06T11:32:46","slug":"douleur","status":"publish","type":"page","link":"https:\/\/rotobed.com\/fr\/douleur\/","title":{"rendered":"Jack J\u00f6nsson-fr"},"content":{"rendered":"<div style='height:50px' class='hr hr-invisible  '><span class='hr-inner ' ><span class='hr-inner-style'><\/span><\/span><\/div>\n<div class=\"flex_column av_three_fourth  flex_column_div av-zero-column-padding first  \" style='border-radius:0px; '><p><div class='avia-image-container  av-styling-    avia-align-center '  itemprop=\"ImageObject\" itemscope=\"itemscope\" itemtype=\"https:\/\/schema.org\/ImageObject\"  ><div class='avia-image-container-inner'><img class='avia_image ' src='https:\/\/rotobed.com\/fr\/wp-content\/uploads\/2015\/09\/Jack-1030x687.jpg' alt='' title='Jack'   itemprop=\"thumbnailUrl\"  \/><\/div><\/div><br \/>\n<section class=\"av_textblock_section \"  itemscope=\"itemscope\" itemtype=\"https:\/\/schema.org\/CreativeWork\" ><div class='avia_textblock  '   itemprop=\"text\" ><h1><strong>Maintenant je me l\u00e8ve sans douleur<\/strong><\/h1>\n<h3>Jack J\u00f6nsson, Ishoej, 71 ans. Il est h\u00e9mipl\u00e9gique apr\u00e8s un caillot de sang (thrombus). Il a eu un RotoBed\u00ae depuis un an.<\/h3>\n<p>Avant, j&#8217;avais un lit de soin habituel sans fonction releveur. Et pour me sortir du lit, le soignant mettait une serviette autour de moi et commen\u00e7aient \u00e0 tirer. Pour moi, c&#8217;\u00e9tait extr\u00eamement douloureux et pour eux une tenue d\u00e9sagr\u00e9able.<\/p>\n<p>Et puis j&#8217;ai eu un superviseur technologique absolument g\u00e9nial qui avait vu ce RotoBed\u00ae lors d&#8217;une exposition, et qui pensait que \u00e7a serait bien pour moi. Je l&#8217;ai essay\u00e9 au Institut Handicap et j&#8217;ai pens\u00e9 imm\u00e9diatement : \u00c7a, c&#8217;est juste pour moi ! Je l&#8217;ai achet\u00e9 encore l&#8217;apr\u00e8s-midi m\u00eame et c&#8217;\u00e9tait absolument fabuleux.<\/p>\n<p>Dans le pass\u00e9, je me sentais extr\u00eamement limit\u00e9 et c&#8217;\u00e9tait \u00e9nervant pour moi. Ceci je ne le ressens plus et l&#8217;atmosph\u00e8re pendant les soins est nettement meilleure. Avant c&#8217;\u00e9tait douloureux, c&#8217;est pourquoi je parlais d&#8217;une fa\u00e7on d\u00e9sagr\u00e9able avec les soignants et eux \u00e9galement \u00e9taient quelque part frustr\u00e9s.<\/p>\n<p>Maintenant, ils me t\u00e9l\u00e9phonent dix minutes avant arriv\u00e9 et \u00e0 ce moment-l\u00e0, j&#8217;ai d\u00e9j\u00e0 mis le lit dans sa position du si\u00e8ge \u00e0 l&#8217;aide du bo\u00eetier de commande. Les soignants m&#8217;habillent \u2013 chaussures, pantalons et chaussettes \u2013 pendant que le lit est tourn\u00e9 et mes pieds sont dans leur direction. Ils sont tr\u00e8s heureux comme \u00e7a. Quelques fois, ils am\u00e8nent m\u00eame leurs familles pour leur montrer leur travail quotidien et afin qu&#8217;ils regardent ce miracle. Et on est tous ravis.<\/p>\n<\/div><\/section><\/p><\/div><div class=\"flex_column av_one_fourth  flex_column_div av-zero-column-padding   \" style='border-radius:0px; '><p><div style='padding-bottom:10px;' class='av-special-heading av-special-heading-h1    '><h1 class='av-special-heading-tag '  itemprop=\"headline\"  > 9 cas inspirants avec le RotoBed\u00ae <\/h1><div class='special-heading-border'><div class='special-heading-inner-border' ><\/div><\/div><\/div><br \/>\n<div style='height:50px' class='hr hr-invisible  '><span class='hr-inner ' ><span class='hr-inner-style'><\/span><\/span><\/div><br \/>\n<div class='avia-button-wrap avia-button-right '><a href='https:\/\/rotobed.com\/fr\/rotobed-temoignages\/' class='avia-button   avia-icon_select-no avia-color-theme-color avia-size-medium avia-position-right '   ><span class='avia_iconbox_title' >Voyez la liste ici<\/span><\/a><\/div><\/p><\/div><\/p>\n<div class=\"flex_column av_one_half  flex_column_div av-zero-column-padding first  \" style='border-radius:0px; '><section class=\"av_textblock_section \"  itemscope=\"itemscope\" itemtype=\"https:\/\/schema.org\/CreativeWork\" ><div class='avia_textblock  '   itemprop=\"text\" ><h2>C&#8217;est la meilleure chose qui pouvait arriver \u00e0 Jack<\/h2>\n<p><em>Kirsten J\u00f6nsson, sa femme.<\/em><\/p>\n<p>C&#8217;est surprenant ce que le RotoBed\u00ae a fait pour Jack. Il est redevenu un homme heureux gr\u00e2ce \u00e0 ce lit. Et il a plus de dignit\u00e9. Il est heureux puisqu&#8217;il n&#8217;est plus \u00e0 la charge des autres.<\/p>\n<p>Pour moi, c&#8217;est le pure bonheur avec le nouveau lit. Avant, je souffrais beaucoup pour le sortir de l&#8217;ancien lit. Jack a d\u00e9m\u00e9nage dans le \u00ab logement assist\u00e9 \u00bb comme il pensait que c&#8217;\u00e9tait trop \u00e9puisant pour moi de m&#8217;occuper de lui. Comme \u00e7a, les soignants profitent aussi du RotoBed\u00ae\u00a0maintenant.<\/p>\n<p>Nous remercions la commune qu&#8217;ils ont donn\u00e9 ce lit \u00e0 Jack.<\/p>\n<\/div><\/section><\/div>\n<div class=\"flex_column av_one_fourth  flex_column_div av-zero-column-padding   \" style='border-radius:0px; '><div class='avia-image-container  av-styling-    avia-align-center '  itemprop=\"ImageObject\" itemscope=\"itemscope\" itemtype=\"https:\/\/schema.org\/ImageObject\"  ><div class='avia-image-container-inner'><img class='avia_image ' src='https:\/\/rotobed.com\/fr\/wp-content\/uploads\/2015\/09\/Kirsten-1030x687.jpg' alt='' title='Kirsten'   itemprop=\"thumbnailUrl\"  \/><\/div><\/div><\/div>\n<div style='height:50px' class='hr hr-invisible  '><span class='hr-inner ' ><span class='hr-inner-style'><\/span><\/span><\/div>\n","protected":false},"excerpt":{"rendered":"","protected":false},"author":2,"featured_media":0,"parent":0,"menu_order":0,"comment_status":"closed","ping_status":"closed","template":"","meta":[],"yoast_head":"<!-- This site is optimized with the Yoast SEO plugin v16.9 - https:\/\/yoast.com\/wordpress\/plugins\/seo\/ -->\n<title>Douleur en sortant du lit? Le lit rotatif RotoBed peut vous aider!<\/title>\n<meta name=\"description\" content=\"&quot;Avant c&#039;\u00e9tait douloureux, c&#039;est pourquoi je parlais d&#039;une fa\u00e7on d\u00e9sagr\u00e9able avec les soignants. Maintenant je me l\u00e8ve sans douleur. Et on est tous ravis.&quot;\" \/>\n<meta name=\"robots\" content=\"index, follow, max-snippet:-1, max-image-preview:large, max-video-preview:-1\" \/>\n<link rel=\"canonical\" href=\"https:\/\/rotobed.com\/fr\/douleur\/\" \/>\n<meta property=\"og:locale\" content=\"en_GB\" \/>\n<meta property=\"og:type\" content=\"article\" \/>\n<meta property=\"og:title\" content=\"Douleur en sortant du lit? Le lit rotatif RotoBed peut vous aider!\" \/>\n<meta property=\"og:description\" content=\"&quot;Avant c&#039;\u00e9tait douloureux, c&#039;est pourquoi je parlais d&#039;une fa\u00e7on d\u00e9sagr\u00e9able avec les soignants. Maintenant je me l\u00e8ve sans douleur. Et on est tous ravis.&quot;\" \/>\n<meta property=\"og:url\" content=\"https:\/\/rotobed.com\/fr\/douleur\/\" \/>\n<meta property=\"og:site_name\" content=\"RotoBed\" \/>\n<meta property=\"article:modified_time\" content=\"2020-07-06T11:32:46+00:00\" \/>\n<meta name=\"twitter:card\" content=\"summary\" \/>\n<meta name=\"twitter:label1\" content=\"Estimated reading time\" \/>\n\t<meta name=\"twitter:data1\" content=\"5 minutes\" \/>\n<script type=\"application\/ld+json\" class=\"yoast-schema-graph\">{\"@context\":\"https:\/\/schema.org\",\"@graph\":[{\"@type\":\"WebSite\",\"@id\":\"https:\/\/rotobed.com\/fr\/#website\",\"url\":\"https:\/\/rotobed.com\/fr\/\",\"name\":\"RotoBed\",\"description\":\"Rotate life better\",\"potentialAction\":[{\"@type\":\"SearchAction\",\"target\":{\"@type\":\"EntryPoint\",\"urlTemplate\":\"https:\/\/rotobed.com\/fr\/?s={search_term_string}\"},\"query-input\":\"required name=search_term_string\"}],\"inLanguage\":\"en-GB\"},{\"@type\":\"WebPage\",\"@id\":\"https:\/\/rotobed.com\/fr\/douleur\/#webpage\",\"url\":\"https:\/\/rotobed.com\/fr\/douleur\/\",\"name\":\"Douleur en sortant du lit? Le lit rotatif RotoBed peut vous aider!\",\"isPartOf\":{\"@id\":\"https:\/\/rotobed.com\/fr\/#website\"},\"datePublished\":\"2016-09-02T11:38:04+00:00\",\"dateModified\":\"2020-07-06T11:32:46+00:00\",\"description\":\"\\\"Avant c'\\u00e9tait douloureux, c'est pourquoi je parlais d'une fa\\u00e7on d\\u00e9sagr\\u00e9able avec les soignants. Maintenant je me l\\u00e8ve sans douleur. Et on est tous ravis.\\\"\",\"breadcrumb\":{\"@id\":\"https:\/\/rotobed.com\/fr\/douleur\/#breadcrumb\"},\"inLanguage\":\"en-GB\",\"potentialAction\":[{\"@type\":\"ReadAction\",\"target\":[\"https:\/\/rotobed.com\/fr\/douleur\/\"]}]},{\"@type\":\"BreadcrumbList\",\"@id\":\"https:\/\/rotobed.com\/fr\/douleur\/#breadcrumb\",\"itemListElement\":[{\"@type\":\"ListItem\",\"position\":1,\"name\":\"Hjem\",\"item\":\"https:\/\/rotobed.com\/fr\/\"},{\"@type\":\"ListItem\",\"position\":2,\"name\":\"Jack J\\u00f6nsson-fr\"}]}]}<\/script>\n<!-- \/ Yoast SEO plugin. -->","yoast_head_json":{"title":"Douleur en sortant du lit? Le lit rotatif RotoBed peut vous aider!","description":"\"Avant c'\u00e9tait douloureux, c'est pourquoi je parlais d'une fa\u00e7on d\u00e9sagr\u00e9able avec les soignants. Maintenant je me l\u00e8ve sans douleur. Et on est tous ravis.\"","robots":{"index":"index","follow":"follow","max-snippet":"max-snippet:-1","max-image-preview":"max-image-preview:large","max-video-preview":"max-video-preview:-1"},"canonical":"https:\/\/rotobed.com\/fr\/douleur\/","og_locale":"en_GB","og_type":"article","og_title":"Douleur en sortant du lit? Le lit rotatif RotoBed peut vous aider!","og_description":"\"Avant c'\u00e9tait douloureux, c'est pourquoi je parlais d'une fa\u00e7on d\u00e9sagr\u00e9able avec les soignants. Maintenant je me l\u00e8ve sans douleur. Et on est tous ravis.\"","og_url":"https:\/\/rotobed.com\/fr\/douleur\/","og_site_name":"RotoBed","article_modified_time":"2020-07-06T11:32:46+00:00","twitter_card":"summary","twitter_misc":{"Estimated reading time":"5 minutes"},"schema":{"@context":"https:\/\/schema.org","@graph":[{"@type":"WebSite","@id":"https:\/\/rotobed.com\/fr\/#website","url":"https:\/\/rotobed.com\/fr\/","name":"RotoBed","description":"Rotate life better","potentialAction":[{"@type":"SearchAction","target":{"@type":"EntryPoint","urlTemplate":"https:\/\/rotobed.com\/fr\/?s={search_term_string}"},"query-input":"required name=search_term_string"}],"inLanguage":"en-GB"},{"@type":"WebPage","@id":"https:\/\/rotobed.com\/fr\/douleur\/#webpage","url":"https:\/\/rotobed.com\/fr\/douleur\/","name":"Douleur en sortant du lit? Le lit rotatif RotoBed peut vous aider!","isPartOf":{"@id":"https:\/\/rotobed.com\/fr\/#website"},"datePublished":"2016-09-02T11:38:04+00:00","dateModified":"2020-07-06T11:32:46+00:00","description":"\"Avant c'\u00e9tait douloureux, c'est pourquoi je parlais d'une fa\u00e7on d\u00e9sagr\u00e9able avec les soignants. Maintenant je me l\u00e8ve sans douleur. Et on est tous ravis.\"","breadcrumb":{"@id":"https:\/\/rotobed.com\/fr\/douleur\/#breadcrumb"},"inLanguage":"en-GB","potentialAction":[{"@type":"ReadAction","target":["https:\/\/rotobed.com\/fr\/douleur\/"]}]},{"@type":"BreadcrumbList","@id":"https:\/\/rotobed.com\/fr\/douleur\/#breadcrumb","itemListElement":[{"@type":"ListItem","position":1,"name":"Hjem","item":"https:\/\/rotobed.com\/fr\/"},{"@type":"ListItem","position":2,"name":"Jack J\u00f6nsson-fr"}]}]}},"_links":{"self":[{"href":"https:\/\/rotobed.com\/fr\/wp-json\/wp\/v2\/pages\/1078"}],"collection":[{"href":"https:\/\/rotobed.com\/fr\/wp-json\/wp\/v2\/pages"}],"about":[{"href":"https:\/\/rotobed.com\/fr\/wp-json\/wp\/v2\/types\/page"}],"author":[{"embeddable":true,"href":"https:\/\/rotobed.com\/fr\/wp-json\/wp\/v2\/users\/2"}],"replies":[{"embeddable":true,"href":"https:\/\/rotobed.com\/fr\/wp-json\/wp\/v2\/comments?post=1078"}],"version-history":[{"count":9,"href":"https:\/\/rotobed.com\/fr\/wp-json\/wp\/v2\/pages\/1078\/revisions"}],"predecessor-version":[{"id":7237,"href":"https:\/\/rotobed.com\/fr\/wp-json\/wp\/v2\/pages\/1078\/revisions\/7237"}],"wp:attachment":[{"href":"https:\/\/rotobed.com\/fr\/wp-json\/wp\/v2\/media?parent=1078"}],"curies":[{"name":"wp","href":"https:\/\/api.w.org\/{rel}","templated":true}]}}