{"id":1128,"date":"2016-09-05T09:16:58","date_gmt":"2016-09-05T09:16:58","guid":{"rendered":"https:\/\/rotobed.com\/fr\/?page_id=1128"},"modified":"2024-03-12T13:49:04","modified_gmt":"2024-03-12T13:49:04","slug":"rotobed-temoignages","status":"publish","type":"page","link":"https:\/\/rotobed.com\/fr\/rotobed-temoignages\/","title":{"rendered":"Cases RotoBed\u00aeFR"},"content":{"rendered":"<div style='height:50px' class='hr hr-invisible  '><span class='hr-inner ' ><span class='hr-inner-style'><\/span><\/span><\/div>\n<div class=\"flex_column av_one_fourth  flex_column_div av-zero-column-padding first  \" style='border-radius:0px; '><section class=\"av_textblock_section \"  itemscope=\"itemscope\" itemtype=\"https:\/\/schema.org\/CreativeWork\" ><div class='avia_textblock  '   itemprop=\"text\" ><blockquote>\n<p>&#8220;Je peux me coucher quand je veux, je peux me lever quand je veux. Je peux faire les choses moi-m\u00eame. Pour moi, cela signifie la libert\u00e9.&#8221;<\/p>\n<\/blockquote>\n<\/div><\/section><\/div>\n<div class=\"flex_column av_one_half  flex_column_div av-zero-column-padding   \" style='border-radius:0px; '><p><div style='height:50px' class='hr hr-invisible  '><span class='hr-inner ' ><span class='hr-inner-style'><\/span><\/span><\/div><br \/>\n<div style='text-align:center; font-size:35px; ' class='av-rotator-container av-rotation-container-center  ' data-interval='5' data-animation='1'><h1 class='av-rotator-container-inner '>Un lit rotatif peut changer la vie:<span class='av-rotator-text av-rotator-multiline-on '><\/span>10 temoignages inspirants<\/h1><\/div><br \/>\n<div style='height:20px' class='hr hr-invisible  '><span class='hr-inner ' ><span class='hr-inner-style'><\/span><\/span><\/div><br \/>\n<section class=\"av_textblock_section \"  itemscope=\"itemscope\" itemtype=\"https:\/\/schema.org\/CreativeWork\" ><div class='avia_textblock  '   itemprop=\"text\" ><h3 style=\"text-align: center;\"><strong>T\u00e9moignages RotoBed\u00ae d&#8217;utilisateurs et de proches<\/strong><\/h3>\n<\/div><\/section><\/p><\/div><div class=\"flex_column av_one_fourth  flex_column_div av-zero-column-padding   \" style='border-radius:0px; '><section class=\"av_textblock_section \"  itemscope=\"itemscope\" itemtype=\"https:\/\/schema.org\/CreativeWork\" ><div class='avia_textblock  '   itemprop=\"text\" ><blockquote>\n<p>&#8220;Lorsque mon mari a obtenu son RotoBed\u00ae, il est devenu plus autonome. Cela ralluma la lumi\u00e8re dans ses yeux.&#8221;<\/p>\n<\/blockquote>\n<\/div><\/section><\/div><\/p>\n<div style='height:20px' class='hr hr-invisible  '><span class='hr-inner ' ><span class='hr-inner-style'><\/span><\/span><\/div>\n<div class=\"flex_column av_one_third  flex_column_div av-zero-column-padding first  \" style='border-radius:0px; '><p><div class='avia-image-container  av-styling-    avia-align-center '  itemprop=\"ImageObject\" itemscope=\"itemscope\" itemtype=\"https:\/\/schema.org\/ImageObject\"  ><div class='avia-image-container-inner'><a href='https:\/\/rotobed.com\/fr\/jan-ronhoff-2\/' class='avia_image'  ><img class='avia_image ' src='https:\/\/rotobed.com\/fr\/wp-content\/uploads\/2016\/08\/Jan.jpg' alt='rotobed lit rotatif ALS' title='Jan'  itemprop=\"thumbnailUrl\"  \/><\/a><\/div><\/div><br \/>\n<section class=\"av_textblock_section \"  itemscope=\"itemscope\" itemtype=\"https:\/\/schema.org\/CreativeWork\" ><div class='avia_textblock  '   itemprop=\"text\" ><h4><a href=\"https:\/\/rotobed.com\/fr\/fr\/jan-ronhoff-2\/\"><strong>Jan R\u00f6nhoff<\/strong><\/a>, 52\u00a0ans. A l\u2019\u00e2ge de 48 ans, on a diagnostiqu\u00e9 chez lui la maladie de Charcot, une maladie d\u00e9g\u00e9n\u00e9rative.<\/h4>\n<\/div><\/section><\/p><\/div>\n<div class=\"flex_column av_one_third  flex_column_div av-zero-column-padding   \" style='border-radius:0px; '><p><div class='avia-image-container  av-styling-    avia-align-center '  itemprop=\"ImageObject\" itemscope=\"itemscope\" itemtype=\"https:\/\/schema.org\/ImageObject\"  ><div class='avia-image-container-inner'><a href='https:\/\/rotobed.com\/fr\/parkinson-psp\/' class='avia_image'  ><img class='avia_image ' src='https:\/\/rotobed.com\/fr\/wp-content\/uploads\/2020\/11\/Hans-04-mindre-1030x693.jpg' alt='rotobed lit m\u00e9dicalis\u00e9 temoignage' title='Temoignage Hans Villadsen'  itemprop=\"thumbnailUrl\"  \/><\/a><\/div><\/div><br \/>\n<section class=\"av_textblock_section \"  itemscope=\"itemscope\" itemtype=\"https:\/\/schema.org\/CreativeWork\" ><div class='avia_textblock  '   itemprop=\"text\" ><h4><a href=\"https:\/\/rotobed.com\/fr\/parkinson-psp\/\"><strong>Hans Villadsen<\/strong>, 76 ans. Atteint de la maladie PSP. Il a achet\u00e9 un RotoBed\u00aeFree pour \u00e9viter d&#8217;\u00eatre hiss\u00e9 dans et hors du lit. C&#8217;est la seule fa\u00e7on digne pour lui de vivre, dit sa femme.<\/a><\/h4>\n<\/div><\/section><\/p><\/div>\n<div class=\"flex_column av_one_third  flex_column_div av-zero-column-padding   \" style='border-radius:0px; '><p><div class='avia-image-container  av-styling-    avia-align-center '  itemprop=\"ImageObject\" itemscope=\"itemscope\" itemtype=\"https:\/\/schema.org\/ImageObject\"  ><div class='avia-image-container-inner'><a href='https:\/\/rotobed.com\/fr\/bent-vogn\/' class='avia_image'  ><img class='avia_image ' src='https:\/\/rotobed.com\/fr\/wp-content\/uploads\/2024\/03\/Bent--1030x674.jpg' alt='' title='Bent'  itemprop=\"thumbnailUrl\"  \/><\/a><\/div><\/div><br \/>\n<section class=\"av_textblock_section \"  itemscope=\"itemscope\" itemtype=\"https:\/\/schema.org\/CreativeWork\" ><div class='avia_textblock  '   itemprop=\"text\" ><h4><a href=\"https:\/\/rotobed.com\/fr\/bent-vogn\/\">Bent Vogn, 61 ans. Souffre de SEP et est incapable de se lever sans aide. A achet\u00e9 un RotoBed\u00ae pour lui et un pour sa femme.<\/a><\/h4>\n<\/div><\/section><\/p><\/div>\n<div class=\"flex_column av_one_third  flex_column_div av-zero-column-padding first  \" style='border-radius:0px; '><p><div class='avia-image-container  av-styling-    avia-align-center '  itemprop=\"ImageObject\" itemscope=\"itemscope\" itemtype=\"https:\/\/schema.org\/ImageObject\"  ><div class='avia-image-container-inner'><a href='https:\/\/rotobed.com\/fr\/lisbeth-buhl-4\/' class='avia_image'  ><img class='avia_image ' src='https:\/\/rotobed.com\/fr\/wp-content\/uploads\/2020\/01\/Lisbeth-02A-\u00a9-Jonas-Fotografi-1-3-1030x686.jpg' alt='' title='Lisbeth 02A - \u00a9 Jonas Fotografi'  itemprop=\"thumbnailUrl\"  \/><\/a><\/div><\/div><br \/>\n<section class=\"av_textblock_section \"  itemscope=\"itemscope\" itemtype=\"https:\/\/schema.org\/CreativeWork\" ><div class='avia_textblock  '   itemprop=\"text\" ><h4><a href=\"https:\/\/rotobed.com\/fr\/fr\/lisbeth-buhl-4\/\"><strong>Lisbeth Buhl<\/strong><\/a>, th\u00e9rapeute professionnelle de l&#8217;Institut Handicap \u00e0 Aabenraa.<\/h4>\n<\/div><\/section><\/p><\/div>\n<div class=\"flex_column av_one_third  flex_column_div av-zero-column-padding   \" style='border-radius:0px; '><p><div class='avia-image-container  av-styling-    avia-align-center '  itemprop=\"ImageObject\" itemscope=\"itemscope\" itemtype=\"https:\/\/schema.org\/ImageObject\"  ><div class='avia-image-container-inner'><a href='https:\/\/rotobed.com\/fr\/lymphoedeme\/' class='avia_image'  ><img class='avia_image ' src='https:\/\/rotobed.com\/fr\/wp-content\/uploads\/2016\/08\/Ester.jpg' alt='Lymphoed\u00e8me RotoBed lit rotatif' title='RotoBed temoignage Lymphoed\u00e8me'  itemprop=\"thumbnailUrl\"  \/><\/a><\/div><\/div><br \/>\n<section class=\"av_textblock_section \"  itemscope=\"itemscope\" itemtype=\"https:\/\/schema.org\/CreativeWork\" ><div class='avia_textblock  '   itemprop=\"text\" ><h4><a href=\"https:\/\/rotobed.com\/fr\/fr\/esther-soegaard-4\/\"><strong>Esther Soegaard<\/strong><\/a>,\u00a077 ans. Elle souffre d&#8217;un \u0153d\u00e8me des Lymph\u0153d\u00e8mes et ne peut pas lever ses jambes.<\/h4>\n<\/div><\/section><\/p><\/div>\n<div class=\"flex_column av_one_third  flex_column_div av-zero-column-padding   \" style='border-radius:0px; '><p><div class='avia-image-container  av-styling-    avia-align-center '  itemprop=\"ImageObject\" itemscope=\"itemscope\" itemtype=\"https:\/\/schema.org\/ImageObject\"  ><div class='avia-image-container-inner'><a href='https:\/\/rotobed.com\/fr\/handicap-moteur\/' class='avia_image'  ><img class='avia_image ' src='https:\/\/rotobed.com\/fr\/wp-content\/uploads\/2016\/08\/Tommy.jpg' alt='rotobed temoignage spasmodique' title='Tommy'  itemprop=\"thumbnailUrl\"  \/><\/a><\/div><\/div><br \/>\n<section class=\"av_textblock_section \"  itemscope=\"itemscope\" itemtype=\"https:\/\/schema.org\/CreativeWork\" ><div class='avia_textblock  '   itemprop=\"text\" ><h4><a href=\"http:\/\/otobed.dk\/fr\/tommy-hansen-4\/\"><strong>Tommy Hansen<\/strong><\/a>, 47 ans. Il est n\u00e9 comme handicap\u00e9 moteur. Il y a dix mois qu&#8217;il a un RotoBed\u00ae.<\/h4>\n<\/div><\/section><\/p><\/div>\n<div class=\"flex_column av_one_third  flex_column_div av-zero-column-padding first  \" style='border-radius:0px; '><p><div class='avia-image-container  av-styling-    avia-align-center '  itemprop=\"ImageObject\" itemscope=\"itemscope\" itemtype=\"https:\/\/schema.org\/ImageObject\"  ><div class='avia-image-container-inner'><a href='https:\/\/rotobed.com\/fr\/paralysie\/' class='avia_image'  ><img class='avia_image ' src='https:\/\/rotobed.com\/fr\/wp-content\/uploads\/2016\/08\/Kristina.jpg' alt='rotobed temoignage paralysie' title='Kristina'  itemprop=\"thumbnailUrl\"  \/><\/a><\/div><\/div><br \/>\n<section class=\"av_textblock_section \"  itemscope=\"itemscope\" itemtype=\"https:\/\/schema.org\/CreativeWork\" ><div class='avia_textblock  '   itemprop=\"text\" ><h4><a href=\"https:\/\/rotobed.com\/fr\/fr\/kristina-sangvita-3\/\"><strong>Kristina Sangvita<\/strong><\/a>, 39 ans. Partiellement paralys\u00e9e apr\u00e8s un accident de voiture il y a 16 ans. Elle avait un lit RotoBed\u00ae pour un an et demi mais elle n&#8217;en a plus besoin.<\/h4>\n<\/div><\/section><\/p><\/div>\n<div class=\"flex_column av_one_third  flex_column_div av-zero-column-padding   \" style='border-radius:0px; '><p><div class='avia-image-container  av-styling-    avia-align-center '  itemprop=\"ImageObject\" itemscope=\"itemscope\" itemtype=\"https:\/\/schema.org\/ImageObject\"  ><div class='avia-image-container-inner'><a href='https:\/\/rotobed.com\/fr\/lit-pour-parkinson\/' class='avia_image'  ><img class='avia_image ' src='https:\/\/rotobed.com\/fr\/wp-content\/uploads\/2016\/08\/Bonnich.jpg' alt='RotoBed lit rotatif pour Parkinson' title='RotoBed parkinson'  itemprop=\"thumbnailUrl\"  \/><\/a><\/div><\/div><br \/>\n<section class=\"av_textblock_section \"  itemscope=\"itemscope\" itemtype=\"https:\/\/schema.org\/CreativeWork\" ><div class='avia_textblock  '   itemprop=\"text\" ><h4><a href=\"https:\/\/rotobed.com\/fr\/lit-pour-parkinson\/\"><strong>Bonnich Petersen<\/strong><\/a>, 77 ans, est un boulanger \u00e0 la retraite. Il a la maladie de Parkinson et d\u2019arthrite. Il a un RotoBed\u00ae depuis 15 mois.<\/h4>\n<\/div><\/section><\/p><\/div>\n<div class=\"flex_column av_one_third  flex_column_div av-zero-column-padding   \" style='border-radius:0px; '><p><div class='avia-image-container  av-styling-    avia-align-center '  itemprop=\"ImageObject\" itemscope=\"itemscope\" itemtype=\"https:\/\/schema.org\/ImageObject\"  ><div class='avia-image-container-inner'><a href='https:\/\/rotobed.com\/fr\/sclerose\/' class='avia_image'  ><img class='avia_image ' src='https:\/\/rotobed.com\/fr\/wp-content\/uploads\/2016\/08\/Helle-Pedersen.jpg' alt='rotobed temoignage sclerose' title='Helle'  itemprop=\"thumbnailUrl\"  \/><\/a><\/div><\/div><br \/>\n<section class=\"av_textblock_section \"  itemscope=\"itemscope\" itemtype=\"https:\/\/schema.org\/CreativeWork\" ><div class='avia_textblock  '   itemprop=\"text\" ><h4><a href=\"https:\/\/rotobed.com\/fr\/fr\/helle-pedersen-2\/\"><strong>Helle Petersen<\/strong><\/a>, 61 ans. En 1999, on a diagnostiqu\u00e9 une scl\u00e9rose multiple. Depuis un an, elle a un RotoBed\u00ae.<\/h4>\n<\/div><\/section><\/p><\/div>\n<div class=\"flex_column av_one_third  flex_column_div av-zero-column-padding first  \" style='border-radius:0px; '><p><div class='avia-image-container  av-styling-    avia-align-center '  itemprop=\"ImageObject\" itemscope=\"itemscope\" itemtype=\"https:\/\/schema.org\/ImageObject\"  ><div class='avia-image-container-inner'><a href='https:\/\/rotobed.com\/fr\/peter-kristoffersen-4\/' class='avia_image'  ><img class='avia_image ' src='https:\/\/rotobed.com\/fr\/wp-content\/uploads\/2016\/08\/Peter.jpg' alt='rotobed temoignage spasmodique' title='Peter'  itemprop=\"thumbnailUrl\"  \/><\/a><\/div><\/div><br \/>\n<section class=\"av_textblock_section \"  itemscope=\"itemscope\" itemtype=\"https:\/\/schema.org\/CreativeWork\" ><div class='avia_textblock  '   itemprop=\"text\" ><h4><a href=\"https:\/\/rotobed.com\/fr\/fr\/peter-kristoffersen-4\/\"><strong>Peter Kristoffersen<\/strong><\/a>, 56 ans. Il est n\u00e9 comme handicap\u00e9 moteur. Il habite dans le centre de soins Munkehatten \u00e0 Odense.<\/h4>\n<\/div><\/section><\/p><\/div>\n<div class=\"flex_column av_one_third  flex_column_div av-zero-column-padding   \" style='border-radius:0px; '><p><div class='avia-image-container  av-styling-    avia-align-center '  itemprop=\"ImageObject\" itemscope=\"itemscope\" itemtype=\"https:\/\/schema.org\/ImageObject\"  ><div class='avia-image-container-inner'><a href='https:\/\/rotobed.com\/fr\/douleur\/' class='avia_image'  ><img class='avia_image ' src='https:\/\/rotobed.com\/fr\/wp-content\/uploads\/2015\/09\/Jack-1030x687.jpg' alt='' title='Jack'  itemprop=\"thumbnailUrl\"  \/><\/a><\/div><\/div><br \/>\n<section class=\"av_textblock_section \"  itemscope=\"itemscope\" itemtype=\"https:\/\/schema.org\/CreativeWork\" ><div class='avia_textblock  '   itemprop=\"text\" ><h4><a href=\"https:\/\/rotobed.com\/fr\/fr\/jack-jonsson\/\"><strong>Jack J\u00f8nsson<\/strong><\/a>, 71 ans. Il est h\u00e9mipl\u00e9gique apr\u00e8s un caillot de sang (thrombus). Il a eu un RotoBed\u00ae pour un an.<\/h4>\n<\/div><\/section><\/p><\/div>\n","protected":false},"excerpt":{"rendered":"","protected":false},"author":2,"featured_media":0,"parent":0,"menu_order":0,"comment_status":"closed","ping_status":"closed","template":"","meta":[],"yoast_head":"<!-- This site is optimized with the Yoast SEO plugin v16.9 - https:\/\/yoast.com\/wordpress\/plugins\/seo\/ -->\n<title>RotoBed t\u00e9moignages lit rotatif lit de soin lit m\u00e9dicalis\u00e9<\/title>\n<meta name=\"description\" content=\"RotoBed t\u00e9moignages vous aidera \u00e0 choisir un lit rotatif. Les utilisateurs, les soignants et les proches expliquent l&#039;impact de RotoBed sur leur vie.\" \/>\n<meta name=\"robots\" content=\"index, follow, max-snippet:-1, max-image-preview:large, max-video-preview:-1\" \/>\n<link rel=\"canonical\" href=\"https:\/\/rotobed.com\/fr\/rotobed-temoignages\/\" \/>\n<meta property=\"og:locale\" content=\"en_GB\" \/>\n<meta property=\"og:type\" content=\"article\" \/>\n<meta property=\"og:title\" content=\"RotoBed t\u00e9moignages lit rotatif lit de soin lit m\u00e9dicalis\u00e9\" \/>\n<meta property=\"og:description\" content=\"RotoBed t\u00e9moignages vous aidera \u00e0 choisir un lit rotatif. Les utilisateurs, les soignants et les proches expliquent l&#039;impact de RotoBed sur leur vie.\" \/>\n<meta property=\"og:url\" content=\"https:\/\/rotobed.com\/fr\/rotobed-temoignages\/\" \/>\n<meta property=\"og:site_name\" content=\"RotoBed\" \/>\n<meta property=\"article:modified_time\" content=\"2024-03-12T13:49:04+00:00\" \/>\n<meta name=\"twitter:card\" content=\"summary\" \/>\n<meta name=\"twitter:label1\" content=\"Estimated reading time\" \/>\n\t<meta name=\"twitter:data1\" content=\"4 minutes\" \/>\n<script type=\"application\/ld+json\" class=\"yoast-schema-graph\">{\"@context\":\"https:\/\/schema.org\",\"@graph\":[{\"@type\":\"WebSite\",\"@id\":\"https:\/\/rotobed.com\/fr\/#website\",\"url\":\"https:\/\/rotobed.com\/fr\/\",\"name\":\"RotoBed\",\"description\":\"Rotate life better\",\"potentialAction\":[{\"@type\":\"SearchAction\",\"target\":{\"@type\":\"EntryPoint\",\"urlTemplate\":\"https:\/\/rotobed.com\/fr\/?s={search_term_string}\"},\"query-input\":\"required name=search_term_string\"}],\"inLanguage\":\"en-GB\"},{\"@type\":\"WebPage\",\"@id\":\"https:\/\/rotobed.com\/fr\/rotobed-temoignages\/#webpage\",\"url\":\"https:\/\/rotobed.com\/fr\/rotobed-temoignages\/\",\"name\":\"RotoBed t\\u00e9moignages lit rotatif lit de soin lit m\\u00e9dicalis\\u00e9\",\"isPartOf\":{\"@id\":\"https:\/\/rotobed.com\/fr\/#website\"},\"datePublished\":\"2016-09-05T09:16:58+00:00\",\"dateModified\":\"2024-03-12T13:49:04+00:00\",\"description\":\"RotoBed t\\u00e9moignages vous aidera \\u00e0 choisir un lit rotatif. Les utilisateurs, les soignants et les proches expliquent l'impact de RotoBed sur leur vie.\",\"breadcrumb\":{\"@id\":\"https:\/\/rotobed.com\/fr\/rotobed-temoignages\/#breadcrumb\"},\"inLanguage\":\"en-GB\",\"potentialAction\":[{\"@type\":\"ReadAction\",\"target\":[\"https:\/\/rotobed.com\/fr\/rotobed-temoignages\/\"]}]},{\"@type\":\"BreadcrumbList\",\"@id\":\"https:\/\/rotobed.com\/fr\/rotobed-temoignages\/#breadcrumb\",\"itemListElement\":[{\"@type\":\"ListItem\",\"position\":1,\"name\":\"Hjem\",\"item\":\"https:\/\/rotobed.com\/fr\/\"},{\"@type\":\"ListItem\",\"position\":2,\"name\":\"Cases RotoBed\\u00aeFR\"}]}]}<\/script>\n<!-- \/ Yoast SEO plugin. -->","yoast_head_json":{"title":"RotoBed t\u00e9moignages lit rotatif lit de soin lit m\u00e9dicalis\u00e9","description":"RotoBed t\u00e9moignages vous aidera \u00e0 choisir un lit rotatif. Les utilisateurs, les soignants et les proches expliquent l'impact de RotoBed sur leur vie.","robots":{"index":"index","follow":"follow","max-snippet":"max-snippet:-1","max-image-preview":"max-image-preview:large","max-video-preview":"max-video-preview:-1"},"canonical":"https:\/\/rotobed.com\/fr\/rotobed-temoignages\/","og_locale":"en_GB","og_type":"article","og_title":"RotoBed t\u00e9moignages lit rotatif lit de soin lit m\u00e9dicalis\u00e9","og_description":"RotoBed t\u00e9moignages vous aidera \u00e0 choisir un lit rotatif. Les utilisateurs, les soignants et les proches expliquent l'impact de RotoBed sur leur vie.","og_url":"https:\/\/rotobed.com\/fr\/rotobed-temoignages\/","og_site_name":"RotoBed","article_modified_time":"2024-03-12T13:49:04+00:00","twitter_card":"summary","twitter_misc":{"Estimated reading time":"4 minutes"},"schema":{"@context":"https:\/\/schema.org","@graph":[{"@type":"WebSite","@id":"https:\/\/rotobed.com\/fr\/#website","url":"https:\/\/rotobed.com\/fr\/","name":"RotoBed","description":"Rotate life better","potentialAction":[{"@type":"SearchAction","target":{"@type":"EntryPoint","urlTemplate":"https:\/\/rotobed.com\/fr\/?s={search_term_string}"},"query-input":"required name=search_term_string"}],"inLanguage":"en-GB"},{"@type":"WebPage","@id":"https:\/\/rotobed.com\/fr\/rotobed-temoignages\/#webpage","url":"https:\/\/rotobed.com\/fr\/rotobed-temoignages\/","name":"RotoBed t\u00e9moignages lit rotatif lit de soin lit m\u00e9dicalis\u00e9","isPartOf":{"@id":"https:\/\/rotobed.com\/fr\/#website"},"datePublished":"2016-09-05T09:16:58+00:00","dateModified":"2024-03-12T13:49:04+00:00","description":"RotoBed t\u00e9moignages vous aidera \u00e0 choisir un lit rotatif. Les utilisateurs, les soignants et les proches expliquent l'impact de RotoBed sur leur vie.","breadcrumb":{"@id":"https:\/\/rotobed.com\/fr\/rotobed-temoignages\/#breadcrumb"},"inLanguage":"en-GB","potentialAction":[{"@type":"ReadAction","target":["https:\/\/rotobed.com\/fr\/rotobed-temoignages\/"]}]},{"@type":"BreadcrumbList","@id":"https:\/\/rotobed.com\/fr\/rotobed-temoignages\/#breadcrumb","itemListElement":[{"@type":"ListItem","position":1,"name":"Hjem","item":"https:\/\/rotobed.com\/fr\/"},{"@type":"ListItem","position":2,"name":"Cases RotoBed\u00aeFR"}]}]}},"_links":{"self":[{"href":"https:\/\/rotobed.com\/fr\/wp-json\/wp\/v2\/pages\/1128"}],"collection":[{"href":"https:\/\/rotobed.com\/fr\/wp-json\/wp\/v2\/pages"}],"about":[{"href":"https:\/\/rotobed.com\/fr\/wp-json\/wp\/v2\/types\/page"}],"author":[{"embeddable":true,"href":"https:\/\/rotobed.com\/fr\/wp-json\/wp\/v2\/users\/2"}],"replies":[{"embeddable":true,"href":"https:\/\/rotobed.com\/fr\/wp-json\/wp\/v2\/comments?post=1128"}],"version-history":[{"count":23,"href":"https:\/\/rotobed.com\/fr\/wp-json\/wp\/v2\/pages\/1128\/revisions"}],"predecessor-version":[{"id":7613,"href":"https:\/\/rotobed.com\/fr\/wp-json\/wp\/v2\/pages\/1128\/revisions\/7613"}],"wp:attachment":[{"href":"https:\/\/rotobed.com\/fr\/wp-json\/wp\/v2\/media?parent=1128"}],"curies":[{"name":"wp","href":"https:\/\/api.w.org\/{rel}","templated":true}]}}