{"id":5788,"date":"2020-03-24T08:47:28","date_gmt":"2020-03-24T08:47:28","guid":{"rendered":"https:\/\/rotobed.com\/fr\/?page_id=5788"},"modified":"2020-11-24T13:07:46","modified_gmt":"2020-11-24T13:07:46","slug":"personnalisation","status":"publish","type":"page","link":"https:\/\/rotobed.com\/fr\/personnalisation\/","title":{"rendered":"Personnalisation de RotoBed\u00aeHome"},"content":{"rendered":"<div style='height:50px' class='hr hr-invisible  '><span class='hr-inner ' ><span class='hr-inner-style'><\/span><\/span><\/div>\n<section class=\"av_textblock_section \"  itemscope=\"itemscope\" itemtype=\"https:\/\/schema.org\/CreativeWork\" ><div class='avia_textblock  '   itemprop=\"text\" ><h1 style=\"text-align: center;\"><strong><span style=\"color: #003366;\">Personnalisation <span style=\"color: #999999;\">de <span style=\"color: #000000;\">votre<\/span><\/span><\/span>\u00a0<span style=\"color: #008000;\">RotoBed<\/span><span style=\"color: #ff9900;\">\u00ae<span style=\"color: #800000;\">Home<\/span><\/span><\/strong><\/h1>\n<\/div><\/section>\n<div class=\"flex_column av_one_fourth  flex_column_div av-zero-column-padding first  \" style='border-radius:0px; '><\/div>\n<div class=\"flex_column av_one_half  flex_column_div av-zero-column-padding   \" style='border-radius:0px; '><section class=\"av_textblock_section \"  itemscope=\"itemscope\" itemtype=\"https:\/\/schema.org\/CreativeWork\" ><div class='avia_textblock  '   itemprop=\"text\" ><h3 style=\"text-align: left;\">Souhaitez-vous une de ces couleurs pour votre lit? Dans notre boutique en ligne, vous pouvez personnaliser\u00a0 votre RotoBed\u00aeHome en fonction de vos besoins et de vos souhaits. Vous trouverez ci-dessous des explications sur les diff\u00e9rentes possibilit\u00e9s qui s\u2019offrent \u00e0 vous.<\/h3>\n<\/div><\/section><\/div>\n<div class=\"flex_column av_one_fourth  flex_column_div av-zero-column-padding   \" style='border-radius:0px; '><\/div>\n<div  class='hr hr-default  '><span class='hr-inner ' ><span class='hr-inner-style'><\/span><\/span><\/div>\n<\/div><\/div><\/div><!-- close content main div --><\/div><\/div><div id='av-layout-grid-1' class='av-layout-grid-container entry-content-wrapper main_color av-flex-cells    container_wrap fullsize'   >\n<div class=\"flex_cell no_margin av_one_fifth   \" style='vertical-align:top; padding:30px; '><div class='flex_cell_inner' ><p><div class='avia-image-container  av-styling-    avia-align-center '  itemprop=\"ImageObject\" itemscope=\"itemscope\" itemtype=\"https:\/\/schema.org\/ImageObject\"  ><div class='avia-image-container-inner'><img class='avia_image ' src='https:\/\/rotobed.com\/fr\/wp-content\/uploads\/2019\/10\/lav-lav-300x225.jpg' alt='rotobed lit rotatif' title='RotoBed\u00aeHome low-low'   itemprop=\"thumbnailUrl\"  \/><\/div><\/div><br \/>\n<section class=\"av_textblock_section \"  itemscope=\"itemscope\" itemtype=\"https:\/\/schema.org\/CreativeWork\" ><div class='avia_textblock  '   itemprop=\"text\" ><p style=\"text-align: center;\"><strong>Low-Low<\/strong><\/p>\n<\/div><\/section><\/p>\n<\/div><\/div><div class=\"flex_cell no_margin av_one_fifth   \" style='vertical-align:top; padding:30px; '><div class='flex_cell_inner' ><p><div class='avia-image-container  av-styling-    avia-align-center '  itemprop=\"ImageObject\" itemscope=\"itemscope\" itemtype=\"https:\/\/schema.org\/ImageObject\"  ><div class='avia-image-container-inner'><img class='avia_image ' src='https:\/\/rotobed.com\/fr\/wp-content\/uploads\/2019\/09\/lav-hoj-300x225.jpg' alt='RotoBed\u00aeHome rotobed lit rotatif' title='RotoBed\u00aeHome low\/high'   itemprop=\"thumbnailUrl\"  \/><\/div><\/div><br \/>\n<section class=\"av_textblock_section \"  itemscope=\"itemscope\" itemtype=\"https:\/\/schema.org\/CreativeWork\" ><div class='avia_textblock  '   itemprop=\"text\" ><p style=\"text-align: center;\"><strong>Low-High<\/strong><\/p>\n<\/div><\/section><\/p>\n<\/div><\/div><div class=\"flex_cell no_margin av_one_fifth   \" style='vertical-align:top; padding:30px; '><div class='flex_cell_inner' ><p><div class='avia-image-container  av-styling-    avia-align-center '  itemprop=\"ImageObject\" itemscope=\"itemscope\" itemtype=\"https:\/\/schema.org\/ImageObject\"  ><div class='avia-image-container-inner'><img class='avia_image ' src='https:\/\/rotobed.com\/fr\/wp-content\/uploads\/2019\/09\/hoj-hoj-300x225.jpg' alt='RotoBed\u00aeHome rotobed lit rotatif' title='RotoBed\u00aeHome high\/high'   itemprop=\"thumbnailUrl\"  \/><\/div><\/div><br \/>\n<section class=\"av_textblock_section \"  itemscope=\"itemscope\" itemtype=\"https:\/\/schema.org\/CreativeWork\" ><div class='avia_textblock  '   itemprop=\"text\" ><p style=\"text-align: center;\"><strong>High-High<\/strong><\/p>\n<\/div><\/section><\/p>\n<\/div><\/div><div class=\"flex_cell no_margin av_two_fifth   \" style='vertical-align:top; padding:30px; '><div class='flex_cell_inner' ><section class=\"av_textblock_section \"  itemscope=\"itemscope\" itemtype=\"https:\/\/schema.org\/CreativeWork\" ><div class='avia_textblock  '   itemprop=\"text\" ><h3><strong>Choix du mod\u00e8le<\/strong><\/h3>\n<p>Vous devez d&#8217;abord d\u00e9cider de l&#8217;apparence g\u00e9n\u00e9rale de votre lit: Le <a href=\"https:\/\/rotobed.com\/fr\/product\/rotobed-low-low\/\"><strong>RotoBed\u00aeHome Low-Low<\/strong><\/a>, a une t\u00eate de lit basse et un pied de lit bas recouvert de textile. Le <a href=\"https:\/\/rotobed.com\/fr\/product\/rotobed-low-high\/\"><strong>RotoBed\u00aeHome Low-High<\/strong><\/a>, a un pied de lit bas recouvert de textile et une t\u00eate de lit en placage de ch\u00eane avec du textile \u00e0 l&#8217;ext\u00e9rieur. Le <a href=\"https:\/\/rotobed.com\/fr\/product\/rotobed-high-high\/\"><strong>RotoBed\u00aeHome High-High<\/strong><\/a>, a un pied de lit haut et une t\u00eate de lit haute, tous deux en placage de ch\u00eane avec du textile \u00e0 l&#8217;ext\u00e9rieur.<\/p>\n<\/div><\/section>\n<\/div><\/div><\/div><div style='height:40px' class='hr hr-invisible  '><span class='hr-inner ' ><span class='hr-inner-style'><\/span><\/span><\/div><\/p>\n<div class=\"flex_column av_one_half  flex_column_div av-zero-column-padding first  \" style='border-radius:0px; '><p><div style='height:20px' class='hr hr-invisible  '><span class='hr-inner ' ><span class='hr-inner-style'><\/span><\/span><\/div><br \/>\n<section class=\"av_textblock_section \"  itemscope=\"itemscope\" itemtype=\"https:\/\/schema.org\/CreativeWork\" ><div class='avia_textblock  '   itemprop=\"text\" ><p><a href=\"https:\/\/rotobed.com\/fr\/wp-content\/uploads\/2020\/05\/4-1-450x116-1.png\"><img decoding=\"async\" loading=\"lazy\" class=\"alignnone size-medium wp-image-7167\" src=\"https:\/\/rotobed.com\/fr\/wp-content\/uploads\/2020\/05\/4-1-450x116-1-300x129.png\" alt=\"\" width=\"300\" height=\"129\" srcset=\"https:\/\/rotobed.com\/fr\/wp-content\/uploads\/2020\/05\/4-1-450x116-1-300x129.png 300w, https:\/\/rotobed.com\/fr\/wp-content\/uploads\/2020\/05\/4-1-450x116-1.png 425w\" sizes=\"(max-width: 300px) 100vw, 300px\" \/><\/a><\/p>\n<\/div><\/section><\/p><\/div>\n<div class=\"flex_column av_one_half  flex_column_div av-zero-column-padding   \" style='border-radius:0px; '><section class=\"av_textblock_section \"  itemscope=\"itemscope\" itemtype=\"https:\/\/schema.org\/CreativeWork\" ><div class='avia_textblock  '   itemprop=\"text\" ><h3><strong>Trouver la bonne hauteur de sortie<\/strong><\/h3>\n<p>RotoBed\u00aeHome convient aux utilisateurs grands et petits. Afin de vous garantir la\u00a0 meilleure hauteur de sortie, nous personnalisons votre lit en fonction de votre taille. Pour ce faire, il vous suffit de mesurer la longueur de votre jambe, du pied plat jusqu\u2019au creux du genou. Ainsi nous vous offrons quatre hauteurs de sorties qui vous conviendront parfaitement. \u00a0Il est possible de modifier la hauteur de sortie par la suite en d\u00e9pla\u00e7ant quelques vis. Le lit est \u00e9galement \u00e9quip\u00e9 de vis de r\u00e9glage pour un r\u00e9glage personnalis\u00e9 de la hauteur de sortie.<\/p>\n<\/div><\/section><\/div>\n<div  class='hr hr-default  '><span class='hr-inner ' ><span class='hr-inner-style'><\/span><\/span><\/div>\n<div class=\"flex_column av_one_half  flex_column_div av-zero-column-padding first  \" style='border-radius:0px; '><p><div style='height:40px' class='hr hr-invisible  '><span class='hr-inner ' ><span class='hr-inner-style'><\/span><\/span><\/div><br \/>\n<section class=\"av_textblock_section \"  itemscope=\"itemscope\" itemtype=\"https:\/\/schema.org\/CreativeWork\" ><div class='avia_textblock  '   itemprop=\"text\" ><p><a href=\"https:\/\/rotobed.com\/fr\/wp-content\/uploads\/2020\/04\/2222.png\"><img decoding=\"async\" loading=\"lazy\" class=\"alignnone size-medium wp-image-6751\" src=\"https:\/\/rotobed.com\/fr\/wp-content\/uploads\/2020\/04\/2222-300x105.png\" alt=\"\" width=\"300\" height=\"105\" srcset=\"https:\/\/rotobed.com\/fr\/wp-content\/uploads\/2020\/04\/2222-300x105.png 300w, https:\/\/rotobed.com\/fr\/wp-content\/uploads\/2020\/04\/2222.png 373w\" sizes=\"(max-width: 300px) 100vw, 300px\" \/><\/a><\/p>\n<\/div><\/section><\/p><\/div>\n<div class=\"flex_column av_one_half  flex_column_div av-zero-column-padding   \" style='border-radius:0px; '><section class=\"av_textblock_section \"  itemscope=\"itemscope\" itemtype=\"https:\/\/schema.org\/CreativeWork\" ><div class='avia_textblock  '   itemprop=\"text\" ><h3><strong>Choisissez votre matelas<\/strong><\/h3>\n<p>RotoBed\u00aeHome peut \u00eatre livr\u00e9 avec diff\u00e9rents types de matelas. Le matelas standard fourni avec votre lit, est le RotoBed\u00aeSafeSleep, recommand\u00e9 pour des poids compris entre 60 et 140 kg.\u00a0RotoBed\u00aeErgoSleep est un Matelas de qualit\u00e9 \u00e0 2 couches pour une utilisation polyvalente ainsi que pour la pr\u00e9vention et le traitement des escarres au stade 1 \u00e0 2. D\u2019autres matelas sont \u00e9galement \u00e0 votre disposition. Decouvrez toutes les nuances et sp\u00e9cificit\u00e9s de chaque matelas en cliquant <a href=\"https:\/\/rotobed.com\/fr\/rotobed-accessoires\/\">ici.<\/a><\/p>\n<\/div><\/section><\/div>\n<div  class='hr hr-default  '><span class='hr-inner ' ><span class='hr-inner-style'><\/span><\/span><\/div>\n<div class=\"flex_column av_one_half  flex_column_div av-zero-column-padding first  \" style='border-radius:0px; '><p><div style='height:40px' class='hr hr-invisible  '><span class='hr-inner ' ><span class='hr-inner-style'><\/span><\/span><\/div><br \/>\n<section class=\"av_textblock_section \"  itemscope=\"itemscope\" itemtype=\"https:\/\/schema.org\/CreativeWork\" ><div class='avia_textblock  '   itemprop=\"text\" ><p><a href=\"https:\/\/rotobed.com\/fr\/wp-content\/uploads\/2020\/04\/2.png\"><img decoding=\"async\" loading=\"lazy\" class=\"alignnone size-medium wp-image-6796\" src=\"https:\/\/rotobed.com\/fr\/wp-content\/uploads\/2020\/04\/2-300x83.png\" alt=\"\" width=\"300\" height=\"83\" srcset=\"https:\/\/rotobed.com\/fr\/wp-content\/uploads\/2020\/04\/2-300x83.png 300w, https:\/\/rotobed.com\/fr\/wp-content\/uploads\/2020\/04\/2.png 332w\" sizes=\"(max-width: 300px) 100vw, 300px\" \/><\/a><\/p>\n<\/div><\/section><\/p><\/div>\n<div class=\"flex_column av_one_half  flex_column_div av-zero-column-padding   \" style='border-radius:0px; '><section class=\"av_textblock_section \"  itemscope=\"itemscope\" itemtype=\"https:\/\/schema.org\/CreativeWork\" ><div class='avia_textblock  '   itemprop=\"text\" ><h3><strong>Choisissez les barri\u00e8res de lit<\/strong><\/h3>\n<p>Pour encore plus de s\u00e9curit\u00e9 et de confort, \u00a02 mod\u00e8les de barri\u00e8res de tailles variables, sont \u00e0 votre disposition : Les plus petites barri\u00e8res lat\u00e9rales, qui sont plac\u00e9es pr\u00e8s du dossier, au niveau des \u00e9paules, pour offrir protection et soutien lors des transferts. Les barri\u00e8res lat\u00e9rales centrales offrent un bon soutien lors de l&#8217;entr\u00e9e et de la sortie du lit. Les deux tailles sont disponibles en m\u00e9tal ou en placage de ch\u00eane pour un aspect plus esth\u00e9tique.<\/p>\n<\/div><\/section><\/div>\n<div  class='hr hr-default  '><span class='hr-inner ' ><span class='hr-inner-style'><\/span><\/span><\/div>\n<div class=\"flex_column av_one_half  flex_column_div av-zero-column-padding first  \" style='border-radius:0px; '><section class=\"av_textblock_section \"  itemscope=\"itemscope\" itemtype=\"https:\/\/schema.org\/CreativeWork\" ><div class='avia_textblock  '   itemprop=\"text\" ><p><a href=\"https:\/\/rotobed.com\/fr\/wp-content\/uploads\/2020\/04\/coler.png\"><img decoding=\"async\" loading=\"lazy\" class=\"alignnone size-medium wp-image-6745\" src=\"https:\/\/rotobed.com\/fr\/wp-content\/uploads\/2020\/04\/coler-300x139.png\" alt=\"\" width=\"300\" height=\"139\" srcset=\"https:\/\/rotobed.com\/fr\/wp-content\/uploads\/2020\/04\/coler-300x139.png 300w, https:\/\/rotobed.com\/fr\/wp-content\/uploads\/2020\/04\/coler-450x209.png 450w, https:\/\/rotobed.com\/fr\/wp-content\/uploads\/2020\/04\/coler.png 493w\" sizes=\"(max-width: 300px) 100vw, 300px\" \/><\/a><\/p>\n<\/div><\/section><\/div>\n<div class=\"flex_column av_one_half  flex_column_div av-zero-column-padding   \" style='border-radius:0px; '><section class=\"av_textblock_section \"  itemscope=\"itemscope\" itemtype=\"https:\/\/schema.org\/CreativeWork\" ><div class='avia_textblock  '   itemprop=\"text\" ><h3>Choisissez la couleur et les textiles<\/h3>\n<h3>pour une personnalisation optimale<\/h3>\n<p>Selon le mod\u00e8le, la t\u00eate de lit et le pied de lit seront recouverts de textile ou cuir. Pour une personnalisation optimale, vous pouvez choisir entre diff\u00e9rents types de mat\u00e9riaux et de couleurs. Le textile standard est un tissu de qualit\u00e9 de Kvadrat en gris anthracite, compos\u00e9 de 51% de polyester recycl\u00e9. Il est possible de choisir d&#8217;autres couleurs, le cuir noir ou le magnifique textile \u00abStripes\u00bb en pure laine con\u00e7u par Paul Smith.<\/p>\n<h3><\/h3>\n<\/div><\/section><\/div>\n<div  class='hr hr-default  '><span class='hr-inner ' ><span class='hr-inner-style'><\/span><\/span><\/div>\n","protected":false},"excerpt":{"rendered":"","protected":false},"author":2,"featured_media":0,"parent":0,"menu_order":0,"comment_status":"closed","ping_status":"closed","template":"","meta":[],"yoast_head":"<!-- This site is optimized with the Yoast SEO plugin v16.9 - https:\/\/yoast.com\/wordpress\/plugins\/seo\/ -->\n<title>Personnalisation de RotoBed\u00aeHome lit rotatif lit de soin<\/title>\n<meta name=\"description\" content=\"Personnalisation de votre lit peut se faire en choisissant votre hauteur de sortie, la couleur et la taille des t\u00eates de lit et plus encore.\" \/>\n<meta name=\"robots\" content=\"index, follow, max-snippet:-1, max-image-preview:large, max-video-preview:-1\" \/>\n<link rel=\"canonical\" href=\"https:\/\/rotobed.com\/fr\/personnalisation\/\" \/>\n<meta property=\"og:locale\" content=\"en_GB\" \/>\n<meta property=\"og:type\" content=\"article\" \/>\n<meta property=\"og:title\" content=\"Personnalisation de RotoBed\u00aeHome lit rotatif lit de soin\" \/>\n<meta property=\"og:description\" content=\"Personnalisation de votre lit peut se faire en choisissant votre hauteur de sortie, la couleur et la taille des t\u00eates de lit et plus encore.\" \/>\n<meta property=\"og:url\" content=\"https:\/\/rotobed.com\/fr\/personnalisation\/\" \/>\n<meta property=\"og:site_name\" content=\"RotoBed\" \/>\n<meta property=\"article:modified_time\" content=\"2020-11-24T13:07:46+00:00\" \/>\n<meta property=\"og:image\" content=\"https:\/\/rotobed.com\/fr\/wp-content\/uploads\/2020\/05\/4-1-450x116-1-300x129.png\" \/>\n<meta name=\"twitter:card\" content=\"summary\" \/>\n<meta name=\"twitter:label1\" content=\"Estimated reading time\" \/>\n\t<meta name=\"twitter:data1\" content=\"11 minutes\" \/>\n<script type=\"application\/ld+json\" class=\"yoast-schema-graph\">{\"@context\":\"https:\/\/schema.org\",\"@graph\":[{\"@type\":\"WebSite\",\"@id\":\"https:\/\/rotobed.com\/fr\/#website\",\"url\":\"https:\/\/rotobed.com\/fr\/\",\"name\":\"RotoBed\",\"description\":\"Rotate life better\",\"potentialAction\":[{\"@type\":\"SearchAction\",\"target\":{\"@type\":\"EntryPoint\",\"urlTemplate\":\"https:\/\/rotobed.com\/fr\/?s={search_term_string}\"},\"query-input\":\"required name=search_term_string\"}],\"inLanguage\":\"en-GB\"},{\"@type\":\"ImageObject\",\"@id\":\"https:\/\/rotobed.com\/fr\/personnalisation\/#primaryimage\",\"inLanguage\":\"en-GB\",\"url\":\"https:\/\/rotobed.com\/fr\/wp-content\/uploads\/2020\/05\/4-1-450x116-1.png\",\"contentUrl\":\"https:\/\/rotobed.com\/fr\/wp-content\/uploads\/2020\/05\/4-1-450x116-1.png\",\"width\":425,\"height\":183},{\"@type\":\"WebPage\",\"@id\":\"https:\/\/rotobed.com\/fr\/personnalisation\/#webpage\",\"url\":\"https:\/\/rotobed.com\/fr\/personnalisation\/\",\"name\":\"Personnalisation de RotoBed\\u00aeHome lit rotatif lit de soin\",\"isPartOf\":{\"@id\":\"https:\/\/rotobed.com\/fr\/#website\"},\"primaryImageOfPage\":{\"@id\":\"https:\/\/rotobed.com\/fr\/personnalisation\/#primaryimage\"},\"datePublished\":\"2020-03-24T08:47:28+00:00\",\"dateModified\":\"2020-11-24T13:07:46+00:00\",\"description\":\"Personnalisation de votre lit peut se faire en choisissant votre hauteur de sortie, la couleur et la taille des t\\u00eates de lit et plus encore.\",\"breadcrumb\":{\"@id\":\"https:\/\/rotobed.com\/fr\/personnalisation\/#breadcrumb\"},\"inLanguage\":\"en-GB\",\"potentialAction\":[{\"@type\":\"ReadAction\",\"target\":[\"https:\/\/rotobed.com\/fr\/personnalisation\/\"]}]},{\"@type\":\"BreadcrumbList\",\"@id\":\"https:\/\/rotobed.com\/fr\/personnalisation\/#breadcrumb\",\"itemListElement\":[{\"@type\":\"ListItem\",\"position\":1,\"name\":\"Hjem\",\"item\":\"https:\/\/rotobed.com\/fr\/\"},{\"@type\":\"ListItem\",\"position\":2,\"name\":\"Personnalisation de RotoBed\\u00aeHome\"}]}]}<\/script>\n<!-- \/ Yoast SEO plugin. -->","yoast_head_json":{"title":"Personnalisation de RotoBed\u00aeHome lit rotatif lit de soin","description":"Personnalisation de votre lit peut se faire en choisissant votre hauteur de sortie, la couleur et la taille des t\u00eates de lit et plus encore.","robots":{"index":"index","follow":"follow","max-snippet":"max-snippet:-1","max-image-preview":"max-image-preview:large","max-video-preview":"max-video-preview:-1"},"canonical":"https:\/\/rotobed.com\/fr\/personnalisation\/","og_locale":"en_GB","og_type":"article","og_title":"Personnalisation de RotoBed\u00aeHome lit rotatif lit de soin","og_description":"Personnalisation de votre lit peut se faire en choisissant votre hauteur de sortie, la couleur et la taille des t\u00eates de lit et plus encore.","og_url":"https:\/\/rotobed.com\/fr\/personnalisation\/","og_site_name":"RotoBed","article_modified_time":"2020-11-24T13:07:46+00:00","og_image":[{"url":"https:\/\/rotobed.com\/fr\/wp-content\/uploads\/2020\/05\/4-1-450x116-1-300x129.png"}],"twitter_card":"summary","twitter_misc":{"Estimated reading time":"11 minutes"},"schema":{"@context":"https:\/\/schema.org","@graph":[{"@type":"WebSite","@id":"https:\/\/rotobed.com\/fr\/#website","url":"https:\/\/rotobed.com\/fr\/","name":"RotoBed","description":"Rotate life better","potentialAction":[{"@type":"SearchAction","target":{"@type":"EntryPoint","urlTemplate":"https:\/\/rotobed.com\/fr\/?s={search_term_string}"},"query-input":"required name=search_term_string"}],"inLanguage":"en-GB"},{"@type":"ImageObject","@id":"https:\/\/rotobed.com\/fr\/personnalisation\/#primaryimage","inLanguage":"en-GB","url":"https:\/\/rotobed.com\/fr\/wp-content\/uploads\/2020\/05\/4-1-450x116-1.png","contentUrl":"https:\/\/rotobed.com\/fr\/wp-content\/uploads\/2020\/05\/4-1-450x116-1.png","width":425,"height":183},{"@type":"WebPage","@id":"https:\/\/rotobed.com\/fr\/personnalisation\/#webpage","url":"https:\/\/rotobed.com\/fr\/personnalisation\/","name":"Personnalisation de RotoBed\u00aeHome lit rotatif lit de soin","isPartOf":{"@id":"https:\/\/rotobed.com\/fr\/#website"},"primaryImageOfPage":{"@id":"https:\/\/rotobed.com\/fr\/personnalisation\/#primaryimage"},"datePublished":"2020-03-24T08:47:28+00:00","dateModified":"2020-11-24T13:07:46+00:00","description":"Personnalisation de votre lit peut se faire en choisissant votre hauteur de sortie, la couleur et la taille des t\u00eates de lit et plus encore.","breadcrumb":{"@id":"https:\/\/rotobed.com\/fr\/personnalisation\/#breadcrumb"},"inLanguage":"en-GB","potentialAction":[{"@type":"ReadAction","target":["https:\/\/rotobed.com\/fr\/personnalisation\/"]}]},{"@type":"BreadcrumbList","@id":"https:\/\/rotobed.com\/fr\/personnalisation\/#breadcrumb","itemListElement":[{"@type":"ListItem","position":1,"name":"Hjem","item":"https:\/\/rotobed.com\/fr\/"},{"@type":"ListItem","position":2,"name":"Personnalisation de RotoBed\u00aeHome"}]}]}},"_links":{"self":[{"href":"https:\/\/rotobed.com\/fr\/wp-json\/wp\/v2\/pages\/5788"}],"collection":[{"href":"https:\/\/rotobed.com\/fr\/wp-json\/wp\/v2\/pages"}],"about":[{"href":"https:\/\/rotobed.com\/fr\/wp-json\/wp\/v2\/types\/page"}],"author":[{"embeddable":true,"href":"https:\/\/rotobed.com\/fr\/wp-json\/wp\/v2\/users\/2"}],"replies":[{"embeddable":true,"href":"https:\/\/rotobed.com\/fr\/wp-json\/wp\/v2\/comments?post=5788"}],"version-history":[{"count":83,"href":"https:\/\/rotobed.com\/fr\/wp-json\/wp\/v2\/pages\/5788\/revisions"}],"predecessor-version":[{"id":7376,"href":"https:\/\/rotobed.com\/fr\/wp-json\/wp\/v2\/pages\/5788\/revisions\/7376"}],"wp:attachment":[{"href":"https:\/\/rotobed.com\/fr\/wp-json\/wp\/v2\/media?parent=5788"}],"curies":[{"name":"wp","href":"https:\/\/api.w.org\/{rel}","templated":true}]}}