{"id":5963,"date":"2020-03-23T12:16:38","date_gmt":"2020-03-23T12:16:38","guid":{"rendered":"https:\/\/rotobed.com\/fr\/?page_id=5963"},"modified":"2020-11-18T09:29:22","modified_gmt":"2020-11-18T09:29:22","slug":"rotobedhome-lit-avec-rotation","status":"publish","type":"page","link":"https:\/\/rotobed.com\/fr\/rotobedhome-lit-avec-rotation\/","title":{"rendered":"RotoBed\u00aeHome FR"},"content":{"rendered":"<div id='fullscreen_slider_1' class='avia-fullscreen-slider main_color   container_wrap fullsize'   ><div  data-size='no scaling'  data-lightbox_size='large'  data-animation='slide'  data-ids='7290'  data-video_counter='0'  data-autoplay='true'  data-bg_slider='true'  data-slide_height='100'  data-handle='av_fullscreen'  data-interval='10'  data-class=' '  data-css_id='fullscreen_slider_1'  data-scroll_down=''  data-control_layout='av-control-default'  data-custom_markup=''  data-perma_caption=''  data-autoplay_stopper='1'  data-image_attachment=''  data-min_height='0px'  data-stretch=''  class='avia-slideshow avia-slideshow-1  av-control-default av-default-height-applied avia-slideshow-no scaling av_fullscreen   avia-slide-slider '  itemprop=\"ImageObject\" itemscope=\"itemscope\" itemtype=\"https:\/\/schema.org\/ImageObject\" ><ul class='avia-slideshow-inner' style='padding-bottom: 80.435693338919%;'><li style='background-position:center center;' data-img-url='https:\/\/rotobed.com\/fr\/wp-content\/uploads\/2020\/08\/A3-81052-Milj\u00f8-scaled-e1598869844259.jpg' class=' av-single-slide slide-1 ' ><div data-rel='slideshow-1' class='avia-slide-wrap'  ><div class = \"caption_fullwidth av-slideshow-caption caption_left\"><div class = \"container caption_container\"><div class = \"slideshow_caption\"><div class = \"slideshow_inner_caption\"><div class = \"slideshow_align_caption\"><a href='https:\/\/rotobed.com\/fr\/produits\/'  class='avia-slideshow-button avia-button avia-color-theme-color ' data-duration='800' data-easing='easeInOutQuad'>Achetez RotoBed\u00aeHome ici<\/a><\/div><\/div><\/div><\/div><\/div><\/div><\/li><\/ul><\/div><\/div>\n<div style='height:40px' class='hr hr-invisible  '><span class='hr-inner ' ><span class='hr-inner-style'><\/span><\/span><\/div>\n<div class=\"flex_column av_four_fifth  flex_column_div av-zero-column-padding first  \" style='border-radius:0px; '><div style='text-align:center; font-size:56px; ' class='av-rotator-container av-rotation-container-center   av-fixed-rotator-width' data-interval='5' data-animation='-1' data-fixWidth='1'><h3 class='av-rotator-container-inner '>RotoBed\u00aeHome lit avec rotation<span class='av-rotator-text av-rotator-multiline-on '>\n<span  class='av-rotator-text-single av-rotator-text-single-1'> - vous aidera tous les jours<\/span>\n<span  class='av-rotator-text-single av-rotator-text-single-2'>Innovant<\/span>\n<span  class='av-rotator-text-single av-rotator-text-single-3'>Harmonieux<\/span>\n<\/span><\/h3><\/div><\/div>\n<div class=\"flex_column av_one_fifth  flex_column_div av-zero-column-padding   \" style='border-radius:0px; '><div class='avia-image-container  av-styling-    avia-align-center '  itemprop=\"ImageObject\" itemscope=\"itemscope\" itemtype=\"https:\/\/schema.org\/ImageObject\"  ><div class='avia-image-container-inner'><img class='avia_image ' src='https:\/\/rotobed.com\/fr\/wp-content\/uploads\/2020\/08\/create_all_winner_seal-300x267.png' alt='' title='European Product Design Award for RotoBed'   itemprop=\"thumbnailUrl\"  \/><\/div><\/div><\/div>\n<div class=\"flex_column av_one_half  flex_column_div av-zero-column-padding first  \" style='border-radius:0px; '><section class=\"av_textblock_section \"  itemscope=\"itemscope\" itemtype=\"https:\/\/schema.org\/CreativeWork\" ><div class='avia_textblock  '   itemprop=\"text\" ><h3>RotoBed\u00aeHome est un lit rotatif innovant avec un grand nombre de caract\u00e9ristiques de haute technologie. Vous pouvez personnaliser sur votre lit en choisissant des couleurs et des t\u00eates de lit. Concevez votre RotoBed\u00aeHome<span style=\"color: #993300;\"><a style=\"color: #993300;\" href=\"https:\/\/rotobed.com\/fr\/produits\/\"><strong> ici.<\/strong><\/a><\/span><\/h3>\n<p>RotoBed\u00aeHome vous offre plus de libert\u00e9 et une meilleure qualit\u00e9 de vie:<\/p>\n<ul>\n<li>Avec le lit rotatif RotoBed\u00aeHome, les personnes ayant des difficult\u00e9s \u00e0 entrer ou sortir de leur lit peuvent d\u00e9sormais le faire sans effort physique.<\/li>\n<li>Le lit s\u2019\u00e9l\u00e8ve en position assise et effectue les rotations gr\u00e2ce \u00e0 une simple pression sur la t\u00e9l\u00e9commande. Cela prend moins d&#8217;une minute.<\/li>\n<li>Cela facilite \u00e0 la fois la sortie et les transferts vers un fauteuil roulant ou une aide \u00e0 la marche.<\/li>\n<li>Outre la rotation enti\u00e8rement automatis\u00e9e, l\u2019inclinaison du dossier ainsi que celle des jambes sont r\u00e9glables gr\u00e2ce \u00e0 la t\u00e9l\u00e9commande, dont l\u2019utilisation est facile et intuitive.<\/li>\n<li>Le m\u00e9canisme de rotation est \u00e0 la fois silencieux et tr\u00e8s confortable pour l\u2019utilisateur.<\/li>\n<li>Le bo\u00eetier de commande est simple et facile \u00e0 actionner.<\/li>\n<li>Il est possible de m\u00e9moriser votre inclinaison arri\u00e8re pr\u00e9f\u00e9r\u00e9e et si la sortie doix \u00eatre oblique ou perpendiculaire.<\/li>\n<\/ul>\n<\/div><\/section><\/div>\n<div class=\"flex_column av_one_half  flex_column_div av-zero-column-padding   \" style='border-radius:0px; '><p><div class='avia-gallery  avia-gallery-1 avia_lazyload avia_animate_when_visible '  itemprop=\"ImageObject\" itemscope=\"itemscope\" itemtype=\"https:\/\/schema.org\/ImageObject\" ><div class='avia-gallery-thumb'> <a href='https:\/\/rotobed.com\/fr\/wp-content\/uploads\/2019\/12\/A3-81053.Milj\u00f8-1030x773.jpg' data-rel='gallery-1' data-prev-img='https:\/\/rotobed.com\/fr\/wp-content\/uploads\/2019\/12\/A3-81053.Milj\u00f8-495x400.jpg' class='first_thumb lightbox ' data-onclick='1' title='RotoBed\u00aeHome High\/High'  itemprop=\"thumbnailUrl\" ><img data-avia-tooltip='RotoBed\u00aeHome High\/High' src='https:\/\/rotobed.com\/fr\/wp-content\/uploads\/2019\/12\/A3-81053.Milj\u00f8-495x400.jpg' width='495' height='400'  title='RotoBed\u00aeHome High\/High' alt='rotobed lit avec rotation' \/><\/a> <a href='https:\/\/rotobed.com\/fr\/wp-content\/uploads\/2020\/01\/RotoBed-Home-low-low-r\u00f8d.jpg' data-rel='gallery-1' data-prev-img='https:\/\/rotobed.com\/fr\/wp-content\/uploads\/2020\/01\/RotoBed-Home-low-low-r\u00f8d-495x400.jpg' class='lightbox ' data-onclick='2' title='RotoBed\u00aeHome Low\/Low'  itemprop=\"thumbnailUrl\" ><img data-avia-tooltip='RotoBed\u00aeHome Low\/Low' src='https:\/\/rotobed.com\/fr\/wp-content\/uploads\/2020\/01\/RotoBed-Home-low-low-r\u00f8d-495x400.jpg' width='495' height='400'  title='RotoBed\u00aeHome Low-Low red' alt='rotating bed care bed roto' \/><\/a> <a href='https:\/\/rotobed.com\/fr\/wp-content\/uploads\/2020\/11\/Home-Spotlight--1030x773.jpg' data-rel='gallery-1' data-prev-img='https:\/\/rotobed.com\/fr\/wp-content\/uploads\/2020\/11\/Home-Spotlight--495x400.jpg' class='lightbox ' data-onclick='3' title='RotoBed\u00aeHome High\/Low'  itemprop=\"thumbnailUrl\" ><img data-avia-tooltip='RotoBed\u00aeHome High\/Low' src='https:\/\/rotobed.com\/fr\/wp-content\/uploads\/2020\/11\/Home-Spotlight--495x400.jpg' width='495' height='400'  title='RotoBed\u00aeHome High\/Low' alt='Lit avec rotation RotoBed\u00aeHome' \/><\/a> <a href='https:\/\/rotobed.com\/fr\/wp-content\/uploads\/2019\/12\/RemoteControl-Wireless-1030x1030.jpg' data-rel='gallery-1' data-prev-img='https:\/\/rotobed.com\/fr\/wp-content\/uploads\/2019\/12\/RemoteControl-Wireless-495x400.jpg' class='lightbox ' data-onclick='4' title='RotoBed\u00aeWireless'  itemprop=\"thumbnailUrl\" ><img data-avia-tooltip='RotoBed\u00aeWireless' src='https:\/\/rotobed.com\/fr\/wp-content\/uploads\/2019\/12\/RemoteControl-Wireless-495x400.jpg' width='495' height='400'  title='RemoteControl Wireless' alt='RotoBed care bed nursing bed remote control' \/><\/a> <a href='https:\/\/rotobed.com\/fr\/wp-content\/uploads\/2019\/12\/UnderbedLight-1030x773.jpg' data-rel='gallery-1' data-prev-img='https:\/\/rotobed.com\/fr\/wp-content\/uploads\/2019\/12\/UnderbedLight-495x400.jpg' class='lightbox ' data-onclick='5' title='RotoBed\u00aeUnderbed Light'  itemprop=\"thumbnailUrl\" ><img data-avia-tooltip='RotoBed\u00aeUnderbed Light' src='https:\/\/rotobed.com\/fr\/wp-content\/uploads\/2019\/12\/UnderbedLight-495x400.jpg' width='495' height='400'  title='RotoBed\u00aeUnderbedLight' alt='rotobed rotating care bed underbed light' \/><\/a><\/div><\/div><br \/>\n<section class=\"av_textblock_section \"  itemscope=\"itemscope\" itemtype=\"https:\/\/schema.org\/CreativeWork\" ><div class='avia_textblock  '   itemprop=\"text\" ><p><iframe loading=\"lazy\" src=\"https:\/\/www.youtube.com\/embed\/0tL0ocWym7U?rel=0\" width=\"560\" height=\"315\" frameborder=\"0\" allowfullscreen=\"allowfullscreen\"><\/iframe><\/p>\n<\/div><\/section><br \/>\n<div class='avia-gallery  avia-gallery-2 avia_lazyload avia_animate_when_visible '  itemprop=\"ImageObject\" itemscope=\"itemscope\" itemtype=\"https:\/\/schema.org\/ImageObject\" ><div class='avia-gallery-thumb'> <a href='https:\/\/rotobed.com\/fr\/wp-content\/uploads\/2020\/03\/Home-i-sandet-1030x687.jpg' data-rel='gallery-2' data-prev-img='https:\/\/rotobed.com\/fr\/wp-content\/uploads\/2020\/03\/Home-i-sandet-495x400.jpg' class='first_thumb lightbox ' data-onclick='1' title='RotoBed\u00ae dans la nature'  itemprop=\"thumbnailUrl\" ><img data-avia-tooltip='RotoBed\u00ae dans la nature' src='https:\/\/rotobed.com\/fr\/wp-content\/uploads\/2020\/03\/Home-i-sandet-495x400.jpg' width='495' height='400'  title='RotoBed\u00ae dans la nature' alt='rotobed lic avec rotation' \/><\/a> <a href='https:\/\/rotobed.com\/fr\/wp-content\/uploads\/2019\/12\/HD-f-458640-c0031-1030x1030.jpg' data-rel='gallery-2' data-prev-img='https:\/\/rotobed.com\/fr\/wp-content\/uploads\/2019\/12\/HD-f-458640-c0031-495x400.jpg' class='lightbox ' data-onclick='2' title='Textile gris pierre pour RotoBed\u00aeHome'  itemprop=\"thumbnailUrl\" ><img data-avia-tooltip='Textile gris pierre pour RotoBed\u00aeHome' src='https:\/\/rotobed.com\/fr\/wp-content\/uploads\/2019\/12\/HD-f-458640-c0031-495x400.jpg' width='495' height='400'  title='RotoBed\u00aeHome Stone Grey' alt='lit avec rotation textile' \/><\/a> <a href='https:\/\/rotobed.com\/fr\/wp-content\/uploads\/2019\/12\/Rotobed-Sidetable-Wooden-parts-HSJD-06.06.19-1030x721.jpg' data-rel='gallery-2' data-prev-img='https:\/\/rotobed.com\/fr\/wp-content\/uploads\/2019\/12\/Rotobed-Sidetable-Wooden-parts-HSJD-06.06.19-495x400.jpg' class='lightbox ' data-onclick='3' title='RotoBed\u00aeBedside Table'  itemprop=\"thumbnailUrl\" ><img data-avia-tooltip='RotoBed\u00aeBedside Table' src='https:\/\/rotobed.com\/fr\/wp-content\/uploads\/2019\/12\/Rotobed-Sidetable-Wooden-parts-HSJD-06.06.19-495x400.jpg' width='495' height='400'  title='RotoBed\u00aeBedside Table' alt='table pour lit avec rotation' \/><\/a> <a href='https:\/\/rotobed.com\/fr\/wp-content\/uploads\/2019\/12\/HD-f-466014-c0012-1030x1030.jpg' data-rel='gallery-2' data-prev-img='https:\/\/rotobed.com\/fr\/wp-content\/uploads\/2019\/12\/HD-f-466014-c0012-495x400.jpg' class='lightbox ' data-onclick='4' title='Textile rouge rubis pour RotoBed\u00aeHome'  itemprop=\"thumbnailUrl\" ><img data-avia-tooltip='Textile rouge rubis pour RotoBed\u00aeHome' src='https:\/\/rotobed.com\/fr\/wp-content\/uploads\/2019\/12\/HD-f-466014-c0012-495x400.jpg' width='495' height='400'  title='RotoBed\u00aeHome Ruby Red' alt='rotobed lit avec rotation' \/><\/a> <a href='https:\/\/rotobed.com\/fr\/wp-content\/uploads\/2019\/12\/LED-Lamp.jpg' data-rel='gallery-2' data-prev-img='https:\/\/rotobed.com\/fr\/wp-content\/uploads\/2019\/12\/LED-Lamp.jpg' class='lightbox ' data-onclick='5' title='Lampe LED pour RotoBed\u00ae'  itemprop=\"thumbnailUrl\" ><img data-avia-tooltip='Lampe LED pour RotoBed\u00ae' src='https:\/\/rotobed.com\/fr\/wp-content\/uploads\/2019\/12\/LED-Lamp.jpg' width='300' height='263'  title='RotoBed\u00aeLED Lamp' alt='lampe pour lit avec rotation' \/><\/a><\/div><\/div><\/p><\/div>\n<div  class='hr hr-default  '><span class='hr-inner ' ><span class='hr-inner-style'><\/span><\/span><\/div>\n<div class=\"flex_column av_one_third  flex_column_div av-zero-column-padding first  \" style='border-radius:0px; '><div class='avia-button-wrap avia-button-center '><a href='https:\/\/rotobed.com\/fr\/contact-fr\/' class='avia-button   avia-icon_select-no avia-color-theme-color avia-size-x-large avia-position-center '   ><span class='avia_iconbox_title' >Voulez-vous en savoir plus sur notre lit avec rotation?<\/span><\/a><\/div><\/div>\n<div class=\"flex_column av_one_third  flex_column_div av-zero-column-padding   \" style='border-radius:0px; '><div class='avia-button-wrap avia-button-center '><a href='https:\/\/rotobed.com\/fr\/personnalisation\/' class='avia-button   avia-icon_select-no avia-color-theme-color avia-size-x-large avia-position-center '   ><span class='avia_iconbox_title' >Conseils pour personnaliser votre RotoBed\u00aeHome<\/span><\/a><\/div><\/div>\n<div class=\"flex_column av_one_third  flex_column_div av-zero-column-padding   \" style='border-radius:0px; '><div class='avia-button-wrap avia-button-center '><a href='https:\/\/rotobed.com\/fr\/rotobed-temoignages\/' class='avia-button   avia-icon_select-no avia-color-theme-color avia-size-x-large avia-position-center '   ><span class='avia_iconbox_title' >Que disent les utilisateurs? Lisez 9 t\u00e9moignages int\u00e9ressants<\/span><\/a><\/div><\/div>\n<div class=\"flex_column av_one_third  flex_column_div av-zero-column-padding first  \" style='border-width:4px; border-color:#a59a93; border-style:solid; border-radius:0px; '><p><div  data-size='no scaling'  data-lightbox_size='large'  data-animation='fade'  data-ids='5422,5430,5429,5424,5425,5428'  data-video_counter='0'  data-autoplay='true'  data-bg_slider='false'  data-slide_height=''  data-handle='av_slideshow'  data-interval='2'  data-class=' '  data-css_id=''  data-scroll_down=''  data-control_layout='av-control-default'  data-custom_markup=''  data-perma_caption=''  data-autoplay_stopper=''  data-image_attachment=''  data-min_height='0px'  class='avia-slideshow avia-slideshow-2  av-control-default av-default-height-applied avia-slideshow-no scaling av_slideshow   avia-fade-slider '  itemprop=\"ImageObject\" itemscope=\"itemscope\" itemtype=\"https:\/\/schema.org\/ImageObject\" ><ul class='avia-slideshow-inner' style='padding-bottom: 73.973774230331%;'><li  class=' slide-1 ' ><div data-rel='slideshow-2' class='avia-slide-wrap'  ><img src='https:\/\/rotobed.com\/fr\/wp-content\/uploads\/2020\/01\/81057.jpg' width='3508' height='2595' title='RotoBed\u00aeHome' alt='rotating bed rotobed care bed'  itemprop=\"thumbnailUrl\"   \/><\/div><\/li><li  class=' slide-2 ' ><div data-rel='slideshow-2' class='avia-slide-wrap'  ><img src='https:\/\/rotobed.com\/fr\/wp-content\/uploads\/2020\/01\/81056.jpg' width='3508' height='2595' title='RotoBed\u00aeHome' alt='RotoBed Home rotative bed'  itemprop=\"thumbnailUrl\"   \/><\/div><\/li><li  class=' slide-3 ' ><div data-rel='slideshow-2' class='avia-slide-wrap'  ><img src='https:\/\/rotobed.com\/fr\/wp-content\/uploads\/2020\/01\/81055.jpg' width='3508' height='2595' title='RotoBed\u00aeHome rotation' alt='RotoBed rotating bed'  itemprop=\"thumbnailUrl\"   \/><\/div><\/li><li  class=' slide-4 ' ><div data-rel='slideshow-2' class='avia-slide-wrap'  ><img src='https:\/\/rotobed.com\/fr\/wp-content\/uploads\/2020\/01\/81059.jpg' width='3508' height='2595' title='RotoBed\u00aeHome perpendicular exit' alt='rotating bed rotobed care roto bed'  itemprop=\"thumbnailUrl\"   \/><\/div><\/li><li  class=' slide-5 ' ><div data-rel='slideshow-2' class='avia-slide-wrap'  ><img src='https:\/\/rotobed.com\/fr\/wp-content\/uploads\/2020\/01\/81060.jpg' width='3508' height='2595' title='81060' alt=''  itemprop=\"thumbnailUrl\"   \/><\/div><\/li><li  class=' slide-6 ' ><div data-rel='slideshow-2' class='avia-slide-wrap'  ><img src='https:\/\/rotobed.com\/fr\/wp-content\/uploads\/2020\/01\/81063.jpg' width='3508' height='2595' title='RotoBed\u00aeHome' alt='RotoBed\u00aeHome rotating bed'  itemprop=\"thumbnailUrl\"   \/><\/div><\/li><\/ul><div class='avia-slideshow-arrows avia-slideshow-controls'><a href='#prev' class='prev-slide' aria-hidden='true' data-av_icon='\ue87c' data-av_iconfont='entypo-fontello'>Previous<\/a><a href='#next' class='next-slide' aria-hidden='true' data-av_icon='\ue87d' data-av_iconfont='entypo-fontello'>Next<\/a><\/div><div class='avia-slideshow-dots avia-slideshow-controls'><a href='#1' class='goto-slide active' >1<\/a><a href='#2' class='goto-slide ' >2<\/a><a href='#3' class='goto-slide ' >3<\/a><a href='#4' class='goto-slide ' >4<\/a><a href='#5' class='goto-slide ' >5<\/a><a href='#6' class='goto-slide ' >6<\/a><\/div><\/div><br \/>\n<section class=\"av_textblock_section \"  itemscope=\"itemscope\" itemtype=\"https:\/\/schema.org\/CreativeWork\" ><div class='avia_textblock  '   itemprop=\"text\" ><p style=\"padding-left: 60px;\"><strong>Croquis du lit en position de rotation<\/strong><\/p>\n<\/div><\/section><br \/>\n<div class='avia-image-container  av-styling-    avia-align-center '  itemprop=\"ImageObject\" itemscope=\"itemscope\" itemtype=\"https:\/\/schema.org\/ImageObject\"  ><div class='avia-image-container-inner'><img class='avia_image ' src='https:\/\/rotobed.com\/fr\/wp-content\/uploads\/2020\/03\/Home-skitse-med-st\u00f8rre-m\u00e5l-195x300.jpg' alt='rotobed v\u00e5rdseng vrid' title='RotoBed\u00aeHome skiss'   itemprop=\"thumbnailUrl\"  \/><\/div><\/div><\/p><\/div>\n<div class=\"flex_column av_one_third  flex_column_div av-zero-column-padding   \" style='border-width:4px; border-color:#a59a93; border-style:solid; border-radius:0px; '><article class=\"iconbox iconbox_top main_color    \"  itemscope=\"itemscope\" itemtype=\"https:\/\/schema.org\/CreativeWork\" ><div class=\"iconbox_content\"><header class=\"entry-content-header\"><div class=\"iconbox_icon heading-color \" aria-hidden='true' data-av_icon='\ue81f' data-av_iconfont='entypo-fontello'  ><\/div><h3 class='iconbox_content_title '  itemprop=\"headline\"  >INFORMATIONS TECHNIQUES<\/h3><\/header><div class='iconbox_content_container  '  itemprop=\"text\"  ><p>Hauteur de sortie:\u00a0 40-59 cm<\/p>\n<p>Largeur matelas: 85\/100 cm<\/p>\n<p>Longueur matelas: 205\/215\/225 cm<\/p>\n<p>Bois : placage de ch\u00eane<\/p>\n<p>Poids de l\u2019utilisateur: max 190 kg<\/p>\n<p><strong>Indication de poids<\/strong><\/p>\n<p>T\u00eate de lit: 22 kg<\/p>\n<p>T\u00eate de lit inf\u00e9rieure: 20 kg<\/p>\n<p>Cadre: 104 kg<\/p>\n<p>Poids total: 164 kg<\/p>\n<p>Disponible avec de nombreux<a href=\"https:\/\/rotobed.com\/fr\/rotobed-accessoires\/\">\u00a0<u>accessoires<\/u><\/a><\/p>\n<p><strong>R\u00e9glementations et normes<\/strong><\/p>\n<p>RotoBed\u00aeHome est certifi\u00e9 conforme \u00e0 la norme \u00ab CE \u00bb et r\u00e9pond aux nouvelles normes et prescriptions europ\u00e9ennes suivant le directif 2006\/42\/ef et ISO EN 12100:2011.<\/p>\n<p>Les lits peuvent r\u00e9sister \u00e0 un lavage, approuv\u00e9 par la norme IPX6W.<\/p>\n<p>Moteurs et bo\u00eete de contr\u00f4le de <a href=\"http:\/\/www.linak.fr\">LINAK<\/a>.<\/p>\n<\/div><\/div><footer class=\"entry-footer\"><\/footer><\/article><\/div><div class=\"flex_column av_one_third  flex_column_div av-zero-column-padding   \" style='border-width:4px; border-color:#a59a93; border-style:solid; border-radius:0px; '><section class=\"av_textblock_section \"  itemscope=\"itemscope\" itemtype=\"https:\/\/schema.org\/CreativeWork\" ><div class='avia_textblock  '   itemprop=\"text\" ><p style=\"padding-left: 60px;\"><strong>Emball\u00e9 sur une palette<\/strong><\/p>\n<\/div><\/section><br \/>\n<div class='avia-image-container  av-styling-    avia-align-center '  itemprop=\"ImageObject\" itemscope=\"itemscope\" itemtype=\"https:\/\/schema.org\/ImageObject\"  ><div class='avia-image-container-inner'><img class='avia_image ' src='https:\/\/rotobed.com\/fr\/wp-content\/uploads\/2020\/01\/Skitse-RotoBed\u00aeHome-p\u00e5-palle-210x300.jpg' alt='rotobed lit de soins rotatif transport' title='RotoBed\u00ae transport'   itemprop=\"thumbnailUrl\"  \/><\/div><\/div><\/p><\/div><\/p>\n","protected":false},"excerpt":{"rendered":"","protected":false},"author":2,"featured_media":0,"parent":0,"menu_order":0,"comment_status":"closed","ping_status":"closed","template":"","meta":[],"yoast_head":"<!-- This site is optimized with the Yoast SEO plugin v16.9 - https:\/\/yoast.com\/wordpress\/plugins\/seo\/ -->\n<title>Lit avec rotation: RotoBed Home vous offre mobilit\u00e9 et qualit\u00e9 de vie<\/title>\n<meta name=\"description\" content=\"Le RotoBed\u00aeHome lit avec rotation vous offre plus de dignit\u00e9 et de libert\u00e9. Lit rotatif qui vous aide \u00e0 entrer et sortir du lit en moins d&#039;une minute.\" \/>\n<meta name=\"robots\" content=\"index, follow, max-snippet:-1, max-image-preview:large, max-video-preview:-1\" \/>\n<link rel=\"canonical\" href=\"https:\/\/rotobed.com\/fr\/rotobedhome-lit-avec-rotation\/\" \/>\n<meta property=\"og:locale\" content=\"en_GB\" \/>\n<meta property=\"og:type\" content=\"article\" \/>\n<meta property=\"og:title\" content=\"Lit avec rotation: RotoBed Home vous offre mobilit\u00e9 et qualit\u00e9 de vie\" \/>\n<meta property=\"og:description\" content=\"Le RotoBed\u00aeHome lit avec rotation vous offre plus de dignit\u00e9 et de libert\u00e9. Lit rotatif qui vous aide \u00e0 entrer et sortir du lit en moins d&#039;une minute.\" \/>\n<meta property=\"og:url\" content=\"https:\/\/rotobed.com\/fr\/rotobedhome-lit-avec-rotation\/\" \/>\n<meta property=\"og:site_name\" content=\"RotoBed\" \/>\n<meta property=\"article:modified_time\" content=\"2020-11-18T09:29:22+00:00\" \/>\n<meta name=\"twitter:card\" content=\"summary\" \/>\n<meta name=\"twitter:label1\" content=\"Estimated reading time\" \/>\n\t<meta name=\"twitter:data1\" content=\"10 minutes\" \/>\n<script type=\"application\/ld+json\" class=\"yoast-schema-graph\">{\"@context\":\"https:\/\/schema.org\",\"@graph\":[{\"@type\":\"WebSite\",\"@id\":\"https:\/\/rotobed.com\/fr\/#website\",\"url\":\"https:\/\/rotobed.com\/fr\/\",\"name\":\"RotoBed\",\"description\":\"Rotate life better\",\"potentialAction\":[{\"@type\":\"SearchAction\",\"target\":{\"@type\":\"EntryPoint\",\"urlTemplate\":\"https:\/\/rotobed.com\/fr\/?s={search_term_string}\"},\"query-input\":\"required name=search_term_string\"}],\"inLanguage\":\"en-GB\"},{\"@type\":\"WebPage\",\"@id\":\"https:\/\/rotobed.com\/fr\/rotobedhome-lit-avec-rotation\/#webpage\",\"url\":\"https:\/\/rotobed.com\/fr\/rotobedhome-lit-avec-rotation\/\",\"name\":\"Lit avec rotation: RotoBed Home vous offre mobilit\\u00e9 et qualit\\u00e9 de vie\",\"isPartOf\":{\"@id\":\"https:\/\/rotobed.com\/fr\/#website\"},\"datePublished\":\"2020-03-23T12:16:38+00:00\",\"dateModified\":\"2020-11-18T09:29:22+00:00\",\"description\":\"Le RotoBed\\u00aeHome lit avec rotation vous offre plus de dignit\\u00e9 et de libert\\u00e9. Lit rotatif qui vous aide \\u00e0 entrer et sortir du lit en moins d'une minute.\",\"breadcrumb\":{\"@id\":\"https:\/\/rotobed.com\/fr\/rotobedhome-lit-avec-rotation\/#breadcrumb\"},\"inLanguage\":\"en-GB\",\"potentialAction\":[{\"@type\":\"ReadAction\",\"target\":[\"https:\/\/rotobed.com\/fr\/rotobedhome-lit-avec-rotation\/\"]}]},{\"@type\":\"BreadcrumbList\",\"@id\":\"https:\/\/rotobed.com\/fr\/rotobedhome-lit-avec-rotation\/#breadcrumb\",\"itemListElement\":[{\"@type\":\"ListItem\",\"position\":1,\"name\":\"Hjem\",\"item\":\"https:\/\/rotobed.com\/fr\/\"},{\"@type\":\"ListItem\",\"position\":2,\"name\":\"RotoBed\\u00aeHome FR\"}]}]}<\/script>\n<!-- \/ Yoast SEO plugin. -->","yoast_head_json":{"title":"Lit avec rotation: RotoBed Home vous offre mobilit\u00e9 et qualit\u00e9 de vie","description":"Le RotoBed\u00aeHome lit avec rotation vous offre plus de dignit\u00e9 et de libert\u00e9. Lit rotatif qui vous aide \u00e0 entrer et sortir du lit en moins d'une minute.","robots":{"index":"index","follow":"follow","max-snippet":"max-snippet:-1","max-image-preview":"max-image-preview:large","max-video-preview":"max-video-preview:-1"},"canonical":"https:\/\/rotobed.com\/fr\/rotobedhome-lit-avec-rotation\/","og_locale":"en_GB","og_type":"article","og_title":"Lit avec rotation: RotoBed Home vous offre mobilit\u00e9 et qualit\u00e9 de vie","og_description":"Le RotoBed\u00aeHome lit avec rotation vous offre plus de dignit\u00e9 et de libert\u00e9. Lit rotatif qui vous aide \u00e0 entrer et sortir du lit en moins d'une minute.","og_url":"https:\/\/rotobed.com\/fr\/rotobedhome-lit-avec-rotation\/","og_site_name":"RotoBed","article_modified_time":"2020-11-18T09:29:22+00:00","twitter_card":"summary","twitter_misc":{"Estimated reading time":"10 minutes"},"schema":{"@context":"https:\/\/schema.org","@graph":[{"@type":"WebSite","@id":"https:\/\/rotobed.com\/fr\/#website","url":"https:\/\/rotobed.com\/fr\/","name":"RotoBed","description":"Rotate life better","potentialAction":[{"@type":"SearchAction","target":{"@type":"EntryPoint","urlTemplate":"https:\/\/rotobed.com\/fr\/?s={search_term_string}"},"query-input":"required name=search_term_string"}],"inLanguage":"en-GB"},{"@type":"WebPage","@id":"https:\/\/rotobed.com\/fr\/rotobedhome-lit-avec-rotation\/#webpage","url":"https:\/\/rotobed.com\/fr\/rotobedhome-lit-avec-rotation\/","name":"Lit avec rotation: RotoBed Home vous offre mobilit\u00e9 et qualit\u00e9 de vie","isPartOf":{"@id":"https:\/\/rotobed.com\/fr\/#website"},"datePublished":"2020-03-23T12:16:38+00:00","dateModified":"2020-11-18T09:29:22+00:00","description":"Le RotoBed\u00aeHome lit avec rotation vous offre plus de dignit\u00e9 et de libert\u00e9. Lit rotatif qui vous aide \u00e0 entrer et sortir du lit en moins d'une minute.","breadcrumb":{"@id":"https:\/\/rotobed.com\/fr\/rotobedhome-lit-avec-rotation\/#breadcrumb"},"inLanguage":"en-GB","potentialAction":[{"@type":"ReadAction","target":["https:\/\/rotobed.com\/fr\/rotobedhome-lit-avec-rotation\/"]}]},{"@type":"BreadcrumbList","@id":"https:\/\/rotobed.com\/fr\/rotobedhome-lit-avec-rotation\/#breadcrumb","itemListElement":[{"@type":"ListItem","position":1,"name":"Hjem","item":"https:\/\/rotobed.com\/fr\/"},{"@type":"ListItem","position":2,"name":"RotoBed\u00aeHome FR"}]}]}},"_links":{"self":[{"href":"https:\/\/rotobed.com\/fr\/wp-json\/wp\/v2\/pages\/5963"}],"collection":[{"href":"https:\/\/rotobed.com\/fr\/wp-json\/wp\/v2\/pages"}],"about":[{"href":"https:\/\/rotobed.com\/fr\/wp-json\/wp\/v2\/types\/page"}],"author":[{"embeddable":true,"href":"https:\/\/rotobed.com\/fr\/wp-json\/wp\/v2\/users\/2"}],"replies":[{"embeddable":true,"href":"https:\/\/rotobed.com\/fr\/wp-json\/wp\/v2\/comments?post=5963"}],"version-history":[{"count":24,"href":"https:\/\/rotobed.com\/fr\/wp-json\/wp\/v2\/pages\/5963\/revisions"}],"predecessor-version":[{"id":7392,"href":"https:\/\/rotobed.com\/fr\/wp-json\/wp\/v2\/pages\/5963\/revisions\/7392"}],"wp:attachment":[{"href":"https:\/\/rotobed.com\/fr\/wp-json\/wp\/v2\/media?parent=5963"}],"curies":[{"name":"wp","href":"https:\/\/api.w.org\/{rel}","templated":true}]}}