{"id":6431,"date":"2020-04-01T19:08:33","date_gmt":"2020-04-01T19:08:33","guid":{"rendered":"https:\/\/rotobed.com\/fr\/?page_id=6431"},"modified":"2022-01-03T08:59:58","modified_gmt":"2022-01-03T08:59:58","slug":"politique-de-confidentialite","status":"publish","type":"page","link":"https:\/\/rotobed.com\/fr\/politique-de-confidentialite\/","title":{"rendered":"Politique de confidentialit\u00e9"},"content":{"rendered":"<h2 style=\"text-align: center;\">RotoBed\u00ae ApS<\/h2>\n<h1 style=\"text-align: center;\">Politique de confidentialit\u00e9<\/h1>\n<p><strong>En g\u00e9n\u00e9ral<\/strong><\/p>\n<p>1.1 Cette politique sur le traitement des donn\u00e9es personnelles (&#8220;Politique de confidentialit\u00e9&#8221;) d\u00e9crit comment RotoBed\u00ae ApS (ci-apr\u00e8s RotoBed\u00ae, &#8220;nous&#8221;, &#8220;nos&#8221;, &#8220;nous&#8221;) recueille et traite les informations vous concernant.<\/p>\n<p>1.2 La politique de donn\u00e9es personnelles s&#8217;applique aux donn\u00e9es personnelles que vous nous soumettez ou que nous collectons via le site Web avec le nom de domaine www.rotobed.com et RotoBed\u00ae Facebook.<\/p>\n<p>1.3 RotoBed\u00ae est le contr\u00f4leur de donn\u00e9es pour vos donn\u00e9es personnelles. Toutes les demandes \u00e0 cet \u00e9gard concernant RotoBed\u00ae peuvent \u00eatre effectu\u00e9es via les coordonn\u00e9es figurant sous cl.<\/p>\n<p><strong>Quelles sont les donn\u00e9es personnelles que nous collectons, \u00e0 quelles fins et la base juridique du traitement<\/strong><\/p>\n<p>2.1 Lorsque vous visitez le site Web, nous collectons automatiquement des informations sur vous et votre utilisation du site Web, telles que le type de navigateur que vous utilisez, les termes de recherche que vous utilisez sur le site Web, votre adresse IP, y compris votre emplacement r\u00e9seau, et des informations sur ton ordinateur.<\/p>\n<ul>\n<li>2.1.1 Le but est d&#8217;optimiser l&#8217;exp\u00e9rience utilisateur et la fonction du site Web, ainsi que de mener un marketing cibl\u00e9, y compris le reciblage via Facebook et Google. Ce traitement des informations nous est n\u00e9cessaire pour sauvegarder nos int\u00e9r\u00eats dans l&#8217;am\u00e9lioration du site Internet.<\/li>\n<li>2.1.2 La base juridique du traitement est le r\u00e8glement de l&#8217;UE sur les donn\u00e9es personnelles Art. 1, point f.<\/li>\n<\/ul>\n<p>2.2 Lorsque vous achetez un produit ou communiquez avec nous sur le site Web, nous recueillons les informations que vous fournissez vous-m\u00eame, telles que le nom, l&#8217;adresse, l&#8217;adresse e-mail, le num\u00e9ro de t\u00e9l\u00e9phone, le mode de paiement, les informations sur les produits que vous achetez et que vous avez pu retourner. , les demandes de livraison et les informations sur l&#8217;adresse IP \u00e0 partir de laquelle la commande a \u00e9t\u00e9 pass\u00e9e.<\/p>\n<ul>\n<li>2.2.1 Le but est pour nous de livrer les produits que vous avez command\u00e9s et de respecter notre accord avec vous, y compris pour \u00eatre en mesure de g\u00e9rer vos droits de retour et de publicit\u00e9. Nous pouvons \u00e9galement traiter les informations relatives \u00e0 vos achats pour nous conformer aux exigences r\u00e9glementaires, y compris la comptabilit\u00e9. Lors de l&#8217;achat, l&#8217;adresse IP est collect\u00e9e \u00e0 cette fin et pour prot\u00e9ger notre int\u00e9r\u00eat \u00e0 pr\u00e9venir la fraude.<\/li>\n<li>2.2.2 La base juridique du traitement est le r\u00e8glement de l&#8217;UE sur les donn\u00e9es personnelles Art. 1 b), c) et f).<\/li>\n<\/ul>\n<p><strong>Destinataires des informations personnelles<\/strong><\/p>\n<p>3.1 Les informations concernant votre nom, adresse, e-mail, num\u00e9ro de t\u00e9l\u00e9phone et num\u00e9ro de commande ainsi que les demandes de livraison sp\u00e9cifiques seront transmises au transporteur responsable de la livraison des marchandises achet\u00e9es. Pour les confirmations de commandes et la facturation, nous utilisons le syst\u00e8me financier \u00abE-conomic\u00bb. RotoBed\u00ae a conclu un accord de traitement des donn\u00e9es avec E-conomic et vos dates ne seront pas divulgu\u00e9es \u00e0 des tiers.<\/p>\n<p><strong>Vos droits<\/strong><\/p>\n<p>4.1 Afin de cr\u00e9er une transparence sur le traitement de vos informations, nous, en tant que responsable du traitement, devons vous informer de vos droits.<\/p>\n<p>4.2 Droit de regard<\/p>\n<ul>\n<li>4.2.1 Vous avez le droit \u00e0 tout moment de nous demander des informations, entre autres, quelles informations nous avons enregistr\u00e9es \u00e0 votre sujet, \u00e0 quoi sert l&#8217;enregistrement, quelles cat\u00e9gories de donn\u00e9es personnelles et destinataires d&#8217;informations peuvent y avoir, ainsi que des informations d&#8217;o\u00f9 provient l&#8217;information.<\/li>\n<li>4.2.2 Vous avez le droit de recevoir une copie des donn\u00e9es personnelles que nous traitons \u00e0 votre sujet. Si vous souhaitez une copie de vos informations personnelles, envoyez une demande \u00e9crite \u00e0 <a href=\"mailto:info@rotobed.com\">info@rotobed.com<\/a>. On peut vous demander de documenter que vous \u00eates la personne que vous pr\u00e9tendez \u00eatre.<\/li>\n<\/ul>\n<p>4.3 Le droit de rectification<\/p>\n<ul>\n<li>4.3.1 Vous avez le droit de faire corriger nos informations personnelles incorrectes vous concernant. Si vous constatez qu&#8217;il y a une erreur dans les informations que nous avons enregistr\u00e9es \u00e0 votre sujet, nous vous encourageons \u00e0 nous contacter par \u00e9crit afin que les informations puissent \u00eatre corrig\u00e9es.<\/li>\n<\/ul>\n<p>4.4 Le droit de supprimer<\/p>\n<ul>\n<li>4.4.1 Dans certains cas, vous avez le droit de supprimer tout ou partie de vos donn\u00e9es personnelles, par exemple si vous r\u00e9voquez votre consentement et que nous n&#8217;avons aucune autre base l\u00e9gale pour poursuivre le traitement. Dans la mesure o\u00f9 un traitement continu de vos informations est n\u00e9cessaire, par ex. pour que nous respections nos obligations l\u00e9gales, ou pour que des r\u00e9clamations l\u00e9gales soient \u00e9tablies, appliqu\u00e9es ou d\u00e9fendues, nous ne sommes pas tenus de supprimer vos donn\u00e9es personnelles.<\/li>\n<\/ul>\n<p>4.5 Le droit de limiter le traitement au stockage<\/p>\n<ul>\n<li>4.5.1 Dans certains cas, vous avez le droit de limiter le traitement de vos donn\u00e9es personnelles au stockage uniquement, par exemple si vous pensez que les informations que nous traitons \u00e0 votre sujet sont incorrectes.<\/li>\n<\/ul>\n<p>4.6 Le droit \u00e0 la portabilit\u00e9 des donn\u00e9es<\/p>\n<ul>\n<li>4.6.1 Dans certains cas, vous avez le droit d&#8217;avoir les donn\u00e9es personnelles que vous nous avez fournies vous-m\u00eame, fournies dans un format structur\u00e9, couramment utilis\u00e9 et lisible par machine et vous avez le droit de transf\u00e9rer ces informations \u00e0 un autre responsable du traitement.<\/li>\n<\/ul>\n<p>4.7 Le droit d&#8217;opposition<\/p>\n<ul>\n<li>4.7.1 Vous avez le droit \u00e0 tout moment de vous opposer \u00e0 notre traitement de vos donn\u00e9es personnelles.<\/li>\n<li>4.7.2 Vous avez \u00e9galement le droit, \u00e0 tout moment, pour des raisons li\u00e9es \u00e0 votre situation personnelle, de vous opposer au traitement de vos donn\u00e9es personnelles que nous entreprenons sur la base de nos int\u00e9r\u00eats l\u00e9gitimes, cf. section. 2.1 et 2.3.<\/li>\n<\/ul>\n<p>4.8 Le droit de retirer son consentement<\/p>\n<ul>\n<li>4.8.1 Vous avez le droit \u00e0 tout moment de r\u00e9voquer le consentement que vous nous avez donn\u00e9 pour tout traitement donn\u00e9 de donn\u00e9es personnelles. Si vous souhaitez retirer votre consentement, veuillez nous contacter \u00e0 info@rotobed.com.<\/li>\n<\/ul>\n<p>4.9 Le droit de porter plainte<\/p>\n<ul>\n<li>4.9.1 Vous avez le droit \u00e0 tout moment de d\u00e9poser une r\u00e9clamation aupr\u00e8s de &#8220;Datatilsynet&#8221; (l&#8217;Inspection des donn\u00e9es, Borgergade 28, 5, DK-1300 K\u00f8benhavn K) concernant notre traitement de vos donn\u00e9es personnelles. La plainte peut, entre autres, \u00eatre d\u00e9pos\u00e9e par courrier \u00e0 <a href=\"mailto:dt@datatilsynet.dk\">dt@datatilsynet.dk<\/a> ou par t\u00e9l\u00e9phone au +45 33 19 32 00.<\/li>\n<\/ul>\n<p><strong>Suppression de donn\u00e9es personnelles<\/strong><\/p>\n<p>5.1 Informations collect\u00e9es sur votre utilisation du site Internet, cf. section. 2.1. est supprim\u00e9 au plus tard lorsque vous n&#8217;avez pas utilis\u00e9 le site Internet depuis 2 ans.<\/p>\n<p>5.2 Informations collect\u00e9es dans le cadre des achats effectu\u00e9s sur le site Internet, cf. section. 2.2 sera, en r\u00e8gle g\u00e9n\u00e9rale, supprim\u00e9 3 ans apr\u00e8s la fin de l&#8217;ann\u00e9e civile au cours de laquelle vous avez effectu\u00e9 votre achat. Cependant, les informations peuvent \u00eatre stock\u00e9es pendant une p\u00e9riode plus longue si nous avons un besoin l\u00e9gitime de stockage plus long, par exemple si cela est n\u00e9cessaire pour que les r\u00e9clamations l\u00e9gales soient d\u00e9termin\u00e9es, appliqu\u00e9es ou d\u00e9fendues, ou si le stockage est n\u00e9cessaire pour que nous respections les dispositions l\u00e9gales. exigences. Le mat\u00e9riel comptable est conserv\u00e9 pendant 5 ans jusqu&#8217;\u00e0 la fin d&#8217;un exercice pour r\u00e9pondre aux exigences de la loi sur la comptabilit\u00e9.<\/p>\n<p><strong>S\u00e9curit\u00e9<\/strong><\/p>\n<p>6.1 Nous avons pris les mesures de s\u00e9curit\u00e9 techniques et organisationnelles appropri\u00e9es contre la destruction, la perte, l&#8217;alt\u00e9ration ou la d\u00e9t\u00e9rioration accidentelles ou ill\u00e9gales des donn\u00e9es personnelles et contre la connaissance ou l&#8217;utilisation abusive de personnes non autoris\u00e9es.<\/p>\n<p>6.2 Seuls les employ\u00e9s qui ont un r\u00e9el besoin d&#8217;acc\u00e9der \u00e0 vos donn\u00e9es personnelles pour effectuer leur travail y auront acc\u00e8s.<\/p>\n<p><strong>Coordonn\u00e9es<\/strong><\/p>\n<p>7.1 RotoBed\u00ae ApS est le responsable du traitement des donn\u00e9es personnelles collect\u00e9es via le site Web.<\/p>\n<p>7.2 Si vous avez des questions ou des commentaires sur cette politique de confidentialit\u00e9, ou si vous souhaitez faire usage d&#8217;un ou plusieurs de vos droits d\u00e9crits dans la section 4, veuillez contacter:<\/p>\n<p>RotoBed\u00ae Aps<br \/>\nStoregade 44<br \/>\nDK- 640 Lunderskov<\/p>\n<p>T\u00e9l. n \u00b0: + 45 7550 5025<\/p>\n<p>Courriel: <a href=\"mailto:info@rotobed.dk\">info@rotobed.dk<\/a><\/p>\n<p><strong>Modifications de la politique de confidentialit\u00e9<\/strong><\/p>\n<p>8.1 Si des modifications sont apport\u00e9es \u00e0 notre politique de confidentialit\u00e9, elle sera mise \u00e0 jour et vous pouvez toujours trouver la derni\u00e8re version sur le site Web sous &#8220;Conditions&#8221; &#8211; &#8220;Politique de confidentialit\u00e9&#8221;.<\/p>\n<p><strong>Versions<\/strong><\/p>\n<p>Ceci est la version 1.0 de la politique de confidentialit\u00e9 de RotoBed\u00ae du 14\/03\/2020<\/p>\n<p>&nbsp;<\/p>\n","protected":false},"excerpt":{"rendered":"<p>RotoBed\u00ae ApS Politique de confidentialit\u00e9 En g\u00e9n\u00e9ral 1.1 Cette politique sur le traitement des donn\u00e9es personnelles (&#8220;Politique de confidentialit\u00e9&#8221;) d\u00e9crit comment RotoBed\u00ae ApS (ci-apr\u00e8s RotoBed\u00ae, &#8220;nous&#8221;, &#8220;nos&#8221;, &#8220;nous&#8221;) recueille et traite les informations vous concernant. 1.2 La politique de donn\u00e9es personnelles s&#8217;applique aux donn\u00e9es personnelles que vous nous soumettez ou que nous collectons via le [&hellip;]<\/p>\n","protected":false},"author":1,"featured_media":0,"parent":0,"menu_order":0,"comment_status":"closed","ping_status":"closed","template":"","meta":[],"yoast_head":"<!-- This site is optimized with the Yoast SEO plugin v16.9 - https:\/\/yoast.com\/wordpress\/plugins\/seo\/ -->\n<title>Politique de confidentialit\u00e9 - RotoBed lit rotatif lit m\u00e9dicalis\u00e9 lit de soins<\/title>\n<meta name=\"description\" content=\"Politique de confidentialit\u00e9 de Rotobed. Rotobed respecte votre vie priv\u00e9e et prot\u00e8ge toutes les donn\u00e9es lors de la vente de notre lit rotatif unique.\" \/>\n<meta name=\"robots\" content=\"index, follow, max-snippet:-1, max-image-preview:large, max-video-preview:-1\" \/>\n<link rel=\"canonical\" href=\"https:\/\/rotobed.com\/fr\/politique-de-confidentialite\/\" \/>\n<meta property=\"og:locale\" content=\"en_GB\" \/>\n<meta property=\"og:type\" content=\"article\" \/>\n<meta property=\"og:title\" content=\"Politique de confidentialit\u00e9 - RotoBed lit rotatif lit m\u00e9dicalis\u00e9 lit de soins\" \/>\n<meta property=\"og:description\" content=\"Politique de confidentialit\u00e9 de Rotobed. Rotobed respecte votre vie priv\u00e9e et prot\u00e8ge toutes les donn\u00e9es lors de la vente de notre lit rotatif unique.\" \/>\n<meta property=\"og:url\" content=\"https:\/\/rotobed.com\/fr\/politique-de-confidentialite\/\" \/>\n<meta property=\"og:site_name\" content=\"RotoBed\" \/>\n<meta property=\"article:modified_time\" content=\"2022-01-03T08:59:58+00:00\" \/>\n<meta name=\"twitter:card\" content=\"summary\" \/>\n<meta name=\"twitter:label1\" content=\"Estimated reading time\" \/>\n\t<meta name=\"twitter:data1\" content=\"6 minutes\" \/>\n<script type=\"application\/ld+json\" class=\"yoast-schema-graph\">{\"@context\":\"https:\/\/schema.org\",\"@graph\":[{\"@type\":\"WebSite\",\"@id\":\"https:\/\/rotobed.com\/fr\/#website\",\"url\":\"https:\/\/rotobed.com\/fr\/\",\"name\":\"RotoBed\",\"description\":\"Rotate life better\",\"potentialAction\":[{\"@type\":\"SearchAction\",\"target\":{\"@type\":\"EntryPoint\",\"urlTemplate\":\"https:\/\/rotobed.com\/fr\/?s={search_term_string}\"},\"query-input\":\"required name=search_term_string\"}],\"inLanguage\":\"en-GB\"},{\"@type\":\"WebPage\",\"@id\":\"https:\/\/rotobed.com\/fr\/politique-de-confidentialite\/#webpage\",\"url\":\"https:\/\/rotobed.com\/fr\/politique-de-confidentialite\/\",\"name\":\"Politique de confidentialit\\u00e9 - RotoBed lit rotatif lit m\\u00e9dicalis\\u00e9 lit de soins\",\"isPartOf\":{\"@id\":\"https:\/\/rotobed.com\/fr\/#website\"},\"datePublished\":\"2020-04-01T19:08:33+00:00\",\"dateModified\":\"2022-01-03T08:59:58+00:00\",\"description\":\"Politique de confidentialit\\u00e9 de Rotobed. Rotobed respecte votre vie priv\\u00e9e et prot\\u00e8ge toutes les donn\\u00e9es lors de la vente de notre lit rotatif unique.\",\"breadcrumb\":{\"@id\":\"https:\/\/rotobed.com\/fr\/politique-de-confidentialite\/#breadcrumb\"},\"inLanguage\":\"en-GB\",\"potentialAction\":[{\"@type\":\"ReadAction\",\"target\":[\"https:\/\/rotobed.com\/fr\/politique-de-confidentialite\/\"]}]},{\"@type\":\"BreadcrumbList\",\"@id\":\"https:\/\/rotobed.com\/fr\/politique-de-confidentialite\/#breadcrumb\",\"itemListElement\":[{\"@type\":\"ListItem\",\"position\":1,\"name\":\"Hjem\",\"item\":\"https:\/\/rotobed.com\/fr\/\"},{\"@type\":\"ListItem\",\"position\":2,\"name\":\"Politique de confidentialit\\u00e9\"}]}]}<\/script>\n<!-- \/ Yoast SEO plugin. -->","yoast_head_json":{"title":"Politique de confidentialit\u00e9 - RotoBed lit rotatif lit m\u00e9dicalis\u00e9 lit de soins","description":"Politique de confidentialit\u00e9 de Rotobed. Rotobed respecte votre vie priv\u00e9e et prot\u00e8ge toutes les donn\u00e9es lors de la vente de notre lit rotatif unique.","robots":{"index":"index","follow":"follow","max-snippet":"max-snippet:-1","max-image-preview":"max-image-preview:large","max-video-preview":"max-video-preview:-1"},"canonical":"https:\/\/rotobed.com\/fr\/politique-de-confidentialite\/","og_locale":"en_GB","og_type":"article","og_title":"Politique de confidentialit\u00e9 - RotoBed lit rotatif lit m\u00e9dicalis\u00e9 lit de soins","og_description":"Politique de confidentialit\u00e9 de Rotobed. Rotobed respecte votre vie priv\u00e9e et prot\u00e8ge toutes les donn\u00e9es lors de la vente de notre lit rotatif unique.","og_url":"https:\/\/rotobed.com\/fr\/politique-de-confidentialite\/","og_site_name":"RotoBed","article_modified_time":"2022-01-03T08:59:58+00:00","twitter_card":"summary","twitter_misc":{"Estimated reading time":"6 minutes"},"schema":{"@context":"https:\/\/schema.org","@graph":[{"@type":"WebSite","@id":"https:\/\/rotobed.com\/fr\/#website","url":"https:\/\/rotobed.com\/fr\/","name":"RotoBed","description":"Rotate life better","potentialAction":[{"@type":"SearchAction","target":{"@type":"EntryPoint","urlTemplate":"https:\/\/rotobed.com\/fr\/?s={search_term_string}"},"query-input":"required name=search_term_string"}],"inLanguage":"en-GB"},{"@type":"WebPage","@id":"https:\/\/rotobed.com\/fr\/politique-de-confidentialite\/#webpage","url":"https:\/\/rotobed.com\/fr\/politique-de-confidentialite\/","name":"Politique de confidentialit\u00e9 - RotoBed lit rotatif lit m\u00e9dicalis\u00e9 lit de soins","isPartOf":{"@id":"https:\/\/rotobed.com\/fr\/#website"},"datePublished":"2020-04-01T19:08:33+00:00","dateModified":"2022-01-03T08:59:58+00:00","description":"Politique de confidentialit\u00e9 de Rotobed. Rotobed respecte votre vie priv\u00e9e et prot\u00e8ge toutes les donn\u00e9es lors de la vente de notre lit rotatif unique.","breadcrumb":{"@id":"https:\/\/rotobed.com\/fr\/politique-de-confidentialite\/#breadcrumb"},"inLanguage":"en-GB","potentialAction":[{"@type":"ReadAction","target":["https:\/\/rotobed.com\/fr\/politique-de-confidentialite\/"]}]},{"@type":"BreadcrumbList","@id":"https:\/\/rotobed.com\/fr\/politique-de-confidentialite\/#breadcrumb","itemListElement":[{"@type":"ListItem","position":1,"name":"Hjem","item":"https:\/\/rotobed.com\/fr\/"},{"@type":"ListItem","position":2,"name":"Politique de confidentialit\u00e9"}]}]}},"_links":{"self":[{"href":"https:\/\/rotobed.com\/fr\/wp-json\/wp\/v2\/pages\/6431"}],"collection":[{"href":"https:\/\/rotobed.com\/fr\/wp-json\/wp\/v2\/pages"}],"about":[{"href":"https:\/\/rotobed.com\/fr\/wp-json\/wp\/v2\/types\/page"}],"author":[{"embeddable":true,"href":"https:\/\/rotobed.com\/fr\/wp-json\/wp\/v2\/users\/1"}],"replies":[{"embeddable":true,"href":"https:\/\/rotobed.com\/fr\/wp-json\/wp\/v2\/comments?post=6431"}],"version-history":[{"count":8,"href":"https:\/\/rotobed.com\/fr\/wp-json\/wp\/v2\/pages\/6431\/revisions"}],"predecessor-version":[{"id":7476,"href":"https:\/\/rotobed.com\/fr\/wp-json\/wp\/v2\/pages\/6431\/revisions\/7476"}],"wp:attachment":[{"href":"https:\/\/rotobed.com\/fr\/wp-json\/wp\/v2\/media?parent=6431"}],"curies":[{"name":"wp","href":"https:\/\/api.w.org\/{rel}","templated":true}]}}